{"id":83,"date":"2025-11-10T16:52:08","date_gmt":"2025-11-10T08:52:08","guid":{"rendered":"https:\/\/www.lxbchip.com\/?post_type=product&#038;p=83"},"modified":"2026-01-29T17:50:08","modified_gmt":"2026-01-29T09:50:08","slug":"xc4vsx55-11ffg1148c","status":"publish","type":"product","link":"https:\/\/www.lxbchip.com\/vi\/products\/xc4vsx55-11ffg1148c\/","title":{"rendered":"XC4VSX55-11FFG1148C"},"content":{"rendered":"<table id=\"table_1\" class=\"scroll display nowrap data-t data-t wpDataTable wpDataTableID-8 dataTable\" data-described-by=\"table_1_desc\" data-wpdatatable_id=\"8\" aria-describedby=\"table_1_info\">\n<thead>\n<tr>\n<th class=\"wdtheader sort expand column-modelpn sorting\" tabindex=\"0\" colspan=\"1\" rowspan=\"1\" data-class=\"expand\" aria-controls=\"table_1\" aria-label=\"M\u1eabu P\/N ch\u01b0a \u0111\u01b0\u1ee3c x\u00e1c \u0111\u1ecbnh\"><span style=\"vertical-align: inherit;\"><span style=\"vertical-align: inherit;\">M\u1eabu s\u1ed1 Ph\u1ee5 t\u00f9ng s\u1ed1<\/span><\/span><\/th>\n<th class=\"wdtheader sort column-series sorting\" tabindex=\"0\" colspan=\"1\" rowspan=\"1\" aria-controls=\"table_1\" aria-label=\"D\u00e3y ch\u01b0a \u0111\u01b0\u1ee3c \u0111\u1ecbnh ngh\u0129a\"><span style=\"vertical-align: inherit;\"><span style=\"vertical-align: inherit;\">B\u1ed9 s\u01b0u t\u1eadp<\/span><\/span><\/th>\n<th class=\"wdtheader sort numdata float column-numberoflabsclbs sorting\" tabindex=\"0\" colspan=\"1\" rowspan=\"1\" aria-controls=\"table_1\" aria-label=\"LAB\/CLB S\u1ed1 l\u01b0\u1ee3ng ch\u01b0a \u0111\u01b0\u1ee3c x\u00e1c \u0111\u1ecbnh\"><span style=\"vertical-align: inherit;\"><span style=\"vertical-align: inherit;\">S\u1ed1 l\u01b0\u1ee3ng ph\u00f2ng th\u00ed nghi\u1ec7m\/CLBS<\/span><\/span><\/th>\n<th class=\"wdtheader sort numdata float column-speedgrade sorting\" tabindex=\"0\" colspan=\"1\" rowspan=\"1\" aria-controls=\"table_1\" aria-label=\"C\u1ea5p \u0111\u1ed9 t\u1ed1c \u0111\u1ed9undefined\"><span style=\"vertical-align: inherit;\"><span style=\"vertical-align: inherit;\">C\u1ea5p \u0111\u1ed9 t\u1ed1c \u0111\u1ed9<\/span><\/span><\/th>\n<th class=\"wdtheader sort column-numberoflogicelementscells sorting sorting_asc\" tabindex=\"0\" colspan=\"1\" rowspan=\"1\" aria-controls=\"table_1\" aria-label=\"S\u1ed1 l\u01b0\u1ee3ng c\u00e1c th\u00e0nh ph\u1ea7n\/\u0111\u01a1n v\u1ecb logic: ch\u01b0a x\u00e1c \u0111\u1ecbnh\" aria-sort=\"ascending\"><span style=\"vertical-align: inherit;\"><span style=\"vertical-align: inherit;\">S\u1ed1 l\u01b0\u1ee3ng c\u00e1c th\u00e0nh ph\u1ea7n\/\u0111\u01a1n v\u1ecb logic<\/span><\/span><\/th>\n<th class=\"wdtheader sort column-totalrambits sorting\" tabindex=\"0\" colspan=\"1\" rowspan=\"1\" aria-controls=\"table_1\" aria-label=\"T\u1ed5ng dung l\u01b0\u1ee3ng RAM ch\u01b0a \u0111\u01b0\u1ee3c \u0111\u1ecbnh ngh\u0129a\"><span style=\"vertical-align: inherit;\"><span style=\"vertical-align: inherit;\">T\u1ed5ng s\u1ed1 bit RAM<\/span><\/span><\/th>\n<th class=\"wdtheader sort numdata integer column-numberofio sorting\" tabindex=\"0\" colspan=\"1\" rowspan=\"1\" aria-controls=\"table_1\" aria-label=\"I\/S\u1ed1 l\u01b0\u1ee3ng ch\u01b0a x\u00e1c \u0111\u1ecbnh\"><span style=\"vertical-align: inherit;\"><span style=\"vertical-align: inherit;\">S\u1ed1 l\u01b0\u1ee3ng I\/O<\/span><\/span><\/th>\n<th class=\"wdtheader sort column-voltagesupply sorting\" tabindex=\"0\" colspan=\"1\" rowspan=\"1\" aria-controls=\"table_1\" aria-label=\"\u0110i\u1ec7n \u00e1p - Ngu\u1ed3n \u0111i\u1ec7n ch\u01b0a \u0111\u01b0\u1ee3c x\u00e1c \u0111\u1ecbnh\"><span style=\"vertical-align: inherit;\"><span style=\"vertical-align: inherit;\">\u0110i\u1ec7n \u00e1p \u2013 Ngu\u1ed3n \u0111i\u1ec7n<\/span><\/span><\/th>\n<th class=\"wdtheader sort column-mountingtype sorting\" tabindex=\"0\" colspan=\"1\" rowspan=\"1\" aria-controls=\"table_1\" aria-label=\"Lo\u1ea1i c\u00e0i \u0111\u1eb7t ch\u01b0a \u0111\u01b0\u1ee3c x\u00e1c \u0111\u1ecbnh\"><span style=\"vertical-align: inherit;\"><span style=\"vertical-align: inherit;\">Lo\u1ea1i c\u00e0i \u0111\u1eb7t<\/span><\/span><\/th>\n<th class=\"wdtheader sort column-operatingtemperature sorting\" tabindex=\"0\" colspan=\"1\" rowspan=\"1\" aria-controls=\"table_1\" aria-label=\"Nhi\u1ec7t \u0111\u1ed9 l\u00e0m vi\u1ec7c kh\u00f4ng x\u00e1c \u0111\u1ecbnh\"><span style=\"vertical-align: inherit;\"><span style=\"vertical-align: inherit;\">Nhi\u1ec7t \u0111\u1ed9 l\u00e0m vi\u1ec7c<\/span><\/span><\/th>\n<th class=\"wdtheader sort column-packagecase sorting\" tabindex=\"0\" colspan=\"1\" rowspan=\"1\" aria-controls=\"table_1\" aria-label=\"V\u1ecf\/bao b\u00ec ch\u01b0a \u0111\u01b0\u1ee3c \u0111\u1ecbnh ngh\u0129a\"><span style=\"vertical-align: inherit;\"><span style=\"vertical-align: inherit;\">\u0110\u00f3ng g\u00f3i\/H\u1ed9p<\/span><\/span><\/th>\n<th class=\"wdtheader sort column-supplierdevicepackage sorting\" tabindex=\"0\" colspan=\"1\" rowspan=\"1\" aria-controls=\"table_1\" aria-label=\"Thi\u1ebft b\u1ecb \u0111\u00f3ng g\u00f3i c\u1ee7a nh\u00e0 cung c\u1ea5p (undefined)\"><span style=\"vertical-align: inherit;\"><span style=\"vertical-align: inherit;\">G\u00f3i thi\u1ebft b\u1ecb c\u1ee7a nh\u00e0 cung c\u1ea5p<\/span><\/span><\/th>\n<\/tr>\n<\/thead>\n<tbody>\n<tr class=\"odd\">\n<td class=\"expand column-modelpn\"><span style=\"vertical-align: inherit;\"><span style=\"vertical-align: inherit;\">XC4VSX55\u200b\u200b-11FFG1148C<\/span><\/span><\/td>\n<td class=\"column-series\"><span style=\"vertical-align: inherit;\"><span style=\"vertical-align: inherit;\">Virtex-4 SX<\/span><\/span><\/td>\n<td class=\"numdata float column-numberoflabsclbs\"><span style=\"vertical-align: inherit;\"><span style=\"vertical-align: inherit;\">6,91<\/span><\/span><\/td>\n<td class=\"numdata float column-speedgrade\"><span style=\"vertical-align: inherit;\"><span style=\"vertical-align: inherit;\">-11,00<\/span><\/span><\/td>\n<td class=\"column-numberoflogicelementscells sorting_1\"><span style=\"vertical-align: inherit;\"><span style=\"vertical-align: inherit;\">55.296 \u0111\u01a1n v\u1ecb logic<\/span><\/span><\/td>\n<td class=\"column-totalrambits\"><span style=\"vertical-align: inherit;\"><span style=\"vertical-align: inherit;\">4.608 kilobit<\/span><\/span><\/td>\n<td class=\"numdata integer column-numberofio\"><span style=\"vertical-align: inherit;\"><span style=\"vertical-align: inherit;\">Ch\u01b0\u01a1ng 576<\/span><\/span><\/td>\n<td class=\"column-voltagesupply\"><span style=\"vertical-align: inherit;\"><span style=\"vertical-align: inherit;\">1,14 V \u0111\u1ebfn 1,26 V<\/span><\/span><\/td>\n<td class=\"column-mountingtype\"><span style=\"vertical-align: inherit;\"><span style=\"vertical-align: inherit;\">Lo\u1ea1i d\u00e1n<\/span><\/span><\/td>\n<td class=\"column-operatingtemperature\"><span style=\"vertical-align: inherit;\"><span style=\"vertical-align: inherit;\">Th\u01b0\u01a1ng m\u1ea1i (0\u00b0C ~ +85\u00b0C)<\/span><\/span><\/td>\n<td class=\"column-packagecase\"><span style=\"vertical-align: inherit;\"><span style=\"vertical-align: inherit;\">1148-BGA<\/span><\/span><\/td>\n<td class=\"column-supplierdevicepackage\"><span style=\"vertical-align: inherit;\"><span style=\"vertical-align: inherit;\">FFG1148<\/span><\/span><\/td>\n<\/tr>\n<\/tbody>\n<\/table>\n<p>XC4VSX55-11FFG1148C Xilinx Virtex-4 SX FPGA \u2013 DSP-Focused High-Performance Solution<\/p>\n<p>The XC4VSX55-11FFG1148C is a high-performance FPGA from Xilinx\u2019s Virtex-4 SX (Signal Processing) family, designed specifically for applications that require intensive DSP processing rather than just large logic capacity.<\/p>\n<p>Unlike the LX series, the SX series is optimized around high-density DSP48 slices, making this device a strong choice for engineers working on real-time signal processing, wireless communication systems, and high-throughput data pipelines.<\/p>\n<p data-start=\"723\" data-end=\"751\"><strong>Key Technical Highlights<\/strong><\/p>\n<ul data-start=\"753\" data-end=\"1108\">\n<li data-start=\"753\" data-end=\"793\">\n<p data-start=\"755\" data-end=\"793\"><strong data-start=\"755\" data-end=\"771\">Part Number:<\/strong> XC4VSX55-11FFG1148C<\/p>\n<\/li>\n<li data-start=\"794\" data-end=\"835\">\n<p data-start=\"796\" data-end=\"835\"><strong data-start=\"796\" data-end=\"807\">Family:<\/strong> Xilinx Virtex-4 SX Series<\/p>\n<\/li>\n<li data-start=\"836\" data-end=\"891\">\n<p data-start=\"838\" data-end=\"891\"><strong data-start=\"838\" data-end=\"854\">\u0110\u00e1nh gi\u00e1 t\u1ed1c \u0111\u1ed9:<\/strong> -11 (High-speed performance class)<\/p>\n<\/li>\n<li data-start=\"892\" data-end=\"942\">\n<p data-start=\"894\" data-end=\"942\"><strong data-start=\"894\" data-end=\"906\">G\u00f3i:<\/strong> FFG1148 (1148-ball Flip-Chip BGA)<\/p>\n<\/li>\n<li data-start=\"943\" data-end=\"995\">\n<p data-start=\"945\" data-end=\"995\"><strong data-start=\"945\" data-end=\"967\">Temperature Grade:<\/strong> Th\u01b0\u01a1ng m\u1ea1i (0\u00b0C \u0111\u1ebfn +85\u00b0C)<\/p>\n<\/li>\n<li data-start=\"996\" data-end=\"1043\">\n<p data-start=\"998\" data-end=\"1043\"><strong data-start=\"998\" data-end=\"1016\">DSP Resources:<\/strong> High DSP48 slice density<\/p>\n<\/li>\n<li data-start=\"1044\" data-end=\"1108\">\n<p data-start=\"1046\" data-end=\"1108\"><strong data-start=\"1046\" data-end=\"1065\">I\/O Capability:<\/strong> High pin count for complex board designs<\/p>\n<\/li>\n<\/ul>\n<p><strong>\u1ee8ng d\u1ee5ng \u0111i\u1ec3n h\u00ecnh<\/strong><\/p>\n<ul>\n<li>In real engineering deployments, the XC4VSX55-11FFG1148C is commonly used in:<\/li>\n<li>Wireless baseband processing systems<\/li>\n<li>C\u00e1c n\u1ec1n t\u1ea3ng radio \u0111\u1ecbnh ngh\u0129a b\u1eb1ng ph\u1ea7n m\u1ec1m (SDR)<\/li>\n<li>Radar and sonar signal processing<\/li>\n<li>Industrial vision and machine vision systems<\/li>\n<li>Medical imaging equipment<\/li>\n<li>High-speed data acquisition (DAQ) cards<\/li>\n<li>Video processing and compression modules<\/li>\n<li>For teams running heavy multiply-accumulate workloads, this device offers efficient DSP performance without wasting logic resources.<\/li>\n<\/ul>\n<p data-start=\"2139\" data-end=\"2171\"><strong>Supply and Procurement Notes<\/strong><\/p>\n<p data-start=\"2173\" data-end=\"2333\">The XC4VSX55-11FFG1148C is classified as a <strong data-start=\"2216\" data-end=\"2242\">legacy \/ EOL component<\/strong>, but it is still widely required in industrial, telecom, and defense maintenance programs.<\/p>\n<p data-start=\"2173\" data-end=\"2333\">\ud83d\udce9<a href=\"https:\/\/www.lxbchip.com\/vi\/contact-us\/\">\u00a0Li\u00ean h\u1ec7 v\u1edbi LXB Semicon<\/a>\u00a0for availability, pricing, and technical support.<\/p>","protected":false},"excerpt":{"rendered":"<p><strong>Nh\u00e0 s\u1ea3n xu\u1ea5t:<\/strong> AMD \/ Xilinx<br \/>\n<strong>T\u1ebf b\u00e0o logic:<\/strong> 55,296<br \/>\n<strong>C\u00e1c l\u00e1t c\u1eaft logic:<\/strong> 6,144<br \/>\n<strong>B\u1ed9 nh\u1edb RAM t\u00edch h\u1ee3p (eRAM):<\/strong> 5.898.240 bit<br \/>\n<strong>G\u00f3i:<\/strong> FCPBGA-1148 (35 \u00d7 35 mm)<br \/>\n<strong>Nhi\u1ec7t \u0111\u1ed9 ho\u1ea1t \u0111\u1ed9ng:<\/strong>0\u00b0C \u0111\u1ebfn +85\u00b0C (D\u00f9ng trong th\u01b0\u01a1ng m\u1ea1i)<\/p>","protected":false},"featured_media":5490,"template":"","meta":{"_acf_changed":false,"jetpack_publicize_message":"","jetpack_publicize_feature_enabled":true,"jetpack_social_post_already_shared":false,"jetpack_social_options":{"image_generator_settings":{"template":"highway","default_image_id":0,"font":"","enabled":false},"version":2}},"product_brand":[68],"product_cat":[21],"product_tag":[],"class_list":{"0":"post-83","1":"product","2":"type-product","3":"status-publish","4":"has-post-thumbnail","6":"product_brand-xilinx","7":"product_cat-xilinx","9":"first","10":"instock","11":"shipping-taxable","12":"product-type-simple"},"acf":[],"aioseo_notices":[],"jetpack_publicize_connections":[],"_links":{"self":[{"href":"https:\/\/www.lxbchip.com\/vi\/wp-json\/wp\/v2\/product\/83","targetHints":{"allow":["GET"]}}],"collection":[{"href":"https:\/\/www.lxbchip.com\/vi\/wp-json\/wp\/v2\/product"}],"about":[{"href":"https:\/\/www.lxbchip.com\/vi\/wp-json\/wp\/v2\/types\/product"}],"wp:featuredmedia":[{"embeddable":true,"href":"https:\/\/www.lxbchip.com\/vi\/wp-json\/wp\/v2\/media\/5490"}],"wp:attachment":[{"href":"https:\/\/www.lxbchip.com\/vi\/wp-json\/wp\/v2\/media?parent=83"}],"wp:term":[{"taxonomy":"product_brand","embeddable":true,"href":"https:\/\/www.lxbchip.com\/vi\/wp-json\/wp\/v2\/product_brand?post=83"},{"taxonomy":"product_cat","embeddable":true,"href":"https:\/\/www.lxbchip.com\/vi\/wp-json\/wp\/v2\/product_cat?post=83"},{"taxonomy":"product_tag","embeddable":true,"href":"https:\/\/www.lxbchip.com\/vi\/wp-json\/wp\/v2\/product_tag?post=83"}],"curies":[{"name":"wp","href":"https:\/\/api.w.org\/{rel}","templated":true}]}}