{"id":7480,"date":"2025-11-26T21:11:36","date_gmt":"2025-11-26T13:11:36","guid":{"rendered":"https:\/\/www.lxbchip.com\/?post_type=product&#038;p=7480"},"modified":"2025-12-31T17:22:13","modified_gmt":"2025-12-31T09:22:13","slug":"xc6vlx240t-l1ffg784c","status":"publish","type":"product","link":"https:\/\/www.lxbchip.com\/vi\/products\/xc6vlx240t-l1ffg784c\/","title":{"rendered":"XC6VLX240T-L1FFG784C"},"content":{"rendered":"<table id=\"table_1\" class=\"scroll display nowrap data-t data-t wpDataTable wpDataTableID-8 dataTable\" data-described-by=\"table_1_desc\" data-wpdatatable_id=\"8\" aria-describedby=\"table_1_info\">\n<thead>\n<tr>\n<th class=\"wdtheader sort expand column-modelpn sorting\" tabindex=\"0\" colspan=\"1\" rowspan=\"1\" data-class=\"expand\" aria-controls=\"table_1\" aria-label=\"M\u1eabu P\/N ch\u01b0a \u0111\u01b0\u1ee3c x\u00e1c \u0111\u1ecbnh\"><span style=\"vertical-align: inherit;\"><span style=\"vertical-align: inherit;\">M\u1eabu s\u1ed1 Ph\u1ee5 t\u00f9ng s\u1ed1<\/span><\/span><\/th>\n<th class=\"wdtheader sort column-series sorting\" tabindex=\"0\" colspan=\"1\" rowspan=\"1\" aria-controls=\"table_1\" aria-label=\"D\u00e3y ch\u01b0a \u0111\u01b0\u1ee3c \u0111\u1ecbnh ngh\u0129a\"><span style=\"vertical-align: inherit;\"><span style=\"vertical-align: inherit;\">B\u1ed9 s\u01b0u t\u1eadp<\/span><\/span><\/th>\n<th class=\"wdtheader sort numdata float column-numberoflabsclbs sorting\" tabindex=\"0\" colspan=\"1\" rowspan=\"1\" aria-controls=\"table_1\" aria-label=\"LAB\/CLB S\u1ed1 l\u01b0\u1ee3ng ch\u01b0a \u0111\u01b0\u1ee3c x\u00e1c \u0111\u1ecbnh\"><span style=\"vertical-align: inherit;\"><span style=\"vertical-align: inherit;\">S\u1ed1 l\u01b0\u1ee3ng ph\u00f2ng th\u00ed nghi\u1ec7m\/CLBS<\/span><\/span><\/th>\n<th class=\"wdtheader sort numdata float column-speedgrade sorting\" tabindex=\"0\" colspan=\"1\" rowspan=\"1\" aria-controls=\"table_1\" aria-label=\"C\u1ea5p \u0111\u1ed9 t\u1ed1c \u0111\u1ed9undefined\"><span style=\"vertical-align: inherit;\"><span style=\"vertical-align: inherit;\">C\u1ea5p \u0111\u1ed9 t\u1ed1c \u0111\u1ed9<\/span><\/span><\/th>\n<th class=\"wdtheader sort column-numberoflogicelementscells sorting\" tabindex=\"0\" colspan=\"1\" rowspan=\"1\" aria-controls=\"table_1\" aria-label=\"S\u1ed1 l\u01b0\u1ee3ng c\u00e1c th\u00e0nh ph\u1ea7n\/\u0111\u01a1n v\u1ecb logic: ch\u01b0a x\u00e1c \u0111\u1ecbnh\"><span style=\"vertical-align: inherit;\"><span style=\"vertical-align: inherit;\">S\u1ed1 l\u01b0\u1ee3ng c\u00e1c th\u00e0nh ph\u1ea7n\/\u0111\u01a1n v\u1ecb logic<\/span><\/span><\/th>\n<th class=\"wdtheader sort column-totalrambits sorting\" tabindex=\"0\" colspan=\"1\" rowspan=\"1\" aria-controls=\"table_1\" aria-label=\"T\u1ed5ng dung l\u01b0\u1ee3ng RAM ch\u01b0a \u0111\u01b0\u1ee3c \u0111\u1ecbnh ngh\u0129a\"><span style=\"vertical-align: inherit;\"><span style=\"vertical-align: inherit;\">T\u1ed5ng s\u1ed1 bit RAM<\/span><\/span><\/th>\n<th class=\"wdtheader sort numdata integer column-numberofio sorting\" tabindex=\"0\" colspan=\"1\" rowspan=\"1\" aria-controls=\"table_1\" aria-label=\"I\/S\u1ed1 l\u01b0\u1ee3ng ch\u01b0a x\u00e1c \u0111\u1ecbnh\"><span style=\"vertical-align: inherit;\"><span style=\"vertical-align: inherit;\">S\u1ed1 l\u01b0\u1ee3ng I\/O<\/span><\/span><\/th>\n<th class=\"wdtheader sort column-voltagesupply sorting\" tabindex=\"0\" colspan=\"1\" rowspan=\"1\" aria-controls=\"table_1\" aria-label=\"\u0110i\u1ec7n \u00e1p - Ngu\u1ed3n \u0111i\u1ec7n ch\u01b0a \u0111\u01b0\u1ee3c x\u00e1c \u0111\u1ecbnh\"><span style=\"vertical-align: inherit;\"><span style=\"vertical-align: inherit;\">\u0110i\u1ec7n \u00e1p \u2013 Ngu\u1ed3n \u0111i\u1ec7n<\/span><\/span><\/th>\n<th class=\"wdtheader sort column-mountingtype sorting\" tabindex=\"0\" colspan=\"1\" rowspan=\"1\" aria-controls=\"table_1\" aria-label=\"Lo\u1ea1i c\u00e0i \u0111\u1eb7t ch\u01b0a \u0111\u01b0\u1ee3c x\u00e1c \u0111\u1ecbnh\"><span style=\"vertical-align: inherit;\"><span style=\"vertical-align: inherit;\">Lo\u1ea1i c\u00e0i \u0111\u1eb7t<\/span><\/span><\/th>\n<th class=\"wdtheader sort column-operatingtemperature sorting\" tabindex=\"0\" colspan=\"1\" rowspan=\"1\" aria-controls=\"table_1\" aria-label=\"Nhi\u1ec7t \u0111\u1ed9 l\u00e0m vi\u1ec7c kh\u00f4ng x\u00e1c \u0111\u1ecbnh\"><span style=\"vertical-align: inherit;\"><span style=\"vertical-align: inherit;\">Nhi\u1ec7t \u0111\u1ed9 l\u00e0m vi\u1ec7c<\/span><\/span><\/th>\n<th class=\"wdtheader sort column-packagecase sorting\" tabindex=\"0\" colspan=\"1\" rowspan=\"1\" aria-controls=\"table_1\" aria-label=\"V\u1ecf\/bao b\u00ec ch\u01b0a \u0111\u01b0\u1ee3c \u0111\u1ecbnh ngh\u0129a\"><span style=\"vertical-align: inherit;\"><span style=\"vertical-align: inherit;\">\u0110\u00f3ng g\u00f3i\/H\u1ed9p<\/span><\/span><\/th>\n<th class=\"wdtheader sort column-supplierdevicepackage sorting\" tabindex=\"0\" colspan=\"1\" rowspan=\"1\" aria-controls=\"table_1\" aria-label=\"Thi\u1ebft b\u1ecb \u0111\u00f3ng g\u00f3i c\u1ee7a nh\u00e0 cung c\u1ea5p (undefined)\"><span style=\"vertical-align: inherit;\"><span style=\"vertical-align: inherit;\">G\u00f3i thi\u1ebft b\u1ecb c\u1ee7a nh\u00e0 cung c\u1ea5p<\/span><\/span><\/th>\n<\/tr>\n<\/thead>\n<tbody>\n<tr class=\"odd selected\">\n<td class=\"expand column-modelpn\"><span style=\"vertical-align: inherit;\"><span style=\"vertical-align: inherit;\">XC6VLX240T-L1FFG784C<\/span><\/span><\/td>\n<td class=\"column-series\"><span style=\"vertical-align: inherit;\"><span style=\"vertical-align: inherit;\">Virtex-6 LXT<\/span><\/span><\/td>\n<td class=\"numdata float column-numberoflabsclbs\"><span style=\"vertical-align: inherit;\"><span style=\"vertical-align: inherit;\">0,00<\/span><\/span><\/td>\n<td class=\"numdata float column-speedgrade\"><span style=\"vertical-align: inherit;\"><span style=\"vertical-align: inherit;\">18.840,00<\/span><\/span><\/td>\n<td class=\"column-numberoflogicelementscells\"><span style=\"vertical-align: inherit;\"><span style=\"vertical-align: inherit;\">241,152<\/span><\/span><\/td>\n<td class=\"column-totalrambits\"><span style=\"vertical-align: inherit;\"><span style=\"vertical-align: inherit;\">15335424<\/span><\/span><\/td>\n<td class=\"numdata integer column-numberofio\"><span style=\"vertical-align: inherit;\"><span style=\"vertical-align: inherit;\">400<\/span><\/span><\/td>\n<td class=\"column-voltagesupply\"><span style=\"vertical-align: inherit;\"><span style=\"vertical-align: inherit;\">0.95 \u2013 1.05V<\/span><\/span><\/td>\n<td class=\"column-mountingtype\"><span style=\"vertical-align: inherit;\"><span style=\"vertical-align: inherit;\">\u8868\u9762\u8d34\u88c5<\/span><\/span><\/td>\n<td class=\"column-operatingtemperature\"><span style=\"vertical-align: inherit;\"><span style=\"vertical-align: inherit;\">0\u00b0C \u2013 85\u00b0C\uff08\u6444\u6c0f\u5ea6\uff09<\/span><\/span><\/td>\n<td class=\"column-packagecase\"><span style=\"vertical-align: inherit;\"><span style=\"vertical-align: inherit;\">FCBGA-784<\/span><\/span><\/td>\n<td class=\"column-supplierdevicepackage\"><span style=\"vertical-align: inherit;\"><span style=\"vertical-align: inherit;\">784-FCBGA<\/span><\/span><\/td>\n<\/tr>\n<\/tbody>\n<\/table>","protected":false},"excerpt":{"rendered":"<p><strong>Nh\u00e0 s\u1ea3n xu\u1ea5t:<\/strong> Xilinx<br \/><strong>T\u1ebf b\u00e0o logic:<\/strong> 241,152<br \/><strong>C\u00e1c l\u00e1t c\u1eaft logic:<\/strong> 37,680<br \/><strong>B\u1ed9 nh\u1edb RAM t\u00edch h\u1ee3p (eRAM):<\/strong> 14,976 Kb (832 \u00d7 18Kb Block RAM)<br \/><strong>Maximum User I\/O:<\/strong> 360<br \/><strong>G\u00f3i:<\/strong> FFG784 (Flip-Chip BGA)<br \/><strong>\u0110\u00e1nh gi\u00e1 t\u1ed1c \u0111\u1ed9:<\/strong> -1L<br \/><strong>Nhi\u1ec7t \u0111\u1ed9 ho\u1ea1t \u0111\u1ed9ng:<\/strong> Th\u01b0\u01a1ng m\u1ea1i (0\u00b0C \u0111\u1ebfn +85\u00b0C)<\/p>","protected":false},"featured_media":7445,"template":"","meta":{"_acf_changed":false},"product_brand":[],"product_cat":[21],"product_tag":[],"class_list":{"0":"post-7480","1":"product","2":"type-product","3":"status-publish","4":"has-post-thumbnail","6":"product_cat-xilinx","8":"first","9":"instock","10":"shipping-taxable","11":"product-type-simple"},"acf":[],"aioseo_notices":[],"_links":{"self":[{"href":"https:\/\/www.lxbchip.com\/vi\/wp-json\/wp\/v2\/product\/7480","targetHints":{"allow":["GET"]}}],"collection":[{"href":"https:\/\/www.lxbchip.com\/vi\/wp-json\/wp\/v2\/product"}],"about":[{"href":"https:\/\/www.lxbchip.com\/vi\/wp-json\/wp\/v2\/types\/product"}],"wp:featuredmedia":[{"embeddable":true,"href":"https:\/\/www.lxbchip.com\/vi\/wp-json\/wp\/v2\/media\/7445"}],"wp:attachment":[{"href":"https:\/\/www.lxbchip.com\/vi\/wp-json\/wp\/v2\/media?parent=7480"}],"wp:term":[{"taxonomy":"product_brand","embeddable":true,"href":"https:\/\/www.lxbchip.com\/vi\/wp-json\/wp\/v2\/product_brand?post=7480"},{"taxonomy":"product_cat","embeddable":true,"href":"https:\/\/www.lxbchip.com\/vi\/wp-json\/wp\/v2\/product_cat?post=7480"},{"taxonomy":"product_tag","embeddable":true,"href":"https:\/\/www.lxbchip.com\/vi\/wp-json\/wp\/v2\/product_tag?post=7480"}],"curies":[{"name":"wp","href":"https:\/\/api.w.org\/{rel}","templated":true}]}}