{"id":71,"date":"2025-11-10T16:26:52","date_gmt":"2025-11-10T08:26:52","guid":{"rendered":"https:\/\/www.lxbchip.com\/?post_type=product&#038;p=71"},"modified":"2026-01-28T11:01:00","modified_gmt":"2026-01-28T03:01:00","slug":"xc4vfx100-11ffg1517c","status":"publish","type":"product","link":"https:\/\/www.lxbchip.com\/vi\/products\/xc4vfx100-11ffg1517c\/","title":{"rendered":"XC4VFX100-11FFG1517C"},"content":{"rendered":"<table id=\"table_1\" class=\"scroll display nowrap data-t data-t wpDataTable wpDataTableID-8 dataTable\" data-described-by=\"table_1_desc\" data-wpdatatable_id=\"8\" aria-describedby=\"table_1_info\">\n<thead>\n<tr>\n<th class=\"wdtheader sort expand column-modelpn sorting\" tabindex=\"0\" colspan=\"1\" rowspan=\"1\" data-class=\"expand\" aria-controls=\"table_1\" aria-label=\" M\u1eabu P\/N ch\u01b0a x\u00e1c \u0111\u1ecbnh\">M\u00c3 S\u1ea2N PH\u1ea8M<\/th>\n<th class=\"wdtheader sort column-series sorting\" tabindex=\"0\" colspan=\"1\" rowspan=\"1\" aria-controls=\"table_1\" aria-label=\" Seriesundefined\">B\u1ed8 PHIM<\/th>\n<th class=\"wdtheader sort numdata float column-numberoflabsclbs sorting\" tabindex=\"0\" colspan=\"1\" rowspan=\"1\" aria-controls=\"table_1\" aria-label=\" S\u1ed1 l\u01b0\u1ee3ng LABs\/CLBsundefined\">S\u1ed0 L\u01af\u1ee2NG PH\u00d2NG TH\u00cd NGHI\u1ec6M\/CLBS<\/th>\n<th class=\"wdtheader sort numdata float column-speedgrade sorting\" tabindex=\"0\" colspan=\"1\" rowspan=\"1\" aria-controls=\"table_1\" aria-label=\" T\u1ed1c \u0111\u1ed9 Gradeundefined\">\u0110\u1ed8 B\u1ec0N THEO T\u1ed0C \u0110\u1ed8<\/th>\n<th class=\"wdtheader sort column-numberoflogicelementscells sorting sorting_asc\" tabindex=\"0\" colspan=\"1\" rowspan=\"1\" aria-controls=\"table_1\" aria-label=\" S\u1ed1 l\u01b0\u1ee3ng c\u00e1c ph\u1ea7n t\u1eed logic \/ \u00f4 kh\u00f4ng x\u00e1c \u0111\u1ecbnh\" aria-sort=\"ascending\">S\u1ed0 L\u01af\u1ee2NG PH\u1ea6N T\u1eec L\u1ed0I \/ T\u1ebe B\u00c0O<\/th>\n<th class=\"wdtheader sort column-totalrambits sorting\" tabindex=\"0\" colspan=\"1\" rowspan=\"1\" aria-controls=\"table_1\" aria-label=\" T\u1ed5ng s\u1ed1 bit RAM ch\u01b0a \u0111\u01b0\u1ee3c \u0111\u1ecbnh ngh\u0129a\">T\u1ed5ng s\u1ed1 bit RAM<\/th>\n<th class=\"wdtheader sort numdata integer column-numberofio sorting\" tabindex=\"0\" colspan=\"1\" rowspan=\"1\" aria-controls=\"table_1\" aria-label=\" S\u1ed1 l\u01b0\u1ee3ng I\/O kh\u00f4ng x\u00e1c \u0111\u1ecbnh\">S\u1ed0 L\u01af\u1ee2NG I\/O<\/th>\n<th class=\"wdtheader sort column-voltagesupply sorting\" tabindex=\"0\" colspan=\"1\" rowspan=\"1\" aria-controls=\"table_1\" aria-label=\" \u0110i\u1ec7n \u00e1p - Ngu\u1ed3n cung c\u1ea5p ch\u01b0a x\u00e1c \u0111\u1ecbnh\">\u0110i\u1ec7n \u00e1p \u2013 Ngu\u1ed3n c\u1ea5p<\/th>\n<th class=\"wdtheader sort column-mountingtype sorting\" tabindex=\"0\" colspan=\"1\" rowspan=\"1\" aria-controls=\"table_1\" aria-label=\" Lo\u1ea1i l\u1eafp \u0111\u1eb7t ch\u01b0a x\u00e1c \u0111\u1ecbnh\">Lo\u1ea1i l\u1eafp \u0111\u1eb7t<\/th>\n<th class=\"wdtheader sort column-operatingtemperature sorting\" tabindex=\"0\" colspan=\"1\" rowspan=\"1\" aria-controls=\"table_1\" aria-label=\" Nhi\u1ec7t \u0111\u1ed9 ho\u1ea1t \u0111\u1ed9ng: Ch\u01b0a x\u00e1c \u0111\u1ecbnh\">NHI\u1ec6T \u0110\u1ed8 HO\u1ea0T \u0110\u1ed8NG<\/th>\n<th class=\"wdtheader sort column-packagecase sorting\" tabindex=\"0\" colspan=\"1\" rowspan=\"1\" aria-controls=\"table_1\" aria-label=\" G\u00f3i \/ V\u1ecf h\u1ed9p\">G\u00d3I \/ H\u1ed8P<\/th>\n<th class=\"wdtheader sort column-supplierdevicepackage sorting\" tabindex=\"0\" colspan=\"1\" rowspan=\"1\" aria-controls=\"table_1\" aria-label=\" G\u00f3i thi\u1ebft b\u1ecb nh\u00e0 cung c\u1ea5p (kh\u00f4ng x\u00e1c \u0111\u1ecbnh)\">G\u00d3I THI\u1ebeT B\u1eca C\u1ee6A NH\u00c0 CUNG C\u1ea4P<\/th>\n<\/tr>\n<\/thead>\n<tbody>\n<tr class=\"odd\">\n<td class=\"expand column-modelpn\"><a href=\"https:\/\/www.lxbchip.com\/vi\/products\/xc4vfx100-11ffg1517c\/\" target=\"_blank\" rel=\"noopener\">XC4VFX100-11FFG1517C<\/a><\/td>\n<td class=\"column-series\">Virtex-4 FX<\/td>\n<td class=\"numdata float column-numberoflabsclbs\">11,81<\/td>\n<td class=\"numdata float column-speedgrade\">-11,00<\/td>\n<td class=\"column-numberoflogicelementscells sorting_1\">47.232 T\u1ebf b\u00e0o logic<\/td>\n<td class=\"column-totalrambits\">6.048 Kbit<\/td>\n<td class=\"numdata integer column-numberofio\">768<\/td>\n<td class=\"column-voltagesupply\">1,14 V ~ 1,26 V<\/td>\n<td class=\"column-mountingtype\">SMD<\/td>\n<td class=\"column-operatingtemperature\">Th\u01b0\u01a1ng m\u1ea1i (0\u00b0C ~ +85\u00b0C)<\/td>\n<td class=\"column-packagecase\">1517-BGA<\/td>\n<td class=\"column-supplierdevicepackage\">FFG1517<\/td>\n<\/tr>\n<\/tbody>\n<\/table>\n<p><span style=\"color: #000080;\"><strong>XC4VFX100-11FFG1517C FPGA | Xilinx Virtex-4 FX100 PowerPC | Industrial FPGA Supplier<\/strong><\/span><\/p>\n<p><span style=\"color: #000080;\"><strong>XC4VFX100-11FFG1517C<\/strong> <\/span>is a high-performance Xilinx Virtex-4 FPGA with built-in PowerPC processors \u2014 designed for applications that need heavy data processing, high-speed interfaces, and reliable performance.<\/p>\n<p>\ud83d\udc49 It\u2019s not a \u201csmall control FPGA\u201d.<br \/>\n\ud83d\udc49 It\u2019s a workhorse FPGA for telecom, industrial networking, and embedded computing.<\/p>\n<p data-start=\"1177\" data-end=\"1221\"><strong><span style=\"color: #000080;\">Key Features of XC4VFX100 Industrial FPGA<\/span><\/strong><\/p>\n<p data-start=\"1223\" data-end=\"1324\">Engineers and system designers choose the <a href=\"https:\/\/www.lxbchip.com\/vi\/?s=XC4VFX100&amp;post_type=product\"><strong data-start=\"1265\" data-end=\"1294\">XC4VFX100<\/strong><\/a> industrial<strong data-start=\"1265\" data-end=\"1294\"> FPGA<\/strong> for the following advantages:<\/p>\n<ul data-start=\"1326\" data-end=\"1654\">\n<li data-start=\"1326\" data-end=\"1371\">\n<p data-start=\"1328\" data-end=\"1371\">Dual embedded PowerPC 405 processor cores<\/p>\n<\/li>\n<li data-start=\"1372\" data-end=\"1420\">\n<p data-start=\"1374\" data-end=\"1420\">Large logic density for complex FPGA designs<\/p>\n<\/li>\n<li data-start=\"1421\" data-end=\"1478\">\n<p data-start=\"1423\" data-end=\"1478\">High-speed serial transceivers for data communication<\/p>\n<\/li>\n<li data-start=\"1479\" data-end=\"1530\">\n<p data-start=\"1481\" data-end=\"1530\">-11 speed grade for improved timing performance<\/p>\n<\/li>\n<li data-start=\"1531\" data-end=\"1584\">\n<p data-start=\"1533\" data-end=\"1584\">FFG1517 flip-chip BGA package with high I\/O count<\/p>\n<\/li>\n<li data-start=\"1585\" data-end=\"1654\">\n<p data-start=\"1587\" data-end=\"1654\">Stable long lifecycle support for industrial and legacy platforms<\/p>\n<\/li>\n<\/ul>\n<p><strong><span style=\"color: #000080;\">Typical applications<\/span><\/strong><\/p>\n<ul>\n<li data-start=\"1433\" data-end=\"1480\">\n<p data-start=\"1435\" data-end=\"1480\">Telecom base stations and network equipment<\/p>\n<\/li>\n<li data-start=\"1481\" data-end=\"1529\">\n<p data-start=\"1483\" data-end=\"1529\">Industrial Ethernet switches and controllers<\/p>\n<\/li>\n<li data-start=\"1530\" data-end=\"1563\">\n<p data-start=\"1532\" data-end=\"1563\">Radar v\u00e0 thi\u1ebft b\u1ecb \u0111i\u1ec7n t\u1eed qu\u1ed1c ph\u00f2ng<\/p>\n<\/li>\n<li data-start=\"1564\" data-end=\"1605\">\n<p data-start=\"1566\" data-end=\"1605\">High-end embedded computing platforms<\/p>\n<\/li>\n<li data-start=\"1606\" data-end=\"1656\">\n<p data-start=\"1608\" data-end=\"1656\">Data acquisition and signal processing systems<\/p>\n<\/li>\n<\/ul>\n<p><a href=\"https:\/\/www.lxbchip.com\/vi\/company-overview\/\">LXB B\u00e1n d\u1eabn<\/a> supplies original <strong data-start=\"3094\" data-end=\"3123\">XC4VFX100-11FFG1517C FPGA<\/strong><\/p>","protected":false},"excerpt":{"rendered":"<p><strong>Nh\u00e0 s\u1ea3n xu\u1ea5t:<\/strong> Xilinx<br \/>\n<strong>T\u1ebf b\u00e0o logic:<\/strong> 100,176<br \/>\n<strong>C\u00e1c l\u00e1t c\u1eaft logic:<\/strong> 44,160<br \/>\n<strong>B\u1ed9 nh\u1edb RAM t\u00edch h\u1ee3p (eRAM):<\/strong> 3.312 KB (184 \u00d7 18 KB RAM kh\u1ed1i)<br \/>\n<strong>G\u00f3i:<\/strong> FFG1517 (BGA h\u00e0n chip l\u1eadt)<br \/>\n<strong>Nhi\u1ec7t \u0111\u1ed9 ho\u1ea1t \u0111\u1ed9ng:<\/strong> Th\u01b0\u01a1ng m\u1ea1i (0\u00b0C \u0111\u1ebfn +85\u00b0C)<\/p>","protected":false},"featured_media":5486,"template":"","meta":{"_acf_changed":false,"jetpack_publicize_message":"","jetpack_publicize_feature_enabled":true,"jetpack_social_post_already_shared":false,"jetpack_social_options":{"image_generator_settings":{"template":"highway","default_image_id":0,"font":"","enabled":false},"version":2}},"product_brand":[68],"product_cat":[21],"product_tag":[],"class_list":{"0":"post-71","1":"product","2":"type-product","3":"status-publish","4":"has-post-thumbnail","6":"product_brand-xilinx","7":"product_cat-xilinx","9":"first","10":"instock","11":"shipping-taxable","12":"product-type-simple"},"acf":[],"aioseo_notices":[],"jetpack_publicize_connections":[],"_links":{"self":[{"href":"https:\/\/www.lxbchip.com\/vi\/wp-json\/wp\/v2\/product\/71","targetHints":{"allow":["GET"]}}],"collection":[{"href":"https:\/\/www.lxbchip.com\/vi\/wp-json\/wp\/v2\/product"}],"about":[{"href":"https:\/\/www.lxbchip.com\/vi\/wp-json\/wp\/v2\/types\/product"}],"wp:featuredmedia":[{"embeddable":true,"href":"https:\/\/www.lxbchip.com\/vi\/wp-json\/wp\/v2\/media\/5486"}],"wp:attachment":[{"href":"https:\/\/www.lxbchip.com\/vi\/wp-json\/wp\/v2\/media?parent=71"}],"wp:term":[{"taxonomy":"product_brand","embeddable":true,"href":"https:\/\/www.lxbchip.com\/vi\/wp-json\/wp\/v2\/product_brand?post=71"},{"taxonomy":"product_cat","embeddable":true,"href":"https:\/\/www.lxbchip.com\/vi\/wp-json\/wp\/v2\/product_cat?post=71"},{"taxonomy":"product_tag","embeddable":true,"href":"https:\/\/www.lxbchip.com\/vi\/wp-json\/wp\/v2\/product_tag?post=71"}],"curies":[{"name":"wp","href":"https:\/\/api.w.org\/{rel}","templated":true}]}}