{"id":7071,"date":"2025-11-21T13:14:54","date_gmt":"2025-11-21T05:14:54","guid":{"rendered":"https:\/\/www.lxbchip.com\/?post_type=product&#038;p=7071"},"modified":"2025-11-25T16:35:26","modified_gmt":"2025-11-25T08:35:26","slug":"xcvu13p-2flga2577e","status":"publish","type":"product","link":"https:\/\/www.lxbchip.com\/vi\/products\/xcvu13p-2flga2577e\/","title":{"rendered":"XCVU13P-2FLGA2577E"},"content":{"rendered":"<table id=\"table_1\" class=\"scroll display nowrap data-t data-t wpDataTable wpDataTableID-8 dataTable\" data-described-by=\"table_1_desc\" data-wpdatatable_id=\"8\" aria-describedby=\"table_1_info\">\n<thead>\n<tr>\n<th class=\"wdtheader sort expand column-modelpn sorting\" tabindex=\"0\" colspan=\"1\" rowspan=\"1\" data-class=\"expand\" aria-controls=\"table_1\" aria-label=\" M\u1eabu P\/N ch\u01b0a x\u00e1c \u0111\u1ecbnh\">M\u00c3 S\u1ea2N PH\u1ea8M<\/th>\n<th class=\"wdtheader sort column-series sorting\" tabindex=\"0\" colspan=\"1\" rowspan=\"1\" aria-controls=\"table_1\" aria-label=\" Seriesundefined\">B\u1ed8 PHIM<\/th>\n<th class=\"wdtheader sort numdata float column-numberoflabsclbs sorting\" tabindex=\"0\" colspan=\"1\" rowspan=\"1\" aria-controls=\"table_1\" aria-label=\" S\u1ed1 l\u01b0\u1ee3ng LABs\/CLBsundefined\">S\u1ed0 L\u01af\u1ee2NG PH\u00d2NG TH\u00cd NGHI\u1ec6M\/CLBS<\/th>\n<th class=\"wdtheader sort numdata float column-speedgrade sorting\" tabindex=\"0\" colspan=\"1\" rowspan=\"1\" aria-controls=\"table_1\" aria-label=\" T\u1ed1c \u0111\u1ed9 Gradeundefined\">\u0110\u1ed8 B\u1ec0N THEO T\u1ed0C \u0110\u1ed8<\/th>\n<th class=\"wdtheader sort column-numberoflogicelementscells sorting\" tabindex=\"0\" colspan=\"1\" rowspan=\"1\" aria-controls=\"table_1\" aria-label=\" S\u1ed1 l\u01b0\u1ee3ng c\u00e1c ph\u1ea7n t\u1eed logic \/ \u00f4 kh\u00f4ng x\u00e1c \u0111\u1ecbnh\">S\u1ed0 L\u01af\u1ee2NG PH\u1ea6N T\u1eec L\u1ed0I \/ T\u1ebe B\u00c0O<\/th>\n<th class=\"wdtheader sort column-totalrambits sorting\" tabindex=\"0\" colspan=\"1\" rowspan=\"1\" aria-controls=\"table_1\" aria-label=\" T\u1ed5ng s\u1ed1 bit RAM ch\u01b0a \u0111\u01b0\u1ee3c \u0111\u1ecbnh ngh\u0129a\">T\u1ed5ng s\u1ed1 bit RAM<\/th>\n<th class=\"wdtheader sort numdata integer column-numberofio sorting\" tabindex=\"0\" colspan=\"1\" rowspan=\"1\" aria-controls=\"table_1\" aria-label=\" S\u1ed1 l\u01b0\u1ee3ng I\/O kh\u00f4ng x\u00e1c \u0111\u1ecbnh\">S\u1ed0 L\u01af\u1ee2NG I\/O<\/th>\n<th class=\"wdtheader sort column-voltagesupply sorting sorting_asc\" tabindex=\"0\" colspan=\"1\" rowspan=\"1\" aria-controls=\"table_1\" aria-label=\" \u0110i\u1ec7n \u00e1p - Ngu\u1ed3n cung c\u1ea5p ch\u01b0a x\u00e1c \u0111\u1ecbnh\" aria-sort=\"ascending\">\u0110i\u1ec7n \u00e1p \u2013 Ngu\u1ed3n c\u1ea5p<\/th>\n<th class=\"wdtheader sort column-mountingtype sorting\" tabindex=\"0\" colspan=\"1\" rowspan=\"1\" aria-controls=\"table_1\" aria-label=\" Lo\u1ea1i l\u1eafp \u0111\u1eb7t ch\u01b0a x\u00e1c \u0111\u1ecbnh\">Lo\u1ea1i l\u1eafp \u0111\u1eb7t<\/th>\n<th class=\"wdtheader sort column-operatingtemperature sorting\" tabindex=\"0\" colspan=\"1\" rowspan=\"1\" aria-controls=\"table_1\" aria-label=\" Nhi\u1ec7t \u0111\u1ed9 ho\u1ea1t \u0111\u1ed9ng: Ch\u01b0a x\u00e1c \u0111\u1ecbnh\">NHI\u1ec6T \u0110\u1ed8 HO\u1ea0T \u0110\u1ed8NG<\/th>\n<th class=\"wdtheader sort column-packagecase sorting\" tabindex=\"0\" colspan=\"1\" rowspan=\"1\" aria-controls=\"table_1\" aria-label=\" G\u00f3i \/ V\u1ecf h\u1ed9p\">G\u00d3I \/ H\u1ed8P<\/th>\n<th class=\"wdtheader sort column-supplierdevicepackage sorting\" tabindex=\"0\" colspan=\"1\" rowspan=\"1\" aria-controls=\"table_1\" aria-label=\" G\u00f3i thi\u1ebft b\u1ecb nh\u00e0 cung c\u1ea5p (kh\u00f4ng x\u00e1c \u0111\u1ecbnh)\">G\u00d3I THI\u1ebeT B\u1eca C\u1ee6A NH\u00c0 CUNG C\u1ea4P<\/th>\n<\/tr>\n<\/thead>\n<tbody>\n<tr class=\"odd\">\n<td class=\"expand  column-modelpn\">XCVU13P-2FLGA2577E<\/td>\n<td class=\"column-series\">Virtex\u00ae UltraScale+<\/td>\n<td class=\"numdata float  column-numberoflabsclbs\">210,00<\/td>\n<td class=\"numdata float  column-speedgrade\">-2,00<\/td>\n<td class=\"column-numberoflogicelementscells\">3.780.000 LE<\/td>\n<td class=\"column-totalrambits\">514.867.200 bit<\/td>\n<td class=\"numdata integer  column-numberofio\">832<\/td>\n<td class=\"column-voltagesupply sorting_1\">0,85 V (gi\u00e1 tr\u1ecb ti\u00eau bi\u1ec3u) \/ theo b\u1ea3ng d\u1eef li\u1ec7u<\/td>\n<td class=\"column-mountingtype\">L\u1eafp \u0111\u1eb7t b\u1ec1 m\u1eb7t<\/td>\n<td class=\"column-operatingtemperature\">0 \u00b0C ~ +100 \u00b0C (E)<\/td>\n<td class=\"column-packagecase\">2577-FBGA \/ FCBGA<\/td>\n<td class=\"column-supplierdevicepackage\">2577-FCBGA (BGA l\u1eadt chip)<\/td>\n<\/tr>\n<\/tbody>\n<\/table>","protected":false},"excerpt":{"rendered":"<p>MODEL P\/N SERIES NUMBER OF LABS\/CLBS SPEED GRADE NUMBER OF LOGIC ELEMENTS \/ CELLS TOTAL RAM BITS NUMBER OF I\/O<\/p>","protected":false},"featured_media":6552,"template":"","meta":{"_acf_changed":false},"product_brand":[],"product_cat":[21],"product_tag":[],"class_list":{"0":"post-7071","1":"product","2":"type-product","3":"status-publish","4":"has-post-thumbnail","6":"product_cat-xilinx","8":"first","9":"instock","10":"shipping-taxable","11":"product-type-simple"},"acf":[],"aioseo_notices":[],"_links":{"self":[{"href":"https:\/\/www.lxbchip.com\/vi\/wp-json\/wp\/v2\/product\/7071","targetHints":{"allow":["GET"]}}],"collection":[{"href":"https:\/\/www.lxbchip.com\/vi\/wp-json\/wp\/v2\/product"}],"about":[{"href":"https:\/\/www.lxbchip.com\/vi\/wp-json\/wp\/v2\/types\/product"}],"wp:featuredmedia":[{"embeddable":true,"href":"https:\/\/www.lxbchip.com\/vi\/wp-json\/wp\/v2\/media\/6552"}],"wp:attachment":[{"href":"https:\/\/www.lxbchip.com\/vi\/wp-json\/wp\/v2\/media?parent=7071"}],"wp:term":[{"taxonomy":"product_brand","embeddable":true,"href":"https:\/\/www.lxbchip.com\/vi\/wp-json\/wp\/v2\/product_brand?post=7071"},{"taxonomy":"product_cat","embeddable":true,"href":"https:\/\/www.lxbchip.com\/vi\/wp-json\/wp\/v2\/product_cat?post=7071"},{"taxonomy":"product_tag","embeddable":true,"href":"https:\/\/www.lxbchip.com\/vi\/wp-json\/wp\/v2\/product_tag?post=7071"}],"curies":[{"name":"wp","href":"https:\/\/api.w.org\/{rel}","templated":true}]}}