{"id":6764,"date":"2025-11-18T21:38:13","date_gmt":"2025-11-18T13:38:13","guid":{"rendered":"https:\/\/www.lxbchip.com\/?post_type=product&#038;p=6764"},"modified":"2026-03-27T17:59:02","modified_gmt":"2026-03-27T09:59:02","slug":"xc5vlx155-2ffg1153c","status":"publish","type":"product","link":"https:\/\/www.lxbchip.com\/vi\/products\/xc5vlx155-2ffg1153c\/","title":{"rendered":"XC5VLX155-2FFG1153C"},"content":{"rendered":"<table id=\"table_1\" class=\"scroll display nowrap data-t data-t wpDataTable wpDataTableID-8 dataTable\" data-described-by=\"table_1_desc\" data-wpdatatable_id=\"8\" aria-describedby=\"table_1_info\">\n<thead>\n<tr>\n<th class=\"wdtheader sort expand column-modelpn sorting\" tabindex=\"0\" colspan=\"1\" rowspan=\"1\" data-class=\"expand\" aria-controls=\"table_1\" aria-label=\" M\u1eabu P\/N ch\u01b0a x\u00e1c \u0111\u1ecbnh\">M\u00c3 S\u1ea2N PH\u1ea8M<\/th>\n<th class=\"wdtheader sort column-series sorting\" tabindex=\"0\" colspan=\"1\" rowspan=\"1\" aria-controls=\"table_1\" aria-label=\" Seriesundefined\">B\u1ed8 PHIM<\/th>\n<th class=\"wdtheader sort numdata float column-numberoflabsclbs sorting\" tabindex=\"0\" colspan=\"1\" rowspan=\"1\" aria-controls=\"table_1\" aria-label=\" S\u1ed1 l\u01b0\u1ee3ng LABs\/CLBsundefined\">S\u1ed0 L\u01af\u1ee2NG PH\u00d2NG TH\u00cd NGHI\u1ec6M\/CLBS<\/th>\n<th class=\"wdtheader sort numdata float column-speedgrade sorting\" tabindex=\"0\" colspan=\"1\" rowspan=\"1\" aria-controls=\"table_1\" aria-label=\" T\u1ed1c \u0111\u1ed9 Gradeundefined\">\u0110\u1ed8 B\u1ec0N THEO T\u1ed0C \u0110\u1ed8<\/th>\n<th class=\"wdtheader sort column-numberoflogicelementscells sorting\" tabindex=\"0\" colspan=\"1\" rowspan=\"1\" aria-controls=\"table_1\" aria-label=\" S\u1ed1 l\u01b0\u1ee3ng c\u00e1c ph\u1ea7n t\u1eed logic \/ \u00f4 kh\u00f4ng x\u00e1c \u0111\u1ecbnh\">S\u1ed0 L\u01af\u1ee2NG PH\u1ea6N T\u1eec L\u1ed0I \/ T\u1ebe B\u00c0O<\/th>\n<th class=\"wdtheader sort column-totalrambits sorting\" tabindex=\"0\" colspan=\"1\" rowspan=\"1\" aria-controls=\"table_1\" aria-label=\" T\u1ed5ng s\u1ed1 bit RAM ch\u01b0a \u0111\u01b0\u1ee3c \u0111\u1ecbnh ngh\u0129a\">T\u1ed5ng s\u1ed1 bit RAM<\/th>\n<th class=\"wdtheader sort numdata integer column-numberofio sorting\" tabindex=\"0\" colspan=\"1\" rowspan=\"1\" aria-controls=\"table_1\" aria-label=\" S\u1ed1 l\u01b0\u1ee3ng I\/O kh\u00f4ng x\u00e1c \u0111\u1ecbnh\">S\u1ed0 L\u01af\u1ee2NG I\/O<\/th>\n<th class=\"wdtheader sort column-voltagesupply sorting\" tabindex=\"0\" colspan=\"1\" rowspan=\"1\" aria-controls=\"table_1\" aria-label=\" \u0110i\u1ec7n \u00e1p - Ngu\u1ed3n cung c\u1ea5p ch\u01b0a x\u00e1c \u0111\u1ecbnh\">\u0110i\u1ec7n \u00e1p \u2013 Ngu\u1ed3n c\u1ea5p<\/th>\n<th class=\"wdtheader sort column-mountingtype sorting\" tabindex=\"0\" colspan=\"1\" rowspan=\"1\" aria-controls=\"table_1\" aria-label=\" Lo\u1ea1i l\u1eafp \u0111\u1eb7t ch\u01b0a x\u00e1c \u0111\u1ecbnh\">Lo\u1ea1i l\u1eafp \u0111\u1eb7t<\/th>\n<th class=\"wdtheader sort column-operatingtemperature sorting\" tabindex=\"0\" colspan=\"1\" rowspan=\"1\" aria-controls=\"table_1\" aria-label=\" Nhi\u1ec7t \u0111\u1ed9 ho\u1ea1t \u0111\u1ed9ng: Ch\u01b0a x\u00e1c \u0111\u1ecbnh\">NHI\u1ec6T \u0110\u1ed8 HO\u1ea0T \u0110\u1ed8NG<\/th>\n<th class=\"wdtheader sort column-packagecase sorting\" tabindex=\"0\" colspan=\"1\" rowspan=\"1\" aria-controls=\"table_1\" aria-label=\" G\u00f3i \/ V\u1ecf h\u1ed9p\">G\u00d3I \/ H\u1ed8P<\/th>\n<th class=\"wdtheader sort column-supplierdevicepackage sorting\" tabindex=\"0\" colspan=\"1\" rowspan=\"1\" aria-controls=\"table_1\" aria-label=\" G\u00f3i thi\u1ebft b\u1ecb nh\u00e0 cung c\u1ea5p (kh\u00f4ng x\u00e1c \u0111\u1ecbnh)\">G\u00d3I THI\u1ebeT B\u1eca C\u1ee6A NH\u00c0 CUNG C\u1ea4P<\/th>\n<\/tr>\n<\/thead>\n<tbody>\n<tr class=\"odd\">\n<td class=\"expand column-modelpn\">XC5VLX155-2FFG1153C<\/td>\n<td class=\"column-series\">Virtex-5 LX<\/td>\n<td class=\"numdata float column-numberoflabsclbs\">12.160,00<\/td>\n<td class=\"numdata float column-speedgrade\">-2,00<\/td>\n<td class=\"column-numberoflogicelementscells\">155648<\/td>\n<td class=\"column-totalrambits\">7077888<\/td>\n<td class=\"numdata integer column-numberofio\">800<\/td>\n<td class=\"column-voltagesupply\">0,95 V \u2013 1,05 V<\/td>\n<td class=\"column-mountingtype\">L\u1eafp \u0111\u1eb7t b\u1ec1 m\u1eb7t<\/td>\n<td class=\"column-operatingtemperature\">0 \u00b0C \u2013 +85 \u00b0C (C)<\/td>\n<td class=\"column-packagecase\">1153-FBGA \/ FCBGA<\/td>\n<td class=\"column-supplierdevicepackage\">1153-FCBGA (\u224835 \u00d7 35 mm)<\/td>\n<\/tr>\n<\/tbody>\n<\/table>","protected":false},"excerpt":{"rendered":"<p><strong>Nh\u00e0 s\u1ea3n xu\u1ea5t:<\/strong> Xilinx<br \/>\n<strong>T\u1ebf b\u00e0o logic:<\/strong> 155,520<br \/>\n<strong>C\u00e1c l\u00e1t c\u1eaft logic:<\/strong> 24,960<br \/>\n<strong>B\u1ed9 nh\u1edb RAM t\u00edch h\u1ee3p (eRAM):<\/strong> 5,760 Kb<br \/>\n<strong>G\u00f3i:<\/strong> FFG1153 (Flip-Chip BGA)<br \/>\n<strong>Nhi\u1ec7t \u0111\u1ed9 ho\u1ea1t \u0111\u1ed9ng:<\/strong> Th\u01b0\u01a1ng m\u1ea1i (0\u00b0C \u0111\u1ebfn +85\u00b0C)<\/p>","protected":false},"featured_media":6194,"template":"","meta":{"_acf_changed":false,"jetpack_publicize_message":"","jetpack_publicize_feature_enabled":true,"jetpack_social_post_already_shared":false,"jetpack_social_options":{"image_generator_settings":{"template":"highway","default_image_id":0,"font":"","enabled":false},"version":2}},"product_brand":[],"product_cat":[21],"product_tag":[],"class_list":{"0":"post-6764","1":"product","2":"type-product","3":"status-publish","4":"has-post-thumbnail","6":"product_cat-xilinx","8":"first","9":"instock","10":"shipping-taxable","11":"product-type-simple"},"acf":[],"aioseo_notices":[],"jetpack_publicize_connections":[],"_links":{"self":[{"href":"https:\/\/www.lxbchip.com\/vi\/wp-json\/wp\/v2\/product\/6764","targetHints":{"allow":["GET"]}}],"collection":[{"href":"https:\/\/www.lxbchip.com\/vi\/wp-json\/wp\/v2\/product"}],"about":[{"href":"https:\/\/www.lxbchip.com\/vi\/wp-json\/wp\/v2\/types\/product"}],"wp:featuredmedia":[{"embeddable":true,"href":"https:\/\/www.lxbchip.com\/vi\/wp-json\/wp\/v2\/media\/6194"}],"wp:attachment":[{"href":"https:\/\/www.lxbchip.com\/vi\/wp-json\/wp\/v2\/media?parent=6764"}],"wp:term":[{"taxonomy":"product_brand","embeddable":true,"href":"https:\/\/www.lxbchip.com\/vi\/wp-json\/wp\/v2\/product_brand?post=6764"},{"taxonomy":"product_cat","embeddable":true,"href":"https:\/\/www.lxbchip.com\/vi\/wp-json\/wp\/v2\/product_cat?post=6764"},{"taxonomy":"product_tag","embeddable":true,"href":"https:\/\/www.lxbchip.com\/vi\/wp-json\/wp\/v2\/product_tag?post=6764"}],"curies":[{"name":"wp","href":"https:\/\/api.w.org\/{rel}","templated":true}]}}