{"id":10535,"date":"2026-01-15T23:32:06","date_gmt":"2026-01-15T15:32:06","guid":{"rendered":"https:\/\/www.lxbchip.com\/?post_type=product&#038;p=10535"},"modified":"2026-01-15T23:32:06","modified_gmt":"2026-01-15T15:32:06","slug":"a40i-h-axp221s","status":"publish","type":"product","link":"https:\/\/www.lxbchip.com\/vi\/products\/a40i-h-axp221s\/","title":{"rendered":"A40i-H + AXP221S"},"content":{"rendered":"<table width=\"2730\">\n<tbody>\n<tr>\n<td width=\"147\">M\u00f4 h\u00ecnh<\/td>\n<td width=\"231\">Nh\u00e0 s\u1ea3n xu\u1ea5t<\/td>\n<td width=\"147\">V\u1ecb tr\u00ed \u1ee9ng d\u1ee5ng<\/td>\n<td width=\"147\">Ki\u1ebfn tr\u00fac CPU<\/td>\n<td width=\"147\">T\u1ea7n s\u1ed1 CPU t\u1ed1i \u0111a<\/td>\n<td width=\"147\">B\u1ed9 x\u1eed l\u00fd \u0111\u1ed3 h\u1ecda<\/td>\n<td width=\"147\">M\u1ea1ch \u0111i\u1ec1u khi\u1ec3n ngu\u1ed3n (PMIC)<\/td>\n<td width=\"147\">H\u1ed7 tr\u1ee3 tr\u00ed nh\u1edb<\/td>\n<td width=\"147\">Giao di\u1ec7n l\u01b0u tr\u1eef<\/td>\n<td width=\"147\">Kh\u1ea3 n\u0103ng quay video<\/td>\n<td width=\"147\">Giao di\u1ec7n hi\u1ec3n th\u1ecb<\/td>\n<td width=\"147\">USB<\/td>\n<td width=\"147\">M\u1ea1ng l\u01b0\u1edbi<\/td>\n<td width=\"147\">Giao di\u1ec7n ngo\u1ea1i vi<\/td>\n<td width=\"147\">H\u1ed7 tr\u1ee3 h\u1ec7 \u0111i\u1ec1u h\u00e0nh<\/td>\n<td width=\"147\">Nhi\u1ec7t \u0111\u1ed9 ho\u1ea1t \u0111\u1ed9ng<\/td>\n<td width=\"147\">G\u00f3i<\/td>\n<td width=\"147\">RoHS<\/td>\n<\/tr>\n<tr>\n<td width=\"147\">A40i-H + AXP221S<\/td>\n<td width=\"231\">C\u00f4ng ty TNHH C\u00f4ng ngh\u1ec7 Allwinner.<\/td>\n<td width=\"147\">C\u00f4ng nghi\u1ec7p \/ Nh\u00fang (Phi\u00ean b\u1ea3n c\u00f4ng nghi\u1ec7p)<\/td>\n<td width=\"147\">B\u1ed9 x\u1eed l\u00fd b\u1ed1n nh\u00e2n ARM Cortex-A7<\/td>\n<td width=\"147\">L\u00ean \u0111\u1ebfn ~1.2 GHz<\/td>\n<td width=\"147\">Mali-400 MP2<\/td>\n<td width=\"147\">AXP221S<\/td>\n<td width=\"147\">DDR3 (c\u1ea5u h\u00ecnh ti\u00eau chu\u1ea9n c\u00f4ng nghi\u1ec7p)<\/td>\n<td width=\"147\">eMMC (8\/16\/32 GB th\u00f4ng th\u01b0\u1eddng), SD<\/td>\n<td width=\"147\">Gi\u1ea3i m\u00e3 1080p, m\u00e3 h\u00f3a H.264*<\/td>\n<td width=\"147\">HDMI, LVDS, RGB, MIPI (t\u00f9y thu\u1ed9c v\u00e0o bo m\u1ea1ch)<\/td>\n<td width=\"147\">USB 2.0 Ch\u1ee7 \/ OTG<\/td>\n<td width=\"147\">10\/100 ho\u1eb7c Gigabit Ethernet (t\u00f9y thu\u1ed9c v\u00e0o thi\u1ebft k\u1ebf)<\/td>\n<td width=\"147\">Giao di\u1ec7n UART, SPI, I\u00b2C, GPIO, PWM<\/td>\n<td width=\"147\">Linux, Android<\/td>\n<td>\u221240 \u00b0C \u0111\u1ebfn +85 \u00b0C<\/td>\n<td>BGA-468<\/td>\n<td>C\u00f3<\/td>\n<\/tr>\n<\/tbody>\n<\/table>","protected":false},"excerpt":{"rendered":"<p><strong>Nh\u00e0 s\u1ea3n xu\u1ea5t:<\/strong> C\u00f4ng ty TNHH C\u00f4ng ngh\u1ec7 Allwinner.<br \/>\n<strong>T\u1ebf b\u00e0o logic:<\/strong> Application processor SoC + PMIC<br \/>\n<strong>C\u00e1c l\u00e1t c\u1eaft logic:<\/strong> Quad-core ARM Cortex-A7 processing subsystem with extended temperature support<br \/>\n<strong>B\u1ed9 nh\u1edb RAM t\u00edch h\u1ee3p (eRAM):<\/strong> Internal SRAM (SoC)<br \/>\n<strong>G\u00f3i:<\/strong> BGA (A40i-H), QFN (AXP221S)<br \/>\n<strong>Nhi\u1ec7t \u0111\u1ed9 ho\u1ea1t \u0111\u1ed9ng:<\/strong> Industrial (-40 \u00b0C to +105 \u00b0C)<\/p>","protected":false},"featured_media":0,"template":"","meta":{"_acf_changed":false,"jetpack_publicize_message":"","jetpack_publicize_feature_enabled":true,"jetpack_social_post_already_shared":false,"jetpack_social_options":{"image_generator_settings":{"template":"highway","default_image_id":0,"font":"","enabled":false},"version":2}},"product_brand":[],"product_cat":[79],"product_tag":[],"class_list":{"0":"post-10535","1":"product","2":"type-product","3":"status-publish","5":"product_cat-allwinner","7":"first","8":"instock","9":"shipping-taxable","10":"product-type-simple"},"acf":[],"aioseo_notices":[],"jetpack_publicize_connections":[],"_links":{"self":[{"href":"https:\/\/www.lxbchip.com\/vi\/wp-json\/wp\/v2\/product\/10535","targetHints":{"allow":["GET"]}}],"collection":[{"href":"https:\/\/www.lxbchip.com\/vi\/wp-json\/wp\/v2\/product"}],"about":[{"href":"https:\/\/www.lxbchip.com\/vi\/wp-json\/wp\/v2\/types\/product"}],"wp:attachment":[{"href":"https:\/\/www.lxbchip.com\/vi\/wp-json\/wp\/v2\/media?parent=10535"}],"wp:term":[{"taxonomy":"product_brand","embeddable":true,"href":"https:\/\/www.lxbchip.com\/vi\/wp-json\/wp\/v2\/product_brand?post=10535"},{"taxonomy":"product_cat","embeddable":true,"href":"https:\/\/www.lxbchip.com\/vi\/wp-json\/wp\/v2\/product_cat?post=10535"},{"taxonomy":"product_tag","embeddable":true,"href":"https:\/\/www.lxbchip.com\/vi\/wp-json\/wp\/v2\/product_tag?post=10535"}],"curies":[{"name":"wp","href":"https:\/\/api.w.org\/{rel}","templated":true}]}}