{"id":10531,"date":"2026-01-15T23:11:03","date_gmt":"2026-01-15T15:11:03","guid":{"rendered":"https:\/\/www.lxbchip.com\/?post_type=product&#038;p=10531"},"modified":"2026-01-15T23:11:04","modified_gmt":"2026-01-15T15:11:04","slug":"a4989sldtr-t","status":"publish","type":"product","link":"https:\/\/www.lxbchip.com\/vi\/products\/a4989sldtr-t\/","title":{"rendered":"A4989SLDTR-T"},"content":{"rendered":"<table id=\"table_1\" class=\"scroll display nowrap data-t data-t wpDataTable wpDataTableID-16 dataTable\" data-described-by=\"table_1_desc\" data-wpdatatable_id=\"16\" aria-describedby=\"table_1_info\">\n<thead>\n<tr>\n<th class=\"wdtheader sort expand column-mfrpart sorting\" tabindex=\"0\" colspan=\"1\" rowspan=\"1\" data-class=\"expand\" aria-controls=\"table_1\" aria-label=\"        Mfr Partundefined\">Ph\u1ee5 t\u00f9ng c\u1ee7a nh\u00e0 s\u1ea3n xu\u1ea5t<\/th>\n<th class=\"wdtheader column-datasheet sorting_disabled\" colspan=\"1\" rowspan=\"1\" aria-label=\"        B\u1ea3ng d\u1eef li\u1ec7u\">B\u1ea3ng d\u1eef li\u1ec7u<\/th>\n<th class=\"wdtheader sort column-manufacturer sorting\" tabindex=\"0\" colspan=\"1\" rowspan=\"1\" aria-controls=\"table_1\" aria-label=\"        Manufacturerundefined\">Nh\u00e0 s\u1ea3n xu\u1ea5t<\/th>\n<th class=\"wdtheader sort column-currentrating sorting\" tabindex=\"0\" colspan=\"1\" rowspan=\"1\" aria-controls=\"table_1\" aria-label=\"        Current Ratingundefined\">\u0110\u00e1nh gi\u00e1 hi\u1ec7n t\u1ea1i<\/th>\n<th class=\"wdtheader sort column-sensortype sorting\" tabindex=\"0\" colspan=\"1\" rowspan=\"1\" aria-controls=\"table_1\" aria-label=\"        Sensor Typeundefined\">Lo\u1ea1i c\u1ea3m bi\u1ebfn<\/th>\n<th class=\"wdtheader sort column-responsetime sorting\" tabindex=\"0\" colspan=\"1\" rowspan=\"1\" aria-controls=\"table_1\" aria-label=\"        Response Timeundefined\">Th\u1eddi gian ph\u1ea3n h\u1ed3i<\/th>\n<th class=\"wdtheader sort column-operatingsupplyvoltage sorting\" tabindex=\"0\" colspan=\"1\" rowspan=\"1\" aria-controls=\"table_1\" aria-label=\"        Operating Supply Voltageundefined\">\u0110i\u1ec7n \u00e1p ngu\u1ed3n ho\u1ea1t \u0111\u1ed9ng<\/th>\n<th class=\"wdtheader sort column-outputtype sorting\" tabindex=\"0\" colspan=\"1\" rowspan=\"1\" aria-controls=\"table_1\" aria-label=\"        Output Typeundefined\">Lo\u1ea1i \u0111\u1ea7u ra<\/th>\n<th class=\"wdtheader sort column-operatingtemperature sorting\" tabindex=\"0\" colspan=\"1\" rowspan=\"1\" aria-controls=\"table_1\" aria-label=\"        Nhi\u1ec7t \u0111\u1ed9 ho\u1ea1t \u0111\u1ed9ng: Ch\u01b0a x\u00e1c \u0111\u1ecbnh\">Nhi\u1ec7t \u0111\u1ed9 ho\u1ea1t \u0111\u1ed9ng<\/th>\n<th class=\"wdtheader sort column-accuracy sorting\" tabindex=\"0\" colspan=\"1\" rowspan=\"1\" aria-controls=\"table_1\" aria-label=\"        Accuracyundefined\">\u0110\u1ed9 ch\u00ednh x\u00e1c<\/th>\n<th class=\"wdtheader sort column-packagecase sorting\" tabindex=\"0\" colspan=\"1\" rowspan=\"1\" aria-controls=\"table_1\" aria-label=\"        G\u00f3i \/ V\u1ecf h\u1ed9p\">G\u00f3i \/ H\u1ed9p<\/th>\n<th class=\"wdtheader sort column-supplycurrentmax sorting\" tabindex=\"0\" colspan=\"1\" rowspan=\"1\" aria-controls=\"table_1\" aria-label=\"        Supply Current (Max)undefined\">D\u00f2ng \u0111i\u1ec7n cung c\u1ea5p (T\u1ed1i \u0111a)<\/th>\n<th class=\"wdtheader sort column-sensitivity sorting\" tabindex=\"0\" colspan=\"1\" rowspan=\"1\" aria-controls=\"table_1\" aria-label=\"        Sensitivityundefined\">\u0110\u1ed9 nh\u1ea1y<\/th>\n<th class=\"wdtheader sort column-function sorting\" tabindex=\"0\" colspan=\"1\" rowspan=\"1\" aria-controls=\"table_1\" aria-label=\"        Functionundefined\">Ch\u1ee9c n\u0103ng<\/th>\n<\/tr>\n<\/thead>\n<tbody>\n<tr class=\"odd\">\n<td class=\"expand  column-mfrpart\">A4989SLDTR-T<\/td>\n<td class=\"column-datasheet\"><a href=\"https:\/\/www.lxbchip.com\/wp-content\/uploads\/2026\/01\/A4989SLDTR-T.pdf\" target=\"_blank\" rel=\"noopener\"><img decoding=\"async\" src=\"https:\/\/www.lxbchip.com\/wp-content\/uploads\/2025\/12\/icon-datasheet.svg\" alt=\"\" \/><\/a><\/td>\n<td class=\"column-manufacturer\">ALLEGRO<\/td>\n<td class=\"column-currentrating\">Kh\u00f4ng \u00e1p d\u1ee5ng<\/td>\n<td class=\"column-sensortype\">Kh\u00f4ng \u00e1p d\u1ee5ng<\/td>\n<td class=\"column-responsetime\">~120 ns th\u1eddi gian t\u0103ng<\/td>\n<td class=\"column-operatingsupplyvoltage\">Logic t\u1eeb 3 V \u0111\u1ebfn 5,5 V<\/td>\n<td class=\"column-outputtype\">\u0110\u1ea7u ra k\u1ef9 thu\u1eadt s\u1ed1 \/ \u0110\u1ea7u ra c\u1ed5ng<\/td>\n<td class=\"column-operatingtemperature\">-20 \u00b0C \u0111\u1ebfn +85 \u00b0C<\/td>\n<td class=\"column-accuracy\">Kh\u00f4ng \u00e1p d\u1ee5ng<\/td>\n<td class=\"column-packagecase\">TSSOP-38<\/td>\n<td class=\"column-supplycurrentmax\">200 miliampe<\/td>\n<td class=\"column-sensitivity\">Kh\u00f4ng \u00e1p d\u1ee5ng<\/td>\n<td class=\"column-function\">B\u1ed9 \u0111i\u1ec1u khi\u1ec3n MOSFET c\u1ea7u \u0111\u00f4i<\/td>\n<\/tr>\n<\/tbody>\n<\/table>","protected":false},"excerpt":{"rendered":"<p><strong>Nh\u00e0 s\u1ea3n xu\u1ea5t:<\/strong> Allegro MicroSystems<br \/>\n<strong>T\u1ebf b\u00e0o logic:<\/strong> Microstepping motor driver IC<br \/>\n<strong>C\u00e1c l\u00e1t c\u1eaft logic:<\/strong> DMOS full-bridge motor drive and control logic<br \/>\n<strong>B\u1ed9 nh\u1edb RAM t\u00edch h\u1ee3p (eRAM):<\/strong> \u2013<br \/>\n<strong>G\u00f3i:<\/strong> TSSOP-28<br \/>\n<strong>Nhi\u1ec7t \u0111\u1ed9 ho\u1ea1t \u0111\u1ed9ng:<\/strong> -40 \u00b0C \u0111\u1ebfn +105 \u00b0C<\/p>","protected":false},"featured_media":0,"template":"","meta":{"_acf_changed":false,"jetpack_publicize_message":"","jetpack_publicize_feature_enabled":true,"jetpack_social_post_already_shared":false,"jetpack_social_options":{"image_generator_settings":{"template":"highway","default_image_id":0,"font":"","enabled":false},"version":2}},"product_brand":[],"product_cat":[80],"product_tag":[],"class_list":{"0":"post-10531","1":"product","2":"type-product","3":"status-publish","5":"product_cat-allegro","7":"first","8":"instock","9":"shipping-taxable","10":"product-type-simple"},"acf":[],"aioseo_notices":[],"jetpack_publicize_connections":[],"_links":{"self":[{"href":"https:\/\/www.lxbchip.com\/vi\/wp-json\/wp\/v2\/product\/10531","targetHints":{"allow":["GET"]}}],"collection":[{"href":"https:\/\/www.lxbchip.com\/vi\/wp-json\/wp\/v2\/product"}],"about":[{"href":"https:\/\/www.lxbchip.com\/vi\/wp-json\/wp\/v2\/types\/product"}],"wp:attachment":[{"href":"https:\/\/www.lxbchip.com\/vi\/wp-json\/wp\/v2\/media?parent=10531"}],"wp:term":[{"taxonomy":"product_brand","embeddable":true,"href":"https:\/\/www.lxbchip.com\/vi\/wp-json\/wp\/v2\/product_brand?post=10531"},{"taxonomy":"product_cat","embeddable":true,"href":"https:\/\/www.lxbchip.com\/vi\/wp-json\/wp\/v2\/product_cat?post=10531"},{"taxonomy":"product_tag","embeddable":true,"href":"https:\/\/www.lxbchip.com\/vi\/wp-json\/wp\/v2\/product_tag?post=10531"}],"curies":[{"name":"wp","href":"https:\/\/api.w.org\/{rel}","templated":true}]}}