{"id":10469,"date":"2026-01-15T19:09:32","date_gmt":"2026-01-15T11:09:32","guid":{"rendered":"https:\/\/www.lxbchip.com\/products\/ad5317rbruz\/"},"modified":"2026-01-19T17:16:00","modified_gmt":"2026-01-19T09:16:00","slug":"ad5317rbruz","status":"publish","type":"product","link":"https:\/\/www.lxbchip.com\/vi\/products\/ad5317rbruz\/","title":{"rendered":"AD5317RBRUZ"},"content":{"rendered":"<table id=\"table_1\" class=\"scroll display nowrap data-t data-t wpDataTable wpDataTableID-15 dataTable\" data-described-by=\"table_1_desc\" data-wpdatatable_id=\"15\" aria-describedby=\"table_1_info\">\n<thead>\n<tr>\n<th class=\"wdtheader expand column-mfrpart sorting_disabled\" colspan=\"1\" rowspan=\"1\" data-class=\"expand\" aria-label=\"        Ph\u1ee5 t\u00f9ng c\u1ee7a nh\u00e0 s\u1ea3n xu\u1ea5t\">Ph\u1ee5 t\u00f9ng c\u1ee7a nh\u00e0 s\u1ea3n xu\u1ea5t<\/th>\n<th class=\"wdtheader sort column-datasheet sorting\" tabindex=\"0\" colspan=\"1\" rowspan=\"1\" aria-controls=\"table_1\" aria-label=\"        B\u1ea3ng th\u00f4ng s\u1ed1 k\u1ef9 thu\u1eadt (ch\u01b0a x\u00e1c \u0111\u1ecbnh)\">B\u1ea3ng d\u1eef li\u1ec7u<\/th>\n<th class=\"wdtheader sort column-series sorting\" tabindex=\"0\" colspan=\"1\" rowspan=\"1\" aria-controls=\"table_1\" aria-label=\"        Seriesundefined\">B\u1ed9<\/th>\n<th class=\"wdtheader sort column-manufacturer sorting\" tabindex=\"0\" colspan=\"1\" rowspan=\"1\" aria-controls=\"table_1\" aria-label=\"        Nh\u00e0 s\u1ea3n xu\u1ea5t ch\u01b0a x\u00e1c \u0111\u1ecbnh\">Nh\u00e0 s\u1ea3n xu\u1ea5t<\/th>\n<th class=\"wdtheader sort column-package sorting\" tabindex=\"0\" colspan=\"1\" rowspan=\"1\" aria-controls=\"table_1\" aria-label=\"        G\u00f3i ch\u01b0a \u0111\u01b0\u1ee3c x\u00e1c \u0111\u1ecbnh\">G\u00f3i<\/th>\n<th class=\"wdtheader sort column-topology sorting\" tabindex=\"0\" colspan=\"1\" rowspan=\"1\" aria-controls=\"table_1\" aria-label=\"        Kh\u00f4ng x\u00e1c \u0111\u1ecbnh v\u1ec1 m\u1eb7t c\u1ea5u tr\u00fac\">\u0110\u1ecba h\u00ecnh<\/th>\n<th class=\"wdtheader sort column-productstatus sorting\" tabindex=\"0\" colspan=\"1\" rowspan=\"1\" aria-controls=\"table_1\" aria-label=\"        Tr\u1ea1ng th\u00e1i s\u1ea3n ph\u1ea9m: Ch\u01b0a x\u00e1c \u0111\u1ecbnh\">T\u00ecnh tr\u1ea1ng s\u1ea3n ph\u1ea9m<\/th>\n<th class=\"wdtheader sort column-mountingtype sorting\" tabindex=\"0\" colspan=\"1\" rowspan=\"1\" aria-controls=\"table_1\" aria-label=\"        Lo\u1ea1i l\u1eafp \u0111\u1eb7t ch\u01b0a x\u00e1c \u0111\u1ecbnh\">Lo\u1ea1i l\u1eafp \u0111\u1eb7t<\/th>\n<th class=\"wdtheader sort column-switchingfrequency sorting\" tabindex=\"0\" colspan=\"1\" rowspan=\"1\" aria-controls=\"table_1\" aria-label=\"        T\u1ea7n s\u1ed1 chuy\u1ec3n m\u1ea1ch: ch\u01b0a x\u00e1c \u0111\u1ecbnh\">T\u1ea7n s\u1ed1 chuy\u1ec3n m\u1ea1ch<\/th>\n<th class=\"wdtheader sort column-function sorting\" tabindex=\"0\" colspan=\"1\" rowspan=\"1\" aria-controls=\"table_1\" aria-label=\"        Ch\u1ee9c n\u0103ng ch\u01b0a \u0111\u01b0\u1ee3c \u0111\u1ecbnh ngh\u0129a\">Ch\u1ee9c n\u0103ng<\/th>\n<th class=\"wdtheader sort column-inputvoltage sorting\" tabindex=\"0\" colspan=\"1\" rowspan=\"1\" aria-controls=\"table_1\" aria-label=\"        \u0110i\u1ec7n \u00e1p \u0111\u1ea7u v\u00e0o: ch\u01b0a x\u00e1c \u0111\u1ecbnh\">\u0110i\u1ec7n \u00e1p \u0111\u1ea7u v\u00e0o<\/th>\n<th class=\"wdtheader sort column-outputvoltage sorting\" tabindex=\"0\" colspan=\"1\" rowspan=\"1\" aria-controls=\"table_1\" aria-label=\"        \u0110i\u1ec7n \u00e1p \u0111\u1ea7u ra: ch\u01b0a x\u00e1c \u0111\u1ecbnh\">\u0110i\u1ec7n \u00e1p \u0111\u1ea7u ra<\/th>\n<th class=\"wdtheader sort column-numberofoutputs sorting\" tabindex=\"0\" colspan=\"1\" rowspan=\"1\" aria-controls=\"table_1\" aria-label=\"        S\u1ed1 l\u01b0\u1ee3ng \u0111\u1ea7u ra: ch\u01b0a x\u00e1c \u0111\u1ecbnh\">S\u1ed1 l\u01b0\u1ee3ng \u0111\u1ea7u ra<\/th>\n<th class=\"wdtheader sort column-operatingtemperature sorting\" tabindex=\"0\" colspan=\"1\" rowspan=\"1\" aria-controls=\"table_1\" aria-label=\"        Nhi\u1ec7t \u0111\u1ed9 ho\u1ea1t \u0111\u1ed9ng: Ch\u01b0a x\u00e1c \u0111\u1ecbnh\">Nhi\u1ec7t \u0111\u1ed9 ho\u1ea1t \u0111\u1ed9ng<\/th>\n<th class=\"wdtheader sort column-outputtype sorting\" tabindex=\"0\" colspan=\"1\" rowspan=\"1\" aria-controls=\"table_1\" aria-label=\"        Lo\u1ea1i \u0111\u1ea7u ra: ch\u01b0a x\u00e1c \u0111\u1ecbnh\">Lo\u1ea1i \u0111\u1ea7u ra<\/th>\n<th class=\"wdtheader sort column-outputcurrent sorting\" tabindex=\"0\" colspan=\"1\" rowspan=\"1\" aria-controls=\"table_1\" aria-label=\"        D\u00f2ng \u0111i\u1ec7n ra ch\u01b0a \u0111\u01b0\u1ee3c x\u00e1c \u0111\u1ecbnh\">D\u00f2ng \u0111i\u1ec7n ra<\/th>\n<\/tr>\n<\/thead>\n<tbody>\n<tr class=\"odd\">\n<td class=\"expand  column-mfrpart\"><a href=\"https:\/\/www.lxbchip.com\/vi\/products\/ad5317rbruz\/\" target=\"_blank\" rel=\"noopener\">AD5317RBRUZ<\/a><\/td>\n<td class=\"column-datasheet\"><a href=\"https:\/\/www.lxbchip.com\/wp-content\/uploads\/2026\/01\/AD5317RBRUZ.pdf\" target=\"_blank\" rel=\"noopener\"><img decoding=\"async\" src=\"https:\/\/www.lxbchip.com\/wp-content\/uploads\/2025\/12\/icon-datasheet.svg\" alt=\"\" \/><\/a><\/td>\n<td class=\"column-series\">AD5317<\/td>\n<td class=\"column-manufacturer\">Thi\u1ebft b\u1ecb t\u01b0\u01a1ng t\u1ef1<\/td>\n<td class=\"column-package\">16-TSSOP<\/td>\n<td class=\"column-topology\">\u2014<\/td>\n<td class=\"column-productstatus\">Ho\u1ea1t \u0111\u1ed9ng<\/td>\n<td class=\"column-mountingtype\">L\u1eafp \u0111\u1eb7t b\u1ec1 m\u1eb7t<\/td>\n<td class=\"column-switchingfrequency\">\u2014<\/td>\n<td class=\"column-function\">B\u1ed9 chuy\u1ec3n \u0111\u1ed5i s\u1ed1 sang analog 10 bit<\/td>\n<td class=\"column-inputvoltage\">2,7 V \u2013 5,5 V<\/td>\n<td class=\"column-outputvoltage\">0\u2013VREF<\/td>\n<td class=\"column-numberofoutputs\">1<\/td>\n<td class=\"column-operatingtemperature\">\u221240\u00b0C \u0111\u1ebfn +125\u00b0C<\/td>\n<td class=\"column-outputtype\">Analog<\/td>\n<td class=\"column-outputcurrent\">\u2014<\/td>\n<\/tr>\n<\/tbody>\n<\/table>","protected":false},"excerpt":{"rendered":"<p><strong>Nh\u00e0 s\u1ea3n xu\u1ea5t:<\/strong> Thi\u1ebft b\u1ecb t\u01b0\u01a1ng t\u1ef1<br \/>\n<strong>T\u1ebf b\u00e0o logic:<\/strong> B\u1ed9 chuy\u1ec3n \u0111\u1ed5i s\u1ed1 sang analog (DAC) 10-bit b\u1ed1n k\u00eanh<br \/>\n<strong>C\u00e1c l\u00e1t c\u1eaft logic:<\/strong> Ki\u1ebfn tr\u00fac giao di\u1ec7n n\u1ed1i ti\u1ebfp t\u01b0\u01a1ng th\u00edch SPI<br \/>\n<strong>B\u1ed9 nh\u1edb RAM t\u00edch h\u1ee3p (eRAM):<\/strong> \u0110\u0103ng k\u00fd DAC t\u00edch h\u1ee3p v\u00e0 m\u1ea1ch \u0111i\u1ec1u khi\u1ec3n<br \/>\n<strong>G\u00f3i:<\/strong> TSSOP-16<br \/>\n<strong>Nhi\u1ec7t \u0111\u1ed9 ho\u1ea1t \u0111\u1ed9ng:<\/strong> C\u00f4ng nghi\u1ec7p (-40 \u00b0C \u0111\u1ebfn +85 \u00b0C)<\/p>","protected":false},"featured_media":0,"template":"","meta":{"_acf_changed":false},"product_brand":[],"product_cat":[129],"product_tag":[],"class_list":{"0":"post-10469","1":"product","2":"type-product","3":"status-publish","5":"product_cat-adi","7":"first","8":"instock","9":"product-type-simple"},"acf":[],"aioseo_notices":[],"_links":{"self":[{"href":"https:\/\/www.lxbchip.com\/vi\/wp-json\/wp\/v2\/product\/10469","targetHints":{"allow":["GET"]}}],"collection":[{"href":"https:\/\/www.lxbchip.com\/vi\/wp-json\/wp\/v2\/product"}],"about":[{"href":"https:\/\/www.lxbchip.com\/vi\/wp-json\/wp\/v2\/types\/product"}],"wp:attachment":[{"href":"https:\/\/www.lxbchip.com\/vi\/wp-json\/wp\/v2\/media?parent=10469"}],"wp:term":[{"taxonomy":"product_brand","embeddable":true,"href":"https:\/\/www.lxbchip.com\/vi\/wp-json\/wp\/v2\/product_brand?post=10469"},{"taxonomy":"product_cat","embeddable":true,"href":"https:\/\/www.lxbchip.com\/vi\/wp-json\/wp\/v2\/product_cat?post=10469"},{"taxonomy":"product_tag","embeddable":true,"href":"https:\/\/www.lxbchip.com\/vi\/wp-json\/wp\/v2\/product_tag?post=10469"}],"curies":[{"name":"wp","href":"https:\/\/api.w.org\/{rel}","templated":true}]}}