{"id":10449,"date":"2026-01-15T19:09:21","date_gmt":"2026-01-15T11:09:21","guid":{"rendered":"https:\/\/www.lxbchip.com\/products\/lt1964es5-byp\/"},"modified":"2026-01-19T16:31:50","modified_gmt":"2026-01-19T08:31:50","slug":"lt1964es5-byp","status":"publish","type":"product","link":"https:\/\/www.lxbchip.com\/vi\/products\/lt1964es5-byp\/","title":{"rendered":"LT1964ES5-BYP"},"content":{"rendered":"<table id=\"table_1\" class=\"scroll display nowrap data-t data-t wpDataTable wpDataTableID-15 dataTable\" data-described-by=\"table_1_desc\" data-wpdatatable_id=\"15\" aria-describedby=\"table_1_info\">\n<thead>\n<tr>\n<th class=\"wdtheader expand column-mfrpart sorting_disabled\" colspan=\"1\" rowspan=\"1\" data-class=\"expand\" aria-label=\" Ph\u1ee5 t\u00f9ng c\u1ee7a nh\u00e0 s\u1ea3n xu\u1ea5t\">Ph\u1ee5 t\u00f9ng c\u1ee7a nh\u00e0 s\u1ea3n xu\u1ea5t<\/th>\n<th class=\"wdtheader sort column-datasheet sorting\" tabindex=\"0\" colspan=\"1\" rowspan=\"1\" aria-controls=\"table_1\" aria-label=\" Datasheetundefined\">B\u1ea3ng d\u1eef li\u1ec7u<\/th>\n<th class=\"wdtheader sort column-series sorting\" tabindex=\"0\" colspan=\"1\" rowspan=\"1\" aria-controls=\"table_1\" aria-label=\" Seriesundefined\">B\u1ed9<\/th>\n<th class=\"wdtheader sort column-manufacturer sorting\" tabindex=\"0\" colspan=\"1\" rowspan=\"1\" aria-controls=\"table_1\" aria-label=\" Manufacturerundefined\">Nh\u00e0 s\u1ea3n xu\u1ea5t<\/th>\n<th class=\"wdtheader sort column-package sorting\" tabindex=\"0\" colspan=\"1\" rowspan=\"1\" aria-controls=\"table_1\" aria-label=\" Packageundefined\">G\u00f3i<\/th>\n<th class=\"wdtheader sort column-topology sorting\" tabindex=\"0\" colspan=\"1\" rowspan=\"1\" aria-controls=\"table_1\" aria-label=\" Topologyundefined\">\u0110\u1ecba h\u00ecnh<\/th>\n<th class=\"wdtheader sort column-productstatus sorting\" tabindex=\"0\" colspan=\"1\" rowspan=\"1\" aria-controls=\"table_1\" aria-label=\" Product Statusundefined\">T\u00ecnh tr\u1ea1ng s\u1ea3n ph\u1ea9m<\/th>\n<th class=\"wdtheader sort column-mountingtype sorting\" tabindex=\"0\" colspan=\"1\" rowspan=\"1\" aria-controls=\"table_1\" aria-label=\" Lo\u1ea1i l\u1eafp \u0111\u1eb7t ch\u01b0a x\u00e1c \u0111\u1ecbnh\">Lo\u1ea1i l\u1eafp \u0111\u1eb7t<\/th>\n<th class=\"wdtheader sort column-switchingfrequency sorting\" tabindex=\"0\" colspan=\"1\" rowspan=\"1\" aria-controls=\"table_1\" aria-label=\" Switching Frequencyundefined\">T\u1ea7n s\u1ed1 chuy\u1ec3n m\u1ea1ch<\/th>\n<th class=\"wdtheader sort column-function sorting\" tabindex=\"0\" colspan=\"1\" rowspan=\"1\" aria-controls=\"table_1\" aria-label=\" Functionundefined\">Ch\u1ee9c n\u0103ng<\/th>\n<th class=\"wdtheader sort column-inputvoltage sorting\" tabindex=\"0\" colspan=\"1\" rowspan=\"1\" aria-controls=\"table_1\" aria-label=\" Input Voltageundefined\">\u0110i\u1ec7n \u00e1p \u0111\u1ea7u v\u00e0o<\/th>\n<th class=\"wdtheader sort column-outputvoltage sorting\" tabindex=\"0\" colspan=\"1\" rowspan=\"1\" aria-controls=\"table_1\" aria-label=\" Output Voltageundefined\">\u0110i\u1ec7n \u00e1p \u0111\u1ea7u ra<\/th>\n<th class=\"wdtheader sort column-numberofoutputs sorting\" tabindex=\"0\" colspan=\"1\" rowspan=\"1\" aria-controls=\"table_1\" aria-label=\" Number of Outputsundefined\">S\u1ed1 l\u01b0\u1ee3ng \u0111\u1ea7u ra<\/th>\n<th class=\"wdtheader sort column-operatingtemperature sorting\" tabindex=\"0\" colspan=\"1\" rowspan=\"1\" aria-controls=\"table_1\" aria-label=\" Nhi\u1ec7t \u0111\u1ed9 ho\u1ea1t \u0111\u1ed9ng: Ch\u01b0a x\u00e1c \u0111\u1ecbnh\">Nhi\u1ec7t \u0111\u1ed9 ho\u1ea1t \u0111\u1ed9ng<\/th>\n<th class=\"wdtheader sort column-outputtype sorting\" tabindex=\"0\" colspan=\"1\" rowspan=\"1\" aria-controls=\"table_1\" aria-label=\" Output Typeundefined\">Lo\u1ea1i \u0111\u1ea7u ra<\/th>\n<th class=\"wdtheader sort column-outputcurrent sorting\" tabindex=\"0\" colspan=\"1\" rowspan=\"1\" aria-controls=\"table_1\" aria-label=\" Output Currentundefined\">D\u00f2ng \u0111i\u1ec7n ra<\/th>\n<\/tr>\n<\/thead>\n<tbody>\n<tr class=\"odd\">\n<td class=\"expand column-mfrpart\"><a href=\"https:\/\/www.lxbchip.com\/vi\/products\/lt1964es5-byp\/\" target=\"_blank\" rel=\"noopener\">LT1964ES5-BYP<\/a><\/td>\n<td class=\"column-datasheet\"><a href=\"https:\/\/www.lxbchip.com\/wp-content\/uploads\/2026\/01\/LT1964ES5-BYP.pdf\" target=\"_blank\" rel=\"noopener\"><img decoding=\"async\" src=\"https:\/\/www.lxbchip.com\/wp-content\/uploads\/2025\/12\/icon-datasheet.svg\" alt=\"\" \/><\/a><\/td>\n<td class=\"column-series\">LT1964<\/td>\n<td class=\"column-manufacturer\">Thi\u1ebft b\u1ecb t\u01b0\u01a1ng t\u1ef1<\/td>\n<td class=\"column-package\">SOT-23-5<\/td>\n<td class=\"column-topology\">LDO<\/td>\n<td class=\"column-productstatus\">Ho\u1ea1t \u0111\u1ed9ng<\/td>\n<td class=\"column-mountingtype\">L\u1eafp \u0111\u1eb7t b\u1ec1 m\u1eb7t<\/td>\n<td class=\"column-switchingfrequency\">Kh\u00f4ng \u00e1p d\u1ee5ng<\/td>\n<td class=\"column-function\">M\u1ea1ch \u0111i\u1ec1u ch\u1ec9nh \u0111i\u1ec7n \u00e1p tuy\u1ebfn t\u00ednh (LDO) c\u00f3 \u0111\u1ed9 \u1ed3n th\u1ea5p<\/td>\n<td class=\"column-inputvoltage\">1,9 V \u2013 20 V<\/td>\n<td class=\"column-outputvoltage\">1,8 V \u2013 15 V<\/td>\n<td class=\"column-numberofoutputs\">1<\/td>\n<td class=\"column-operatingtemperature\">\u221240\u00b0C \u0111\u1ebfn +125\u00b0C<\/td>\n<td class=\"column-outputtype\">\u0110\u01b0\u1eddng th\u1eb3ng<\/td>\n<td class=\"column-outputcurrent\">200 miliampe<\/td>\n<\/tr>\n<\/tbody>\n<\/table>","protected":false},"excerpt":{"rendered":"<p><strong>Nh\u00e0 s\u1ea3n xu\u1ea5t:<\/strong> Analog Devices (Linear Technology)<br \/>\n<strong>T\u1ebf b\u00e0o logic:<\/strong> Negative low-noise LDO regulator<br \/>\n<strong>C\u00e1c l\u00e1t c\u1eaft logic:<\/strong> Low dropout, low quiescent current design<br \/>\n<strong>B\u1ed9 nh\u1edb RAM t\u00edch h\u1ee3p (eRAM):<\/strong> Internal reference and control circuitry<br \/>\n<strong>G\u00f3i:<\/strong> TSOT-23-5<br \/>\n<strong>Nhi\u1ec7t \u0111\u1ed9 ho\u1ea1t \u0111\u1ed9ng:<\/strong> Industrial (-40 \u00b0C to +125 \u00b0C)<\/p>","protected":false},"featured_media":0,"template":"","meta":{"_acf_changed":false,"jetpack_publicize_message":"","jetpack_publicize_feature_enabled":true,"jetpack_social_post_already_shared":false,"jetpack_social_options":{"image_generator_settings":{"template":"highway","default_image_id":0,"font":"","enabled":false},"version":2}},"product_brand":[],"product_cat":[129],"product_tag":[],"class_list":{"0":"post-10449","1":"product","2":"type-product","3":"status-publish","5":"product_cat-adi","7":"first","8":"instock","9":"product-type-simple"},"acf":[],"aioseo_notices":[],"jetpack_publicize_connections":[],"_links":{"self":[{"href":"https:\/\/www.lxbchip.com\/vi\/wp-json\/wp\/v2\/product\/10449","targetHints":{"allow":["GET"]}}],"collection":[{"href":"https:\/\/www.lxbchip.com\/vi\/wp-json\/wp\/v2\/product"}],"about":[{"href":"https:\/\/www.lxbchip.com\/vi\/wp-json\/wp\/v2\/types\/product"}],"wp:attachment":[{"href":"https:\/\/www.lxbchip.com\/vi\/wp-json\/wp\/v2\/media?parent=10449"}],"wp:term":[{"taxonomy":"product_brand","embeddable":true,"href":"https:\/\/www.lxbchip.com\/vi\/wp-json\/wp\/v2\/product_brand?post=10449"},{"taxonomy":"product_cat","embeddable":true,"href":"https:\/\/www.lxbchip.com\/vi\/wp-json\/wp\/v2\/product_cat?post=10449"},{"taxonomy":"product_tag","embeddable":true,"href":"https:\/\/www.lxbchip.com\/vi\/wp-json\/wp\/v2\/product_tag?post=10449"}],"curies":[{"name":"wp","href":"https:\/\/api.w.org\/{rel}","templated":true}]}}