{"id":8559,"date":"2025-12-15T21:11:46","date_gmt":"2025-12-15T13:11:46","guid":{"rendered":"https:\/\/www.lxbchip.com\/?page_id=8559"},"modified":"2025-12-20T16:13:21","modified_gmt":"2025-12-20T08:13:21","slug":"sensors-for-transportation","status":"publish","type":"page","link":"https:\/\/www.lxbchip.com\/vi\/sensors-for-transportation\/","title":{"rendered":"C\u1ea3m bi\u1ebfn cho giao th\u00f4ng"},"content":{"rendered":"<div class=\"wpb-content-wrapper\"><div class=\"vc_row wpb_row vc_row-fluid vc_custom_1765779186129 wd-rs-693fa6ea5c73f\"><div class=\"wpb_column vc_column_container vc_col-sm-12 wd-rs-63514c8260958\"><div class=\"vc_column-inner vc_custom_1666272391679\"><div class=\"wpb_wrapper\">\n\t\t<div id=\"wd-69465a7d8bec2\" class=\"title-wrapper wd-wpb wd-set-mb reset-last-child  wd-rs-69465a7d8bec2 wd-title-color-default wd-title-style-default text-center  wd-underline-colored\">\n\t\t\t\n\t\t\t<div class=\"liner-continer\">\n\t\t\t\t<h4 class=\"woodmart-title-container title  wd-font-weight- wd-fontsize-m\" >C\u1ea3m bi\u1ebfn cho giao th\u00f4ng<\/h4>\n\t\t\t\t\t\t\t<\/div>\n\t\t\t\n\t\t\t\t\t\t\t<div class=\"title-after_title reset-last-child  wd-fontsize-xs\">C\u00e1c linh ki\u1ec7n \u0111i\u1ec7n t\u1eed \u0111\u00e1ng tin c\u1eady v\u00e0 h\u1ed7 tr\u1ee3 chu\u1ed7i cung \u1ee9ng cho c\u00e1c h\u1ec7 th\u1ed1ng k\u1ebft n\u1ed1i.<\/div>\n\t\t\t\n\t\t\t\n\t\t<\/div>\n\t\t\n\t\t\t\t<div id=\"wd-6940e04c6fbb5\" class=\"wd-image wd-wpb wd-rs-6940e04c6fbb5 text-center\">\n\t\t\t\n\t\t\t<img loading=\"lazy\" decoding=\"async\" width=\"600\" height=\"343\" src=\"https:\/\/www.lxbchip.com\/wp-content\/uploads\/2025\/12\/speeding-carsi.jpg\" class=\"attachment-600x343 size-600x343\" alt=\"\" srcset=\"https:\/\/www.lxbchip.com\/wp-content\/uploads\/2025\/12\/speeding-carsi.jpg 600w, https:\/\/www.lxbchip.com\/wp-content\/uploads\/2025\/12\/speeding-carsi-150x86.jpg 150w, https:\/\/www.lxbchip.com\/wp-content\/uploads\/2025\/12\/speeding-carsi-300x172.jpg 300w, https:\/\/www.lxbchip.com\/wp-content\/uploads\/2025\/12\/speeding-carsi-18x10.jpg 18w\" sizes=\"auto, (max-width: 600px) 100vw, 600px\" \/>\n\t\t\t\t\t<\/div>\n\t\t\t\t<div id=\"wd-69465a97724e3\" class=\"wd-text-block wd-wpb reset-last-child wd-rs-69465a97724e3 text-center vc_custom_1766218398378\">\n\t\t\t<div class=\"flex flex-col text-sm @w-xl\/main:pt-header-height pb-25\">\n<article class=\"text-token-text-primary w-full focus:outline-none &#091;--shadow-height:45px&#093; has-data-writing-block:pointer-events-none has-data-writing-block:-mt-(--shadow-height) has-data-writing-block:pt-(--shadow-height) &#091;&amp;:has(&#091;data-writing-block&#093;)&gt;*&#093;:pointer-events-auto scroll-mt-&#091;calc(var(--header-height)+min(200px,max(70px,20svh)))&#093;\" dir=\"auto\" tabindex=\"-1\" data-turn-id=\"request-WEB:4df86dff-3bf5-4179-906a-0ffa94fce0a2-4\" data-testid=\"conversation-turn-10\" data-scroll-anchor=\"true\" data-turn=\"assistant\">\n<div class=\"text-base my-auto mx-auto pb-10 &#091;--thread-content-margin:--spacing(4)&#093; @w-sm\/main:&#091;--thread-content-margin:--spacing(6)&#093; @w-lg\/main:&#091;--thread-content-margin:--spacing(16)&#093; px-(--thread-content-margin)\">\n<div class=\"&#091;--thread-content-max-width:40rem&#093; @w-lg\/main:&#091;--thread-content-max-width:48rem&#093; mx-auto max-w-(--thread-content-max-width) flex-1 group\/turn-messages focus-visible:outline-hidden relative flex w-full min-w-0 flex-col agent-turn\" tabindex=\"-1\">\n<div class=\"flex max-w-full flex-col grow\">\n<div class=\"min-h-8 text-message relative flex w-full flex-col items-end gap-2 text-start break-words whitespace-normal &#091;.text-message+&amp;&#093;:mt-1\" dir=\"auto\" data-message-author-role=\"assistant\" data-message-id=\"27b267f3-ab48-4550-8cfe-e692a4c37bff\" data-message-model-slug=\"gpt-5-2\">\n<div class=\"flex w-full flex-col gap-1 empty:hidden first:pt-&#091;1px&#093;\">\n<div class=\"markdown prose dark:prose-invert w-full break-words light markdown-new-styling\">\n<p data-start=\"345\" data-end=\"772\">Khi c\u00e1c H\u1ec7 th\u1ed1ng H\u1ed7 tr\u1ee3 L\u00e1i xe N\u00e2ng cao (ADAS) v\u00e0 c\u00f4ng ngh\u1ec7 l\u00e1i xe t\u1ef1 \u0111\u1ed9ng ti\u1ebfp t\u1ee5c ph\u00e1t tri\u1ec3n, c\u00e1c ph\u01b0\u01a1ng ti\u1ec7n hi\u1ec7n \u0111\u1ea1i ng\u00e0y c\u00e0ng ph\u1ee5 thu\u1ed9c v\u00e0o c\u00e1c ki\u1ebfn tr\u00fac c\u1ea3m bi\u1ebfn ch\u00ednh x\u00e1c v\u00e0 \u0111\u00e1ng tin c\u1eady \u0111\u1ec3 h\u1ed7 tr\u1ee3 an to\u00e0n, \u0111\u1ecbnh v\u1ecb v\u00e0 ra quy\u1ebft \u0111\u1ecbnh th\u1eddi gian th\u1ef1c. T\u1eeb vi\u1ec7c ph\u00e1t hi\u1ec7n ch\u01b0\u1edbng ng\u1ea1i v\u1eadt trong ph\u1ea1m vi ng\u1eafn \u0111\u1ebfn nh\u1eadn th\u1ee9c m\u00f4i tr\u01b0\u1eddng \u1edf kho\u1ea3ng c\u00e1ch xa, hi\u1ec7u su\u1ea5t c\u1ee7a c\u1ea3m bi\u1ebfn c\u00f3 \u1ea3nh h\u01b0\u1edfng tr\u1ef1c ti\u1ebfp \u0111\u1ebfn \u0111\u1ed9 tin c\u1eady c\u1ee7a h\u1ec7 th\u1ed1ng v\u00e0 an to\u00e0n c\u1ee7a ph\u01b0\u01a1ng ti\u1ec7n.<\/p>\n<p data-start=\"345\" data-end=\"772\">\u0110\u01b0\u1ee3c th\u00e0nh l\u1eadp v\u00e0o n\u0103m 2008, <span style=\"color: #000000;\"><strong>C\u00f4ng ty TNHH C\u00f4ng ngh\u1ec7 Shenzhen Lianxinbang (LXB Semicon).<\/strong><\/span> \u0110\u00e3 t\u00edch l\u0169y kinh nghi\u1ec7m l\u00e2u n\u0103m trong vi\u1ec7c h\u1ed7 tr\u1ee3 c\u00e1c n\u1ec1n t\u1ea3ng c\u1ea3m bi\u1ebfn \u00f4 t\u00f4 v\u00e0 giao th\u00f4ng b\u1eb1ng c\u00e1c gi\u1ea3i ph\u00e1p b\u00e1n d\u1eabn c\u00f3 \u0111\u1ed9 tin c\u1eady cao v\u00e0 kh\u1ea3 n\u0103ng cung \u1ee9ng to\u00e0n c\u1ea7u \u1ed5n \u0111\u1ecbnh. \u0110\u1ed9i ng\u0169 c\u1ee7a ch\u00fang t\u00f4i h\u1ee3p t\u00e1c ch\u1eb7t ch\u1ebd v\u1edbi c\u00e1c nh\u00e0 cung c\u1ea5p c\u1ea5p 1, nh\u00e0 t\u00edch h\u1ee3p h\u1ec7 th\u1ed1ng v\u00e0 \u0111\u1ed1i t\u00e1c OEM \u0111\u1ec3 \u0111\u1ea3m b\u1ea3o t\u00ednh li\u00ean t\u1ee5c c\u1ee7a linh ki\u1ec7n t\u1eeb giai \u0111o\u1ea1n x\u00e1c minh thi\u1ebft k\u1ebf ban \u0111\u1ea7u cho \u0111\u1ebfn s\u1ea3n xu\u1ea5t h\u00e0ng lo\u1ea1t.<\/p>\n<\/div>\n<\/div>\n<\/div>\n<\/div>\n<div class=\"mt-3 w-full empty:hidden\">\n<div class=\"text-center\"><\/div>\n<\/div>\n<\/div>\n<\/div>\n<\/article>\n<\/div>\n<div class=\"pointer-events-none h-px w-px absolute bottom-0\" aria-hidden=\"true\" data-edge=\"true\"><\/div>\n\t\t<\/div>\n\t\t<\/div><\/div><\/div><\/div><div class=\"vc_row wpb_row vc_row-fluid vc_custom_1666272691679 wd-rs-63514da96d73a\"><div class=\"wpb_column vc_column_container vc_col-sm-12 wd-rs-6940e086d597f\"><div class=\"vc_column-inner vc_custom_1765859512858\"><div class=\"wpb_wrapper\">\n\t\t<div id=\"wd-6940e07c1512c\" class=\"title-wrapper wd-wpb wd-set-mb reset-last-child  wd-rs-6940e07c1512c wd-title-color-default wd-title-style-default text-left vc_custom_1765859567734 wd-underline-colored\">\n\t\t\t\n\t\t\t<div class=\"liner-continer\">\n\t\t\t\t<h4 class=\"woodmart-title-container title  wd-font-weight- wd-fontsize-m\" >\u1ee8ng d\u1ee5ng c\u1ee7a c\u1ea3m bi\u1ebfn kho\u1ea3ng c\u00e1ch v\u00e0 \u0111\u1ecbnh v\u1ecb<\/h4>\n\t\t\t\t\t\t\t<\/div>\n\t\t\t\n\t\t\t\n\t\t\t\n\t\t<\/div>\n\t\t\n\t\t\t\t<div id=\"wd-6940e0dcb6159\" class=\"wd-text-block wd-wpb reset-last-child wd-rs-6940e0dcb6159 text-left vc_custom_1765859586844\">\n\t\t\t<p>Trong c\u00e1c h\u1ec7 th\u1ed1ng giao th\u00f4ng, nhi\u1ec1u c\u00f4ng ngh\u1ec7 c\u1ea3m bi\u1ebfn th\u01b0\u1eddng \u0111\u01b0\u1ee3c tri\u1ec3n khai c\u00f9ng nhau \u0111\u1ec3 \u0111\u1ea3m b\u1ea3o t\u00ednh d\u1ef1 ph\u00f2ng v\u00e0 \u0111\u1ed9 ch\u00ednh x\u00e1c:<\/p>\n\t\t<\/div>\n\t\t\t\t\t<div id=\"carousel-814\" class=\"wd-carousel-container info-box-carousel-wrapper wd-wpb  vc_custom_1765778087335 wd-rs-693fa295581c3\">\n\t\t\t\t<div class=\"wd-carousel-inner\">\n\t\t\t\t\t<div class=\"wd-carousel wd-grid info-box-carousel\" data-scroll_per_page=\"yes\" style=\"--wd-col-lg:4;--wd-col-md:4;--wd-col-sm:1;--wd-gap-lg:10px;\">\n\t\t\t\t\t\t<div class=\"wd-carousel-wrap\">\n\t\t\t\t\t\t\t\t\t\t<div class=\"info-box-wrapper wd-carousel-item\">\n\t\t\t\t<div id=\"wd-6940e10ff3e44\" class=\"wd-rs-6940e10ff3e44 wd-info-box wd-wpb text-center box-icon-align-top box-style- color-scheme- wd-bg-none vc_custom_1765859621156\">\n\t\t\t\t\t\t\t\t\t\t\t<div class=\"box-icon-wrapper  box-with-icon box-icon-simple\">\n\t\t\t\t\t\t\t<div class=\"info-box-icon\">\n\n\t\t\t\t\t\t\t\n\t\t\t\t\t\t\t\t\t\t\t\t\t\t\t\t\t<div class=\"info-svg-wrapper\" style=\"width: 64px;height: 64px;\"><img decoding=\"async\"  src=\"https:\/\/www.lxbchip.com\/wp-content\/themes\/woodmart\/images\/lazy.svg\" data-src=\"https:\/\/www.lxbchip.com\/wp-content\/uploads\/2025\/12\/logitech-g735-icon-1-1.svg\" loading=\"lazy\" width=\"64\" height=\"64\"><\/div>\t\t\t\t\t\t\t\t\t\t\t\t\t\t\t\n\t\t\t\t\t\t\t<\/div>\n\t\t\t\t\t\t<\/div>\n\t\t\t\t\t\t\t\t\t\t<div class=\"info-box-content\">\n\t\t\t\t\t\t<h4 class=\"info-box-title title box-title-style-default wd-fontsize-m\">C\u1ea3m bi\u1ebfn radar<\/h4>\t\t\t\t\t\t<div class=\"info-box-inner reset-last-child\"><p>C\u00e1c m\u00f4-\u0111un radar s\u1eed d\u1ee5ng t\u00edn hi\u1ec7u t\u1ea7n s\u1ed1 v\u00f4 tuy\u1ebfn \u0111\u1ec3 ph\u00e1t hi\u1ec7n xe c\u1ed9, ng\u01b0\u1eddi \u0111i b\u1ed9 v\u00e0 ch\u01b0\u1edbng ng\u1ea1i v\u1eadt ph\u00eda tr\u01b0\u1edbc v\u00e0 xung quanh xe. Ch\u00fang \u0111\u01b0\u1ee3c s\u1eed d\u1ee5ng r\u1ed9ng r\u00e3i trong h\u1ec7 th\u1ed1ng ki\u1ec3m so\u00e1t h\u00e0nh tr\u00ecnh th\u00edch \u1ee9ng, ph\u00e1t hi\u1ec7n \u0111i\u1ec3m m\u00f9 v\u00e0 c\u1ea3nh b\u00e1o va ch\u1ea1m nh\u1edd hi\u1ec7u su\u1ea5t cao trong \u0111i\u1ec1u ki\u1ec7n th\u1eddi ti\u1ebft x\u1ea5u.<\/p>\n<\/div>\n\n\t\t\t\t\t\t\t\t\t\t\t<\/div>\n\n\t\t\t\t\t\n\t\t\t\t\t\t\t\t\t<\/div>\n\t\t\t<\/div>\n\t\t\t\t\t<div class=\"info-box-wrapper wd-carousel-item\">\n\t\t\t\t<div id=\"wd-6940e12a0dd30\" class=\"wd-rs-6940e12a0dd30 wd-info-box wd-wpb text-center box-icon-align-top box-style- color-scheme- wd-bg-none vc_custom_1765859642858\">\n\t\t\t\t\t\t\t\t\t\t\t<div class=\"box-icon-wrapper  box-with-icon box-icon-simple\">\n\t\t\t\t\t\t\t<div class=\"info-box-icon\">\n\n\t\t\t\t\t\t\t\n\t\t\t\t\t\t\t\t\t\t\t\t\t\t\t\t\t<div class=\"info-svg-wrapper\" style=\"width: 64px;height: 64px;\"><img decoding=\"async\"  src=\"https:\/\/www.lxbchip.com\/wp-content\/themes\/woodmart\/images\/lazy.svg\" data-src=\"https:\/\/www.lxbchip.com\/wp-content\/uploads\/2025\/12\/logitech-g735-icon-2-1.svg\" loading=\"lazy\" width=\"64\" height=\"64\"><\/div>\t\t\t\t\t\t\t\t\t\t\t\t\t\t\t\n\t\t\t\t\t\t\t<\/div>\n\t\t\t\t\t\t<\/div>\n\t\t\t\t\t\t\t\t\t\t<div class=\"info-box-content\">\n\t\t\t\t\t\t<h4 class=\"info-box-title title box-title-style-default wd-fontsize-m\">C\u1ea3m bi\u1ebfn LiDAR<\/h4>\t\t\t\t\t\t<div class=\"info-box-inner reset-last-child\"><p>H\u1ec7 th\u1ed1ng LiDAR \u0111o kho\u1ea3ng c\u00e1ch b\u1eb1ng c\u00e1ch ph\u00e1t ra c\u00e1c xung laser v\u00e0 ph\u00e2n t\u00edch \u00e1nh s\u00e1ng ph\u1ea3n x\u1ea1. Ch\u00fang cho ph\u00e9p t\u1ea1o b\u1ea3n \u0111\u1ed3 3D \u0111\u1ed9 ph\u00e2n gi\u1ea3i cao v\u00e0 l\u00e0 th\u00e0nh ph\u1ea7n thi\u1ebft y\u1ebfu trong c\u00e1c n\u1ec1n t\u1ea3ng l\u00e1i xe t\u1ef1 \u0111\u1ed9ng \u0111\u1ec3 nh\u1eadn di\u1ec7n v\u1eadt th\u1ec3 v\u00e0 m\u00f4 ph\u1ecfng m\u00f4i tr\u01b0\u1eddng ch\u00ednh x\u00e1c.<\/p>\n<\/div>\n\n\t\t\t\t\t\t\t\t\t\t\t<\/div>\n\n\t\t\t\t\t\n\t\t\t\t\t\t\t\t\t<\/div>\n\t\t\t<\/div>\n\t\t\t\t\t<div class=\"info-box-wrapper wd-carousel-item\">\n\t\t\t\t<div id=\"wd-6940e140d5e59\" class=\"wd-rs-6940e140d5e59 wd-info-box wd-wpb text-center box-icon-align-top box-style- color-scheme- wd-bg-none vc_custom_1765859668797\">\n\t\t\t\t\t\t\t\t\t\t\t<div class=\"box-icon-wrapper  box-with-icon box-icon-simple\">\n\t\t\t\t\t\t\t<div class=\"info-box-icon\">\n\n\t\t\t\t\t\t\t\n\t\t\t\t\t\t\t\t\t\t\t\t\t\t\t\t\t<div class=\"info-svg-wrapper\" style=\"width: 64px;height: 64px;\"><img decoding=\"async\"  src=\"https:\/\/www.lxbchip.com\/wp-content\/themes\/woodmart\/images\/lazy.svg\" data-src=\"https:\/\/www.lxbchip.com\/wp-content\/uploads\/2025\/12\/logitech-g735-icon-3-1.svg\" loading=\"lazy\" width=\"64\" height=\"64\"><\/div>\t\t\t\t\t\t\t\t\t\t\t\t\t\t\t\n\t\t\t\t\t\t\t<\/div>\n\t\t\t\t\t\t<\/div>\n\t\t\t\t\t\t\t\t\t\t<div class=\"info-box-content\">\n\t\t\t\t\t\t<h4 class=\"info-box-title title box-title-style-default wd-fontsize-m\">C\u1ea3m bi\u1ebfn si\u00eau \u00e2m<\/h4>\t\t\t\t\t\t<div class=\"info-box-inner reset-last-child\"><p>C\u1ea3m bi\u1ebfn si\u00eau \u00e2m th\u01b0\u1eddng \u0111\u01b0\u1ee3c \u1ee9ng d\u1ee5ng trong c\u00e1c t\u00ecnh hu\u1ed1ng ph\u00e1t hi\u1ec7n kho\u1ea3ng c\u00e1ch ng\u1eafn nh\u01b0 h\u1ed7 tr\u1ee3 \u0111\u1ed7 xe, tr\u00e1nh va ch\u1ea1m \u1edf t\u1ed1c \u0111\u1ed9 th\u1ea5p v\u00e0 h\u1ec7 th\u1ed1ng \u0111\u1ed7 xe t\u1ef1 \u0111\u1ed9ng. \u0110\u1ed9 tin c\u1eady v\u00e0 hi\u1ec7u qu\u1ea3 v\u1ec1 chi ph\u00ed c\u1ee7a ch\u00fang khi\u1ebfn ch\u00fang tr\u1edf th\u00e0nh gi\u1ea3i ph\u00e1p ti\u00eau chu\u1ea9n cho c\u1ea3m bi\u1ebfn kho\u1ea3ng c\u00e1ch g\u1ea7n.<\/p>\n<\/div>\n\n\t\t\t\t\t\t\t\t\t\t\t<\/div>\n\n\t\t\t\t\t\n\t\t\t\t\t\t\t\t\t<\/div>\n\t\t\t<\/div>\n\t\t\t\t\t<div class=\"info-box-wrapper wd-carousel-item\">\n\t\t\t\t<div id=\"wd-6940e158e2704\" class=\"wd-rs-6940e158e2704 wd-info-box wd-wpb text-center box-icon-align-top box-style- color-scheme- wd-bg-none vc_custom_1765859687413\">\n\t\t\t\t\t\t\t\t\t\t\t<div class=\"box-icon-wrapper  box-with-icon box-icon-simple\">\n\t\t\t\t\t\t\t<div class=\"info-box-icon\">\n\n\t\t\t\t\t\t\t\n\t\t\t\t\t\t\t\t\t\t\t\t\t\t\t\t\t<div class=\"info-svg-wrapper\" style=\"width: 64px;height: 64px;\"><img decoding=\"async\"  src=\"https:\/\/www.lxbchip.com\/wp-content\/themes\/woodmart\/images\/lazy.svg\" data-src=\"https:\/\/www.lxbchip.com\/wp-content\/uploads\/2025\/12\/logitech-g735-icon-3-1.svg\" loading=\"lazy\" width=\"64\" height=\"64\"><\/div>\t\t\t\t\t\t\t\t\t\t\t\t\t\t\t\n\t\t\t\t\t\t\t<\/div>\n\t\t\t\t\t\t<\/div>\n\t\t\t\t\t\t\t\t\t\t<div class=\"info-box-content\">\n\t\t\t\t\t\t<h4 class=\"info-box-title title box-title-style-default wd-fontsize-m\">C\u00e1c m\u00f4-\u0111un GPS v\u00e0 \u0111\u1ecbnh v\u1ecb<\/h4>\t\t\t\t\t\t<div class=\"info-box-inner reset-last-child\"><p>C\u00f4ng ngh\u1ec7 GPS cung c\u1ea5p v\u1ecb tr\u00ed ch\u00ednh x\u00e1c c\u1ee7a ph\u01b0\u01a1ng ti\u1ec7n v\u00e0 h\u1ed7 tr\u1ee3 c\u00e1c ch\u1ee9c n\u0103ng \u0111\u1ecbnh v\u1ecb, qu\u1ea3n l\u00fd \u0111\u1ed9i xe v\u00e0 h\u1ed7 tr\u1ee3 l\u00e1i xe n\u00e2ng cao. Khi k\u1ebft h\u1ee3p v\u1edbi c\u1ea3m bi\u1ebfn qu\u00e1n t\u00ednh, n\u00f3 n\u00e2ng cao \u0111\u1ed9 ch\u00ednh x\u00e1c c\u1ee7a v\u1ecb tr\u00ed trong m\u00f4i tr\u01b0\u1eddng \u0111\u00f4 th\u1ecb v\u00e0 \u0111\u1ed9ng.<\/p>\n<\/div>\n\n\t\t\t\t\t\t\t\t\t\t\t<\/div>\n\n\t\t\t\t\t\n\t\t\t\t\t\t\t\t\t<\/div>\n\t\t\t<\/div>\n\t\t\t\t\t\t\t\t<\/div>\n\t\t\t\t\t<\/div>\n\n\t\t\t\t\t\t\t\t\t\t\t\t\t<div class=\"wd-nav-arrows wd-pos-sep wd-hover-1 wd-icon-1\">\n\t\t\t<div class=\"wd-btn-arrow wd-prev wd-disabled\">\n\t\t\t\t<div class=\"wd-arrow-inner\"><\/div>\n\t\t\t<\/div>\n\t\t\t<div class=\"wd-btn-arrow wd-next\">\n\t\t\t\t<div class=\"wd-arrow-inner\"><\/div>\n\t\t\t<\/div>\n\t\t<\/div>\n\t\t\t\t\t\t\t\t\t\t\t<\/div>\n\n\t\t\t\t\t\t\t\t\t\t\t<\/div>\n\t\t<\/div><\/div><\/div><\/div><div class=\"vc_row wpb_row vc_row-fluid wd-rs-6377819b27d07\"><div class=\"wpb_column vc_column_container vc_col-sm-12 wd-rs-63514db6c5d19\"><div class=\"vc_column-inner vc_custom_1666272699823\"><div class=\"wpb_wrapper\">\n\t\t<div id=\"wd-6940e183a0c82\" class=\"title-wrapper wd-wpb wd-set-mb reset-last-child  wd-rs-6940e183a0c82 wd-title-color-default wd-title-style-default text-left vc_custom_1765859727085 wd-underline-colored\">\n\t\t\t\n\t\t\t<div class=\"liner-continer\">\n\t\t\t\t<h4 class=\"woodmart-title-container title  wd-font-weight- wd-fontsize-m\" >H\u1ed7 tr\u1ee3 b\u00e1n d\u1eabn cho c\u00e1c n\u1ec1n t\u1ea3ng c\u1ea3m bi\u1ebfn<\/h4>\n\t\t\t\t\t\t\t<\/div>\n\t\t\t\n\t\t\t\n\t\t\t\n\t\t<\/div>\n\t\t\n\t\t\t\t<div id=\"wd-6940e1be112a5\" class=\"wd-text-block wd-wpb reset-last-child wd-rs-6940e1be112a5 text-left\">\n\t\t\t<article class=\"text-token-text-primary w-full focus:outline-none &#091;--shadow-height:45px&#093; has-data-writing-block:pointer-events-none has-data-writing-block:-mt-(--shadow-height) has-data-writing-block:pt-(--shadow-height) &#091;&amp;:has(&#091;data-writing-block&#093;)&gt;*&#093;:pointer-events-auto scroll-mt-&#091;calc(var(--header-height)+min(200px,max(70px,20svh)))&#093;\" dir=\"auto\" tabindex=\"-1\" data-turn-id=\"ef837c3d-8107-4690-90a2-851d8ff66c7a\" data-testid=\"conversation-turn-2\" data-scroll-anchor=\"false\" data-turn=\"assistant\">\n<div class=\"text-base my-auto mx-auto &#091;--thread-content-margin:--spacing(4)&#093; @w-sm\/main:&#091;--thread-content-margin:--spacing(6)&#093; @w-lg\/main:&#091;--thread-content-margin:--spacing(16)&#093; px-(--thread-content-margin)\">\n<div class=\"&#091;--thread-content-max-width:40rem&#093; @w-lg\/main:&#091;--thread-content-max-width:48rem&#093; mx-auto max-w-(--thread-content-max-width) flex-1 group\/turn-messages focus-visible:outline-hidden relative flex w-full min-w-0 flex-col agent-turn\" tabindex=\"-1\">\n<div class=\"flex max-w-full flex-col grow\">\n<div class=\"min-h-8 text-message relative flex w-full flex-col items-end gap-2 text-start break-words whitespace-normal &#091;.text-message+&amp;&#093;:mt-1\" dir=\"auto\" data-message-author-role=\"assistant\" data-message-id=\"0d859a0e-b370-4790-8c61-0426cb3e22ec\" data-message-model-slug=\"gpt-5-2\">\n<div class=\"flex w-full flex-col gap-1 empty:hidden first:pt-&#091;1px&#093;\">\n<div class=\"markdown prose dark:prose-invert w-full break-words light markdown-new-styling\">\n<p data-start=\"0\" data-end=\"463\" data-is-last-node=\"\" data-is-only-node=\"\">LXB Semicon cung c\u1ea5p m\u1ed9t lo\u1ea1t c\u00e1c IC v\u00e0 linh ki\u1ec7n h\u1ed7 tr\u1ee3 ch\u1ea5t l\u01b0\u1ee3ng \u00f4 t\u00f4 cho x\u1eed l\u00fd t\u00edn hi\u1ec7u c\u1ea3m bi\u1ebfn, qu\u1ea3n l\u00fd ngu\u1ed3n \u0111i\u1ec7n v\u00e0 truy\u1ec1n th\u00f4ng, bao g\u1ed3m c\u00e1c th\u01b0\u01a1ng hi\u1ec7u nh\u01b0: <strong>Xilinx, ADI, Intel (Altera), TI, NXP, Infineon, Microchip, ON Semiconductor, Nexperia v\u00e0 Vishay<\/strong>. T\u1ea5t c\u1ea3 c\u00e1c th\u00e0nh ph\u1ea7n \u0111\u1ec1u \u0111\u01b0\u1ee3c cung c\u1ea5p th\u00f4ng qua c\u00e1c k\u00eanh ki\u1ec3m so\u00e1t, c\u00f3 kh\u1ea3 n\u0103ng truy xu\u1ea5t ngu\u1ed3n g\u1ed1c, t\u00e0i li\u1ec7u tu\u00e2n th\u1ee7 v\u00e0 x\u00e1c minh tr\u1ea1ng th\u00e1i v\u00f2ng \u0111\u1eddi.<\/p>\n<p class=\"isSelectedEnd\">D\u1ecbch v\u1ee5 c\u1ee7a ch\u00fang t\u00f4i bao g\u1ed3m:<\/p>\n<ul data-spread=\"false\">\n<li>\n<p class=\"isSelectedEnd\">L\u1ef1a ch\u1ecdn linh ki\u1ec7n \u00f4 t\u00f4 v\u00e0 c\u00f4ng nghi\u1ec7p<\/p>\n<\/li>\n<li>\n<p class=\"isSelectedEnd\">\u0110\u00e1nh gi\u00e1 r\u1ee7i ro thi\u1ebft k\u1ebf v\u00e0 danh s\u00e1ch v\u1eadt li\u1ec7u (BOM)<\/p>\n<\/li>\n<li>\n<p class=\"isSelectedEnd\">K\u1ebf ho\u1ea1ch cung \u1ee9ng d\u00e0i h\u1ea1n v\u00e0 qu\u1ea3n l\u00fd cu\u1ed1i v\u00f2ng \u0111\u1eddi s\u1ea3n ph\u1ea9m<\/p>\n<\/li>\n<li>H\u1ed7 tr\u1ee3 cho giai \u0111o\u1ea1n th\u1eed nghi\u1ec7m, s\u1ea3n xu\u1ea5t th\u1eed nghi\u1ec7m v\u00e0 s\u1ea3n xu\u1ea5t h\u00e0ng lo\u1ea1t.<\/li>\n<\/ul>\n<\/div>\n<\/div>\n<\/div>\n<\/div>\n<\/div>\n<\/div>\n<\/article>\n<article class=\"text-token-text-primary w-full focus:outline-none &#091;--shadow-height:45px&#093; has-data-writing-block:pointer-events-none has-data-writing-block:-mt-(--shadow-height) has-data-writing-block:pt-(--shadow-height) &#091;&amp;:has(&#091;data-writing-block&#093;)&gt;*&#093;:pointer-events-auto scroll-mt-(--header-height)\" dir=\"auto\" tabindex=\"-1\" data-turn-id=\"667e5748-dcd9-406a-8a29-e58d6677d5ab\" data-testid=\"conversation-turn-3\" data-scroll-anchor=\"false\" data-turn=\"user\"><\/article>\n<p>\u00a0<\/p>\n\t\t<\/div>\n\t\t\t\t<div id=\"wd-6940e45c60e55\" class=\"wd-image wd-wpb wd-rs-6940e45c60e55 text-center vc_custom_1765860456204\">\n\t\t\t\n\t\t\t<img loading=\"lazy\" decoding=\"async\" width=\"600\" height=\"480\" src=\"https:\/\/www.lxbchip.com\/wp-content\/uploads\/2025\/12\/chip-circuit.jpg\" class=\"attachment-600x480 size-600x480\" alt=\"\" srcset=\"https:\/\/www.lxbchip.com\/wp-content\/uploads\/2025\/12\/chip-circuit.jpg 600w, https:\/\/www.lxbchip.com\/wp-content\/uploads\/2025\/12\/chip-circuit-150x120.jpg 150w, https:\/\/www.lxbchip.com\/wp-content\/uploads\/2025\/12\/chip-circuit-300x240.jpg 300w, https:\/\/www.lxbchip.com\/wp-content\/uploads\/2025\/12\/chip-circuit-15x12.jpg 15w\" sizes=\"auto, (max-width: 600px) 100vw, 600px\" \/>\n\t\t\t\t\t<\/div>\n\t\t\n\t\t<div id=\"wd-6940e1b30be17\" class=\"title-wrapper wd-wpb wd-set-mb reset-last-child  wd-rs-6940e1b30be17 wd-title-color-default wd-title-style-default text-left vc_custom_1765859807468 wd-underline-colored\">\n\t\t\t\n\t\t\t<div class=\"liner-continer\">\n\t\t\t\t<h4 class=\"woodmart-title-container title  wd-font-weight- wd-fontsize-m\" >\u0110\u1ed1i t\u00e1c \u0111\u00e1ng tin c\u1eady trong l\u0129nh v\u1ef1c \u0111i\u1ec7n t\u1eed v\u1eadn t\u1ea3i<\/h4>\n\t\t\t\t\t\t\t<\/div>\n\t\t\t\n\t\t\t\n\t\t\t\n\t\t<\/div>\n\t\t\n\t\t\t\t<div id=\"wd-6940e21cf1184\" class=\"wd-text-block wd-wpb reset-last-child wd-rs-6940e21cf1184 text-left vc_custom_1765860365793\">\n\t\t\t<p>V\u1edbi h\u01a1n 15 n\u0103m kinh nghi\u1ec7m trong ng\u00e0nh, quy tr\u00ecnh ki\u1ec3m tra ch\u1ea5t l\u01b0\u1ee3ng chuy\u00ean nghi\u1ec7p v\u00e0 \u0111\u1ed9i ng\u0169 b\u00e1n h\u00e0ng v\u00e0 mua h\u00e0ng chuy\u00ean nghi\u1ec7p, LXB Semicon gi\u00fap kh\u00e1ch h\u00e0ng gi\u1ea3m thi\u1ec3u r\u1ee7i ro trong qu\u00e1 tr\u00ecnh mua s\u1eafm v\u00e0 duy tr\u00ec s\u1ea3n xu\u1ea5t \u1ed5n \u0111\u1ecbnh trong th\u1ecb tr\u01b0\u1eddng v\u1eadn t\u1ea3i \u0111ang thay \u0111\u1ed5i nhanh ch\u00f3ng. D\u00f9 l\u00e0 h\u1ed7 tr\u1ee3 c\u00e1c m\u00f4-\u0111un c\u1ea3m bi\u1ebfn ADAS hay c\u00e1c n\u1ec1n t\u1ea3ng t\u1ef1 l\u00e1i th\u1ebf h\u1ec7 ti\u1ebfp theo, ch\u00fang t\u00f4i t\u1eadp trung v\u00e0o \u0111\u1ed9 tin c\u1eady, t\u00ednh li\u00ean t\u1ee5c v\u00e0 s\u1ef1 t\u1ef1 tin v\u1ec1 k\u1ef9 thu\u1eadt \u2013 \u0111\u1ec3 kh\u00e1ch h\u00e0ng c\u00f3 th\u1ec3 \u0111\u01b0a ra th\u1ecb tr\u01b0\u1eddng nh\u1eefng ph\u01b0\u01a1ng ti\u1ec7n an to\u00e0n v\u00e0 th\u00f4ng minh h\u01a1n.<\/p>\n\t\t<\/div>\n\t\t<\/div><\/div><\/div><\/div>\n<\/div>","protected":false},"excerpt":{"rendered":"Sensors for Transportation Trusted Electronic Components and Supply Chain Support for Connected Systems. As Advanced Driver Assistance Systems (ADAS) and","protected":false},"author":1,"featured_media":0,"parent":0,"menu_order":0,"comment_status":"closed","ping_status":"closed","template":"","meta":{"_acf_changed":false,"footnotes":""},"class_list":["post-8559","page","type-page","status-publish","hentry"],"acf":[],"aioseo_notices":[],"_links":{"self":[{"href":"https:\/\/www.lxbchip.com\/vi\/wp-json\/wp\/v2\/pages\/8559","targetHints":{"allow":["GET"]}}],"collection":[{"href":"https:\/\/www.lxbchip.com\/vi\/wp-json\/wp\/v2\/pages"}],"about":[{"href":"https:\/\/www.lxbchip.com\/vi\/wp-json\/wp\/v2\/types\/page"}],"author":[{"embeddable":true,"href":"https:\/\/www.lxbchip.com\/vi\/wp-json\/wp\/v2\/users\/1"}],"replies":[{"embeddable":true,"href":"https:\/\/www.lxbchip.com\/vi\/wp-json\/wp\/v2\/comments?post=8559"}],"version-history":[{"count":15,"href":"https:\/\/www.lxbchip.com\/vi\/wp-json\/wp\/v2\/pages\/8559\/revisions"}],"predecessor-version":[{"id":8805,"href":"https:\/\/www.lxbchip.com\/vi\/wp-json\/wp\/v2\/pages\/8559\/revisions\/8805"}],"wp:attachment":[{"href":"https:\/\/www.lxbchip.com\/vi\/wp-json\/wp\/v2\/media?parent=8559"}],"curies":[{"name":"wp","href":"https:\/\/api.w.org\/{rel}","templated":true}]}}