{"id":8362,"date":"2025-12-12T03:48:33","date_gmt":"2025-12-11T19:48:33","guid":{"rendered":"https:\/\/www.lxbchip.com\/?page_id=8362"},"modified":"2026-01-19T14:21:08","modified_gmt":"2026-01-19T06:21:08","slug":"diodes","status":"publish","type":"page","link":"https:\/\/www.lxbchip.com\/vi\/manufacturers\/diodes\/","title":{"rendered":"\u0110I\u1ec0U CH\u1ec8NH"},"content":{"rendered":"<div class=\"wpb-content-wrapper\"><div class=\"vc_row wpb_row vc_row-fluid vc_custom_1768800104178 wd-rs-696dbf566a791\"><div class=\"wpb_column vc_column_container vc_col-sm-12\"><div class=\"vc_column-inner\"><div class=\"wpb_wrapper\">\n\t\t<div id=\"wd-696dcd133647f\" class=\"title-wrapper wd-wpb wd-set-mb reset-last-child  wd-rs-696dcd133647f wd-title-color-default wd-title-style-default text-left  wd-underline-colored\">\n\t\t\t\n\t\t\t<div class=\"liner-continer\">\n\t\t\t\t<h2 class=\"woodmart-title-container title  wd-font-weight- wd-fontsize-xl\" >Ph\u00e2n ph\u1ed1i chuy\u00ean nghi\u1ec7p c\u00e1c linh ki\u1ec7n c\u1ee7a C\u00f4ng ty TNHH Diodes Inc. thu\u1ed9c ph\u00e2n kh\u00fac trung \u0111\u1ebfn cao c\u1ea5p.<\/h2>\n\t\t\t\t\t\t\t<\/div>\n\t\t\t\n\t\t\t\t\t\t\t<div class=\"title-after_title reset-last-child  wd-fontsize-s\">LXB Semicon chuy\u00ean ph\u00e2n ph\u1ed1i c\u00e1c linh ki\u1ec7n Diodes Inc. thu\u1ed9c ph\u00e2n kh\u00fac trung \u0111\u1ebfn cao c\u1ea5p. Linh ki\u1ec7n Diodes Inc. ph\u00e2n kh\u00fac trung \u0111\u1ebfn cao c\u1ea5p | Ngu\u1ed3n cung c\u1ea5p ch\u00ednh h\u00e3ng | Giao h\u00e0ng to\u00e0n c\u1ea7u nhanh ch\u00f3ng.<\/div>\n\t\t\t\n\t\t\t\n\t\t<\/div>\n\t\t\n\t\t<\/div><\/div><\/div><\/div>\n<\/div>","protected":false},"excerpt":{"rendered":"Professional Distribution of Mid-to-High-End Diodes Inc. Components LXB Semicon specializes in the distribution of mid-to-high-end Diodes Inc. Mid-to-High-End Diodes Inc.","protected":false},"author":1,"featured_media":0,"parent":388,"menu_order":0,"comment_status":"closed","ping_status":"closed","template":"","meta":{"_acf_changed":false,"footnotes":""},"class_list":["post-8362","page","type-page","status-publish","hentry"],"acf":[],"aioseo_notices":[],"_links":{"self":[{"href":"https:\/\/www.lxbchip.com\/vi\/wp-json\/wp\/v2\/pages\/8362","targetHints":{"allow":["GET"]}}],"collection":[{"href":"https:\/\/www.lxbchip.com\/vi\/wp-json\/wp\/v2\/pages"}],"about":[{"href":"https:\/\/www.lxbchip.com\/vi\/wp-json\/wp\/v2\/types\/page"}],"author":[{"embeddable":true,"href":"https:\/\/www.lxbchip.com\/vi\/wp-json\/wp\/v2\/users\/1"}],"replies":[{"embeddable":true,"href":"https:\/\/www.lxbchip.com\/vi\/wp-json\/wp\/v2\/comments?post=8362"}],"version-history":[{"count":3,"href":"https:\/\/www.lxbchip.com\/vi\/wp-json\/wp\/v2\/pages\/8362\/revisions"}],"predecessor-version":[{"id":10715,"href":"https:\/\/www.lxbchip.com\/vi\/wp-json\/wp\/v2\/pages\/8362\/revisions\/10715"}],"up":[{"embeddable":true,"href":"https:\/\/www.lxbchip.com\/vi\/wp-json\/wp\/v2\/pages\/388"}],"wp:attachment":[{"href":"https:\/\/www.lxbchip.com\/vi\/wp-json\/wp\/v2\/media?parent=8362"}],"curies":[{"name":"wp","href":"https:\/\/api.w.org\/{rel}","templated":true}]}}