{"id":7982,"date":"2025-12-10T09:27:04","date_gmt":"2025-12-10T01:27:04","guid":{"rendered":"https:\/\/www.lxbchip.com\/?page_id=7982"},"modified":"2025-12-20T16:50:23","modified_gmt":"2025-12-20T08:50:23","slug":"request-a-quote","status":"publish","type":"page","link":"https:\/\/www.lxbchip.com\/vi\/request-a-quote\/","title":{"rendered":"Y\u00eau c\u1ea7u b\u00e1o gi\u00e1"},"content":{"rendered":"<div class=\"wpb-content-wrapper\"><div class=\"vc_row wpb_row vc_row-fluid vc_custom_1765348825122 vc_row-o-content-middle vc_row-flex wd-rs-693915c310c82\"><div class=\"wpb_column vc_column_container vc_col-sm-6 vc_col-md-6 wd-rs-694659b312013\"><div class=\"vc_column-inner vc_custom_1766218183915\"><div class=\"wpb_wrapper\">\n\t\t<div id=\"wd-694659c94dc69\" class=\"title-wrapper wd-wpb wd-set-mb reset-last-child  wd-rs-694659c94dc69 wd-title-color-default wd-title-style-default text-left vc_custom_1766218204611 wd-underline-colored\">\n\t\t\t\n\t\t\t<div class=\"liner-continer\">\n\t\t\t\t<h4 class=\"woodmart-title-container title  wd-font-weight-300 wd-fontsize-m\" >Ch\u00fang t\u00f4i cung c\u1ea5p nh\u1eefng g\u00ec<\/h4>\n\t\t\t\t\t\t\t<\/div>\n\t\t\t\n\t\t\t\n\t\t\t\n\t\t<\/div>\n\t\t\n\t\t\t\t<div id=\"wd-6938f275dee35\" class=\"wd-text-block wd-wpb reset-last-child wd-rs-6938f275dee35 text-left wd-fontsize-custom vc_custom_1765340289968\">\n\t\t\t<p>Ch\u00fang t\u00f4i cung c\u1ea5p \u0111\u1ea7y \u0111\u1ee7 c\u00e1c lo\u1ea1i linh ki\u1ec7n \u0111i\u1ec7n t\u1eed, bao g\u1ed3m IC, MCU, FPGA, ASIC, \u0111i\u1ed1t, transistor, MOSFET, IC qu\u1ea3n l\u00fd ngu\u1ed3n, c\u1ea3m bi\u1ebfn, \u0111\u1ea7u n\u1ed1i, m\u00f4-\u0111un, linh ki\u1ec7n th\u1ee5 \u0111\u1ed9ng v\u00e0 nhi\u1ec1u lo\u1ea1i kh\u00e1c.<\/p>\n\t\t<\/div>\n\t\t<div class=\"vc_row wpb_row vc_inner vc_row-fluid\"><div class=\"wpb_column vc_column_container vc_col-sm-4\"><div class=\"vc_column-inner\"><div class=\"wpb_wrapper\">\t\t\t<div class=\"info-box-wrapper\">\n\t\t\t\t<div id=\"wd-69391461d2326\" class=\"wd-rs-69391461d2326 wd-info-box wd-wpb text-center box-icon-align-top box-style- color-scheme- wd-bg-none\">\n\t\t\t\t\t\t\t\t\t\t\t<div class=\"box-icon-wrapper  box-with-icon box-icon-simple\">\n\t\t\t\t\t\t\t<div class=\"info-box-icon\">\n\n\t\t\t\t\t\t\t\n\t\t\t\t\t\t\t\t\t\t\t\t\t\t\t\t\t<div class=\"info-svg-wrapper\" style=\"width: 65px;height: 65px;\"><img decoding=\"async\"  src=\"https:\/\/www.lxbchip.com\/wp-content\/themes\/woodmart\/images\/lazy.svg\" data-src=\"https:\/\/www.lxbchip.com\/wp-content\/uploads\/2025\/12\/toys-shape-1.svg\" loading=\"lazy\" width=\"65\" height=\"65\"><\/div>\t\t\t\t\t\t\t\t\t\t\t\t\t\t\t\n\t\t\t\t\t\t\t<\/div>\n\t\t\t\t\t\t<\/div>\n\t\t\t\t\t\t\t\t\t\t<div class=\"info-box-content\">\n\t\t\t\t\t\t<h4 class=\"info-box-title title box-title-style-default wd-fontsize-m\">Ph\u1ee5 t\u00f9ng ch\u00ednh h\u00e3ng<\/h4>\t\t\t\t\t\t<div class=\"info-box-inner reset-last-child\"><p>100% - Ph\u1ee5 t\u00f9ng ch\u00ednh h\u00e3ng v\u00e0 c\u00f3 th\u1ec3 truy xu\u1ea5t ngu\u1ed3n g\u1ed1c.<\/p>\n<\/div>\n\n\t\t\t\t\t\t\t\t\t\t\t<\/div>\n\n\t\t\t\t\t\n\t\t\t\t\t\t\t\t\t<\/div>\n\t\t\t<\/div>\n\t\t<\/div><\/div><\/div><div class=\"wpb_column vc_column_container vc_col-sm-4\"><div class=\"vc_column-inner\"><div class=\"wpb_wrapper\">\t\t\t<div class=\"info-box-wrapper\">\n\t\t\t\t<div id=\"wd-6938f498e298a\" class=\"wd-rs-6938f498e298a wd-info-box wd-wpb text-center box-icon-align-top box-style- color-scheme- wd-bg-none\">\n\t\t\t\t\t\t\t\t\t\t\t<div class=\"box-icon-wrapper  box-with-icon box-icon-simple\">\n\t\t\t\t\t\t\t<div class=\"info-box-icon\">\n\n\t\t\t\t\t\t\t\n\t\t\t\t\t\t\t\t\t\t\t\t\t\t\t\t\t<div class=\"info-svg-wrapper\" style=\"width: 65px;height: 65px;\"><img decoding=\"async\"  src=\"https:\/\/www.lxbchip.com\/wp-content\/themes\/woodmart\/images\/lazy.svg\" data-src=\"https:\/\/www.lxbchip.com\/wp-content\/uploads\/2025\/12\/toys-shape-2.svg\" loading=\"lazy\" width=\"65\" height=\"65\"><\/div>\t\t\t\t\t\t\t\t\t\t\t\t\t\t\t\n\t\t\t\t\t\t\t<\/div>\n\t\t\t\t\t\t<\/div>\n\t\t\t\t\t\t\t\t\t\t<div class=\"info-box-content\">\n\t\t\t\t\t\t<h4 class=\"info-box-title title box-title-style-default wd-fontsize-m\">H\u1ed7 tr\u1ee3 24\/7<\/h4>\t\t\t\t\t\t<div class=\"info-box-inner reset-last-child\"><p>B\u00e1o gi\u00e1 nhanh trong v\u00f2ng 24 gi\u1edd. H\u1ed7 tr\u1ee3 v\u1eadn chuy\u1ec3n to\u00e0n c\u1ea7u.<\/p>\n<\/div>\n\n\t\t\t\t\t\t\t\t\t\t\t<\/div>\n\n\t\t\t\t\t\n\t\t\t\t\t\t\t\t\t<\/div>\n\t\t\t<\/div>\n\t\t<\/div><\/div><\/div><div class=\"wpb_column vc_column_container vc_col-sm-4\"><div class=\"vc_column-inner\"><div class=\"wpb_wrapper\">\t\t\t<div class=\"info-box-wrapper\">\n\t\t\t\t<div id=\"wd-6939161860da5\" class=\"wd-rs-6939161860da5 wd-info-box wd-wpb text-center box-icon-align-top box-style- color-scheme- wd-bg-none\">\n\t\t\t\t\t\t\t\t\t\t\t<div class=\"box-icon-wrapper  box-with-icon box-icon-simple\">\n\t\t\t\t\t\t\t<div class=\"info-box-icon\">\n\n\t\t\t\t\t\t\t\n\t\t\t\t\t\t\t\t\t\t\t\t\t\t\t\t\t<div class=\"info-svg-wrapper\" style=\"width: 65px;height: 65px;\"><img decoding=\"async\"  src=\"https:\/\/www.lxbchip.com\/wp-content\/themes\/woodmart\/images\/lazy.svg\" data-src=\"https:\/\/www.lxbchip.com\/wp-content\/uploads\/2025\/12\/toys-shape-3.svg\" loading=\"lazy\" width=\"65\" height=\"65\"><\/div>\t\t\t\t\t\t\t\t\t\t\t\t\t\t\t\n\t\t\t\t\t\t\t<\/div>\n\t\t\t\t\t\t<\/div>\n\t\t\t\t\t\t\t\t\t\t<div class=\"info-box-content\">\n\t\t\t\t\t\t<h4 class=\"info-box-title title box-title-style-default wd-fontsize-m\">LXB B\u00e1n d\u1eabn<\/h4>\t\t\t\t\t\t<div class=\"info-box-inner reset-last-child\"><p>Kh\u1ea3 n\u0103ng cung \u1ee9ng linh ki\u1ec7n \u0111a d\u1ea1ng.<\/p>\n<\/div>\n\n\t\t\t\t\t\t\t\t\t\t\t<\/div>\n\n\t\t\t\t\t\n\t\t\t\t\t\t\t\t\t<\/div>\n\t\t\t<\/div>\n\t\t<\/div><\/div><\/div><\/div><\/div><\/div><\/div><div class=\"wpb_column vc_column_container vc_col-sm-6 wd-rs-6938f8b17ecf9\"><div class=\"vc_column-inner\"><div class=\"wpb_wrapper\"><div class=\"wpb_gallery wpb_content_element vc_clearfix vc_custom_1766220621869\" ><div class=\"wpb_wrapper\"><div class=\"wpb_gallery_slides wpb_flexslider flexslider_fade flexslider\" data-interval=\"3\" data-flex_fx=\"fade\"><ul class=\"slides\"><li><img decoding=\"async\" class=\"\" src=\"https:\/\/www.lxbchip.com\/wp-content\/themes\/woodmart\/images\/lazy.svg\" data-src=\"https:\/\/www.lxbchip.com\/wp-content\/uploads\/2025\/12\/151-400x220.jpg\" width=\"400\" height=\"220\" alt=\"151\" title=\"151\" loading=\"lazy\" \/><\/li><li><img decoding=\"async\" class=\"\" src=\"https:\/\/www.lxbchip.com\/wp-content\/themes\/woodmart\/images\/lazy.svg\" data-src=\"https:\/\/www.lxbchip.com\/wp-content\/uploads\/2025\/12\/fF4TVSNVf-400x220.jpg\" width=\"400\" height=\"220\" alt=\"fF4TVSNVf\" title=\"fF4TVSNVf\" loading=\"lazy\" \/><\/li><\/ul><\/div><\/div><\/div><\/div><\/div><\/div><\/div><div class=\"vc_row wpb_row vc_row-fluid\"><div class=\"wpb_column vc_column_container vc_col-sm-12\"><div class=\"vc_column-inner\"><div class=\"wpb_wrapper\">\n\t\t<div id=\"wd-6938f035a3cd3\" class=\"title-wrapper wd-wpb wd-set-mb reset-last-child  wd-rs-6938f035a3cd3 wd-title-color-gradient wd-title-style-default text-center vc_custom_1765339201515 wd-underline-colored\">\n\t\t\t\t\t\t\t\n\t\t\t\t<div class=\"title-subtitle  subtitle-color-gradient font-alt subtitle-style-default wd-font-weight- wd-fontsize-xs\">Ph\u1ea3n h\u1ed3i nhanh ch\u00f3ng \u2022 Kh\u00f4ng y\u00eau c\u1ea7u \u0111\u01a1n h\u00e0ng t\u1ed1i thi\u1ec3u<\/div>\n\t\t\t\n\t\t\t<div class=\"liner-continer\">\n\t\t\t\t<h4 class=\"woodmart-title-container title  wd-font-weight-600 wd-fontsize-l\" style=\"background-image:-webkit-linear-gradient(left , rgb(60, 27, 59) , rgb(90, 55, 105) 33% , rgb(46, 76, 130) 66% , rgb(29, 28, 44) 100%);background-image:linear-gradient(to right , rgb(60, 27, 59) , rgb(90, 55, 105) 33% , rgb(46, 76, 130) 66% , rgb(29, 28, 44) 100%);;\">Y\u00eau c\u1ea7u b\u00e1o gi\u00e1 cho linh ki\u1ec7n \u0111i\u1ec7n t\u1eed<\/h4>\n\t\t\t\t\t\t\t<\/div>\n\t\t\t\n\t\t\t\t\t\t\t<div class=\"title-after_title reset-last-child  wd-fontsize-xs\">T\u1ea5t c\u1ea3 c\u00e1c b\u1ed9 ph\u1eadn \u0111\u1ec1u \u0111\u01b0\u1ee3c nh\u1eadp kh\u1ea9u t\u1eeb c\u00e1c k\u00eanh ph\u00e2n ph\u1ed1i ch\u00ednh th\u1ee9c v\u1edbi ch\u1ea5t l\u01b0\u1ee3ng c\u00f3 th\u1ec3 truy xu\u1ea5t ngu\u1ed3n g\u1ed1c.<\/div>\n\t\t\t\n\t\t\t\n\t\t<\/div>\n\t\t\n\t\t<\/div><\/div><\/div><\/div><div class=\"vc_row wpb_row vc_row-fluid vc_custom_1629893241850 vc_row-o-equal-height vc_row-flex wd-rs-6126327347fb2\"><div class=\"wpb_column vc_column_container vc_col-sm-6\"><div class=\"vc_column-inner vc_custom_1484657119633\"><div class=\"wpb_wrapper\">\t\t<div id=\"wd-69391169dfb9c\" class=\"wd-text-block wd-wpb reset-last-child wd-rs-69391169dfb9c text-left\">\n\t\t\t<h5>L\u00e0m th\u1ebf n\u00e0o \u0111\u1ec3 \u0111\u00e1nh gi\u00e1 m\u1ee9c ti\u00eau th\u1ee5 \u0111i\u1ec7n n\u0103ng?<\/h5>\n<p>Xilinx cung c\u1ea5p <strong data-start=\"1947\" data-end=\"1972\">C\u00f4ng c\u1ee5 \u01b0\u1edbc t\u00ednh c\u00f4ng su\u1ea5t<\/strong> (XPE) \u0111\u1ec3 \u0111\u00e1nh gi\u00e1 ch\u00ednh x\u00e1c. \u0110\u1ed1i v\u1edbi c\u00e1c b\u1ed9 x\u1eed l\u00fd t\u00edn hi\u1ec7u s\u1ed1 (DSP) ADSP, t\u00e0i li\u1ec7u k\u1ef9 thu\u1eadt cung c\u1ea5p c\u00e1c ch\u1ec9 s\u1ed1 ti\u00eau th\u1ee5 \u0111i\u1ec7n n\u0103ng \u0111i\u1ec3n h\u00ecnh v\u00e0 t\u1ed1i \u0111a cho c\u00e1c ch\u1ebf \u0111\u1ed9 ho\u1ea1t \u0111\u1ed9ng kh\u00e1c nhau.<\/p>\n\t\t<\/div>\n\t\t\t\t<div id=\"wd-693911ad5165d\" class=\"wd-text-block wd-wpb reset-last-child wd-rs-693911ad5165d text-left\">\n\t\t\t<h5>Tu\u1ed5i th\u1ecd d\u1ef1 ki\u1ebfn v\u00e0 ch\u00ednh s\u00e1ch h\u1ed7 tr\u1ee3 cho c\u00e1c thi\u1ebft b\u1ecb n\u00e0y l\u00e0 g\u00ec?<\/h5>\n<p>C\u00e1c s\u1ea3n ph\u1ea9m n\u00e0y \u0111\u01b0\u1ee3c h\u1ed7 tr\u1ee3 l\u00e2u d\u00e0i b\u1edfi Xilinx v\u00e0 Analog Devices. C\u00e1c thi\u1ebft k\u1ebf tham kh\u1ea3o, t\u00e0i li\u1ec7u \u1ee9ng d\u1ee5ng v\u00e0 h\u1ed7 tr\u1ee3 k\u1ef9 thu\u1eadt \u0111\u01b0\u1ee3c cung c\u1ea5p \u0111\u1ec3 h\u1ed7 tr\u1ee3 t\u00edch h\u1ee3p h\u1ec7 th\u1ed1ng v\u00e0 t\u1ed1i \u01b0u h\u00f3a.<\/p>\n\t\t<\/div>\n\t\t\t\t<div id=\"wd-693911e0cd6e2\" class=\"wd-text-block wd-wpb reset-last-child wd-rs-693911e0cd6e2 text-left\">\n\t\t\t<h5>T\u00f4i c\u00f3 th\u1ec3 y\u00eau c\u1ea7u m\u1eabu s\u1ea3n ph\u1ea9m ho\u1eb7c t\u00e0i li\u1ec7u k\u1ef9 thu\u1eadt kh\u00f4ng?<\/h5>\n<p>\u0110\u00fang. C\u00e1c nh\u00e0 ph\u00e2n ph\u1ed1i v\u00e0 nh\u00e0 cung c\u1ea5p \u0111\u01b0\u1ee3c \u1ee7y quy\u1ec1n cung c\u1ea5p t\u00e0i li\u1ec7u k\u1ef9 thu\u1eadt, b\u1ea3ng \u0111\u00e1nh gi\u00e1 v\u00e0 \u0111\u01a1n \u0111\u1eb7t h\u00e0ng m\u1eabu. Ch\u00fang t\u00f4i c\u00f3 th\u1ec3 h\u1ed7 tr\u1ee3 trong vi\u1ec7c t\u00ecm ngu\u1ed3n cung \u1ee9ng v\u00e0 t\u01b0 v\u1ea5n k\u1ef9 thu\u1eadt \u0111\u1ec3 \u0111\u1ea3m b\u1ea3o t\u00ednh t\u01b0\u01a1ng th\u00edch v\u1edbi h\u1ec7 th\u1ed1ng c\u1ee7a qu\u00fd kh\u00e1ch.<\/p>\n\t\t<\/div>\n\t\t<\/div><\/div><\/div><div class=\"wpb_column vc_column_container vc_col-sm-6\"><div class=\"vc_column-inner vc_custom_1484657123074\"><div class=\"wpb_wrapper\">\t\t<div id=\"wd-693911fabc211\" class=\"wd-text-block wd-wpb reset-last-child wd-rs-693911fabc211 text-left\">\n\t\t\t<h5>Nh\u1eefng \u0111i\u1ec3m kh\u00e1c bi\u1ec7t ch\u00ednh gi\u1eefa c\u00e1c d\u00f2ng XCKU, XCZU v\u00e0 XCVU l\u00e0 g\u00ec?<\/h5>\n<p>D\u00f2ng XCKU: FPGA UltraScale v\u1edbi m\u1eadt \u0111\u1ed9 logic cao, l\u00fd t\u01b0\u1edfng cho c\u00e1c \u1ee9ng d\u1ee5ng \u0111\u00f2i h\u1ecfi x\u1eed l\u00fd d\u1eef li\u1ec7u l\u1edbn.<\/p>\n<p>D\u00f2ng XCZU: C\u00e1c thi\u1ebft b\u1ecb Zynq UltraScale+ k\u1ebft h\u1ee3p m\u1ea1ch FPGA v\u1edbi b\u1ed9 x\u1eed l\u00fd ARM d\u00e0nh cho c\u00e1c \u1ee9ng d\u1ee5ng nh\u00fang.<\/p>\n<p>D\u00f2ng s\u1ea3n ph\u1ea9m XCVU: D\u00f2ng s\u1ea3n ph\u1ea9m Versal AI Core, t\u00edch h\u1ee3p FPGA, CPU v\u00e0 c\u00e1c b\u1ed9 x\u1eed l\u00fd AI cho c\u00e1c \u1ee9ng d\u1ee5ng AI cao c\u1ea5p, 5G v\u00e0 trung t\u00e2m d\u1eef li\u1ec7u.<\/p>\n\t\t<\/div>\n\t\t\t\t<div id=\"wd-6939125c32a7f\" class=\"wd-text-block wd-wpb reset-last-child wd-rs-6939125c32a7f text-left\">\n\t\t\t<h5>C\u00e1c m\u00f4 h\u00ecnh FPGA v\u00e0 DSP n\u00e0y \u0111\u01b0\u1ee3c s\u1eed d\u1ee5ng \u0111\u1ec3 l\u00e0m g\u00ec?<\/h5>\n<p>C\u00e1c FPGA Xilinx (nh\u01b0 c\u00e1c d\u00f2ng XCKU, XCZU, XCVU) v\u00e0 DSP ADSP l\u00e0 c\u00e1c thi\u1ebft b\u1ecb l\u1eadp tr\u00ecnh c\u00f3 hi\u1ec7u su\u1ea5t cao \u0111\u01b0\u1ee3c s\u1eed d\u1ee5ng trong c\u00e1c \u1ee9ng d\u1ee5ng bao g\u1ed3m x\u1eed l\u00fd t\u00edn hi\u1ec7u, thu th\u1eadp d\u1eef li\u1ec7u, truy\u1ec1n th\u00f4ng, t\u1ef1 \u0111\u1ed9ng h\u00f3a c\u00f4ng nghi\u1ec7p v\u00e0 t\u00ednh to\u00e1n ti\u00ean ti\u1ebfn. Ch\u00fang cho ph\u00e9p t\u0103ng t\u1ed1c ph\u1ea7n c\u1ee9ng t\u00f9y ch\u1ec9nh, x\u1eed l\u00fd song song v\u00e0 thi\u1ebft k\u1ebf h\u1ec7 th\u1ed1ng linh ho\u1ea1t.<\/p>\n\t\t<\/div>\n\t\t<\/div><\/div><\/div><\/div><div class=\"vc_row wpb_row vc_row-fluid vc_custom_1638891905007 vc_row-o-content-middle vc_row-flex wd-rs-61af817cd7ad1\"><div class=\"wpb_column vc_column_container vc_col-sm-6 wd-rs-60f82b0478de2\"><div class=\"vc_column-inner vc_custom_1626876678433\"><div class=\"wpb_wrapper\">\t\t<div id=\"wd-693919cff3458\" class=\"wd-image wd-wpb wd-rs-693919cff3458 text-left vc_custom_1765349873245\">\n\t\t\t\n\t\t\t<img loading=\"lazy\" decoding=\"async\" width=\"700\" height=\"325\" src=\"https:\/\/www.lxbchip.com\/wp-content\/uploads\/2025\/12\/work-1.jpg\" class=\"attachment-700x325 size-700x325\" alt=\"\" srcset=\"https:\/\/www.lxbchip.com\/wp-content\/uploads\/2025\/12\/work-1.jpg 700w, https:\/\/www.lxbchip.com\/wp-content\/uploads\/2025\/12\/work-1-150x70.jpg 150w, https:\/\/www.lxbchip.com\/wp-content\/uploads\/2025\/12\/work-1-300x139.jpg 300w, https:\/\/www.lxbchip.com\/wp-content\/uploads\/2025\/12\/work-1-18x8.jpg 18w\" sizes=\"auto, (max-width: 700px) 100vw, 700px\" \/>\n\t\t\t\t\t<\/div>\n\t\t<\/div><\/div><\/div><div class=\"wpb_column vc_column_container vc_col-sm-6 text-center wd-rs-69391a169df6b\"><div class=\"vc_column-inner\"><div class=\"wpb_wrapper\">\n\t\t<div id=\"wd-693972739e209\" class=\"title-wrapper wd-wpb wd-set-mb reset-last-child  wd-rs-693972739e209 wd-title-color-primary wd-title-style-default text-center vc_custom_1765372543861 wd-width-enabled wd-underline-colored\" style=\"--wd-max-width: 90%;\">\n\t\t\t\n\t\t\t<div class=\"liner-continer\">\n\t\t\t\t<h4 class=\"woodmart-title-container title  wd-font-weight- wd-fontsize-xxxl\" >Nh\u00e0 cung c\u1ea5p linh ki\u1ec7n cao c\u1ea5p \u0111\u00e1ng tin c\u1eady<\/h4>\n\t\t\t\t\t\t\t<\/div>\n\t\t\t\n\t\t\t\t\t\t\t<div class=\"title-after_title reset-last-child  wd-fontsize-s\">Ch\u00fang t\u00f4i cung c\u1ea5p c\u00e1c linh ki\u1ec7n \u0111i\u1ec7n t\u1eed ch\u00ednh h\u00e3ng, c\u00f3 th\u1ec3 truy xu\u1ea5t ngu\u1ed3n g\u1ed1c t\u1eeb c\u00e1c th\u01b0\u01a1ng hi\u1ec7u h\u00e0ng \u0111\u1ea7u th\u1ebf gi\u1edbi, \u0111\u01b0\u1ee3c h\u1ed7 tr\u1ee3 b\u1edfi ngu\u1ed3n cung \u1ee9ng r\u00f5 r\u00e0ng, \u1ed5n \u0111\u1ecbnh v\u00e0 d\u1ecbch v\u1ee5 \u0111\u00e1ng tin c\u1eady. H\u00e3y li\u00ean h\u1ec7 v\u1edbi ch\u00fang t\u00f4i b\u1ea5t c\u1ee9 l\u00fac n\u00e0o \u0111\u1ec3 nh\u1eadn b\u00e1o gi\u00e1 nhanh ch\u00f3ng v\u00e0 ch\u00ednh x\u00e1c.<\/div>\n\t\t\t\n\t\t\t\n\t\t<\/div>\n\t\t\n\t\t<div class=\"vc_row wpb_row vc_inner vc_row-fluid\"><div class=\"wpb_column vc_column_container vc_col-sm-6\"><div class=\"vc_column-inner\"><div class=\"wpb_wrapper\"><div id=\"wd-69397507a7df1\" class=\"wd-rs-69397507a7df1 vc_custom_1765373196548 wd-button-wrapper text-right\"><a href=\"https:\/\/www.lxbchip.com\/vi\/contact-us\/\" title=\"\" class=\"btn btn-style-bordered btn-shape-rectangle btn-size-default\">Y\u00eau c\u1ea7u b\u00e1o gi\u00e1 ngay<\/a><\/div><\/div><\/div><\/div><div class=\"wpb_column vc_column_container vc_col-sm-6\"><div class=\"vc_column-inner\"><div class=\"wpb_wrapper\"><div id=\"wd-693974b72514c\" class=\"wd-rs-693974b72514c  wd-button-wrapper text-left\"><a href=\"https:\/\/www.lxbchip.com\/vi\/company-overview\/\" title=\"\" class=\"btn btn-style-bordered btn-shape-rectangle btn-size-default\">V\u1ec1 LXB Semicon<\/a><\/div><\/div><\/div><\/div><\/div><\/div><\/div><\/div><\/div>\n<\/div>","protected":false},"excerpt":{"rendered":"What We Supply We supply a full range of electronic components, including ICs, MCUs, FPGAs, ASICs, diodes, transistors, MOSFETs, power-management","protected":false},"author":1,"featured_media":0,"parent":0,"menu_order":0,"comment_status":"closed","ping_status":"closed","template":"","meta":{"_acf_changed":false,"footnotes":""},"class_list":["post-7982","page","type-page","status-publish","hentry"],"acf":[],"aioseo_notices":[],"_links":{"self":[{"href":"https:\/\/www.lxbchip.com\/vi\/wp-json\/wp\/v2\/pages\/7982","targetHints":{"allow":["GET"]}}],"collection":[{"href":"https:\/\/www.lxbchip.com\/vi\/wp-json\/wp\/v2\/pages"}],"about":[{"href":"https:\/\/www.lxbchip.com\/vi\/wp-json\/wp\/v2\/types\/page"}],"author":[{"embeddable":true,"href":"https:\/\/www.lxbchip.com\/vi\/wp-json\/wp\/v2\/users\/1"}],"replies":[{"embeddable":true,"href":"https:\/\/www.lxbchip.com\/vi\/wp-json\/wp\/v2\/comments?post=7982"}],"version-history":[{"count":56,"href":"https:\/\/www.lxbchip.com\/vi\/wp-json\/wp\/v2\/pages\/7982\/revisions"}],"predecessor-version":[{"id":8821,"href":"https:\/\/www.lxbchip.com\/vi\/wp-json\/wp\/v2\/pages\/7982\/revisions\/8821"}],"wp:attachment":[{"href":"https:\/\/www.lxbchip.com\/vi\/wp-json\/wp\/v2\/media?parent=7982"}],"curies":[{"name":"wp","href":"https:\/\/api.w.org\/{rel}","templated":true}]}}