{"id":387,"date":"2023-06-06T11:01:34","date_gmt":"2023-06-06T11:01:34","guid":{"rendered":"https:\/\/dummy.xtemos.com\/woodmart2\/furniture2\/?page_id=23"},"modified":"2026-03-27T22:26:12","modified_gmt":"2026-03-27T14:26:12","slug":"contact-us","status":"publish","type":"page","link":"https:\/\/www.lxbchip.com\/vi\/contact-us\/","title":{"rendered":"Li\u00ean h\u1ec7 v\u1edbi ch\u00fang t\u00f4i"},"content":{"rendered":"<div class=\"wpb-content-wrapper\"><div class=\"vc_row wpb_row vc_row-fluid vc_custom_1766216960932 vc_row-o-equal-height vc_row-flex wd-rs-694654e2b65fb\"><div class=\"wpb_column vc_column_container vc_col-sm-12 vc_col-lg-6 vc_col-md-6 vc_col-has-fill\"><div class=\"vc_column-inner vc_custom_1496932335926\"><div class=\"wpb_wrapper\">\n\t\t<div id=\"wd-69d23661dbc22\" class=\"title-wrapper wd-wpb wd-set-mb reset-last-child  wd-title-color-default wd-title-style-bordered text-left vc_custom_1484242758590 wd-underline-colored\">\n\t\t\t\n\t\t\t<div class=\"liner-continer\">\n\t\t\t\t<h4 class=\"woodmart-title-container title  wd-font-weight- wd-fontsize-l\" >G\u1eedi email cho ch\u00fang t\u00f4i<\/h4>\n\t\t\t\t\t\t\t<\/div>\n\t\t\t\n\t\t\t\n\t\t\t\n\t\t<\/div>\n\t\t\n\t\t\n<div class=\"wpcf7 no-js\" id=\"wpcf7-f5455-o1\" lang=\"zh-CN\" dir=\"ltr\" data-wpcf7-id=\"5455\">\n<div class=\"screen-reader-response\"><p role=\"status\" aria-live=\"polite\" aria-atomic=\"true\"><\/p> <ul><\/ul><\/div>\n<form action=\"\/vi\/wp-json\/wp\/v2\/pages\/387#wpcf7-f5455-o1\" method=\"post\" class=\"wpcf7-form init\" aria-label=\"\u7559\u8a00\u8868\u5355\" novalidate=\"novalidate\" data-status=\"init\" data-trp-original-action=\"\/vi\/wp-json\/wp\/v2\/pages\/387#wpcf7-f5455-o1\">\n<fieldset class=\"hidden-fields-container\"><input type=\"hidden\" name=\"_wpcf7\" value=\"5455\" \/><input type=\"hidden\" name=\"_wpcf7_version\" value=\"6.1.4\" \/><input type=\"hidden\" name=\"_wpcf7_locale\" value=\"zh_CN\" \/><input type=\"hidden\" name=\"_wpcf7_unit_tag\" value=\"wpcf7-f5455-o1\" \/><input type=\"hidden\" name=\"_wpcf7_container_post\" value=\"0\" \/><input type=\"hidden\" name=\"_wpcf7_posted_data_hash\" value=\"\" \/>\n<\/fieldset>\n<div class=\"wd-grid-f-stretch\">\n\t<div class=\"wd-col\">\n\t\t<p><label>T\u00ean c\u1ee7a b\u1ea1n<\/label><span class=\"wpcf7-form-control-wrap\" data-name=\"your-name\"><input size=\"40\" maxlength=\"400\" class=\"wpcf7-form-control wpcf7-text wpcf7-validates-as-required\" aria-required=\"true\" aria-invalid=\"false\" value=\"\" type=\"text\" name=\"your-name\" \/><\/span>\n\t\t<\/p>\n\t<\/div>\n\t<div class=\"wd-col\">\n\t\t<p><label>Email c\u1ee7a b\u1ea1n<\/label><span class=\"wpcf7-form-control-wrap\" data-name=\"your-email\"><input size=\"40\" maxlength=\"400\" class=\"wpcf7-form-control wpcf7-email wpcf7-validates-as-required wpcf7-text wpcf7-validates-as-email\" aria-required=\"true\" aria-invalid=\"false\" value=\"\" type=\"email\" name=\"your-email\" \/><\/span>\n\t\t<\/p>\n\t<\/div>\n<\/div>\n<div class=\"wd-grid-f-stretch\">\n\t<div class=\"wd-col\">\n\t\t<p><label>S\u1ed1 \u0111i\u1ec7n tho\u1ea1i<\/label><span class=\"wpcf7-form-control-wrap\" data-name=\"tel-767\"><input size=\"40\" maxlength=\"400\" class=\"wpcf7-form-control wpcf7-tel wpcf7-text wpcf7-validates-as-tel\" aria-invalid=\"false\" value=\"\" type=\"tel\" name=\"tel-767\" \/><\/span>\n\t\t<\/p>\n\t<\/div>\n\t<div class=\"wd-col\">\n\t\t<p><label>M\u00f4 h\u00ecnh<\/label><span class=\"wpcf7-form-control-wrap\" data-name=\"text-1\"><input size=\"40\" maxlength=\"400\" class=\"wpcf7-form-control wpcf7-text\" aria-invalid=\"false\" value=\"\" type=\"text\" name=\"text-1\" \/><\/span>\n\t\t<\/p>\n\t<\/div>\n<\/div>\n<div>\n\t<p><label>Th\u00f4ng \u0111i\u1ec7p c\u1ee7a b\u1ea1n<\/label><span class=\"wpcf7-form-control-wrap\" data-name=\"your-message\"><textarea cols=\"40\" rows=\"10\" maxlength=\"2000\" class=\"wpcf7-form-control wpcf7-textarea\" aria-invalid=\"false\" name=\"your-message\"><\/textarea><\/span>\n\t<\/p>\n<\/div>\n<div>\n\t<p><input class=\"wpcf7-form-control wpcf7-submit has-spinner btn-color-black\" type=\"submit\" value=\"G\u1eedi\" \/>\n\t<\/p>\n<\/div>\n<div>\n\t<p><span class=\"wpcf7-form-control-wrap kc_captcha cf7ic-toggle\" data-name=\"kc_captcha\"><span class=\"wpcf7-form-control wpcf7-radio\"><span class=\"captcha-image\" style=\"display: none;\"><span class=\"cf7ic_instructions\">Please prove you are human by selecting the<span> truck<\/span>\u3002<\/span><label><input aria-label=\"1\" type=\"radio\" name=\"kc_captcha\" value=\"bot\" \/><svg aria-hidden=\"true\" role=\"img\" xmlns=\"http:\/\/www.w3.org\/2000\/svg\" viewbox=\"0 0 576 512\"><path fill=\"currentColor\" d=\"M415 24c-53 0-103 42-127 65-24-23-74-65-127-65C70 24 16 77 16 166c0 72 67 133 69 135l187 181c9 8 23 8 32 0l187-180c2-3 69-64 69-136 0-89-54-142-145-142z\"\/><\/svg><\/label><label><input aria-label=\"2\" type=\"radio\" name=\"kc_captcha\" value=\"bot\" \/><svg aria-hidden=\"true\" role=\"img\" xmlns=\"http:\/\/www.w3.org\/2000\/svg\" viewbox=\"0 0 576 512\"><path fill=\"currentColor\" d=\"M488 313v143c0 13-11 24-24 24H348c-7 0-12-5-12-12V356c0-7-5-12-12-12h-72c-7 0-12 5-12 12v112c0 7-5 12-12 12H112c-13 0-24-11-24-24V313c0-4 2-7 4-10l188-154c5-4 11-4 16 0l188 154c2 3 4 6 4 10zm84-61l-84-69V44c0-6-5-12-12-12h-56c-7 0-12 6-12 12v73l-89-74a48 48 0 00-61 0L4 252c-5 4-5 12-1 17l25 31c5 5 12 5 17 1l235-193c5-4 11-4 16 0l235 193c5 5 13 4 17-1l25-31c4-6 4-13-1-17z\"\/><\/svg><\/label><label><input aria-label=\"3\" type=\"radio\" name=\"kc_captcha\" value=\"kc_human\" \/><svg aria-hidden=\"true\" role=\"img\" xmlns=\"http:\/\/www.w3.org\/2000\/svg\" viewbox=\"0 0 640 512\"><path fill=\"currentColor\" d=\"M624 352h-16V244c0-13-5-25-14-34L494 110c-9-9-21-14-34-14h-44V48c0-26-21-48-48-48H48C22 0 0 22 0 48v320c0 27 22 48 48 48h16a96 96 0 00192 0h128a96 96 0 00192 0h48c9 0 16-7 16-16v-32c0-9-7-16-16-16zM160 464a48 48 0 110-96 48 48 0 010 96zm320 0a48 48 0 110-96 48 48 0 010 96zm80-208H416V144h44l100 100v12z\"\/><\/svg><\/label>\r\n    <\/span>\r\n    <span style=\"display:none\">\r\n        <input type=\"text\" name=\"kc_honeypot\">\r\n    <\/span><\/span><\/span>\n\t<\/p>\n<\/div>\n<div class=\"wpcf7-response-output\" aria-hidden=\"true\"><\/div>\n<input type=\"hidden\" name=\"trp-form-language\" value=\"vi\"\/><\/form>\n<\/div>\n<\/div><\/div><\/div><div class=\"wpb_column vc_column_container vc_col-sm-12 vc_col-lg-6 vc_col-md-6\"><div class=\"vc_column-inner vc_custom_1496932331302\"><div class=\"wpb_wrapper\">\n\t\t<div id=\"wd-69d236620b772\" class=\"title-wrapper wd-wpb wd-set-mb reset-last-child  wd-title-color-default wd-title-style-bordered text-left vc_custom_1484251594500 wd-underline-colored\">\n\t\t\t\n\t\t\t<div class=\"liner-continer\">\n\t\t\t\t<h4 class=\"woodmart-title-container title  wd-font-weight- wd-fontsize-l\" >C\u00c2U H\u1eceI TH\u01af\u1edcNG G\u1eb6P<\/h4>\n\t\t\t\t\t\t\t<\/div>\n\t\t\t\n\t\t\t\n\t\t\t\n\t\t<\/div>\n\t\t\n\t\t\t\t<div id=\"wd-6937ddd6b3824\" class=\"wd-text-block wd-wpb reset-last-child wd-rs-6937ddd6b3824 text-left\">\n\t\t\t<p>LXB Semicon l\u00e0 nh\u00e0 ph\u00e2n ph\u1ed1i linh ki\u1ec7n \u0111i\u1ec7n t\u1eed uy t\u00edn tr\u00ean to\u00e0n c\u1ea7u.<\/p>\n<p>Ch\u00fang t\u00f4i ph\u1ee5c v\u1ee5 c\u00e1c k\u1ef9 s\u01b0, nh\u00e0 thi\u1ebft k\u1ebf v\u00e0 chuy\u00ean gia mua s\u1eafm tr\u00ean to\u00e0n th\u1ebf gi\u1edbi, cung c\u1ea5p m\u1ed9t trong nh\u1eefng b\u1ed9 s\u01b0u t\u1eadp linh ki\u1ec7n ch\u00ednh h\u00e3ng l\u1edbn nh\u1ea5t ng\u00e0nh. Ngu\u1ed3n t\u00e0i nguy\u00ean tr\u1ef1c tuy\u1ebfn m\u1ea1nh m\u1ebd, c\u00f4ng c\u1ee5 thi\u1ebft k\u1ebf v\u00e0 d\u1ecbch v\u1ee5 h\u1ed7 tr\u1ee3 kh\u00e1ch h\u00e0ng chuy\u00ean nghi\u1ec7p c\u1ee7a ch\u00fang t\u00f4i \u0111\u1ea3m b\u1ea3o c\u00e1c gi\u1ea3i ph\u00e1p \u0111\u00e1ng tin c\u1eady, gi\u00fap hi\u1ec7n th\u1ef1c h\u00f3a \u00fd t\u01b0\u1edfng m\u1ed9t c\u00e1ch hi\u1ec7u qu\u1ea3.<\/p>\n\t\t<\/div>\n\t\t\n\t\t<div id=\"wd-69d236620b9c0\" class=\"title-wrapper wd-wpb wd-set-mb reset-last-child  wd-title-color-default wd-title-style-bordered text-left vc_custom_1484253141262 wd-underline-colored\">\n\t\t\t\n\t\t\t<div class=\"liner-continer\">\n\t\t\t\t<h4 class=\"woodmart-title-container title  wd-font-weight- wd-fontsize-l\" >LI\u00caN H\u1ec6 V\u1edaI CH\u00daNG T\u00d4I<\/h4>\n\t\t\t\t\t\t\t<\/div>\n\t\t\t\n\t\t\t\n\t\t\t\n\t\t<\/div>\n\t\t\n\t\t<div class=\"vc_row wpb_row vc_inner vc_row-fluid vc_custom_1484253288811\"><div class=\"wpb_column vc_column_container vc_col-sm-6\"><div class=\"vc_column-inner\"><div class=\"wpb_wrapper\">\t\t\t<div class=\"info-box-wrapper\">\n\t\t\t\t<div id=\"wd-6937dcf064a39\" class=\"wd-rs-6937dcf064a39 wd-info-box wd-wpb text-left box-icon-align-left box-style- color-scheme- wd-bg-none wd-items-top vc_custom_1765268771722\">\n\t\t\t\t\t\t\t\t\t\t\t<div class=\"box-icon-wrapper  box-with-icon box-icon-simple\">\n\t\t\t\t\t\t\t<div class=\"info-box-icon\">\n\n\t\t\t\t\t\t\t\n\t\t\t\t\t\t\t\t\t\t\t\t\t\t\t\t\t<div class=\"info-svg-wrapper\" style=\"width: 40px;height: 40px;\"><img decoding=\"async\"  src=\"https:\/\/www.lxbchip.com\/wp-content\/themes\/woodmart\/images\/lazy.svg\" data-src=\"https:\/\/www.lxbchip.com\/wp-content\/uploads\/2025\/11\/w-cellphone.svg\" loading=\"lazy\" width=\"40\" height=\"40\"><\/div>\t\t\t\t\t\t\t\t\t\t\t\t\t\t\t\n\t\t\t\t\t\t\t<\/div>\n\t\t\t\t\t\t<\/div>\n\t\t\t\t\t\t\t\t\t\t<div class=\"info-box-content\">\n\t\t\t\t\t\t\t\t\t\t\t\t<div class=\"info-box-inner reset-last-child\"><p><span style=\"color: #333333;\"><strong>\u0110i\u1ec7n tho\u1ea1i:<\/strong><\/span> \u00a0+86 18126307314<br \/>\n<span style=\"color: #333333;\"><strong>Email:<\/strong><\/span> <a href=\"mailto:harriet@lxbchip.com\">harriet@lxbchip.com<\/a><\/p>\n<\/div>\n\n\t\t\t\t\t\t\t\t\t\t\t<\/div>\n\n\t\t\t\t\t\n\t\t\t\t\t\t\t\t\t<\/div>\n\t\t\t<\/div>\n\t\t\t\t\t<div class=\"info-box-wrapper\">\n\t\t\t\t<div id=\"wd-69c69373821f6\" class=\"wd-rs-69c69373821f6 wd-info-box wd-wpb text-left box-icon-align-left box-style- color-scheme- wd-bg-none wd-items-top vc_custom_1774621627378\">\n\t\t\t\t\t\t\t\t\t\t\t<div class=\"box-icon-wrapper  box-with-icon box-icon-simple\">\n\t\t\t\t\t\t\t<div class=\"info-box-icon\">\n\n\t\t\t\t\t\t\t\n\t\t\t\t\t\t\t\t\t\t\t\t\t\t\t\t\t<div class=\"info-svg-wrapper\" style=\"width: 40px;height: 40px;\"><img decoding=\"async\"  src=\"https:\/\/www.lxbchip.com\/wp-content\/themes\/woodmart\/images\/lazy.svg\" data-src=\"https:\/\/www.lxbchip.com\/wp-content\/uploads\/2025\/11\/w-chat.svg\" loading=\"lazy\" width=\"40\" height=\"40\"><\/div>\t\t\t\t\t\t\t\t\t\t\t\t\t\t\t\n\t\t\t\t\t\t\t<\/div>\n\t\t\t\t\t\t<\/div>\n\t\t\t\t\t\t\t\t\t\t<div class=\"info-box-content\">\n\t\t\t\t\t\t\t\t\t\t\t\t<div class=\"info-box-inner reset-last-child\"><p><strong>Nh\u00e0 cung c\u1ea5p thi\u1ebft b\u1ecb \u0111i\u1ec7n t\u1eed chuy\u00ean nghi\u1ec7p<\/strong><\/p>\n<p><strong> Cho d\u1ef1 \u00e1n ti\u1ebfp theo c\u1ee7a b\u1ea1n.<\/strong><\/p>\n<p>\n<\/div>\n\n\t\t\t\t\t\t\t\t\t\t\t<\/div>\n\n\t\t\t\t\t\n\t\t\t\t\t\t\t\t\t<\/div>\n\t\t\t<\/div>\n\t\t<\/div><\/div><\/div><div class=\"wpb_column vc_column_container vc_col-sm-6\"><div class=\"vc_column-inner\"><div class=\"wpb_wrapper\">\t\t\t<div class=\"info-box-wrapper\">\n\t\t\t\t<div id=\"wd-61260fc4ec6cd\" class=\"wd-rs-61260fc4ec6cd wd-info-box wd-wpb text-left box-icon-align-left box-style- color-scheme- wd-bg-none wd-items-top vc_custom_1629884363638\">\n\t\t\t\t\t\t\t\t\t\t\t<div class=\"box-icon-wrapper  box-with-icon box-icon-simple\">\n\t\t\t\t\t\t\t<div class=\"info-box-icon\">\n\n\t\t\t\t\t\t\t\n\t\t\t\t\t\t\t\t\t\t\t\t\t\t\t\t\t<div class=\"info-svg-wrapper\" style=\"width: 45px;height: 45px;\"><img decoding=\"async\"  src=\"https:\/\/www.lxbchip.com\/wp-content\/themes\/woodmart\/images\/lazy.svg\" data-src=\"https:\/\/www.lxbchip.com\/wp-content\/uploads\/2025\/11\/w-airplane.svg\" loading=\"lazy\" width=\"45\" height=\"45\"><\/div>\t\t\t\t\t\t\t\t\t\t\t\t\t\t\t\n\t\t\t\t\t\t\t<\/div>\n\t\t\t\t\t\t<\/div>\n\t\t\t\t\t\t\t\t\t\t<div class=\"info-box-content\">\n\t\t\t\t\t\t\t\t\t\t\t\t<div class=\"info-box-inner reset-last-child\"><p><span style=\"color: #333333;\"><strong>Di\u1ec5n \u0111\u00e0n h\u1ed7 tr\u1ee3<\/strong><\/span><br \/>\n<span style=\"color: #333333;\"><strong>trong h\u01a1n 24 gi\u1edd<\/strong><\/span><\/p>\n<\/div>\n\n\t\t\t\t\t\t\t\t\t\t\t<\/div>\n\n\t\t\t\t\t\n\t\t\t\t\t\t\t\t\t<\/div>\n\t\t\t<\/div>\n\t\t\t\t\t<div class=\"info-box-wrapper\">\n\t\t\t\t<div id=\"wd-6937dd388ffa3\" class=\"wd-rs-6937dd388ffa3 wd-info-box wd-wpb text-left box-icon-align-left box-style- color-scheme- wd-bg-none wd-items-top vc_custom_1765268837642\">\n\t\t\t\t\t\t\t\t\t\t\t<div class=\"box-icon-wrapper  box-with-icon box-icon-simple\">\n\t\t\t\t\t\t\t<div class=\"info-box-icon\">\n\n\t\t\t\t\t\t\t\n\t\t\t\t\t\t\t\t\t\t\t\t\t\t\t\t\t<div class=\"info-svg-wrapper\" style=\"width: 40px;height: 40px;\"><img decoding=\"async\"  src=\"https:\/\/www.lxbchip.com\/wp-content\/themes\/woodmart\/images\/lazy.svg\" data-src=\"https:\/\/www.lxbchip.com\/wp-content\/uploads\/2025\/11\/w-map-placeholder.svg\" loading=\"lazy\" width=\"40\" height=\"40\"><\/div>\t\t\t\t\t\t\t\t\t\t\t\t\t\t\t\n\t\t\t\t\t\t\t<\/div>\n\t\t\t\t\t\t<\/div>\n\t\t\t\t\t\t\t\t\t\t<div class=\"info-box-content\">\n\t\t\t\t\t\t\t\t\t\t\t\t<div class=\"info-box-inner reset-last-child\"><p><span style=\"color: #333333;\"><strong>\u0110\u1ecba ch\u1ec9:<\/strong><\/span> B023, T\u1ea7ng 2, Ch\u1ee3 \u0110i\u1ec7n T\u1eed Yougu, Khu AB, T\u00f2a nh\u00e0 Shenfang, Ph\u1ed1 Huaqiangbei<\/p>\n<\/div>\n\n\t\t\t\t\t\t\t\t\t\t\t<\/div>\n\n\t\t\t\t\t\n\t\t\t\t\t\t\t\t\t<\/div>\n\t\t\t<\/div>\n\t\t<\/div><\/div><\/div><\/div><div class=\"vc_separator wpb_content_element vc_separator_align_center vc_sep_width_100 vc_sep_pos_align_center vc_separator_no_text vc_sep_color_grey vc_custom_1484254145420\" ><span class=\"vc_sep_holder vc_sep_holder_l\"><span class=\"vc_sep_line\"><\/span><\/span><span class=\"vc_sep_holder vc_sep_holder_r\"><span class=\"vc_sep_line\"><\/span><\/span>\n<\/div>\t\t<div id=\"wd-61260e3e08751\" class=\"wd-text-block wd-wpb reset-last-child wd-rs-61260e3e08751 text-left wd-font-weight-600 color-title\">\n\t\t\t<p>B\u1ea1n c\u00f3 c\u00e2u h\u1ecfi v\u1ec1 c\u00e1ch ch\u00fang t\u00f4i c\u00f3 th\u1ec3 h\u1ed7 tr\u1ee3 c\u00f4ng ty c\u1ee7a b\u1ea1n kh\u00f4ng?<br \/>\n<span style=\"color: #83b735;\"><a style=\"color: #83b735;\" href=\"#\">H\u00e3y g\u1eedi cho ch\u00fang t\u00f4i m\u1ed9t email v\u00e0 ch\u00fang t\u00f4i s\u1ebd li\u00ean h\u1ec7 v\u1edbi b\u1ea1n trong th\u1eddi gian s\u1edbm nh\u1ea5t.<\/a><\/span><\/p>\n\t\t<\/div>\n\t\t<\/div><\/div><\/div><\/div>\n<\/div>","protected":false},"excerpt":{"rendered":"SEND US AN EMAIL Your Name Your Email Phone Number Model Your Message Please prove you are human by selecting","protected":false},"author":1,"featured_media":0,"parent":0,"menu_order":0,"comment_status":"closed","ping_status":"closed","template":"","meta":{"_acf_changed":false,"footnotes":""},"class_list":["post-387","page","type-page","status-publish","hentry"],"acf":[],"aioseo_notices":[],"_links":{"self":[{"href":"https:\/\/www.lxbchip.com\/vi\/wp-json\/wp\/v2\/pages\/387","targetHints":{"allow":["GET"]}}],"collection":[{"href":"https:\/\/www.lxbchip.com\/vi\/wp-json\/wp\/v2\/pages"}],"about":[{"href":"https:\/\/www.lxbchip.com\/vi\/wp-json\/wp\/v2\/types\/page"}],"author":[{"embeddable":true,"href":"https:\/\/www.lxbchip.com\/vi\/wp-json\/wp\/v2\/users\/1"}],"replies":[{"embeddable":true,"href":"https:\/\/www.lxbchip.com\/vi\/wp-json\/wp\/v2\/comments?post=387"}],"version-history":[{"count":9,"href":"https:\/\/www.lxbchip.com\/vi\/wp-json\/wp\/v2\/pages\/387\/revisions"}],"predecessor-version":[{"id":12058,"href":"https:\/\/www.lxbchip.com\/vi\/wp-json\/wp\/v2\/pages\/387\/revisions\/12058"}],"wp:attachment":[{"href":"https:\/\/www.lxbchip.com\/vi\/wp-json\/wp\/v2\/media?parent=387"}],"curies":[{"name":"wp","href":"https:\/\/api.w.org\/{rel}","templated":true}]}}