{"id":10277,"date":"2026-01-15T14:58:12","date_gmt":"2026-01-15T06:58:12","guid":{"rendered":"https:\/\/www.lxbchip.com\/?page_id=10277"},"modified":"2026-04-09T01:52:28","modified_gmt":"2026-04-08T17:52:28","slug":"linear","status":"publish","type":"page","link":"https:\/\/www.lxbchip.com\/vi\/manufacturers\/linear\/","title":{"rendered":"\u0110\u1ed8NG C\u01a0 TUY\u1ebeN T\u00cdNH"},"content":{"rendered":"<div class=\"wpb-content-wrapper\"><div class=\"vc_row wpb_row vc_row-fluid vc_custom_1768800104178 wd-rs-696dbf566a791\"><div class=\"wpb_column vc_column_container vc_col-sm-12\"><div class=\"vc_column-inner\"><div class=\"wpb_wrapper\">\n\t\t<div id=\"wd-696dd10f7fc73\" class=\"title-wrapper wd-wpb wd-set-mb reset-last-child  wd-rs-696dd10f7fc73 wd-title-color-default wd-title-style-default text-left  wd-underline-colored\">\n\t\t\t\n\t\t\t<div class=\"liner-continer\">\n\t\t\t\t<h2 class=\"woodmart-title-container title  wd-font-weight- wd-fontsize-xl\" >LXB Semicon | C\u00f4ng ngh\u1ec7 tuy\u1ebfn t\u00ednh (ADI)<\/h2>\n\t\t\t\t\t\t\t<\/div>\n\t\t\t\n\t\t\t\t\t\t\t<div class=\"title-after_title reset-last-child  wd-fontsize-s\">Gi\u1ea3i ph\u00e1p ngu\u1ed3n \u0111i\u1ec7n analog cao c\u1ea5p v\u00e0 t\u00edn hi\u1ec7u ch\u00ednh x\u00e1c cho c\u00e1c \u1ee9ng d\u1ee5ng c\u00f4ng nghi\u1ec7p v\u00e0 \u00f4 t\u00f4.<\/div>\n\t\t\t\n\t\t\t\n\t\t<\/div>\n\t\t\n\t\t<\/div><\/div><\/div><\/div>\n<p>&nbsp;<\/p>\n<table width=\"2873\">\n<tbody>\n<tr>\n<td width=\"180\">Ph\u1ee5 t\u00f9ng c\u1ee7a nh\u00e0 s\u1ea3n xu\u1ea5t<\/td>\n<td width=\"85\">B\u1ea3ng d\u1eef li\u1ec7u<\/td>\n<td width=\"217\">Nh\u00e0 s\u1ea3n xu\u1ea5t<\/td>\n<td width=\"378\">Lo\u1ea1i thi\u1ebft b\u1ecb<\/td>\n<td width=\"359\">D\u1ea3i \u0111i\u1ec7n \u00e1p \u0111\u1ea7u v\u00e0o<\/td>\n<td width=\"378\">\u0110\u1ea7u ra \/ Ch\u1ee9c n\u0103ng<\/td>\n<td width=\"359\">D\u00f2ng \u0111i\u1ec7n \u0111\u1ea7u ra t\u1ed1i \u0111a \/ T\u1ed1c \u0111\u1ed9 truy\u1ec1n d\u1eef li\u1ec7u<\/td>\n<td width=\"227\">G\u00f3i<\/td>\n<td width=\"369\">Ch\u1ebf \u0111\u1ed9 chuy\u1ec3n \u0111\u1ed5i \/ Ch\u1ebf \u0111\u1ed9 ho\u1ea1t \u0111\u1ed9ng<\/td>\n<td width=\"321\">Nhi\u1ec7t \u0111\u1ed9 ho\u1ea1t \u0111\u1ed9ng.<\/td>\n<\/tr>\n<tr>\n<td><\/td>\n<td><\/td>\n<td><\/td>\n<td><\/td>\n<td><\/td>\n<td><\/td>\n<td><\/td>\n<td><\/td>\n<td><\/td>\n<td><\/td>\n<\/tr>\n<tr>\n<td>LT8612IUDE#PBF<\/td>\n<td><\/td>\n<td>D\u1ea1ng tuy\u1ebfn t\u00ednh (Analog Devices)<\/td>\n<td>Bi\u1ebfn \u00e1p h\u1ea1 \u00e1p \u0111\u1ed3ng b\u1ed9 DC-DC<\/td>\n<td>3,4 V \u2013 42 V<\/td>\n<td>\u0110\u1ea7u ra c\u00f3 th\u1ec3 \u0111i\u1ec1u ch\u1ec9nh<\/td>\n<td>6A<\/td>\n<td>28 ch\u00e2n QFN (3\u00d76 mm)<\/td>\n<td>\u0110\u1ed3ng b\u1ed9 h\u00f3a gi\u1ea3m \u00e1p, Ch\u1ebf \u0111\u1ed9 Burst\u00ae<\/td>\n<td>\u201340\u00b0C \u0111\u1ebfn +125\u00b0C (Analog Devices)<\/td>\n<\/tr>\n<tr>\n<td>LT8612EUDE#PBF<\/td>\n<td><\/td>\n<td>D\u1ea1ng tuy\u1ebfn t\u00ednh (Analog Devices)<\/td>\n<td>Bi\u1ebfn \u00e1p h\u1ea1 \u00e1p \u0111\u1ed3ng b\u1ed9 DC-DC<\/td>\n<td>3,4 V \u2013 42 V<\/td>\n<td>\u0110\u1ea7u ra c\u00f3 th\u1ec3 \u0111i\u1ec1u ch\u1ec9nh<\/td>\n<td>6A<\/td>\n<td>28 ch\u00e2n QFN (3\u00d76 mm)<\/td>\n<td>\u0110\u1ed3ng b\u1ed9 h\u00f3a gi\u1ea3m \u00e1p, Ch\u1ebf \u0111\u1ed9 Burst\u00ae<\/td>\n<td>\u201340\u00b0C \u0111\u1ebfn +125\u00b0C<\/td>\n<\/tr>\n<tr>\n<td>LT8610AHMSE\u20115#PBF<\/td>\n<td><\/td>\n<td>D\u1ea1ng tuy\u1ebfn t\u00ednh (Analog Devices)<\/td>\n<td>M\u1ea1ch \u0111i\u1ec1u ch\u1ec9nh \u0111i\u1ec7n \u00e1p b\u01b0\u1edbc xu\u1ed1ng \u0111\u1ed3ng b\u1ed9 DC-DC<\/td>\n<td>Kh\u00f4ng \u00e1p d\u1ee5ng<\/td>\n<td>\u0110\u1ea7u ra c\u00f3 th\u1ec3 \u0111i\u1ec1u ch\u1ec9nh<\/td>\n<td>Kh\u00f4ng \u00e1p d\u1ee5ng (gia \u0111\u00ecnh ~3,5 A th\u00f4ng th\u01b0\u1eddng)<\/td>\n<td>MSOP-16 \/ t\u01b0\u01a1ng t\u1ef1<\/td>\n<td>B\u01b0\u1edbc gi\u1ea3m \u00e1p \u0111\u1ed3ng b\u1ed9<\/td>\n<td>Kh\u00f4ng \u00e1p d\u1ee5ng (Analog Devices)<\/td>\n<\/tr>\n<tr>\n<td>LTC6102IMS8#PBF<\/td>\n<td><\/td>\n<td>D\u1ea1ng tuy\u1ebfn t\u00ednh (Analog Devices)<\/td>\n<td>M\u1ea1ch khu\u1ebfch \u0111\u1ea1i c\u1ea3m bi\u1ebfn d\u00f2ng \u0111i\u1ec7n ch\u00ednh x\u00e1c ph\u00eda cao<\/td>\n<td>4 V \u2013 60 V<\/td>\n<td>\u0110\u1ea7u ra t\u1ef7 l\u1ec7 hi\u1ec7n t\u1ea1i<\/td>\n<td>Kh\u00f4ng \u00e1p d\u1ee5ng<\/td>\n<td>8 ch\u00e2n MSOP \/ DFN<\/td>\n<td>Amplifier ch\u00ednh x\u00e1c<\/td>\n<td>\u201340\u00b0C \u0111\u1ebfn +125\u00b0C (Analog Devices)<\/td>\n<\/tr>\n<tr>\n<td>LTC2862IS8-2#PBF<\/td>\n<td><\/td>\n<td>D\u1ea1ng tuy\u1ebfn t\u00ednh (Analog Devices)<\/td>\n<td>B\u1ed9 thu ph\u00e1t RS-422\/RS-485<\/td>\n<td>3 V \u2013 5,5 V<\/td>\n<td>B\u1ed9 thu ph\u00e1t d\u1eef li\u1ec7u vi sai<\/td>\n<td>250 kilobit m\u1ed7i gi\u00e2y<\/td>\n<td>8 ch\u00e2n SOIC<\/td>\n<td>RS-485\/422 b\u00e1n song c\u00f4ng<\/td>\n<td>\u201340\u00b0C \u0111\u1ebfn +85\u00b0C (Element14)<\/td>\n<\/tr>\n<tr>\n<td>LT3045EDD<\/td>\n<td><\/td>\n<td>D\u1ea1ng tuy\u1ebfn t\u00ednh (Analog Devices)<\/td>\n<td>M\u1ea1ch \u0111i\u1ec1u ch\u1ec9nh \u0111i\u1ec7n \u00e1p tuy\u1ebfn t\u00ednh c\u00f3 \u0111\u1ed9 s\u1ee5t \u00e1p th\u1ea5p (LDO) ch\u00ednh x\u00e1c<\/td>\n<td>Kh\u00f4ng \u00e1p d\u1ee5ng<\/td>\n<td>\u0110\u1ea7u ra c\u1ee7a m\u00f4 h\u00ecnh h\u1ed3i quy tuy\u1ebfn t\u00ednh<\/td>\n<td>500 miliampe<\/td>\n<td>MSOP \/ DFN<\/td>\n<td>M\u1ea1ch \u0111i\u1ec1u ch\u1ec9nh \u0111i\u1ec7n \u00e1p tuy\u1ebfn t\u00ednh (ti\u1ebfng \u1ed3n c\u1ef1c th\u1ea5p)<\/td>\n<td>\u201340\u00b0C \u0111\u1ebfn +125\u00b0C (Analog Devices)<\/td>\n<\/tr>\n<tr>\n<td>LT3082IST#TRPBF<\/td>\n<td><\/td>\n<td>\u0110\u01b0\u1eddng th\u1eb3ng (ADI)<\/td>\n<td>M\u1ea1ch \u0111i\u1ec1u ch\u1ec9nh \u0111i\u1ec7n \u00e1p tuy\u1ebfn t\u00ednh LDO c\u00f3 th\u1ec3 \u0111i\u1ec1u ch\u1ec9nh<\/td>\n<td>1,2 V \u2013 40 V<\/td>\n<td>\u0110\u1ea7u ra tuy\u1ebfn t\u00ednh c\u00f3 th\u1ec3 \u0111i\u1ec1u ch\u1ec9nh<\/td>\n<td>200 miliampe<\/td>\n<td>8 ch\u00e2n TSOT-23 \/ SOT-223<\/td>\n<td>LDO tuy\u1ebfn t\u00ednh<\/td>\n<td>\u201340\u00b0C \u0111\u1ebfn +125\u00b0C<\/td>\n<\/tr>\n<tr>\n<td>LTC3260IDE#PBF<\/td>\n<td><\/td>\n<td>\u0110\u01b0\u1eddng th\u1eb3ng (ADI)<\/td>\n<td>B\u01a1m \u0111i\u1ec7n \u00e1p hai c\u1ef1c + LDO<\/td>\n<td>4,5 V \u2013 32 V<\/td>\n<td>Ngu\u1ed3n \u0111i\u1ec7n hai c\u1ef1c \u00b1 c\u00f3 th\u1ec3 \u0111i\u1ec1u ch\u1ec9nh<\/td>\n<td>B\u01a1m \u0111i\u1ec7n ~100 mA; LDO ~50 mA m\u1ed7i c\u00e1i<\/td>\n<td>14 ch\u00e2n DFN \/ MSOP<\/td>\n<td>B\u01a1m \u0111i\u1ec7n + LDO<\/td>\n<td>\u201340\u00b0C \u0111\u1ebfn +125\u00b0C<\/td>\n<\/tr>\n<tr>\n<td>LT8330ES6#TRMPBF<\/td>\n<td><\/td>\n<td>\u0110\u01b0\u1eddng th\u1eb3ng (ADI)<\/td>\n<td>Boost \/ SEPIC \/ B\u1ed9 \u0111i\u1ec1u ch\u1ec9nh Buck-Boost \u0111\u1ea3o pha<\/td>\n<td>3 V \u2013 40 V<\/td>\n<td>Bi\u1ebfn \u0111\u1ed5i \u0111i\u1ec7n \u00e1p m\u1ed9t chi\u1ec1u d\u01b0\u01a1ng\/\u00e2m<\/td>\n<td>1 A<\/td>\n<td>TSOT-23-6<\/td>\n<td>Chuy\u1ec3n \u0111\u1ed5i DC-DC (boost\/SEPIC\/\u0111\u1ea3o chi\u1ec1u)<\/td>\n<td>\u201340\u00b0C \u0111\u1ebfn +125\u00b0C<\/td>\n<\/tr>\n<tr>\n<td>LTC7000HMSE\u20111#TRPBF<\/td>\n<td><\/td>\n<td>\u0110\u01b0\u1eddng th\u1eb3ng (ADI)<\/td>\n<td>B\u1ed9 \u0111i\u1ec1u khi\u1ec3n c\u1ed5ng MOSFET ph\u00eda cao<\/td>\n<td>3,5 V \u2013 135 V<\/td>\n<td>B\u1ed9 \u0111i\u1ec1u khi\u1ec3n c\u1ed5ng (b\u00ean cao)<\/td>\n<td>\u0110i\u1ec1u khi\u1ec3n c\u1ed5ng nhanh<\/td>\n<td>16 ch\u00e2n MSOP<\/td>\n<td>B\u1ed9 \u0111i\u1ec1u khi\u1ec3n MOSFET ph\u00eda cao (chuy\u1ec3n m\u1ea1ch)<\/td>\n<td>Kh\u00f4ng \u00e1p d\u1ee5ng<\/td>\n<\/tr>\n<tr>\n<td>LTC6102IMS8#PBF<\/td>\n<td><\/td>\n<td>\u0110\u01b0\u1eddng th\u1eb3ng (ADI)<\/td>\n<td>M\u1ea1ch khu\u1ebfch \u0111\u1ea1i c\u1ea3m bi\u1ebfn d\u00f2ng \u0111i\u1ec7n ch\u00ednh x\u00e1c ph\u00eda cao<\/td>\n<td>4 V \u2013 60 V<\/td>\n<td>\u0110\u1ea7u ra t\u1ef7 l\u1ec7 hi\u1ec7n t\u1ea1i<\/td>\n<td>Kh\u00f4ng \u00e1p d\u1ee5ng<\/td>\n<td>8 ch\u00e2n MSOP \/ DFN<\/td>\n<td>D\u00f2ng \/ B\u1ed9 khu\u1ebfch \u0111\u1ea1i<\/td>\n<td>\u201340\u00b0C \u0111\u1ebfn +125\u00b0C<\/td>\n<\/tr>\n<tr>\n<td>LT8612EUDE#PBF<\/td>\n<td><\/td>\n<td>\u0110\u01b0\u1eddng th\u1eb3ng (ADI)<\/td>\n<td>M\u1ea1ch \u0111i\u1ec1u ch\u1ec9nh \u0111i\u1ec7n \u00e1p b\u01b0\u1edbc xu\u1ed1ng \u0111\u1ed3ng b\u1ed9 Buck<\/td>\n<td>3,4 V \u2013 42 V<\/td>\n<td>\u0110\u1ea7u ra DC-DC c\u00f3 th\u1ec3 \u0111i\u1ec1u ch\u1ec9nh<\/td>\n<td>6A<\/td>\n<td>28 ch\u00e2n QFN<\/td>\n<td>Chuy\u1ec3n \u0111\u1ed5i DC-DC (chuy\u1ec3n \u0111\u1ed5i buck \u0111\u1ed3ng b\u1ed9)<\/td>\n<td>\u201340\u00b0C \u0111\u1ebfn +125\u00b0C<\/td>\n<\/tr>\n<tr>\n<td>LT1185IT<\/td>\n<td><\/td>\n<td>\u0110\u01b0\u1eddng th\u1eb3ng (ADI)<\/td>\n<td>M\u1ea1ch \u0111i\u1ec1u ch\u1ec9nh \u0111i\u1ec7n \u00e1p tuy\u1ebfn t\u00ednh LDO c\u00f3 th\u1ec3 \u0111i\u1ec1u ch\u1ec9nh<\/td>\n<td>2,5 V \u2013 36 V<\/td>\n<td>\u0110\u1ea7u ra tuy\u1ebfn t\u00ednh c\u00f3 th\u1ec3 \u0111i\u1ec1u ch\u1ec9nh<\/td>\n<td>3A<\/td>\n<td>TO-220-5<\/td>\n<td>LDO tuy\u1ebfn t\u00ednh<\/td>\n<td>\u201340\u00b0C \u0111\u1ebfn +85\u00b0C<\/td>\n<\/tr>\n<tr>\n<td>LT1970ACFE<\/td>\n<td><\/td>\n<td>\u0110\u01b0\u1eddng th\u1eb3ng (ADI)<\/td>\n<td>M\u1ea1ch khu\u1ebfch \u0111\u1ea1i \u0111i\u1ec7n \u00e1p (Ampere) c\u00f3 gi\u1edbi h\u1ea1n d\u00f2ng \u0111i\u1ec7n \u0111i\u1ec1u ch\u1ec9nh \u0111\u01b0\u1ee3c<\/td>\n<td>5 V \u2013 36 V<\/td>\n<td>\u00b1 \u0110\u1ea7u ra c\u1ee7a m\u1ea1ch khu\u1ebfch \u0111\u1ea1i \u0111i\u1ec7n \u00e1p<\/td>\n<td>\u00b1500 mA ngu\u1ed3n\/\u0111\u1ea7u ra<\/td>\n<td>20 ch\u00e2n TSSOP<\/td>\n<td>M\u1ea1ch tuy\u1ebfn t\u00ednh \/ M\u1ea1ch khu\u1ebfch \u0111\u1ea1i op-amp<\/td>\n<td>0\u00b0C \u0111\u1ebfn +70\u00b0C<\/td>\n<\/tr>\n<tr>\n<td>LT6016HMS8<\/td>\n<td><\/td>\n<td>\u0110\u01b0\u1eddng th\u1eb3ng (ADI)<\/td>\n<td>M\u1ea1ch khu\u1ebfch \u0111\u1ea1i k\u00e9p ch\u00ednh x\u00e1c<\/td>\n<td>3 V \u2013 50 V<\/td>\n<td>M\u1ea1ch khu\u1ebfch \u0111\u1ea1i vi sai (Op-Amp)<\/td>\n<td>Kh\u00f4ng \u00e1p d\u1ee5ng<\/td>\n<td>8 ch\u00e2n MSOP<\/td>\n<td>M\u1ea1ch tuy\u1ebfn t\u00ednh \/ M\u1ea1ch khu\u1ebfch \u0111\u1ea1i op-amp<\/td>\n<td>\u201355\u00b0C \u0111\u1ebfn +150\u00b0C<\/td>\n<\/tr>\n<tr>\n<td>LT8606EDC<\/td>\n<td><\/td>\n<td>\u0110\u01b0\u1eddng th\u1eb3ng (ADI)<\/td>\n<td>Bi\u1ebfn \u0111\u1ed5i \u0111i\u1ec7n \u00e1p DC-DC lo\u1ea1i Buck \u0111\u1ed3ng b\u1ed9<\/td>\n<td>4 V \u2013 60 V<\/td>\n<td>\u0110\u1ea7u ra \u0111i\u1ec1u ch\u1ec9nh gi\u1ea3m \u00e1p<\/td>\n<td>6A<\/td>\n<td>QFN 5\u00d76 mm<\/td>\n<td>Chuy\u1ec3n \u0111\u1ed5i DC-DC (Buck \u0111\u1ed3ng b\u1ed9)<\/td>\n<td>\u201340\u00b0C \u0111\u1ebfn +125\u00b0C<\/td>\n<\/tr>\n<tr>\n<td>LT8609AEDDM<\/td>\n<td><\/td>\n<td>\u0110\u01b0\u1eddng th\u1eb3ng (ADI)<\/td>\n<td>Bi\u1ebfn \u0111\u1ed5i \u0111i\u1ec7n \u00e1p DC-DC lo\u1ea1i Buck \u0111\u1ed3ng b\u1ed9<\/td>\n<td>4 V \u2013 60 V<\/td>\n<td>\u0110\u1ea7u ra \u0111i\u1ec1u ch\u1ec9nh gi\u1ea3m \u00e1p<\/td>\n<td>5A<\/td>\n<td>28 ch\u00e2n QFN<\/td>\n<td>Chuy\u1ec3n \u0111\u1ed5i DC-DC (Buck \u0111\u1ed3ng b\u1ed9)<\/td>\n<td>\u201340\u00b0C \u0111\u1ebfn +125\u00b0C<\/td>\n<\/tr>\n<tr>\n<td>LTC1060CN<\/td>\n<td><\/td>\n<td>\u0110\u01b0\u1eddng th\u1eb3ng (ADI)<\/td>\n<td>Bi\u1ebfn \u0111\u1ed5i t\u01b0\u01a1ng t\u1ef1-s\u1ed1 12 bit<\/td>\n<td>Kh\u00f4ng \u00e1p d\u1ee5ng<\/td>\n<td>Chuy\u1ec3n \u0111\u1ed5i 12-bit<\/td>\n<td>L\u00ean \u0111\u1ebfn 1 MSPS<\/td>\n<td>16 ch\u00e2n DIP<\/td>\n<td>Kh\u00f4ng \u00e1p d\u1ee5ng<\/td>\n<td>0\u00b0C \u0111\u1ebfn +70\u00b0C<\/td>\n<\/tr>\n<tr>\n<td>LTC3045EMSE-1<\/td>\n<td><\/td>\n<td>\u0110\u01b0\u1eddng th\u1eb3ng (ADI)<\/td>\n<td>M\u1ea1ch \u0111i\u1ec1u ch\u1ec9nh \u0111i\u1ec7n \u00e1p tuy\u1ebfn t\u00ednh LDO ch\u00ednh x\u00e1c<\/td>\n<td>1,8 V \u2013 20 V<\/td>\n<td>\u0110\u1ea7u ra LDO c\u00f3 th\u1ec3 \u0111i\u1ec1u ch\u1ec9nh<\/td>\n<td>500 miliampe<\/td>\n<td>MSOP \/ DFN<\/td>\n<td>LDO tuy\u1ebfn t\u00ednh<\/td>\n<td>\u201340\u00b0C \u0111\u1ebfn +125\u00b0C<\/td>\n<\/tr>\n<tr>\n<td>LTC3307AIV<\/td>\n<td><\/td>\n<td>\u0110\u01b0\u1eddng th\u1eb3ng (ADI)<\/td>\n<td>B\u1ed9 \u0111i\u1ec1u khi\u1ec3n Flyback \u0111\u1ed9c l\u1eadp<\/td>\n<td>4,5 V \u2013 36 V<\/td>\n<td>\u0110\u1ea7u ra DC-DC c\u00e1ch ly<\/td>\n<td>Kh\u00f4ng \u00e1p d\u1ee5ng<\/td>\n<td>16 ch\u00e2n SSOP<\/td>\n<td>Chuy\u1ec3n \u0111\u1ed5i DC-DC (Lo\u1ea1i c\u00e1ch ly Flyback)<\/td>\n<td>\u201340\u00b0C \u0111\u1ebfn +125\u00b0C<\/td>\n<\/tr>\n<tr>\n<td>LTC3310SEV<\/td>\n<td><\/td>\n<td>\u0110\u01b0\u1eddng th\u1eb3ng (ADI)<\/td>\n<td>Bi\u1ebfn \u0111\u1ed5i \u0111i\u1ec7n \u00e1p DC-DC Buck-Boost<\/td>\n<td>3 V \u2013 36 V<\/td>\n<td>\u0110\u1ea7u ra Buck-Boost<\/td>\n<td>1,5 A<\/td>\n<td>16 ch\u00e2n MSOP<\/td>\n<td>Chuy\u1ec3n \u0111\u1ed5i DC-DC (Buck-Boost)<\/td>\n<td>\u201340\u00b0C \u0111\u1ebfn +125\u00b0C<\/td>\n<\/tr>\n<tr>\n<td>LTC3406ES5<\/td>\n<td><\/td>\n<td>\u0110\u01b0\u1eddng th\u1eb3ng (ADI)<\/td>\n<td>Bi\u1ebfn \u0111\u1ed5i \u0111i\u1ec7n \u00e1p DC-DC \u0111\u1ed3ng b\u1ed9<\/td>\n<td>2,7 V \u2013 12 V<\/td>\n<td>T\u0103ng s\u1ea3n l\u01b0\u1ee3ng<\/td>\n<td>1,5 A<\/td>\n<td>16 ch\u00e2n MSOP<\/td>\n<td>Chuy\u1ec3n \u0111\u1ed5i DC-DC (Boost \u0111\u1ed3ng b\u1ed9)<\/td>\n<td>\u201340\u00b0C \u0111\u1ebfn +125\u00b0C<\/td>\n<\/tr>\n<tr>\n<td>LTC4020EUHF<\/td>\n<td><\/td>\n<td>\u0110\u01b0\u1eddng th\u1eb3ng (ADI)<\/td>\n<td>S\u1ea1c pin hi\u1ec7u su\u1ea5t cao<\/td>\n<td>4 V \u2013 40 V<\/td>\n<td>S\u1ea1c pin Li-Ion<\/td>\n<td>Kh\u00f4ng \u00e1p d\u1ee5ng<\/td>\n<td>28 ch\u00e2n QFN<\/td>\n<td>B\u1ed9 chuy\u1ec3n \u0111\u1ed5i DC-DC + S\u1ea1c<\/td>\n<td>\u201340\u00b0C \u0111\u1ebfn +125\u00b0C<\/td>\n<\/tr>\n<tr>\n<td>LTC4236IUFD-2<\/td>\n<td><\/td>\n<td>\u0110\u01b0\u1eddng th\u1eb3ng (ADI)<\/td>\n<td>Thay th\u1ebf n\u00f3ng \/ Qu\u1ea3n l\u00fd ngu\u1ed3n<\/td>\n<td>4 V \u2013 60 V<\/td>\n<td>C\u00f4ng t\u1eafc t\u1ea3i \/ Qu\u1ea3n l\u00fd ngu\u1ed3n \u0111i\u1ec7n<\/td>\n<td>10 A<\/td>\n<td>16 ch\u00e2n QFN<\/td>\n<td>D\u1ea1ng tuy\u1ebfn t\u00ednh \/ C\u00f4ng t\u1eafc<\/td>\n<td>\u201340\u00b0C \u0111\u1ebfn +125\u00b0C<\/td>\n<\/tr>\n<tr>\n<td>LTC6090CS8E<\/td>\n<td><\/td>\n<td>\u0110\u01b0\u1eddng th\u1eb3ng (ADI)<\/td>\n<td>M\u1ea1ch khu\u1ebfch \u0111\u1ea1i vi sai d\u00f2ng cao ch\u00ednh x\u00e1c<\/td>\n<td>\u00b15 V \u2013 \u00b115 V<\/td>\n<td>T\u0103ng \u00e1p d\u00f2ng \u0111i\u1ec7n cao<\/td>\n<td>2A<\/td>\n<td>8 ch\u00e2n SO<\/td>\n<td>M\u1ea1ch tuy\u1ebfn t\u00ednh \/ M\u1ea1ch khu\u1ebfch \u0111\u1ea1i op-amp<\/td>\n<td>\u201340\u00b0C \u0111\u1ebfn +125\u00b0C<\/td>\n<\/tr>\n<tr>\n<td>LTC2000IY\u201116<\/td>\n<td><\/td>\n<td>D\u1ea1ng tuy\u1ebfn t\u00ednh (Analog Devices)<\/td>\n<td>16\u2011bit High\u2011Speed DAC<\/td>\n<td>1.8\u202fV\u20111.92\u202fV \/ 3.135\u202fV\u20113.465\u202fV<\/td>\n<td>16\u2011bit current output DAC, LVDS\/Parallel<\/td>\n<td>2.5\u202fGsps sampling (2.5\u202f\u00d710\u2079\u202fsamples\/s)<\/td>\n<td>170\u2011BGA (15\u00d79)<\/td>\n<td>Digital DAC (Current Steering)<\/td>\n<td>\u201340\u00b0C \u0111\u1ebfn +85\u00b0C<\/td>\n<\/tr>\n<tr>\n<td>LT3489EMS8E<\/td>\n<td><\/td>\n<td>D\u1ea1ng tuy\u1ebfn t\u00ednh (Analog Devices)<\/td>\n<td>Kh\u00f4ng \u00e1p d\u1ee5ng<\/td>\n<td>Kh\u00f4ng \u00e1p d\u1ee5ng<\/td>\n<td>Kh\u00f4ng \u00e1p d\u1ee5ng<\/td>\n<td>Kh\u00f4ng \u00e1p d\u1ee5ng<\/td>\n<td>Kh\u00f4ng \u00e1p d\u1ee5ng<\/td>\n<td>Kh\u00f4ng \u00e1p d\u1ee5ng<\/td>\n<td>Kh\u00f4ng \u00e1p d\u1ee5ng<\/td>\n<\/tr>\n<tr>\n<td>LTC4367CMS8<\/td>\n<td><\/td>\n<td>D\u1ea1ng tuy\u1ebfn t\u00ednh (Analog Devices)<\/td>\n<td>Overvoltage\/Undervoltage Protection Controller<\/td>\n<td>2.5\u202fV to 60\u202fV<\/td>\n<td>UV\/OV reverse protection control<\/td>\n<td>70\u202f\u00b5A supply current<\/td>\n<td>8 ch\u00e2n MSOP<\/td>\n<td>Linear Protection Controller<\/td>\n<td>\u201340\u00b0C \u0111\u1ebfn +85\u00b0C<\/td>\n<\/tr>\n<tr>\n<td>LT8705AEFE<\/td>\n<td><\/td>\n<td>D\u1ea1ng tuy\u1ebfn t\u00ednh (Analog Devices)<\/td>\n<td>N\/A (likely DC\/DC controller)<\/td>\n<td>Kh\u00f4ng \u00e1p d\u1ee5ng<\/td>\n<td>Kh\u00f4ng \u00e1p d\u1ee5ng<\/td>\n<td>Kh\u00f4ng \u00e1p d\u1ee5ng<\/td>\n<td>Kh\u00f4ng \u00e1p d\u1ee5ng<\/td>\n<td>Kh\u00f4ng \u00e1p d\u1ee5ng<\/td>\n<td>Kh\u00f4ng \u00e1p d\u1ee5ng<\/td>\n<\/tr>\n<tr>\n<td>LTC2704CGW\u201116<\/td>\n<td><\/td>\n<td>D\u1ea1ng tuy\u1ebfn t\u00ednh (Analog Devices)<\/td>\n<td>Quad Voltage\u2011Output DAC (SoftSpan\u2122)<\/td>\n<td>3\u202fV to 5\u202fV logic, \u00b15\u202fV to \u00b115\u202fV analog<\/td>\n<td>16\u2011bit quad voltage DAC<\/td>\n<td>\u00b15\u202fmA output per channel<\/td>\n<td>44\u2011lead SSOP<\/td>\n<td>DAC (Serial)<\/td>\n<td>\u201340\u00b0C \u0111\u1ebfn +85\u00b0C<\/td>\n<\/tr>\n<tr>\n<td>LT1112S8#TRPBF<\/td>\n<td><\/td>\n<td>D\u1ea1ng tuy\u1ebfn t\u00ednh (Analog Devices)<\/td>\n<td>Adjustable Linear Regulator<\/td>\n<td>3\u202fV to 30\u202fV input (typical for LT1112)<\/td>\n<td>\u0110\u1ea7u ra LDO c\u00f3 th\u1ec3 \u0111i\u1ec1u ch\u1ec9nh<\/td>\n<td>1 A<\/td>\n<td>8\u2011lead package\/variant<\/td>\n<td>LDO tuy\u1ebfn t\u00ednh<\/td>\n<td>\u201355\u202f\u00b0C to +125\u202f\u00b0C<\/td>\n<\/tr>\n<tr>\n<td>LTC2054CS5#TRPBF<\/td>\n<td><\/td>\n<td>D\u1ea1ng tuy\u1ebfn t\u00ednh (Analog Devices)<\/td>\n<td>Precision Zero\u2011Drift Op Amp<\/td>\n<td>2.7\u202fV to 5.5\u202fV<\/td>\n<td>Precision amplifier output<\/td>\n<td>Kh\u00f4ng \u00e1p d\u1ee5ng<\/td>\n<td>5\u2011lead SOT\u201123<\/td>\n<td>Linear Op\u2011Amp<\/td>\n<td>\u201340\u00b0C \u0111\u1ebfn +125\u00b0C<\/td>\n<\/tr>\n<tr>\n<td>LT4356IDE\u20112#TRPBF<\/td>\n<td><\/td>\n<td>D\u1ea1ng tuy\u1ebfn t\u00ednh (Analog Devices)<\/td>\n<td>Ideal Diode\/Current Limiter Controller<\/td>\n<td>4\u202fV to 80\u202fV (typical family)<\/td>\n<td>Ideal diode ORing control<\/td>\n<td>Kh\u00f4ng \u00e1p d\u1ee5ng<\/td>\n<td>16\u2011pin<\/td>\n<td>MOSFET control<\/td>\n<td>\u201340\u00b0C \u0111\u1ebfn +125\u00b0C<\/td>\n<\/tr>\n<tr>\n<td>LT1490AHS8#PBF<\/td>\n<td><\/td>\n<td>D\u1ea1ng tuy\u1ebfn t\u00ednh (Analog Devices)<\/td>\n<td>Adjustable Precision LDO Regulator<\/td>\n<td>Kh\u00f4ng \u00e1p d\u1ee5ng<\/td>\n<td>Adjustable LDO<\/td>\n<td>1.5\u202fA (typical for LT1490 family)<\/td>\n<td>8\u2011lead<\/td>\n<td>LDO tuy\u1ebfn t\u00ednh<\/td>\n<td>\u201340\u00b0C \u0111\u1ebfn +85\u00b0C<\/td>\n<\/tr>\n<tr>\n<td>LT2179CS#TRPBF<\/td>\n<td><\/td>\n<td>D\u1ea1ng tuy\u1ebfn t\u00ednh (Analog Devices)<\/td>\n<td>Precision Dual Op\u2011Amp<\/td>\n<td>\u00b12.5\u202fV to \u00b118\u202fV<\/td>\n<td>Dual op amp output<\/td>\n<td>Kh\u00f4ng \u00e1p d\u1ee5ng<\/td>\n<td>8\u2011lead<\/td>\n<td>Linear Op\u2011Amp<\/td>\n<td>\u201340\u00b0C \u0111\u1ebfn +85\u00b0C<\/td>\n<\/tr>\n<tr>\n<td>LT1764EQ<\/td>\n<td><\/td>\n<td>D\u1ea1ng tuy\u1ebfn t\u00ednh (Analog Devices)<\/td>\n<td>Low Noise LDO Linear Regulator<\/td>\n<td>1.22\u202fV to 20\u202fV<\/td>\n<td>Low noise LDO output<\/td>\n<td>3A<\/td>\n<td>TO\u2011220 \/ DD\u2011Pak<\/td>\n<td>LDO tuy\u1ebfn t\u00ednh<\/td>\n<td>\u201340\u00b0C \u0111\u1ebfn +125\u00b0C<\/td>\n<\/tr>\n<tr>\n<td>LT5560EDD#TRPBF<\/td>\n<td><\/td>\n<td>D\u1ea1ng tuy\u1ebfn t\u00ednh (Analog Devices)<\/td>\n<td>RF\/IF Active Mixer<\/td>\n<td>0.1\u202fGHz\u202f\u2013\u202f6\u202fGHz<\/td>\n<td>RF mixer output<\/td>\n<td>Kh\u00f4ng \u00e1p d\u1ee5ng<\/td>\n<td>16\u2011lead<\/td>\n<td>RF Mixing<\/td>\n<td>\u201340\u00b0C \u0111\u1ebfn +85\u00b0C<\/td>\n<\/tr>\n<tr>\n<td>LTC5541IUH#PBF<\/td>\n<td><\/td>\n<td>D\u1ea1ng tuy\u1ebfn t\u00ednh (Analog Devices)<\/td>\n<td>RF Power Detector<\/td>\n<td>50\u202fMHz to 6\u202fGHz<\/td>\n<td>Power detection<\/td>\n<td>Kh\u00f4ng \u00e1p d\u1ee5ng<\/td>\n<td>6\u2011lead U\u2011pack<\/td>\n<td>RF Detector<\/td>\n<td>\u201340\u00b0C \u0111\u1ebfn +85\u00b0C<\/td>\n<\/tr>\n<tr>\n<td>LT1636IDD#TRPBF<\/td>\n<td><\/td>\n<td>D\u1ea1ng tuy\u1ebfn t\u00ednh (Analog Devices)<\/td>\n<td>Adjustable Precision Dual Op\u2011Amp<\/td>\n<td>2.2\u202fV to 36\u202fV<\/td>\n<td>Dual op amp output<\/td>\n<td>Kh\u00f4ng \u00e1p d\u1ee5ng<\/td>\n<td>8\u2011lead<\/td>\n<td>Linear Op\u2011Amp<\/td>\n<td>\u201340\u00b0C \u0111\u1ebfn +125\u00b0C<\/td>\n<\/tr>\n<tr>\n<td>LTC7103IUHE<\/td>\n<td><\/td>\n<td>D\u1ea1ng tuy\u1ebfn t\u00ednh (Analog Devices)<\/td>\n<td>3\u2011Wire Temperature Sensor &amp; ADC<\/td>\n<td>2.7\u202fV to 5.5\u202fV<\/td>\n<td>12\u2011bit A\/D + temp sensor<\/td>\n<td>Kh\u00f4ng \u00e1p d\u1ee5ng<\/td>\n<td>8\u2011lead<\/td>\n<td>ADC\/Temp Sensor<\/td>\n<td>\u201340\u00b0C \u0111\u1ebfn +125\u00b0C<\/td>\n<\/tr>\n<tr>\n<td>LTC4020EUHF#TRPBF<\/td>\n<td><\/td>\n<td>D\u1ea1ng tuy\u1ebfn t\u00ednh (Analog Devices)<\/td>\n<td>High\u2011Efficiency Battery Charger PMIC<\/td>\n<td>4\u202fV to 40\u202fV<\/td>\n<td>Li\u2011ion battery charger DC\u2011DC + control<\/td>\n<td>Kh\u00f4ng \u00e1p d\u1ee5ng<\/td>\n<td>28\u2011lead<\/td>\n<td>Switching Charger<\/td>\n<td>\u201340\u00b0C \u0111\u1ebfn +125\u00b0C<\/td>\n<\/tr>\n<tr>\n<td>LTC5510IUF#TRPBF<\/td>\n<td><\/td>\n<td>D\u1ea1ng tuy\u1ebfn t\u00ednh (Analog Devices)<\/td>\n<td>RF Power Detector<\/td>\n<td>0.1\u202fGHz \u2013 10\u202fGHz<\/td>\n<td>RF power detection<\/td>\n<td>Kh\u00f4ng \u00e1p d\u1ee5ng<\/td>\n<td>6\u2011lead<\/td>\n<td>RF Detector<\/td>\n<td>\u201340\u00b0C \u0111\u1ebfn +85\u00b0C<\/td>\n<\/tr>\n<\/tbody>\n<\/table>\n<\/div>","protected":false},"excerpt":{"rendered":"<p>&nbsp; Mfr Part Datasheet Manufacturer Device Type Input Voltage Range Output \/ Function Max Output Current \/ Data Rate Package<\/p>","protected":false},"author":1,"featured_media":0,"parent":388,"menu_order":0,"comment_status":"closed","ping_status":"closed","template":"","meta":{"_acf_changed":false,"footnotes":""},"class_list":["post-10277","page","type-page","status-publish","hentry"],"acf":[],"aioseo_notices":[],"_links":{"self":[{"href":"https:\/\/www.lxbchip.com\/vi\/wp-json\/wp\/v2\/pages\/10277","targetHints":{"allow":["GET"]}}],"collection":[{"href":"https:\/\/www.lxbchip.com\/vi\/wp-json\/wp\/v2\/pages"}],"about":[{"href":"https:\/\/www.lxbchip.com\/vi\/wp-json\/wp\/v2\/types\/page"}],"author":[{"embeddable":true,"href":"https:\/\/www.lxbchip.com\/vi\/wp-json\/wp\/v2\/users\/1"}],"replies":[{"embeddable":true,"href":"https:\/\/www.lxbchip.com\/vi\/wp-json\/wp\/v2\/comments?post=10277"}],"version-history":[{"count":0,"href":"https:\/\/www.lxbchip.com\/vi\/wp-json\/wp\/v2\/pages\/10277\/revisions"}],"up":[{"embeddable":true,"href":"https:\/\/www.lxbchip.com\/vi\/wp-json\/wp\/v2\/pages\/388"}],"wp:attachment":[{"href":"https:\/\/www.lxbchip.com\/vi\/wp-json\/wp\/v2\/media?parent=10277"}],"curies":[{"name":"wp","href":"https:\/\/api.w.org\/{rel}","templated":true}]}}