{"id":81,"date":"2025-11-10T16:51:13","date_gmt":"2025-11-10T08:51:13","guid":{"rendered":"https:\/\/www.lxbchip.com\/?post_type=product&#038;p=81"},"modified":"2026-01-28T11:35:50","modified_gmt":"2026-01-28T03:35:50","slug":"xc4vsx55-10ffg1148c","status":"publish","type":"product","link":"https:\/\/www.lxbchip.com\/tr\/products\/xc4vsx55-10ffg1148c\/","title":{"rendered":"XC4VSX55-10FFG1148C"},"content":{"rendered":"<table id=\"table_1\" class=\"scroll display nowrap data-t data-t wpDataTable wpDataTableID-8 dataTable\" data-described-by=\"table_1_desc\" data-wpdatatable_id=\"8\" aria-describedby=\"table_1_info\">\n<thead>\n<tr>\n<th class=\"wdtheader sort expand column-modelpn sorting\" tabindex=\"0\" colspan=\"1\" rowspan=\"1\" data-class=\"expand\" aria-controls=\"table_1\" aria-label=\" Model P\/Ntan\u0131ms\u0131z\">MODEL P\/N<\/th>\n<th class=\"wdtheader sort column-series sorting\" tabindex=\"0\" colspan=\"1\" rowspan=\"1\" aria-controls=\"table_1\" aria-label=\" Seriesundefined\">SER\u0130LER<\/th>\n<th class=\"wdtheader sort numdata float column-numberoflabsclbs sorting\" tabindex=\"0\" colspan=\"1\" rowspan=\"1\" aria-controls=\"table_1\" aria-label=\" LAB say\u0131s\u0131\/CLBtan\u0131mlanm\u0131\u015f\">LABORATUVAR\/CLB SAYISI<\/th>\n<th class=\"wdtheader sort numdata float column-speedgrade sorting\" tabindex=\"0\" colspan=\"1\" rowspan=\"1\" aria-controls=\"table_1\" aria-label=\" H\u0131z DerecesiTan\u0131ml\u0131\">HIZ DERECES\u0130<\/th>\n<th class=\"wdtheader sort column-numberoflogicelementscells sorting sorting_asc\" tabindex=\"0\" colspan=\"1\" rowspan=\"1\" aria-controls=\"table_1\" aria-label=\" Mant\u0131k Eleman\u0131 \/ H\u00fccre Say\u0131s\u0131tan\u0131ms\u0131z\" aria-sort=\"ascending\">MANTIK ELEMANI \/ H\u00dcCRE SAYISI<\/th>\n<th class=\"wdtheader sort column-totalrambits sorting\" tabindex=\"0\" colspan=\"1\" rowspan=\"1\" aria-controls=\"table_1\" aria-label=\" Toplam RAM Bitsundefined\">TOPLAM RAM B\u0130TLER\u0130<\/th>\n<th class=\"wdtheader sort numdata integer column-numberofio sorting\" tabindex=\"0\" colspan=\"1\" rowspan=\"1\" aria-controls=\"table_1\" aria-label=\" Tan\u0131mlanmam\u0131\u015f G\/\u00c7 say\u0131s\u0131\">G\/\u00c7 SAYISI<\/th>\n<th class=\"wdtheader sort column-voltagesupply sorting\" tabindex=\"0\" colspan=\"1\" rowspan=\"1\" aria-controls=\"table_1\" aria-label=\" Gerilim - Besleme tan\u0131ms\u0131z\">VOLTAJ - BESLEME<\/th>\n<th class=\"wdtheader sort column-mountingtype sorting\" tabindex=\"0\" colspan=\"1\" rowspan=\"1\" aria-controls=\"table_1\" aria-label=\" Montaj T\u00fcr\u00fctan\u0131ms\u0131z\">MONTAJ T\u0130P\u0130<\/th>\n<th class=\"wdtheader sort column-operatingtemperature sorting\" tabindex=\"0\" colspan=\"1\" rowspan=\"1\" aria-controls=\"table_1\" aria-label=\" \u00c7al\u0131\u015fma S\u0131cakl\u0131\u011f\u0131tan\u0131mlanmam\u0131\u015f\">\u00c7ALI\u015eMA SICAKLI\u011eI<\/th>\n<th class=\"wdtheader sort column-packagecase sorting\" tabindex=\"0\" colspan=\"1\" rowspan=\"1\" aria-controls=\"table_1\" aria-label=\" Paket \/ KasaTan\u0131ml\u0131\">PAKET \/ KASA<\/th>\n<th class=\"wdtheader sort column-supplierdevicepackage sorting\" tabindex=\"0\" colspan=\"1\" rowspan=\"1\" aria-controls=\"table_1\" aria-label=\" Tedarik\u00e7i Cihaz Paketiundefined\">TEDARIK\u00c7I CIHAZ PAKETI<\/th>\n<\/tr>\n<\/thead>\n<tbody>\n<tr class=\"odd\">\n<td class=\"expand column-modelpn\">XC4VSX55-10FFG1148C<\/td>\n<td class=\"column-series\">Virtex-4 SX<\/td>\n<td class=\"numdata float column-numberoflabsclbs\">6,91<\/td>\n<td class=\"numdata float column-speedgrade\">-10,00<\/td>\n<td class=\"column-numberoflogicelementscells sorting_1\">55.296 Mant\u0131k H\u00fccresi<\/td>\n<td class=\"column-totalrambits\">4,608 Kbits<\/td>\n<td class=\"numdata integer column-numberofio\">576<\/td>\n<td class=\"column-voltagesupply\">1,14V ~ 1,26V<\/td>\n<td class=\"column-mountingtype\">SMD<\/td>\n<td class=\"column-operatingtemperature\">Ticari (0\u00b0C ~ +85\u00b0C)<\/td>\n<td class=\"column-packagecase\">1148-BGA<\/td>\n<td class=\"column-supplierdevicepackage\">FFG1148<\/td>\n<\/tr>\n<\/tbody>\n<\/table>\n<p>XC4VSX55-10FFG1148C, Virtex-4 SX55 FPGA optimized for digital signal processing (DSP).<\/p>\n<p>Unlike FX series devices that focus on embedded CPUs, the SX family is built for pure signal processing performance \u2014 more DSP blocks, faster parallel data paths, and better throughput for real-time applications.<\/p>\n<p>In simple words:<br \/>\n\ud83d\udc49 If your design needs heavy math, filtering, FFT, or video processing, this is the right Virtex-4 FPGA.<\/p>\n<p data-start=\"714\" data-end=\"758\"><span style=\"color: #003366;\">Why engineers choose XC4VSX55-10FFG1148C<\/span><\/p>\n<p data-start=\"760\" data-end=\"833\">This <strong data-start=\"765\" data-end=\"793\">XC4VSX55-10FFG1148C FPGA<\/strong> is commonly selected because it offers:<\/p>\n<ul data-start=\"835\" data-end=\"1363\">\n<li data-start=\"835\" data-end=\"944\">\n<p data-start=\"837\" data-end=\"944\"><strong data-start=\"837\" data-end=\"863\">Dedicated DSP48 slices<\/strong><br data-start=\"863\" data-end=\"866\" \/>Designed for high-speed digital signal processing and real-time computation.<\/p>\n<\/li>\n<li data-start=\"946\" data-end=\"1056\">\n<p data-start=\"948\" data-end=\"1056\"><strong data-start=\"948\" data-end=\"967\">-10 h\u0131z derecesi<\/strong><br data-start=\"967\" data-end=\"970\" \/>Balanced performance and stable timing, widely used in long-life production systems.<\/p>\n<\/li>\n<li data-start=\"1058\" data-end=\"1152\">\n<p data-start=\"1060\" data-end=\"1152\"><strong data-start=\"1060\" data-end=\"1093\">FFG1148 flip-chip BGA package<\/strong><br data-start=\"1093\" data-end=\"1096\" \/>High I\/O density with strong signal integrity support.<\/p>\n<\/li>\n<li data-start=\"1154\" data-end=\"1276\">\n<p data-start=\"1156\" data-end=\"1276\"><strong data-start=\"1156\" data-end=\"1192\">Commercial temperature grade (C)<\/strong><br data-start=\"1192\" data-end=\"1195\" \/>Suitable for controlled environments such as indoor telecom and data equipment.<\/p>\n<\/li>\n<li data-start=\"1278\" data-end=\"1363\">\n<p data-start=\"1280\" data-end=\"1363\"><strong data-start=\"1280\" data-end=\"1308\">Virtex-4 SX architecture<\/strong><br data-start=\"1308\" data-end=\"1311\" \/>Optimized for high-throughput parallel processing.<\/p>\n<\/li>\n<\/ul>\n<h3 data-start=\"1370\" data-end=\"1415\">Typical applications engineers use it for<\/h3>\n<p data-start=\"1417\" data-end=\"1504\">When customers ask where <strong data-start=\"1442\" data-end=\"1459\">XC4VSX55 FPGA<\/strong> is normally used, engineers usually mention:<\/p>\n<ul data-start=\"1506\" data-end=\"1684\">\n<li data-start=\"1506\" data-end=\"1542\">\n<p data-start=\"1508\" data-end=\"1542\">Wireless communication equipment<\/p>\n<\/li>\n<li data-start=\"1543\" data-end=\"1585\">\n<p data-start=\"1545\" data-end=\"1585\">Video processing and broadcast systems<\/p>\n<\/li>\n<li data-start=\"1586\" data-end=\"1617\">\n<p data-start=\"1588\" data-end=\"1617\">Y\u00fcksek h\u0131zl\u0131 veri toplama<\/p>\n<\/li>\n<li data-start=\"1618\" data-end=\"1647\">\n<p data-start=\"1620\" data-end=\"1647\">Signal analysis platforms<\/p>\n<\/li>\n<li data-start=\"1648\" data-end=\"1684\">\n<p data-start=\"1650\" data-end=\"1684\">Telecom infrastructure equipment<\/p>\n<\/li>\n<\/ul>\n<p>\ud83d\udce9<a href=\"https:\/\/www.lxbchip.com\/tr\/contact-us\/\">\u00a0LXB Semicon ile ileti\u015fime ge\u00e7in<\/a>\u00a0kullan\u0131labilirlik, fiyatland\u0131rma ve teknik destek i\u00e7in.<\/p>","protected":false},"excerpt":{"rendered":"<p><strong>\u00dcretici firma:<\/strong> AMD \/ Xilinx<br \/>\n<strong>Mant\u0131k H\u00fccreleri:<\/strong> 55,296<br \/>\n<strong>Mant\u0131k Dilimleri:<\/strong> 6,144<br \/>\n<strong>G\u00f6m\u00fcl\u00fc RAM (eRAM):<\/strong> 5,898,240 bit<br \/>\n<strong>Paket:<\/strong> FCPBGA-1148 (35 \u00d7 35 mm)<br \/>\n<strong>\u00c7al\u0131\u015fma S\u0131cakl\u0131\u011f\u0131:<\/strong>0\u00b0C ila +85\u00b0C (Ticari)<\/p>","protected":false},"featured_media":5488,"template":"","meta":{"_acf_changed":false,"jetpack_publicize_message":"","jetpack_publicize_feature_enabled":true,"jetpack_social_post_already_shared":false,"jetpack_social_options":{"image_generator_settings":{"template":"highway","default_image_id":0,"font":"","enabled":false},"version":2}},"product_brand":[68],"product_cat":[21],"product_tag":[],"class_list":{"0":"post-81","1":"product","2":"type-product","3":"status-publish","4":"has-post-thumbnail","6":"product_brand-xilinx","7":"product_cat-xilinx","9":"first","10":"instock","11":"shipping-taxable","12":"product-type-simple"},"acf":[],"aioseo_notices":[],"jetpack_publicize_connections":[],"_links":{"self":[{"href":"https:\/\/www.lxbchip.com\/tr\/wp-json\/wp\/v2\/product\/81","targetHints":{"allow":["GET"]}}],"collection":[{"href":"https:\/\/www.lxbchip.com\/tr\/wp-json\/wp\/v2\/product"}],"about":[{"href":"https:\/\/www.lxbchip.com\/tr\/wp-json\/wp\/v2\/types\/product"}],"wp:featuredmedia":[{"embeddable":true,"href":"https:\/\/www.lxbchip.com\/tr\/wp-json\/wp\/v2\/media\/5488"}],"wp:attachment":[{"href":"https:\/\/www.lxbchip.com\/tr\/wp-json\/wp\/v2\/media?parent=81"}],"wp:term":[{"taxonomy":"product_brand","embeddable":true,"href":"https:\/\/www.lxbchip.com\/tr\/wp-json\/wp\/v2\/product_brand?post=81"},{"taxonomy":"product_cat","embeddable":true,"href":"https:\/\/www.lxbchip.com\/tr\/wp-json\/wp\/v2\/product_cat?post=81"},{"taxonomy":"product_tag","embeddable":true,"href":"https:\/\/www.lxbchip.com\/tr\/wp-json\/wp\/v2\/product_tag?post=81"}],"curies":[{"name":"wp","href":"https:\/\/api.w.org\/{rel}","templated":true}]}}