{"id":7480,"date":"2025-11-26T21:11:36","date_gmt":"2025-11-26T13:11:36","guid":{"rendered":"https:\/\/www.lxbchip.com\/?post_type=product&#038;p=7480"},"modified":"2025-12-31T17:22:13","modified_gmt":"2025-12-31T09:22:13","slug":"xc6vlx240t-l1ffg784c","status":"publish","type":"product","link":"https:\/\/www.lxbchip.com\/tr\/products\/xc6vlx240t-l1ffg784c\/","title":{"rendered":"XC6VLX240T-L1FFG784C"},"content":{"rendered":"<table id=\"table_1\" class=\"scroll display nowrap data-t data-t wpDataTable wpDataTableID-8 dataTable\" data-described-by=\"table_1_desc\" data-wpdatatable_id=\"8\" aria-describedby=\"table_1_info\">\n<thead>\n<tr>\n<th class=\"wdtheader sort expand column-modelpn sorting\" tabindex=\"0\" colspan=\"1\" rowspan=\"1\" data-class=\"expand\" aria-controls=\"table_1\" aria-label=\"\u578b\u53f7 P\/N\u672a\u5b9a\u4e49\"><span style=\"vertical-align: inherit;\"><span style=\"vertical-align: inherit;\">\u578b\u53f7 \u96f6\u4ef6\u53f7<\/span><\/span><\/th>\n<th class=\"wdtheader sort column-series sorting\" tabindex=\"0\" colspan=\"1\" rowspan=\"1\" aria-controls=\"table_1\" aria-label=\"\u7cfb\u5217\u672a\u5b9a\u4e49\"><span style=\"vertical-align: inherit;\"><span style=\"vertical-align: inherit;\">\u7cfb\u5217<\/span><\/span><\/th>\n<th class=\"wdtheader sort numdata float column-numberoflabsclbs sorting\" tabindex=\"0\" colspan=\"1\" rowspan=\"1\" aria-controls=\"table_1\" aria-label=\"LAB\/CLB \u6570\u91cf\u672a\u5b9a\u4e49\"><span style=\"vertical-align: inherit;\"><span style=\"vertical-align: inherit;\">\u5b9e\u9a8c\u5ba4\/CLBS \u6570\u91cf<\/span><\/span><\/th>\n<th class=\"wdtheader sort numdata float column-speedgrade sorting\" tabindex=\"0\" colspan=\"1\" rowspan=\"1\" aria-controls=\"table_1\" aria-label=\"\u901f\u5ea6\u7b49\u7ea7undefined\"><span style=\"vertical-align: inherit;\"><span style=\"vertical-align: inherit;\">\u901f\u5ea6\u7b49\u7ea7<\/span><\/span><\/th>\n<th class=\"wdtheader sort column-numberoflogicelementscells sorting\" tabindex=\"0\" colspan=\"1\" rowspan=\"1\" aria-controls=\"table_1\" aria-label=\"\u903b\u8f91\u5143\u4ef6\/\u5355\u5143\u7684\u6570\u91cfundefined\"><span style=\"vertical-align: inherit;\"><span style=\"vertical-align: inherit;\">\u903b\u8f91\u5143\u4ef6\/\u5355\u5143\u7684\u6570\u91cf<\/span><\/span><\/th>\n<th class=\"wdtheader sort column-totalrambits sorting\" tabindex=\"0\" colspan=\"1\" rowspan=\"1\" aria-controls=\"table_1\" aria-label=\"\u603b RAM \u4f4d\u672a\u5b9a\u4e49\"><span style=\"vertical-align: inherit;\"><span style=\"vertical-align: inherit;\">RAM \u603b\u4f4d\u6570<\/span><\/span><\/th>\n<th class=\"wdtheader sort numdata integer column-numberofio sorting\" tabindex=\"0\" colspan=\"1\" rowspan=\"1\" aria-controls=\"table_1\" aria-label=\"BEN\/\u672a\u5b9a\u4e49\u6570\u91cf\"><span style=\"vertical-align: inherit;\"><span style=\"vertical-align: inherit;\">I\/O \u6570\u91cf<\/span><\/span><\/th>\n<th class=\"wdtheader sort column-voltagesupply sorting\" tabindex=\"0\" colspan=\"1\" rowspan=\"1\" aria-controls=\"table_1\" aria-label=\"\u7535\u538b - \u7535\u6e90\u672a\u5b9a\u4e49\"><span style=\"vertical-align: inherit;\"><span style=\"vertical-align: inherit;\">\u7535\u538b - \u7535\u6e90<\/span><\/span><\/th>\n<th class=\"wdtheader sort column-mountingtype sorting\" tabindex=\"0\" colspan=\"1\" rowspan=\"1\" aria-controls=\"table_1\" aria-label=\"\u5b89\u88c5\u7c7b\u578b\u672a\u5b9a\u4e49\"><span style=\"vertical-align: inherit;\"><span style=\"vertical-align: inherit;\">\u5b89\u88c5\u7c7b\u578b<\/span><\/span><\/th>\n<th class=\"wdtheader sort column-operatingtemperature sorting\" tabindex=\"0\" colspan=\"1\" rowspan=\"1\" aria-controls=\"table_1\" aria-label=\"\u5de5\u4f5c\u6e29\u5ea6undefined\"><span style=\"vertical-align: inherit;\"><span style=\"vertical-align: inherit;\">\u5de5\u4f5c\u6e29\u5ea6<\/span><\/span><\/th>\n<th class=\"wdtheader sort column-packagecase sorting\" tabindex=\"0\" colspan=\"1\" rowspan=\"1\" aria-controls=\"table_1\" aria-label=\"\u5305\u88c5\/\u5916\u58f3\u672a\u5b9a\u4e49\"><span style=\"vertical-align: inherit;\"><span style=\"vertical-align: inherit;\">\u5305\u88c5\/\u7bb1<\/span><\/span><\/th>\n<th class=\"wdtheader sort column-supplierdevicepackage sorting\" tabindex=\"0\" colspan=\"1\" rowspan=\"1\" aria-controls=\"table_1\" aria-label=\"\u4f9b\u5e94\u5546\u8bbe\u5907\u5c01\u88c5undefined\"><span style=\"vertical-align: inherit;\"><span style=\"vertical-align: inherit;\">\u4f9b\u5e94\u5546\u8bbe\u5907\u5305<\/span><\/span><\/th>\n<\/tr>\n<\/thead>\n<tbody>\n<tr class=\"odd selected\">\n<td class=\"expand column-modelpn\"><span style=\"vertical-align: inherit;\"><span style=\"vertical-align: inherit;\">XC6VLX240T-L1FFG784C<\/span><\/span><\/td>\n<td class=\"column-series\"><span style=\"vertical-align: inherit;\"><span style=\"vertical-align: inherit;\">Virtex-6 LXT<\/span><\/span><\/td>\n<td class=\"numdata float column-numberoflabsclbs\"><span style=\"vertical-align: inherit;\"><span style=\"vertical-align: inherit;\">0,00<\/span><\/span><\/td>\n<td class=\"numdata float column-speedgrade\"><span style=\"vertical-align: inherit;\"><span style=\"vertical-align: inherit;\">18.840,00<\/span><\/span><\/td>\n<td class=\"column-numberoflogicelementscells\"><span style=\"vertical-align: inherit;\"><span style=\"vertical-align: inherit;\">241,152<\/span><\/span><\/td>\n<td class=\"column-totalrambits\"><span style=\"vertical-align: inherit;\"><span style=\"vertical-align: inherit;\">15335424<\/span><\/span><\/td>\n<td class=\"numdata integer column-numberofio\"><span style=\"vertical-align: inherit;\"><span style=\"vertical-align: inherit;\">400<\/span><\/span><\/td>\n<td class=\"column-voltagesupply\"><span style=\"vertical-align: inherit;\"><span style=\"vertical-align: inherit;\">0.95 \u2013 1.05V<\/span><\/span><\/td>\n<td class=\"column-mountingtype\"><span style=\"vertical-align: inherit;\"><span style=\"vertical-align: inherit;\">\u8868\u9762\u8d34\u88c5<\/span><\/span><\/td>\n<td class=\"column-operatingtemperature\"><span style=\"vertical-align: inherit;\"><span style=\"vertical-align: inherit;\">0\u00b0C \u2013 85\u00b0C\uff08\u6444\u6c0f\u5ea6\uff09<\/span><\/span><\/td>\n<td class=\"column-packagecase\"><span style=\"vertical-align: inherit;\"><span style=\"vertical-align: inherit;\">FCBGA-784<\/span><\/span><\/td>\n<td class=\"column-supplierdevicepackage\"><span style=\"vertical-align: inherit;\"><span style=\"vertical-align: inherit;\">784-FCBGA<\/span><\/span><\/td>\n<\/tr>\n<\/tbody>\n<\/table>","protected":false},"excerpt":{"rendered":"<p><strong>\u00dcretici firma:<\/strong> Xilinx<br \/><strong>Mant\u0131k H\u00fccreleri:<\/strong> 241,152<br \/><strong>Mant\u0131k Dilimleri:<\/strong> 37,680<br \/><strong>G\u00f6m\u00fcl\u00fc RAM (eRAM):<\/strong> 14,976 Kb (832 \u00d7 18Kb Block RAM)<br \/><strong>Maksimum Kullan\u0131c\u0131 I\/O:<\/strong> 360<br \/><strong>Paket:<\/strong> FFG784 (Flip-Chip BGA)<br \/><strong>H\u0131z derecesi:<\/strong> -1L<br \/><strong>\u00c7al\u0131\u015fma S\u0131cakl\u0131\u011f\u0131:<\/strong> Ticari (0\u00b0C ila +85\u00b0C)<\/p>","protected":false},"featured_media":7445,"template":"","meta":{"_acf_changed":false},"product_brand":[],"product_cat":[21],"product_tag":[],"class_list":{"0":"post-7480","1":"product","2":"type-product","3":"status-publish","4":"has-post-thumbnail","6":"product_cat-xilinx","8":"first","9":"instock","10":"shipping-taxable","11":"product-type-simple"},"acf":[],"aioseo_notices":[],"_links":{"self":[{"href":"https:\/\/www.lxbchip.com\/tr\/wp-json\/wp\/v2\/product\/7480","targetHints":{"allow":["GET"]}}],"collection":[{"href":"https:\/\/www.lxbchip.com\/tr\/wp-json\/wp\/v2\/product"}],"about":[{"href":"https:\/\/www.lxbchip.com\/tr\/wp-json\/wp\/v2\/types\/product"}],"wp:featuredmedia":[{"embeddable":true,"href":"https:\/\/www.lxbchip.com\/tr\/wp-json\/wp\/v2\/media\/7445"}],"wp:attachment":[{"href":"https:\/\/www.lxbchip.com\/tr\/wp-json\/wp\/v2\/media?parent=7480"}],"wp:term":[{"taxonomy":"product_brand","embeddable":true,"href":"https:\/\/www.lxbchip.com\/tr\/wp-json\/wp\/v2\/product_brand?post=7480"},{"taxonomy":"product_cat","embeddable":true,"href":"https:\/\/www.lxbchip.com\/tr\/wp-json\/wp\/v2\/product_cat?post=7480"},{"taxonomy":"product_tag","embeddable":true,"href":"https:\/\/www.lxbchip.com\/tr\/wp-json\/wp\/v2\/product_tag?post=7480"}],"curies":[{"name":"wp","href":"https:\/\/api.w.org\/{rel}","templated":true}]}}