{"id":7293,"date":"2025-11-24T10:16:06","date_gmt":"2025-11-24T02:16:06","guid":{"rendered":"https:\/\/www.lxbchip.com\/?post_type=product&#038;p=7293"},"modified":"2026-03-27T18:43:41","modified_gmt":"2026-03-27T10:43:41","slug":"xc5vlx330-2ffg1760i","status":"publish","type":"product","link":"https:\/\/www.lxbchip.com\/tr\/products\/xc5vlx330-2ffg1760i\/","title":{"rendered":"XC5VLX330-2FFG1760I"},"content":{"rendered":"<table id=\"table_1\" class=\"scroll display nowrap data-t data-t wpDataTable wpDataTableID-8 dataTable\" data-described-by=\"table_1_desc\" data-wpdatatable_id=\"8\" aria-describedby=\"table_1_info\">\n<thead>\n<tr>\n<th class=\"wdtheader sort expand column-modelpn sorting\" tabindex=\"0\" colspan=\"1\" rowspan=\"1\" data-class=\"expand\" aria-controls=\"table_1\" aria-label=\" Model P\/Ntan\u0131ms\u0131z\">MODEL P\/N<\/th>\n<th class=\"wdtheader sort column-series sorting\" tabindex=\"0\" colspan=\"1\" rowspan=\"1\" aria-controls=\"table_1\" aria-label=\" Seriesundefined\">SER\u0130LER<\/th>\n<th class=\"wdtheader sort numdata float column-numberoflabsclbs sorting\" tabindex=\"0\" colspan=\"1\" rowspan=\"1\" aria-controls=\"table_1\" aria-label=\" LAB say\u0131s\u0131\/CLBtan\u0131mlanm\u0131\u015f\">LABORATUVAR\/CLB SAYISI<\/th>\n<th class=\"wdtheader sort numdata float column-speedgrade sorting\" tabindex=\"0\" colspan=\"1\" rowspan=\"1\" aria-controls=\"table_1\" aria-label=\" H\u0131z DerecesiTan\u0131ml\u0131\">HIZ DERECES\u0130<\/th>\n<th class=\"wdtheader sort column-numberoflogicelementscells sorting\" tabindex=\"0\" colspan=\"1\" rowspan=\"1\" aria-controls=\"table_1\" aria-label=\" Mant\u0131k Eleman\u0131 \/ H\u00fccre Say\u0131s\u0131tan\u0131ms\u0131z\">MANTIK ELEMANI \/ H\u00dcCRE SAYISI<\/th>\n<th class=\"wdtheader sort column-totalrambits sorting\" tabindex=\"0\" colspan=\"1\" rowspan=\"1\" aria-controls=\"table_1\" aria-label=\" Toplam RAM Bitsundefined\">TOPLAM RAM B\u0130TLER\u0130<\/th>\n<th class=\"wdtheader sort numdata integer column-numberofio sorting\" tabindex=\"0\" colspan=\"1\" rowspan=\"1\" aria-controls=\"table_1\" aria-label=\" Tan\u0131mlanmam\u0131\u015f G\/\u00c7 say\u0131s\u0131\">G\/\u00c7 SAYISI<\/th>\n<th class=\"wdtheader sort column-voltagesupply sorting\" tabindex=\"0\" colspan=\"1\" rowspan=\"1\" aria-controls=\"table_1\" aria-label=\" Gerilim - Besleme tan\u0131ms\u0131z\">VOLTAJ - BESLEME<\/th>\n<th class=\"wdtheader sort column-mountingtype sorting\" tabindex=\"0\" colspan=\"1\" rowspan=\"1\" aria-controls=\"table_1\" aria-label=\" Montaj T\u00fcr\u00fctan\u0131ms\u0131z\">MONTAJ T\u0130P\u0130<\/th>\n<th class=\"wdtheader sort column-operatingtemperature sorting\" tabindex=\"0\" colspan=\"1\" rowspan=\"1\" aria-controls=\"table_1\" aria-label=\" \u00c7al\u0131\u015fma S\u0131cakl\u0131\u011f\u0131tan\u0131mlanmam\u0131\u015f\">\u00c7ALI\u015eMA SICAKLI\u011eI<\/th>\n<th class=\"wdtheader sort column-packagecase sorting\" tabindex=\"0\" colspan=\"1\" rowspan=\"1\" aria-controls=\"table_1\" aria-label=\" Paket \/ KasaTan\u0131ml\u0131\">PAKET \/ KASA<\/th>\n<th class=\"wdtheader sort column-supplierdevicepackage sorting\" tabindex=\"0\" colspan=\"1\" rowspan=\"1\" aria-controls=\"table_1\" aria-label=\" Tedarik\u00e7i Cihaz Paketiundefined\">TEDARIK\u00c7I CIHAZ PAKETI<\/th>\n<\/tr>\n<\/thead>\n<tbody>\n<tr class=\"odd selected\">\n<td class=\"expand column-modelpn\">XC5VLX330-2FFG1760I<\/td>\n<td class=\"column-series\">Virtex-5 LX330<\/td>\n<td class=\"numdata float column-numberoflabsclbs\">25.920,00<\/td>\n<td class=\"numdata float column-speedgrade\">-2,00<\/td>\n<td class=\"column-numberoflogicelementscells\">331776<\/td>\n<td class=\"column-totalrambits\">10616832<\/td>\n<td class=\"numdata integer column-numberofio\">1.200<\/td>\n<td class=\"column-voltagesupply\">0.95 V \u2013 1.05 V<\/td>\n<td class=\"column-mountingtype\">Y\u00fczey Montaj\u0131<\/td>\n<td class=\"column-operatingtemperature\">-40 \u00b0C ~ 100 \u00b0C (TJ)<\/td>\n<td class=\"column-packagecase\">1760-BBGA, FCBGA<\/td>\n<td class=\"column-supplierdevicepackage\">1760-FCBGA (42.5 \u00d7 42.5 mm)<\/td>\n<\/tr>\n<\/tbody>\n<\/table>","protected":false},"excerpt":{"rendered":"<p><strong>\u00dcretici firma:<\/strong> Xilinx<br \/>\n<strong>Mant\u0131k H\u00fccreleri:<\/strong> 331,776<br \/>\n<strong>Mant\u0131k Dilimleri:<\/strong> 51,840<br \/>\n<strong>G\u00f6m\u00fcl\u00fc RAM (eRAM):<\/strong> 11,664 Kb (648 \u00d7 18Kb Block RAM)<br \/>\n<strong>Maksimum Kullan\u0131c\u0131 I\/O:<\/strong> 768<br \/>\n<strong>Paket:<\/strong> FFG1760 (Flip-Chip BGA)<br \/>\n<strong>H\u0131z derecesi:<\/strong> -2<br \/>\n<strong>\u00c7al\u0131\u015fma S\u0131cakl\u0131\u011f\u0131:<\/strong> End\u00fcstriyel (-40\u00b0C ila +100\u00b0C)<\/p>","protected":false},"featured_media":7146,"template":"","meta":{"_acf_changed":false,"jetpack_publicize_message":"","jetpack_publicize_feature_enabled":true,"jetpack_social_post_already_shared":false,"jetpack_social_options":{"image_generator_settings":{"template":"highway","default_image_id":0,"font":"","enabled":false},"version":2}},"product_brand":[],"product_cat":[21],"product_tag":[219],"class_list":{"0":"post-7293","1":"product","2":"type-product","3":"status-publish","4":"has-post-thumbnail","6":"product_cat-xilinx","7":"product_tag-tese","9":"first","10":"instock","11":"shipping-taxable","12":"product-type-simple"},"acf":[],"aioseo_notices":[],"jetpack_publicize_connections":[],"_links":{"self":[{"href":"https:\/\/www.lxbchip.com\/tr\/wp-json\/wp\/v2\/product\/7293","targetHints":{"allow":["GET"]}}],"collection":[{"href":"https:\/\/www.lxbchip.com\/tr\/wp-json\/wp\/v2\/product"}],"about":[{"href":"https:\/\/www.lxbchip.com\/tr\/wp-json\/wp\/v2\/types\/product"}],"wp:featuredmedia":[{"embeddable":true,"href":"https:\/\/www.lxbchip.com\/tr\/wp-json\/wp\/v2\/media\/7146"}],"wp:attachment":[{"href":"https:\/\/www.lxbchip.com\/tr\/wp-json\/wp\/v2\/media?parent=7293"}],"wp:term":[{"taxonomy":"product_brand","embeddable":true,"href":"https:\/\/www.lxbchip.com\/tr\/wp-json\/wp\/v2\/product_brand?post=7293"},{"taxonomy":"product_cat","embeddable":true,"href":"https:\/\/www.lxbchip.com\/tr\/wp-json\/wp\/v2\/product_cat?post=7293"},{"taxonomy":"product_tag","embeddable":true,"href":"https:\/\/www.lxbchip.com\/tr\/wp-json\/wp\/v2\/product_tag?post=7293"}],"curies":[{"name":"wp","href":"https:\/\/api.w.org\/{rel}","templated":true}]}}