{"id":7289,"date":"2025-11-24T10:12:55","date_gmt":"2025-11-24T02:12:55","guid":{"rendered":"https:\/\/www.lxbchip.com\/?post_type=product&#038;p=7289"},"modified":"2026-03-27T18:03:13","modified_gmt":"2026-03-27T10:03:13","slug":"xc5vlx30-2ffg324i","status":"publish","type":"product","link":"https:\/\/www.lxbchip.com\/tr\/products\/xc5vlx30-2ffg324i\/","title":{"rendered":"XC5VLX30-2FFG324I"},"content":{"rendered":"<table id=\"table_1\" class=\"scroll display nowrap data-t data-t wpDataTable wpDataTableID-8 dataTable\" data-described-by=\"table_1_desc\" data-wpdatatable_id=\"8\" aria-describedby=\"table_1_info\">\n<thead>\n<tr>\n<th class=\"wdtheader sort expand column-modelpn sorting\" tabindex=\"0\" colspan=\"1\" rowspan=\"1\" data-class=\"expand\" aria-controls=\"table_1\" aria-label=\" Model P\/Ntan\u0131ms\u0131z\">MODEL P\/N<\/th>\n<th class=\"wdtheader sort column-series sorting\" tabindex=\"0\" colspan=\"1\" rowspan=\"1\" aria-controls=\"table_1\" aria-label=\" Seriesundefined\">SER\u0130LER<\/th>\n<th class=\"wdtheader sort numdata float column-numberoflabsclbs sorting\" tabindex=\"0\" colspan=\"1\" rowspan=\"1\" aria-controls=\"table_1\" aria-label=\" LAB say\u0131s\u0131\/CLBtan\u0131mlanm\u0131\u015f\">LABORATUVAR\/CLB SAYISI<\/th>\n<th class=\"wdtheader sort numdata float column-speedgrade sorting\" tabindex=\"0\" colspan=\"1\" rowspan=\"1\" aria-controls=\"table_1\" aria-label=\" H\u0131z DerecesiTan\u0131ml\u0131\">HIZ DERECES\u0130<\/th>\n<th class=\"wdtheader sort column-numberoflogicelementscells sorting\" tabindex=\"0\" colspan=\"1\" rowspan=\"1\" aria-controls=\"table_1\" aria-label=\" Mant\u0131k Eleman\u0131 \/ H\u00fccre Say\u0131s\u0131tan\u0131ms\u0131z\">MANTIK ELEMANI \/ H\u00dcCRE SAYISI<\/th>\n<th class=\"wdtheader sort column-totalrambits sorting\" tabindex=\"0\" colspan=\"1\" rowspan=\"1\" aria-controls=\"table_1\" aria-label=\" Toplam RAM Bitsundefined\">TOPLAM RAM B\u0130TLER\u0130<\/th>\n<th class=\"wdtheader sort numdata integer column-numberofio sorting\" tabindex=\"0\" colspan=\"1\" rowspan=\"1\" aria-controls=\"table_1\" aria-label=\" Tan\u0131mlanmam\u0131\u015f G\/\u00c7 say\u0131s\u0131\">G\/\u00c7 SAYISI<\/th>\n<th class=\"wdtheader sort column-voltagesupply sorting\" tabindex=\"0\" colspan=\"1\" rowspan=\"1\" aria-controls=\"table_1\" aria-label=\" Gerilim - Besleme tan\u0131ms\u0131z\">VOLTAJ - BESLEME<\/th>\n<th class=\"wdtheader sort column-mountingtype sorting\" tabindex=\"0\" colspan=\"1\" rowspan=\"1\" aria-controls=\"table_1\" aria-label=\" Montaj T\u00fcr\u00fctan\u0131ms\u0131z\">MONTAJ T\u0130P\u0130<\/th>\n<th class=\"wdtheader sort column-operatingtemperature sorting\" tabindex=\"0\" colspan=\"1\" rowspan=\"1\" aria-controls=\"table_1\" aria-label=\" \u00c7al\u0131\u015fma S\u0131cakl\u0131\u011f\u0131tan\u0131mlanmam\u0131\u015f\">\u00c7ALI\u015eMA SICAKLI\u011eI<\/th>\n<th class=\"wdtheader sort column-packagecase sorting\" tabindex=\"0\" colspan=\"1\" rowspan=\"1\" aria-controls=\"table_1\" aria-label=\" Paket \/ KasaTan\u0131ml\u0131\">PAKET \/ KASA<\/th>\n<th class=\"wdtheader sort column-supplierdevicepackage sorting\" tabindex=\"0\" colspan=\"1\" rowspan=\"1\" aria-controls=\"table_1\" aria-label=\" Tedarik\u00e7i Cihaz Paketiundefined\">TEDARIK\u00c7I CIHAZ PAKETI<\/th>\n<\/tr>\n<\/thead>\n<tbody>\n<tr class=\"odd\">\n<td class=\"expand column-modelpn\">XC5VLX30-2FFG324I<\/td>\n<td class=\"column-series\">Virtex-5 LX<\/td>\n<td class=\"numdata float column-numberoflabsclbs\">2.400,00<\/td>\n<td class=\"numdata float column-speedgrade\">-2,00<\/td>\n<td class=\"column-numberoflogicelementscells\">30720<\/td>\n<td class=\"column-totalrambits\">1179648<\/td>\n<td class=\"numdata integer column-numberofio\">220<\/td>\n<td class=\"column-voltagesupply\">0.95 V \u2013 1.05 V<\/td>\n<td class=\"column-mountingtype\">Y\u00fczey Montaj\u0131<\/td>\n<td class=\"column-operatingtemperature\">-40 \u00b0C \u2013 +100 \u00b0C (I)<\/td>\n<td class=\"column-packagecase\">324-FBGA \/ FCBGA<\/td>\n<td class=\"column-supplierdevicepackage\">324-FCBGA (\u224819 \u00d7 19 mm)<\/td>\n<\/tr>\n<\/tbody>\n<\/table>","protected":false},"excerpt":{"rendered":"<p><strong>\u00dcretici firma:<\/strong> Xilinx<br \/>\n<strong>Mant\u0131k H\u00fccreleri:<\/strong> 21,440<br \/>\n<strong>G\u00f6m\u00fcl\u00fc RAM (eRAM):<\/strong> 1,152 Kb<br \/>\n<strong>I\/O Say\u0131s\u0131:<\/strong> 215<br \/>\n<strong>Paket:<\/strong> FFG?324<br \/>\n<strong>\u00c7al\u0131\u015fma S\u0131cakl\u0131\u011f\u0131:<\/strong> End\u00fcstriyel (?40\u00b0C ila +100\u00b0C)<\/p>","protected":false},"featured_media":7144,"template":"","meta":{"_acf_changed":false,"jetpack_publicize_message":"","jetpack_publicize_feature_enabled":true,"jetpack_social_post_already_shared":false,"jetpack_social_options":{"image_generator_settings":{"template":"highway","default_image_id":0,"font":"","enabled":false},"version":2}},"product_brand":[],"product_cat":[21],"product_tag":[],"class_list":{"0":"post-7289","1":"product","2":"type-product","3":"status-publish","4":"has-post-thumbnail","6":"product_cat-xilinx","8":"first","9":"instock","10":"shipping-taxable","11":"product-type-simple"},"acf":[],"aioseo_notices":[],"jetpack_publicize_connections":[],"_links":{"self":[{"href":"https:\/\/www.lxbchip.com\/tr\/wp-json\/wp\/v2\/product\/7289","targetHints":{"allow":["GET"]}}],"collection":[{"href":"https:\/\/www.lxbchip.com\/tr\/wp-json\/wp\/v2\/product"}],"about":[{"href":"https:\/\/www.lxbchip.com\/tr\/wp-json\/wp\/v2\/types\/product"}],"wp:featuredmedia":[{"embeddable":true,"href":"https:\/\/www.lxbchip.com\/tr\/wp-json\/wp\/v2\/media\/7144"}],"wp:attachment":[{"href":"https:\/\/www.lxbchip.com\/tr\/wp-json\/wp\/v2\/media?parent=7289"}],"wp:term":[{"taxonomy":"product_brand","embeddable":true,"href":"https:\/\/www.lxbchip.com\/tr\/wp-json\/wp\/v2\/product_brand?post=7289"},{"taxonomy":"product_cat","embeddable":true,"href":"https:\/\/www.lxbchip.com\/tr\/wp-json\/wp\/v2\/product_cat?post=7289"},{"taxonomy":"product_tag","embeddable":true,"href":"https:\/\/www.lxbchip.com\/tr\/wp-json\/wp\/v2\/product_tag?post=7289"}],"curies":[{"name":"wp","href":"https:\/\/api.w.org\/{rel}","templated":true}]}}