{"id":7108,"date":"2025-11-21T13:47:01","date_gmt":"2025-11-21T05:47:01","guid":{"rendered":"https:\/\/www.lxbchip.com\/?post_type=product&#038;p=7108"},"modified":"2025-12-31T17:21:50","modified_gmt":"2025-12-31T09:21:50","slug":"xczu9eg-2ffvb1156e","status":"publish","type":"product","link":"https:\/\/www.lxbchip.com\/tr\/products\/xczu9eg-2ffvb1156e\/","title":{"rendered":"XCZU9EG-2FFVB1156E"},"content":{"rendered":"","protected":false},"excerpt":{"rendered":"<p><strong>\u00dcretici firma:<\/strong> Xilinx<br \/><strong>Mant\u0131k H\u00fccreleri:<\/strong> ~316,000<br \/><strong>G\u00f6m\u00fcl\u00fc RAM (eRAM):<\/strong> ~40?Mb<br \/><strong>I\/O Say\u0131s\u0131:<\/strong> ~1,156 pin<br \/><strong>Paket:<\/strong> FFVB?1156<br \/><strong>\u00c7al\u0131\u015fma S\u0131cakl\u0131\u011f\u0131:<\/strong> Ticari (0\u00b0C ila +85\u00b0C)<\/p>","protected":false},"featured_media":6614,"template":"","meta":{"_acf_changed":false},"product_brand":[],"product_cat":[21],"product_tag":[],"class_list":{"0":"post-7108","1":"product","2":"type-product","3":"status-publish","4":"has-post-thumbnail","6":"product_cat-xilinx","8":"first","9":"instock","10":"shipping-taxable","11":"product-type-simple"},"acf":[],"aioseo_notices":[],"_links":{"self":[{"href":"https:\/\/www.lxbchip.com\/tr\/wp-json\/wp\/v2\/product\/7108","targetHints":{"allow":["GET"]}}],"collection":[{"href":"https:\/\/www.lxbchip.com\/tr\/wp-json\/wp\/v2\/product"}],"about":[{"href":"https:\/\/www.lxbchip.com\/tr\/wp-json\/wp\/v2\/types\/product"}],"wp:featuredmedia":[{"embeddable":true,"href":"https:\/\/www.lxbchip.com\/tr\/wp-json\/wp\/v2\/media\/6614"}],"wp:attachment":[{"href":"https:\/\/www.lxbchip.com\/tr\/wp-json\/wp\/v2\/media?parent=7108"}],"wp:term":[{"taxonomy":"product_brand","embeddable":true,"href":"https:\/\/www.lxbchip.com\/tr\/wp-json\/wp\/v2\/product_brand?post=7108"},{"taxonomy":"product_cat","embeddable":true,"href":"https:\/\/www.lxbchip.com\/tr\/wp-json\/wp\/v2\/product_cat?post=7108"},{"taxonomy":"product_tag","embeddable":true,"href":"https:\/\/www.lxbchip.com\/tr\/wp-json\/wp\/v2\/product_tag?post=7108"}],"curies":[{"name":"wp","href":"https:\/\/api.w.org\/{rel}","templated":true}]}}