{"id":6656,"date":"2025-11-18T16:24:22","date_gmt":"2025-11-18T08:24:22","guid":{"rendered":"https:\/\/www.lxbchip.com\/?post_type=product&#038;p=6656"},"modified":"2026-02-02T19:20:46","modified_gmt":"2026-02-02T11:20:46","slug":"xc4vlx60-10ffg668i","status":"publish","type":"product","link":"https:\/\/www.lxbchip.com\/tr\/products\/xc4vlx60-10ffg668i\/","title":{"rendered":"XC4VLX60-10FFG668I"},"content":{"rendered":"<table id=\"table_1\" class=\"scroll display nowrap data-t data-t wpDataTable wpDataTableID-8 dataTable\" data-described-by=\"table_1_desc\" data-wpdatatable_id=\"8\" aria-describedby=\"table_1_info\">\n<thead>\n<tr>\n<th class=\"wdtheader sort expand column-modelpn sorting\" tabindex=\"0\" colspan=\"1\" rowspan=\"1\" data-class=\"expand\" aria-controls=\"table_1\" aria-label=\" Model P\/Ntan\u0131ms\u0131z\">MODEL P\/N<\/th>\n<th class=\"wdtheader sort column-series sorting\" tabindex=\"0\" colspan=\"1\" rowspan=\"1\" aria-controls=\"table_1\" aria-label=\" Seriesundefined\">SER\u0130LER<\/th>\n<th class=\"wdtheader sort numdata float column-numberoflabsclbs sorting\" tabindex=\"0\" colspan=\"1\" rowspan=\"1\" aria-controls=\"table_1\" aria-label=\" LAB say\u0131s\u0131\/CLBtan\u0131mlanm\u0131\u015f\">LABORATUVAR\/CLB SAYISI<\/th>\n<th class=\"wdtheader sort numdata float column-speedgrade sorting\" tabindex=\"0\" colspan=\"1\" rowspan=\"1\" aria-controls=\"table_1\" aria-label=\" H\u0131z DerecesiTan\u0131ml\u0131\">HIZ DERECES\u0130<\/th>\n<th class=\"wdtheader sort column-numberoflogicelementscells sorting\" tabindex=\"0\" colspan=\"1\" rowspan=\"1\" aria-controls=\"table_1\" aria-label=\" Mant\u0131k Eleman\u0131 \/ H\u00fccre Say\u0131s\u0131tan\u0131ms\u0131z\">MANTIK ELEMANI \/ H\u00dcCRE SAYISI<\/th>\n<th class=\"wdtheader sort column-totalrambits sorting\" tabindex=\"0\" colspan=\"1\" rowspan=\"1\" aria-controls=\"table_1\" aria-label=\" Toplam RAM Bitsundefined\">TOPLAM RAM B\u0130TLER\u0130<\/th>\n<th class=\"wdtheader sort numdata integer column-numberofio sorting sorting_asc\" tabindex=\"0\" colspan=\"1\" rowspan=\"1\" aria-controls=\"table_1\" aria-label=\" Tan\u0131mlanmam\u0131\u015f G\/\u00c7 say\u0131s\u0131\" aria-sort=\"ascending\">G\/\u00c7 SAYISI<\/th>\n<th class=\"wdtheader sort column-voltagesupply sorting\" tabindex=\"0\" colspan=\"1\" rowspan=\"1\" aria-controls=\"table_1\" aria-label=\" Gerilim - Besleme tan\u0131ms\u0131z\">VOLTAJ - BESLEME<\/th>\n<th class=\"wdtheader sort column-mountingtype sorting\" tabindex=\"0\" colspan=\"1\" rowspan=\"1\" aria-controls=\"table_1\" aria-label=\" Montaj T\u00fcr\u00fctan\u0131ms\u0131z\">MONTAJ T\u0130P\u0130<\/th>\n<th class=\"wdtheader sort column-operatingtemperature sorting\" tabindex=\"0\" colspan=\"1\" rowspan=\"1\" aria-controls=\"table_1\" aria-label=\" \u00c7al\u0131\u015fma S\u0131cakl\u0131\u011f\u0131tan\u0131mlanmam\u0131\u015f\">\u00c7ALI\u015eMA SICAKLI\u011eI<\/th>\n<th class=\"wdtheader sort column-packagecase sorting\" tabindex=\"0\" colspan=\"1\" rowspan=\"1\" aria-controls=\"table_1\" aria-label=\" Paket \/ KasaTan\u0131ml\u0131\">PAKET \/ KASA<\/th>\n<th class=\"wdtheader sort column-supplierdevicepackage sorting\" tabindex=\"0\" colspan=\"1\" rowspan=\"1\" aria-controls=\"table_1\" aria-label=\" Tedarik\u00e7i Cihaz Paketiundefined\">TEDARIK\u00c7I CIHAZ PAKETI<\/th>\n<\/tr>\n<\/thead>\n<tbody>\n<tr class=\"odd\">\n<td class=\"expand column-modelpn\">XC4VLX60-10FFG668I<\/td>\n<td class=\"column-series\">Virtex-4 SX<\/td>\n<td class=\"numdata float column-numberoflabsclbs\">0,00<\/td>\n<td class=\"numdata float column-speedgrade\">0,00<\/td>\n<td class=\"column-numberoflogicelementscells\">\u2014<\/td>\n<td class=\"column-totalrambits\">\u2014<\/td>\n<td class=\"numdata integer column-numberofio sorting_1\">448<\/td>\n<td class=\"column-voltagesupply\">\u2014<\/td>\n<td class=\"column-mountingtype\">\u2014<\/td>\n<td class=\"column-operatingtemperature\">\u2014<\/td>\n<td class=\"column-packagecase\">668-FBGA \/ FCBGA<\/td>\n<td class=\"column-supplierdevicepackage\">\u2014<\/td>\n<\/tr>\n<\/tbody>\n<\/table>\n<p data-path-to-node=\"3\"><span style=\"color: #003366;\"><strong>XC4VLX60-10FFG668I: End\u00fcstriyel Mant\u0131k Uygulamalar\u0131 i\u00e7in Y\u00fcksek Yo\u011funluklu Virtex-4 LX<\/strong><\/span><\/p>\n<p data-path-to-node=\"4\">Bu <b data-path-to-node=\"4\" data-index-in-node=\"4\">XC4VLX60-10FFG668I<\/b> Virtex-4 platformundaki mant\u0131k yo\u011fun i\u015f y\u00fckleri i\u00e7in tasarlanm\u0131\u015f y\u00fcksek kapasiteli bir FPGA'd\u0131r. \u0130le <b data-path-to-node=\"4\" data-index-in-node=\"121\">59.904 mant\u0131k h\u00fccresi<\/b>, LX25'in iki kat\u0131ndan daha fazla mant\u0131k kayna\u011f\u0131 sunarak karma\u015f\u0131k durum makineleri, b\u00fcy\u00fck \u00f6l\u00e7ekli veri yolu k\u00f6pr\u00fcleme veya \u00f6nemli G\/\u00c7 geni\u015fletmesi gerektiren tasar\u0131mlar i\u00e7in tercih edilen bir se\u00e7enek haline getirir.<\/p>\n<p data-path-to-node=\"5\">Bu \u00f6zel varyant \u015fu \u00f6zelliklere sahiptir <b data-path-to-node=\"5\" data-index-in-node=\"35\">-10 h\u0131z derecesi<\/b> ve a\u015fa\u011f\u0131dakiler i\u00e7in kutulan\u0131r <b data-path-to-node=\"5\" data-index-in-node=\"69\">End\u00fcstriyel s\u0131cakl\u0131k aral\u0131\u011f\u0131<\/b>, Standart ticari silikonun spesifikasyonlar\u0131n d\u0131\u015f\u0131na \u00e7\u0131kabilece\u011fi termal olarak de\u011fi\u015fken ortamlarda istikrarl\u0131 performans sa\u011flar.<\/p>\n<p data-path-to-node=\"6\"><span style=\"color: #003366;\"><strong>\u00c7ekirdek Teknik \u00d6zellikler<\/strong><\/span><\/p>\n<ul data-path-to-node=\"7\">\n<li>\n<p data-path-to-node=\"7,0,0\"><b data-path-to-node=\"7,0,0\" data-index-in-node=\"0\">Mant\u0131k H\u00fccreleri:<\/b> 59,904<\/p>\n<\/li>\n<li>\n<p data-path-to-node=\"7,1,0\"><b data-path-to-node=\"7,1,0\" data-index-in-node=\"0\">CLB Dizisi:<\/b> 64 x 96<\/p>\n<\/li>\n<li>\n<p data-path-to-node=\"7,2,0\"><b data-path-to-node=\"7,2,0\" data-index-in-node=\"0\">Toplam Blok RAM:<\/b> 2,880 Kb<\/p>\n<\/li>\n<li>\n<p data-path-to-node=\"7,3,0\"><b data-path-to-node=\"7,3,0\" data-index-in-node=\"0\">DSP48 Dilimleri:<\/b> 64<\/p>\n<\/li>\n<li>\n<p data-path-to-node=\"7,4,0\"><b data-path-to-node=\"7,4,0\" data-index-in-node=\"0\">Maksimum Kullan\u0131c\u0131 I\/O:<\/b> 448<\/p>\n<\/li>\n<li>\n<p data-path-to-node=\"7,5,0\"><b data-path-to-node=\"7,5,0\" data-index-in-node=\"0\">Paket:<\/b> FFG668 (\u0130nce aral\u0131kl\u0131 Flip-Chip BGA, 1,0 mm aral\u0131k, RoHS)<\/p>\n<\/li>\n<li>\n<p data-path-to-node=\"7,6,0\"><b data-path-to-node=\"7,6,0\" data-index-in-node=\"0\">H\u0131z derecesi:<\/b> -10<\/p>\n<\/li>\n<li>\n<p data-path-to-node=\"7,7,0\"><b data-path-to-node=\"7,7,0\" data-index-in-node=\"0\">S\u0131cakl\u0131k derecesi:<\/b> End\u00fcstriyel (<span class=\"math-inline\" data-math=\"-40\u00b0C\" data-index-in-node=\"31\">$-40\u00b0C$<\/span> i\u00e7in <span class=\"math-inline\" data-math=\"+100\u00b0C\" data-index-in-node=\"40\">$+100\u00b0C$<\/span>)<\/p>\n<\/li>\n<\/ul>\n<p data-path-to-node=\"8\"><strong><span style=\"color: #003366;\">M\u00fchendislik Entegrasyonu ve Donan\u0131m Notlar\u0131<\/span><\/strong><\/p>\n<h4 data-path-to-node=\"9\">1. G\u00fc\u00e7 Da\u011f\u0131t\u0131m \u015eebekesi (PDN) Gereksinimleri<\/h4>\n<p data-path-to-node=\"10\">LX60\u2019\u0131n daha k\u00fc\u00e7\u00fck Virtex-4 par\u00e7alar\u0131na g\u00f6re artan mant\u0131k yo\u011funlu\u011fu, daha y\u00fcksek statik ve dinamik g\u00fc\u00e7 t\u00fcketimi anlam\u0131na gelir. M\u00fchendisler, 1,2V <span class=\"math-inline\" data-math=\"V_{CCINT}\" data-index-in-node=\"145\">$V_{CCINT}$<\/span> ray\u0131 yeterince ayr\u0131\u015ft\u0131r\u0131lm\u0131\u015ft\u0131r. 90nm mimarisinin End\u00fcstriyel s\u0131cakl\u0131k s\u0131n\u0131r\u0131ndaki s\u0131z\u0131nt\u0131 \u00f6zellikleri g\u00f6z \u00f6n\u00fcne al\u0131nd\u0131\u011f\u0131nda (<span class=\"math-inline\" data-math=\"100\u00b0C\" data-index-in-node=\"278\">$100\u00b0C$<\/span>), termal \u00e7\u00f6z\u00fcm\u00fcn\u00fcz artan \u0131s\u0131y\u0131 da\u011f\u0131tabilecek kapasitede olmal\u0131d\u0131r. <span class=\"math-inline\" data-math=\"T_{junction}\" data-index-in-node=\"353\">$T_{junction}$<\/span> zamanlama bozulmas\u0131n\u0131 \u00f6nlemek i\u00e7in \u0131s\u0131.<\/p>\n<h4 data-path-to-node=\"11\">2. Konfig\u00fcrasyon ve I\/O Bankac\u0131l\u0131\u011f\u0131<\/h4>\n<p data-path-to-node=\"12\">FFG668 paketi sa\u011flam bir 448 kullan\u0131c\u0131 I\/O'su sa\u011flar. Pinlerinizi atarken <code data-path-to-node=\"12\" data-index-in-node=\"80\">.ucf<\/code> dosyas\u0131nda, bankaya \u00f6zg\u00fc <span class=\"math-inline\" data-math=\"V_{CCO}\" data-index-in-node=\"132\">$V_{CCO}$<\/span> Gereksinimler. Virtex-4 SelectIO teknolojisi \u00e7ok \u00e7e\u015fitli standartlar\u0131 (LVDS, HSTL, SSTL) destekler, ancak bankac\u0131l\u0131k kurallar\u0131 kat\u0131d\u0131r - tek bir banka i\u00e7inde uyumsuz I \/ O voltajlar\u0131n\u0131n kar\u0131\u015ft\u0131r\u0131lmas\u0131 donan\u0131m ar\u0131zas\u0131na veya bit ak\u0131\u015f\u0131 hatalar\u0131na yol a\u00e7acakt\u0131r.<\/p>\n<h4 data-path-to-node=\"13\">3. Eski Alet Ya\u015fam D\u00f6ng\u00fcs\u00fc<\/h4>\n<p data-path-to-node=\"14\">XC4VLX60 \u015fu \u00f6zelliklere sahiptir <b data-path-to-node=\"14\" data-index-in-node=\"16\">Vivado taraf\u0131ndan desteklenmiyor<\/b>. Kullanman\u0131z gerekir <b data-path-to-node=\"14\" data-index-in-node=\"54\">Xilinx ISE Tasar\u0131m Paketi (14.7)<\/b>. Eski kod tabanlar\u0131n\u0131 koruyan ekipler i\u00e7in, \u00f6zellikle mant\u0131k kullan\u0131m\u0131 80%\u2019yi a\u015f\u0131yorsa, zamanlama kapan\u0131\u015f\u0131n\u0131 elde etmek i\u00e7in sentez ayarlar\u0131n\u0131z\u0131n LX60'\u0131n \u00f6zel y\u00f6nlendirme mimarisini hesaba katt\u0131\u011f\u0131ndan emin olun.<\/p>\n<hr data-path-to-node=\"15\" \/>\n<p data-path-to-node=\"16\"><strong><span style=\"color: #003366;\">Kar\u015f\u0131la\u015ft\u0131rma: Virtex-4 LX60 vs. LX40<\/span><\/strong><\/p>\n<table data-path-to-node=\"17\">\n<thead>\n<tr>\n<td><strong>\u00d6zellik<\/strong><\/td>\n<td><strong>XC4VLX60-10FFG668I<\/strong><\/td>\n<td><strong>XC4VLX40-10FFG668I<\/strong><\/td>\n<\/tr>\n<\/thead>\n<tbody>\n<tr>\n<td><span data-path-to-node=\"17,1,0,0\"><b data-path-to-node=\"17,1,0,0\" data-index-in-node=\"0\">Mant\u0131k H\u00fccreleri<\/b><\/span><\/td>\n<td><span data-path-to-node=\"17,1,1,0\"><b data-path-to-node=\"17,1,1,0\" data-index-in-node=\"0\">59,904<\/b><\/span><\/td>\n<td><span data-path-to-node=\"17,1,2,0\">41,472<\/span><\/td>\n<\/tr>\n<tr>\n<td><span data-path-to-node=\"17,2,0,0\"><b data-path-to-node=\"17,2,0,0\" data-index-in-node=\"0\">Blok RAM<\/b><\/span><\/td>\n<td><span data-path-to-node=\"17,2,1,0\"><b data-path-to-node=\"17,2,1,0\" data-index-in-node=\"0\">2,880 Kb<\/b><\/span><\/td>\n<td><span data-path-to-node=\"17,2,2,0\">1,728 Kb<\/span><\/td>\n<\/tr>\n<tr>\n<td><span data-path-to-node=\"17,3,0,0\"><b data-path-to-node=\"17,3,0,0\" data-index-in-node=\"0\">DSP48 Dilimleri<\/b><\/span><\/td>\n<td><span data-path-to-node=\"17,3,1,0\"><b data-path-to-node=\"17,3,1,0\" data-index-in-node=\"0\">64<\/b><\/span><\/td>\n<td><span data-path-to-node=\"17,3,2,0\">64<\/span><\/td>\n<\/tr>\n<tr>\n<td><span data-path-to-node=\"17,4,0,0\"><b data-path-to-node=\"17,4,0,0\" data-index-in-node=\"0\">Paket<\/b><\/span><\/td>\n<td><span data-path-to-node=\"17,4,1,0\">FFG668 (1.0mm)<\/span><\/td>\n<td><span data-path-to-node=\"17,4,2,0\">FFG668 (1.0mm)<\/span><\/td>\n<\/tr>\n<\/tbody>\n<\/table>\n<hr data-path-to-node=\"18\" \/>\n<p data-path-to-node=\"19\"><strong><span style=\"color: #003366;\">Donan\u0131m M\u00fchendisi SSS<\/span><\/strong><\/p>\n<p data-path-to-node=\"20\"><b data-path-to-node=\"20\" data-index-in-node=\"0\">XC4VLX60-10FFG668C'yi bu End\u00fcstriyel \u2018I\u2019 s\u0131n\u0131f\u0131 par\u00e7a ile de\u011fi\u015ftirebilir miyim?<\/b><\/p>\n<p data-path-to-node=\"20\">Evet. \u2018I\u2019 s\u0131n\u0131f\u0131, \u2018C\u2019 (Ticari) s\u0131n\u0131f\u0131n\u0131n yerine kullan\u0131labilen, \u00fcst\u00fcn bir alternatiftir. \u00c7al\u0131\u015fma s\u0131cakl\u0131\u011f\u0131 penceresini geni\u015fletirken ayn\u0131 elektriksel \u00f6zellikleri ve zamanlama modellerini korur.<\/p>\n<p data-path-to-node=\"21\"><b data-path-to-node=\"21\" data-index-in-node=\"0\">LX60 i\u00e7in FFG668 paketinin avantaj\u0131 nedir?<\/b><\/p>\n<p data-path-to-node=\"21\">\u201cFF\u201d (Flip-Chip) paketi, kablo ba\u011flant\u0131l\u0131 alternatiflere k\u0131yasla \u00f6nemli \u00f6l\u00e7\u00fcde daha d\u00fc\u015f\u00fck u\u00e7 end\u00fcktans\u0131 sa\u011flar. LX60 i\u00e7in bu, \u00f6zellikle y\u00fcksek h\u0131zl\u0131 diferansiyel sinyalleri de\u011fi\u015ftirirken 448 kullan\u0131c\u0131 I\/O'sunda sinyal b\u00fct\u00fcnl\u00fc\u011f\u00fcn\u00fc korumak i\u00e7in \u00e7ok \u00f6nemlidir.<\/p>\n<p data-path-to-node=\"22\"><b data-path-to-node=\"22\" data-index-in-node=\"0\">Bu par\u00e7a RoHS uyumlu mu?<\/b><\/p>\n<p data-path-to-node=\"22\">Evet, FFG668\u201cdeki \u201dG\" Kur\u015funsuz\/RoHS uyumlulu\u011funu g\u00f6sterir. Montaj i\u015fleminiz kur\u015funlu lehim gerektiriyorsa, yeniden ak\u0131\u015f profilinizin bile\u015fen \u00fczerindeki kur\u015funsuz SAC305 bilyelerinin daha y\u00fcksek erime noktas\u0131na g\u00f6re ayarland\u0131\u011f\u0131ndan emin olun.<\/p>\n<hr data-path-to-node=\"23\" \/>\n<p data-path-to-node=\"24\"><b data-path-to-node=\"24\" data-index-in-node=\"0\">MRO i\u00e7in teknik bir veri sayfas\u0131na veya do\u011frulanm\u0131\u015f bir fiyat teklifine mi ihtiyac\u0131n\u0131z var?<\/b><\/p>\n<p data-path-to-node=\"24\">Tam izlenebilirli\u011fe sahip olgun pazar Xilinx silikonunu tedarik etme konusunda uzman\u0131z. End\u00fcstriyel altyap\u0131 i\u00e7in \u201cYeni ve Orijinal \u201din bir l\u00fcks de\u011fil, bir gereklilik oldu\u011funu biliyoruz.<\/p>\n<p data-path-to-node=\"25\">Voltaj reg\u00fclat\u00f6r\u00fc se\u00e7iminizi do\u011frulaman\u0131za yard\u0131mc\u0131 olmak i\u00e7in LX60'\u0131n \u00f6zel a\u00e7\u0131l\u0131\u015f dalgalanma ak\u0131m\u0131 \u00f6zelliklerini \u00e7\u0131karmam\u0131 ister misiniz?<\/p>\n<p data-path-to-node=\"25\"><a href=\"https:\/\/www.lxbchip.com\/tr\/contact-us\/\">LXB Semicon ile ileti\u015fime ge\u00e7in<\/a>\u00a0kullan\u0131labilirlik, fiyatland\u0131rma ve teknik destek i\u00e7in.<\/p>","protected":false},"excerpt":{"rendered":"<p><strong>\u00dcretici firma:<\/strong> Xilinx<br \/>\n<strong>Mant\u0131k H\u00fccreleri:<\/strong> 59,904<br \/>\n<strong>Mant\u0131k Dilimleri:<\/strong> 26,624<br \/>\n<strong>G\u00f6m\u00fcl\u00fc RAM (eRAM):<\/strong> 2.592 Kb (144 \u00d7 18Kb Blok RAM)<br \/>\n<strong>Paket:<\/strong> FFG668 (Flip-Chip BGA)<br \/>\n<strong>\u00c7al\u0131\u015fma S\u0131cakl\u0131\u011f\u0131:<\/strong> End\u00fcstriyel (-40\u00b0C ila +100\u00b0C)<\/p>","protected":false},"featured_media":6130,"template":"","meta":{"_acf_changed":false,"jetpack_publicize_message":"","jetpack_publicize_feature_enabled":true,"jetpack_social_post_already_shared":false,"jetpack_social_options":{"image_generator_settings":{"template":"highway","default_image_id":0,"font":"","enabled":false},"version":2}},"product_brand":[],"product_cat":[21],"product_tag":[],"class_list":{"0":"post-6656","1":"product","2":"type-product","3":"status-publish","4":"has-post-thumbnail","6":"product_cat-xilinx","8":"first","9":"instock","10":"shipping-taxable","11":"product-type-simple"},"acf":[],"aioseo_notices":[],"jetpack_publicize_connections":[],"_links":{"self":[{"href":"https:\/\/www.lxbchip.com\/tr\/wp-json\/wp\/v2\/product\/6656","targetHints":{"allow":["GET"]}}],"collection":[{"href":"https:\/\/www.lxbchip.com\/tr\/wp-json\/wp\/v2\/product"}],"about":[{"href":"https:\/\/www.lxbchip.com\/tr\/wp-json\/wp\/v2\/types\/product"}],"wp:featuredmedia":[{"embeddable":true,"href":"https:\/\/www.lxbchip.com\/tr\/wp-json\/wp\/v2\/media\/6130"}],"wp:attachment":[{"href":"https:\/\/www.lxbchip.com\/tr\/wp-json\/wp\/v2\/media?parent=6656"}],"wp:term":[{"taxonomy":"product_brand","embeddable":true,"href":"https:\/\/www.lxbchip.com\/tr\/wp-json\/wp\/v2\/product_brand?post=6656"},{"taxonomy":"product_cat","embeddable":true,"href":"https:\/\/www.lxbchip.com\/tr\/wp-json\/wp\/v2\/product_cat?post=6656"},{"taxonomy":"product_tag","embeddable":true,"href":"https:\/\/www.lxbchip.com\/tr\/wp-json\/wp\/v2\/product_tag?post=6656"}],"curies":[{"name":"wp","href":"https:\/\/api.w.org\/{rel}","templated":true}]}}