{"id":10921,"date":"2026-02-09T14:12:45","date_gmt":"2026-02-09T06:12:45","guid":{"rendered":"https:\/\/www.lxbchip.com\/?post_type=product&#038;p=10921"},"modified":"2026-03-19T18:33:18","modified_gmt":"2026-03-19T10:33:18","slug":"xc7vx690t-2ffg1927i","status":"publish","type":"product","link":"https:\/\/www.lxbchip.com\/tr\/products\/xc7vx690t-2ffg1927i\/","title":{"rendered":"XC7VX690T-2FFG1927I"},"content":{"rendered":"","protected":false},"excerpt":{"rendered":"<p><strong>\u00dcretici firma:<\/strong> AMD (Xilinx)<br \/>\n<strong>Mant\u0131k H\u00fccreleri:<\/strong> 693,120<br \/>\n<strong>Mant\u0131k Dilimleri:<\/strong> 108,300<br \/>\n<strong>G\u00f6m\u00fcl\u00fc RAM (eRAM):<\/strong> 52,920 Kb (2,940 \u00d7 18Kb Block RAM)<br \/>\n<strong>Paket:<\/strong> FFG1927 (Flip-Chip BGA)<br \/>\n<strong>\u00c7al\u0131\u015fma S\u0131cakl\u0131\u011f\u0131:<\/strong> End\u00fcstriyel (-40\u00b0C ila +100\u00b0C)<\/p>","protected":false},"featured_media":10922,"template":"","meta":{"_acf_changed":false,"jetpack_publicize_message":"","jetpack_publicize_feature_enabled":true,"jetpack_social_post_already_shared":false,"jetpack_social_options":{"image_generator_settings":{"template":"highway","default_image_id":0,"font":"","enabled":false},"version":2}},"product_brand":[],"product_cat":[21],"product_tag":[219],"class_list":{"0":"post-10921","1":"product","2":"type-product","3":"status-publish","4":"has-post-thumbnail","6":"product_cat-xilinx","7":"product_tag-tese","9":"first","10":"instock","11":"shipping-taxable","12":"product-type-simple"},"acf":[],"aioseo_notices":[],"jetpack_publicize_connections":[],"_links":{"self":[{"href":"https:\/\/www.lxbchip.com\/tr\/wp-json\/wp\/v2\/product\/10921","targetHints":{"allow":["GET"]}}],"collection":[{"href":"https:\/\/www.lxbchip.com\/tr\/wp-json\/wp\/v2\/product"}],"about":[{"href":"https:\/\/www.lxbchip.com\/tr\/wp-json\/wp\/v2\/types\/product"}],"wp:featuredmedia":[{"embeddable":true,"href":"https:\/\/www.lxbchip.com\/tr\/wp-json\/wp\/v2\/media\/10922"}],"wp:attachment":[{"href":"https:\/\/www.lxbchip.com\/tr\/wp-json\/wp\/v2\/media?parent=10921"}],"wp:term":[{"taxonomy":"product_brand","embeddable":true,"href":"https:\/\/www.lxbchip.com\/tr\/wp-json\/wp\/v2\/product_brand?post=10921"},{"taxonomy":"product_cat","embeddable":true,"href":"https:\/\/www.lxbchip.com\/tr\/wp-json\/wp\/v2\/product_cat?post=10921"},{"taxonomy":"product_tag","embeddable":true,"href":"https:\/\/www.lxbchip.com\/tr\/wp-json\/wp\/v2\/product_tag?post=10921"}],"curies":[{"name":"wp","href":"https:\/\/api.w.org\/{rel}","templated":true}]}}