{"id":10902,"date":"2026-02-09T14:05:31","date_gmt":"2026-02-09T06:05:31","guid":{"rendered":"https:\/\/www.lxbchip.com\/?post_type=product&#038;p=10902"},"modified":"2026-02-09T14:05:31","modified_gmt":"2026-02-09T06:05:31","slug":"xc7z010-2clg400i","status":"publish","type":"product","link":"https:\/\/www.lxbchip.com\/tr\/products\/xc7z010-2clg400i\/","title":{"rendered":"XC7Z010-2CLG400I"},"content":{"rendered":"","protected":false},"excerpt":{"rendered":"<p><strong>\u00dcretici firma:<\/strong> AMD (Xilinx)<br \/>\n<strong>Mant\u0131k H\u00fccreleri:<\/strong> 28,000<br \/>\n<strong>Mant\u0131k Dilimleri:<\/strong> 4,400<br \/>\n<strong>G\u00f6m\u00fcl\u00fc RAM (eRAM):<\/strong> 2,160 Kb (120 \u00d7 18Kb Block RAM)<br \/>\n<strong>Paket:<\/strong> CLG400 (CSBGA-400)<br \/>\n<strong>\u00c7al\u0131\u015fma S\u0131cakl\u0131\u011f\u0131:<\/strong> End\u00fcstriyel (-40\u00b0C ila +100\u00b0C)<\/p>","protected":false},"featured_media":10903,"template":"","meta":{"_acf_changed":false},"product_brand":[],"product_cat":[21],"product_tag":[],"class_list":{"0":"post-10902","1":"product","2":"type-product","3":"status-publish","4":"has-post-thumbnail","6":"product_cat-xilinx","8":"first","9":"instock","10":"shipping-taxable","11":"product-type-simple"},"acf":[],"aioseo_notices":[],"_links":{"self":[{"href":"https:\/\/www.lxbchip.com\/tr\/wp-json\/wp\/v2\/product\/10902","targetHints":{"allow":["GET"]}}],"collection":[{"href":"https:\/\/www.lxbchip.com\/tr\/wp-json\/wp\/v2\/product"}],"about":[{"href":"https:\/\/www.lxbchip.com\/tr\/wp-json\/wp\/v2\/types\/product"}],"wp:featuredmedia":[{"embeddable":true,"href":"https:\/\/www.lxbchip.com\/tr\/wp-json\/wp\/v2\/media\/10903"}],"wp:attachment":[{"href":"https:\/\/www.lxbchip.com\/tr\/wp-json\/wp\/v2\/media?parent=10902"}],"wp:term":[{"taxonomy":"product_brand","embeddable":true,"href":"https:\/\/www.lxbchip.com\/tr\/wp-json\/wp\/v2\/product_brand?post=10902"},{"taxonomy":"product_cat","embeddable":true,"href":"https:\/\/www.lxbchip.com\/tr\/wp-json\/wp\/v2\/product_cat?post=10902"},{"taxonomy":"product_tag","embeddable":true,"href":"https:\/\/www.lxbchip.com\/tr\/wp-json\/wp\/v2\/product_tag?post=10902"}],"curies":[{"name":"wp","href":"https:\/\/api.w.org\/{rel}","templated":true}]}}