{"id":10555,"date":"2026-01-16T02:43:02","date_gmt":"2026-01-15T18:43:02","guid":{"rendered":"https:\/\/www.lxbchip.com\/?post_type=product&#038;p=10555"},"modified":"2026-01-16T02:43:03","modified_gmt":"2026-01-15T18:43:03","slug":"ep2c5t144c8n","status":"publish","type":"product","link":"https:\/\/www.lxbchip.com\/tr\/products\/ep2c5t144c8n\/","title":{"rendered":"EP2C5T144C8N"},"content":{"rendered":"<table style=\"border-collapse: collapse; width: 810pt;\" border=\"0\" width=\"1080\" cellspacing=\"0\" cellpadding=\"0\">\n<tbody>\n<tr style=\"height: 38.25pt;\">\n<td class=\"xl65\" style=\"height: 38.25pt; width: 54pt;\" width=\"72\" height=\"51\">Mfr Par\u00e7a<\/td>\n<td class=\"xl65\" style=\"width: 54pt;\" width=\"72\">\u00dcretici firma<\/td>\n<td class=\"xl65\" style=\"width: 54pt;\" width=\"72\">FPGA Ailesi<\/td>\n<td class=\"xl65\" style=\"width: 54pt;\" width=\"72\">Mant\u0131k Elemanlar\u0131 (LE'ler)<\/td>\n<td class=\"xl65\" style=\"width: 54pt;\" width=\"72\">G\u00f6m\u00fcl\u00fc Bellek<\/td>\n<td class=\"xl65\" style=\"width: 54pt;\" width=\"72\">DSP \/ \u00c7arp\u0131c\u0131lar<\/td>\n<td class=\"xl65\" style=\"width: 54pt;\" width=\"72\">Maksimum G\/\u00c7 Say\u0131s\u0131<\/td>\n<td class=\"xl65\" style=\"width: 54pt;\" width=\"72\">\u00c7ekirdek Voltaj\u0131<\/td>\n<td class=\"xl65\" style=\"width: 54pt;\" width=\"72\">I\/O Gerilimi<\/td>\n<td class=\"xl65\" style=\"width: 54pt;\" width=\"72\">\u00c7al\u0131\u015fma S\u0131cakl\u0131\u011f\u0131<\/td>\n<td class=\"xl65\" style=\"width: 54pt;\" width=\"72\">Paket<\/td>\n<td class=\"xl65\" style=\"width: 54pt;\" width=\"72\">\u0130\u015flem D\u00fc\u011f\u00fcm\u00fc<\/td>\n<td class=\"xl65\" style=\"width: 54pt;\" width=\"72\">Tipik Maksimum Frekans<\/td>\n<td class=\"xl65\" style=\"width: 54pt;\" width=\"72\">Hedef Uygulamalar<\/td>\n<td class=\"xl65\" style=\"width: 54pt;\" width=\"72\">RoHS<\/td>\n<\/tr>\n<tr style=\"height: 63.75pt;\">\n<td class=\"xl66\" style=\"height: 63.75pt; width: 54pt;\" width=\"72\" height=\"85\">EP2C5T144C8N<\/td>\n<td class=\"xl66\" style=\"width: 54pt;\" width=\"72\">ALTERA<\/td>\n<td class=\"xl66\" style=\"width: 54pt;\" width=\"72\">Cyclone\u00ae II<\/td>\n<td class=\"xl66\" style=\"width: 54pt;\" width=\"72\">~5,120<\/td>\n<td class=\"xl66\" style=\"width: 54pt;\" width=\"72\">~119 Kbits<\/td>\n<td class=\"xl66\" style=\"width: 54pt;\" width=\"72\">S\u0131n\u0131rl\u0131<\/td>\n<td class=\"xl66\" style=\"width: 54pt;\" width=\"72\">89'a kadar<\/td>\n<td class=\"xl66\" style=\"width: 54pt;\" width=\"72\">~1.2 V<\/td>\n<td class=\"xl66\" style=\"width: 54pt;\" width=\"72\">3,3 V'a kadar<\/td>\n<td class=\"xl66\" style=\"width: 54pt;\" width=\"72\">0 \u00b0C ila +85 \u00b0C<\/td>\n<td class=\"xl66\" style=\"width: 54pt;\" width=\"72\">TQFP-144<\/td>\n<td class=\"xl66\" style=\"width: 54pt;\" width=\"72\">90 nm<\/td>\n<td class=\"xl66\" style=\"width: 54pt;\" width=\"72\">~250 MHz<\/td>\n<td class=\"xl66\" style=\"width: 54pt;\" width=\"72\">Eski sistemler, basit mant\u0131k kontrol\u00fc<\/td>\n<td class=\"xl66\" style=\"width: 54pt;\" width=\"72\">Evet<\/td>\n<\/tr>\n<\/tbody>\n<\/table>","protected":false},"excerpt":{"rendered":"<p><strong>\u00dcretici firma:<\/strong> Altera (Intel)<br \/>\n<strong>Mant\u0131k H\u00fccreleri:<\/strong> 4,608 Logic Elements (LEs)<br \/>\n<strong>Mant\u0131k Dilimleri:<\/strong> Logic Array Blocks (LABs)<br \/>\n<strong>G\u00f6m\u00fcl\u00fc RAM (eRAM):<\/strong> 119 Kbits embedded memory<br \/>\n<strong>Paket:<\/strong> TQFP-144<br \/>\n<strong>\u00c7al\u0131\u015fma S\u0131cakl\u0131\u011f\u0131:<\/strong> Commercial (0 \u00b0C to +85 \u00b0C)<\/p>","protected":false},"featured_media":0,"template":"","meta":{"_acf_changed":false,"jetpack_publicize_message":"","jetpack_publicize_feature_enabled":true,"jetpack_social_post_already_shared":false,"jetpack_social_options":{"image_generator_settings":{"template":"highway","default_image_id":0,"font":"","enabled":false},"version":2}},"product_brand":[],"product_cat":[130],"product_tag":[],"class_list":{"0":"post-10555","1":"product","2":"type-product","3":"status-publish","5":"product_cat-altera","7":"first","8":"instock","9":"shipping-taxable","10":"product-type-simple"},"acf":[],"aioseo_notices":[],"jetpack_publicize_connections":[],"_links":{"self":[{"href":"https:\/\/www.lxbchip.com\/tr\/wp-json\/wp\/v2\/product\/10555","targetHints":{"allow":["GET"]}}],"collection":[{"href":"https:\/\/www.lxbchip.com\/tr\/wp-json\/wp\/v2\/product"}],"about":[{"href":"https:\/\/www.lxbchip.com\/tr\/wp-json\/wp\/v2\/types\/product"}],"wp:attachment":[{"href":"https:\/\/www.lxbchip.com\/tr\/wp-json\/wp\/v2\/media?parent=10555"}],"wp:term":[{"taxonomy":"product_brand","embeddable":true,"href":"https:\/\/www.lxbchip.com\/tr\/wp-json\/wp\/v2\/product_brand?post=10555"},{"taxonomy":"product_cat","embeddable":true,"href":"https:\/\/www.lxbchip.com\/tr\/wp-json\/wp\/v2\/product_cat?post=10555"},{"taxonomy":"product_tag","embeddable":true,"href":"https:\/\/www.lxbchip.com\/tr\/wp-json\/wp\/v2\/product_tag?post=10555"}],"curies":[{"name":"wp","href":"https:\/\/api.w.org\/{rel}","templated":true}]}}