{"id":10551,"date":"2026-01-16T02:33:36","date_gmt":"2026-01-15T18:33:36","guid":{"rendered":"https:\/\/www.lxbchip.com\/?post_type=product&#038;p=10551"},"modified":"2026-01-16T02:33:36","modified_gmt":"2026-01-15T18:33:36","slug":"ep4ce22f17i7n","status":"publish","type":"product","link":"https:\/\/www.lxbchip.com\/tr\/products\/ep4ce22f17i7n\/","title":{"rendered":"EP4CE22F17I7N"},"content":{"rendered":"<table style=\"border-collapse: collapse; width: 810pt;\" border=\"0\" width=\"1080\" cellspacing=\"0\" cellpadding=\"0\">\n<tbody>\n<tr style=\"height: 38.25pt;\">\n<td class=\"xl65\" style=\"height: 38.25pt; width: 54pt;\" width=\"72\" height=\"51\">Mfr Par\u00e7a<\/td>\n<td class=\"xl65\" style=\"width: 54pt;\" width=\"72\">\u00dcretici firma<\/td>\n<td class=\"xl65\" style=\"width: 54pt;\" width=\"72\">FPGA Ailesi<\/td>\n<td class=\"xl65\" style=\"width: 54pt;\" width=\"72\">Mant\u0131k Elemanlar\u0131 (LE'ler)<\/td>\n<td class=\"xl65\" style=\"width: 54pt;\" width=\"72\">G\u00f6m\u00fcl\u00fc Bellek<\/td>\n<td class=\"xl65\" style=\"width: 54pt;\" width=\"72\">DSP \/ \u00c7arp\u0131c\u0131lar<\/td>\n<td class=\"xl65\" style=\"width: 54pt;\" width=\"72\">Maksimum G\/\u00c7 Say\u0131s\u0131<\/td>\n<td class=\"xl65\" style=\"width: 54pt;\" width=\"72\">\u00c7ekirdek Voltaj\u0131<\/td>\n<td class=\"xl65\" style=\"width: 54pt;\" width=\"72\">I\/O Gerilimi<\/td>\n<td class=\"xl65\" style=\"width: 54pt;\" width=\"72\">\u00c7al\u0131\u015fma S\u0131cakl\u0131\u011f\u0131<\/td>\n<td class=\"xl65\" style=\"width: 54pt;\" width=\"72\">Paket<\/td>\n<td class=\"xl65\" style=\"width: 54pt;\" width=\"72\">\u0130\u015flem D\u00fc\u011f\u00fcm\u00fc<\/td>\n<td class=\"xl65\" style=\"width: 54pt;\" width=\"72\">Tipik Maksimum Frekans<\/td>\n<td class=\"xl65\" style=\"width: 54pt;\" width=\"72\">Hedef Uygulamalar<\/td>\n<td class=\"xl65\" style=\"width: 54pt;\" width=\"72\">RoHS<\/td>\n<\/tr>\n<tr style=\"height: 63.75pt;\">\n<td class=\"xl66\" style=\"height: 63.75pt; width: 54pt;\" width=\"72\" height=\"85\">EP4CE22F17I7N<\/td>\n<td class=\"xl66\" style=\"width: 54pt;\" width=\"72\">ALTERA<\/td>\n<td class=\"xl66\" style=\"width: 54pt;\" width=\"72\">Cyclone\u00ae IV E<\/td>\n<td class=\"xl66\" style=\"width: 54pt;\" align=\"right\" width=\"72\">22320<\/td>\n<td class=\"xl66\" style=\"width: 54pt;\" width=\"72\">594 Kbits<\/td>\n<td class=\"xl66\" style=\"width: 54pt;\" width=\"72\">66 \u00d7 18\u00d718<\/td>\n<td class=\"xl66\" style=\"width: 54pt;\" width=\"72\">153'e kadar<\/td>\n<td class=\"xl66\" style=\"width: 54pt;\" width=\"72\">1.15-1.25 V<\/td>\n<td class=\"xl66\" style=\"width: 54pt;\" width=\"72\">3,3 V'a kadar<\/td>\n<td class=\"xl66\" style=\"width: 54pt;\" width=\"72\">-40 \u00b0C ila +100 \u00b0C<\/td>\n<td class=\"xl66\" style=\"width: 54pt;\" width=\"72\">FBGA<\/td>\n<td class=\"xl66\" style=\"width: 54pt;\" width=\"72\">60 nm<\/td>\n<td class=\"xl66\" style=\"width: 54pt;\" width=\"72\">~200 MHz<\/td>\n<td class=\"xl66\" style=\"width: 54pt;\" width=\"72\">Y\u00fcksek yo\u011funluklu mant\u0131k, end\u00fcstriyel sistemler<\/td>\n<td class=\"xl66\" style=\"width: 54pt;\" width=\"72\">Evet<\/td>\n<\/tr>\n<\/tbody>\n<\/table>","protected":false},"excerpt":{"rendered":"<p><strong>\u00dcretici firma:<\/strong> Altera (Intel)<br \/>\n<strong>Mant\u0131k H\u00fccreleri:<\/strong> 22,320 Logic Elements (LEs)<br \/>\n<strong>Mant\u0131k Dilimleri:<\/strong> Logic Array Blocks (LABs)<br \/>\n<strong>G\u00f6m\u00fcl\u00fc RAM (eRAM):<\/strong> 774 Kbits embedded memory<br \/>\n<strong>Paket:<\/strong> FBGA-256<br \/>\n<strong>\u00c7al\u0131\u015fma S\u0131cakl\u0131\u011f\u0131:<\/strong> Industrial (-40 \u00b0C to +100 \u00b0C)<\/p>","protected":false},"featured_media":0,"template":"","meta":{"_acf_changed":false,"jetpack_publicize_message":"","jetpack_publicize_feature_enabled":true,"jetpack_social_post_already_shared":false,"jetpack_social_options":{"image_generator_settings":{"template":"highway","default_image_id":0,"font":"","enabled":false},"version":2}},"product_brand":[],"product_cat":[130],"product_tag":[],"class_list":{"0":"post-10551","1":"product","2":"type-product","3":"status-publish","5":"product_cat-altera","7":"first","8":"instock","9":"shipping-taxable","10":"product-type-simple"},"acf":[],"aioseo_notices":[],"jetpack_publicize_connections":[],"_links":{"self":[{"href":"https:\/\/www.lxbchip.com\/tr\/wp-json\/wp\/v2\/product\/10551","targetHints":{"allow":["GET"]}}],"collection":[{"href":"https:\/\/www.lxbchip.com\/tr\/wp-json\/wp\/v2\/product"}],"about":[{"href":"https:\/\/www.lxbchip.com\/tr\/wp-json\/wp\/v2\/types\/product"}],"wp:attachment":[{"href":"https:\/\/www.lxbchip.com\/tr\/wp-json\/wp\/v2\/media?parent=10551"}],"wp:term":[{"taxonomy":"product_brand","embeddable":true,"href":"https:\/\/www.lxbchip.com\/tr\/wp-json\/wp\/v2\/product_brand?post=10551"},{"taxonomy":"product_cat","embeddable":true,"href":"https:\/\/www.lxbchip.com\/tr\/wp-json\/wp\/v2\/product_cat?post=10551"},{"taxonomy":"product_tag","embeddable":true,"href":"https:\/\/www.lxbchip.com\/tr\/wp-json\/wp\/v2\/product_tag?post=10551"}],"curies":[{"name":"wp","href":"https:\/\/api.w.org\/{rel}","templated":true}]}}