{"id":10538,"date":"2026-01-16T02:23:06","date_gmt":"2026-01-15T18:23:06","guid":{"rendered":"https:\/\/www.lxbchip.com\/?post_type=product&#038;p=10538"},"modified":"2026-01-16T02:23:07","modified_gmt":"2026-01-15T18:23:07","slug":"ep3c16q240c8n","status":"publish","type":"product","link":"https:\/\/www.lxbchip.com\/tr\/products\/ep3c16q240c8n\/","title":{"rendered":"EP3C16Q240C8N"},"content":{"rendered":"<table id=\"table_1\" class=\"scroll display nowrap data-t data-t wpDataTable wpDataTableID-18 dataTable\" data-described-by=\"table_1_desc\" data-wpdatatable_id=\"18\" aria-describedby=\"table_1_info\">\n<thead>\n<tr>\n<th class=\"wdtheader sort expand column-mfrpart sorting\" tabindex=\"0\" colspan=\"1\" rowspan=\"1\" data-class=\"expand\" aria-controls=\"table_1\" aria-label=\"        Mfr Partundefined\">Mfr Par\u00e7a<\/th>\n<th class=\"wdtheader sort column-datasheet sorting\" tabindex=\"0\" colspan=\"1\" rowspan=\"1\" aria-controls=\"table_1\" aria-label=\"        Datasheetundefined\">Veri Sayfas\u0131<\/th>\n<th class=\"wdtheader sort column-manufacturer sorting\" tabindex=\"0\" colspan=\"1\" rowspan=\"1\" aria-controls=\"table_1\" aria-label=\"        Manufacturerundefined\">\u00dcretici firma<\/th>\n<th class=\"wdtheader sort column-fpgafamily sorting\" tabindex=\"0\" colspan=\"1\" rowspan=\"1\" aria-controls=\"table_1\" aria-label=\"        FPGA Familyundefined\">FPGA Ailesi<\/th>\n<th class=\"wdtheader sort column-logicelementsles sorting\" tabindex=\"0\" colspan=\"1\" rowspan=\"1\" aria-controls=\"table_1\" aria-label=\"        Logic Elements (LEs)undefined\">Mant\u0131k Elemanlar\u0131 (LE'ler)<\/th>\n<th class=\"wdtheader sort column-embeddedmemory sorting\" tabindex=\"0\" colspan=\"1\" rowspan=\"1\" aria-controls=\"table_1\" aria-label=\"        Embedded Memoryundefined\">G\u00f6m\u00fcl\u00fc Bellek<\/th>\n<th class=\"wdtheader sort column-dspmultipliers sorting\" tabindex=\"0\" colspan=\"1\" rowspan=\"1\" aria-controls=\"table_1\" aria-label=\"        DSP \/ Multipliersundefined\">DSP \/ \u00c7arp\u0131c\u0131lar<\/th>\n<th class=\"wdtheader sort column-maxiocount sorting\" tabindex=\"0\" colspan=\"1\" rowspan=\"1\" aria-controls=\"table_1\" aria-label=\"        Max I\/O Countundefined\">Maksimum G\/\u00c7 Say\u0131s\u0131<\/th>\n<th class=\"wdtheader sort column-corevoltage sorting\" tabindex=\"0\" colspan=\"1\" rowspan=\"1\" aria-controls=\"table_1\" aria-label=\"        Core Voltageundefined\">\u00c7ekirdek Voltaj\u0131<\/th>\n<th class=\"wdtheader sort column-iovoltage sorting\" tabindex=\"0\" colspan=\"1\" rowspan=\"1\" aria-controls=\"table_1\" aria-label=\"        I\/O Voltageundefined\">I\/O Gerilimi<\/th>\n<th class=\"wdtheader sort column-operatingtemperature sorting\" tabindex=\"0\" colspan=\"1\" rowspan=\"1\" aria-controls=\"table_1\" aria-label=\"        \u00c7al\u0131\u015fma S\u0131cakl\u0131\u011f\u0131tan\u0131mlanmam\u0131\u015f\">\u00c7al\u0131\u015fma S\u0131cakl\u0131\u011f\u0131<\/th>\n<th class=\"wdtheader sort column-package sorting\" tabindex=\"0\" colspan=\"1\" rowspan=\"1\" aria-controls=\"table_1\" aria-label=\"        Packageundefined\">Paket<\/th>\n<th class=\"wdtheader sort column-processnode sorting\" tabindex=\"0\" colspan=\"1\" rowspan=\"1\" aria-controls=\"table_1\" aria-label=\"        Process Nodeundefined\">\u0130\u015flem D\u00fc\u011f\u00fcm\u00fc<\/th>\n<th class=\"wdtheader sort column-typicalmaxfrequency sorting\" tabindex=\"0\" colspan=\"1\" rowspan=\"1\" aria-controls=\"table_1\" aria-label=\"        Typical Max Frequencyundefined\">Tipik Maksimum Frekans<\/th>\n<th class=\"wdtheader sort column-targetapplications sorting\" tabindex=\"0\" colspan=\"1\" rowspan=\"1\" aria-controls=\"table_1\" aria-label=\"        Target Applicationsundefined\">Hedef Uygulamalar<\/th>\n<th class=\"wdtheader sort column-rohs sorting\" tabindex=\"0\" colspan=\"1\" rowspan=\"1\" aria-controls=\"table_1\" aria-label=\"        RoHSundefined\">RoHS<\/th>\n<\/tr>\n<\/thead>\n<tbody>\n<tr class=\"odd\">\n<td class=\"expand  column-mfrpart\"><a href=\"https:\/\/www.lxbchip.com\/tr\/products\/ep3c16q240c8n\/\" target=\"_blank\" rel=\"noopener\">EP3C16Q240C8N<\/a><\/td>\n<td class=\"column-datasheet\"><a href=\"https:\/\/www.lxbchip.com\/wp-content\/uploads\/2026\/01\/EP4CE10E22C8N.pdf\" target=\"_blank\" rel=\"noopener\"><img decoding=\"async\" src=\"https:\/\/www.lxbchip.com\/wp-content\/uploads\/2025\/12\/icon-datasheet.svg\" alt=\"\" \/><\/a><\/td>\n<td class=\"column-manufacturer\">ALTERA<\/td>\n<td class=\"column-fpgafamily\">Cyclone\u00ae III<\/td>\n<td class=\"column-logicelementsles\">15408<\/td>\n<td class=\"column-embeddedmemory\">516 Kbits<\/td>\n<td class=\"column-dspmultipliers\">56 \u00d7 18\u00d718<\/td>\n<td class=\"column-maxiocount\">160<\/td>\n<td class=\"column-corevoltage\">1.15-1.25 V<\/td>\n<td class=\"column-iovoltage\">3,3 V'a kadar<\/td>\n<td class=\"column-operatingtemperature\">0 \u00b0C ila +85 \u00b0C<\/td>\n<td class=\"column-package\">PQFP-240<\/td>\n<td class=\"column-processnode\">65 nm<\/td>\n<td class=\"column-typicalmaxfrequency\">~315 MHz<\/td>\n<td class=\"column-targetapplications\">G\u00f6m\u00fcl\u00fc kontrol, end\u00fcstriyel, ileti\u015fim<\/td>\n<td class=\"column-rohs\">Evet<\/td>\n<\/tr>\n<\/tbody>\n<\/table>","protected":false},"excerpt":{"rendered":"<p><strong>\u00dcretici firma:<\/strong> Altera (Intel)<br \/>\n<strong>Mant\u0131k H\u00fccreleri:<\/strong> 15,408 Logic Elements (LEs)<br \/>\n<strong>Mant\u0131k Dilimleri:<\/strong> Adaptive Logic Modules (ALMs)<br \/>\n<strong>G\u00f6m\u00fcl\u00fc RAM (eRAM):<\/strong> 516 Kbits embedded memory<br \/>\n<strong>Paket:<\/strong> PQFP-240<br \/>\n<strong>\u00c7al\u0131\u015fma S\u0131cakl\u0131\u011f\u0131:<\/strong> Commercial (0 \u00b0C to +85 \u00b0C)<\/p>","protected":false},"featured_media":0,"template":"","meta":{"_acf_changed":false,"jetpack_publicize_message":"","jetpack_publicize_feature_enabled":true,"jetpack_social_post_already_shared":false,"jetpack_social_options":{"image_generator_settings":{"template":"highway","default_image_id":0,"font":"","enabled":false},"version":2}},"product_brand":[],"product_cat":[130],"product_tag":[],"class_list":{"0":"post-10538","1":"product","2":"type-product","3":"status-publish","5":"product_cat-altera","7":"first","8":"instock","9":"shipping-taxable","10":"product-type-simple"},"acf":[],"aioseo_notices":[],"jetpack_publicize_connections":[],"_links":{"self":[{"href":"https:\/\/www.lxbchip.com\/tr\/wp-json\/wp\/v2\/product\/10538","targetHints":{"allow":["GET"]}}],"collection":[{"href":"https:\/\/www.lxbchip.com\/tr\/wp-json\/wp\/v2\/product"}],"about":[{"href":"https:\/\/www.lxbchip.com\/tr\/wp-json\/wp\/v2\/types\/product"}],"wp:attachment":[{"href":"https:\/\/www.lxbchip.com\/tr\/wp-json\/wp\/v2\/media?parent=10538"}],"wp:term":[{"taxonomy":"product_brand","embeddable":true,"href":"https:\/\/www.lxbchip.com\/tr\/wp-json\/wp\/v2\/product_brand?post=10538"},{"taxonomy":"product_cat","embeddable":true,"href":"https:\/\/www.lxbchip.com\/tr\/wp-json\/wp\/v2\/product_cat?post=10538"},{"taxonomy":"product_tag","embeddable":true,"href":"https:\/\/www.lxbchip.com\/tr\/wp-json\/wp\/v2\/product_tag?post=10538"}],"curies":[{"name":"wp","href":"https:\/\/api.w.org\/{rel}","templated":true}]}}