{"id":10535,"date":"2026-01-15T23:32:06","date_gmt":"2026-01-15T15:32:06","guid":{"rendered":"https:\/\/www.lxbchip.com\/?post_type=product&#038;p=10535"},"modified":"2026-01-15T23:32:06","modified_gmt":"2026-01-15T15:32:06","slug":"a40i-h-axp221s","status":"publish","type":"product","link":"https:\/\/www.lxbchip.com\/tr\/products\/a40i-h-axp221s\/","title":{"rendered":"A40i-H + AXP221S"},"content":{"rendered":"<table width=\"2730\">\n<tbody>\n<tr>\n<td width=\"147\">Model<\/td>\n<td width=\"231\">\u00dcretici firma<\/td>\n<td width=\"147\">Uygulama Konumland\u0131rma<\/td>\n<td width=\"147\">CPU Mimarisi<\/td>\n<td width=\"147\">Maksimum CPU Frekans\u0131<\/td>\n<td width=\"147\">GPU<\/td>\n<td width=\"147\">PMIC<\/td>\n<td width=\"147\">Bellek Deste\u011fi<\/td>\n<td width=\"147\">Depolama Aray\u00fczleri<\/td>\n<td width=\"147\">Video \u00d6zelli\u011fi<\/td>\n<td width=\"147\">Ekran Aray\u00fczleri<\/td>\n<td width=\"147\">USB<\/td>\n<td width=\"147\">A\u011f \u0130leti\u015fimi<\/td>\n<td width=\"147\">\u00c7evresel Aray\u00fczler<\/td>\n<td width=\"147\">\u0130\u015fletim Sistemi Deste\u011fi<\/td>\n<td width=\"147\">\u00c7al\u0131\u015fma S\u0131cakl\u0131\u011f\u0131<\/td>\n<td width=\"147\">Paket<\/td>\n<td width=\"147\">RoHS<\/td>\n<\/tr>\n<tr>\n<td width=\"147\">A40i-H + AXP221S<\/td>\n<td width=\"231\">Allwinner Technology Co, Ltd.<\/td>\n<td width=\"147\">End\u00fcstriyel \/ G\u00f6m\u00fcl\u00fc (End\u00fcstriyel s\u0131n\u0131f varyant)<\/td>\n<td width=\"147\">D\u00f6rt \u00e7ekirdekli ARM Cortex-A7<\/td>\n<td width=\"147\">1,2 GHz'e kadar<\/td>\n<td width=\"147\">Mali-400 MP2<\/td>\n<td width=\"147\">AXP221S<\/td>\n<td width=\"147\">DDR3 (tipik end\u00fcstriyel yap\u0131land\u0131rma)<\/td>\n<td width=\"147\">eMMC (8\/16\/32 GB tipik), SD<\/td>\n<td width=\"147\">1080p kod \u00e7\u00f6zme, H.264 kodlama*<\/td>\n<td width=\"147\">HDMI, LVDS, RGB, MIPI (karta ba\u011fl\u0131)<\/td>\n<td width=\"147\">USB 2.0 Ana Bilgisayar \/ OTG<\/td>\n<td width=\"147\">10\/100 veya Gigabit Ethernet (tasar\u0131ma ba\u011fl\u0131)<\/td>\n<td width=\"147\">UART, SPI, I\u00b2C, GPIO, PWM<\/td>\n<td width=\"147\">Linux, Android<\/td>\n<td>-40 \u00b0C ila +85 \u00b0C<\/td>\n<td>BGA-468<\/td>\n<td>Evet<\/td>\n<\/tr>\n<\/tbody>\n<\/table>","protected":false},"excerpt":{"rendered":"<p><strong>\u00dcretici firma:<\/strong> Allwinner Technology Co, Ltd.<br \/>\n<strong>Mant\u0131k H\u00fccreleri:<\/strong> Application processor SoC + PMIC<br \/>\n<strong>Mant\u0131k Dilimleri:<\/strong> Quad-core ARM Cortex-A7 processing subsystem with extended temperature support<br \/>\n<strong>G\u00f6m\u00fcl\u00fc RAM (eRAM):<\/strong> Internal SRAM (SoC)<br \/>\n<strong>Paket:<\/strong> BGA (A40i-H), QFN (AXP221S)<br \/>\n<strong>\u00c7al\u0131\u015fma S\u0131cakl\u0131\u011f\u0131:<\/strong> Industrial (-40 \u00b0C to +105 \u00b0C)<\/p>","protected":false},"featured_media":0,"template":"","meta":{"_acf_changed":false,"jetpack_publicize_message":"","jetpack_publicize_feature_enabled":true,"jetpack_social_post_already_shared":false,"jetpack_social_options":{"image_generator_settings":{"template":"highway","default_image_id":0,"font":"","enabled":false},"version":2}},"product_brand":[],"product_cat":[79],"product_tag":[],"class_list":{"0":"post-10535","1":"product","2":"type-product","3":"status-publish","5":"product_cat-allwinner","7":"first","8":"instock","9":"shipping-taxable","10":"product-type-simple"},"acf":[],"aioseo_notices":[],"jetpack_publicize_connections":[],"_links":{"self":[{"href":"https:\/\/www.lxbchip.com\/tr\/wp-json\/wp\/v2\/product\/10535","targetHints":{"allow":["GET"]}}],"collection":[{"href":"https:\/\/www.lxbchip.com\/tr\/wp-json\/wp\/v2\/product"}],"about":[{"href":"https:\/\/www.lxbchip.com\/tr\/wp-json\/wp\/v2\/types\/product"}],"wp:attachment":[{"href":"https:\/\/www.lxbchip.com\/tr\/wp-json\/wp\/v2\/media?parent=10535"}],"wp:term":[{"taxonomy":"product_brand","embeddable":true,"href":"https:\/\/www.lxbchip.com\/tr\/wp-json\/wp\/v2\/product_brand?post=10535"},{"taxonomy":"product_cat","embeddable":true,"href":"https:\/\/www.lxbchip.com\/tr\/wp-json\/wp\/v2\/product_cat?post=10535"},{"taxonomy":"product_tag","embeddable":true,"href":"https:\/\/www.lxbchip.com\/tr\/wp-json\/wp\/v2\/product_tag?post=10535"}],"curies":[{"name":"wp","href":"https:\/\/api.w.org\/{rel}","templated":true}]}}