{"id":10530,"date":"2026-01-15T23:07:55","date_gmt":"2026-01-15T15:07:55","guid":{"rendered":"https:\/\/www.lxbchip.com\/?post_type=product&#038;p=10530"},"modified":"2026-01-15T23:09:11","modified_gmt":"2026-01-15T15:09:11","slug":"acs724llctr-10ab-t","status":"publish","type":"product","link":"https:\/\/www.lxbchip.com\/tr\/products\/acs724llctr-10ab-t\/","title":{"rendered":"ACS724LLCTR-10AB-T"},"content":{"rendered":"<table id=\"table_1\" class=\"scroll display nowrap data-t data-t wpDataTable wpDataTableID-16 dataTable\" data-described-by=\"table_1_desc\" data-wpdatatable_id=\"16\" aria-describedby=\"table_1_info\">\n<thead>\n<tr>\n<th class=\"wdtheader sort expand column-mfrpart sorting\" tabindex=\"0\" colspan=\"1\" rowspan=\"1\" data-class=\"expand\" aria-controls=\"table_1\" aria-label=\"        Mfr Partundefined\">Mfr Par\u00e7a<\/th>\n<th class=\"wdtheader column-datasheet sorting_disabled\" colspan=\"1\" rowspan=\"1\" aria-label=\"        Veri Sayfas\u0131\">Veri Sayfas\u0131<\/th>\n<th class=\"wdtheader sort column-manufacturer sorting\" tabindex=\"0\" colspan=\"1\" rowspan=\"1\" aria-controls=\"table_1\" aria-label=\"        Manufacturerundefined\">\u00dcretici firma<\/th>\n<th class=\"wdtheader sort column-currentrating sorting\" tabindex=\"0\" colspan=\"1\" rowspan=\"1\" aria-controls=\"table_1\" aria-label=\"        Current Ratingundefined\">G\u00fcncel De\u011ferlendirme<\/th>\n<th class=\"wdtheader sort column-sensortype sorting\" tabindex=\"0\" colspan=\"1\" rowspan=\"1\" aria-controls=\"table_1\" aria-label=\"        Sensor Typeundefined\">Sens\u00f6r Tipi<\/th>\n<th class=\"wdtheader sort column-responsetime sorting\" tabindex=\"0\" colspan=\"1\" rowspan=\"1\" aria-controls=\"table_1\" aria-label=\"        Response Timeundefined\">Yan\u0131t S\u00fcresi<\/th>\n<th class=\"wdtheader sort column-operatingsupplyvoltage sorting\" tabindex=\"0\" colspan=\"1\" rowspan=\"1\" aria-controls=\"table_1\" aria-label=\"        Operating Supply Voltageundefined\">\u00c7al\u0131\u015fma Besleme Gerilimi<\/th>\n<th class=\"wdtheader sort column-outputtype sorting\" tabindex=\"0\" colspan=\"1\" rowspan=\"1\" aria-controls=\"table_1\" aria-label=\"        Output Typeundefined\">\u00c7\u0131k\u0131\u015f Tipi<\/th>\n<th class=\"wdtheader sort column-operatingtemperature sorting\" tabindex=\"0\" colspan=\"1\" rowspan=\"1\" aria-controls=\"table_1\" aria-label=\"        \u00c7al\u0131\u015fma S\u0131cakl\u0131\u011f\u0131tan\u0131mlanmam\u0131\u015f\">\u00c7al\u0131\u015fma S\u0131cakl\u0131\u011f\u0131<\/th>\n<th class=\"wdtheader sort column-accuracy sorting\" tabindex=\"0\" colspan=\"1\" rowspan=\"1\" aria-controls=\"table_1\" aria-label=\"        Accuracyundefined\">Do\u011fruluk<\/th>\n<th class=\"wdtheader sort column-packagecase sorting\" tabindex=\"0\" colspan=\"1\" rowspan=\"1\" aria-controls=\"table_1\" aria-label=\"        Paket \/ KasaTan\u0131ml\u0131\">Paket \/ K\u0131l\u0131f<\/th>\n<th class=\"wdtheader sort column-supplycurrentmax sorting\" tabindex=\"0\" colspan=\"1\" rowspan=\"1\" aria-controls=\"table_1\" aria-label=\"        Supply Current (Max)undefined\">Besleme Ak\u0131m\u0131 (Maks)<\/th>\n<th class=\"wdtheader sort column-sensitivity sorting\" tabindex=\"0\" colspan=\"1\" rowspan=\"1\" aria-controls=\"table_1\" aria-label=\"        Sensitivityundefined\">Hassasiyet<\/th>\n<th class=\"wdtheader sort column-function sorting\" tabindex=\"0\" colspan=\"1\" rowspan=\"1\" aria-controls=\"table_1\" aria-label=\"        Functionundefined\">Fonksiyon<\/th>\n<\/tr>\n<\/thead>\n<tbody>\n<tr class=\"odd\">\n<td class=\"expand  column-mfrpart\"><a href=\"https:\/\/www.lxbchip.com\/tr\/products\/acs724llctr-10ab-t\/\" target=\"_blank\" rel=\"noopener\">ACS724LLCTR-10AB-T<\/a><\/td>\n<td class=\"column-datasheet\"><a href=\"https:\/\/www.lxbchip.com\/wp-content\/uploads\/2026\/01\/ACS724LLCTR-10AB-T.pdf\" target=\"_blank\" rel=\"noopener\"><img decoding=\"async\" src=\"https:\/\/www.lxbchip.com\/wp-content\/uploads\/2025\/12\/icon-datasheet.svg\" alt=\"\" \/><\/a><\/td>\n<td class=\"column-manufacturer\">ALLEGRO<\/td>\n<td class=\"column-currentrating\">\u00b110 A<\/td>\n<td class=\"column-sensortype\">Hall Etkisi, A\u00e7\u0131k D\u00f6ng\u00fc<\/td>\n<td class=\"column-responsetime\">~4 \u00b5s<\/td>\n<td class=\"column-operatingsupplyvoltage\">4,5 V ila 5,5 V<\/td>\n<td class=\"column-outputtype\">Rasyometrik Gerilim<\/td>\n<td class=\"column-operatingtemperature\">-40 \u00b0C ila +150 \u00b0C<\/td>\n<td class=\"column-accuracy\">~\u00b11 %<\/td>\n<td class=\"column-packagecase\">8-SOIC<\/td>\n<td class=\"column-supplycurrentmax\">14 mA<\/td>\n<td class=\"column-sensitivity\">~200 mV\/A<\/td>\n<td class=\"column-function\">AC\/DC Ak\u0131m Alg\u0131lama<\/td>\n<\/tr>\n<\/tbody>\n<\/table>","protected":false},"excerpt":{"rendered":"<p><strong>\u00dcretici firma:<\/strong> Allegro MicroSystems<br \/>\n<strong>Mant\u0131k H\u00fccreleri:<\/strong> Hall-effect isolated current sensor IC<br \/>\n<strong>Mant\u0131k Dilimleri:<\/strong> Differential Hall sensing and signal conditioning<br \/>\n<strong>G\u00f6m\u00fcl\u00fc RAM (eRAM):<\/strong> \u2013<br \/>\n<strong>Paket:<\/strong> SOIC-8<br \/>\n<strong>\u00c7al\u0131\u015fma S\u0131cakl\u0131\u011f\u0131:<\/strong> -40 \u00b0C ila +150 \u00b0C<\/p>","protected":false},"featured_media":0,"template":"","meta":{"_acf_changed":false},"product_brand":[],"product_cat":[80],"product_tag":[],"class_list":{"0":"post-10530","1":"product","2":"type-product","3":"status-publish","5":"product_cat-allegro","7":"first","8":"instock","9":"shipping-taxable","10":"product-type-simple"},"acf":[],"aioseo_notices":[],"_links":{"self":[{"href":"https:\/\/www.lxbchip.com\/tr\/wp-json\/wp\/v2\/product\/10530","targetHints":{"allow":["GET"]}}],"collection":[{"href":"https:\/\/www.lxbchip.com\/tr\/wp-json\/wp\/v2\/product"}],"about":[{"href":"https:\/\/www.lxbchip.com\/tr\/wp-json\/wp\/v2\/types\/product"}],"wp:attachment":[{"href":"https:\/\/www.lxbchip.com\/tr\/wp-json\/wp\/v2\/media?parent=10530"}],"wp:term":[{"taxonomy":"product_brand","embeddable":true,"href":"https:\/\/www.lxbchip.com\/tr\/wp-json\/wp\/v2\/product_brand?post=10530"},{"taxonomy":"product_cat","embeddable":true,"href":"https:\/\/www.lxbchip.com\/tr\/wp-json\/wp\/v2\/product_cat?post=10530"},{"taxonomy":"product_tag","embeddable":true,"href":"https:\/\/www.lxbchip.com\/tr\/wp-json\/wp\/v2\/product_tag?post=10530"}],"curies":[{"name":"wp","href":"https:\/\/api.w.org\/{rel}","templated":true}]}}