{"id":10506,"date":"2026-01-15T19:09:51","date_gmt":"2026-01-15T11:09:51","guid":{"rendered":"https:\/\/www.lxbchip.com\/products\/ltm4644iy\/"},"modified":"2026-01-19T19:44:56","modified_gmt":"2026-01-19T11:44:56","slug":"ltm4644iy","status":"publish","type":"product","link":"https:\/\/www.lxbchip.com\/tr\/products\/ltm4644iy\/","title":{"rendered":"LTM4644IY"},"content":{"rendered":"<table id=\"table_1\" class=\"scroll display nowrap data-t data-t wpDataTable wpDataTableID-15 dataTable\" data-described-by=\"table_1_desc\" data-wpdatatable_id=\"15\" aria-describedby=\"table_1_info\">\n<thead>\n<tr>\n<th class=\"wdtheader expand column-mfrpart sorting_disabled\" colspan=\"1\" rowspan=\"1\" data-class=\"expand\" aria-label=\" Mfr Par\u00e7a\">Mfr Par\u00e7a<\/th>\n<th class=\"wdtheader sort column-series sorting\" tabindex=\"0\" colspan=\"1\" rowspan=\"1\" aria-controls=\"table_1\" aria-label=\" Seriesundefined\">Seri<\/th>\n<th class=\"wdtheader sort column-manufacturer sorting\" tabindex=\"0\" colspan=\"1\" rowspan=\"1\" aria-controls=\"table_1\" aria-label=\" \u00dcretici tan\u0131ml\u0131\">\u00dcretici firma<\/th>\n<th class=\"wdtheader sort column-package sorting\" tabindex=\"0\" colspan=\"1\" rowspan=\"1\" aria-controls=\"table_1\" aria-label=\" Paket tan\u0131ml\u0131\">Paket<\/th>\n<th class=\"wdtheader sort column-topology sorting\" tabindex=\"0\" colspan=\"1\" rowspan=\"1\" aria-controls=\"table_1\" aria-label=\" Topolojitan\u0131mlanmam\u0131\u015f\">Topoloji<\/th>\n<th class=\"wdtheader sort column-productstatus sorting\" tabindex=\"0\" colspan=\"1\" rowspan=\"1\" aria-controls=\"table_1\" aria-label=\" \u00dcr\u00fcn Durumuundefined\">\u00dcr\u00fcn Durumu<\/th>\n<th class=\"wdtheader sort column-mountingtype sorting\" tabindex=\"0\" colspan=\"1\" rowspan=\"1\" aria-controls=\"table_1\" aria-label=\" Montaj T\u00fcr\u00fctan\u0131ms\u0131z\">Montaj Tipi<\/th>\n<th class=\"wdtheader sort column-switchingfrequency sorting\" tabindex=\"0\" colspan=\"1\" rowspan=\"1\" aria-controls=\"table_1\" aria-label=\" Anahtarlama Frekans\u0131tan\u0131mlanmam\u0131\u015f\">Anahtarlama Frekans\u0131<\/th>\n<th class=\"wdtheader sort column-function sorting sorting_desc\" tabindex=\"0\" colspan=\"1\" rowspan=\"1\" aria-controls=\"table_1\" aria-label=\" Functionundefined\" aria-sort=\"descending\">Fonksiyon<\/th>\n<th class=\"wdtheader sort column-inputvoltage sorting\" tabindex=\"0\" colspan=\"1\" rowspan=\"1\" aria-controls=\"table_1\" aria-label=\" Giri\u015f Gerilimi tan\u0131ml\u0131\">Giri\u015f Gerilimi<\/th>\n<th class=\"wdtheader sort column-outputvoltage sorting\" tabindex=\"0\" colspan=\"1\" rowspan=\"1\" aria-controls=\"table_1\" aria-label=\" \u00c7\u0131k\u0131\u015f Gerilimiundefined\">\u00c7\u0131k\u0131\u015f Gerilimi<\/th>\n<th class=\"wdtheader sort column-numberofoutputs sorting\" tabindex=\"0\" colspan=\"1\" rowspan=\"1\" aria-controls=\"table_1\" aria-label=\" \u00c7\u0131k\u0131\u015f Say\u0131s\u0131tan\u0131mlanm\u0131\u015f\">\u00c7\u0131kt\u0131 Say\u0131s\u0131<\/th>\n<th class=\"wdtheader sort column-operatingtemperature sorting\" tabindex=\"0\" colspan=\"1\" rowspan=\"1\" aria-controls=\"table_1\" aria-label=\" \u00c7al\u0131\u015fma S\u0131cakl\u0131\u011f\u0131tan\u0131mlanmam\u0131\u015f\">\u00c7al\u0131\u015fma S\u0131cakl\u0131\u011f\u0131<\/th>\n<th class=\"wdtheader sort column-outputtype sorting\" tabindex=\"0\" colspan=\"1\" rowspan=\"1\" aria-controls=\"table_1\" aria-label=\" \u00c7\u0131k\u0131\u015f T\u00fcr\u00fctan\u0131ms\u0131z\">\u00c7\u0131k\u0131\u015f Tipi<\/th>\n<th class=\"wdtheader sort column-outputcurrent sorting\" tabindex=\"0\" colspan=\"1\" rowspan=\"1\" aria-controls=\"table_1\" aria-label=\" \u00c7\u0131k\u0131\u015f Ak\u0131m\u0131tan\u0131ms\u0131z\">\u00c7\u0131k\u0131\u015f Ak\u0131m\u0131<\/th>\n<\/tr>\n<\/thead>\n<tbody>\n<tr class=\"odd\">\n<td class=\"expand column-mfrpart\">LTM4644IY<\/td>\n<td class=\"column-series\">\u00b5Mod\u00fcl<\/td>\n<td class=\"column-manufacturer\">Analog Cihazlar<\/td>\n<td class=\"column-package\">BGA<\/td>\n<td class=\"column-topology\">Buck<\/td>\n<td class=\"column-productstatus\">Aktif<\/td>\n<td class=\"column-mountingtype\">Y\u00fczey Montaj\u0131<\/td>\n<td class=\"column-switchingfrequency\">600 kHz<\/td>\n<td class=\"column-function sorting_1\">DC-DC Reg\u00fclat\u00f6r<\/td>\n<td class=\"column-inputvoltage\">4.5 - 20 V<\/td>\n<td class=\"column-outputvoltage\">0.6 - 5.5 V<\/td>\n<td class=\"column-numberofoutputs\">1<\/td>\n<td class=\"column-operatingtemperature\">-40\u00b0C ila +125\u00b0C<\/td>\n<td class=\"column-outputtype\">Ayarlanabilir<\/td>\n<td class=\"column-outputcurrent\">4 A<\/td>\n<\/tr>\n<\/tbody>\n<\/table>","protected":false},"excerpt":{"rendered":"<p><strong>\u00dcretici firma:<\/strong> Analog Devices (Linear Technology)<br \/><strong>Mant\u0131k H\u00fccreleri:<\/strong> Power module DC\/DC regulator<br \/><strong>Mant\u0131k Dilimleri:<\/strong> Integrated controller, MOSFETs, and power management<br \/><strong>G\u00f6m\u00fcl\u00fc RAM (eRAM):<\/strong> \u2013<br \/><strong>Paket:<\/strong> BGA Module<br \/><strong>\u00c7al\u0131\u015fma S\u0131cakl\u0131\u011f\u0131:<\/strong> -40 \u00b0C ila +125 \u00b0C<\/p>","protected":false},"featured_media":0,"template":"","meta":{"_acf_changed":false},"product_brand":[],"product_cat":[129],"product_tag":[],"class_list":{"0":"post-10506","1":"product","2":"type-product","3":"status-publish","5":"product_cat-adi","7":"first","8":"instock","9":"product-type-simple"},"acf":[],"aioseo_notices":[],"_links":{"self":[{"href":"https:\/\/www.lxbchip.com\/tr\/wp-json\/wp\/v2\/product\/10506","targetHints":{"allow":["GET"]}}],"collection":[{"href":"https:\/\/www.lxbchip.com\/tr\/wp-json\/wp\/v2\/product"}],"about":[{"href":"https:\/\/www.lxbchip.com\/tr\/wp-json\/wp\/v2\/types\/product"}],"wp:attachment":[{"href":"https:\/\/www.lxbchip.com\/tr\/wp-json\/wp\/v2\/media?parent=10506"}],"wp:term":[{"taxonomy":"product_brand","embeddable":true,"href":"https:\/\/www.lxbchip.com\/tr\/wp-json\/wp\/v2\/product_brand?post=10506"},{"taxonomy":"product_cat","embeddable":true,"href":"https:\/\/www.lxbchip.com\/tr\/wp-json\/wp\/v2\/product_cat?post=10506"},{"taxonomy":"product_tag","embeddable":true,"href":"https:\/\/www.lxbchip.com\/tr\/wp-json\/wp\/v2\/product_tag?post=10506"}],"curies":[{"name":"wp","href":"https:\/\/api.w.org\/{rel}","templated":true}]}}