{"id":10464,"date":"2026-01-15T19:09:32","date_gmt":"2026-01-15T11:09:32","guid":{"rendered":"https:\/\/www.lxbchip.com\/products\/ds28el15qt\/"},"modified":"2026-01-19T17:06:05","modified_gmt":"2026-01-19T09:06:05","slug":"ds28el15qt","status":"publish","type":"product","link":"https:\/\/www.lxbchip.com\/tr\/products\/ds28el15qt\/","title":{"rendered":"DS28EL15Q+T"},"content":{"rendered":"<table id=\"table_1\" class=\"scroll display nowrap data-t data-t wpDataTable wpDataTableID-15 dataTable\" data-described-by=\"table_1_desc\" data-wpdatatable_id=\"15\" aria-describedby=\"table_1_info\">\n<thead>\n<tr>\n<th class=\"wdtheader expand column-mfrpart sorting_disabled\" colspan=\"1\" rowspan=\"1\" data-class=\"expand\" aria-label=\"        Mfr Par\u00e7a\">Mfr Par\u00e7a<\/th>\n<th class=\"wdtheader sort column-datasheet sorting\" tabindex=\"0\" colspan=\"1\" rowspan=\"1\" aria-controls=\"table_1\" aria-label=\"        Datasheetundefined\">Veri Sayfas\u0131<\/th>\n<th class=\"wdtheader sort column-series sorting\" tabindex=\"0\" colspan=\"1\" rowspan=\"1\" aria-controls=\"table_1\" aria-label=\"        Seriesundefined\">Seri<\/th>\n<th class=\"wdtheader sort column-manufacturer sorting\" tabindex=\"0\" colspan=\"1\" rowspan=\"1\" aria-controls=\"table_1\" aria-label=\"        Manufacturerundefined\">\u00dcretici firma<\/th>\n<th class=\"wdtheader sort column-package sorting\" tabindex=\"0\" colspan=\"1\" rowspan=\"1\" aria-controls=\"table_1\" aria-label=\"        Packageundefined\">Paket<\/th>\n<th class=\"wdtheader sort column-topology sorting\" tabindex=\"0\" colspan=\"1\" rowspan=\"1\" aria-controls=\"table_1\" aria-label=\"        Topologyundefined\">Topoloji<\/th>\n<th class=\"wdtheader sort column-productstatus sorting\" tabindex=\"0\" colspan=\"1\" rowspan=\"1\" aria-controls=\"table_1\" aria-label=\"        Product Statusundefined\">\u00dcr\u00fcn Durumu<\/th>\n<th class=\"wdtheader sort column-mountingtype sorting\" tabindex=\"0\" colspan=\"1\" rowspan=\"1\" aria-controls=\"table_1\" aria-label=\"        Montaj T\u00fcr\u00fctan\u0131ms\u0131z\">Montaj Tipi<\/th>\n<th class=\"wdtheader sort column-switchingfrequency sorting\" tabindex=\"0\" colspan=\"1\" rowspan=\"1\" aria-controls=\"table_1\" aria-label=\"        Switching Frequencyundefined\">Anahtarlama Frekans\u0131<\/th>\n<th class=\"wdtheader sort column-function sorting\" tabindex=\"0\" colspan=\"1\" rowspan=\"1\" aria-controls=\"table_1\" aria-label=\"        Functionundefined\">Fonksiyon<\/th>\n<th class=\"wdtheader sort column-inputvoltage sorting\" tabindex=\"0\" colspan=\"1\" rowspan=\"1\" aria-controls=\"table_1\" aria-label=\"        Input Voltageundefined\">Giri\u015f Gerilimi<\/th>\n<th class=\"wdtheader sort column-outputvoltage sorting\" tabindex=\"0\" colspan=\"1\" rowspan=\"1\" aria-controls=\"table_1\" aria-label=\"        Output Voltageundefined\">\u00c7\u0131k\u0131\u015f Gerilimi<\/th>\n<th class=\"wdtheader sort column-numberofoutputs sorting\" tabindex=\"0\" colspan=\"1\" rowspan=\"1\" aria-controls=\"table_1\" aria-label=\"        Number of Outputsundefined\">\u00c7\u0131kt\u0131 Say\u0131s\u0131<\/th>\n<th class=\"wdtheader sort column-operatingtemperature sorting\" tabindex=\"0\" colspan=\"1\" rowspan=\"1\" aria-controls=\"table_1\" aria-label=\"        \u00c7al\u0131\u015fma S\u0131cakl\u0131\u011f\u0131tan\u0131mlanmam\u0131\u015f\">\u00c7al\u0131\u015fma S\u0131cakl\u0131\u011f\u0131<\/th>\n<th class=\"wdtheader sort column-outputtype sorting\" tabindex=\"0\" colspan=\"1\" rowspan=\"1\" aria-controls=\"table_1\" aria-label=\"        Output Typeundefined\">\u00c7\u0131k\u0131\u015f Tipi<\/th>\n<th class=\"wdtheader sort column-outputcurrent sorting\" tabindex=\"0\" colspan=\"1\" rowspan=\"1\" aria-controls=\"table_1\" aria-label=\"        Output Currentundefined\">\u00c7\u0131k\u0131\u015f Ak\u0131m\u0131<\/th>\n<\/tr>\n<\/thead>\n<tbody>\n<tr class=\"odd\">\n<td class=\"expand  column-mfrpart\"><a href=\"https:\/\/www.lxbchip.com\/tr\/products\/ltc7151sivpbf\/\" target=\"_blank\" rel=\"noopener\">DS28EL15Q+T<\/a><\/td>\n<td class=\"column-datasheet\"><a href=\"https:\/\/www.lxbchip.com\/wp-content\/uploads\/2026\/01\/DS28EL15QT.pdf\" target=\"_blank\" rel=\"noopener\"><img decoding=\"async\" src=\"https:\/\/www.lxbchip.com\/wp-content\/uploads\/2025\/12\/icon-datasheet.svg\" alt=\"\" \/><\/a><\/td>\n<td class=\"column-series\">DS28E<\/td>\n<td class=\"column-manufacturer\">Maxim Entegre<\/td>\n<td class=\"column-package\">6-UDFN<\/td>\n<td class=\"column-topology\">G\u00fcvenli Kimlik Do\u011frulama IC<\/td>\n<td class=\"column-productstatus\">Aktif<\/td>\n<td class=\"column-mountingtype\">Y\u00fczey Montaj\u0131<\/td>\n<td class=\"column-switchingfrequency\">\u2014<\/td>\n<td class=\"column-function\">DeepCover G\u00fcvenli \u00c7ip<\/td>\n<td class=\"column-inputvoltage\">1,71 V - 3,6 V<\/td>\n<td class=\"column-outputvoltage\">\u2014<\/td>\n<td class=\"column-numberofoutputs\">1<\/td>\n<td class=\"column-operatingtemperature\">-40\u00b0C ila +85\u00b0C<\/td>\n<td class=\"column-outputtype\">Dijital<\/td>\n<td class=\"column-outputcurrent\">\u2014<\/td>\n<\/tr>\n<\/tbody>\n<\/table>","protected":false},"excerpt":{"rendered":"<p><strong>\u00dcretici firma:<\/strong> Analog Devices (Maxim Integrated)<br \/>\n<strong>Mant\u0131k H\u00fccreleri:<\/strong> Secure authenticator IC<br \/>\n<strong>Mant\u0131k Dilimleri:<\/strong> Challenge\u2013response authentication engine<br \/>\n<strong>G\u00f6m\u00fcl\u00fc RAM (eRAM):<\/strong> Secure memory and cryptographic blocks<br \/>\n<strong>Paket:<\/strong> TDFN-6<br \/>\n<strong>\u00c7al\u0131\u015fma S\u0131cakl\u0131\u011f\u0131:<\/strong> Industrial (-40 \u00b0C to +85 \u00b0C)<\/p>","protected":false},"featured_media":0,"template":"","meta":{"_acf_changed":false},"product_brand":[],"product_cat":[129],"product_tag":[],"class_list":{"0":"post-10464","1":"product","2":"type-product","3":"status-publish","5":"product_cat-adi","7":"first","8":"instock","9":"product-type-simple"},"acf":[],"aioseo_notices":[],"_links":{"self":[{"href":"https:\/\/www.lxbchip.com\/tr\/wp-json\/wp\/v2\/product\/10464","targetHints":{"allow":["GET"]}}],"collection":[{"href":"https:\/\/www.lxbchip.com\/tr\/wp-json\/wp\/v2\/product"}],"about":[{"href":"https:\/\/www.lxbchip.com\/tr\/wp-json\/wp\/v2\/types\/product"}],"wp:attachment":[{"href":"https:\/\/www.lxbchip.com\/tr\/wp-json\/wp\/v2\/media?parent=10464"}],"wp:term":[{"taxonomy":"product_brand","embeddable":true,"href":"https:\/\/www.lxbchip.com\/tr\/wp-json\/wp\/v2\/product_brand?post=10464"},{"taxonomy":"product_cat","embeddable":true,"href":"https:\/\/www.lxbchip.com\/tr\/wp-json\/wp\/v2\/product_cat?post=10464"},{"taxonomy":"product_tag","embeddable":true,"href":"https:\/\/www.lxbchip.com\/tr\/wp-json\/wp\/v2\/product_tag?post=10464"}],"curies":[{"name":"wp","href":"https:\/\/api.w.org\/{rel}","templated":true}]}}