{"id":10442,"date":"2026-01-15T19:09:21","date_gmt":"2026-01-15T11:09:21","guid":{"rendered":"https:\/\/www.lxbchip.com\/products\/lt3045idd\/"},"modified":"2026-01-19T16:25:20","modified_gmt":"2026-01-19T08:25:20","slug":"lt3045idd","status":"publish","type":"product","link":"https:\/\/www.lxbchip.com\/tr\/products\/lt3045idd\/","title":{"rendered":"LT3045IDD"},"content":{"rendered":"<table id=\"table_1\" class=\"scroll display nowrap data-t data-t wpDataTable wpDataTableID-15 dataTable\" data-described-by=\"table_1_desc\" data-wpdatatable_id=\"15\" aria-describedby=\"table_1_info\">\n<thead>\n<tr>\n<th class=\"wdtheader expand column-mfrpart sorting_disabled\" colspan=\"1\" rowspan=\"1\" data-class=\"expand\" aria-label=\" Mfr Par\u00e7a\">Mfr Par\u00e7a<\/th>\n<th class=\"wdtheader sort column-datasheet sorting\" tabindex=\"0\" colspan=\"1\" rowspan=\"1\" aria-controls=\"table_1\" aria-label=\" Datasheetundefined\">Veri Sayfas\u0131<\/th>\n<th class=\"wdtheader sort column-series sorting\" tabindex=\"0\" colspan=\"1\" rowspan=\"1\" aria-controls=\"table_1\" aria-label=\" Seriesundefined\">Seri<\/th>\n<th class=\"wdtheader sort column-manufacturer sorting\" tabindex=\"0\" colspan=\"1\" rowspan=\"1\" aria-controls=\"table_1\" aria-label=\" Manufacturerundefined\">\u00dcretici firma<\/th>\n<th class=\"wdtheader sort column-package sorting\" tabindex=\"0\" colspan=\"1\" rowspan=\"1\" aria-controls=\"table_1\" aria-label=\" Packageundefined\">Paket<\/th>\n<th class=\"wdtheader sort column-topology sorting\" tabindex=\"0\" colspan=\"1\" rowspan=\"1\" aria-controls=\"table_1\" aria-label=\" Topologyundefined\">Topoloji<\/th>\n<th class=\"wdtheader sort column-productstatus sorting\" tabindex=\"0\" colspan=\"1\" rowspan=\"1\" aria-controls=\"table_1\" aria-label=\" Product Statusundefined\">\u00dcr\u00fcn Durumu<\/th>\n<th class=\"wdtheader sort column-mountingtype sorting\" tabindex=\"0\" colspan=\"1\" rowspan=\"1\" aria-controls=\"table_1\" aria-label=\" Montaj T\u00fcr\u00fctan\u0131ms\u0131z\">Montaj Tipi<\/th>\n<th class=\"wdtheader sort column-switchingfrequency sorting\" tabindex=\"0\" colspan=\"1\" rowspan=\"1\" aria-controls=\"table_1\" aria-label=\" Switching Frequencyundefined\">Anahtarlama Frekans\u0131<\/th>\n<th class=\"wdtheader sort column-function sorting\" tabindex=\"0\" colspan=\"1\" rowspan=\"1\" aria-controls=\"table_1\" aria-label=\" Functionundefined\">Fonksiyon<\/th>\n<th class=\"wdtheader sort column-inputvoltage sorting\" tabindex=\"0\" colspan=\"1\" rowspan=\"1\" aria-controls=\"table_1\" aria-label=\" Input Voltageundefined\">Giri\u015f Gerilimi<\/th>\n<th class=\"wdtheader sort column-outputvoltage sorting\" tabindex=\"0\" colspan=\"1\" rowspan=\"1\" aria-controls=\"table_1\" aria-label=\" Output Voltageundefined\">\u00c7\u0131k\u0131\u015f Gerilimi<\/th>\n<th class=\"wdtheader sort column-numberofoutputs sorting\" tabindex=\"0\" colspan=\"1\" rowspan=\"1\" aria-controls=\"table_1\" aria-label=\" Number of Outputsundefined\">\u00c7\u0131kt\u0131 Say\u0131s\u0131<\/th>\n<th class=\"wdtheader sort column-operatingtemperature sorting\" tabindex=\"0\" colspan=\"1\" rowspan=\"1\" aria-controls=\"table_1\" aria-label=\" \u00c7al\u0131\u015fma S\u0131cakl\u0131\u011f\u0131tan\u0131mlanmam\u0131\u015f\">\u00c7al\u0131\u015fma S\u0131cakl\u0131\u011f\u0131<\/th>\n<th class=\"wdtheader sort column-outputtype sorting\" tabindex=\"0\" colspan=\"1\" rowspan=\"1\" aria-controls=\"table_1\" aria-label=\" Output Typeundefined\">\u00c7\u0131k\u0131\u015f Tipi<\/th>\n<th class=\"wdtheader sort column-outputcurrent sorting\" tabindex=\"0\" colspan=\"1\" rowspan=\"1\" aria-controls=\"table_1\" aria-label=\" Output Currentundefined\">\u00c7\u0131k\u0131\u015f Ak\u0131m\u0131<\/th>\n<\/tr>\n<\/thead>\n<tbody>\n<tr class=\"odd\">\n<td class=\"expand column-mfrpart\"><a href=\"https:\/\/www.lxbchip.com\/tr\/products\/lt3045idd\/\" target=\"_blank\" rel=\"noopener\">LT3045IDD<\/a><\/td>\n<td class=\"column-datasheet\"><a href=\"https:\/\/www.lxbchip.com\/wp-content\/uploads\/2026\/01\/LT3045IDD.pdf\" target=\"_blank\" rel=\"noopener\"><img decoding=\"async\" src=\"https:\/\/www.lxbchip.com\/wp-content\/uploads\/2025\/12\/icon-datasheet.svg\" alt=\"\" \/><\/a><\/td>\n<td class=\"column-series\">LT3045<\/td>\n<td class=\"column-manufacturer\">Analog Cihazlar<\/td>\n<td class=\"column-package\">DFN-10<\/td>\n<td class=\"column-topology\">LDO<\/td>\n<td class=\"column-productstatus\">Aktif<\/td>\n<td class=\"column-mountingtype\">Y\u00fczey Montaj\u0131<\/td>\n<td class=\"column-switchingfrequency\">N\/A<\/td>\n<td class=\"column-function\">D\u00fc\u015f\u00fck G\u00fcr\u00fclt\u00fcl\u00fc LDO Reg\u00fclat\u00f6r<\/td>\n<td class=\"column-inputvoltage\">1,8 V - 20 V<\/td>\n<td class=\"column-outputvoltage\">0 - 15 V<\/td>\n<td class=\"column-numberofoutputs\">1<\/td>\n<td class=\"column-operatingtemperature\">-40\u00b0C ila +125\u00b0C<\/td>\n<td class=\"column-outputtype\">Do\u011frusal<\/td>\n<td class=\"column-outputcurrent\">500 mA<\/td>\n<\/tr>\n<\/tbody>\n<\/table>","protected":false},"excerpt":{"rendered":"<p><strong>\u00dcretici firma:<\/strong> Analog Devices Inc.<br \/>\n<strong>Part:<\/strong> LT3045IDD<br \/>\n<strong>A\u00e7\u0131klama:<\/strong> Ultralow noise, high PSRR linear regulator with adjustable output and up to 500 mA output current.<br \/>\n<strong>Anahtar \u00d6zellikler:<\/strong> 1.8 V to 20 V input, 500 mA output, ultralow noise\/PSRR, programmable current limit, low dropout.<\/p>","protected":false},"featured_media":0,"template":"","meta":{"_acf_changed":false,"jetpack_publicize_message":"","jetpack_publicize_feature_enabled":true,"jetpack_social_post_already_shared":false,"jetpack_social_options":{"image_generator_settings":{"template":"highway","default_image_id":0,"font":"","enabled":false},"version":2}},"product_brand":[],"product_cat":[129],"product_tag":[],"class_list":{"0":"post-10442","1":"product","2":"type-product","3":"status-publish","5":"product_cat-adi","7":"first","8":"instock","9":"product-type-simple"},"acf":[],"aioseo_notices":[],"jetpack_publicize_connections":[],"_links":{"self":[{"href":"https:\/\/www.lxbchip.com\/tr\/wp-json\/wp\/v2\/product\/10442","targetHints":{"allow":["GET"]}}],"collection":[{"href":"https:\/\/www.lxbchip.com\/tr\/wp-json\/wp\/v2\/product"}],"about":[{"href":"https:\/\/www.lxbchip.com\/tr\/wp-json\/wp\/v2\/types\/product"}],"wp:attachment":[{"href":"https:\/\/www.lxbchip.com\/tr\/wp-json\/wp\/v2\/media?parent=10442"}],"wp:term":[{"taxonomy":"product_brand","embeddable":true,"href":"https:\/\/www.lxbchip.com\/tr\/wp-json\/wp\/v2\/product_brand?post=10442"},{"taxonomy":"product_cat","embeddable":true,"href":"https:\/\/www.lxbchip.com\/tr\/wp-json\/wp\/v2\/product_cat?post=10442"},{"taxonomy":"product_tag","embeddable":true,"href":"https:\/\/www.lxbchip.com\/tr\/wp-json\/wp\/v2\/product_tag?post=10442"}],"curies":[{"name":"wp","href":"https:\/\/api.w.org\/{rel}","templated":true}]}}