{"id":8559,"date":"2025-12-15T21:11:46","date_gmt":"2025-12-15T13:11:46","guid":{"rendered":"https:\/\/www.lxbchip.com\/?page_id=8559"},"modified":"2025-12-20T16:13:21","modified_gmt":"2025-12-20T08:13:21","slug":"sensors-for-transportation","status":"publish","type":"page","link":"https:\/\/www.lxbchip.com\/tr\/sensors-for-transportation\/","title":{"rendered":"Ula\u015f\u0131m i\u00e7in Sens\u00f6rler"},"content":{"rendered":"<div class=\"wpb-content-wrapper\"><div class=\"vc_row wpb_row vc_row-fluid vc_custom_1765779186129 wd-rs-693fa6ea5c73f\"><div class=\"wpb_column vc_column_container vc_col-sm-12 wd-rs-63514c8260958\"><div class=\"vc_column-inner vc_custom_1666272391679\"><div class=\"wpb_wrapper\">\n\t\t<div id=\"wd-69465a7d8bec2\" class=\"title-wrapper wd-wpb wd-set-mb reset-last-child  wd-rs-69465a7d8bec2 wd-title-color-default wd-title-style-default text-center  wd-underline-colored\">\n\t\t\t\n\t\t\t<div class=\"liner-continer\">\n\t\t\t\t<h4 class=\"woodmart-title-container title  wd-font-weight- wd-fontsize-m\" >Ula\u015f\u0131m i\u00e7in Sens\u00f6rler<\/h4>\n\t\t\t\t\t\t\t<\/div>\n\t\t\t\n\t\t\t\t\t\t\t<div class=\"title-after_title reset-last-child  wd-fontsize-xs\">Ba\u011flant\u0131l\u0131 Sistemler i\u00e7in G\u00fcvenilir Elektronik Bile\u015fenler ve Tedarik Zinciri Deste\u011fi.<\/div>\n\t\t\t\n\t\t\t\n\t\t<\/div>\n\t\t\n\t\t\t\t<div id=\"wd-6940e04c6fbb5\" class=\"wd-image wd-wpb wd-rs-6940e04c6fbb5 text-center\">\n\t\t\t\n\t\t\t<img loading=\"lazy\" decoding=\"async\" width=\"600\" height=\"343\" src=\"https:\/\/www.lxbchip.com\/wp-content\/uploads\/2025\/12\/speeding-carsi.jpg\" class=\"attachment-600x343 size-600x343\" alt=\"\" srcset=\"https:\/\/www.lxbchip.com\/wp-content\/uploads\/2025\/12\/speeding-carsi.jpg 600w, https:\/\/www.lxbchip.com\/wp-content\/uploads\/2025\/12\/speeding-carsi-150x86.jpg 150w, https:\/\/www.lxbchip.com\/wp-content\/uploads\/2025\/12\/speeding-carsi-300x172.jpg 300w, https:\/\/www.lxbchip.com\/wp-content\/uploads\/2025\/12\/speeding-carsi-18x10.jpg 18w\" sizes=\"auto, (max-width: 600px) 100vw, 600px\" \/>\n\t\t\t\t\t<\/div>\n\t\t\t\t<div id=\"wd-69465a97724e3\" class=\"wd-text-block wd-wpb reset-last-child wd-rs-69465a97724e3 text-center vc_custom_1766218398378\">\n\t\t\t<div class=\"flex flex-col text-sm @w-xl\/main:pt-header-height pb-25\">\n<article class=\"text-token-text-primary w-full focus:outline-none &#091;--shadow-height:45px&#093; has-data-writing-block:pointer-events-none has-data-writing-block:-mt-(--shadow-height) has-data-writing-block:pt-(--shadow-height) &#091;&amp;:has(&#091;data-writing-block&#093;)&gt;*&#093;:pointer-events-auto scroll-mt-&#091;calc(var(--header-height)+min(200px,max(70px,20svh)))&#093;\" dir=\"auto\" tabindex=\"-1\" data-turn-id=\"request-WEB:4df86dff-3bf5-4179-906a-0ffa94fce0a2-4\" data-testid=\"conversation-turn-10\" data-scroll-anchor=\"true\" data-turn=\"assistant\">\n<div class=\"text-base my-auto mx-auto pb-10 &#091;--thread-content-margin:--spacing(4)&#093; @w-sm\/main:&#091;--thread-content-margin:--spacing(6)&#093; @w-lg\/main:&#091;--thread-content-margin:--spacing(16)&#093; px-(--thread-content-margin)\">\n<div class=\"&#091;--thread-content-max-width:40rem&#093; @w-lg\/main:&#091;--thread-content-max-width:48rem&#093; mx-auto max-w-(--thread-content-max-width) flex-1 group\/turn-messages focus-visible:outline-hidden relative flex w-full min-w-0 flex-col agent-turn\" tabindex=\"-1\">\n<div class=\"flex max-w-full flex-col grow\">\n<div class=\"min-h-8 text-message relative flex w-full flex-col items-end gap-2 text-start break-words whitespace-normal &#091;.text-message+&amp;&#093;:mt-1\" dir=\"auto\" data-message-author-role=\"assistant\" data-message-id=\"27b267f3-ab48-4550-8cfe-e692a4c37bff\" data-message-model-slug=\"gpt-5-2\">\n<div class=\"flex w-full flex-col gap-1 empty:hidden first:pt-&#091;1px&#093;\">\n<div class=\"markdown prose dark:prose-invert w-full break-words light markdown-new-styling\">\n<p data-start=\"345\" data-end=\"772\">Geli\u015fmi\u015f S\u00fcr\u00fcc\u00fc Destek Sistemleri (ADAS) ve otonom s\u00fcr\u00fc\u015f teknolojileri olgunla\u015fmaya devam ettik\u00e7e, modern ara\u00e7lar g\u00fcvenlik, navigasyon ve ger\u00e7ek zamanl\u0131 karar vermeyi desteklemek i\u00e7in hassas, g\u00fcvenilir sens\u00f6r mimarilerine giderek daha fazla g\u00fcveniyor. K\u0131sa menzilli engel tespitinden uzun mesafeli \u00e7evresel fark\u0131ndal\u0131\u011fa kadar, sens\u00f6r performans\u0131 sistem g\u00fcvenilirli\u011fini ve ara\u00e7 g\u00fcvenli\u011fini do\u011frudan etkiler.<\/p>\n<p data-start=\"345\" data-end=\"772\">2008 y\u0131l\u0131nda kurulmu\u015ftur, <span style=\"color: #000000;\"><strong>Shenzhen Lianxinbang (LXB Semicon) Technology Co, Ltd.<\/strong><\/span> otomotiv ve ula\u015f\u0131m sens\u00f6r platformlar\u0131n\u0131 y\u00fcksek g\u00fcvenilirli\u011fe sahip yar\u0131 iletken \u00e7\u00f6z\u00fcmleri ve istikrarl\u0131 k\u00fcresel tedarik yetenekleriyle destekleme konusunda uzun vadeli uzmanl\u0131k geli\u015ftirmi\u015ftir. Ekibimiz, erken tasar\u0131m do\u011frulamas\u0131ndan seri \u00fcretime kadar bile\u015fen s\u00fcreklili\u011fini sa\u011flamak i\u00e7in Tier-1 tedarik\u00e7ileri, sistem entegrat\u00f6rleri ve OEM ortaklar\u0131yla yak\u0131n i\u015fbirli\u011fi i\u00e7inde \u00e7al\u0131\u015fmaktad\u0131r.<\/p>\n<\/div>\n<\/div>\n<\/div>\n<\/div>\n<div class=\"mt-3 w-full empty:hidden\">\n<div class=\"text-center\"><\/div>\n<\/div>\n<\/div>\n<\/div>\n<\/article>\n<\/div>\n<div class=\"pointer-events-none h-px w-px absolute bottom-0\" aria-hidden=\"true\" data-edge=\"true\"><\/div>\n\t\t<\/div>\n\t\t<\/div><\/div><\/div><\/div><div class=\"vc_row wpb_row vc_row-fluid vc_custom_1666272691679 wd-rs-63514da96d73a\"><div class=\"wpb_column vc_column_container vc_col-sm-12 wd-rs-6940e086d597f\"><div class=\"vc_column-inner vc_custom_1765859512858\"><div class=\"wpb_wrapper\">\n\t\t<div id=\"wd-6940e07c1512c\" class=\"title-wrapper wd-wpb wd-set-mb reset-last-child  wd-rs-6940e07c1512c wd-title-color-default wd-title-style-default text-left vc_custom_1765859567734 wd-underline-colored\">\n\t\t\t\n\t\t\t<div class=\"liner-continer\">\n\t\t\t\t<h4 class=\"woodmart-title-container title  wd-font-weight- wd-fontsize-m\" >Mesafe ve Konumland\u0131rma Sens\u00f6r\u00fc Uygulamalar\u0131<\/h4>\n\t\t\t\t\t\t\t<\/div>\n\t\t\t\n\t\t\t\n\t\t\t\n\t\t<\/div>\n\t\t\n\t\t\t\t<div id=\"wd-6940e0dcb6159\" class=\"wd-text-block wd-wpb reset-last-child wd-rs-6940e0dcb6159 text-left vc_custom_1765859586844\">\n\t\t\t<p>Ula\u015f\u0131m sistemlerinde, yedeklilik ve do\u011fruluk elde etmek i\u00e7in genellikle birden fazla sens\u00f6r teknolojisi birlikte kullan\u0131l\u0131r:<\/p>\n\t\t<\/div>\n\t\t\t\t\t<div id=\"carousel-619\" class=\"wd-carousel-container info-box-carousel-wrapper wd-wpb  vc_custom_1765778087335 wd-rs-693fa295581c3\">\n\t\t\t\t<div class=\"wd-carousel-inner\">\n\t\t\t\t\t<div class=\"wd-carousel wd-grid info-box-carousel\" data-scroll_per_page=\"yes\" style=\"--wd-col-lg:4;--wd-col-md:4;--wd-col-sm:1;--wd-gap-lg:10px;\">\n\t\t\t\t\t\t<div class=\"wd-carousel-wrap\">\n\t\t\t\t\t\t\t\t\t\t<div class=\"info-box-wrapper wd-carousel-item\">\n\t\t\t\t<div id=\"wd-6940e10ff3e44\" class=\"wd-rs-6940e10ff3e44 wd-info-box wd-wpb text-center box-icon-align-top box-style- color-scheme- wd-bg-none vc_custom_1765859621156\">\n\t\t\t\t\t\t\t\t\t\t\t<div class=\"box-icon-wrapper  box-with-icon box-icon-simple\">\n\t\t\t\t\t\t\t<div class=\"info-box-icon\">\n\n\t\t\t\t\t\t\t\n\t\t\t\t\t\t\t\t\t\t\t\t\t\t\t\t\t<div class=\"info-svg-wrapper\" style=\"width: 64px;height: 64px;\"><img decoding=\"async\"  src=\"https:\/\/www.lxbchip.com\/wp-content\/themes\/woodmart\/images\/lazy.svg\" data-src=\"https:\/\/www.lxbchip.com\/wp-content\/uploads\/2025\/12\/logitech-g735-icon-1-1.svg\" loading=\"lazy\" width=\"64\" height=\"64\"><\/div>\t\t\t\t\t\t\t\t\t\t\t\t\t\t\t\n\t\t\t\t\t\t\t<\/div>\n\t\t\t\t\t\t<\/div>\n\t\t\t\t\t\t\t\t\t\t<div class=\"info-box-content\">\n\t\t\t\t\t\t<h4 class=\"info-box-title title box-title-style-default wd-fontsize-m\">Radar Sens\u00f6rleri<\/h4>\t\t\t\t\t\t<div class=\"info-box-inner reset-last-child\"><p>Radar mod\u00fclleri, arac\u0131n \u00f6n\u00fcndeki ve etraf\u0131ndaki ara\u00e7lar\u0131, yayalar\u0131 ve engelleri tespit etmek i\u00e7in radyo frekans\u0131 sinyallerini kullan\u0131r. Olumsuz hava ko\u015fullar\u0131ndaki g\u00fc\u00e7l\u00fc performanslar\u0131 nedeniyle adaptif h\u0131z sabitleyici, k\u00f6r nokta alg\u0131lama ve \u00e7arp\u0131\u015fma uyar\u0131 sistemlerinde yayg\u0131n olarak kullan\u0131l\u0131rlar.<\/p>\n<\/div>\n\n\t\t\t\t\t\t\t\t\t\t\t<\/div>\n\n\t\t\t\t\t\n\t\t\t\t\t\t\t\t\t<\/div>\n\t\t\t<\/div>\n\t\t\t\t\t<div class=\"info-box-wrapper wd-carousel-item\">\n\t\t\t\t<div id=\"wd-6940e12a0dd30\" class=\"wd-rs-6940e12a0dd30 wd-info-box wd-wpb text-center box-icon-align-top box-style- color-scheme- wd-bg-none vc_custom_1765859642858\">\n\t\t\t\t\t\t\t\t\t\t\t<div class=\"box-icon-wrapper  box-with-icon box-icon-simple\">\n\t\t\t\t\t\t\t<div class=\"info-box-icon\">\n\n\t\t\t\t\t\t\t\n\t\t\t\t\t\t\t\t\t\t\t\t\t\t\t\t\t<div class=\"info-svg-wrapper\" style=\"width: 64px;height: 64px;\"><img decoding=\"async\"  src=\"https:\/\/www.lxbchip.com\/wp-content\/themes\/woodmart\/images\/lazy.svg\" data-src=\"https:\/\/www.lxbchip.com\/wp-content\/uploads\/2025\/12\/logitech-g735-icon-2-1.svg\" loading=\"lazy\" width=\"64\" height=\"64\"><\/div>\t\t\t\t\t\t\t\t\t\t\t\t\t\t\t\n\t\t\t\t\t\t\t<\/div>\n\t\t\t\t\t\t<\/div>\n\t\t\t\t\t\t\t\t\t\t<div class=\"info-box-content\">\n\t\t\t\t\t\t<h4 class=\"info-box-title title box-title-style-default wd-fontsize-m\">LiDAR Sens\u00f6rleri<\/h4>\t\t\t\t\t\t<div class=\"info-box-inner reset-last-child\"><p>LiDAR sistemleri lazer darbeleri g\u00f6ndererek ve yans\u0131yan \u0131\u015f\u0131\u011f\u0131 analiz ederek mesafeyi \u00f6l\u00e7er. Y\u00fcksek \u00e7\u00f6z\u00fcn\u00fcrl\u00fckl\u00fc 3D haritalama sa\u011flarlar ve nesne tan\u0131ma ve hassas \u00e7evresel modelleme i\u00e7in otonom s\u00fcr\u00fc\u015f platformlar\u0131nda gereklidirler.<\/p>\n<\/div>\n\n\t\t\t\t\t\t\t\t\t\t\t<\/div>\n\n\t\t\t\t\t\n\t\t\t\t\t\t\t\t\t<\/div>\n\t\t\t<\/div>\n\t\t\t\t\t<div class=\"info-box-wrapper wd-carousel-item\">\n\t\t\t\t<div id=\"wd-6940e140d5e59\" class=\"wd-rs-6940e140d5e59 wd-info-box wd-wpb text-center box-icon-align-top box-style- color-scheme- wd-bg-none vc_custom_1765859668797\">\n\t\t\t\t\t\t\t\t\t\t\t<div class=\"box-icon-wrapper  box-with-icon box-icon-simple\">\n\t\t\t\t\t\t\t<div class=\"info-box-icon\">\n\n\t\t\t\t\t\t\t\n\t\t\t\t\t\t\t\t\t\t\t\t\t\t\t\t\t<div class=\"info-svg-wrapper\" style=\"width: 64px;height: 64px;\"><img decoding=\"async\"  src=\"https:\/\/www.lxbchip.com\/wp-content\/themes\/woodmart\/images\/lazy.svg\" data-src=\"https:\/\/www.lxbchip.com\/wp-content\/uploads\/2025\/12\/logitech-g735-icon-3-1.svg\" loading=\"lazy\" width=\"64\" height=\"64\"><\/div>\t\t\t\t\t\t\t\t\t\t\t\t\t\t\t\n\t\t\t\t\t\t\t<\/div>\n\t\t\t\t\t\t<\/div>\n\t\t\t\t\t\t\t\t\t\t<div class=\"info-box-content\">\n\t\t\t\t\t\t<h4 class=\"info-box-title title box-title-style-default wd-fontsize-m\">Ultrasonik Sens\u00f6rler<\/h4>\t\t\t\t\t\t<div class=\"info-box-inner reset-last-child\"><p>Ultrasonik sens\u00f6rler genellikle park yard\u0131m\u0131, d\u00fc\u015f\u00fck h\u0131zda \u00e7arp\u0131\u015fmadan ka\u00e7\u0131nma ve otomatik park sistemleri gibi k\u0131sa menzilli alg\u0131lama senaryolar\u0131nda uygulan\u0131r. G\u00fcvenilirlikleri ve maliyet verimlilikleri, onlar\u0131 yak\u0131n alan alg\u0131lama i\u00e7in standart bir \u00e7\u00f6z\u00fcm haline getirmektedir.<\/p>\n<\/div>\n\n\t\t\t\t\t\t\t\t\t\t\t<\/div>\n\n\t\t\t\t\t\n\t\t\t\t\t\t\t\t\t<\/div>\n\t\t\t<\/div>\n\t\t\t\t\t<div class=\"info-box-wrapper wd-carousel-item\">\n\t\t\t\t<div id=\"wd-6940e158e2704\" class=\"wd-rs-6940e158e2704 wd-info-box wd-wpb text-center box-icon-align-top box-style- color-scheme- wd-bg-none vc_custom_1765859687413\">\n\t\t\t\t\t\t\t\t\t\t\t<div class=\"box-icon-wrapper  box-with-icon box-icon-simple\">\n\t\t\t\t\t\t\t<div class=\"info-box-icon\">\n\n\t\t\t\t\t\t\t\n\t\t\t\t\t\t\t\t\t\t\t\t\t\t\t\t\t<div class=\"info-svg-wrapper\" style=\"width: 64px;height: 64px;\"><img decoding=\"async\"  src=\"https:\/\/www.lxbchip.com\/wp-content\/themes\/woodmart\/images\/lazy.svg\" data-src=\"https:\/\/www.lxbchip.com\/wp-content\/uploads\/2025\/12\/logitech-g735-icon-3-1.svg\" loading=\"lazy\" width=\"64\" height=\"64\"><\/div>\t\t\t\t\t\t\t\t\t\t\t\t\t\t\t\n\t\t\t\t\t\t\t<\/div>\n\t\t\t\t\t\t<\/div>\n\t\t\t\t\t\t\t\t\t\t<div class=\"info-box-content\">\n\t\t\t\t\t\t<h4 class=\"info-box-title title box-title-style-default wd-fontsize-m\">GPS ve Konumland\u0131rma Mod\u00fclleri<\/h4>\t\t\t\t\t\t<div class=\"info-box-inner reset-last-child\"><p>GPS teknolojisi do\u011fru ara\u00e7 konumland\u0131rma sa\u011flar ve navigasyon, filo y\u00f6netimi ve geli\u015fmi\u015f s\u00fcr\u00fcc\u00fc yard\u0131m \u00f6zelliklerini destekler. Ataletsel sens\u00f6rlerle birle\u015ftirildi\u011finde, kentsel ve dinamik ortamlarda konumland\u0131rma do\u011frulu\u011funu art\u0131r\u0131r.<\/p>\n<\/div>\n\n\t\t\t\t\t\t\t\t\t\t\t<\/div>\n\n\t\t\t\t\t\n\t\t\t\t\t\t\t\t\t<\/div>\n\t\t\t<\/div>\n\t\t\t\t\t\t\t\t<\/div>\n\t\t\t\t\t<\/div>\n\n\t\t\t\t\t\t\t\t\t\t\t\t\t<div class=\"wd-nav-arrows wd-pos-sep wd-hover-1 wd-icon-1\">\n\t\t\t<div class=\"wd-btn-arrow wd-prev wd-disabled\">\n\t\t\t\t<div class=\"wd-arrow-inner\"><\/div>\n\t\t\t<\/div>\n\t\t\t<div class=\"wd-btn-arrow wd-next\">\n\t\t\t\t<div class=\"wd-arrow-inner\"><\/div>\n\t\t\t<\/div>\n\t\t<\/div>\n\t\t\t\t\t\t\t\t\t\t\t<\/div>\n\n\t\t\t\t\t\t\t\t\t\t\t<\/div>\n\t\t<\/div><\/div><\/div><\/div><div class=\"vc_row wpb_row vc_row-fluid wd-rs-6377819b27d07\"><div class=\"wpb_column vc_column_container vc_col-sm-12 wd-rs-63514db6c5d19\"><div class=\"vc_column-inner vc_custom_1666272699823\"><div class=\"wpb_wrapper\">\n\t\t<div id=\"wd-6940e183a0c82\" class=\"title-wrapper wd-wpb wd-set-mb reset-last-child  wd-rs-6940e183a0c82 wd-title-color-default wd-title-style-default text-left vc_custom_1765859727085 wd-underline-colored\">\n\t\t\t\n\t\t\t<div class=\"liner-continer\">\n\t\t\t\t<h4 class=\"woodmart-title-container title  wd-font-weight- wd-fontsize-m\" >Sens\u00f6r Platformlar\u0131 i\u00e7in Yar\u0131 \u0130letken Deste\u011fi<\/h4>\n\t\t\t\t\t\t\t<\/div>\n\t\t\t\n\t\t\t\n\t\t\t\n\t\t<\/div>\n\t\t\n\t\t\t\t<div id=\"wd-6940e1be112a5\" class=\"wd-text-block wd-wpb reset-last-child wd-rs-6940e1be112a5 text-left\">\n\t\t\t<article class=\"text-token-text-primary w-full focus:outline-none &#091;--shadow-height:45px&#093; has-data-writing-block:pointer-events-none has-data-writing-block:-mt-(--shadow-height) has-data-writing-block:pt-(--shadow-height) &#091;&amp;:has(&#091;data-writing-block&#093;)&gt;*&#093;:pointer-events-auto scroll-mt-&#091;calc(var(--header-height)+min(200px,max(70px,20svh)))&#093;\" dir=\"auto\" tabindex=\"-1\" data-turn-id=\"ef837c3d-8107-4690-90a2-851d8ff66c7a\" data-testid=\"conversation-turn-2\" data-scroll-anchor=\"false\" data-turn=\"assistant\">\n<div class=\"text-base my-auto mx-auto &#091;--thread-content-margin:--spacing(4)&#093; @w-sm\/main:&#091;--thread-content-margin:--spacing(6)&#093; @w-lg\/main:&#091;--thread-content-margin:--spacing(16)&#093; px-(--thread-content-margin)\">\n<div class=\"&#091;--thread-content-max-width:40rem&#093; @w-lg\/main:&#091;--thread-content-max-width:48rem&#093; mx-auto max-w-(--thread-content-max-width) flex-1 group\/turn-messages focus-visible:outline-hidden relative flex w-full min-w-0 flex-col agent-turn\" tabindex=\"-1\">\n<div class=\"flex max-w-full flex-col grow\">\n<div class=\"min-h-8 text-message relative flex w-full flex-col items-end gap-2 text-start break-words whitespace-normal &#091;.text-message+&amp;&#093;:mt-1\" dir=\"auto\" data-message-author-role=\"assistant\" data-message-id=\"0d859a0e-b370-4790-8c61-0426cb3e22ec\" data-message-model-slug=\"gpt-5-2\">\n<div class=\"flex w-full flex-col gap-1 empty:hidden first:pt-&#091;1px&#093;\">\n<div class=\"markdown prose dark:prose-invert w-full break-words light markdown-new-styling\">\n<p data-start=\"0\" data-end=\"463\" data-is-last-node=\"\" data-is-only-node=\"\">LXB Semicon, sens\u00f6r sinyal i\u015fleme, g\u00fc\u00e7 y\u00f6netimi ve ileti\u015fim i\u00e7in \u00e7ok \u00e7e\u015fitli otomotiv s\u0131n\u0131f\u0131 IC'ler ve destekleyici bile\u015fenler tedarik etmektedir. <strong>Xilinx, ADI, Intel (Altera), TI, NXP, Infineon, Microchip, ON Semiconductor, Nexperia ve Vishay<\/strong>. T\u00fcm bile\u015fenler, izlenebilirlik, uyumluluk belgeleri ve ya\u015fam d\u00f6ng\u00fcs\u00fc durum do\u011frulamas\u0131 ile kontroll\u00fc kanallar arac\u0131l\u0131\u011f\u0131yla tedarik edilir.<\/p>\n<p class=\"isSelectedEnd\">Hizmetlerimiz \u015funlar\u0131 i\u00e7erir:<\/p>\n<ul data-spread=\"false\">\n<li>\n<p class=\"isSelectedEnd\">Otomotiv ve end\u00fcstriyel s\u0131n\u0131f bile\u015fen se\u00e7imi<\/p>\n<\/li>\n<li>\n<p class=\"isSelectedEnd\">Design-in ve BOM risk de\u011ferlendirmesi<\/p>\n<\/li>\n<li>\n<p class=\"isSelectedEnd\">Uzun vadeli tedarik planlamas\u0131 ve EOL y\u00f6netimi<\/p>\n<\/li>\n<li>Prototip, pilot \u00e7al\u0131\u015fmalar ve seri \u00fcretim i\u00e7in destek<\/li>\n<\/ul>\n<\/div>\n<\/div>\n<\/div>\n<\/div>\n<\/div>\n<\/div>\n<\/article>\n<article class=\"text-token-text-primary w-full focus:outline-none &#091;--shadow-height:45px&#093; has-data-writing-block:pointer-events-none has-data-writing-block:-mt-(--shadow-height) has-data-writing-block:pt-(--shadow-height) &#091;&amp;:has(&#091;data-writing-block&#093;)&gt;*&#093;:pointer-events-auto scroll-mt-(--header-height)\" dir=\"auto\" tabindex=\"-1\" data-turn-id=\"667e5748-dcd9-406a-8a29-e58d6677d5ab\" data-testid=\"conversation-turn-3\" data-scroll-anchor=\"false\" data-turn=\"user\"><\/article>\n<p>\u00a0<\/p>\n\t\t<\/div>\n\t\t\t\t<div id=\"wd-6940e45c60e55\" class=\"wd-image wd-wpb wd-rs-6940e45c60e55 text-center vc_custom_1765860456204\">\n\t\t\t\n\t\t\t<img loading=\"lazy\" decoding=\"async\" width=\"600\" height=\"480\" src=\"https:\/\/www.lxbchip.com\/wp-content\/uploads\/2025\/12\/chip-circuit.jpg\" class=\"attachment-600x480 size-600x480\" alt=\"\" srcset=\"https:\/\/www.lxbchip.com\/wp-content\/uploads\/2025\/12\/chip-circuit.jpg 600w, https:\/\/www.lxbchip.com\/wp-content\/uploads\/2025\/12\/chip-circuit-150x120.jpg 150w, https:\/\/www.lxbchip.com\/wp-content\/uploads\/2025\/12\/chip-circuit-300x240.jpg 300w, https:\/\/www.lxbchip.com\/wp-content\/uploads\/2025\/12\/chip-circuit-15x12.jpg 15w\" sizes=\"auto, (max-width: 600px) 100vw, 600px\" \/>\n\t\t\t\t\t<\/div>\n\t\t\n\t\t<div id=\"wd-6940e1b30be17\" class=\"title-wrapper wd-wpb wd-set-mb reset-last-child  wd-rs-6940e1b30be17 wd-title-color-default wd-title-style-default text-left vc_custom_1765859807468 wd-underline-colored\">\n\t\t\t\n\t\t\t<div class=\"liner-continer\">\n\t\t\t\t<h4 class=\"woodmart-title-container title  wd-font-weight- wd-fontsize-m\" >Ula\u015f\u0131m Elektroni\u011fi i\u00e7in G\u00fcvenilir Ortak<\/h4>\n\t\t\t\t\t\t\t<\/div>\n\t\t\t\n\t\t\t\n\t\t\t\n\t\t<\/div>\n\t\t\n\t\t\t\t<div id=\"wd-6940e21cf1184\" class=\"wd-text-block wd-wpb reset-last-child wd-rs-6940e21cf1184 text-left vc_custom_1765860365793\">\n\t\t\t<p>15 y\u0131l\u0131 a\u015fk\u0131n sekt\u00f6r deneyimi, \u00f6zel bir kalite denetim s\u00fcreci ve profesyonel bir sat\u0131\u015f ve tedarik ekibi ile LXB Semicon, m\u00fc\u015fterilerin kaynak risklerini azaltmalar\u0131na ve h\u0131zla geli\u015fen ula\u015f\u0131m pazarlar\u0131nda istikrarl\u0131 \u00fcretimi s\u00fcrd\u00fcrmelerine yard\u0131mc\u0131 olur. \u0130ster ADAS sens\u00f6r mod\u00fcllerini ister yeni nesil otonom platformlar\u0131 destekliyor olal\u0131m, m\u00fc\u015fterilerimizin pazara daha g\u00fcvenli ve daha ak\u0131ll\u0131 ara\u00e7lar sunabilmeleri i\u00e7in g\u00fcvenilirlik, s\u00fcreklilik ve m\u00fchendislik g\u00fcvenine odaklan\u0131yoruz.<\/p>\n\t\t<\/div>\n\t\t<\/div><\/div><\/div><\/div>\n<\/div>","protected":false},"excerpt":{"rendered":"Sensors for Transportation Trusted Electronic Components and Supply Chain Support for Connected Systems. As Advanced Driver Assistance Systems (ADAS) and","protected":false},"author":1,"featured_media":0,"parent":0,"menu_order":0,"comment_status":"closed","ping_status":"closed","template":"","meta":{"_acf_changed":false,"footnotes":""},"class_list":["post-8559","page","type-page","status-publish","hentry"],"acf":[],"aioseo_notices":[],"_links":{"self":[{"href":"https:\/\/www.lxbchip.com\/tr\/wp-json\/wp\/v2\/pages\/8559","targetHints":{"allow":["GET"]}}],"collection":[{"href":"https:\/\/www.lxbchip.com\/tr\/wp-json\/wp\/v2\/pages"}],"about":[{"href":"https:\/\/www.lxbchip.com\/tr\/wp-json\/wp\/v2\/types\/page"}],"author":[{"embeddable":true,"href":"https:\/\/www.lxbchip.com\/tr\/wp-json\/wp\/v2\/users\/1"}],"replies":[{"embeddable":true,"href":"https:\/\/www.lxbchip.com\/tr\/wp-json\/wp\/v2\/comments?post=8559"}],"version-history":[{"count":15,"href":"https:\/\/www.lxbchip.com\/tr\/wp-json\/wp\/v2\/pages\/8559\/revisions"}],"predecessor-version":[{"id":8805,"href":"https:\/\/www.lxbchip.com\/tr\/wp-json\/wp\/v2\/pages\/8559\/revisions\/8805"}],"wp:attachment":[{"href":"https:\/\/www.lxbchip.com\/tr\/wp-json\/wp\/v2\/media?parent=8559"}],"curies":[{"name":"wp","href":"https:\/\/api.w.org\/{rel}","templated":true}]}}