{"id":8552,"date":"2025-12-15T20:57:54","date_gmt":"2025-12-15T12:57:54","guid":{"rendered":"https:\/\/www.lxbchip.com\/?page_id=8552"},"modified":"2025-12-20T15:50:33","modified_gmt":"2025-12-20T07:50:33","slug":"ev-chargers","status":"publish","type":"page","link":"https:\/\/www.lxbchip.com\/tr\/ev-chargers\/","title":{"rendered":"Elektrikli Ara\u00e7 \u015earj Cihazlar\u0131"},"content":{"rendered":"<div class=\"wpb-content-wrapper\"><div class=\"vc_row wpb_row vc_row-fluid vc_custom_1765779186129 wd-rs-693fa6ea5c73f\"><div class=\"wpb_column vc_column_container vc_col-sm-12 wd-rs-63514c8260958\"><div class=\"vc_column-inner vc_custom_1666272391679\"><div class=\"wpb_wrapper\">\n\t\t<div id=\"wd-69465527f0514\" class=\"title-wrapper wd-wpb wd-set-mb reset-last-child  wd-rs-69465527f0514 wd-title-color-default wd-title-style-default text-center  wd-underline-colored\">\n\t\t\t\n\t\t\t<div class=\"liner-continer\">\n\t\t\t\t<h4 class=\"woodmart-title-container title  wd-font-weight- wd-fontsize-m\" >Ula\u015f\u0131m ve Otomotiv i\u00e7in EV \u015earj Cihaz\u0131 Elektronik \u00c7\u00f6z\u00fcmleri<\/h4>\n\t\t\t\t\t\t\t<\/div>\n\t\t\t\n\t\t\t\t\t\t\t<div class=\"title-after_title reset-last-child  wd-fontsize-xs\">Elektrikli ara\u00e7 \u015farj altyap\u0131s\u0131 elektroni\u011fi, otomotiv ve ula\u015f\u0131m sistemi geli\u015ftiricileri i\u00e7in temel bir odak noktas\u0131 haline gelmi\u015ftir. Konut tipi AC \u015farj cihazlar\u0131ndan y\u00fcksek g\u00fc\u00e7l\u00fc DC h\u0131zl\u0131 \u015farj istasyonlar\u0131na kadar, g\u00fcvenilir elektronik bile\u015fenler g\u00fcvenlik, verimlilik ve uzun vadeli operasyonel istikrar sa\u011flamak i\u00e7in kritik \u00f6neme sahiptir.<\/div>\n\t\t\t\n\t\t\t\n\t\t<\/div>\n\t\t\n\t\t\t\t<div id=\"wd-6940cb76dc578\" class=\"wd-image wd-wpb wd-rs-6940cb76dc578 text-center\">\n\t\t\t\n\t\t\t<img loading=\"lazy\" decoding=\"async\" width=\"600\" height=\"338\" src=\"https:\/\/www.lxbchip.com\/wp-content\/uploads\/2025\/12\/electric-vehicle-charger.jpg\" class=\"attachment-600x338 size-600x338\" alt=\"\" srcset=\"https:\/\/www.lxbchip.com\/wp-content\/uploads\/2025\/12\/electric-vehicle-charger.jpg 600w, https:\/\/www.lxbchip.com\/wp-content\/uploads\/2025\/12\/electric-vehicle-charger-150x85.jpg 150w, https:\/\/www.lxbchip.com\/wp-content\/uploads\/2025\/12\/electric-vehicle-charger-300x169.jpg 300w, https:\/\/www.lxbchip.com\/wp-content\/uploads\/2025\/12\/electric-vehicle-charger-18x10.jpg 18w\" sizes=\"auto, (max-width: 600px) 100vw, 600px\" \/>\n\t\t\t\t\t<\/div>\n\t\t\t\t<div id=\"wd-6940b62286d7f\" class=\"wd-text-block wd-wpb reset-last-child wd-rs-6940b62286d7f text-center vc_custom_1765849251446\">\n\t\t\t<div class=\"flex flex-col text-sm @w-xl\/main:pt-header-height pb-25\">\n<article class=\"text-token-text-primary w-full focus:outline-none &#091;--shadow-height:45px&#093; has-data-writing-block:pointer-events-none has-data-writing-block:-mt-(--shadow-height) has-data-writing-block:pt-(--shadow-height) &#091;&amp;:has(&#091;data-writing-block&#093;)&gt;*&#093;:pointer-events-auto scroll-mt-&#091;calc(var(--header-height)+min(200px,max(70px,20svh)))&#093;\" dir=\"auto\" tabindex=\"-1\" data-turn-id=\"request-WEB:4df86dff-3bf5-4179-906a-0ffa94fce0a2-4\" data-testid=\"conversation-turn-10\" data-scroll-anchor=\"true\" data-turn=\"assistant\">\n<div class=\"text-base my-auto mx-auto pb-10 &#091;--thread-content-margin:--spacing(4)&#093; @w-sm\/main:&#091;--thread-content-margin:--spacing(6)&#093; @w-lg\/main:&#091;--thread-content-margin:--spacing(16)&#093; px-(--thread-content-margin)\">\n<div class=\"&#091;--thread-content-max-width:40rem&#093; @w-lg\/main:&#091;--thread-content-max-width:48rem&#093; mx-auto max-w-(--thread-content-max-width) flex-1 group\/turn-messages focus-visible:outline-hidden relative flex w-full min-w-0 flex-col agent-turn\" tabindex=\"-1\">\n<div class=\"flex max-w-full flex-col grow\">\n<div class=\"min-h-8 text-message relative flex w-full flex-col items-end gap-2 text-start break-words whitespace-normal &#091;.text-message+&amp;&#093;:mt-1\" dir=\"auto\" data-message-author-role=\"assistant\" data-message-id=\"27b267f3-ab48-4550-8cfe-e692a4c37bff\" data-message-model-slug=\"gpt-5-2\">\n<div class=\"flex w-full flex-col gap-1 empty:hidden first:pt-&#091;1px&#093;\">\n<div class=\"markdown prose dark:prose-invert w-full break-words light markdown-new-styling\">\n<p data-start=\"345\" data-end=\"772\">Shenzhen Lianxinbang (LXB Semicon) Technology Co, Ltd, 2008 y\u0131l\u0131nda kurulan, d\u00fcnya \u00e7ap\u0131nda EV \u015farj cihaz\u0131 \u00fcreticileri, otomotiv OEM'leri ve EMS sa\u011flay\u0131c\u0131lar\u0131 i\u00e7in profesyonel elektronik bile\u015fen tedarik \u00e7\u00f6z\u00fcmleri sunmaktad\u0131r. 15 y\u0131l\u0131 a\u015fk\u0131n sekt\u00f6r deneyimimizle, istikrarl\u0131 tedarik, s\u0131k\u0131 kalite kontrol ve tam izlenebilirlik ile EV \u015farj sistemi geli\u015ftirmeyi destekliyoruz.<\/p>\n<\/div>\n<\/div>\n<\/div>\n<\/div>\n<div class=\"mt-3 w-full empty:hidden\">\n<div class=\"text-center\"><\/div>\n<\/div>\n<\/div>\n<\/div>\n<\/article>\n<\/div>\n<div class=\"pointer-events-none h-px w-px absolute bottom-0\" aria-hidden=\"true\" data-edge=\"true\"><\/div>\n\t\t<\/div>\n\t\t<\/div><\/div><\/div><\/div><div class=\"vc_row wpb_row vc_row-fluid vc_custom_1666272691679 wd-rs-63514da96d73a\"><div class=\"wpb_column vc_column_container vc_col-sm-12 wd-rs-63514c870daab\"><div class=\"vc_column-inner vc_custom_1666272395956\"><div class=\"wpb_wrapper\">\n\t\t<div id=\"wd-6940b8cc4b8dd\" class=\"title-wrapper wd-wpb wd-set-mb reset-last-child  wd-rs-6940b8cc4b8dd wd-title-color-default wd-title-style-default text-left vc_custom_1765849296058 wd-underline-colored\">\n\t\t\t\n\t\t\t<div class=\"liner-continer\">\n\t\t\t\t<h4 class=\"woodmart-title-container title  wd-font-weight- wd-fontsize-m\" >Elektrikli Ara\u00e7 \u015earj Cihaz\u0131 Tipleri ve Elektronik Gereksinimleri<\/h4>\n\t\t\t\t\t\t\t<\/div>\n\t\t\t\n\t\t\t\n\t\t\t\n\t\t<\/div>\n\t\t\n\t\t\t\t<div id=\"wd-6940b8fec56fc\" class=\"wd-text-block wd-wpb reset-last-child wd-rs-6940b8fec56fc text-left vc_custom_1765849442276\">\n\t\t\t<p>Elektrikli ara\u00e7 \u015farj istasyonlar\u0131 genellikle Seviye 1, Seviye 2 ve DC H\u0131zl\u0131 \u015earj olarak kategorize edilir. Her kategori farkl\u0131 elektronik mimariler ve bile\u015fen performans seviyeleri gerektirir.<\/p>\n<p>Seviye 1 EV \u015farj cihazlar\u0131 standart 110V-120V AC giri\u015fi kullanarak \u00e7al\u0131\u015f\u0131r ve tipik olarak konut ortamlar\u0131na kurulur. \u015earj i\u015flemi, arac\u0131n yerle\u015fik AC-DC d\u00f6n\u00fc\u015ft\u00fcrme sistemine dayan\u0131r.<\/p>\n<p>Seviye 2 elektrikli ara\u00e7 \u015farj cihazlar\u0131 220V-240V AC giri\u015f kullan\u0131r ve \u015farj s\u00fcresini \u00f6nemli \u00f6l\u00e7\u00fcde azalt\u0131r. Bu sistemler ticari binalarda, i\u015f yerlerinde, park tesislerinde ve halka a\u00e7\u0131k \u015farj a\u011flar\u0131nda yayg\u0131n olarak kullan\u0131lmaktad\u0131r.<\/p>\n<p>DC h\u0131zl\u0131 \u015farj cihazlar\u0131, y\u00fcksek voltajl\u0131 DC g\u00fcc\u00fcn\u00fc do\u011frudan ara\u00e7 ak\u00fcs\u00fcne ileterek kamusal altyap\u0131 ortamlar\u0131nda h\u0131zl\u0131 \u015farj sa\u011flar. Bu sistemler, g\u00fc\u00e7 elektroni\u011fi ve kontrol sistemlerinden en y\u00fcksek performans\u0131 talep eder.DC h\u0131zl\u0131 \u015farj uygulamalar\u0131 i\u00e7in bile\u015fen \u00f6zg\u00fcnl\u00fc\u011f\u00fc, elektrik performans\u0131 ve besleme s\u00fcreklili\u011fi \u00f6zellikle kritiktir.<\/p>\n\t\t<\/div>\n\t\t\t\t\t<div id=\"carousel-454\" class=\"wd-carousel-container info-box-carousel-wrapper wd-wpb  vc_custom_1765850888273 wd-rs-6940bf00c31c8\">\n\t\t\t\t<div class=\"wd-carousel-inner\">\n\t\t\t\t\t<div class=\"wd-carousel wd-grid info-box-carousel\" data-scroll_per_page=\"yes\" style=\"--wd-col-lg:3;--wd-col-md:3;--wd-col-sm:1;--wd-gap-lg:20px;--wd-gap-sm:10px;\">\n\t\t\t\t\t\t<div class=\"wd-carousel-wrap\">\n\t\t\t\t\t\t\t\t\t\t<div class=\"info-box-wrapper wd-carousel-item\">\n\t\t\t\t<div id=\"wd-6940b96c74544\" class=\"wd-rs-6940b96c74544 wd-info-box wd-wpb text-center box-icon-align-top box-style- color-scheme- wd-bg-none vc_custom_1765849533737\">\n\t\t\t\t\t\t\t\t\t\t\t<div class=\"box-icon-wrapper  box-with-icon box-icon-simple\">\n\t\t\t\t\t\t\t<div class=\"info-box-icon\">\n\n\t\t\t\t\t\t\t\n\t\t\t\t\t\t\t\t\t\t\t\t\t\t\t\t\t<div class=\"info-svg-wrapper\" style=\"width: 64px;height: 64px;\"><img decoding=\"async\"  src=\"https:\/\/www.lxbchip.com\/wp-content\/themes\/woodmart\/images\/lazy.svg\" data-src=\"https:\/\/www.lxbchip.com\/wp-content\/uploads\/2025\/12\/logitech-g735-icon-1-1.svg\" loading=\"lazy\" width=\"64\" height=\"64\"><\/div>\t\t\t\t\t\t\t\t\t\t\t\t\t\t\t\n\t\t\t\t\t\t\t<\/div>\n\t\t\t\t\t\t<\/div>\n\t\t\t\t\t\t\t\t\t\t<div class=\"info-box-content\">\n\t\t\t\t\t\t<h4 class=\"info-box-title title box-title-style-default wd-fontsize-m\">Seviye 1 Elektrikli Ara\u00e7 \u015earj Cihazlar\u0131<\/h4>\t\t\t\t\t\t<div class=\"info-box-inner reset-last-child\"><p>Temel kontrol i\u00e7in mikrodenetleyiciler (MCU'lar). AC-DC g\u00fc\u00e7 y\u00f6netimi IC'leri. Sinyal aray\u00fcz\u00fc ve ileti\u015fim IC'leri. Koruma ve izolasyon cihazlar\u0131.<\/p>\n<\/div>\n\n\t\t\t\t\t\t\t\t\t\t\t<\/div>\n\n\t\t\t\t\t\n\t\t\t\t\t\t\t\t\t<\/div>\n\t\t\t<\/div>\n\t\t\t\t\t<div class=\"info-box-wrapper wd-carousel-item\">\n\t\t\t\t<div id=\"wd-6940b9c241a91\" class=\"wd-rs-6940b9c241a91 wd-info-box wd-wpb text-center box-icon-align-top box-style- color-scheme- wd-bg-none vc_custom_1765849617040\">\n\t\t\t\t\t\t\t\t\t\t\t<div class=\"box-icon-wrapper  box-with-icon box-icon-simple\">\n\t\t\t\t\t\t\t<div class=\"info-box-icon\">\n\n\t\t\t\t\t\t\t\n\t\t\t\t\t\t\t\t\t\t\t\t\t\t\t\t\t<div class=\"info-svg-wrapper\" style=\"width: 64px;height: 64px;\"><img decoding=\"async\"  src=\"https:\/\/www.lxbchip.com\/wp-content\/themes\/woodmart\/images\/lazy.svg\" data-src=\"https:\/\/www.lxbchip.com\/wp-content\/uploads\/2025\/12\/logitech-g735-icon-2-1.svg\" loading=\"lazy\" width=\"64\" height=\"64\"><\/div>\t\t\t\t\t\t\t\t\t\t\t\t\t\t\t\n\t\t\t\t\t\t\t<\/div>\n\t\t\t\t\t\t<\/div>\n\t\t\t\t\t\t\t\t\t\t<div class=\"info-box-content\">\n\t\t\t\t\t\t<h4 class=\"info-box-title title box-title-style-default wd-fontsize-m\">Seviye 2 Elektrikli Ara\u00e7 \u015earj Cihazlar\u0131<\/h4>\t\t\t\t\t\t<div class=\"info-box-inner reset-last-child\"><p>G\u00fc\u00e7 y\u00f6netimi ve ak\u0131m kontrol IC'leri, End\u00fcstriyel s\u0131n\u0131f MCU'lar ve aray\u00fcz IC'leri, Ak\u0131ll\u0131 \u015farj i\u00e7in ileti\u015fim \u00e7\u00f6z\u00fcmleri, Koruma, izolasyon ve izleme bile\u015fenleri.<\/p>\n<\/div>\n\n\t\t\t\t\t\t\t\t\t\t\t<\/div>\n\n\t\t\t\t\t\n\t\t\t\t\t\t\t\t\t<\/div>\n\t\t\t<\/div>\n\t\t\t\t\t<div class=\"info-box-wrapper wd-carousel-item\">\n\t\t\t\t<div id=\"wd-6940ba417b0c4\" class=\"wd-rs-6940ba417b0c4 wd-info-box wd-wpb text-center box-icon-align-top box-style- color-scheme- wd-bg-none vc_custom_1765849701069\">\n\t\t\t\t\t\t\t\t\t\t\t<div class=\"box-icon-wrapper  box-with-icon box-icon-simple\">\n\t\t\t\t\t\t\t<div class=\"info-box-icon\">\n\n\t\t\t\t\t\t\t\n\t\t\t\t\t\t\t\t\t\t\t\t\t\t\t\t\t<div class=\"info-svg-wrapper\" style=\"width: 64px;height: 64px;\"><img decoding=\"async\"  src=\"https:\/\/www.lxbchip.com\/wp-content\/themes\/woodmart\/images\/lazy.svg\" data-src=\"https:\/\/www.lxbchip.com\/wp-content\/uploads\/2025\/12\/logitech-g735-icon-3-1.svg\" loading=\"lazy\" width=\"64\" height=\"64\"><\/div>\t\t\t\t\t\t\t\t\t\t\t\t\t\t\t\n\t\t\t\t\t\t\t<\/div>\n\t\t\t\t\t\t<\/div>\n\t\t\t\t\t\t\t\t\t\t<div class=\"info-box-content\">\n\t\t\t\t\t\t<h4 class=\"info-box-title title box-title-style-default wd-fontsize-m\">DC H\u0131zl\u0131 \u015earj \u0130stasyonlar\u0131<\/h4>\t\t\t\t\t\t<div class=\"info-box-inner reset-last-child\"><p>Y\u00fcksek voltajl\u0131 g\u00fc\u00e7 yar\u0131 iletkenleri, Hassas analog ve alg\u0131lama IC'leri, Dijital kontrol\u00f6rler, DSP'ler ve FPGA'lar, Y\u00fcksek h\u0131zl\u0131 izolasyon ve koruma cihazlar\u0131<\/p>\n<\/div>\n\n\t\t\t\t\t\t\t\t\t\t\t<\/div>\n\n\t\t\t\t\t\n\t\t\t\t\t\t\t\t\t<\/div>\n\t\t\t<\/div>\n\t\t\t\t\t\t\t\t<\/div>\n\t\t\t\t\t<\/div>\n\n\t\t\t\t\t\t\t\t\t\t\t\t\t<div class=\"wd-nav-arrows wd-pos-sep wd-hover-1 wd-icon-1\">\n\t\t\t<div class=\"wd-btn-arrow wd-prev wd-disabled\">\n\t\t\t\t<div class=\"wd-arrow-inner\"><\/div>\n\t\t\t<\/div>\n\t\t\t<div class=\"wd-btn-arrow wd-next\">\n\t\t\t\t<div class=\"wd-arrow-inner\"><\/div>\n\t\t\t<\/div>\n\t\t<\/div>\n\t\t\t\t\t\t\t\t\t\t\t<\/div>\n\n\t\t\t\t\t\t\t\t\t\t\t<\/div>\n\t\t<\/div><\/div><\/div><\/div><div class=\"vc_row wpb_row vc_row-fluid wd-rs-6377819b27d07\"><div class=\"wpb_column vc_column_container vc_col-sm-12 wd-rs-63514db6c5d19\"><div class=\"vc_column-inner vc_custom_1666272699823\"><div class=\"wpb_wrapper\">\n\t\t<div id=\"wd-6940bb32be08b\" class=\"title-wrapper wd-wpb wd-set-mb reset-last-child  wd-rs-6940bb32be08b wd-title-color-default wd-title-style-default text-left vc_custom_1765849930170 wd-underline-colored\">\n\t\t\t\n\t\t\t<div class=\"liner-continer\">\n\t\t\t\t<h4 class=\"woodmart-title-container title  wd-font-weight- wd-fontsize-m\" >Elektrikli Ara\u00e7 \u015earj Cihaz\u0131 Uygulamalar\u0131 i\u00e7in Elektronik Bile\u015fenler<\/h4>\n\t\t\t\t\t\t\t<\/div>\n\t\t\t\n\t\t\t\n\t\t\t\n\t\t<\/div>\n\t\t\n\t\t\t\t<div id=\"wd-6940bb142d2e6\" class=\"wd-text-block wd-wpb reset-last-child wd-rs-6940bb142d2e6 text-left\">\n\t\t\t<article class=\"text-token-text-primary w-full focus:outline-none &#091;--shadow-height:45px&#093; has-data-writing-block:pointer-events-none has-data-writing-block:-mt-(--shadow-height) has-data-writing-block:pt-(--shadow-height) &#091;&amp;:has(&#091;data-writing-block&#093;)&gt;*&#093;:pointer-events-auto scroll-mt-&#091;calc(var(--header-height)+min(200px,max(70px,20svh)))&#093;\" dir=\"auto\" tabindex=\"-1\" data-turn-id=\"ef837c3d-8107-4690-90a2-851d8ff66c7a\" data-testid=\"conversation-turn-2\" data-scroll-anchor=\"false\" data-turn=\"assistant\">\n<div class=\"text-base my-auto mx-auto &#091;--thread-content-margin:--spacing(4)&#093; @w-sm\/main:&#091;--thread-content-margin:--spacing(6)&#093; @w-lg\/main:&#091;--thread-content-margin:--spacing(16)&#093; px-(--thread-content-margin)\">\n<div class=\"&#091;--thread-content-max-width:40rem&#093; @w-lg\/main:&#091;--thread-content-max-width:48rem&#093; mx-auto max-w-(--thread-content-max-width) flex-1 group\/turn-messages focus-visible:outline-hidden relative flex w-full min-w-0 flex-col agent-turn\" tabindex=\"-1\">\n<div class=\"flex max-w-full flex-col grow\">\n<div class=\"min-h-8 text-message relative flex w-full flex-col items-end gap-2 text-start break-words whitespace-normal &#091;.text-message+&amp;&#093;:mt-1\" dir=\"auto\" data-message-author-role=\"assistant\" data-message-id=\"0d859a0e-b370-4790-8c61-0426cb3e22ec\" data-message-model-slug=\"gpt-5-2\">\n<div class=\"flex w-full flex-col gap-1 empty:hidden first:pt-&#091;1px&#093;\">\n<div class=\"markdown prose dark:prose-invert w-full break-words light markdown-new-styling\">\n<p data-start=\"3051\" data-end=\"3205\">LXB Semicon geni\u015f bir \u00fcr\u00fcn yelpazesi sunar <strong><span style=\"color: #ff6600;\">otomotiv s\u0131n\u0131f\u0131 ve end\u00fcstriyel s\u0131n\u0131f elektronik bile\u015fenler<\/span><\/strong> \u00fcr\u00fcnleri de dahil olmak \u00fczere elektrikli ara\u00e7 \u015farj sistemlerinde kullan\u0131l\u0131r:<\/p>\n<p data-start=\"3207\" data-end=\"3321\"><strong>XILINX, ADI, TI, NXP, INFINEON, MICROCHIP, ON, MAXIM\/DALLAS, NEXPERIA, VISHAY, DIYOTLAR, AVAGO, FREESCALE<\/strong>, ve daha fazlas\u0131.<\/p>\n<p data-start=\"3323\" data-end=\"3356\">Bile\u015fen portf\u00f6y\u00fcm\u00fcz desteklemektedir:<\/p>\n<ul data-start=\"3357\" data-end=\"3498\">\n<li data-start=\"3357\" data-end=\"3392\">\n<p data-start=\"3359\" data-end=\"3392\">G\u00fc\u00e7 d\u00f6n\u00fc\u015f\u00fcm\u00fc ve y\u00f6netimi<\/p>\n<\/li>\n<li data-start=\"3393\" data-end=\"3422\">\n<p data-start=\"3395\" data-end=\"3422\">Kontrol ve ileti\u015fim<\/p>\n<\/li>\n<li data-start=\"3423\" data-end=\"3460\">\n<p data-start=\"3425\" data-end=\"3460\">G\u00fcvenlik, koruma ve izolasyon<\/p>\n<\/li>\n<li data-start=\"3461\" data-end=\"3498\">\n<p data-start=\"3463\" data-end=\"3498\">Sistem izleme ve tan\u0131lama<\/p>\n<\/li>\n<\/ul>\n<\/div>\n<\/div>\n<\/div>\n<\/div>\n<\/div>\n<\/div>\n<\/article>\n<article class=\"text-token-text-primary w-full focus:outline-none &#091;--shadow-height:45px&#093; has-data-writing-block:pointer-events-none has-data-writing-block:-mt-(--shadow-height) has-data-writing-block:pt-(--shadow-height) &#091;&amp;:has(&#091;data-writing-block&#093;)&gt;*&#093;:pointer-events-auto scroll-mt-(--header-height)\" dir=\"auto\" tabindex=\"-1\" data-turn-id=\"667e5748-dcd9-406a-8a29-e58d6677d5ab\" data-testid=\"conversation-turn-3\" data-scroll-anchor=\"false\" data-turn=\"user\"><\/article>\n<p>\u00a0<\/p>\n\t\t<\/div>\n\t\t\t\t<div id=\"wd-6940cc750e30b\" class=\"wd-image wd-wpb wd-rs-6940cc750e30b text-center vc_custom_1765854350372\">\n\t\t\t\n\t\t\t<img loading=\"lazy\" decoding=\"async\" width=\"600\" height=\"338\" src=\"https:\/\/www.lxbchip.com\/wp-content\/uploads\/2025\/12\/electric-vehicle.jpg\" class=\"attachment-600x338 size-600x338\" alt=\"\" srcset=\"https:\/\/www.lxbchip.com\/wp-content\/uploads\/2025\/12\/electric-vehicle.jpg 600w, https:\/\/www.lxbchip.com\/wp-content\/uploads\/2025\/12\/electric-vehicle-150x85.jpg 150w, https:\/\/www.lxbchip.com\/wp-content\/uploads\/2025\/12\/electric-vehicle-300x169.jpg 300w, https:\/\/www.lxbchip.com\/wp-content\/uploads\/2025\/12\/electric-vehicle-18x10.jpg 18w\" sizes=\"auto, (max-width: 600px) 100vw, 600px\" \/>\n\t\t\t\t\t<\/div>\n\t\t\n\t\t<div id=\"wd-6940bdc85739d\" class=\"title-wrapper wd-wpb wd-set-mb reset-last-child  wd-rs-6940bdc85739d wd-title-color-default wd-title-style-default text-left vc_custom_1765850654928 wd-underline-colored\">\n\t\t\t\n\t\t\t<div class=\"liner-continer\">\n\t\t\t\t<h4 class=\"woodmart-title-container title  wd-font-weight- wd-fontsize-m\" >Elektrikli Ara\u00e7 \u015earj Cihaz\u0131 \u00dcreticileri Neden LXB Semicon ile \u00c7al\u0131\u015f\u0131yor?<\/h4>\n\t\t\t\t\t\t\t<\/div>\n\t\t\t\n\t\t\t\n\t\t\t\n\t\t<\/div>\n\t\t\n\t\t\t\t<div id=\"wd-6940bdc1846a9\" class=\"wd-text-block wd-wpb reset-last-child wd-rs-6940bdc1846a9 text-left\">\n\t\t\t<p>Bile\u015fenler, riski azaltmak i\u00e7in dahili kalite denetim ekibimiz taraf\u0131ndan kontrol edilir.<\/p>\n\t\t<\/div>\n\t\t\t\t<div id=\"gallery_782\" class=\"wd-images-gallery wd-wpb wd-rs-693fb75d8471e vc_custom_1765783391617 photoswipe-images\" style=\"--wd-justify-content:center;--wd-align-items:center;\">\n\t\t\t\n\t\t\t<div class=\"wd-grid-g\" style=\"--wd-col-lg:3;--wd-col-md:3;--wd-col-sm:1;--wd-gap-lg:20px;--wd-gap-sm:10px;\">\n\t\t\t\t\n\t\t\t\t\t\t\t\t\t\t\t\t\t\n\t\t\t\t\t\t\t<\/div>\n\n\t\t\t\t\t<\/div>\n\t\t<\/div><\/div><\/div><\/div><div class=\"vc_row wpb_row vc_row-fluid vc_custom_1628576405426 wd-rs-61121a910fc4f\"><div class=\"wpb_column vc_column_container vc_col-sm-4 vc_col-lg-4 vc_col-md-4 vc_col-xs-12 wd-rs-61121a8376dee\"><div class=\"vc_column-inner vc_custom_1628576391085\"><div class=\"wpb_wrapper\">\t\t<div class=\"promo-banner-wrapper  wd-rs-6940ccb8a3dbb  wd-width-custom\">\n\t\t\t<div id=\"wd-6940ccb8a3dbb\" class=\"promo-banner  banner-background banner-hover-parallax color-scheme-dark banner-btn-size-small banner-btn-style-link  wd-with-link wd-underline-colored\">\n\t\t\t\t<div class=\"main-wrapp-img\">\n\t\t\t\t\t<div class=\"banner-image wd-bg-position-center\" >\n\t\t\t\t\t\t<img loading=\"lazy\" decoding=\"async\" width=\"300\" height=\"300\" src=\"https:\/\/www.lxbchip.com\/wp-content\/uploads\/2025\/12\/90-1-300x300.jpg\" class=\"attachment-300x300 size-300x300\" alt=\"\" \/>\t\t\t\t\t<\/div>\n\t\t\t\t<\/div>\n\n\t\t\t\t<div class=\"wrapper-content-banner wd-fill  wd-items-middle wd-justify-center\">\n\t\t\t\t\t<div class=\"content-banner  text-center\">\n\t\t\t\t\t\t<h4 class=\"banner-title wd-font-weight-400 wd-fontsize-l\">Otomotiv ve G\u00fc\u00e7 Elektroni\u011fi Uzmanl\u0131\u011f\u0131<\/h4>\t\t\t\t\t\t\t\t\t\t\t\t\t<div class=\"banner-inner reset-last-child wd-fontsize-xs\">\n\t\t\t\t\t\t\t\t<p><span style=\"color: #000000;\">LXB Semicon, genel t\u00fcketici elektroni\u011fi \u00e7\u00f6z\u00fcmleri yerine kan\u0131tlanm\u0131\u015f bile\u015fen deneyimi ile ger\u00e7ek d\u00fcnyadaki \u015farj cihaz\u0131 projelerini destekleyerek otomotiv ve elektrikli ara\u00e7 \u015farj uygulamalar\u0131na odaklanmaktad\u0131r.<\/span><\/p>\n\t\t\t\t\t\t\t<\/div>\n\t\t\t\t\t\t\n\t\t\t\t\t\t\n\t\t\t\t\t\t\t\t\t\t\t<\/div>\n\t\t\t\t<\/div>\n\n\t\t\t\t\t\t\t\t\t<a class=\"wd-promo-banner-link wd-fill\" aria-label=\"Banner ba\u011flant\u0131s\u0131\" href=\"#\" title=\"\"><\/a>\n\t\t\t\t\n\t\t\t\t\t\t\t<\/div>\n\t\t<\/div>\n\n\t\t<\/div><\/div><\/div><div class=\"wpb_column vc_column_container vc_col-sm-4 vc_col-lg-4 vc_col-md-4 vc_col-xs-12 wd-rs-61121a88c3793\"><div class=\"vc_column-inner vc_custom_1628576395208\"><div class=\"wpb_wrapper\">\t\t<div class=\"promo-banner-wrapper  wd-rs-6940ccc559942  wd-width-custom\">\n\t\t\t<div id=\"wd-6940ccc559942\" class=\"promo-banner  banner-background banner-hover-parallax color-scheme-dark banner-btn-size-small banner-btn-style-link  wd-with-link wd-underline-colored\">\n\t\t\t\t<div class=\"main-wrapp-img\">\n\t\t\t\t\t<div class=\"banner-image wd-bg-position-center\" >\n\t\t\t\t\t\t<img loading=\"lazy\" decoding=\"async\" width=\"300\" height=\"300\" src=\"https:\/\/www.lxbchip.com\/wp-content\/uploads\/2025\/12\/electronic--300x300.jpg\" class=\"attachment-300x300 size-300x300\" alt=\"\" \/>\t\t\t\t\t<\/div>\n\t\t\t\t<\/div>\n\n\t\t\t\t<div class=\"wrapper-content-banner wd-fill  wd-items-middle wd-justify-center\">\n\t\t\t\t\t<div class=\"content-banner  text-center\">\n\t\t\t\t\t\t<h4 class=\"banner-title wd-font-weight-400 wd-fontsize-l\">Kalite, \u0130zlenebilirlik ve Tedarik G\u00fcvenilirli\u011fi<\/h4>\t\t\t\t\t\t\t\t\t\t\t\t\t<div class=\"banner-inner reset-last-child wd-fontsize-xs\">\n\t\t\t\t\t\t\t\t<p><span style=\"color: #000000;\">T\u00fcm bile\u015fenler, m\u00fc\u015fterilerin uyumluluk, sertifikasyon ve uzun vadeli proje istikrar\u0131 gereksinimlerini kar\u015f\u0131lamas\u0131na yard\u0131mc\u0131 olan s\u0131k\u0131 dahili kalite denetimi ve izlenebilir tedarik s\u00fcre\u00e7leriyle ele al\u0131n\u0131r.<\/span><\/p>\n\t\t\t\t\t\t\t<\/div>\n\t\t\t\t\t\t\n\t\t\t\t\t\t\n\t\t\t\t\t\t\t\t\t\t\t<\/div>\n\t\t\t\t<\/div>\n\n\t\t\t\t\t\t\t\t\t<a class=\"wd-promo-banner-link wd-fill\" aria-label=\"Banner ba\u011flant\u0131s\u0131\" href=\"#\" title=\"\"><\/a>\n\t\t\t\t\n\t\t\t\t\t\t\t<\/div>\n\t\t<\/div>\n\n\t\t<\/div><\/div><\/div><div class=\"wpb_column vc_column_container vc_col-sm-4 vc_col-lg-4 vc_col-md-4 vc_col-xs-12 wd-rs-61121a8ce65d4\"><div class=\"vc_column-inner vc_custom_1628576399193\"><div class=\"wpb_wrapper\">\t\t<div class=\"promo-banner-wrapper  wd-rs-6940ccd1ad2c5  wd-width-custom\">\n\t\t\t<div id=\"wd-6940ccd1ad2c5\" class=\"promo-banner  banner-background banner-hover-parallax color-scheme-dark banner-btn-size-small banner-btn-style-link  wd-with-link wd-underline-colored\">\n\t\t\t\t<div class=\"main-wrapp-img\">\n\t\t\t\t\t<div class=\"banner-image wd-bg-position-center\" >\n\t\t\t\t\t\t<img loading=\"lazy\" decoding=\"async\" width=\"300\" height=\"300\" src=\"https:\/\/www.lxbchip.com\/wp-content\/uploads\/2025\/12\/around-city-300x300.jpg\" class=\"attachment-300x300 size-300x300\" alt=\"\" \/>\t\t\t\t\t<\/div>\n\t\t\t\t<\/div>\n\n\t\t\t\t<div class=\"wrapper-content-banner wd-fill  wd-items-middle wd-justify-center\">\n\t\t\t\t\t<div class=\"content-banner  text-center\">\n\t\t\t\t\t\t<h4 class=\"banner-title wd-font-weight-400 wd-fontsize-l\">M\u00fchendislik \u00d6nc\u00fcl\u00fc\u011f\u00fcnde Tedarik Zinciri Deste\u011fi<\/h4>\t\t\t\t\t\t\t\t\t\t\t\t\t<div class=\"banner-inner reset-last-child wd-fontsize-xs\">\n\t\t\t\t\t\t\t\t<p><span style=\"color: #000000;\">Numune do\u011frulamadan seri \u00fcretime kadar ekibimiz, bile\u015fen se\u00e7imi, bulunabilirlik ve ya\u015fam d\u00f6ng\u00fcs\u00fc zorluklar\u0131n\u0131 \u00e7\u00f6zmek i\u00e7in do\u011frudan m\u00fchendisler ve sat\u0131n alma ekipleriyle birlikte \u00e7al\u0131\u015f\u0131r.<\/span><\/p>\n\t\t\t\t\t\t\t<\/div>\n\t\t\t\t\t\t\n\t\t\t\t\t\t\n\t\t\t\t\t\t\t\t\t\t\t<\/div>\n\t\t\t\t<\/div>\n\n\t\t\t\t\t\t\t\t\t<a class=\"wd-promo-banner-link wd-fill\" aria-label=\"Banner ba\u011flant\u0131s\u0131\" href=\"#\" title=\"\"><\/a>\n\t\t\t\t\n\t\t\t\t\t\t\t<\/div>\n\t\t<\/div>\n\n\t\t<\/div><\/div><\/div><\/div><div class=\"vc_row wpb_row vc_row-fluid vc_custom_1765796077325 wd-rs-693fe8d77ff97\"><div class=\"wpb_column vc_column_container vc_col-sm-12\"><div class=\"vc_column-inner\"><div class=\"wpb_wrapper\">\n\t\t<div id=\"wd-6940bf44331c0\" class=\"title-wrapper wd-wpb wd-set-mb reset-last-child  wd-rs-6940bf44331c0 wd-title-color-default wd-title-style-underlined text-center  wd-underline-colored\">\n\t\t\t\t\t\t\t\n\t\t\t\t<div class=\"title-subtitle  subtitle-color-default font-default subtitle-style-default wd-font-weight- wd-fontsize-xs\">LXB Semicon<\/div>\n\t\t\t\n\t\t\t<div class=\"liner-continer\">\n\t\t\t\t<h4 class=\"woodmart-title-container title  wd-font-weight-600 wd-fontsize-l\" >Elektrikli Ara\u00e7 \u015earj Altyap\u0131s\u0131n\u0131n Gelece\u011finin Desteklenmesi<\/h4>\n\t\t\t\t\t\t\t<\/div>\n\t\t\t\n\t\t\t\t\t\t\t<div class=\"title-after_title reset-last-child  wd-fontsize-xs\">Elektrikli ara\u00e7lar\u0131n benimsenmesi k\u00fcresel olarak geni\u015fledik\u00e7e, \u015farj sistemleri verimlilik, g\u00fcvenlik ve g\u00fcvenilirlik a\u00e7\u0131s\u0131ndan daha y\u00fcksek standartlar\u0131 kar\u015f\u0131lamal\u0131d\u0131r. LXB Semicon, EV \u015farj cihaz\u0131 \u00fcreticilerinin tedarik zinciri riskini azaltmalar\u0131na ve g\u00fcvenilir elektronik bile\u015fen tedariki ve profesyonel destek yoluyla \u00fcr\u00fcn geli\u015ftirmeyi h\u0131zland\u0131rmalar\u0131na yard\u0131mc\u0131 olur.<\/p>\n<p>Elektrikli ara\u00e7 \u015farj cihazlar\u0131 veya otomotiv \u015farj altyap\u0131s\u0131 geli\u015ftiriyor veya \u00fcretiyorsan\u0131z, ekibimiz projenizi desteklemeye haz\u0131rd\u0131r.<\/div>\n\t\t\t\n\t\t\t\n\t\t<\/div>\n\t\t\n\t\t<\/div><\/div><\/div><\/div>\n<\/div>","protected":false},"excerpt":{"rendered":"EV Charger Electronics Solutions for Transportation &amp; Automotive EV charging infrastructure electronics have become a core focus for automotive and","protected":false},"author":1,"featured_media":0,"parent":0,"menu_order":0,"comment_status":"closed","ping_status":"closed","template":"","meta":{"_acf_changed":false,"footnotes":""},"class_list":["post-8552","page","type-page","status-publish","hentry"],"acf":[],"aioseo_notices":[],"_links":{"self":[{"href":"https:\/\/www.lxbchip.com\/tr\/wp-json\/wp\/v2\/pages\/8552","targetHints":{"allow":["GET"]}}],"collection":[{"href":"https:\/\/www.lxbchip.com\/tr\/wp-json\/wp\/v2\/pages"}],"about":[{"href":"https:\/\/www.lxbchip.com\/tr\/wp-json\/wp\/v2\/types\/page"}],"author":[{"embeddable":true,"href":"https:\/\/www.lxbchip.com\/tr\/wp-json\/wp\/v2\/users\/1"}],"replies":[{"embeddable":true,"href":"https:\/\/www.lxbchip.com\/tr\/wp-json\/wp\/v2\/comments?post=8552"}],"version-history":[{"count":13,"href":"https:\/\/www.lxbchip.com\/tr\/wp-json\/wp\/v2\/pages\/8552\/revisions"}],"predecessor-version":[{"id":8790,"href":"https:\/\/www.lxbchip.com\/tr\/wp-json\/wp\/v2\/pages\/8552\/revisions\/8790"}],"wp:attachment":[{"href":"https:\/\/www.lxbchip.com\/tr\/wp-json\/wp\/v2\/media?parent=8552"}],"curies":[{"name":"wp","href":"https:\/\/api.w.org\/{rel}","templated":true}]}}