{"id":8539,"date":"2025-12-15T19:37:14","date_gmt":"2025-12-15T11:37:14","guid":{"rendered":"https:\/\/www.lxbchip.com\/?page_id=8539"},"modified":"2025-12-20T15:57:29","modified_gmt":"2025-12-20T07:57:29","slug":"lot-resource-center-overview","status":"publish","type":"page","link":"https:\/\/www.lxbchip.com\/tr\/lot-resource-center-overview\/","title":{"rendered":"loT Kaynak Merkezine Genel Bak\u0131\u015f"},"content":{"rendered":"<div class=\"wpb-content-wrapper\"><div class=\"vc_row wpb_row vc_row-fluid vc_custom_1765779186129 wd-rs-693fa6ea5c73f\"><div class=\"wpb_column vc_column_container vc_col-sm-12 wd-rs-63514c8260958\"><div class=\"vc_column-inner vc_custom_1666272391679\"><div class=\"wpb_wrapper\">\n\t\t<div id=\"wd-694656d1d9f5b\" class=\"title-wrapper wd-wpb wd-set-mb reset-last-child  wd-rs-694656d1d9f5b wd-title-color-default wd-title-style-default text-center  wd-underline-colored\">\n\t\t\t\n\t\t\t<div class=\"liner-continer\">\n\t\t\t\t<h4 class=\"woodmart-title-container title  wd-font-weight- wd-fontsize-m\" >IoT Kaynak \u00c7\u00f6z\u00fcmleri<\/h4>\n\t\t\t\t\t\t\t<\/div>\n\t\t\t\n\t\t\t\t\t\t\t<div class=\"title-after_title reset-last-child  wd-fontsize-xs\">Ba\u011flant\u0131l\u0131 Sistemler i\u00e7in G\u00fcvenilir Elektronik Bile\u015fenler ve Tedarik Zinciri Deste\u011fi.<\/div>\n\t\t\t\n\t\t\t\n\t\t<\/div>\n\t\t\n\t\t\t\t<div id=\"wd-693ff5042a8d3\" class=\"wd-image wd-wpb wd-rs-693ff5042a8d3 text-center\">\n\t\t\t\n\t\t\t<img loading=\"lazy\" decoding=\"async\" width=\"600\" height=\"329\" src=\"https:\/\/www.lxbchip.com\/wp-content\/uploads\/2025\/12\/iot_text_1.jpg\" class=\"attachment-600x343 size-600x343\" alt=\"\" srcset=\"https:\/\/www.lxbchip.com\/wp-content\/uploads\/2025\/12\/iot_text_1.jpg 600w, https:\/\/www.lxbchip.com\/wp-content\/uploads\/2025\/12\/iot_text_1-150x82.jpg 150w, https:\/\/www.lxbchip.com\/wp-content\/uploads\/2025\/12\/iot_text_1-300x165.jpg 300w, https:\/\/www.lxbchip.com\/wp-content\/uploads\/2025\/12\/iot_text_1-18x10.jpg 18w\" sizes=\"auto, (max-width: 600px) 100vw, 600px\" \/>\n\t\t\t\t\t<\/div>\n\t\t\t\t<div id=\"wd-693ff54082dec\" class=\"wd-text-block wd-wpb reset-last-child wd-rs-693ff54082dec text-center vc_custom_1765799633131\">\n\t\t\t<div class=\"flex flex-col text-sm @w-xl\/main:pt-header-height pb-25\">\n<article class=\"text-token-text-primary w-full focus:outline-none &#091;--shadow-height:45px&#093; has-data-writing-block:pointer-events-none has-data-writing-block:-mt-(--shadow-height) has-data-writing-block:pt-(--shadow-height) &#091;&amp;:has(&#091;data-writing-block&#093;)&gt;*&#093;:pointer-events-auto scroll-mt-&#091;calc(var(--header-height)+min(200px,max(70px,20svh)))&#093;\" dir=\"auto\" tabindex=\"-1\" data-turn-id=\"request-WEB:4df86dff-3bf5-4179-906a-0ffa94fce0a2-4\" data-testid=\"conversation-turn-10\" data-scroll-anchor=\"true\" data-turn=\"assistant\">\n<div class=\"text-base my-auto mx-auto pb-10 &#091;--thread-content-margin:--spacing(4)&#093; @w-sm\/main:&#091;--thread-content-margin:--spacing(6)&#093; @w-lg\/main:&#091;--thread-content-margin:--spacing(16)&#093; px-(--thread-content-margin)\">\n<div class=\"&#091;--thread-content-max-width:40rem&#093; @w-lg\/main:&#091;--thread-content-max-width:48rem&#093; mx-auto max-w-(--thread-content-max-width) flex-1 group\/turn-messages focus-visible:outline-hidden relative flex w-full min-w-0 flex-col agent-turn\" tabindex=\"-1\">\n<div class=\"flex max-w-full flex-col grow\">\n<div class=\"min-h-8 text-message relative flex w-full flex-col items-end gap-2 text-start break-words whitespace-normal &#091;.text-message+&amp;&#093;:mt-1\" dir=\"auto\" data-message-author-role=\"assistant\" data-message-id=\"27b267f3-ab48-4550-8cfe-e692a4c37bff\" data-message-model-slug=\"gpt-5-2\">\n<div class=\"flex w-full flex-col gap-1 empty:hidden first:pt-&#091;1px&#093;\">\n<div class=\"markdown prose dark:prose-invert w-full break-words light markdown-new-styling\">\n<p data-start=\"345\" data-end=\"772\">Shenzhen Lianxinbang (LXB Semicon) Technology Co, Ltd. IoT cihaz \u00fcreticilerini, \u00e7\u00f6z\u00fcm sa\u011flay\u0131c\u0131lar\u0131n\u0131 ve m\u00fchendislik ekiplerini t\u00fcm IoT teknoloji y\u0131\u011f\u0131n\u0131nda g\u00fcvenilir elektronik bile\u015fenler ve istikrarl\u0131 tedarik \u00e7\u00f6z\u00fcmleri ile desteklemektedir. Shenzhen'in temel elektronik merkezinde bulunan 30'dan fazla deneyimli profesyonel ve operasyonla, erken tasar\u0131mdan seri \u00fcretime kadar ba\u011flant\u0131l\u0131 \u00fcr\u00fcnler i\u00e7in pratik destek sa\u011fl\u0131yoruz.<\/p>\n<p data-start=\"774\" data-end=\"999\">Bile\u015fen portf\u00f6y\u00fcm\u00fcz ve tedarik kabiliyetimiz temel IoT ba\u011flant\u0131s\u0131, i\u015fleme, alg\u0131lama ve g\u00fc\u00e7 gereksinimlerini kapsamakta ve m\u00fc\u015fterilerin h\u0131zla geli\u015fen IoT pazarlar\u0131nda performans, uyumluluk ve ya\u015fam d\u00f6ng\u00fcs\u00fc s\u00fcreklili\u011fini y\u00f6netmelerine yard\u0131mc\u0131 olmaktad\u0131r.<\/p>\n<\/div>\n<\/div>\n<\/div>\n<\/div>\n<div class=\"z-0 flex min-h-&#091;46px&#093; justify-start\"><\/div>\n<div class=\"mt-3 w-full empty:hidden\">\n<div class=\"text-center\"><\/div>\n<\/div>\n<\/div>\n<\/div>\n<\/article>\n<\/div>\n<div class=\"pointer-events-none h-px w-px absolute bottom-0\" aria-hidden=\"true\" data-edge=\"true\"><\/div>\n\t\t<\/div>\n\t\t<\/div><\/div><\/div><\/div><div class=\"vc_row wpb_row vc_row-fluid vc_custom_1666272691679 wd-rs-63514da96d73a\"><div class=\"wpb_column vc_column_container vc_col-sm-12 wd-rs-63514c870daab\"><div class=\"vc_column-inner vc_custom_1666272395956\"><div class=\"wpb_wrapper\">\n\t\t<div id=\"wd-693ff794d23a6\" class=\"title-wrapper wd-wpb wd-set-mb reset-last-child  wd-rs-693ff794d23a6 wd-title-color-default wd-title-style-default text-left vc_custom_1765799834596 wd-underline-colored\">\n\t\t\t\n\t\t\t<div class=\"liner-continer\">\n\t\t\t\t<h4 class=\"woodmart-title-container title  wd-font-weight- wd-fontsize-m\" >Ba\u011flant\u0131 Teknolojileri<\/h4>\n\t\t\t\t\t\t\t<\/div>\n\t\t\t\n\t\t\t\n\t\t\t\n\t\t<\/div>\n\t\t\n\t\t\t\t<div id=\"wd-693ffc19794da\" class=\"wd-text-block wd-wpb reset-last-child wd-rs-693ffc19794da text-left vc_custom_1765801175260\">\n\t\t\t<p>Modern IoT sistemleri menzil, bant geni\u015fli\u011fi, g\u00fc\u00e7 t\u00fcketimi ve da\u011f\u0131t\u0131m ortam\u0131na ba\u011fl\u0131 olarak birden fazla kablosuz teknolojiye dayan\u0131r. Tedarik etti\u011fimiz bile\u015fenler mod\u00fcllerde, a\u011f ge\u00e7itlerinde, u\u00e7 cihazlarda ve g\u00f6m\u00fcl\u00fc ileti\u015fim sistemlerinde yayg\u0131n olarak kullan\u0131lmaktad\u0131r.<\/p>\n\t\t<\/div>\n\t\t\t\t\t<div id=\"carousel-998\" class=\"wd-carousel-container info-box-carousel-wrapper wd-wpb  vc_custom_1765778087335 wd-rs-693fa295581c3\">\n\t\t\t\t<div class=\"wd-carousel-inner\">\n\t\t\t\t\t<div class=\"wd-carousel wd-grid info-box-carousel\" data-scroll_per_page=\"yes\" style=\"--wd-col-lg:4;--wd-col-md:4;--wd-col-sm:1;--wd-gap-lg:10px;\">\n\t\t\t\t\t\t<div class=\"wd-carousel-wrap\">\n\t\t\t\t\t\t\t\t\t\t<div class=\"info-box-wrapper wd-carousel-item\">\n\t\t\t\t<div id=\"wd-693ffba0e19be\" class=\"wd-rs-693ffba0e19be wd-info-box wd-wpb text-center box-icon-align-top box-style- color-scheme- wd-bg-none vc_custom_1765800911608\">\n\t\t\t\t\t\t\t\t\t\t\t<div class=\"box-icon-wrapper  box-with-icon box-icon-simple\">\n\t\t\t\t\t\t\t<div class=\"info-box-icon\">\n\n\t\t\t\t\t\t\t\n\t\t\t\t\t\t\t\t\t\t\t\t\t\t\t\t\t<div class=\"info-svg-wrapper\" style=\"width: 64px;height: 64px;\"><img decoding=\"async\"  src=\"https:\/\/www.lxbchip.com\/wp-content\/themes\/woodmart\/images\/lazy.svg\" data-src=\"https:\/\/www.lxbchip.com\/wp-content\/uploads\/2025\/12\/logitech-g735-icon-1-1.svg\" loading=\"lazy\" width=\"64\" height=\"64\"><\/div>\t\t\t\t\t\t\t\t\t\t\t\t\t\t\t\n\t\t\t\t\t\t\t<\/div>\n\t\t\t\t\t\t<\/div>\n\t\t\t\t\t\t\t\t\t\t<div class=\"info-box-content\">\n\t\t\t\t\t\t\t\t\t\t\t\t<div class=\"info-box-inner reset-last-child\"><p>Ak\u0131ll\u0131 ev birlikte \u00e7al\u0131\u015fabilirli\u011fi i\u00e7in \u00f6nemli ekosistem cihazlar\u0131<\/p>\n<\/div>\n\n\t\t\t\t\t\t\t\t\t\t\t<\/div>\n\n\t\t\t\t\t\n\t\t\t\t\t\t\t\t\t<\/div>\n\t\t\t<\/div>\n\t\t\t\t\t<div class=\"info-box-wrapper wd-carousel-item\">\n\t\t\t\t<div id=\"wd-693ffbe1422da\" class=\"wd-rs-693ffbe1422da wd-info-box wd-wpb text-center box-icon-align-top box-style- color-scheme- wd-bg-none vc_custom_1765800963439\">\n\t\t\t\t\t\t\t\t\t\t\t<div class=\"box-icon-wrapper  box-with-icon box-icon-simple\">\n\t\t\t\t\t\t\t<div class=\"info-box-icon\">\n\n\t\t\t\t\t\t\t\n\t\t\t\t\t\t\t\t\t\t\t\t\t\t\t\t\t<div class=\"info-svg-wrapper\" style=\"width: 64px;height: 64px;\"><img decoding=\"async\"  src=\"https:\/\/www.lxbchip.com\/wp-content\/themes\/woodmart\/images\/lazy.svg\" data-src=\"https:\/\/www.lxbchip.com\/wp-content\/uploads\/2025\/12\/logitech-g735-icon-2-1.svg\" loading=\"lazy\" width=\"64\" height=\"64\"><\/div>\t\t\t\t\t\t\t\t\t\t\t\t\t\t\t\n\t\t\t\t\t\t\t<\/div>\n\t\t\t\t\t\t<\/div>\n\t\t\t\t\t\t\t\t\t\t<div class=\"info-box-content\">\n\t\t\t\t\t\t\t\t\t\t\t\t<div class=\"info-box-inner reset-last-child\"><p>Y\u00fcksek veri h\u0131z\u0131 ve d\u00fc\u015f\u00fck gecikme s\u00fcreli uygulamalar i\u00e7in 5G ve h\u00fccresel IoT<\/p>\n<\/div>\n\n\t\t\t\t\t\t\t\t\t\t\t<\/div>\n\n\t\t\t\t\t\n\t\t\t\t\t\t\t\t\t<\/div>\n\t\t\t<\/div>\n\t\t\t\t\t<div class=\"info-box-wrapper wd-carousel-item\">\n\t\t\t\t<div id=\"wd-693ffbb793a6b\" class=\"wd-rs-693ffbb793a6b wd-info-box wd-wpb text-center box-icon-align-top box-style- color-scheme- wd-bg-none vc_custom_1765800894209\">\n\t\t\t\t\t\t\t\t\t\t\t<div class=\"box-icon-wrapper  box-with-icon box-icon-simple\">\n\t\t\t\t\t\t\t<div class=\"info-box-icon\">\n\n\t\t\t\t\t\t\t\n\t\t\t\t\t\t\t\t\t\t\t\t\t\t\t\t\t<div class=\"info-svg-wrapper\" style=\"width: 64px;height: 64px;\"><img decoding=\"async\"  src=\"https:\/\/www.lxbchip.com\/wp-content\/themes\/woodmart\/images\/lazy.svg\" data-src=\"https:\/\/www.lxbchip.com\/wp-content\/uploads\/2025\/12\/logitech-g735-icon-3-1.svg\" loading=\"lazy\" width=\"64\" height=\"64\"><\/div>\t\t\t\t\t\t\t\t\t\t\t\t\t\t\t\n\t\t\t\t\t\t\t<\/div>\n\t\t\t\t\t\t<\/div>\n\t\t\t\t\t\t\t\t\t\t<div class=\"info-box-content\">\n\t\t\t\t\t\t\t\t\t\t\t\t<div class=\"info-box-inner reset-last-child\"><p>T\u00fcketici, ak\u0131ll\u0131 bina ve end\u00fcstriyel a\u011f ge\u00e7itleri i\u00e7in Wi-Fi ve Bluetooth<\/p>\n<\/div>\n\n\t\t\t\t\t\t\t\t\t\t\t<\/div>\n\n\t\t\t\t\t\n\t\t\t\t\t\t\t\t\t<\/div>\n\t\t\t<\/div>\n\t\t\t\t\t<div class=\"info-box-wrapper wd-carousel-item\">\n\t\t\t\t<div id=\"wd-693ffc0716dd5\" class=\"wd-rs-693ffc0716dd5 wd-info-box wd-wpb text-center box-icon-align-top box-style- color-scheme- wd-bg-none vc_custom_1765800981566\">\n\t\t\t\t\t\t\t\t\t\t\t<div class=\"box-icon-wrapper  box-with-icon box-icon-simple\">\n\t\t\t\t\t\t\t<div class=\"info-box-icon\">\n\n\t\t\t\t\t\t\t\n\t\t\t\t\t\t\t\t\t\t\t\t\t\t\t\t\t<div class=\"info-svg-wrapper\" style=\"width: 64px;height: 64px;\"><img decoding=\"async\"  src=\"https:\/\/www.lxbchip.com\/wp-content\/themes\/woodmart\/images\/lazy.svg\" data-src=\"https:\/\/www.lxbchip.com\/wp-content\/uploads\/2025\/12\/logitech-g735-icon-3-1.svg\" loading=\"lazy\" width=\"64\" height=\"64\"><\/div>\t\t\t\t\t\t\t\t\t\t\t\t\t\t\t\n\t\t\t\t\t\t\t<\/div>\n\t\t\t\t\t\t<\/div>\n\t\t\t\t\t\t\t\t\t\t<div class=\"info-box-content\">\n\t\t\t\t\t\t\t\t\t\t\t\t<div class=\"info-box-inner reset-last-child\"><p>Uzun menzilli, d\u00fc\u015f\u00fck g\u00fc\u00e7l\u00fc end\u00fcstriyel ve \u00e7evresel izleme i\u00e7in LoRa ve LPWAN<\/p>\n<\/div>\n\n\t\t\t\t\t\t\t\t\t\t\t<\/div>\n\n\t\t\t\t\t\n\t\t\t\t\t\t\t\t\t<\/div>\n\t\t\t<\/div>\n\t\t\t\t\t\t\t\t<\/div>\n\t\t\t\t\t<\/div>\n\n\t\t\t\t\t\t\t\t\t\t\t\t\t<div class=\"wd-nav-arrows wd-pos-sep wd-hover-1 wd-icon-1\">\n\t\t\t<div class=\"wd-btn-arrow wd-prev wd-disabled\">\n\t\t\t\t<div class=\"wd-arrow-inner\"><\/div>\n\t\t\t<\/div>\n\t\t\t<div class=\"wd-btn-arrow wd-next\">\n\t\t\t\t<div class=\"wd-arrow-inner\"><\/div>\n\t\t\t<\/div>\n\t\t<\/div>\n\t\t\t\t\t\t\t\t\t\t\t<\/div>\n\n\t\t\t\t\t\t\t\t\t\t\t<\/div>\n\t\t<\/div><\/div><\/div><\/div><div class=\"vc_row wpb_row vc_row-fluid wd-rs-6377819b27d07\"><div class=\"wpb_column vc_column_container vc_col-sm-12 wd-rs-63514db6c5d19\"><div class=\"vc_column-inner vc_custom_1666272699823\"><div class=\"wpb_wrapper\">\n\t\t<div id=\"wd-693ffceb10b67\" class=\"title-wrapper wd-wpb wd-set-mb reset-last-child  wd-rs-693ffceb10b67 wd-title-color-default wd-title-style-default text-left vc_custom_1765801199842 wd-underline-colored\">\n\t\t\t\n\t\t\t<div class=\"liner-continer\">\n\t\t\t\t<h4 class=\"woodmart-title-container title  wd-font-weight- wd-fontsize-m\" >Kablosuz ve RF \u00c7\u00f6z\u00fcmleri<\/h4>\n\t\t\t\t\t\t\t<\/div>\n\t\t\t\n\t\t\t\n\t\t\t\n\t\t<\/div>\n\t\t\n\t\t\t\t<div id=\"wd-693ffce5aa9b5\" class=\"wd-text-block wd-wpb reset-last-child wd-rs-693ffce5aa9b5 text-left\">\n\t\t\t<article class=\"text-token-text-primary w-full focus:outline-none &#091;--shadow-height:45px&#093; has-data-writing-block:pointer-events-none has-data-writing-block:-mt-(--shadow-height) has-data-writing-block:pt-(--shadow-height) &#091;&amp;:has(&#091;data-writing-block&#093;)&gt;*&#093;:pointer-events-auto scroll-mt-&#091;calc(var(--header-height)+min(200px,max(70px,20svh)))&#093;\" dir=\"auto\" tabindex=\"-1\" data-turn-id=\"ef837c3d-8107-4690-90a2-851d8ff66c7a\" data-testid=\"conversation-turn-2\" data-scroll-anchor=\"false\" data-turn=\"assistant\">\n<div class=\"text-base my-auto mx-auto &#091;--thread-content-margin:--spacing(4)&#093; @w-sm\/main:&#091;--thread-content-margin:--spacing(6)&#093; @w-lg\/main:&#091;--thread-content-margin:--spacing(16)&#093; px-(--thread-content-margin)\">\n<div class=\"&#091;--thread-content-max-width:40rem&#093; @w-lg\/main:&#091;--thread-content-max-width:48rem&#093; mx-auto max-w-(--thread-content-max-width) flex-1 group\/turn-messages focus-visible:outline-hidden relative flex w-full min-w-0 flex-col agent-turn\" tabindex=\"-1\">\n<div class=\"flex max-w-full flex-col grow\">\n<div class=\"min-h-8 text-message relative flex w-full flex-col items-end gap-2 text-start break-words whitespace-normal &#091;.text-message+&amp;&#093;:mt-1\" dir=\"auto\" data-message-author-role=\"assistant\" data-message-id=\"0d859a0e-b370-4790-8c61-0426cb3e22ec\" data-message-model-slug=\"gpt-5-2\">\n<div class=\"flex w-full flex-col gap-1 empty:hidden first:pt-&#091;1px&#093;\">\n<div class=\"markdown prose dark:prose-invert w-full break-words light markdown-new-styling\">\n<p data-start=\"0\" data-end=\"463\" data-is-last-node=\"\" data-is-only-node=\"\">Sinyal b\u00fct\u00fcnl\u00fc\u011f\u00fc, g\u00fcr\u00fclt\u00fc kontrol\u00fc ve g\u00fc\u00e7 verimlili\u011fi dahil olmak \u00fczere RF ve mikrodalga tasar\u0131m zorluklar\u0131n\u0131 destekleyen bile\u015fenler sa\u011fl\u0131yoruz. Tipik uygulamalar aras\u0131nda antenler, RF \u00f6n u\u00e7lar\u0131, filtreler, al\u0131c\u0131-vericiler ve IoT ileti\u015fim donan\u0131m\u0131nda kullan\u0131lan destekleyici pasif ve koruma cihazlar\u0131 yer al\u0131r.<\/p>\n<\/div>\n<\/div>\n<\/div>\n<\/div>\n<\/div>\n<\/div>\n<\/article>\n<article class=\"text-token-text-primary w-full focus:outline-none &#091;--shadow-height:45px&#093; has-data-writing-block:pointer-events-none has-data-writing-block:-mt-(--shadow-height) has-data-writing-block:pt-(--shadow-height) &#091;&amp;:has(&#091;data-writing-block&#093;)&gt;*&#093;:pointer-events-auto scroll-mt-(--header-height)\" dir=\"auto\" tabindex=\"-1\" data-turn-id=\"667e5748-dcd9-406a-8a29-e58d6677d5ab\" data-testid=\"conversation-turn-3\" data-scroll-anchor=\"false\" data-turn=\"user\"><\/article>\n<p>\u00a0<\/p>\n\t\t<\/div>\n\t\t\t\t<div id=\"wd-694002bcdea1b\" class=\"wd-image wd-wpb wd-rs-694002bcdea1b text-center vc_custom_1765802758590\">\n\t\t\t\n\t\t\t<img loading=\"lazy\" decoding=\"async\" width=\"600\" height=\"444\" src=\"https:\/\/www.lxbchip.com\/wp-content\/uploads\/2025\/12\/5G-high-.jpg\" class=\"attachment-600x444 size-600x444\" alt=\"\" srcset=\"https:\/\/www.lxbchip.com\/wp-content\/uploads\/2025\/12\/5G-high-.jpg 600w, https:\/\/www.lxbchip.com\/wp-content\/uploads\/2025\/12\/5G-high--150x111.jpg 150w, https:\/\/www.lxbchip.com\/wp-content\/uploads\/2025\/12\/5G-high--300x222.jpg 300w, https:\/\/www.lxbchip.com\/wp-content\/uploads\/2025\/12\/5G-high--16x12.jpg 16w\" sizes=\"auto, (max-width: 600px) 100vw, 600px\" \/>\n\t\t\t\t\t<\/div>\n\t\t\n\t\t<div id=\"wd-693ffd671754e\" class=\"title-wrapper wd-wpb wd-set-mb reset-last-child  wd-rs-693ffd671754e wd-title-color-default wd-title-style-default text-left vc_custom_1765801337153 wd-underline-colored\">\n\t\t\t\n\t\t\t<div class=\"liner-continer\">\n\t\t\t\t<h4 class=\"woodmart-title-container title  wd-font-weight- wd-fontsize-m\" >Yaz\u0131l\u0131m, Hizmetler, Yapay Zeka ve U\u00e7 Zeka<\/h4>\n\t\t\t\t\t\t\t<\/div>\n\t\t\t\n\t\t\t\n\t\t\t\n\t\t<\/div>\n\t\t\n\t\t\t\t<div id=\"wd-693ffd604f490\" class=\"wd-text-block wd-wpb reset-last-child wd-rs-693ffd604f490 text-left\">\n\t\t\t<p>IoT sistemleri, g\u00f6m\u00fcl\u00fc i\u015fleme ve ak\u0131ll\u0131 kontrol\u00fc giderek daha fazla entegre ediyor. U\u00e7 bili\u015fim, cihaz y\u00f6netimi ve veri toplama sistemlerinde kullan\u0131lan donan\u0131m platformlar\u0131n\u0131 destekleyerek cihaz d\u00fczeyinde yapay zeka destekli izleme, otomasyon ve karar verme i\u00e7in istikrarl\u0131 \u00e7al\u0131\u015fma sa\u011fl\u0131yoruz.<\/p>\n\t\t<\/div>\n\t\t\t\t<div id=\"gallery_265\" class=\"wd-images-gallery wd-wpb wd-rs-693fb75d8471e vc_custom_1765783391617 photoswipe-images\" style=\"--wd-justify-content:center;--wd-align-items:center;\">\n\t\t\t\n\t\t\t<div class=\"wd-grid-g\" style=\"--wd-col-lg:3;--wd-col-md:3;--wd-col-sm:1;--wd-gap-lg:20px;--wd-gap-sm:10px;\">\n\t\t\t\t\n\t\t\t\t\t\t\t\t\t\t\t\t\t\n\t\t\t\t\t\t\t<\/div>\n\n\t\t\t\t\t<\/div>\n\t\t<\/div><\/div><\/div><\/div><div class=\"vc_row wpb_row vc_row-fluid vc_custom_1628576405426 wd-rs-61121a910fc4f\"><div class=\"wpb_column vc_column_container vc_col-sm-4 vc_col-lg-4 vc_col-md-4 vc_col-xs-12 wd-rs-61121a8376dee\"><div class=\"vc_column-inner vc_custom_1628576391085\"><div class=\"wpb_wrapper\">\t\t<div class=\"promo-banner-wrapper  wd-rs-69400367be2af  wd-width-custom\">\n\t\t\t<div id=\"wd-69400367be2af\" class=\"promo-banner  banner-background banner-hover-parallax color-scheme-dark banner-btn-size-small banner-btn-style-link  wd-with-link wd-underline-colored\">\n\t\t\t\t<div class=\"main-wrapp-img\">\n\t\t\t\t\t<div class=\"banner-image wd-bg-position-center\" >\n\t\t\t\t\t\t<img loading=\"lazy\" decoding=\"async\" width=\"300\" height=\"300\" src=\"https:\/\/www.lxbchip.com\/wp-content\/uploads\/2025\/12\/90-1-300x300.jpg\" class=\"attachment-300x300 size-300x300\" alt=\"\" \/>\t\t\t\t\t<\/div>\n\t\t\t\t<\/div>\n\n\t\t\t\t<div class=\"wrapper-content-banner wd-fill  wd-items-middle wd-justify-center\">\n\t\t\t\t\t<div class=\"content-banner  text-center\">\n\t\t\t\t\t\t<h4 class=\"banner-title wd-font-weight-400 wd-fontsize-l\">Kalite G\u00fcvence<\/h4>\t\t\t\t\t\t\t\t\t\t\t\t\t<div class=\"banner-inner reset-last-child wd-fontsize-xs\">\n\t\t\t\t\t\t\t\t<p><span style=\"color: #000000;\">Xilinx, ADI, TI, NXP, Infineon, Microchip, ON, Vishay, Maxim\/Dallas, AVAGO ve di\u011ferleri dahil olmak \u00fczere \u00f6nde gelen \u00fcreticilerden orijinal bile\u015fenler tedarik ediyoruz. Her sevkiyat, tedarik ve \u00fcretimdeki riski azaltmak i\u00e7in kalite denetimi ve uyumluluk odakl\u0131 s\u00fcre\u00e7lerle desteklenmektedir.<\/span><\/p>\n\t\t\t\t\t\t\t<\/div>\n\t\t\t\t\t\t\n\t\t\t\t\t\t\n\t\t\t\t\t\t\t\t\t\t\t<\/div>\n\t\t\t\t<\/div>\n\n\t\t\t\t\t\t\t\t\t<a class=\"wd-promo-banner-link wd-fill\" aria-label=\"Banner ba\u011flant\u0131s\u0131\" href=\"#\" title=\"\"><\/a>\n\t\t\t\t\n\t\t\t\t\t\t\t<\/div>\n\t\t<\/div>\n\n\t\t<\/div><\/div><\/div><div class=\"wpb_column vc_column_container vc_col-sm-4 vc_col-lg-4 vc_col-md-4 vc_col-xs-12 wd-rs-61121a88c3793\"><div class=\"vc_column-inner vc_custom_1628576395208\"><div class=\"wpb_wrapper\">\t\t<div class=\"promo-banner-wrapper  wd-rs-694003842ed8e  wd-width-custom\">\n\t\t\t<div id=\"wd-694003842ed8e\" class=\"promo-banner  banner-background banner-hover-parallax color-scheme-dark banner-btn-size-small banner-btn-style-link  wd-with-link wd-underline-colored\">\n\t\t\t\t<div class=\"main-wrapp-img\">\n\t\t\t\t\t<div class=\"banner-image wd-bg-position-center\" >\n\t\t\t\t\t\t<img loading=\"lazy\" decoding=\"async\" width=\"300\" height=\"300\" src=\"https:\/\/www.lxbchip.com\/wp-content\/uploads\/2025\/12\/electronic--300x300.jpg\" class=\"attachment-300x300 size-300x300\" alt=\"\" \/>\t\t\t\t\t<\/div>\n\t\t\t\t<\/div>\n\n\t\t\t\t<div class=\"wrapper-content-banner wd-fill  wd-items-middle wd-justify-center\">\n\t\t\t\t\t<div class=\"content-banner  text-center\">\n\t\t\t\t\t\t<h4 class=\"banner-title wd-font-weight-400 wd-fontsize-l\">Teknolojileri<\/h4>\t\t\t\t\t\t\t\t\t\t\t\t\t<div class=\"banner-inner reset-last-child wd-fontsize-xs\">\n\t\t\t\t\t\t\t\t<p><span style=\"color: #000000;\">LoRa, 5G, RF, AI \u00f6zellikli sistemler<\/span><br \/>\n<span style=\"color: #000000;\">Ak\u0131ll\u0131 ev a\u011f ge\u00e7itleri ve sens\u00f6rleri<\/span><br \/>\n<span style=\"color: #000000;\">End\u00fcstriyel kablosuz izleme sistemleri<\/span><br \/>\n<span style=\"color: #000000;\">Giyilebilir ve ta\u015f\u0131nabilir cihazlar<\/span><br \/>\n<span style=\"color: #000000;\">D\u00fc\u015f\u00fck g\u00fc\u00e7l\u00fc geni\u015f alan IoT (LPWAN) \u00e7\u00f6z\u00fcmleri<\/span><br \/>\n<span style=\"color: #000000;\">End\u00fcstriyel ve U\u00e7 IoT<\/span><\/p>\n\t\t\t\t\t\t\t<\/div>\n\t\t\t\t\t\t\n\t\t\t\t\t\t\n\t\t\t\t\t\t\t\t\t\t\t<\/div>\n\t\t\t\t<\/div>\n\n\t\t\t\t\t\t\t\t\t<a class=\"wd-promo-banner-link wd-fill\" aria-label=\"Banner ba\u011flant\u0131s\u0131\" href=\"#\" title=\"\"><\/a>\n\t\t\t\t\n\t\t\t\t\t\t\t<\/div>\n\t\t<\/div>\n\n\t\t<\/div><\/div><\/div><div class=\"wpb_column vc_column_container vc_col-sm-4 vc_col-lg-4 vc_col-md-4 vc_col-xs-12 wd-rs-61121a8ce65d4\"><div class=\"vc_column-inner vc_custom_1628576399193\"><div class=\"wpb_wrapper\">\t\t<div class=\"promo-banner-wrapper  wd-rs-694003966e49f  wd-width-custom\">\n\t\t\t<div id=\"wd-694003966e49f\" class=\"promo-banner  banner-background banner-hover-parallax color-scheme-dark banner-btn-size-small banner-btn-style-link  wd-with-link wd-underline-colored\">\n\t\t\t\t<div class=\"main-wrapp-img\">\n\t\t\t\t\t<div class=\"banner-image wd-bg-position-center\" >\n\t\t\t\t\t\t<img loading=\"lazy\" decoding=\"async\" width=\"300\" height=\"300\" src=\"https:\/\/www.lxbchip.com\/wp-content\/uploads\/2025\/12\/around-city-300x300.jpg\" class=\"attachment-300x300 size-300x300\" alt=\"\" \/>\t\t\t\t\t<\/div>\n\t\t\t\t<\/div>\n\n\t\t\t\t<div class=\"wrapper-content-banner wd-fill  wd-items-middle wd-justify-center\">\n\t\t\t\t\t<div class=\"content-banner  text-center\">\n\t\t\t\t\t\t<h4 class=\"banner-title wd-font-weight-400 wd-fontsize-l\">Ak\u0131ll\u0131 Ba\u011flant\u0131<\/h4>\t\t\t\t\t\t\t\t\t\t\t\t\t<div class=\"banner-inner reset-last-child wd-fontsize-xs\">\n\t\t\t\t\t\t\t\t<p><span style=\"color: #000000;\">Teknolojiler: Wi-Fi, Bluetooth, LoRa, 5G, Madde<\/span><br \/>\n<span style=\"color: #000000;\">LXB Semicon, ak\u0131ll\u0131 evler, end\u00fcstriyel otomasyon, varl\u0131k takibi ve t\u00fcketici elektroni\u011fi i\u00e7in IoT ba\u011flant\u0131 tasar\u0131mlar\u0131n\u0131 destekler. \u0130stikrarl\u0131 performans, d\u00fc\u015f\u00fck g\u00fc\u00e7 t\u00fcketimi ve uzun vadeli kullan\u0131labilirlik sa\u011flamak i\u00e7in m\u00fc\u015fterilere uygun kablosuz mod\u00fclleri, MCU'lar\u0131, RF bile\u015fenlerini ve g\u00fc\u00e7 cihazlar\u0131n\u0131 se\u00e7melerinde yard\u0131mc\u0131 oluyoruz.<\/span><\/p>\n\t\t\t\t\t\t\t<\/div>\n\t\t\t\t\t\t\n\t\t\t\t\t\t\n\t\t\t\t\t\t\t\t\t\t\t<\/div>\n\t\t\t\t<\/div>\n\n\t\t\t\t\t\t\t\t\t<a class=\"wd-promo-banner-link wd-fill\" aria-label=\"Banner ba\u011flant\u0131s\u0131\" href=\"#\" title=\"\"><\/a>\n\t\t\t\t\n\t\t\t\t\t\t\t<\/div>\n\t\t<\/div>\n\n\t\t<\/div><\/div><\/div><\/div><div class=\"vc_row wpb_row vc_row-fluid vc_custom_1765796077325 wd-rs-693fe8d77ff97\"><div class=\"wpb_column vc_column_container vc_col-sm-12\"><div class=\"vc_column-inner\"><div class=\"wpb_wrapper\">\n\t\t<div id=\"wd-693fff74822a0\" class=\"title-wrapper wd-wpb wd-set-mb reset-last-child  wd-rs-693fff74822a0 wd-title-color-default wd-title-style-underlined text-center  wd-underline-colored\">\n\t\t\t\t\t\t\t\n\t\t\t\t<div class=\"title-subtitle  subtitle-color-default font-default subtitle-style-default wd-font-weight- wd-fontsize-xs\">LXB Semicon<\/div>\n\t\t\t\n\t\t\t<div class=\"liner-continer\">\n\t\t\t\t<h4 class=\"woodmart-title-container title  wd-font-weight-600 wd-fontsize-l\" >M\u00fchendisler ve Al\u0131c\u0131lar Neden LXB Semicon'u Se\u00e7iyor?<\/h4>\n\t\t\t\t\t\t\t<\/div>\n\t\t\t\n\t\t\t\t\t\t\t<div class=\"title-after_title reset-last-child  wd-fontsize-xs\">* K\u00fcresel IC markalar\u0131n\u0131n yetkili-kalite tedariki<\/p>\n<p>* \u00d6zg\u00fcnl\u00fck ve izlenebilirlik sa\u011flayan deneyimli kalite kontrol ekibi<\/p>\n<p>* Numune, d\u00fc\u015f\u00fck hacimli ve seri \u00fcretim i\u00e7in esnek tedarik zinciri deste\u011fi<\/p>\n<p>* Sadece par\u00e7a teslimi de\u011fil, m\u00fchendislik odakl\u0131 hizmet<\/p>\n<p>* Uluslararas\u0131 uyumluluk standartlar\u0131yla uyumlu k\u00fcresel m\u00fc\u015fteri deste\u011fi<\/p>\n<p>Shenzhen'in elektronik merkezinde bulunan profesyonel bir ekip ve sat\u0131\u015f, sat\u0131n alma, kalite kontrol ve lojisti\u011fi kapsayan yap\u0131land\u0131r\u0131lm\u0131\u015f bir i\u00e7 organizasyon ile LXB Semicon, k\u00fcresel pazarlar i\u00e7in IoT \u00fcr\u00fcnleri geli\u015ftiren \u015firketler i\u00e7in g\u00fcvenilir bir ortakt\u0131r.<\/div>\n\t\t\t\n\t\t\t\n\t\t<\/div>\n\t\t\n\t\t<\/div><\/div><\/div><\/div>\n<\/div>","protected":false},"excerpt":{"rendered":"IoT Resource Solutions Trusted Electronic Components and Supply Chain Support for Connected Systems. Shenzhen Lianxinbang (LXB Semicon) Technology Co., Ltd.","protected":false},"author":1,"featured_media":0,"parent":0,"menu_order":0,"comment_status":"closed","ping_status":"closed","template":"","meta":{"_acf_changed":false,"footnotes":""},"class_list":["post-8539","page","type-page","status-publish","hentry"],"acf":[],"aioseo_notices":[],"_links":{"self":[{"href":"https:\/\/www.lxbchip.com\/tr\/wp-json\/wp\/v2\/pages\/8539","targetHints":{"allow":["GET"]}}],"collection":[{"href":"https:\/\/www.lxbchip.com\/tr\/wp-json\/wp\/v2\/pages"}],"about":[{"href":"https:\/\/www.lxbchip.com\/tr\/wp-json\/wp\/v2\/types\/page"}],"author":[{"embeddable":true,"href":"https:\/\/www.lxbchip.com\/tr\/wp-json\/wp\/v2\/users\/1"}],"replies":[{"embeddable":true,"href":"https:\/\/www.lxbchip.com\/tr\/wp-json\/wp\/v2\/comments?post=8539"}],"version-history":[{"count":13,"href":"https:\/\/www.lxbchip.com\/tr\/wp-json\/wp\/v2\/pages\/8539\/revisions"}],"predecessor-version":[{"id":8795,"href":"https:\/\/www.lxbchip.com\/tr\/wp-json\/wp\/v2\/pages\/8539\/revisions\/8795"}],"wp:attachment":[{"href":"https:\/\/www.lxbchip.com\/tr\/wp-json\/wp\/v2\/media?parent=8539"}],"curies":[{"name":"wp","href":"https:\/\/api.w.org\/{rel}","templated":true}]}}