{"id":8460,"date":"2025-12-15T12:53:47","date_gmt":"2025-12-15T04:53:47","guid":{"rendered":"https:\/\/www.lxbchip.com\/?page_id=8460"},"modified":"2025-12-20T15:55:08","modified_gmt":"2025-12-20T07:55:08","slug":"industrial-automation","status":"publish","type":"page","link":"https:\/\/www.lxbchip.com\/tr\/industrial-automation\/","title":{"rendered":"End\u00fcstriyel Otomasyon"},"content":{"rendered":"<div class=\"wpb-content-wrapper\"><div class=\"vc_row wpb_row vc_row-fluid vc_custom_1765779186129 wd-rs-693fa6ea5c73f\"><div class=\"wpb_column vc_column_container vc_col-sm-12 wd-rs-63514c8260958\"><div class=\"vc_column-inner vc_custom_1666272391679\"><div class=\"wpb_wrapper\">\n\t\t<div id=\"wd-6946563f2d3df\" class=\"title-wrapper wd-wpb wd-set-mb reset-last-child  wd-rs-6946563f2d3df wd-title-color-default wd-title-style-default text-center  wd-underline-colored\">\n\t\t\t\n\t\t\t<div class=\"liner-continer\">\n\t\t\t\t<h4 class=\"woodmart-title-container title  wd-font-weight- wd-fontsize-m\" >End\u00fcstriyel Otomasyon \u00c7\u00f6z\u00fcmleri<\/h4>\n\t\t\t\t\t\t\t<\/div>\n\t\t\t\n\t\t\t\t\t\t\t<div class=\"title-after_title reset-last-child  wd-fontsize-xs\">PLC'ler, hareket kontrol\u00fc, robotik ve end\u00fcstriyel a\u011flar i\u00e7in g\u00fcvenilir yar\u0131 iletken tedariki<\/div>\n\t\t\t\n\t\t\t\n\t\t<\/div>\n\t\t\n\t\t\t\t<div id=\"wd-693fd3a888c79\" class=\"wd-image wd-wpb wd-rs-693fd3a888c79 text-center\">\n\t\t\t\n\t\t\t<img loading=\"lazy\" decoding=\"async\" width=\"600\" height=\"343\" src=\"https:\/\/www.lxbchip.com\/wp-content\/uploads\/2025\/12\/90.jpg\" class=\"attachment-600x343 size-600x343\" alt=\"\" srcset=\"https:\/\/www.lxbchip.com\/wp-content\/uploads\/2025\/12\/90.jpg 600w, https:\/\/www.lxbchip.com\/wp-content\/uploads\/2025\/12\/90-150x86.jpg 150w, https:\/\/www.lxbchip.com\/wp-content\/uploads\/2025\/12\/90-300x172.jpg 300w, https:\/\/www.lxbchip.com\/wp-content\/uploads\/2025\/12\/90-18x10.jpg 18w\" sizes=\"auto, (max-width: 600px) 100vw, 600px\" \/>\n\t\t\t\t\t<\/div>\n\t\t\t\t<div id=\"wd-693f98e1c148a\" class=\"wd-text-block wd-wpb reset-last-child wd-rs-693f98e1c148a text-center vc_custom_1765775659395\">\n\t\t\t<div class=\"flex flex-col text-sm @w-xl\/main:pt-header-height pb-25\">\n<article class=\"text-token-text-primary w-full focus:outline-none &#091;--shadow-height:45px&#093; has-data-writing-block:pointer-events-none has-data-writing-block:-mt-(--shadow-height) has-data-writing-block:pt-(--shadow-height) &#091;&amp;:has(&#091;data-writing-block&#093;)&gt;*&#093;:pointer-events-auto scroll-mt-&#091;calc(var(--header-height)+min(200px,max(70px,20svh)))&#093;\" dir=\"auto\" tabindex=\"-1\" data-turn-id=\"request-WEB:4df86dff-3bf5-4179-906a-0ffa94fce0a2-4\" data-testid=\"conversation-turn-10\" data-scroll-anchor=\"true\" data-turn=\"assistant\">\n<div class=\"text-base my-auto mx-auto pb-10 &#091;--thread-content-margin:--spacing(4)&#093; @w-sm\/main:&#091;--thread-content-margin:--spacing(6)&#093; @w-lg\/main:&#091;--thread-content-margin:--spacing(16)&#093; px-(--thread-content-margin)\">\n<div class=\"&#091;--thread-content-max-width:40rem&#093; @w-lg\/main:&#091;--thread-content-max-width:48rem&#093; mx-auto max-w-(--thread-content-max-width) flex-1 group\/turn-messages focus-visible:outline-hidden relative flex w-full min-w-0 flex-col agent-turn\" tabindex=\"-1\">\n<div class=\"flex max-w-full flex-col grow\">\n<div class=\"min-h-8 text-message relative flex w-full flex-col items-end gap-2 text-start break-words whitespace-normal &#091;.text-message+&amp;&#093;:mt-1\" dir=\"auto\" data-message-author-role=\"assistant\" data-message-id=\"27b267f3-ab48-4550-8cfe-e692a4c37bff\" data-message-model-slug=\"gpt-5-2\">\n<div class=\"flex w-full flex-col gap-1 empty:hidden first:pt-&#091;1px&#093;\">\n<div class=\"markdown prose dark:prose-invert w-full break-words light markdown-new-styling\">\n<p data-start=\"0\" data-end=\"178\" data-is-last-node=\"\" data-is-only-node=\"\">End\u00fcstriyel otomasyon sistemleri, t\u00fcm ya\u015fam d\u00f6ng\u00fcleri boyunca s\u00fcrekli ve g\u00fcvenilir bir \u00e7al\u0131\u015fma sa\u011flamak i\u00e7in son derece g\u00fcvenilir, uzun \u00f6m\u00fcrl\u00fc bile\u015fenler ve istikrarl\u0131 tedarik zincirleri gerektirir.<\/p>\n<\/div>\n<\/div>\n<\/div>\n<\/div>\n<div class=\"z-0 flex min-h-&#091;46px&#093; justify-start\"><\/div>\n<div class=\"mt-3 w-full empty:hidden\">\n<div class=\"text-center\"><\/div>\n<\/div>\n<\/div>\n<\/div>\n<\/article>\n<\/div>\n<div class=\"pointer-events-none h-px w-px absolute bottom-0\" aria-hidden=\"true\" data-edge=\"true\"><\/div>\n\t\t<\/div>\n\t\t<\/div><\/div><\/div><\/div><div class=\"vc_row wpb_row vc_row-fluid vc_custom_1666272691679 wd-rs-63514da96d73a\"><div class=\"wpb_column vc_column_container vc_col-sm-12 wd-rs-63514c870daab\"><div class=\"vc_column-inner vc_custom_1666272395956\"><div class=\"wpb_wrapper\">\n\t\t<div id=\"wd-693fa1ee2f4e3\" class=\"title-wrapper wd-wpb wd-set-mb reset-last-child  wd-rs-693fa1ee2f4e3 wd-title-color-default wd-title-style-default text-left vc_custom_1765777921811 wd-underline-colored\">\n\t\t\t\n\t\t\t<div class=\"liner-continer\">\n\t\t\t\t<h4 class=\"woodmart-title-container title  wd-font-weight- wd-fontsize-m\" >PLC'ler ve End\u00fcstriyel Kontrol Sistemleri<\/h4>\n\t\t\t\t\t\t\t<\/div>\n\t\t\t\n\t\t\t\n\t\t\t\n\t\t<\/div>\n\t\t\n\t\t\t\t<div id=\"wd-693fa22ab9767\" class=\"wd-text-block wd-wpb reset-last-child wd-rs-693fa22ab9767 text-left vc_custom_1765777979941\">\n\t\t\t<p>Programlanabilir Mant\u0131k Denetleyicileri (PLC'ler), ger\u00e7ek zamanl\u0131 kontrol, mant\u0131k y\u00fcr\u00fctme ve sistem koordinasyonundan sorumlu olan end\u00fcstriyel otomasyonun \u00e7ekirde\u011fidir. Bu sistemler, uzun s\u00fcreli kullan\u0131labilirli\u011fe ve tutarl\u0131 elektrik performans\u0131na sahip end\u00fcstriyel s\u0131n\u0131f bile\u015fenler gerektirir.<\/p>\n\t\t<\/div>\n\t\t\t\t\t<div id=\"carousel-495\" class=\"wd-carousel-container info-box-carousel-wrapper wd-wpb  vc_custom_1765778087335 wd-rs-693fa295581c3\">\n\t\t\t\t<div class=\"wd-carousel-inner\">\n\t\t\t\t\t<div class=\"wd-carousel wd-grid info-box-carousel\" data-scroll_per_page=\"yes\" style=\"--wd-col-lg:4;--wd-col-md:4;--wd-col-sm:1;--wd-gap-lg:10px;\">\n\t\t\t\t\t\t<div class=\"wd-carousel-wrap\">\n\t\t\t\t\t\t\t\t\t\t<div class=\"info-box-wrapper wd-carousel-item\">\n\t\t\t\t<div id=\"wd-693f9f30e8fb8\" class=\"wd-rs-693f9f30e8fb8 wd-info-box wd-wpb text-center box-icon-align-top box-style- color-scheme- wd-bg-none vc_custom_1765778214961\">\n\t\t\t\t\t\t\t\t\t\t\t<div class=\"box-icon-wrapper  box-with-icon box-icon-simple\">\n\t\t\t\t\t\t\t<div class=\"info-box-icon\">\n\n\t\t\t\t\t\t\t\n\t\t\t\t\t\t\t\t\t\t\t\t\t\t\t\t\t<div class=\"info-svg-wrapper\" style=\"width: 64px;height: 64px;\"><img decoding=\"async\"  src=\"https:\/\/www.lxbchip.com\/wp-content\/themes\/woodmart\/images\/lazy.svg\" data-src=\"https:\/\/www.lxbchip.com\/wp-content\/uploads\/2025\/12\/logitech-g735-icon-1-1.svg\" loading=\"lazy\" width=\"64\" height=\"64\"><\/div>\t\t\t\t\t\t\t\t\t\t\t\t\t\t\t\n\t\t\t\t\t\t\t<\/div>\n\t\t\t\t\t\t<\/div>\n\t\t\t\t\t\t\t\t\t\t<div class=\"info-box-content\">\n\t\t\t\t\t\t\t\t\t\t\t\t<div class=\"info-box-inner reset-last-child\"><p>Kontrol mant\u0131\u011f\u0131 ve geni\u015fletme i\u00e7in XILINX ve ALTERA FPGA'lar<\/p>\n<\/div>\n\n\t\t\t\t\t\t\t\t\t\t\t<\/div>\n\n\t\t\t\t\t\n\t\t\t\t\t\t\t\t\t<\/div>\n\t\t\t<\/div>\n\t\t\t\t\t<div class=\"info-box-wrapper wd-carousel-item\">\n\t\t\t\t<div id=\"wd-693fa32e34b7b\" class=\"wd-rs-693fa32e34b7b wd-info-box wd-wpb text-center box-icon-align-top box-style- color-scheme- wd-bg-none vc_custom_1765778228987\">\n\t\t\t\t\t\t\t\t\t\t\t<div class=\"box-icon-wrapper  box-with-icon box-icon-simple\">\n\t\t\t\t\t\t\t<div class=\"info-box-icon\">\n\n\t\t\t\t\t\t\t\n\t\t\t\t\t\t\t\t\t\t\t\t\t\t\t\t\t<div class=\"info-svg-wrapper\" style=\"width: 64px;height: 64px;\"><img decoding=\"async\"  src=\"https:\/\/www.lxbchip.com\/wp-content\/themes\/woodmart\/images\/lazy.svg\" data-src=\"https:\/\/www.lxbchip.com\/wp-content\/uploads\/2025\/12\/logitech-g735-icon-2-1.svg\" loading=\"lazy\" width=\"64\" height=\"64\"><\/div>\t\t\t\t\t\t\t\t\t\t\t\t\t\t\t\n\t\t\t\t\t\t\t<\/div>\n\t\t\t\t\t\t<\/div>\n\t\t\t\t\t\t\t\t\t\t<div class=\"info-box-content\">\n\t\t\t\t\t\t\t\t\t\t\t\t<div class=\"info-box-inner reset-last-child\"><p>ADI ve TI analog ve g\u00fc\u00e7 y\u00f6netimi IC'leri<\/p>\n<\/div>\n\n\t\t\t\t\t\t\t\t\t\t\t<\/div>\n\n\t\t\t\t\t\n\t\t\t\t\t\t\t\t\t<\/div>\n\t\t\t<\/div>\n\t\t\t\t\t<div class=\"info-box-wrapper wd-carousel-item\">\n\t\t\t\t<div id=\"wd-693fa2d86ed9c\" class=\"wd-rs-693fa2d86ed9c wd-info-box wd-wpb text-center box-icon-align-top box-style- color-scheme- wd-bg-none vc_custom_1765778259880\">\n\t\t\t\t\t\t\t\t\t\t\t<div class=\"box-icon-wrapper  box-with-icon box-icon-simple\">\n\t\t\t\t\t\t\t<div class=\"info-box-icon\">\n\n\t\t\t\t\t\t\t\n\t\t\t\t\t\t\t\t\t\t\t\t\t\t\t\t\t<div class=\"info-svg-wrapper\" style=\"width: 64px;height: 64px;\"><img decoding=\"async\"  src=\"https:\/\/www.lxbchip.com\/wp-content\/themes\/woodmart\/images\/lazy.svg\" data-src=\"https:\/\/www.lxbchip.com\/wp-content\/uploads\/2025\/12\/logitech-g735-icon-3-1.svg\" loading=\"lazy\" width=\"64\" height=\"64\"><\/div>\t\t\t\t\t\t\t\t\t\t\t\t\t\t\t\n\t\t\t\t\t\t\t<\/div>\n\t\t\t\t\t\t<\/div>\n\t\t\t\t\t\t\t\t\t\t<div class=\"info-box-content\">\n\t\t\t\t\t\t\t\t\t\t\t\t<div class=\"info-box-inner reset-last-child\"><p>Eski ve uzun \u00f6m\u00fcrl\u00fc end\u00fcstriyel platformlar i\u00e7in destek<\/p>\n<\/div>\n\n\t\t\t\t\t\t\t\t\t\t\t<\/div>\n\n\t\t\t\t\t\n\t\t\t\t\t\t\t\t\t<\/div>\n\t\t\t<\/div>\n\t\t\t\t\t<div class=\"info-box-wrapper wd-carousel-item\">\n\t\t\t\t<div id=\"wd-693fa359e9acd\" class=\"wd-rs-693fa359e9acd wd-info-box wd-wpb text-center box-icon-align-top box-style- color-scheme- wd-bg-none vc_custom_1765778275020\">\n\t\t\t\t\t\t\t\t\t\t\t<div class=\"box-icon-wrapper  box-with-icon box-icon-simple\">\n\t\t\t\t\t\t\t<div class=\"info-box-icon\">\n\n\t\t\t\t\t\t\t\n\t\t\t\t\t\t\t\t\t\t\t\t\t\t\t\t\t<div class=\"info-svg-wrapper\" style=\"width: 64px;height: 64px;\"><img decoding=\"async\"  src=\"https:\/\/www.lxbchip.com\/wp-content\/themes\/woodmart\/images\/lazy.svg\" data-src=\"https:\/\/www.lxbchip.com\/wp-content\/uploads\/2025\/12\/logitech-g735-icon-3-1.svg\" loading=\"lazy\" width=\"64\" height=\"64\"><\/div>\t\t\t\t\t\t\t\t\t\t\t\t\t\t\t\n\t\t\t\t\t\t\t<\/div>\n\t\t\t\t\t\t<\/div>\n\t\t\t\t\t\t\t\t\t\t<div class=\"info-box-content\">\n\t\t\t\t\t\t\t\t\t\t\t\t<div class=\"info-box-inner reset-last-child\"><p>Hem yeni tasar\u0131mlar hem de mevcut sistemler i\u00e7in istikrarl\u0131 tedarik<\/p>\n<\/div>\n\n\t\t\t\t\t\t\t\t\t\t\t<\/div>\n\n\t\t\t\t\t\n\t\t\t\t\t\t\t\t\t<\/div>\n\t\t\t<\/div>\n\t\t\t\t\t\t\t\t<\/div>\n\t\t\t\t\t<\/div>\n\n\t\t\t\t\t\t\t\t\t\t\t\t\t<div class=\"wd-nav-arrows wd-pos-sep wd-hover-1 wd-icon-1\">\n\t\t\t<div class=\"wd-btn-arrow wd-prev wd-disabled\">\n\t\t\t\t<div class=\"wd-arrow-inner\"><\/div>\n\t\t\t<\/div>\n\t\t\t<div class=\"wd-btn-arrow wd-next\">\n\t\t\t\t<div class=\"wd-arrow-inner\"><\/div>\n\t\t\t<\/div>\n\t\t<\/div>\n\t\t\t\t\t\t\t\t\t\t\t<\/div>\n\n\t\t\t\t\t\t\t\t\t\t\t<\/div>\n\t\t<\/div><\/div><\/div><\/div><div class=\"vc_row wpb_row vc_row-fluid wd-rs-6377819b27d07\"><div class=\"wpb_column vc_column_container vc_col-sm-12 wd-rs-63514db6c5d19\"><div class=\"vc_column-inner vc_custom_1666272699823\"><div class=\"wpb_wrapper\">\n\t\t<div id=\"wd-693fa3cbae311\" class=\"title-wrapper wd-wpb wd-set-mb reset-last-child  wd-rs-693fa3cbae311 wd-title-color-default wd-title-style-default text-left vc_custom_1765778387201 wd-underline-colored\">\n\t\t\t\n\t\t\t<div class=\"liner-continer\">\n\t\t\t\t<h4 class=\"woodmart-title-container title  wd-font-weight- wd-fontsize-m\" >End\u00fcstriyel \u0130leti\u015fim ve A\u011f \u0130leti\u015fimi<\/h4>\n\t\t\t\t\t\t\t<\/div>\n\t\t\t\n\t\t\t\n\t\t\t\n\t\t<\/div>\n\t\t\n\t\t\t\t<div id=\"wd-693fa5ca95668\" class=\"wd-text-block wd-wpb reset-last-child wd-rs-693fa5ca95668 text-left\">\n\t\t\t<article class=\"text-token-text-primary w-full focus:outline-none &#091;--shadow-height:45px&#093; has-data-writing-block:pointer-events-none has-data-writing-block:-mt-(--shadow-height) has-data-writing-block:pt-(--shadow-height) &#091;&amp;:has(&#091;data-writing-block&#093;)&gt;*&#093;:pointer-events-auto scroll-mt-&#091;calc(var(--header-height)+min(200px,max(70px,20svh)))&#093;\" dir=\"auto\" tabindex=\"-1\" data-turn-id=\"ef837c3d-8107-4690-90a2-851d8ff66c7a\" data-testid=\"conversation-turn-2\" data-scroll-anchor=\"false\" data-turn=\"assistant\">\n<div class=\"text-base my-auto mx-auto &#091;--thread-content-margin:--spacing(4)&#093; @w-sm\/main:&#091;--thread-content-margin:--spacing(6)&#093; @w-lg\/main:&#091;--thread-content-margin:--spacing(16)&#093; px-(--thread-content-margin)\">\n<div class=\"&#091;--thread-content-max-width:40rem&#093; @w-lg\/main:&#091;--thread-content-max-width:48rem&#093; mx-auto max-w-(--thread-content-max-width) flex-1 group\/turn-messages focus-visible:outline-hidden relative flex w-full min-w-0 flex-col agent-turn\" tabindex=\"-1\">\n<div class=\"flex max-w-full flex-col grow\">\n<div class=\"min-h-8 text-message relative flex w-full flex-col items-end gap-2 text-start break-words whitespace-normal &#091;.text-message+&amp;&#093;:mt-1\" dir=\"auto\" data-message-author-role=\"assistant\" data-message-id=\"0d859a0e-b370-4790-8c61-0426cb3e22ec\" data-message-model-slug=\"gpt-5-2\">\n<div class=\"flex w-full flex-col gap-1 empty:hidden first:pt-&#091;1px&#093;\">\n<div class=\"markdown prose dark:prose-invert w-full break-words light markdown-new-styling\">\n<p data-start=\"0\" data-end=\"463\" data-is-last-node=\"\" data-is-only-node=\"\">End\u00fcstriyel otomasyon, g\u00fcvenilir, ger\u00e7ek zamanl\u0131 veri al\u0131\u015fveri\u015fi sa\u011flamak i\u00e7in PROFINET, EtherCAT, CAN, Modbus ve End\u00fcstriyel Ethernet gibi sa\u011flam ileti\u015fim protokollerine ba\u011fl\u0131d\u0131r. Ethernet PHY'ler ve end\u00fcstriyel s\u0131n\u0131f al\u0131c\u0131-vericiler, izolasyon ve sinyal b\u00fct\u00fcnl\u00fc\u011f\u00fc cihazlar\u0131 ve fieldbus ve end\u00fcstriyel a\u011flar i\u00e7in aray\u00fcz IC'leri gibi temel bile\u015fenleri tedarik ederek bu sistemleri destekliyor ve m\u00fc\u015fterilerin tedarik zinciri riskini azaltmalar\u0131na yard\u0131mc\u0131 olmak i\u00e7in \u00e7ok kaynakl\u0131 \u00e7\u00f6z\u00fcmler sunuyoruz.<\/p>\n<\/div>\n<\/div>\n<\/div>\n<\/div>\n<\/div>\n<\/div>\n<\/article>\n<article class=\"text-token-text-primary w-full focus:outline-none &#091;--shadow-height:45px&#093; has-data-writing-block:pointer-events-none has-data-writing-block:-mt-(--shadow-height) has-data-writing-block:pt-(--shadow-height) &#091;&amp;:has(&#091;data-writing-block&#093;)&gt;*&#093;:pointer-events-auto scroll-mt-(--header-height)\" dir=\"auto\" tabindex=\"-1\" data-turn-id=\"667e5748-dcd9-406a-8a29-e58d6677d5ab\" data-testid=\"conversation-turn-3\" data-scroll-anchor=\"false\" data-turn=\"user\"><\/article>\n\t\t<\/div>\n\t\t\t\t<div id=\"wd-693fd3b56b26b\" class=\"wd-image wd-wpb wd-rs-693fd3b56b26b text-center vc_custom_1765790652414\">\n\t\t\t\n\t\t\t<img loading=\"lazy\" decoding=\"async\" width=\"600\" height=\"356\" src=\"https:\/\/www.lxbchip.com\/wp-content\/uploads\/2025\/12\/chip.jpg\" class=\"attachment-600x356 size-600x356\" alt=\"\" srcset=\"https:\/\/www.lxbchip.com\/wp-content\/uploads\/2025\/12\/chip.jpg 600w, https:\/\/www.lxbchip.com\/wp-content\/uploads\/2025\/12\/chip-150x89.jpg 150w, https:\/\/www.lxbchip.com\/wp-content\/uploads\/2025\/12\/chip-300x178.jpg 300w, https:\/\/www.lxbchip.com\/wp-content\/uploads\/2025\/12\/chip-18x12.jpg 18w\" sizes=\"auto, (max-width: 600px) 100vw, 600px\" \/>\n\t\t\t\t\t<\/div>\n\t\t\n\t\t<div id=\"wd-693fa7b703283\" class=\"title-wrapper wd-wpb wd-set-mb reset-last-child  wd-rs-693fa7b703283 wd-title-color-default wd-title-style-default text-left vc_custom_1765779389357 wd-underline-colored\">\n\t\t\t\n\t\t\t<div class=\"liner-continer\">\n\t\t\t\t<h4 class=\"woodmart-title-container title  wd-font-weight- wd-fontsize-m\" >Hareket Kontrol\u00fc ve Akt\u00fcat\u00f6rler<\/h4>\n\t\t\t\t\t\t\t<\/div>\n\t\t\t\n\t\t\t\n\t\t\t\n\t\t<\/div>\n\t\t\n\t\t\t\t<div id=\"wd-693fa833ef5f8\" class=\"wd-text-block wd-wpb reset-last-child wd-rs-693fa833ef5f8 text-left\">\n\t\t\t<p>Hareket kontrol\u00fc ve akt\u00fcat\u00f6r sistemleri, zorlu end\u00fcstriyel ortamlarda motorlar\u0131, servolar\u0131 ve akt\u00fcat\u00f6rleri \u00e7al\u0131\u015ft\u0131rmak i\u00e7in hassas zamanlama, d\u00fc\u015f\u00fck gecikme s\u00fcresi ve y\u00fcksek g\u00fcvenilirlik gerektirir. Bu uygulamalar\u0131 motor kontrol ve s\u00fcr\u00fcc\u00fc IC'leri, MOSFET'ler ve IGBT'ler gibi g\u00fc\u00e7 cihazlar\u0131 ve senkronize hareket ve ger\u00e7ek zamanl\u0131 kontrol i\u00e7in FPGA'lar ve hareket platformlar\u0131n\u0131n istikrarl\u0131 \u00fcretimini sa\u011flamak i\u00e7in uzun vadeli tedarik planlamas\u0131 ile destekliyoruz.<\/p>\n\t\t<\/div>\n\t\t\t\t<div id=\"gallery_891\" class=\"wd-images-gallery wd-wpb wd-rs-693fb75d8471e vc_custom_1765783391617 photoswipe-images\" style=\"--wd-justify-content:center;--wd-align-items:center;\">\n\t\t\t\n\t\t\t<div class=\"wd-grid-g\" style=\"--wd-col-lg:3;--wd-col-md:3;--wd-col-sm:1;--wd-gap-lg:20px;--wd-gap-sm:10px;\">\n\t\t\t\t\n\t\t\t\t\t\t\t\t\t\t\t\t\t\n\t\t\t\t\t\t\t<\/div>\n\n\t\t\t\t\t<\/div>\n\t\t<\/div><\/div><\/div><\/div><div class=\"vc_row wpb_row vc_row-fluid vc_custom_1628576405426 wd-rs-61121a910fc4f\"><div class=\"wpb_column vc_column_container vc_col-sm-4 vc_col-lg-4 vc_col-md-4 vc_col-xs-12 wd-rs-61121a8376dee\"><div class=\"vc_column-inner vc_custom_1628576391085\"><div class=\"wpb_wrapper\">\t\t<div class=\"promo-banner-wrapper  wd-rs-693fe97854fe6  wd-width-custom\">\n\t\t\t<div id=\"wd-693fe97854fe6\" class=\"promo-banner  banner-background banner-hover-parallax color-scheme-dark banner-btn-size-small banner-btn-style-link  wd-with-link wd-underline-colored\">\n\t\t\t\t<div class=\"main-wrapp-img\">\n\t\t\t\t\t<div class=\"banner-image wd-bg-position-center\" >\n\t\t\t\t\t\t<img loading=\"lazy\" decoding=\"async\" width=\"300\" height=\"300\" src=\"https:\/\/www.lxbchip.com\/wp-content\/uploads\/2025\/12\/90-1-300x300.jpg\" class=\"attachment-300x300 size-300x300\" alt=\"\" \/>\t\t\t\t\t<\/div>\n\t\t\t\t<\/div>\n\n\t\t\t\t<div class=\"wrapper-content-banner wd-fill  wd-items-middle wd-justify-center\">\n\t\t\t\t\t<div class=\"content-banner  text-center\">\n\t\t\t\t\t\t<h4 class=\"banner-title wd-font-weight-400 wd-fontsize-l\">Hareket ve Akt\u00fcat\u00f6rler<\/h4>\t\t\t\t\t\t\t\t\t\t\t\t\t<div class=\"banner-inner reset-last-child wd-fontsize-xs\">\n\t\t\t\t\t\t\t\t<p>Hassas hareket kontrol\u00fc CNC makineleri, konvey\u00f6rler ve otomatik montaj hatlar\u0131 i\u00e7in gereklidir. Bile\u015fenlerimiz servo s\u00fcr\u00fcc\u00fclerde, step motor sistemlerinde ve VFD'lerde kullan\u0131l\u0131r; g\u00fc\u00e7 MOSFET'leri ve IGBT'leri, motor s\u00fcr\u00fcc\u00fcs\u00fc IC'leri ve ak\u0131m alg\u0131lama ve geri besleme cihazlar\u0131 istikrarl\u0131 ve do\u011fru hareket kontrol\u00fc sa\u011flar.<\/p>\n\t\t\t\t\t\t\t<\/div>\n\t\t\t\t\t\t\n\t\t\t\t\t\t\n\t\t\t\t\t\t\t\t\t\t\t<\/div>\n\t\t\t\t<\/div>\n\n\t\t\t\t\t\t\t\t\t<a class=\"wd-promo-banner-link wd-fill\" aria-label=\"Banner ba\u011flant\u0131s\u0131\" href=\"#\" title=\"\"><\/a>\n\t\t\t\t\n\t\t\t\t\t\t\t<\/div>\n\t\t<\/div>\n\n\t\t<\/div><\/div><\/div><div class=\"wpb_column vc_column_container vc_col-sm-4 vc_col-lg-4 vc_col-md-4 vc_col-xs-12 wd-rs-61121a88c3793\"><div class=\"vc_column-inner vc_custom_1628576395208\"><div class=\"wpb_wrapper\">\t\t<div class=\"promo-banner-wrapper  wd-rs-693fe98854437  wd-width-custom\">\n\t\t\t<div id=\"wd-693fe98854437\" class=\"promo-banner  banner-background banner-hover-parallax color-scheme-dark banner-btn-size-small banner-btn-style-link  wd-with-link wd-underline-colored\">\n\t\t\t\t<div class=\"main-wrapp-img\">\n\t\t\t\t\t<div class=\"banner-image wd-bg-position-center\" >\n\t\t\t\t\t\t<img loading=\"lazy\" decoding=\"async\" width=\"300\" height=\"300\" src=\"https:\/\/www.lxbchip.com\/wp-content\/uploads\/2025\/12\/electronic--300x300.jpg\" class=\"attachment-300x300 size-300x300\" alt=\"\" \/>\t\t\t\t\t<\/div>\n\t\t\t\t<\/div>\n\n\t\t\t\t<div class=\"wrapper-content-banner wd-fill  wd-items-middle wd-justify-center\">\n\t\t\t\t\t<div class=\"content-banner  text-center\">\n\t\t\t\t\t\t<h4 class=\"banner-title wd-font-weight-400 wd-fontsize-l\">End\u00fcstriyel Robotlar<\/h4>\t\t\t\t\t\t\t\t\t\t\t\t\t<div class=\"banner-inner reset-last-child wd-fontsize-xs\">\n\t\t\t\t\t\t\t\t<p>End\u00fcstriyel robotlar g\u00fcvenilir bir \u015fekilde \u00e7al\u0131\u015fmak i\u00e7in y\u00fcksek performansl\u0131 bilgi i\u015flem, hassas alg\u0131lama ve istikrarl\u0131 g\u00fc\u00e7 y\u00f6netimine ihtiya\u00e7 duyar. G\u00fcvenilir mant\u0131k kontrol\u00fc, do\u011fru sinyal ko\u015fulland\u0131rma, sens\u00f6r aray\u00fczleri ve sa\u011flam g\u00fc\u00e7 ve koruma deste\u011fi sa\u011flayan bile\u015fenlerimiz robotik kollarda, i\u015fbirlik\u00e7i robotlarda, kol sonu tak\u0131m kontrol\u00fcnde ve makine g\u00f6r\u00fc\u015f sistemlerinde yayg\u0131n olarak kullan\u0131lmaktad\u0131r.<\/p>\n\t\t\t\t\t\t\t<\/div>\n\t\t\t\t\t\t\n\t\t\t\t\t\t\n\t\t\t\t\t\t\t\t\t\t\t<\/div>\n\t\t\t\t<\/div>\n\n\t\t\t\t\t\t\t\t\t<a class=\"wd-promo-banner-link wd-fill\" aria-label=\"Banner ba\u011flant\u0131s\u0131\" href=\"#\" title=\"\"><\/a>\n\t\t\t\t\n\t\t\t\t\t\t\t<\/div>\n\t\t<\/div>\n\n\t\t<\/div><\/div><\/div><div class=\"wpb_column vc_column_container vc_col-sm-4 vc_col-lg-4 vc_col-md-4 vc_col-xs-12 wd-rs-61121a8ce65d4\"><div class=\"vc_column-inner vc_custom_1628576399193\"><div class=\"wpb_wrapper\">\t\t<div class=\"promo-banner-wrapper  wd-rs-693fe99db8e76  wd-width-custom\">\n\t\t\t<div id=\"wd-693fe99db8e76\" class=\"promo-banner  banner-background banner-hover-parallax color-scheme-dark banner-btn-size-small banner-btn-style-link  wd-with-link wd-underline-colored\">\n\t\t\t\t<div class=\"main-wrapp-img\">\n\t\t\t\t\t<div class=\"banner-image wd-bg-position-center\" >\n\t\t\t\t\t\t<img loading=\"lazy\" decoding=\"async\" width=\"300\" height=\"300\" src=\"https:\/\/www.lxbchip.com\/wp-content\/uploads\/2025\/12\/around-city-300x300.jpg\" class=\"attachment-300x300 size-300x300\" alt=\"\" \/>\t\t\t\t\t<\/div>\n\t\t\t\t<\/div>\n\n\t\t\t\t<div class=\"wrapper-content-banner wd-fill  wd-items-middle wd-justify-center\">\n\t\t\t\t\t<div class=\"content-banner  text-center\">\n\t\t\t\t\t\t<h4 class=\"banner-title wd-font-weight-400 wd-fontsize-l\">G\u00fcvenlik Sistemleri<\/h4>\t\t\t\t\t\t\t\t\t\t\t\t\t<div class=\"banner-inner reset-last-child wd-fontsize-xs\">\n\t\t\t\t\t\t\t\t<p>End\u00fcstriyel g\u00fcvenlik sistemleri kat\u0131 standartlara uymal\u0131 ve zorlu \u00e7al\u0131\u015fma ortamlar\u0131nda g\u00fcvenilirli\u011fini korumal\u0131d\u0131r. Bile\u015fenlerimiz acil durdurma sistemlerinde, g\u00fcvenlik PLC'lerinde, g\u00fcvenlik r\u00f6lelerinde ve optokupl\u00f6rler, izolasyon IC'leri, yedekli kontrol mant\u0131\u011f\u0131 ve sertifikal\u0131 g\u00fc\u00e7 ve koruma cihazlar\u0131 dahil olmak \u00fczere \u0131\u015f\u0131k perdesi korumas\u0131nda kullan\u0131l\u0131r.<\/p>\n\t\t\t\t\t\t\t<\/div>\n\t\t\t\t\t\t\n\t\t\t\t\t\t\n\t\t\t\t\t\t\t\t\t\t\t<\/div>\n\t\t\t\t<\/div>\n\n\t\t\t\t\t\t\t\t\t<a class=\"wd-promo-banner-link wd-fill\" aria-label=\"Banner ba\u011flant\u0131s\u0131\" href=\"#\" title=\"\"><\/a>\n\t\t\t\t\n\t\t\t\t\t\t\t<\/div>\n\t\t<\/div>\n\n\t\t<\/div><\/div><\/div><\/div><div class=\"vc_row wpb_row vc_row-fluid vc_custom_1765796077325 wd-rs-693fe8d77ff97\"><div class=\"wpb_column vc_column_container vc_col-sm-12\"><div class=\"vc_column-inner\"><div class=\"wpb_wrapper\">\n\t\t<div id=\"wd-693ff24180341\" class=\"title-wrapper wd-wpb wd-set-mb reset-last-child  wd-rs-693ff24180341 wd-title-color-default wd-title-style-bordered text-center  wd-underline-colored\">\n\t\t\t\t\t\t\t\n\t\t\t\t<div class=\"title-subtitle  subtitle-color-default font-default subtitle-style-default wd-font-weight- wd-fontsize-xs\">LXB Semicon<\/div>\n\t\t\t\n\t\t\t<div class=\"liner-continer\">\n\t\t\t\t<h4 class=\"woodmart-title-container title  wd-font-weight-600 wd-fontsize-l\" >Otomasyon M\u00fc\u015fterileri Neden Bizimle \u00c7al\u0131\u015f\u0131yor?<\/h4>\n\t\t\t\t\t\t\t<\/div>\n\t\t\t\n\t\t\t\t\t\t\t<div class=\"title-after_title reset-last-child  wd-fontsize-xs\">Otomasyon m\u00fc\u015fterileri, birden fazla end\u00fcstriyel otomasyon sekt\u00f6r\u00fcnde pratik deneyimle desteklenen tam izlenebilirli\u011fe sahip orijinal bile\u015fenler i\u00e7in LXB Semicon'u se\u00e7iyor. K\u00fcresel kaynak kullan\u0131m\u0131 ve acil \u00fcretim ihtiya\u00e7lar\u0131 i\u00e7in h\u0131zl\u0131 yan\u0131t verme yoluyla hem aktif hem de bulunmas\u0131 zor par\u00e7alar\u0131 destekliyoruz. S\u0131k\u0131 kalite denetimi ve uyumluluk odakl\u0131 s\u00fcre\u00e7lerle, projeleri prototipten seri \u00fcretime kadar destekleyerek m\u00fc\u015fterilerin sistemleri g\u00fcvenilir, \u00fcr\u00fcnleri uyumlu ve tedarik zincirlerini t\u00fcm \u00fcr\u00fcn ya\u015fam d\u00f6ng\u00fcs\u00fc boyunca istikrarl\u0131 tutmalar\u0131na yard\u0131mc\u0131 oluyoruz.<\/div>\n\t\t\t\n\t\t\t\n\t\t<\/div>\n\t\t\n\t\t<\/div><\/div><\/div><\/div>\n<\/div>","protected":false},"excerpt":{"rendered":"Industrial Automation Solutions Reliable semiconductor sourcing for PLCs, motion control, robotics, and industrial networks Industrial automation systems require highly reliable,","protected":false},"author":1,"featured_media":0,"parent":0,"menu_order":0,"comment_status":"closed","ping_status":"closed","template":"","meta":{"_acf_changed":false,"footnotes":""},"class_list":["post-8460","page","type-page","status-publish","hentry"],"acf":[],"aioseo_notices":[],"_links":{"self":[{"href":"https:\/\/www.lxbchip.com\/tr\/wp-json\/wp\/v2\/pages\/8460","targetHints":{"allow":["GET"]}}],"collection":[{"href":"https:\/\/www.lxbchip.com\/tr\/wp-json\/wp\/v2\/pages"}],"about":[{"href":"https:\/\/www.lxbchip.com\/tr\/wp-json\/wp\/v2\/types\/page"}],"author":[{"embeddable":true,"href":"https:\/\/www.lxbchip.com\/tr\/wp-json\/wp\/v2\/users\/1"}],"replies":[{"embeddable":true,"href":"https:\/\/www.lxbchip.com\/tr\/wp-json\/wp\/v2\/comments?post=8460"}],"version-history":[{"count":51,"href":"https:\/\/www.lxbchip.com\/tr\/wp-json\/wp\/v2\/pages\/8460\/revisions"}],"predecessor-version":[{"id":8792,"href":"https:\/\/www.lxbchip.com\/tr\/wp-json\/wp\/v2\/pages\/8460\/revisions\/8792"}],"wp:attachment":[{"href":"https:\/\/www.lxbchip.com\/tr\/wp-json\/wp\/v2\/media?parent=8460"}],"curies":[{"name":"wp","href":"https:\/\/api.w.org\/{rel}","templated":true}]}}