{"id":7982,"date":"2025-12-10T09:27:04","date_gmt":"2025-12-10T01:27:04","guid":{"rendered":"https:\/\/www.lxbchip.com\/?page_id=7982"},"modified":"2025-12-20T16:50:23","modified_gmt":"2025-12-20T08:50:23","slug":"request-a-quote","status":"publish","type":"page","link":"https:\/\/www.lxbchip.com\/tr\/request-a-quote\/","title":{"rendered":"Teklif \u0130steyin"},"content":{"rendered":"<div class=\"wpb-content-wrapper\"><div class=\"vc_row wpb_row vc_row-fluid vc_custom_1765348825122 vc_row-o-content-middle vc_row-flex wd-rs-693915c310c82\"><div class=\"wpb_column vc_column_container vc_col-sm-6 vc_col-md-6 wd-rs-694659b312013\"><div class=\"vc_column-inner vc_custom_1766218183915\"><div class=\"wpb_wrapper\">\n\t\t<div id=\"wd-694659c94dc69\" class=\"title-wrapper wd-wpb wd-set-mb reset-last-child  wd-rs-694659c94dc69 wd-title-color-default wd-title-style-default text-left vc_custom_1766218204611 wd-underline-colored\">\n\t\t\t\n\t\t\t<div class=\"liner-continer\">\n\t\t\t\t<h4 class=\"woodmart-title-container title  wd-font-weight-300 wd-fontsize-m\" >Ne Tedarik Ediyoruz<\/h4>\n\t\t\t\t\t\t\t<\/div>\n\t\t\t\n\t\t\t\n\t\t\t\n\t\t<\/div>\n\t\t\n\t\t\t\t<div id=\"wd-6938f275dee35\" class=\"wd-text-block wd-wpb reset-last-child wd-rs-6938f275dee35 text-left wd-fontsize-custom vc_custom_1765340289968\">\n\t\t\t<p>IC'ler, MCU'lar, FPGA'lar, ASIC'ler, diyotlar, transist\u00f6rler, MOSFET'ler, g\u00fc\u00e7 y\u00f6netimi IC'leri, sens\u00f6rler, konekt\u00f6rler, mod\u00fcller, pasif bile\u015fenler ve daha fazlas\u0131 dahil olmak \u00fczere \u00e7ok \u00e7e\u015fitli elektronik bile\u015fenler tedarik ediyoruz.<\/p>\n\t\t<\/div>\n\t\t<div class=\"vc_row wpb_row vc_inner vc_row-fluid\"><div class=\"wpb_column vc_column_container vc_col-sm-4\"><div class=\"vc_column-inner\"><div class=\"wpb_wrapper\">\t\t\t<div class=\"info-box-wrapper\">\n\t\t\t\t<div id=\"wd-69391461d2326\" class=\"wd-rs-69391461d2326 wd-info-box wd-wpb text-center box-icon-align-top box-style- color-scheme- wd-bg-none\">\n\t\t\t\t\t\t\t\t\t\t\t<div class=\"box-icon-wrapper  box-with-icon box-icon-simple\">\n\t\t\t\t\t\t\t<div class=\"info-box-icon\">\n\n\t\t\t\t\t\t\t\n\t\t\t\t\t\t\t\t\t\t\t\t\t\t\t\t\t<div class=\"info-svg-wrapper\" style=\"width: 65px;height: 65px;\"><img decoding=\"async\"  src=\"https:\/\/www.lxbchip.com\/wp-content\/themes\/woodmart\/images\/lazy.svg\" data-src=\"https:\/\/www.lxbchip.com\/wp-content\/uploads\/2025\/12\/toys-shape-1.svg\" loading=\"lazy\" width=\"65\" height=\"65\"><\/div>\t\t\t\t\t\t\t\t\t\t\t\t\t\t\t\n\t\t\t\t\t\t\t<\/div>\n\t\t\t\t\t\t<\/div>\n\t\t\t\t\t\t\t\t\t\t<div class=\"info-box-content\">\n\t\t\t\t\t\t<h4 class=\"info-box-title title box-title-style-default wd-fontsize-m\">Orijinal Bile\u015fenler<\/h4>\t\t\t\t\t\t<div class=\"info-box-inner reset-last-child\"><p>100% izlenebilir ve orijinal par\u00e7alar.<\/p>\n<\/div>\n\n\t\t\t\t\t\t\t\t\t\t\t<\/div>\n\n\t\t\t\t\t\n\t\t\t\t\t\t\t\t\t<\/div>\n\t\t\t<\/div>\n\t\t<\/div><\/div><\/div><div class=\"wpb_column vc_column_container vc_col-sm-4\"><div class=\"vc_column-inner\"><div class=\"wpb_wrapper\">\t\t\t<div class=\"info-box-wrapper\">\n\t\t\t\t<div id=\"wd-6938f498e298a\" class=\"wd-rs-6938f498e298a wd-info-box wd-wpb text-center box-icon-align-top box-style- color-scheme- wd-bg-none\">\n\t\t\t\t\t\t\t\t\t\t\t<div class=\"box-icon-wrapper  box-with-icon box-icon-simple\">\n\t\t\t\t\t\t\t<div class=\"info-box-icon\">\n\n\t\t\t\t\t\t\t\n\t\t\t\t\t\t\t\t\t\t\t\t\t\t\t\t\t<div class=\"info-svg-wrapper\" style=\"width: 65px;height: 65px;\"><img decoding=\"async\"  src=\"https:\/\/www.lxbchip.com\/wp-content\/themes\/woodmart\/images\/lazy.svg\" data-src=\"https:\/\/www.lxbchip.com\/wp-content\/uploads\/2025\/12\/toys-shape-2.svg\" loading=\"lazy\" width=\"65\" height=\"65\"><\/div>\t\t\t\t\t\t\t\t\t\t\t\t\t\t\t\n\t\t\t\t\t\t\t<\/div>\n\t\t\t\t\t\t<\/div>\n\t\t\t\t\t\t\t\t\t\t<div class=\"info-box-content\">\n\t\t\t\t\t\t<h4 class=\"info-box-title title box-title-style-default wd-fontsize-m\">Destek 24<\/h4>\t\t\t\t\t\t<div class=\"info-box-inner reset-last-child\"><p>24 saat i\u00e7inde h\u0131zl\u0131 fiyat teklifi. K\u00fcresel nakliye deste\u011fi.<\/p>\n<\/div>\n\n\t\t\t\t\t\t\t\t\t\t\t<\/div>\n\n\t\t\t\t\t\n\t\t\t\t\t\t\t\t\t<\/div>\n\t\t\t<\/div>\n\t\t<\/div><\/div><\/div><div class=\"wpb_column vc_column_container vc_col-sm-4\"><div class=\"vc_column-inner\"><div class=\"wpb_wrapper\">\t\t\t<div class=\"info-box-wrapper\">\n\t\t\t\t<div id=\"wd-6939161860da5\" class=\"wd-rs-6939161860da5 wd-info-box wd-wpb text-center box-icon-align-top box-style- color-scheme- wd-bg-none\">\n\t\t\t\t\t\t\t\t\t\t\t<div class=\"box-icon-wrapper  box-with-icon box-icon-simple\">\n\t\t\t\t\t\t\t<div class=\"info-box-icon\">\n\n\t\t\t\t\t\t\t\n\t\t\t\t\t\t\t\t\t\t\t\t\t\t\t\t\t<div class=\"info-svg-wrapper\" style=\"width: 65px;height: 65px;\"><img decoding=\"async\"  src=\"https:\/\/www.lxbchip.com\/wp-content\/themes\/woodmart\/images\/lazy.svg\" data-src=\"https:\/\/www.lxbchip.com\/wp-content\/uploads\/2025\/12\/toys-shape-3.svg\" loading=\"lazy\" width=\"65\" height=\"65\"><\/div>\t\t\t\t\t\t\t\t\t\t\t\t\t\t\t\n\t\t\t\t\t\t\t<\/div>\n\t\t\t\t\t\t<\/div>\n\t\t\t\t\t\t\t\t\t\t<div class=\"info-box-content\">\n\t\t\t\t\t\t<h4 class=\"info-box-title title box-title-style-default wd-fontsize-m\">LXB Semicon<\/h4>\t\t\t\t\t\t<div class=\"info-box-inner reset-last-child\"><p>Geni\u015f bile\u015fen tedarik kabiliyeti.<\/p>\n<\/div>\n\n\t\t\t\t\t\t\t\t\t\t\t<\/div>\n\n\t\t\t\t\t\n\t\t\t\t\t\t\t\t\t<\/div>\n\t\t\t<\/div>\n\t\t<\/div><\/div><\/div><\/div><\/div><\/div><\/div><div class=\"wpb_column vc_column_container vc_col-sm-6 wd-rs-6938f8b17ecf9\"><div class=\"vc_column-inner\"><div class=\"wpb_wrapper\"><div class=\"wpb_gallery wpb_content_element vc_clearfix vc_custom_1766220621869\" ><div class=\"wpb_wrapper\"><div class=\"wpb_gallery_slides wpb_flexslider flexslider_fade flexslider\" data-interval=\"3\" data-flex_fx=\"fade\"><ul class=\"slides\"><li><img decoding=\"async\" class=\"\" src=\"https:\/\/www.lxbchip.com\/wp-content\/themes\/woodmart\/images\/lazy.svg\" data-src=\"https:\/\/www.lxbchip.com\/wp-content\/uploads\/2025\/12\/151-400x220.jpg\" width=\"400\" height=\"220\" alt=\"151\" title=\"151\" loading=\"lazy\" \/><\/li><li><img decoding=\"async\" class=\"\" src=\"https:\/\/www.lxbchip.com\/wp-content\/themes\/woodmart\/images\/lazy.svg\" data-src=\"https:\/\/www.lxbchip.com\/wp-content\/uploads\/2025\/12\/fF4TVSNVf-400x220.jpg\" width=\"400\" height=\"220\" alt=\"fF4TVSNVf\" title=\"fF4TVSNVf\" loading=\"lazy\" \/><\/li><\/ul><\/div><\/div><\/div><\/div><\/div><\/div><\/div><div class=\"vc_row wpb_row vc_row-fluid\"><div class=\"wpb_column vc_column_container vc_col-sm-12\"><div class=\"vc_column-inner\"><div class=\"wpb_wrapper\">\n\t\t<div id=\"wd-6938f035a3cd3\" class=\"title-wrapper wd-wpb wd-set-mb reset-last-child  wd-rs-6938f035a3cd3 wd-title-color-gradient wd-title-style-default text-center vc_custom_1765339201515 wd-underline-colored\">\n\t\t\t\t\t\t\t\n\t\t\t\t<div class=\"title-subtitle  subtitle-color-gradient font-alt subtitle-style-default wd-font-weight- wd-fontsize-xs\">H\u0131zl\u0131 yan\u0131t - Minimum sipari\u015f yok<\/div>\n\t\t\t\n\t\t\t<div class=\"liner-continer\">\n\t\t\t\t<h4 class=\"woodmart-title-container title  wd-font-weight-600 wd-fontsize-l\" style=\"background-image:-webkit-linear-gradient(left , rgb(60, 27, 59) , rgb(90, 55, 105) 33% , rgb(46, 76, 130) 66% , rgb(29, 28, 44) 100%);background-image:linear-gradient(to right , rgb(60, 27, 59) , rgb(90, 55, 105) 33% , rgb(46, 76, 130) 66% , rgb(29, 28, 44) 100%);;\">Elektronik Bile\u015fenler i\u00e7in Teklif \u0130steyin<\/h4>\n\t\t\t\t\t\t\t<\/div>\n\t\t\t\n\t\t\t\t\t\t\t<div class=\"title-after_title reset-last-child  wd-fontsize-xs\">T\u00fcm par\u00e7alar, izlenebilir kaliteye sahip yetkili kanallardan temin edilir.<\/div>\n\t\t\t\n\t\t\t\n\t\t<\/div>\n\t\t\n\t\t<\/div><\/div><\/div><\/div><div class=\"vc_row wpb_row vc_row-fluid vc_custom_1629893241850 vc_row-o-equal-height vc_row-flex wd-rs-6126327347fb2\"><div class=\"wpb_column vc_column_container vc_col-sm-6\"><div class=\"vc_column-inner vc_custom_1484657119633\"><div class=\"wpb_wrapper\">\t\t<div id=\"wd-69391169dfb9c\" class=\"wd-text-block wd-wpb reset-last-child wd-rs-69391169dfb9c text-left\">\n\t\t\t<h5>G\u00fc\u00e7 t\u00fcketimini nas\u0131l de\u011ferlendirebilirim?<\/h5>\n<p>Xilinx \u015funlar\u0131 sa\u011flar <strong data-start=\"1947\" data-end=\"1972\">G\u00fc\u00e7 Tahmincisi ara\u00e7lar\u0131<\/strong> (XPE) do\u011fru de\u011ferlendirme i\u00e7in. ADSP DSP'ler i\u00e7in veri sayfalar\u0131, farkl\u0131 \u00e7al\u0131\u015fma modlar\u0131 i\u00e7in tipik ve maksimum g\u00fc\u00e7 t\u00fcketimi \u00f6l\u00e7\u00fcmleri sa\u011flar.<\/p>\n\t\t<\/div>\n\t\t\t\t<div id=\"wd-693911ad5165d\" class=\"wd-text-block wd-wpb reset-last-child wd-rs-693911ad5165d text-left\">\n\t\t\t<h5>Bu cihazlar i\u00e7in beklenen ya\u015fam d\u00f6ng\u00fcs\u00fc ve destek nedir?<\/h5>\n<p>Bu \u00fcr\u00fcnler Xilinx ve Analog Devices'\u0131n uzun vadeli deste\u011fi ile birlikte gelir. Sistem entegrasyonu ve optimizasyonuna yard\u0131mc\u0131 olmak i\u00e7in referans tasar\u0131mlar, uygulama notlar\u0131 ve teknik destek sa\u011flanmaktad\u0131r.<\/p>\n\t\t<\/div>\n\t\t\t\t<div id=\"wd-693911e0cd6e2\" class=\"wd-text-block wd-wpb reset-last-child wd-rs-693911e0cd6e2 text-left\">\n\t\t\t<h5>Numune veya teknik veri sayfas\u0131 talep edebilir miyim?<\/h5>\n<p>Evet. Yetkili distrib\u00fct\u00f6rler ve tedarik\u00e7iler veri sayfalar\u0131, de\u011ferlendirme kartlar\u0131 ve \u00f6rnek sipari\u015fler sa\u011flar. Sisteminizle uyumlulu\u011fu sa\u011flamak i\u00e7in kaynak bulma ve teknik dan\u0131\u015fmanl\u0131k konusunda yard\u0131mc\u0131 olabiliriz<\/p>\n\t\t<\/div>\n\t\t<\/div><\/div><\/div><div class=\"wpb_column vc_column_container vc_col-sm-6\"><div class=\"vc_column-inner vc_custom_1484657123074\"><div class=\"wpb_wrapper\">\t\t<div id=\"wd-693911fabc211\" class=\"wd-text-block wd-wpb reset-last-child wd-rs-693911fabc211 text-left\">\n\t\t\t<h5>XCKU, XCZU ve XCVU serileri aras\u0131ndaki temel farklar nelerdir?<\/h5>\n<p>XCKU Serisi: Veri yo\u011fun uygulamalar i\u00e7in ideal, y\u00fcksek mant\u0131k yo\u011funlu\u011funa sahip UltraScale FPGA'lar.<\/p>\n<p>XCZU Serisi: G\u00f6m\u00fcl\u00fc uygulamalar i\u00e7in FPGA yap\u0131s\u0131n\u0131 ARM i\u015flemcilerle birle\u015ftiren Zynq UltraScale+ cihazlar\u0131.<\/p>\n<p>XCVU Serisi: \u00dcst d\u00fczey AI, 5G ve veri merkezi uygulamalar\u0131 i\u00e7in FPGA, CPU ve AI motorlar\u0131n\u0131 entegre eden Versal AI Core serisi.<\/p>\n\t\t<\/div>\n\t\t\t\t<div id=\"wd-6939125c32a7f\" class=\"wd-text-block wd-wpb reset-last-child wd-rs-6939125c32a7f text-left\">\n\t\t\t<h5>Bu FPGA ve DSP modelleri ne i\u00e7in kullan\u0131l\u0131yor?<\/h5>\n<p>Bu Xilinx FPGA'lar (XCKU, XCZU, XCVU serisi gibi) ve ADSP DSP'ler sinyal i\u015fleme, veri toplama, ileti\u015fim, end\u00fcstriyel otomasyon ve geli\u015fmi\u015f bilgi i\u015flem gibi uygulamalarda kullan\u0131lan y\u00fcksek performansl\u0131 programlanabilir cihazlard\u0131r. \u00d6zelle\u015ftirilmi\u015f donan\u0131m h\u0131zland\u0131rma, paralel i\u015fleme ve esnek sistem tasar\u0131m\u0131 sa\u011flarlar.<\/p>\n\t\t<\/div>\n\t\t<\/div><\/div><\/div><\/div><div class=\"vc_row wpb_row vc_row-fluid vc_custom_1638891905007 vc_row-o-content-middle vc_row-flex wd-rs-61af817cd7ad1\"><div class=\"wpb_column vc_column_container vc_col-sm-6 wd-rs-60f82b0478de2\"><div class=\"vc_column-inner vc_custom_1626876678433\"><div class=\"wpb_wrapper\">\t\t<div id=\"wd-693919cff3458\" class=\"wd-image wd-wpb wd-rs-693919cff3458 text-left vc_custom_1765349873245\">\n\t\t\t\n\t\t\t<img loading=\"lazy\" decoding=\"async\" width=\"700\" height=\"325\" src=\"https:\/\/www.lxbchip.com\/wp-content\/uploads\/2025\/12\/work-1.jpg\" class=\"attachment-700x325 size-700x325\" alt=\"\" srcset=\"https:\/\/www.lxbchip.com\/wp-content\/uploads\/2025\/12\/work-1.jpg 700w, https:\/\/www.lxbchip.com\/wp-content\/uploads\/2025\/12\/work-1-150x70.jpg 150w, https:\/\/www.lxbchip.com\/wp-content\/uploads\/2025\/12\/work-1-300x139.jpg 300w, https:\/\/www.lxbchip.com\/wp-content\/uploads\/2025\/12\/work-1-18x8.jpg 18w\" sizes=\"auto, (max-width: 700px) 100vw, 700px\" \/>\n\t\t\t\t\t<\/div>\n\t\t<\/div><\/div><\/div><div class=\"wpb_column vc_column_container vc_col-sm-6 text-center wd-rs-69391a169df6b\"><div class=\"vc_column-inner\"><div class=\"wpb_wrapper\">\n\t\t<div id=\"wd-693972739e209\" class=\"title-wrapper wd-wpb wd-set-mb reset-last-child  wd-rs-693972739e209 wd-title-color-primary wd-title-style-default text-center vc_custom_1765372543861 wd-width-enabled wd-underline-colored\" style=\"--wd-max-width: 90%;\">\n\t\t\t\n\t\t\t<div class=\"liner-continer\">\n\t\t\t\t<h4 class=\"woodmart-title-container title  wd-font-weight- wd-fontsize-xxxl\" >G\u00fcvenilir \u00dcst D\u00fczey Bile\u015fen Tedarik\u00e7isi<\/h4>\n\t\t\t\t\t\t\t<\/div>\n\t\t\t\n\t\t\t\t\t\t\t<div class=\"title-after_title reset-last-child  wd-fontsize-s\">Net kaynak kullan\u0131m\u0131, istikrarl\u0131 tedarik ve g\u00fcvenilir hizmet ile desteklenen, \u00f6nde gelen k\u00fcresel markalardan orijinal, izlenebilir elektronik bile\u015fenler sa\u011fl\u0131yoruz. H\u0131zl\u0131 ve g\u00fcvenli bir fiyat teklifi i\u00e7in istedi\u011finiz zaman bize ula\u015f\u0131n.<\/div>\n\t\t\t\n\t\t\t\n\t\t<\/div>\n\t\t\n\t\t<div class=\"vc_row wpb_row vc_inner vc_row-fluid\"><div class=\"wpb_column vc_column_container vc_col-sm-6\"><div class=\"vc_column-inner\"><div class=\"wpb_wrapper\"><div id=\"wd-69397507a7df1\" class=\"wd-rs-69397507a7df1 vc_custom_1765373196548 wd-button-wrapper text-right\"><a href=\"https:\/\/www.lxbchip.com\/tr\/contact-us\/\" title=\"\" class=\"btn btn-style-bordered btn-shape-rectangle btn-size-default\">\u015eimdi Teklif \u0130steyin<\/a><\/div><\/div><\/div><\/div><div class=\"wpb_column vc_column_container vc_col-sm-6\"><div class=\"vc_column-inner\"><div class=\"wpb_wrapper\"><div id=\"wd-693974b72514c\" class=\"wd-rs-693974b72514c  wd-button-wrapper text-left\"><a href=\"https:\/\/www.lxbchip.com\/tr\/company-overview\/\" title=\"\" class=\"btn btn-style-bordered btn-shape-rectangle btn-size-default\">LXB Semicon Hakk\u0131nda<\/a><\/div><\/div><\/div><\/div><\/div><\/div><\/div><\/div><\/div>\n<\/div>","protected":false},"excerpt":{"rendered":"What We Supply We supply a full range of electronic components, including ICs, MCUs, FPGAs, ASICs, diodes, transistors, MOSFETs, power-management","protected":false},"author":1,"featured_media":0,"parent":0,"menu_order":0,"comment_status":"closed","ping_status":"closed","template":"","meta":{"_acf_changed":false,"footnotes":""},"class_list":["post-7982","page","type-page","status-publish","hentry"],"acf":[],"aioseo_notices":[],"_links":{"self":[{"href":"https:\/\/www.lxbchip.com\/tr\/wp-json\/wp\/v2\/pages\/7982","targetHints":{"allow":["GET"]}}],"collection":[{"href":"https:\/\/www.lxbchip.com\/tr\/wp-json\/wp\/v2\/pages"}],"about":[{"href":"https:\/\/www.lxbchip.com\/tr\/wp-json\/wp\/v2\/types\/page"}],"author":[{"embeddable":true,"href":"https:\/\/www.lxbchip.com\/tr\/wp-json\/wp\/v2\/users\/1"}],"replies":[{"embeddable":true,"href":"https:\/\/www.lxbchip.com\/tr\/wp-json\/wp\/v2\/comments?post=7982"}],"version-history":[{"count":56,"href":"https:\/\/www.lxbchip.com\/tr\/wp-json\/wp\/v2\/pages\/7982\/revisions"}],"predecessor-version":[{"id":8821,"href":"https:\/\/www.lxbchip.com\/tr\/wp-json\/wp\/v2\/pages\/7982\/revisions\/8821"}],"wp:attachment":[{"href":"https:\/\/www.lxbchip.com\/tr\/wp-json\/wp\/v2\/media?parent=7982"}],"curies":[{"name":"wp","href":"https:\/\/api.w.org\/{rel}","templated":true}]}}