{"id":10297,"date":"2026-01-15T15:09:22","date_gmt":"2026-01-15T07:09:22","guid":{"rendered":"https:\/\/www.lxbchip.com\/?page_id=10297"},"modified":"2026-04-09T02:07:50","modified_gmt":"2026-04-08T18:07:50","slug":"quectel","status":"publish","type":"page","link":"https:\/\/www.lxbchip.com\/tr\/manufacturers\/quectel\/","title":{"rendered":"QUECTEL"},"content":{"rendered":"<div class=\"wpb-content-wrapper\"><div class=\"vc_row wpb_row vc_row-fluid vc_custom_1768800104178 wd-rs-696dbf566a791\"><div class=\"wpb_column vc_column_container vc_col-sm-12\"><div class=\"vc_column-inner\"><div class=\"wpb_wrapper\">\n\t\t<div id=\"wd-696dd3e4ee3b7\" class=\"title-wrapper wd-wpb wd-set-mb reset-last-child  wd-rs-696dd3e4ee3b7 wd-title-color-default wd-title-style-default text-left  wd-underline-colored\">\n\t\t\t\n\t\t\t<div class=\"liner-continer\">\n\t\t\t\t<h2 class=\"woodmart-title-container title  wd-font-weight- wd-fontsize-xl\" >Quectel Kablosuz Mod\u00fcller<\/h2>\n\t\t\t\t\t\t\t<\/div>\n\t\t\t\n\t\t\t\t\t\t\t<div class=\"title-after_title reset-last-child  wd-fontsize-s\">LXB Semicon, Quectel'in y\u00fcksek performansl\u0131 h\u00fccresel, NB-IoT ve GNSS mod\u00fcllerinin profesyonel da\u011f\u0131t\u0131m\u0131n\u0131 sa\u011flayarak end\u00fcstriyel ve otomotiv uygulamalar\u0131 i\u00e7in istikrarl\u0131 tedarik sa\u011flar.<\/div>\n\t\t\t\n\t\t\t\n\t\t<\/div>\n\t\t\n\t\t<\/div><\/div><\/div><\/div>\n<p>&nbsp;<\/p>\n<table width=\"3770\">\n<tbody>\n<tr>\n<td width=\"76\">Mfr Par\u00e7a<\/td>\n<td width=\"85\">Veri Sayfas\u0131<\/td>\n<td width=\"113\">\u00dcretici firma<\/td>\n<td width=\"180\">\u00dcr\u00fcn Tipi<\/td>\n<td width=\"85\">GNSS Tipi<\/td>\n<td width=\"198\">Yonga Seti<\/td>\n<td width=\"189\">Navigasyon Frekans\u0131<\/td>\n<td width=\"378\">Kanal Say\u0131s\u0131 (\u0130zleme \/ Edinme)<\/td>\n<td width=\"189\">Besleme Gerilim Aral\u0131\u011f\u0131<\/td>\n<td width=\"236\">Tipik \u00c7al\u0131\u015fma Gerilimi<\/td>\n<td width=\"340\">Hassasiyet (Edinme \/ \u0130zleme)<\/td>\n<td width=\"85\">Aray\u00fcz<\/td>\n<td width=\"170\">Varsay\u0131lan Baud H\u0131z\u0131<\/td>\n<td width=\"151\">Veri H\u0131z\u0131<\/td>\n<td width=\"180\">Desteklenen Protokoller<\/td>\n<td width=\"132\">Paket \/ Pedler<\/td>\n<td width=\"180\">Montaj Tipi<\/td>\n<td width=\"208\">Boyutlar (U \u00d7 G \u00d7 Y)<\/td>\n<td width=\"255\">\u00c7al\u0131\u015fma S\u0131cakl\u0131k Aral\u0131\u011f\u0131<\/td>\n<td width=\"340\">Ek \u00d6zellikler<\/td>\n<\/tr>\n<tr>\n<td><\/td>\n<td><\/td>\n<td><\/td>\n<td><\/td>\n<td><\/td>\n<td><\/td>\n<td><\/td>\n<td><\/td>\n<td><\/td>\n<td><\/td>\n<td><\/td>\n<td><\/td>\n<td><\/td>\n<td><\/td>\n<td><\/td>\n<td><\/td>\n<td><\/td>\n<td><\/td>\n<td><\/td>\n<td><\/td>\n<\/tr>\n<tr>\n<td>L70B-M39<\/td>\n<td><\/td>\n<td>Quectel<\/td>\n<td>GPS Al\u0131c\u0131 Mod\u00fcl\u00fc<\/td>\n<td>Sadece GPS<\/td>\n<td>MediaTek MT3339 tabanl\u0131<\/td>\n<td>1.57542 GHz<\/td>\n<td>22 \/ 66 (\u0130zleme \/ Edinme)<\/td>\n<td>2,8 V ~ 4,3 V<\/td>\n<td>~3.3 V<\/td>\n<td>-148 dBm (al\u0131c\u0131) \/ -165 dBm (iz)<\/td>\n<td>UART<\/td>\n<td>9600 bps (varsay\u0131lan)<\/td>\n<td>115,2 kbps'ye kadar<\/td>\n<td>NMEA 0183, PMTK<\/td>\n<td>18-pad SMT<\/td>\n<td>Y\u00fczey Montaj\u0131 (SMD)<\/td>\n<td>10,1 \u00d7 9,7 \u00d7 2,5 mm<\/td>\n<td>-40 \u00b0C ~ +85 \u00b0C<\/td>\n<td>RoHS uyumlu; anten dahil de\u011fildir<\/td>\n<\/tr>\n<\/tbody>\n<\/table>\n<\/div>","protected":false},"excerpt":{"rendered":"<p>&nbsp; Mfr Part Datasheet Manufacturer Product Type GNSS Type Chipset Navigation Frequency Number of Channels (Tracking \/ Acquisition) Supply Voltage<\/p>","protected":false},"author":1,"featured_media":0,"parent":388,"menu_order":0,"comment_status":"closed","ping_status":"closed","template":"","meta":{"_acf_changed":false,"footnotes":""},"class_list":["post-10297","page","type-page","status-publish","hentry"],"acf":[],"aioseo_notices":[],"_links":{"self":[{"href":"https:\/\/www.lxbchip.com\/tr\/wp-json\/wp\/v2\/pages\/10297","targetHints":{"allow":["GET"]}}],"collection":[{"href":"https:\/\/www.lxbchip.com\/tr\/wp-json\/wp\/v2\/pages"}],"about":[{"href":"https:\/\/www.lxbchip.com\/tr\/wp-json\/wp\/v2\/types\/page"}],"author":[{"embeddable":true,"href":"https:\/\/www.lxbchip.com\/tr\/wp-json\/wp\/v2\/users\/1"}],"replies":[{"embeddable":true,"href":"https:\/\/www.lxbchip.com\/tr\/wp-json\/wp\/v2\/comments?post=10297"}],"version-history":[{"count":0,"href":"https:\/\/www.lxbchip.com\/tr\/wp-json\/wp\/v2\/pages\/10297\/revisions"}],"up":[{"embeddable":true,"href":"https:\/\/www.lxbchip.com\/tr\/wp-json\/wp\/v2\/pages\/388"}],"wp:attachment":[{"href":"https:\/\/www.lxbchip.com\/tr\/wp-json\/wp\/v2\/media?parent=10297"}],"curies":[{"name":"wp","href":"https:\/\/api.w.org\/{rel}","templated":true}]}}