{"id":6700,"date":"2025-11-18T20:31:14","date_gmt":"2025-11-18T12:31:14","guid":{"rendered":"https:\/\/www.lxbchip.com\/?post_type=product&#038;p=6700"},"modified":"2026-02-05T16:07:22","modified_gmt":"2026-02-05T08:07:22","slug":"xc5vfx100t-1ffg1136i","status":"publish","type":"product","link":"https:\/\/www.lxbchip.com\/es\/products\/xc5vfx100t-1ffg1136i\/","title":{"rendered":"XC5VFX100T-1FFG1136I"},"content":{"rendered":"<table id=\"table_1\" class=\"scroll display nowrap data-t data-t wpDataTable wpDataTableID-8 dataTable\" data-described-by=\"table_1_desc\" data-wpdatatable_id=\"8\" aria-describedby=\"table_1_info\">\n<thead>\n<tr>\n<th class=\"wdtheader sort expand column-modelpn sorting\" tabindex=\"0\" colspan=\"1\" rowspan=\"1\" data-class=\"expand\" aria-controls=\"table_1\" aria-label=\" Modelo P\/N sin definir\">MODELO P\/N<\/th>\n<th class=\"wdtheader sort column-series sorting\" tabindex=\"0\" colspan=\"1\" rowspan=\"1\" aria-controls=\"table_1\" aria-label=\" Serieundefined\">SERIE<\/th>\n<th class=\"wdtheader sort numdata float column-numberoflabsclbs sorting\" tabindex=\"0\" colspan=\"1\" rowspan=\"1\" aria-controls=\"table_1\" aria-label=\" N\u00famero de LABs\/CLBsundefined\">N\u00daMERO DE LABORATORIOS\/CLBS<\/th>\n<th class=\"wdtheader sort numdata float column-speedgrade sorting\" tabindex=\"0\" colspan=\"1\" rowspan=\"1\" aria-controls=\"table_1\" aria-label=\" Velocidad Gradeundefined\">GRADO DE VELOCIDAD<\/th>\n<th class=\"wdtheader sort column-numberoflogicelementscells sorting\" tabindex=\"0\" colspan=\"1\" rowspan=\"1\" aria-controls=\"table_1\" aria-label=\" N\u00famero de elementos l\u00f3gicos \/ celdasundefined\">N\u00daMERO DE ELEMENTOS L\u00d3GICOS \/ CELDAS<\/th>\n<th class=\"wdtheader sort column-totalrambits sorting\" tabindex=\"0\" colspan=\"1\" rowspan=\"1\" aria-controls=\"table_1\" aria-label=\" Total RAM Bitsundefined\">TOTAL BITS RAM<\/th>\n<th class=\"wdtheader sort numdata integer column-numberofio sorting sorting_asc\" tabindex=\"0\" colspan=\"1\" rowspan=\"1\" aria-controls=\"table_1\" aria-label=\" N\u00famero de E\/S indefinidas\" aria-sort=\"ascending\">N\u00daMERO DE E\/S<\/th>\n<th class=\"wdtheader sort column-voltagesupply sorting\" tabindex=\"0\" colspan=\"1\" rowspan=\"1\" aria-controls=\"table_1\" aria-label=\" Tensi\u00f3n - Supplyundefined\">TENSI\u00d3N - ALIMENTACI\u00d3N<\/th>\n<th class=\"wdtheader sort column-mountingtype sorting\" tabindex=\"0\" colspan=\"1\" rowspan=\"1\" aria-controls=\"table_1\" aria-label=\" Tipo de montajeundefined\">TIPO DE MONTAJE<\/th>\n<th class=\"wdtheader sort column-operatingtemperature sorting\" tabindex=\"0\" colspan=\"1\" rowspan=\"1\" aria-controls=\"table_1\" aria-label=\" Temperatura de funcionamiento indefinida\">TEMPERATURA DE FUNCIONAMIENTO<\/th>\n<th class=\"wdtheader sort column-packagecase sorting\" tabindex=\"0\" colspan=\"1\" rowspan=\"1\" aria-controls=\"table_1\" aria-label=\" Paquete \/ Caseundefined\">PAQUETE \/ ESTUCHE<\/th>\n<th class=\"wdtheader sort column-supplierdevicepackage sorting\" tabindex=\"0\" colspan=\"1\" rowspan=\"1\" aria-controls=\"table_1\" aria-label=\" Proveedor Paquete de dispositivosdefinido\">PAQUETE DEL DISPOSITIVO DEL PROVEEDOR<\/th>\n<\/tr>\n<\/thead>\n<tbody>\n<tr class=\"odd\">\n<td class=\"expand column-modelpn\">XC5VFX100T-1FFG1136I<\/td>\n<td class=\"column-series\">Virtex-5 FXT<\/td>\n<td class=\"numdata float column-numberoflabsclbs\">8.000,00<\/td>\n<td class=\"numdata float column-speedgrade\">-1,00<\/td>\n<td class=\"column-numberoflogicelementscells\">102400<\/td>\n<td class=\"column-totalrambits\">8404992<\/td>\n<td class=\"numdata integer column-numberofio sorting_1\">640<\/td>\n<td class=\"column-voltagesupply\">0,95 V-1,05 V<\/td>\n<td class=\"column-mountingtype\">Montaje en superficie<\/td>\n<td class=\"column-operatingtemperature\">-40 \u00b0C-+100 \u00b0C (I)<\/td>\n<td class=\"column-packagecase\">1136-BBGA, FCBGA<\/td>\n<td class=\"column-supplierdevicepackage\">1136-FCPBGA (31\u00d731)<\/td>\n<\/tr>\n<\/tbody>\n<\/table>\n<p data-path-to-node=\"3\"><strong><span style=\"color: #000080;\">Xilinx XC5VFX100T-1FFG1136I | Virtex-5 FXT FPGA - Sistemas integrados de alto rendimiento<\/span><\/strong><\/p>\n<p data-path-to-node=\"4\">En <b data-path-to-node=\"4\" data-index-in-node=\"4\">XC5VFX100T-1FFG1136I<\/b> es una FPGA de primera clase dentro de la plataforma Xilinx Virtex-5 FXT, dise\u00f1ada espec\u00edficamente para sistemas embebidos de gama alta y conectividad serie de alta velocidad. Con el <b data-path-to-node=\"4\" data-index-in-node=\"199\">Bloque de procesador PowerPC\u00ae 440<\/b> y <b data-path-to-node=\"4\" data-index-in-node=\"232\">Transceptores RocketIO\u2122 GTX<\/b>, Este dispositivo de grado industrial (-I) ofrece una combinaci\u00f3n sin precedentes de potencia de procesamiento y ancho de banda de E\/S.<\/p>\n<p data-path-to-node=\"5\">En <b data-path-to-node=\"5\" data-index-in-node=\"3\">LXB Semicon<\/b>, nos especializamos en ofrecer soluciones Xilinx aut\u00e9nticas y de alta fiabilidad para los sectores industrial, aeroespacial y de telecomunicaciones.<\/p>\n<p data-path-to-node=\"6\"><strong><span style=\"color: #000080;\">Especificaciones t\u00e9cnicas b\u00e1sicas<\/span><\/strong><\/p>\n<p data-path-to-node=\"7\">El XC5VFX100T se caracteriza por su alta densidad l\u00f3gica y sus bloques de hardware especializados:<\/p>\n<table data-path-to-node=\"8\">\n<thead>\n<tr>\n<td><strong>Caracter\u00edstica<\/strong><\/td>\n<td><strong>Especificaci\u00f3n detallada<\/strong><\/td>\n<\/tr>\n<\/thead>\n<tbody>\n<tr>\n<td><span data-path-to-node=\"8,1,0,0\"><b data-path-to-node=\"8,1,0,0\" data-index-in-node=\"0\">C\u00e9lulas l\u00f3gicas<\/b><\/span><\/td>\n<td><span data-path-to-node=\"8,1,1,0\">102,400<\/span><\/td>\n<\/tr>\n<tr>\n<td><span data-path-to-node=\"8,2,0,0\"><b data-path-to-node=\"8,2,0,0\" data-index-in-node=\"0\">Procesador integrado<\/b><\/span><\/td>\n<td><span data-path-to-node=\"8,2,1,0\">1 x PowerPC\u00ae 440 Core (hasta 550 MHz)<\/span><\/td>\n<\/tr>\n<tr>\n<td><span data-path-to-node=\"8,3,0,0\"><b data-path-to-node=\"8,3,0,0\" data-index-in-node=\"0\">Transceptores<\/b><\/span><\/td>\n<td><span data-path-to-node=\"8,3,1,0\">16 x RocketIO\u2122 GTX (hasta 6,5 Gbps)<\/span><\/td>\n<\/tr>\n<tr>\n<td><span data-path-to-node=\"8,4,0,0\"><b data-path-to-node=\"8,4,0,0\" data-index-in-node=\"0\">Lonchas DSP48E<\/b><\/span><\/td>\n<td><span data-path-to-node=\"8,4,1,0\">448<\/span><\/td>\n<\/tr>\n<tr>\n<td><span data-path-to-node=\"8,5,0,0\"><b data-path-to-node=\"8,5,0,0\" data-index-in-node=\"0\">Bloque total RAM<\/b><\/span><\/td>\n<td><span data-path-to-node=\"8,5,1,0\">8.280 Kb<\/span><\/td>\n<\/tr>\n<tr>\n<td><span data-path-to-node=\"8,6,0,0\"><b data-path-to-node=\"8,6,0,0\" data-index-in-node=\"0\">Temperatura de funcionamiento<\/b><\/span><\/td>\n<td><span data-path-to-node=\"8,6,1,0\"><b data-path-to-node=\"8,6,1,0\" data-index-in-node=\"0\">-40\u00b0C a +100\u00b0C (grado industrial)<\/b><\/span><\/td>\n<\/tr>\n<tr>\n<td><span data-path-to-node=\"8,7,0,0\"><b data-path-to-node=\"8,7,0,0\" data-index-in-node=\"0\">Paquete<\/b><\/span><\/td>\n<td><span data-path-to-node=\"8,7,1,0\">FFG1136 (Flip-Chip BGA, sin plomo\/RoHS)<\/span><\/td>\n<\/tr>\n<tr>\n<td><span data-path-to-node=\"8,8,0,0\"><b data-path-to-node=\"8,8,0,0\" data-index-in-node=\"0\">Grado de velocidad<\/b><\/span><\/td>\n<td><span data-path-to-node=\"8,8,1,0\">-1 (Est\u00e1ndar)<\/span><\/td>\n<\/tr>\n<\/tbody>\n<\/table>\n<hr data-path-to-node=\"9\" \/>\n<p data-path-to-node=\"10\"><strong><span style=\"color: #000080;\">Por qu\u00e9 el XC5VFX100T-1FFG1136I es fundamental para su dise\u00f1o<\/span><\/strong><\/p>\n<p data-path-to-node=\"11\">La serie Virtex-5 FXT supuso un paso revolucionario en la evoluci\u00f3n de las FPGA, y el <b data-path-to-node=\"11\" data-index-in-node=\"76\">XC5VFX100T<\/b> sigue siendo la piedra angular de varias aplicaciones de gran demanda:<\/p>\n<h4 data-path-to-node=\"12\">1. Subsistema PowerPC\u00ae 440 integrado<\/h4>\n<p data-path-to-node=\"13\">El n\u00facleo PowerPC integrado permite realizar tareas complejas a nivel de sistema operativo (como Linux o VxWorks) directamente en la FPGA, lo que reduce la necesidad de una MCU\/CPU externa y simplifica el dise\u00f1o de la placa de circuito impreso.<\/p>\n<h4 data-path-to-node=\"14\">2. Transceptores GTX avanzados<\/h4>\n<p data-path-to-node=\"15\">Con 16 transceptores GTX que admiten velocidades de hasta 6,5 Gbps, este chip es ideal para manejar protocolos de alta velocidad como <b data-path-to-node=\"15\" data-index-in-node=\"119\">PCI Express\u00ae (Gen 1 o Gen 2)<\/b>, <b data-path-to-node=\"15\" data-index-in-node=\"150\">RapidIO serie<\/b>, y <b data-path-to-node=\"15\" data-index-in-node=\"170\">Gigabit Ethernet<\/b>.<\/p>\n<h4 data-path-to-node=\"16\">3. Capacidad DSP mejorada<\/h4>\n<p data-path-to-node=\"17\">Con 448 cortes DSP48E, destaca en cargas de trabajo intensivas basadas en matem\u00e1ticas, como procesamiento de se\u00f1ales de radar, im\u00e1genes m\u00e9dicas y cifrado de v\u00eddeo.<\/p>\n<h4 data-path-to-node=\"18\">4. Fiabilidad de grado industrial (-I)<\/h4>\n<p data-path-to-node=\"19\">Espec\u00edficamente dise\u00f1ado para funcionar en condiciones t\u00e9rmicas extremas (de -40 \u00b0C a +100 \u00b0C), lo que lo convierte en la mejor opci\u00f3n para infraestructuras exteriores y entornos industriales hostiles.<\/p>\n<p data-path-to-node=\"24\"><strong><span style=\"color: #000080;\">Garant\u00eda de calidad y cadena de suministro (Protocolo EEAT de LXB Semicon)<\/span><\/strong><\/p>\n<p data-path-to-node=\"25\">Al abastecerse de <b data-path-to-node=\"25\" data-index-in-node=\"18\">XC5VFX100T-1FFG1136I<\/b>, El mayor riesgo es el silicio falsificado o reacondicionado. <b data-path-to-node=\"25\" data-index-in-node=\"96\">LXB Semicon<\/b> elimina este riesgo:<\/p>\n<ul data-path-to-node=\"26\">\n<li>\n<p data-path-to-node=\"26,0,0\"><b data-path-to-node=\"26,0,0\" data-index-in-node=\"0\">Procedencia verificada:<\/b> Proporcionamos trazabilidad completa y garantizamos que cada unidad es silicio original Xilinx\/AMD.<\/p>\n<\/li>\n<li>\n<p data-path-to-node=\"26,1,0\"><b data-path-to-node=\"26,1,0\" data-index-in-node=\"0\">Inspecci\u00f3n profesional:<\/b> Cada chip se somete a una rigurosa inspecci\u00f3n en nuestras instalaciones, que cumplen las normas ISO, incluidas comprobaciones de marcado, inspecci\u00f3n de plomo y manipulaci\u00f3n a prueba de ESD.<\/p>\n<\/li>\n<li>\n<p data-path-to-node=\"26,2,0\"><b data-path-to-node=\"26,2,0\" data-index-in-node=\"0\">Consultor\u00eda de expertos:<\/b> Nuestros ingenieros pueden ayudarle con los requisitos de secuenciaci\u00f3n de potencia y las estrategias de gesti\u00f3n t\u00e9rmica espec\u00edficas del encapsulado FFG1136.<\/p>\n<\/li>\n<li>\n<p data-path-to-node=\"26,3,0\"><b data-path-to-node=\"26,3,0\" data-index-in-node=\"0\">Soporte de legado:<\/b> Mantenemos existencias de series EOL (End of Life) y maduras para evitar paradas de la l\u00ednea de producci\u00f3n a nuestros socios a largo plazo.<\/p>\n<\/li>\n<\/ul>\n<hr data-path-to-node=\"27\" \/>\n<p data-path-to-node=\"28\"><strong><span style=\"color: #000080;\">Preguntas m\u00e1s frecuentes (FAQ)<\/span><\/strong><\/p>\n<p data-path-to-node=\"29\"><b data-path-to-node=\"29\" data-index-in-node=\"0\">P: \u00bfQu\u00e9 software de dise\u00f1o es compatible con XC5VFX100T-1FFG1136I?<\/b> <b data-path-to-node=\"29\" data-index-in-node=\"56\">A:<\/b> Este modelo se apoya en <b data-path-to-node=\"29\" data-index-in-node=\"86\">Xilinx ISE\u00ae Design Suite<\/b>. No es compatible con Vivado\u00ae.<\/p>\n<p data-path-to-node=\"30\"><b data-path-to-node=\"30\" data-index-in-node=\"0\">P: \u00bfPuedo utilizar este chip en un entorno comercial est\u00e1ndar?<\/b> <b data-path-to-node=\"30\" data-index-in-node=\"61\">A:<\/b> S\u00ed. La versi\u00f3n de grado industrial (-I) es una actualizaci\u00f3n superior a la versi\u00f3n comercial (-C), que ofrece un rango de temperatura m\u00e1s amplio y una mayor fiabilidad.<\/p>\n<p data-path-to-node=\"31\"><b data-path-to-node=\"31\" data-index-in-node=\"0\">P: \u00bfEs compatible el paquete FFG1136 con el FF1136?<\/b> <b data-path-to-node=\"31\" data-index-in-node=\"54\">A:<\/b> S\u00ed, la \u201cG\u201d denota la condici\u00f3n RoHS\/Libre de plomo. Son compatibles, pero el FFG1136 es necesario para los procesos modernos de fabricaci\u00f3n sin plomo.<\/p>\n<hr data-path-to-node=\"32\" \/>\n<p data-path-to-node=\"33\"><b data-path-to-node=\"33\" data-index-in-node=\"0\">Solicitud de presupuesto a LXB Semicon<\/b> \u00bfNecesita precios actuales o una ficha t\u00e9cnica del <b data-path-to-node=\"33\" data-index-in-node=\"87\">XC5VFX100T-1FFG1136I<\/b>? P\u00f3ngase en contacto hoy mismo con nuestro equipo de compras para obtener una respuesta r\u00e1pida.<\/p>","protected":false},"excerpt":{"rendered":"<p><strong>Fabricante:<\/strong> Xilinx <strong>C\u00e9lulas l\u00f3gicas:<\/strong> 110,592 <strong>Rebanadas l\u00f3gicas:<\/strong> 17,280 <strong>RAM integrada (eRAM):<\/strong> 4.320 Kb (240 \u00d7 18Kb Bloque RAM) <strong>Paquete:<\/strong> FFG1136 (Flip-Chip BGA) <strong>Temperatura de funcionamiento:<\/strong> Industrial (-40\u00b0C a +100\u00b0C)<\/p>","protected":false},"featured_media":6145,"template":"","meta":{"_acf_changed":false,"jetpack_publicize_message":"","jetpack_publicize_feature_enabled":true,"jetpack_social_post_already_shared":false,"jetpack_social_options":{"image_generator_settings":{"template":"highway","default_image_id":0,"font":"","enabled":false},"version":2}},"product_brand":[],"product_cat":[21],"product_tag":[],"class_list":{"0":"post-6700","1":"product","2":"type-product","3":"status-publish","4":"has-post-thumbnail","6":"product_cat-xilinx","8":"first","9":"instock","10":"shipping-taxable","11":"product-type-simple"},"acf":[],"aioseo_notices":[],"jetpack_publicize_connections":[],"_links":{"self":[{"href":"https:\/\/www.lxbchip.com\/es\/wp-json\/wp\/v2\/product\/6700","targetHints":{"allow":["GET"]}}],"collection":[{"href":"https:\/\/www.lxbchip.com\/es\/wp-json\/wp\/v2\/product"}],"about":[{"href":"https:\/\/www.lxbchip.com\/es\/wp-json\/wp\/v2\/types\/product"}],"wp:featuredmedia":[{"embeddable":true,"href":"https:\/\/www.lxbchip.com\/es\/wp-json\/wp\/v2\/media\/6145"}],"wp:attachment":[{"href":"https:\/\/www.lxbchip.com\/es\/wp-json\/wp\/v2\/media?parent=6700"}],"wp:term":[{"taxonomy":"product_brand","embeddable":true,"href":"https:\/\/www.lxbchip.com\/es\/wp-json\/wp\/v2\/product_brand?post=6700"},{"taxonomy":"product_cat","embeddable":true,"href":"https:\/\/www.lxbchip.com\/es\/wp-json\/wp\/v2\/product_cat?post=6700"},{"taxonomy":"product_tag","embeddable":true,"href":"https:\/\/www.lxbchip.com\/es\/wp-json\/wp\/v2\/product_tag?post=6700"}],"curies":[{"name":"wp","href":"https:\/\/api.w.org\/{rel}","templated":true}]}}