{"id":8564,"date":"2025-12-15T21:15:46","date_gmt":"2025-12-15T13:15:46","guid":{"rendered":"https:\/\/www.lxbchip.com\/?page_id=8564"},"modified":"2025-12-20T15:56:18","modified_gmt":"2025-12-20T07:56:18","slug":"ivns-and-can-bus","status":"publish","type":"page","link":"https:\/\/www.lxbchip.com\/es\/ivns-and-can-bus\/","title":{"rendered":"IVN y bus CAN"},"content":{"rendered":"<div class=\"wpb-content-wrapper\"><div class=\"vc_row wpb_row vc_row-fluid vc_custom_1765779186129 wd-rs-693fa6ea5c73f\"><div class=\"wpb_column vc_column_container vc_col-sm-12 wd-rs-63514c8260958\"><div class=\"vc_column-inner vc_custom_1666272391679\"><div class=\"wpb_wrapper\">\n\t\t<div id=\"wd-6946568c94d29\" class=\"title-wrapper wd-wpb wd-set-mb reset-last-child  wd-rs-6946568c94d29 wd-title-color-default wd-title-style-default text-center  wd-underline-colored\">\n\t\t\t\n\t\t\t<div class=\"liner-continer\">\n\t\t\t\t<h4 class=\"woodmart-title-container title  wd-font-weight- wd-fontsize-m\" >Redes a bordo de veh\u00edculos (IVN) y soluciones de bus CAN<\/h4>\n\t\t\t\t\t\t\t<\/div>\n\t\t\t\n\t\t\t\t\t\t\t<div class=\"title-after_title reset-last-child  wd-fontsize-xs\">Componentes electr\u00f3nicos de confianza y apoyo a la cadena de suministro para sistemas conectados.<\/div>\n\t\t\t\n\t\t\t\n\t\t<\/div>\n\t\t\n\t\t\t\t<div id=\"wd-69410f83a6731\" class=\"wd-image wd-wpb wd-rs-69410f83a6731 text-center\">\n\t\t\t\n\t\t\t<img loading=\"lazy\" decoding=\"async\" width=\"600\" height=\"400\" src=\"https:\/\/www.lxbchip.com\/wp-content\/uploads\/2025\/12\/chip-1.jpg\" class=\"attachment-600x400 size-600x400\" alt=\"\" srcset=\"https:\/\/www.lxbchip.com\/wp-content\/uploads\/2025\/12\/chip-1.jpg 600w, https:\/\/www.lxbchip.com\/wp-content\/uploads\/2025\/12\/chip-1-150x100.jpg 150w, https:\/\/www.lxbchip.com\/wp-content\/uploads\/2025\/12\/chip-1-300x200.jpg 300w, https:\/\/www.lxbchip.com\/wp-content\/uploads\/2025\/12\/chip-1-18x12.jpg 18w\" sizes=\"auto, (max-width: 600px) 100vw, 600px\" \/>\n\t\t\t\t\t<\/div>\n\t\t\t\t<div id=\"wd-6940ec0d2af9e\" class=\"wd-text-block wd-wpb reset-last-child wd-rs-6940ec0d2af9e text-center vc_custom_1765862433295\">\n\t\t\t<div class=\"flex flex-col text-sm @w-xl\/main:pt-header-height pb-25\">\n<article class=\"text-token-text-primary w-full focus:outline-none &#091;--shadow-height:45px&#093; has-data-writing-block:pointer-events-none has-data-writing-block:-mt-(--shadow-height) has-data-writing-block:pt-(--shadow-height) &#091;&amp;:has(&#091;data-writing-block&#093;)&gt;*&#093;:pointer-events-auto scroll-mt-&#091;calc(var(--header-height)+min(200px,max(70px,20svh)))&#093;\" dir=\"auto\" tabindex=\"-1\" data-turn-id=\"request-WEB:4df86dff-3bf5-4179-906a-0ffa94fce0a2-4\" data-testid=\"conversation-turn-10\" data-scroll-anchor=\"true\" data-turn=\"assistant\">\n<div class=\"text-base my-auto mx-auto pb-10 &#091;--thread-content-margin:--spacing(4)&#093; @w-sm\/main:&#091;--thread-content-margin:--spacing(6)&#093; @w-lg\/main:&#091;--thread-content-margin:--spacing(16)&#093; px-(--thread-content-margin)\">\n<div class=\"&#091;--thread-content-max-width:40rem&#093; @w-lg\/main:&#091;--thread-content-max-width:48rem&#093; mx-auto max-w-(--thread-content-max-width) flex-1 group\/turn-messages focus-visible:outline-hidden relative flex w-full min-w-0 flex-col agent-turn\" tabindex=\"-1\">\n<div class=\"flex max-w-full flex-col grow\">\n<div class=\"min-h-8 text-message relative flex w-full flex-col items-end gap-2 text-start break-words whitespace-normal &#091;.text-message+&amp;&#093;:mt-1\" dir=\"auto\" data-message-author-role=\"assistant\" data-message-id=\"27b267f3-ab48-4550-8cfe-e692a4c37bff\" data-message-model-slug=\"gpt-5-2\">\n<div class=\"flex w-full flex-col gap-1 empty:hidden first:pt-&#091;1px&#093;\">\n<div class=\"markdown prose dark:prose-invert w-full break-words light markdown-new-styling\"><\/div>\n<\/div>\n<\/div>\n<\/div>\n<div class=\"z-0 flex min-h-&#091;46px&#093; justify-start\">\n<p class=\"isSelectedEnd\">Los veh\u00edculos modernos dependen de las redes a bordo (IVN) para permitir una comunicaci\u00f3n fiable entre las unidades de control electr\u00f3nico (ECU), las unidades de microcontrolador (MCU), los sensores y los actuadores. A medida que las arquitecturas de los veh\u00edculos evolucionan hacia mayores niveles de electrificaci\u00f3n e inteligencia, las soluciones de red estables y escalables se han convertido en una base fundamental para el dise\u00f1o de la electr\u00f3nica del autom\u00f3vil.<\/p>\n<p>Fundada en 2008, <strong>Shenzhen Lianxinbang (LXB Semicon) Technology Co., Ltd.<\/strong> ofrece a los clientes de automoci\u00f3n soluciones de semiconductores y experiencia en la cadena de suministro para sistemas de comunicaci\u00f3n a bordo de veh\u00edculos. Con sede en el centro neur\u00e1lgico de la electr\u00f3nica de Shenzhen, nuestra organizaci\u00f3n integra ventas, compras, inspecci\u00f3n de calidad y log\u00edstica para apoyar los programas de automoci\u00f3n desde el desarrollo inicial hasta la producci\u00f3n a largo plazo.<\/p>\n<\/div>\n<\/div>\n<\/div>\n<\/article>\n<\/div>\n\t\t<\/div>\n\t\t<\/div><\/div><\/div><\/div><div class=\"vc_row wpb_row vc_row-fluid vc_custom_1666272691679 wd-rs-63514da96d73a\"><div class=\"wpb_column vc_column_container vc_col-sm-12 wd-rs-63514c870daab\"><div class=\"vc_column-inner vc_custom_1666272395956\"><div class=\"wpb_wrapper\">\n\t\t<div id=\"wd-6940ecb0ded9b\" class=\"title-wrapper wd-wpb wd-set-mb reset-last-child  wd-rs-6940ecb0ded9b wd-title-color-default wd-title-style-default text-left vc_custom_1765862599850 wd-underline-colored\">\n\t\t\t\n\t\t\t<div class=\"liner-continer\">\n\t\t\t\t<h4 class=\"woodmart-title-container title  wd-font-weight- wd-fontsize-m\" >Ingenier\u00eda y valor de la cadena de suministro<\/h4>\n\t\t\t\t\t\t\t<\/div>\n\t\t\t\n\t\t\t\n\t\t\t\n\t\t<\/div>\n\t\t\n\t\t\t\t<div id=\"wd-6940ecd2a6036\" class=\"wd-text-block wd-wpb reset-last-child wd-rs-6940ecd2a6036 text-left vc_custom_1765862613461\">\n\t\t\t<p>M\u00e1s all\u00e1 de la disponibilidad de componentes, ayudamos a los clientes con:<\/p>\n\t\t<\/div>\n\t\t\t\t\t<div id=\"carousel-688\" class=\"wd-carousel-container info-box-carousel-wrapper wd-wpb  vc_custom_1765778087335 wd-rs-693fa295581c3\">\n\t\t\t\t<div class=\"wd-carousel-inner\">\n\t\t\t\t\t<div class=\"wd-carousel wd-grid info-box-carousel\" data-scroll_per_page=\"yes\" style=\"--wd-col-lg:4;--wd-col-md:4;--wd-col-sm:1;--wd-gap-lg:10px;\">\n\t\t\t\t\t\t<div class=\"wd-carousel-wrap\">\n\t\t\t\t\t\t\t\t\t\t<div class=\"info-box-wrapper wd-carousel-item\">\n\t\t\t\t<div id=\"wd-6940ecde82e7c\" class=\"wd-rs-6940ecde82e7c wd-info-box wd-wpb text-center box-icon-align-top box-style- color-scheme- wd-bg-none vc_custom_1765862634693\">\n\t\t\t\t\t\t\t\t\t\t\t<div class=\"box-icon-wrapper  box-with-icon box-icon-simple\">\n\t\t\t\t\t\t\t<div class=\"info-box-icon\">\n\n\t\t\t\t\t\t\t\n\t\t\t\t\t\t\t\t\t\t\t\t\t\t\t\t\t<div class=\"info-svg-wrapper\" style=\"width: 64px;height: 64px;\"><img decoding=\"async\"  src=\"https:\/\/www.lxbchip.com\/wp-content\/themes\/woodmart\/images\/lazy.svg\" data-src=\"https:\/\/www.lxbchip.com\/wp-content\/uploads\/2025\/12\/logitech-g735-icon-1-1.svg\" loading=\"lazy\" width=\"64\" height=\"64\"><\/div>\t\t\t\t\t\t\t\t\t\t\t\t\t\t\t\n\t\t\t\t\t\t\t<\/div>\n\t\t\t\t\t\t<\/div>\n\t\t\t\t\t\t\t\t\t\t<div class=\"info-box-content\">\n\t\t\t\t\t\t\t\t\t\t\t\t<div class=\"info-box-inner reset-last-child\"><p>An\u00e1lisis de la lista de materiales y selecci\u00f3n de piezas compatibles con el protocolo<\/p>\n<\/div>\n\n\t\t\t\t\t\t\t\t\t\t\t<\/div>\n\n\t\t\t\t\t\n\t\t\t\t\t\t\t\t\t<\/div>\n\t\t\t<\/div>\n\t\t\t\t\t<div class=\"info-box-wrapper wd-carousel-item\">\n\t\t\t\t<div id=\"wd-6940ecf617adf\" class=\"wd-rs-6940ecf617adf wd-info-box wd-wpb text-center box-icon-align-top box-style- color-scheme- wd-bg-none vc_custom_1765862651987\">\n\t\t\t\t\t\t\t\t\t\t\t<div class=\"box-icon-wrapper  box-with-icon box-icon-simple\">\n\t\t\t\t\t\t\t<div class=\"info-box-icon\">\n\n\t\t\t\t\t\t\t\n\t\t\t\t\t\t\t\t\t\t\t\t\t\t\t\t\t<div class=\"info-svg-wrapper\" style=\"width: 64px;height: 64px;\"><img decoding=\"async\"  src=\"https:\/\/www.lxbchip.com\/wp-content\/themes\/woodmart\/images\/lazy.svg\" data-src=\"https:\/\/www.lxbchip.com\/wp-content\/uploads\/2025\/12\/logitech-g735-icon-2-1.svg\" loading=\"lazy\" width=\"64\" height=\"64\"><\/div>\t\t\t\t\t\t\t\t\t\t\t\t\t\t\t\n\t\t\t\t\t\t\t<\/div>\n\t\t\t\t\t\t<\/div>\n\t\t\t\t\t\t\t\t\t\t<div class=\"info-box-content\">\n\t\t\t\t\t\t\t\t\t\t\t\t<div class=\"info-box-inner reset-last-child\"><p>Suministro alternativo de componentes CAN e IVN obsoletos o limitados<\/p>\n<\/div>\n\n\t\t\t\t\t\t\t\t\t\t\t<\/div>\n\n\t\t\t\t\t\n\t\t\t\t\t\t\t\t\t<\/div>\n\t\t\t<\/div>\n\t\t\t\t\t<div class=\"info-box-wrapper wd-carousel-item\">\n\t\t\t\t<div id=\"wd-6940ed046b1db\" class=\"wd-rs-6940ed046b1db wd-info-box wd-wpb text-center box-icon-align-top box-style- color-scheme- wd-bg-none vc_custom_1765862676723\">\n\t\t\t\t\t\t\t\t\t\t\t<div class=\"box-icon-wrapper  box-with-icon box-icon-simple\">\n\t\t\t\t\t\t\t<div class=\"info-box-icon\">\n\n\t\t\t\t\t\t\t\n\t\t\t\t\t\t\t\t\t\t\t\t\t\t\t\t\t<div class=\"info-svg-wrapper\" style=\"width: 64px;height: 64px;\"><img decoding=\"async\"  src=\"https:\/\/www.lxbchip.com\/wp-content\/themes\/woodmart\/images\/lazy.svg\" data-src=\"https:\/\/www.lxbchip.com\/wp-content\/uploads\/2025\/12\/logitech-g735-icon-3-1.svg\" loading=\"lazy\" width=\"64\" height=\"64\"><\/div>\t\t\t\t\t\t\t\t\t\t\t\t\t\t\t\n\t\t\t\t\t\t\t<\/div>\n\t\t\t\t\t\t<\/div>\n\t\t\t\t\t\t\t\t\t\t<div class=\"info-box-content\">\n\t\t\t\t\t\t\t\t\t\t\t\t<div class=\"info-box-inner reset-last-child\"><p>Soporte para muestras y pruebas piloto de dise\u00f1os de ECU y pasarelas<\/p>\n<\/div>\n\n\t\t\t\t\t\t\t\t\t\t\t<\/div>\n\n\t\t\t\t\t\n\t\t\t\t\t\t\t\t\t<\/div>\n\t\t\t<\/div>\n\t\t\t\t\t<div class=\"info-box-wrapper wd-carousel-item\">\n\t\t\t\t<div id=\"wd-6940ed18ea121\" class=\"wd-rs-6940ed18ea121 wd-info-box wd-wpb text-center box-icon-align-top box-style- color-scheme- wd-bg-none vc_custom_1765862686729\">\n\t\t\t\t\t\t\t\t\t\t\t<div class=\"box-icon-wrapper  box-with-icon box-icon-simple\">\n\t\t\t\t\t\t\t<div class=\"info-box-icon\">\n\n\t\t\t\t\t\t\t\n\t\t\t\t\t\t\t\t\t\t\t\t\t\t\t\t\t<div class=\"info-svg-wrapper\" style=\"width: 64px;height: 64px;\"><img decoding=\"async\"  src=\"https:\/\/www.lxbchip.com\/wp-content\/themes\/woodmart\/images\/lazy.svg\" data-src=\"https:\/\/www.lxbchip.com\/wp-content\/uploads\/2025\/12\/logitech-g735-icon-3-1.svg\" loading=\"lazy\" width=\"64\" height=\"64\"><\/div>\t\t\t\t\t\t\t\t\t\t\t\t\t\t\t\n\t\t\t\t\t\t\t<\/div>\n\t\t\t\t\t\t<\/div>\n\t\t\t\t\t\t\t\t\t\t<div class=\"info-box-content\">\n\t\t\t\t\t\t\t\t\t\t\t\t<div class=\"info-box-inner reset-last-child\"><p>Planificaci\u00f3n del suministro a largo plazo para plataformas de automoci\u00f3n con ciclos de vida ampliados<\/p>\n<\/div>\n\n\t\t\t\t\t\t\t\t\t\t\t<\/div>\n\n\t\t\t\t\t\n\t\t\t\t\t\t\t\t\t<\/div>\n\t\t\t<\/div>\n\t\t\t\t\t\t\t\t<\/div>\n\t\t\t\t\t<\/div>\n\n\t\t\t\t\t\t\t\t\t\t\t\t\t<div class=\"wd-nav-arrows wd-pos-sep wd-hover-1 wd-icon-1\">\n\t\t\t<div class=\"wd-btn-arrow wd-prev wd-disabled\">\n\t\t\t\t<div class=\"wd-arrow-inner\"><\/div>\n\t\t\t<\/div>\n\t\t\t<div class=\"wd-btn-arrow wd-next\">\n\t\t\t\t<div class=\"wd-arrow-inner\"><\/div>\n\t\t\t<\/div>\n\t\t<\/div>\n\t\t\t\t\t\t\t\t\t\t\t<\/div>\n\n\t\t\t\t\t\t\t\t\t\t\t<\/div>\n\t\t<\/div><\/div><\/div><\/div><div class=\"vc_row wpb_row vc_row-fluid wd-rs-6377819b27d07\"><div class=\"wpb_column vc_column_container vc_col-sm-12 wd-rs-63514db6c5d19\"><div class=\"vc_column-inner vc_custom_1666272699823\"><div class=\"wpb_wrapper\">\n\t\t<div id=\"wd-6940edf4aeb75\" class=\"title-wrapper wd-wpb wd-set-mb reset-last-child  wd-rs-6940edf4aeb75 wd-title-color-default wd-title-style-default text-left vc_custom_1765862903213 wd-underline-colored\">\n\t\t\t\n\t\t\t<div class=\"liner-continer\">\n\t\t\t\t<h4 class=\"woodmart-title-container title  wd-font-weight- wd-fontsize-m\" >Arquitecturas IVN h\u00edbridas<\/h4>\n\t\t\t\t\t\t\t<\/div>\n\t\t\t\n\t\t\t\n\t\t\t\n\t\t<\/div>\n\t\t\n\t\t\t\t<div id=\"wd-6940edd9698a2\" class=\"wd-text-block wd-wpb reset-last-child wd-rs-6940edd9698a2 text-left\">\n\t\t\t<article class=\"text-token-text-primary w-full focus:outline-none &#091;--shadow-height:45px&#093; has-data-writing-block:pointer-events-none has-data-writing-block:-mt-(--shadow-height) has-data-writing-block:pt-(--shadow-height) &#091;&amp;:has(&#091;data-writing-block&#093;)&gt;*&#093;:pointer-events-auto scroll-mt-&#091;calc(var(--header-height)+min(200px,max(70px,20svh)))&#093;\" dir=\"auto\" tabindex=\"-1\" data-turn-id=\"ef837c3d-8107-4690-90a2-851d8ff66c7a\" data-testid=\"conversation-turn-2\" data-scroll-anchor=\"false\" data-turn=\"assistant\">\n<div class=\"text-base my-auto mx-auto &#091;--thread-content-margin:--spacing(4)&#093; @w-sm\/main:&#091;--thread-content-margin:--spacing(6)&#093; @w-lg\/main:&#091;--thread-content-margin:--spacing(16)&#093; px-(--thread-content-margin)\">\n<div class=\"&#091;--thread-content-max-width:40rem&#093; @w-lg\/main:&#091;--thread-content-max-width:48rem&#093; mx-auto max-w-(--thread-content-max-width) flex-1 group\/turn-messages focus-visible:outline-hidden relative flex w-full min-w-0 flex-col agent-turn\" tabindex=\"-1\">\n<div class=\"flex max-w-full flex-col grow\">\n<div class=\"min-h-8 text-message relative flex w-full flex-col items-end gap-2 text-start break-words whitespace-normal &#091;.text-message+&amp;&#093;:mt-1\" dir=\"auto\" data-message-author-role=\"assistant\" data-message-id=\"0d859a0e-b370-4790-8c61-0426cb3e22ec\" data-message-model-slug=\"gpt-5-2\">\n<div class=\"flex w-full flex-col gap-1 empty:hidden first:pt-&#091;1px&#093;\">\n<div class=\"markdown prose dark:prose-invert w-full break-words light markdown-new-styling\">\n<p class=\"isSelectedEnd\">La mayor\u00eda de los veh\u00edculos modernos adoptan un enfoque de red h\u00edbrido, combinando m\u00faltiples protocolos en funci\u00f3n del ancho de banda y los requisitos funcionales:<\/p>\n<ul data-spread=\"false\">\n<li>\n<p class=\"isSelectedEnd\"><strong>LIN<\/strong> para componentes electr\u00f3nicos de la carrocer\u00eda de bajo coste y escaso ancho de banda, como retrovisores, asientos e iluminaci\u00f3n.<\/p>\n<\/li>\n<li>\n<p class=\"isSelectedEnd\"><strong>CAN \/ CAN FD<\/strong> para sistemas de control y seguridad en tiempo real<\/p>\n<\/li>\n<li>\n<p class=\"isSelectedEnd\"><strong>Ethernet para automoci\u00f3n<\/strong> para aplicaciones de gran ancho de banda, como infoentretenimiento, agregaci\u00f3n de datos ADAS y computaci\u00f3n centralizada.<\/p>\n<\/li>\n<\/ul>\n<p>Los dispositivos de pasarela de red y los controladores de dominio sirven de puente entre estos protocolos, garantizando un flujo de datos eficaz y fiable a trav\u00e9s del veh\u00edculo.<\/p>\n<\/div>\n<\/div>\n<\/div>\n<\/div>\n<\/div>\n<\/div>\n<\/article>\n<article class=\"text-token-text-primary w-full focus:outline-none &#091;--shadow-height:45px&#093; has-data-writing-block:pointer-events-none has-data-writing-block:-mt-(--shadow-height) has-data-writing-block:pt-(--shadow-height) &#091;&amp;:has(&#091;data-writing-block&#093;)&gt;*&#093;:pointer-events-auto scroll-mt-(--header-height)\" dir=\"auto\" tabindex=\"-1\" data-turn-id=\"667e5748-dcd9-406a-8a29-e58d6677d5ab\" data-testid=\"conversation-turn-3\" data-scroll-anchor=\"false\" data-turn=\"user\"><\/article>\n<p>\u00a0<\/p>\n\t\t<\/div>\n\t\t\n\t\t<div id=\"wd-6940ee8538e11\" class=\"title-wrapper wd-wpb wd-set-mb reset-last-child  wd-rs-6940ee8538e11 wd-title-color-default wd-title-style-default text-left vc_custom_1765863048068 wd-underline-colored\">\n\t\t\t\n\t\t\t<div class=\"liner-continer\">\n\t\t\t\t<h4 class=\"woodmart-title-container title  wd-font-weight- wd-fontsize-m\" >Soporte de semiconductores para IVN y sistemas CAN<\/h4>\n\t\t\t\t\t\t\t<\/div>\n\t\t\t\n\t\t\t\n\t\t\t\n\t\t<\/div>\n\t\t\n\t\t\t\t<div id=\"wd-6940ee942c695\" class=\"wd-text-block wd-wpb reset-last-child wd-rs-6940ee942c695 text-left\">\n\t\t\t<p class=\"isSelectedEnd\">LXB Semicon suministra una amplia gama de componentes de automoci\u00f3n para redes a bordo de veh\u00edculos, incluidos MCU, transceptores CAN, dispositivos de aislamiento, circuitos integrados de gesti\u00f3n de potencia, FPGA y componentes de interfaz. Nuestras marcas compatibles incluyen <strong>NXP, TI, Microchip, Infineon, ON Semiconductor, Nexperia, ADI, Xilinx, Intel (Altera), Maxim\/Dallas, Vishay, Diodos, Freescale, AVAGO<\/strong>, y otros.<\/p>\n<p>Todos los componentes se obtienen a trav\u00e9s de canales controlados con procesos de verificaci\u00f3n del ciclo de vida, trazabilidad e inspecci\u00f3n de la calidad acordes con los requisitos de la automoci\u00f3n.<\/p>\n\t\t<\/div>\n\t\t\t\t<div id=\"wd-6940eef454dd4\" class=\"wd-image wd-wpb wd-rs-6940eef454dd4 text-center vc_custom_1765871589523\">\n\t\t\t\n\t\t\t<img loading=\"lazy\" decoding=\"async\" width=\"600\" height=\"600\" src=\"https:\/\/www.lxbchip.com\/wp-content\/uploads\/2025\/12\/thanit2022february_51.jpg\" class=\"attachment-600x600 size-600x600\" alt=\"\" srcset=\"https:\/\/www.lxbchip.com\/wp-content\/uploads\/2025\/12\/thanit2022february_51.jpg 600w, https:\/\/www.lxbchip.com\/wp-content\/uploads\/2025\/12\/thanit2022february_51-150x150.jpg 150w, https:\/\/www.lxbchip.com\/wp-content\/uploads\/2025\/12\/thanit2022february_51-300x300.jpg 300w, https:\/\/www.lxbchip.com\/wp-content\/uploads\/2025\/12\/thanit2022february_51-12x12.jpg 12w\" sizes=\"auto, (max-width: 600px) 100vw, 600px\" \/>\n\t\t\t\t\t<\/div>\n\t\t\n\t\t<div id=\"wd-6940ed3f06993\" class=\"title-wrapper wd-wpb wd-set-mb reset-last-child  wd-rs-6940ed3f06993 wd-title-color-default wd-title-style-default text-left vc_custom_1765862729367 wd-underline-colored\">\n\t\t\t\n\t\t\t<div class=\"liner-continer\">\n\t\t\t\t<h4 class=\"woodmart-title-container title  wd-font-weight- wd-fontsize-m\" >Aplicaciones del bus CAN en redes de automoci\u00f3n<\/h4>\n\t\t\t\t\t\t\t<\/div>\n\t\t\t\n\t\t\t\n\t\t\t\n\t\t<\/div>\n\t\t\n\t\t\t\t<div id=\"wd-6940ed3781d4a\" class=\"wd-text-block wd-wpb reset-last-child wd-rs-6940ed3781d4a text-left\">\n\t\t\t<p>El bus CAN (Controller Area Network) sigue siendo uno de los protocolos de comunicaci\u00f3n m\u00e1s utilizados en automoci\u00f3n por su robustez, tolerancia a fallos y rentabilidad. El CAN cl\u00e1sico se utiliza habitualmente para el control de la cadena cinem\u00e1tica, los sistemas de chasis y la electr\u00f3nica de la carrocer\u00eda, mientras que las nuevas extensiones responden a los crecientes requisitos de ancho de banda de los datos:<\/p>\n\t\t<\/div>\n\t\t\t\t<div id=\"gallery_778\" class=\"wd-images-gallery wd-wpb wd-rs-693fb75d8471e vc_custom_1765783391617 photoswipe-images\" style=\"--wd-justify-content:center;--wd-align-items:center;\">\n\t\t\t\n\t\t\t<div class=\"wd-grid-g\" style=\"--wd-col-lg:3;--wd-col-md:3;--wd-col-sm:1;--wd-gap-lg:20px;--wd-gap-sm:10px;\">\n\t\t\t\t\n\t\t\t\t\t\t\t\t\t\t\t\t\t\n\t\t\t\t\t\t\t<\/div>\n\n\t\t\t\t\t<\/div>\n\t\t<\/div><\/div><\/div><\/div><div class=\"vc_row wpb_row vc_row-fluid vc_custom_1628576405426 wd-rs-61121a910fc4f\"><div class=\"wpb_column vc_column_container vc_col-sm-4 vc_col-lg-4 vc_col-md-4 vc_col-xs-12 wd-rs-61121a8376dee\"><div class=\"vc_column-inner vc_custom_1628576391085\"><div class=\"wpb_wrapper\">\t\t<div class=\"promo-banner-wrapper  wd-rs-6940ed5969db7  wd-width-custom\">\n\t\t\t<div id=\"wd-6940ed5969db7\" class=\"promo-banner  banner-background banner-hover-parallax color-scheme-dark banner-btn-size-small banner-btn-style-link  wd-with-link wd-underline-colored\">\n\t\t\t\t<div class=\"main-wrapp-img\">\n\t\t\t\t\t<div class=\"banner-image wd-bg-position-center\" >\n\t\t\t\t\t\t<img loading=\"lazy\" decoding=\"async\" width=\"300\" height=\"300\" src=\"https:\/\/www.lxbchip.com\/wp-content\/uploads\/2025\/12\/90-1-300x300.jpg\" class=\"attachment-300x300 size-300x300\" alt=\"\" \/>\t\t\t\t\t<\/div>\n\t\t\t\t<\/div>\n\n\t\t\t\t<div class=\"wrapper-content-banner wd-fill  wd-items-middle wd-justify-center\">\n\t\t\t\t\t<div class=\"content-banner  text-center\">\n\t\t\t\t\t\t<h4 class=\"banner-title wd-font-weight-400 wd-fontsize-l\">Cl\u00e1sica CAN<\/h4>\t\t\t\t\t\t\t\t\t\t\t\t\t<div class=\"banner-inner reset-last-child wd-fontsize-xs\">\n\t\t\t\t\t\t\t\t<p><span style=\"color: #000000;\">Se utiliza en m\u00f3dulos de gesti\u00f3n del motor, control de la transmisi\u00f3n, ABS y control de la carrocer\u00eda en los que la comunicaci\u00f3n determinista y la fiabilidad son esenciales.<\/span><\/p>\n\t\t\t\t\t\t\t<\/div>\n\t\t\t\t\t\t\n\t\t\t\t\t\t\n\t\t\t\t\t\t\t\t\t\t\t<\/div>\n\t\t\t\t<\/div>\n\n\t\t\t\t\t\t\t\t\t<a class=\"wd-promo-banner-link wd-fill\" aria-label=\"Banner link\" href=\"#\" title=\"\"><\/a>\n\t\t\t\t\n\t\t\t\t\t\t\t<\/div>\n\t\t<\/div>\n\n\t\t<\/div><\/div><\/div><div class=\"wpb_column vc_column_container vc_col-sm-4 vc_col-lg-4 vc_col-md-4 vc_col-xs-12 wd-rs-61121a88c3793\"><div class=\"vc_column-inner vc_custom_1628576395208\"><div class=\"wpb_wrapper\">\t\t<div class=\"promo-banner-wrapper  wd-rs-6940eef84144e  wd-width-custom\">\n\t\t\t<div id=\"wd-6940eef84144e\" class=\"promo-banner  banner-background banner-hover-parallax color-scheme-dark banner-btn-size-small banner-btn-style-link  wd-with-link wd-underline-colored\">\n\t\t\t\t<div class=\"main-wrapp-img\">\n\t\t\t\t\t<div class=\"banner-image wd-bg-position-center\" >\n\t\t\t\t\t\t<img loading=\"lazy\" decoding=\"async\" width=\"300\" height=\"300\" src=\"https:\/\/www.lxbchip.com\/wp-content\/uploads\/2025\/12\/electronic--300x300.jpg\" class=\"attachment-300x300 size-300x300\" alt=\"\" \/>\t\t\t\t\t<\/div>\n\t\t\t\t<\/div>\n\n\t\t\t\t<div class=\"wrapper-content-banner wd-fill  wd-items-middle wd-justify-center\">\n\t\t\t\t\t<div class=\"content-banner  text-center\">\n\t\t\t\t\t\t<h4 class=\"banner-title wd-font-weight-400 wd-fontsize-l\">CAN FD (velocidad de datos flexible)<\/h4>\t\t\t\t\t\t\t\t\t\t\t\t\t<div class=\"banner-inner reset-last-child wd-fontsize-xs\">\n\t\t\t\t\t\t\t\t<p><span style=\"color: #000000;\">Admite un mayor caudal de datos para aplicaciones que requieren diagn\u00f3sticos m\u00e1s r\u00e1pidos, comunicaci\u00f3n de pasarela y funciones de control avanzadas.<\/span><\/p>\n\t\t\t\t\t\t\t<\/div>\n\t\t\t\t\t\t\n\t\t\t\t\t\t\n\t\t\t\t\t\t\t\t\t\t\t<\/div>\n\t\t\t\t<\/div>\n\n\t\t\t\t\t\t\t\t\t<a class=\"wd-promo-banner-link wd-fill\" aria-label=\"Banner link\" href=\"#\" title=\"\"><\/a>\n\t\t\t\t\n\t\t\t\t\t\t\t<\/div>\n\t\t<\/div>\n\n\t\t<\/div><\/div><\/div><div class=\"wpb_column vc_column_container vc_col-sm-4 vc_col-lg-4 vc_col-md-4 vc_col-xs-12 wd-rs-61121a8ce65d4\"><div class=\"vc_column-inner vc_custom_1628576399193\"><div class=\"wpb_wrapper\">\t\t<div class=\"promo-banner-wrapper  wd-rs-6940ef0b17504  wd-width-custom\">\n\t\t\t<div id=\"wd-6940ef0b17504\" class=\"promo-banner  banner-background banner-hover-parallax color-scheme-dark banner-btn-size-small banner-btn-style-link  wd-with-link wd-underline-colored\">\n\t\t\t\t<div class=\"main-wrapp-img\">\n\t\t\t\t\t<div class=\"banner-image wd-bg-position-center\" >\n\t\t\t\t\t\t<img loading=\"lazy\" decoding=\"async\" width=\"300\" height=\"300\" src=\"https:\/\/www.lxbchip.com\/wp-content\/uploads\/2025\/12\/around-city-300x300.jpg\" class=\"attachment-300x300 size-300x300\" alt=\"\" \/>\t\t\t\t\t<\/div>\n\t\t\t\t<\/div>\n\n\t\t\t\t<div class=\"wrapper-content-banner wd-fill  wd-items-middle wd-justify-center\">\n\t\t\t\t\t<div class=\"content-banner  text-center\">\n\t\t\t\t\t\t<h4 class=\"banner-title wd-font-weight-400 wd-fontsize-l\">CAN XL<\/h4>\t\t\t\t\t\t\t\t\t\t\t\t\t<div class=\"banner-inner reset-last-child wd-fontsize-xs\">\n\t\t\t\t\t\t\t\t<p><span style=\"color: #000000;\">Dise\u00f1ado para satisfacer las futuras demandas de ancho de banda y permitir una integraci\u00f3n m\u00e1s fluida con las arquitecturas de veh\u00edculos basadas en Ethernet.<\/span><\/p>\n\t\t\t\t\t\t\t<\/div>\n\t\t\t\t\t\t\n\t\t\t\t\t\t\n\t\t\t\t\t\t\t\t\t\t\t<\/div>\n\t\t\t\t<\/div>\n\n\t\t\t\t\t\t\t\t\t<a class=\"wd-promo-banner-link wd-fill\" aria-label=\"Banner link\" href=\"#\" title=\"\"><\/a>\n\t\t\t\t\n\t\t\t\t\t\t\t<\/div>\n\t\t<\/div>\n\n\t\t<\/div><\/div><\/div><\/div><div class=\"vc_row wpb_row vc_row-fluid vc_custom_1765796077325 wd-rs-693fe8d77ff97\"><div class=\"wpb_column vc_column_container vc_col-sm-12\"><div class=\"vc_column-inner\"><div class=\"wpb_wrapper\">\n\t\t<div id=\"wd-6940eeb81640f\" class=\"title-wrapper wd-wpb wd-set-mb reset-last-child  wd-rs-6940eeb81640f wd-title-color-default wd-title-style-underlined text-center vc_custom_1765863127090 wd-underline-colored\">\n\t\t\t\t\t\t\t\n\t\t\t\t<div class=\"title-subtitle  subtitle-color-default font-default subtitle-style-default wd-font-weight- wd-fontsize-xs\">LXB Semicon<\/div>\n\t\t\t\n\t\t\t<div class=\"liner-continer\">\n\t\t\t\t<h4 class=\"woodmart-title-container title  wd-font-weight-600 wd-fontsize-l\" >Un socio fiable para la electr\u00f3nica de redes de automoci\u00f3n<\/h4>\n\t\t\t\t\t\t\t<\/div>\n\t\t\t\n\t\t\t\t\t\t\t<div class=\"title-after_title reset-last-child  wd-fontsize-xs\">Con a\u00f1os de experiencia en programas de electr\u00f3nica de automoci\u00f3n, LXB Semicon ayuda a los clientes a gestionar la complejidad t\u00e9cnica y el riesgo de suministro en las implantaciones de IVN y bus CAN. Nos centramos en el abastecimiento estable, la alineaci\u00f3n de la ingenier\u00eda y la fiabilidad a largo plazo, apoyando la columna vertebral de la comunicaci\u00f3n de los veh\u00edculos de hoy y de ma\u00f1ana.<\/div>\n\t\t\t\n\t\t\t\n\t\t<\/div>\n\t\t\n\t\t<\/div><\/div><\/div><\/div>\n<\/div>","protected":false},"excerpt":{"rendered":"In-Vehicle Networks (IVNs) and CAN Bus Solutions Trusted Electronic Components and Supply Chain Support for Connected Systems. Modern vehicles rely","protected":false},"author":1,"featured_media":0,"parent":0,"menu_order":0,"comment_status":"closed","ping_status":"closed","template":"","meta":{"_acf_changed":false,"footnotes":""},"class_list":["post-8564","page","type-page","status-publish","hentry"],"acf":[],"aioseo_notices":[],"_links":{"self":[{"href":"https:\/\/www.lxbchip.com\/es\/wp-json\/wp\/v2\/pages\/8564","targetHints":{"allow":["GET"]}}],"collection":[{"href":"https:\/\/www.lxbchip.com\/es\/wp-json\/wp\/v2\/pages"}],"about":[{"href":"https:\/\/www.lxbchip.com\/es\/wp-json\/wp\/v2\/types\/page"}],"author":[{"embeddable":true,"href":"https:\/\/www.lxbchip.com\/es\/wp-json\/wp\/v2\/users\/1"}],"replies":[{"embeddable":true,"href":"https:\/\/www.lxbchip.com\/es\/wp-json\/wp\/v2\/comments?post=8564"}],"version-history":[{"count":10,"href":"https:\/\/www.lxbchip.com\/es\/wp-json\/wp\/v2\/pages\/8564\/revisions"}],"predecessor-version":[{"id":8793,"href":"https:\/\/www.lxbchip.com\/es\/wp-json\/wp\/v2\/pages\/8564\/revisions\/8793"}],"wp:attachment":[{"href":"https:\/\/www.lxbchip.com\/es\/wp-json\/wp\/v2\/media?parent=8564"}],"curies":[{"name":"wp","href":"https:\/\/api.w.org\/{rel}","templated":true}]}}