{"id":8562,"date":"2025-12-15T21:14:27","date_gmt":"2025-12-15T13:14:27","guid":{"rendered":"https:\/\/www.lxbchip.com\/?page_id=8562"},"modified":"2025-12-20T16:11:33","modified_gmt":"2025-12-20T08:11:33","slug":"semiconductors","status":"publish","type":"page","link":"https:\/\/www.lxbchip.com\/es\/semiconductors\/","title":{"rendered":"Semiconductores"},"content":{"rendered":"<div class=\"wpb-content-wrapper\"><div class=\"vc_row wpb_row vc_row-fluid vc_custom_1765779186129 wd-rs-693fa6ea5c73f\"><div class=\"wpb_column vc_column_container vc_col-sm-12 wd-rs-63514c8260958\"><div class=\"vc_column-inner vc_custom_1666272391679\"><div class=\"wpb_wrapper\">\n\t\t<div id=\"wd-69465a1b0c0ac\" class=\"title-wrapper wd-wpb wd-set-mb reset-last-child  wd-rs-69465a1b0c0ac wd-title-color-default wd-title-style-default text-center  wd-underline-colored\">\n\t\t\t\n\t\t\t<div class=\"liner-continer\">\n\t\t\t\t<h4 class=\"woodmart-title-container title  wd-font-weight- wd-fontsize-m\" >Semiconductores para sistemas de transporte y automoci\u00f3n<\/h4>\n\t\t\t\t\t\t\t<\/div>\n\t\t\t\n\t\t\t\t\t\t\t<div class=\"title-after_title reset-last-child  wd-fontsize-xs\">Componentes electr\u00f3nicos de confianza y apoyo a la cadena de suministro para sistemas conectados.<\/div>\n\t\t\t\n\t\t\t\n\t\t<\/div>\n\t\t\n\t\t\t\t<div id=\"wd-6940e7f240f97\" class=\"wd-image wd-wpb wd-rs-6940e7f240f97 text-center\">\n\t\t\t\n\t\t\t<img loading=\"lazy\" decoding=\"async\" width=\"600\" height=\"336\" src=\"https:\/\/www.lxbchip.com\/wp-content\/uploads\/2025\/12\/background.jpg\" class=\"attachment-600x336 size-600x336\" alt=\"\" srcset=\"https:\/\/www.lxbchip.com\/wp-content\/uploads\/2025\/12\/background.jpg 600w, https:\/\/www.lxbchip.com\/wp-content\/uploads\/2025\/12\/background-150x84.jpg 150w, https:\/\/www.lxbchip.com\/wp-content\/uploads\/2025\/12\/background-300x168.jpg 300w, https:\/\/www.lxbchip.com\/wp-content\/uploads\/2025\/12\/background-18x10.jpg 18w\" sizes=\"auto, (max-width: 600px) 100vw, 600px\" \/>\n\t\t\t\t\t<\/div>\n\t\t\t\t<div id=\"wd-6940e5c518cc3\" class=\"wd-text-block wd-wpb reset-last-child wd-rs-6940e5c518cc3 text-center vc_custom_1765860818187\">\n\t\t\t<div class=\"flex flex-col text-sm @w-xl\/main:pt-header-height pb-25\">\n<article class=\"text-token-text-primary w-full focus:outline-none &#091;--shadow-height:45px&#093; has-data-writing-block:pointer-events-none has-data-writing-block:-mt-(--shadow-height) has-data-writing-block:pt-(--shadow-height) &#091;&amp;:has(&#091;data-writing-block&#093;)&gt;*&#093;:pointer-events-auto scroll-mt-&#091;calc(var(--header-height)+min(200px,max(70px,20svh)))&#093;\" dir=\"auto\" tabindex=\"-1\" data-turn-id=\"request-WEB:4df86dff-3bf5-4179-906a-0ffa94fce0a2-4\" data-testid=\"conversation-turn-10\" data-scroll-anchor=\"true\" data-turn=\"assistant\">\n<div class=\"text-base my-auto mx-auto pb-10 &#091;--thread-content-margin:--spacing(4)&#093; @w-sm\/main:&#091;--thread-content-margin:--spacing(6)&#093; @w-lg\/main:&#091;--thread-content-margin:--spacing(16)&#093; px-(--thread-content-margin)\">\n<div class=\"&#091;--thread-content-max-width:40rem&#093; @w-lg\/main:&#091;--thread-content-max-width:48rem&#093; mx-auto max-w-(--thread-content-max-width) flex-1 group\/turn-messages focus-visible:outline-hidden relative flex w-full min-w-0 flex-col agent-turn\" tabindex=\"-1\">\n<div class=\"flex max-w-full flex-col grow\">\n<div class=\"min-h-8 text-message relative flex w-full flex-col items-end gap-2 text-start break-words whitespace-normal &#091;.text-message+&amp;&#093;:mt-1\" dir=\"auto\" data-message-author-role=\"assistant\" data-message-id=\"27b267f3-ab48-4550-8cfe-e692a4c37bff\" data-message-model-slug=\"gpt-5-2\">\n<div class=\"flex w-full flex-col gap-1 empty:hidden first:pt-&#091;1px&#093;\">\n<div class=\"markdown prose dark:prose-invert w-full break-words light markdown-new-styling\"><\/div>\n<\/div>\n<\/div>\n<\/div>\n<div class=\"z-0 flex min-h-&#091;46px&#093; justify-start\">\n<p>La r\u00e1pida evoluci\u00f3n de la electr\u00f3nica del transporte -desde el control tradicional de la cadena cinem\u00e1tica hasta el ADAS y las plataformas aut\u00f3nomas emergentes- ha aumentado significativamente la demanda de semiconductores de alta fiabilidad con un largo ciclo de vida. Los sistemas de automoci\u00f3n no solo requieren un rendimiento avanzado, sino tambi\u00e9n una calidad constante, trazabilidad y estabilidad de suministro a lo largo de varias generaciones de productos.<\/p>\n<p>Fundada en 2008, Shenzhen Lianxinbang (LXB Semicon) Technology Co., Ltd. opera desde el centro neur\u00e1lgico de fabricaci\u00f3n electr\u00f3nica de Shenzhen con un equipo profesional de m\u00e1s de 30 empleados y una superficie de oficinas de casi 600 metros cuadrados. Nuestra estructura interna abarca ventas, compras, inspecci\u00f3n de calidad, administraci\u00f3n y finanzas, lo que permite una ejecuci\u00f3n controlada desde el aprovisionamiento hasta la entrega.<\/p>\n<\/div>\n<div class=\"mt-3 w-full empty:hidden\">\n<div class=\"text-center\"><\/div>\n<\/div>\n<\/div>\n<\/div>\n<\/article>\n<\/div>\n<div class=\"pointer-events-none h-px w-px absolute bottom-0\" aria-hidden=\"true\" data-edge=\"true\"><\/div>\n\t\t<\/div>\n\t\t<\/div><\/div><\/div><\/div><div class=\"vc_row wpb_row vc_row-fluid vc_custom_1666272691679 wd-rs-63514da96d73a\"><div class=\"wpb_column vc_column_container vc_col-sm-12 wd-rs-63514c870daab\"><div class=\"vc_column-inner vc_custom_1666272395956\"><div class=\"wpb_wrapper\">\n\t\t<div id=\"wd-6940e5ed37a27\" class=\"title-wrapper wd-wpb wd-set-mb reset-last-child  wd-rs-6940e5ed37a27 wd-title-color-default wd-title-style-default text-left vc_custom_1765860847912 wd-underline-colored\">\n\t\t\t\n\t\t\t<div class=\"liner-continer\">\n\t\t\t\t<h4 class=\"woodmart-title-container title  wd-font-weight- wd-fontsize-m\" >Cobertura de aplicaciones de semiconductores para automoci\u00f3n<\/h4>\n\t\t\t\t\t\t\t<\/div>\n\t\t\t\n\t\t\t\n\t\t\t\n\t\t<\/div>\n\t\t\n\t\t\t\t<div id=\"wd-6940e5e96630c\" class=\"wd-text-block wd-wpb reset-last-child wd-rs-6940e5e96630c text-left vc_custom_1765860861029\">\n\t\t\t<p>LXB Semicon cubre una amplia gama de necesidades de semiconductores en plataformas de transporte y automoci\u00f3n, entre las que se incluyen:<\/p>\n\t\t<\/div>\n\t\t\t\t\t<div id=\"carousel-488\" class=\"wd-carousel-container info-box-carousel-wrapper wd-wpb  vc_custom_1765778087335 wd-rs-693fa295581c3\">\n\t\t\t\t<div class=\"wd-carousel-inner\">\n\t\t\t\t\t<div class=\"wd-carousel wd-grid info-box-carousel\" data-scroll_per_page=\"yes\" style=\"--wd-col-lg:4;--wd-col-md:4;--wd-col-sm:1;--wd-gap-lg:10px;\">\n\t\t\t\t\t\t<div class=\"wd-carousel-wrap\">\n\t\t\t\t\t\t\t\t\t\t<div class=\"info-box-wrapper wd-carousel-item\">\n\t\t\t\t<div id=\"wd-6940e611103fa\" class=\"wd-rs-6940e611103fa wd-info-box wd-wpb text-center box-icon-align-top box-style- color-scheme- wd-bg-none vc_custom_1765860895917\">\n\t\t\t\t\t\t\t\t\t\t\t<div class=\"box-icon-wrapper  box-with-icon box-icon-simple\">\n\t\t\t\t\t\t\t<div class=\"info-box-icon\">\n\n\t\t\t\t\t\t\t\n\t\t\t\t\t\t\t\t\t\t\t\t\t\t\t\t\t<div class=\"info-svg-wrapper\" style=\"width: 64px;height: 64px;\"><img decoding=\"async\"  src=\"https:\/\/www.lxbchip.com\/wp-content\/themes\/woodmart\/images\/lazy.svg\" data-src=\"https:\/\/www.lxbchip.com\/wp-content\/uploads\/2025\/12\/logitech-g735-icon-1-1.svg\" loading=\"lazy\" width=\"64\" height=\"64\"><\/div>\t\t\t\t\t\t\t\t\t\t\t\t\t\t\t\n\t\t\t\t\t\t\t<\/div>\n\t\t\t\t\t\t<\/div>\n\t\t\t\t\t\t\t\t\t\t<div class=\"info-box-content\">\n\t\t\t\t\t\t<h4 class=\"info-box-title title box-title-style-default wd-fontsize-m\">ADAS y sistemas de seguridad<\/h4>\t\t\t\t\t\t<div class=\"info-box-inner reset-last-child\"><p>Las FPGA, los DSP y los circuitos integrados anal\u00f3gicos de alto rendimiento se utilizan ampliamente en el procesamiento de radares, c\u00e1maras y LiDAR, as\u00ed como en las unidades de control de frenos y airbags, donde el rendimiento determinista y la fiabilidad son fundamentales.<\/p>\n<\/div>\n\n\t\t\t\t\t\t\t\t\t\t\t<\/div>\n\n\t\t\t\t\t\n\t\t\t\t\t\t\t\t\t<\/div>\n\t\t\t<\/div>\n\t\t\t\t\t<div class=\"info-box-wrapper wd-carousel-item\">\n\t\t\t\t<div id=\"wd-6940e62f03a32\" class=\"wd-rs-6940e62f03a32 wd-info-box wd-wpb text-center box-icon-align-top box-style- color-scheme- wd-bg-none vc_custom_1765860922798\">\n\t\t\t\t\t\t\t\t\t\t\t<div class=\"box-icon-wrapper  box-with-icon box-icon-simple\">\n\t\t\t\t\t\t\t<div class=\"info-box-icon\">\n\n\t\t\t\t\t\t\t\n\t\t\t\t\t\t\t\t\t\t\t\t\t\t\t\t\t<div class=\"info-svg-wrapper\" style=\"width: 64px;height: 64px;\"><img decoding=\"async\"  src=\"https:\/\/www.lxbchip.com\/wp-content\/themes\/woodmart\/images\/lazy.svg\" data-src=\"https:\/\/www.lxbchip.com\/wp-content\/uploads\/2025\/12\/logitech-g735-icon-2-1.svg\" loading=\"lazy\" width=\"64\" height=\"64\"><\/div>\t\t\t\t\t\t\t\t\t\t\t\t\t\t\t\n\t\t\t\t\t\t\t<\/div>\n\t\t\t\t\t\t<\/div>\n\t\t\t\t\t\t\t\t\t\t<div class=\"info-box-content\">\n\t\t\t\t\t\t<h4 class=\"info-box-title title box-title-style-default wd-fontsize-m\">Cadena cinem\u00e1tica y control de veh\u00edculos<\/h4>\t\t\t\t\t\t<div class=\"info-box-inner reset-last-child\"><p>Los semiconductores de potencia, las MCU y los circuitos integrados de se\u00f1al mixta sirven de apoyo a los subsistemas de gesti\u00f3n del motor, control de la transmisi\u00f3n y veh\u00edculos el\u00e9ctricos, donde la estabilidad t\u00e9rmica y la disponibilidad a largo plazo son esenciales.<\/p>\n<\/div>\n\n\t\t\t\t\t\t\t\t\t\t\t<\/div>\n\n\t\t\t\t\t\n\t\t\t\t\t\t\t\t\t<\/div>\n\t\t\t<\/div>\n\t\t\t\t\t<div class=\"info-box-wrapper wd-carousel-item\">\n\t\t\t\t<div id=\"wd-6940e644edc6f\" class=\"wd-rs-6940e644edc6f wd-info-box wd-wpb text-center box-icon-align-top box-style- color-scheme- wd-bg-none vc_custom_1765860954705\">\n\t\t\t\t\t\t\t\t\t\t\t<div class=\"box-icon-wrapper  box-with-icon box-icon-simple\">\n\t\t\t\t\t\t\t<div class=\"info-box-icon\">\n\n\t\t\t\t\t\t\t\n\t\t\t\t\t\t\t\t\t\t\t\t\t\t\t\t\t<div class=\"info-svg-wrapper\" style=\"width: 64px;height: 64px;\"><img decoding=\"async\"  src=\"https:\/\/www.lxbchip.com\/wp-content\/themes\/woodmart\/images\/lazy.svg\" data-src=\"https:\/\/www.lxbchip.com\/wp-content\/uploads\/2025\/12\/logitech-g735-icon-3-1.svg\" loading=\"lazy\" width=\"64\" height=\"64\"><\/div>\t\t\t\t\t\t\t\t\t\t\t\t\t\t\t\n\t\t\t\t\t\t\t<\/div>\n\t\t\t\t\t\t<\/div>\n\t\t\t\t\t\t\t\t\t\t<div class=\"info-box-content\">\n\t\t\t\t\t\t<h4 class=\"info-box-title title box-title-style-default wd-fontsize-m\">Electr\u00f3nica corporal e infoentretenimiento<\/h4>\t\t\t\t\t\t<div class=\"info-box-inner reset-last-child\"><p>Las MCU de automoci\u00f3n, los circuitos integrados de interfaz, la memoria y los dispositivos de gesti\u00f3n de energ\u00eda se utilizan en sistemas de iluminaci\u00f3n, calefacci\u00f3n, ventilaci\u00f3n y aire acondicionado, cuadros de instrumentos y redes de a bordo.<\/p>\n<\/div>\n\n\t\t\t\t\t\t\t\t\t\t\t<\/div>\n\n\t\t\t\t\t\n\t\t\t\t\t\t\t\t\t<\/div>\n\t\t\t<\/div>\n\t\t\t\t\t<div class=\"info-box-wrapper wd-carousel-item\">\n\t\t\t\t<div id=\"wd-6940e65ec6b05\" class=\"wd-rs-6940e65ec6b05 wd-info-box wd-wpb text-center box-icon-align-top box-style- color-scheme- wd-bg-none vc_custom_1765860975090\">\n\t\t\t\t\t\t\t\t\t\t\t<div class=\"box-icon-wrapper  box-with-icon box-icon-simple\">\n\t\t\t\t\t\t\t<div class=\"info-box-icon\">\n\n\t\t\t\t\t\t\t\n\t\t\t\t\t\t\t\t\t\t\t\t\t\t\t\t\t<div class=\"info-svg-wrapper\" style=\"width: 64px;height: 64px;\"><img decoding=\"async\"  src=\"https:\/\/www.lxbchip.com\/wp-content\/themes\/woodmart\/images\/lazy.svg\" data-src=\"https:\/\/www.lxbchip.com\/wp-content\/uploads\/2025\/12\/logitech-g735-icon-3-1.svg\" loading=\"lazy\" width=\"64\" height=\"64\"><\/div>\t\t\t\t\t\t\t\t\t\t\t\t\t\t\t\n\t\t\t\t\t\t\t<\/div>\n\t\t\t\t\t\t<\/div>\n\t\t\t\t\t\t\t\t\t\t<div class=\"info-box-content\">\n\t\t\t\t\t\t<h4 class=\"info-box-title title box-title-style-default wd-fontsize-m\">Veh\u00edculos el\u00e9ctricos e infraestructura de recarga<\/h4>\t\t\t\t\t\t<div class=\"info-box-inner reset-last-child\"><p>Los IGBT, MOSFET, controladores de puerta y componentes de aislamiento son fundamentales para los cargadores de a bordo, los convertidores CC-CC, los inversores y los equipos de carga externos.<\/p>\n<\/div>\n\n\t\t\t\t\t\t\t\t\t\t\t<\/div>\n\n\t\t\t\t\t\n\t\t\t\t\t\t\t\t\t<\/div>\n\t\t\t<\/div>\n\t\t\t\t\t\t\t\t<\/div>\n\t\t\t\t\t<\/div>\n\n\t\t\t\t\t\t\t\t\t\t\t\t\t<div class=\"wd-nav-arrows wd-pos-sep wd-hover-1 wd-icon-1\">\n\t\t\t<div class=\"wd-btn-arrow wd-prev wd-disabled\">\n\t\t\t\t<div class=\"wd-arrow-inner\"><\/div>\n\t\t\t<\/div>\n\t\t\t<div class=\"wd-btn-arrow wd-next\">\n\t\t\t\t<div class=\"wd-arrow-inner\"><\/div>\n\t\t\t<\/div>\n\t\t<\/div>\n\t\t\t\t\t\t\t\t\t\t\t<\/div>\n\n\t\t\t\t\t\t\t\t\t\t\t<\/div>\n\t\t<\/div><\/div><\/div><\/div><div class=\"vc_row wpb_row vc_row-fluid wd-rs-6377819b27d07\"><div class=\"wpb_column vc_column_container vc_col-sm-12 wd-rs-63514db6c5d19\"><div class=\"vc_column-inner vc_custom_1666272699823\"><div class=\"wpb_wrapper\">\n\t\t<div id=\"wd-6940e679b413b\" class=\"title-wrapper wd-wpb wd-set-mb reset-last-child  wd-rs-6940e679b413b wd-title-color-default wd-title-style-default text-left vc_custom_1765860995946 wd-underline-colored\">\n\t\t\t\n\t\t\t<div class=\"liner-continer\">\n\t\t\t\t<h4 class=\"woodmart-title-container title  wd-font-weight- wd-fontsize-m\" >Cartera de CI de fuentes autorizadas<\/h4>\n\t\t\t\t\t\t\t<\/div>\n\t\t\t\n\t\t\t\n\t\t\t\n\t\t<\/div>\n\t\t\n\t\t\t\t<div id=\"wd-6940e690dc3f5\" class=\"wd-text-block wd-wpb reset-last-child wd-rs-6940e690dc3f5 text-left\">\n\t\t\t<article class=\"text-token-text-primary w-full focus:outline-none &#091;--shadow-height:45px&#093; has-data-writing-block:pointer-events-none has-data-writing-block:-mt-(--shadow-height) has-data-writing-block:pt-(--shadow-height) &#091;&amp;:has(&#091;data-writing-block&#093;)&gt;*&#093;:pointer-events-auto scroll-mt-&#091;calc(var(--header-height)+min(200px,max(70px,20svh)))&#093;\" dir=\"auto\" tabindex=\"-1\" data-turn-id=\"ef837c3d-8107-4690-90a2-851d8ff66c7a\" data-testid=\"conversation-turn-2\" data-scroll-anchor=\"false\" data-turn=\"assistant\">\n<div class=\"text-base my-auto mx-auto &#091;--thread-content-margin:--spacing(4)&#093; @w-sm\/main:&#091;--thread-content-margin:--spacing(6)&#093; @w-lg\/main:&#091;--thread-content-margin:--spacing(16)&#093; px-(--thread-content-margin)\">\n<div class=\"&#091;--thread-content-max-width:40rem&#093; @w-lg\/main:&#091;--thread-content-max-width:48rem&#093; mx-auto max-w-(--thread-content-max-width) flex-1 group\/turn-messages focus-visible:outline-hidden relative flex w-full min-w-0 flex-col agent-turn\" tabindex=\"-1\">\n<div class=\"flex max-w-full flex-col grow\">\n<div class=\"min-h-8 text-message relative flex w-full flex-col items-end gap-2 text-start break-words whitespace-normal &#091;.text-message+&amp;&#093;:mt-1\" dir=\"auto\" data-message-author-role=\"assistant\" data-message-id=\"0d859a0e-b370-4790-8c61-0426cb3e22ec\" data-message-model-slug=\"gpt-5-2\">\n<div class=\"flex w-full flex-col gap-1 empty:hidden first:pt-&#091;1px&#093;\">\n<div class=\"markdown prose dark:prose-invert w-full break-words light markdown-new-styling\">\n<p data-start=\"0\" data-end=\"463\" data-is-last-node=\"\" data-is-only-node=\"\">Suministramos una amplia cartera de marcas de semiconductores reconocidas en todo el mundo, entre ellas <strong>Xilinx, ADI, Intel (Altera), TI, NXP, ON Semiconductor, Infineon, Microchip, Nexperia, Vishay, Maxim\/Dallas, Diodos, Freescale, AVAGO<\/strong>, y otros. Todos los componentes se obtienen a trav\u00e9s de canales controlados con origen documentado, verificaci\u00f3n del estado del ciclo de vida y soporte de conformidad para aplicaciones industriales y de automoci\u00f3n.<\/p>\n<\/div>\n<\/div>\n<\/div>\n<\/div>\n<\/div>\n<\/div>\n<\/article>\n<article class=\"text-token-text-primary w-full focus:outline-none &#091;--shadow-height:45px&#093; has-data-writing-block:pointer-events-none has-data-writing-block:-mt-(--shadow-height) has-data-writing-block:pt-(--shadow-height) &#091;&amp;:has(&#091;data-writing-block&#093;)&gt;*&#093;:pointer-events-auto scroll-mt-(--header-height)\" dir=\"auto\" tabindex=\"-1\" data-turn-id=\"667e5748-dcd9-406a-8a29-e58d6677d5ab\" data-testid=\"conversation-turn-3\" data-scroll-anchor=\"false\" data-turn=\"user\"><\/article>\n<p>\u00a0<\/p>\n\t\t<\/div>\n\t\t\t\t<div id=\"wd-6940e82c0c38d\" class=\"wd-image wd-wpb wd-rs-6940e82c0c38d text-center vc_custom_1765861454049\">\n\t\t\t\n\t\t\t<img loading=\"lazy\" decoding=\"async\" width=\"600\" height=\"318\" src=\"https:\/\/www.lxbchip.com\/wp-content\/uploads\/2025\/12\/market.jpg\" class=\"attachment-600x318 size-600x318\" alt=\"\" srcset=\"https:\/\/www.lxbchip.com\/wp-content\/uploads\/2025\/12\/market.jpg 600w, https:\/\/www.lxbchip.com\/wp-content\/uploads\/2025\/12\/market-150x80.jpg 150w, https:\/\/www.lxbchip.com\/wp-content\/uploads\/2025\/12\/market-300x159.jpg 300w, https:\/\/www.lxbchip.com\/wp-content\/uploads\/2025\/12\/market-18x10.jpg 18w\" sizes=\"auto, (max-width: 600px) 100vw, 600px\" \/>\n\t\t\t\t\t<\/div>\n\t\t\n\t\t<div id=\"wd-6940e6a49cef7\" class=\"title-wrapper wd-wpb wd-set-mb reset-last-child  wd-rs-6940e6a49cef7 wd-title-color-default wd-title-style-default text-left vc_custom_1765861031358 wd-underline-colored\">\n\t\t\t\n\t\t\t<div class=\"liner-continer\">\n\t\t\t\t<h4 class=\"woodmart-title-container title  wd-font-weight- wd-fontsize-m\" >Experiencia en ingenier\u00eda y cadena de suministro<\/h4>\n\t\t\t\t\t\t\t<\/div>\n\t\t\t\n\t\t\t\n\t\t\t\n\t\t<\/div>\n\t\t\n\t\t\t\t<div id=\"wd-6940e698e7e16\" class=\"wd-text-block wd-wpb reset-last-child wd-rs-6940e698e7e16 text-left\">\n\t\t\t<p class=\"isSelectedEnd\">Adem\u00e1s de la distribuci\u00f3n de componentes, LXB Semicon ofrece asistencia de valor a\u00f1adido para ayudar a los clientes a reducir riesgos y mejorar los plazos de comercializaci\u00f3n:<\/p>\n<ul data-spread=\"false\">\n<li>\n<p class=\"isSelectedEnd\">An\u00e1lisis de la lista de materiales y recomendaciones de piezas alternativas<\/p>\n<\/li>\n<li>\n<p class=\"isSelectedEnd\">Obtenci\u00f3n de muestras y apoyo a las pruebas piloto<\/p>\n<\/li>\n<li>\n<p class=\"isSelectedEnd\">Gesti\u00f3n de la obsolescencia y del ciclo de vida<\/p>\n<\/li>\n<li>Planificaci\u00f3n de suministros a largo plazo para programas de automoci\u00f3n<\/li>\n<\/ul>\n\t\t<\/div>\n\t\t\t\t<div id=\"gallery_569\" class=\"wd-images-gallery wd-wpb wd-rs-693fb75d8471e vc_custom_1765783391617 photoswipe-images\" style=\"--wd-justify-content:center;--wd-align-items:center;\">\n\t\t\t\n\t\t\t<div class=\"wd-grid-g\" style=\"--wd-col-lg:3;--wd-col-md:3;--wd-col-sm:1;--wd-gap-lg:20px;--wd-gap-sm:10px;\">\n\t\t\t\t\n\t\t\t\t\t\t\t\t\t\t\t\t\t\n\t\t\t\t\t\t\t<\/div>\n\n\t\t\t\t\t<\/div>\n\t\t<\/div><\/div><\/div><\/div><div class=\"vc_row wpb_row vc_row-fluid vc_custom_1628576405426 wd-rs-61121a910fc4f\"><div class=\"wpb_column vc_column_container vc_col-sm-4 vc_col-lg-4 vc_col-md-4 vc_col-xs-12 wd-rs-61121a8376dee\"><div class=\"vc_column-inner vc_custom_1628576391085\"><div class=\"wpb_wrapper\">\t\t<div class=\"promo-banner-wrapper  wd-rs-69400367be2af  wd-width-custom\">\n\t\t\t<div id=\"wd-69400367be2af\" class=\"promo-banner  banner-background banner-hover-parallax color-scheme-dark banner-btn-size-small banner-btn-style-link  wd-with-link wd-underline-colored\">\n\t\t\t\t<div class=\"main-wrapp-img\">\n\t\t\t\t\t<div class=\"banner-image wd-bg-position-center\" >\n\t\t\t\t\t\t<img loading=\"lazy\" decoding=\"async\" width=\"300\" height=\"300\" src=\"https:\/\/www.lxbchip.com\/wp-content\/uploads\/2025\/12\/90-1-300x300.jpg\" class=\"attachment-300x300 size-300x300\" alt=\"\" \/>\t\t\t\t\t<\/div>\n\t\t\t\t<\/div>\n\n\t\t\t\t<div class=\"wrapper-content-banner wd-fill  wd-items-middle wd-justify-center\">\n\t\t\t\t\t<div class=\"content-banner  text-center\">\n\t\t\t\t\t\t<h4 class=\"banner-title wd-font-weight-400 wd-fontsize-l\">Garant\u00eda de calidad<\/h4>\t\t\t\t\t\t\t\t\t\t\t\t\t<div class=\"banner-inner reset-last-child wd-fontsize-xs\">\n\t\t\t\t\t\t\t\t<p><span style=\"color: #000000;\">Suministramos componentes aut\u00e9nticos de fabricantes l\u00edderes como Xilinx, ADI, TI, NXP, Infineon, Microchip, ON, Vishay, Maxim\/Dallas, AVAGO y otros. Cada env\u00edo est\u00e1 respaldado por una inspecci\u00f3n de calidad y procesos centrados en el cumplimiento para reducir el riesgo en el abastecimiento y la producci\u00f3n.<\/span><\/p>\n\t\t\t\t\t\t\t<\/div>\n\t\t\t\t\t\t\n\t\t\t\t\t\t\n\t\t\t\t\t\t\t\t\t\t\t<\/div>\n\t\t\t\t<\/div>\n\n\t\t\t\t\t\t\t\t\t<a class=\"wd-promo-banner-link wd-fill\" aria-label=\"Banner link\" href=\"#\" title=\"\"><\/a>\n\t\t\t\t\n\t\t\t\t\t\t\t<\/div>\n\t\t<\/div>\n\n\t\t<\/div><\/div><\/div><div class=\"wpb_column vc_column_container vc_col-sm-4 vc_col-lg-4 vc_col-md-4 vc_col-xs-12 wd-rs-61121a88c3793\"><div class=\"vc_column-inner vc_custom_1628576395208\"><div class=\"wpb_wrapper\">\t\t<div class=\"promo-banner-wrapper  wd-rs-694003842ed8e  wd-width-custom\">\n\t\t\t<div id=\"wd-694003842ed8e\" class=\"promo-banner  banner-background banner-hover-parallax color-scheme-dark banner-btn-size-small banner-btn-style-link  wd-with-link wd-underline-colored\">\n\t\t\t\t<div class=\"main-wrapp-img\">\n\t\t\t\t\t<div class=\"banner-image wd-bg-position-center\" >\n\t\t\t\t\t\t<img loading=\"lazy\" decoding=\"async\" width=\"300\" height=\"300\" src=\"https:\/\/www.lxbchip.com\/wp-content\/uploads\/2025\/12\/electronic--300x300.jpg\" class=\"attachment-300x300 size-300x300\" alt=\"\" \/>\t\t\t\t\t<\/div>\n\t\t\t\t<\/div>\n\n\t\t\t\t<div class=\"wrapper-content-banner wd-fill  wd-items-middle wd-justify-center\">\n\t\t\t\t\t<div class=\"content-banner  text-center\">\n\t\t\t\t\t\t<h4 class=\"banner-title wd-font-weight-400 wd-fontsize-l\">Tecnolog\u00edas<\/h4>\t\t\t\t\t\t\t\t\t\t\t\t\t<div class=\"banner-inner reset-last-child wd-fontsize-xs\">\n\t\t\t\t\t\t\t\t<p><span style=\"color: #000000;\">LoRa, 5G, RF, sistemas basados en IA<\/span><br \/>\n<span style=\"color: #000000;\">Pasarelas y sensores dom\u00e9sticos inteligentes<\/span><br \/>\n<span style=\"color: #000000;\">Sistemas inal\u00e1mbricos de vigilancia industrial<\/span><br \/>\n<span style=\"color: #000000;\">Wearables y dispositivos port\u00e1tiles<\/span><br \/>\n<span style=\"color: #000000;\">Soluciones IoT de \u00e1rea extensa y bajo consumo (LPWAN)<\/span><br \/>\n<span style=\"color: #000000;\">Industrial y Edge IoT<\/span><\/p>\n\t\t\t\t\t\t\t<\/div>\n\t\t\t\t\t\t\n\t\t\t\t\t\t\n\t\t\t\t\t\t\t\t\t\t\t<\/div>\n\t\t\t\t<\/div>\n\n\t\t\t\t\t\t\t\t\t<a class=\"wd-promo-banner-link wd-fill\" aria-label=\"Banner link\" href=\"#\" title=\"\"><\/a>\n\t\t\t\t\n\t\t\t\t\t\t\t<\/div>\n\t\t<\/div>\n\n\t\t<\/div><\/div><\/div><div class=\"wpb_column vc_column_container vc_col-sm-4 vc_col-lg-4 vc_col-md-4 vc_col-xs-12 wd-rs-61121a8ce65d4\"><div class=\"vc_column-inner vc_custom_1628576399193\"><div class=\"wpb_wrapper\">\t\t<div class=\"promo-banner-wrapper  wd-rs-694003966e49f  wd-width-custom\">\n\t\t\t<div id=\"wd-694003966e49f\" class=\"promo-banner  banner-background banner-hover-parallax color-scheme-dark banner-btn-size-small banner-btn-style-link  wd-with-link wd-underline-colored\">\n\t\t\t\t<div class=\"main-wrapp-img\">\n\t\t\t\t\t<div class=\"banner-image wd-bg-position-center\" >\n\t\t\t\t\t\t<img loading=\"lazy\" decoding=\"async\" width=\"300\" height=\"300\" src=\"https:\/\/www.lxbchip.com\/wp-content\/uploads\/2025\/12\/around-city-300x300.jpg\" class=\"attachment-300x300 size-300x300\" alt=\"\" \/>\t\t\t\t\t<\/div>\n\t\t\t\t<\/div>\n\n\t\t\t\t<div class=\"wrapper-content-banner wd-fill  wd-items-middle wd-justify-center\">\n\t\t\t\t\t<div class=\"content-banner  text-center\">\n\t\t\t\t\t\t<h4 class=\"banner-title wd-font-weight-400 wd-fontsize-l\">Conectividad inteligente<\/h4>\t\t\t\t\t\t\t\t\t\t\t\t\t<div class=\"banner-inner reset-last-child wd-fontsize-xs\">\n\t\t\t\t\t\t\t\t<p><span style=\"color: #000000;\">Tecnolog\u00edas: Wi-Fi, Bluetooth, LoRa, 5G, Materia<\/span><br \/>\n<span style=\"color: #000000;\">LXB Semicon admite dise\u00f1os de conectividad IoT para hogares inteligentes, automatizaci\u00f3n industrial, seguimiento de activos y electr\u00f3nica de consumo. Ayudamos a los clientes a seleccionar m\u00f3dulos inal\u00e1mbricos, MCU, componentes de RF y dispositivos de alimentaci\u00f3n adecuados para garantizar un rendimiento estable, un bajo consumo de energ\u00eda y la disponibilidad a largo plazo.<\/span><\/p>\n\t\t\t\t\t\t\t<\/div>\n\t\t\t\t\t\t\n\t\t\t\t\t\t\n\t\t\t\t\t\t\t\t\t\t\t<\/div>\n\t\t\t\t<\/div>\n\n\t\t\t\t\t\t\t\t\t<a class=\"wd-promo-banner-link wd-fill\" aria-label=\"Banner link\" href=\"#\" title=\"\"><\/a>\n\t\t\t\t\n\t\t\t\t\t\t\t<\/div>\n\t\t<\/div>\n\n\t\t<\/div><\/div><\/div><\/div><div class=\"vc_row wpb_row vc_row-fluid vc_custom_1765796077325 wd-rs-693fe8d77ff97\"><div class=\"wpb_column vc_column_container vc_col-sm-12\"><div class=\"vc_column-inner\"><div class=\"wpb_wrapper\">\n\t\t<div id=\"wd-6940e6cb04089\" class=\"title-wrapper wd-wpb wd-set-mb reset-last-child  wd-rs-6940e6cb04089 wd-title-color-default wd-title-style-underlined text-center  wd-underline-colored\">\n\t\t\t\t\t\t\t\n\t\t\t\t<div class=\"title-subtitle  subtitle-color-default font-default subtitle-style-default wd-font-weight- wd-fontsize-xs\">LXB Semicon<\/div>\n\t\t\t\n\t\t\t<div class=\"liner-continer\">\n\t\t\t\t<h4 class=\"woodmart-title-container title  wd-font-weight-600 wd-fontsize-l\" >Un socio fiable para la electr\u00f3nica del autom\u00f3vil<\/h4>\n\t\t\t\t\t\t\t<\/div>\n\t\t\t\n\t\t\t\t\t\t\t<div class=\"title-after_title reset-last-child  wd-fontsize-xs\">Con a\u00f1os de experiencia en programas de electr\u00f3nica para el transporte, LXB Semicon conoce los estrictos requisitos de los semiconductores para automoci\u00f3n, desde el control de calidad hasta la continuidad del suministro. Nuestro objetivo es ayudar a los clientes a mantener una producci\u00f3n estable, gestionar el riesgo de los componentes y escalar con confianza sus dise\u00f1os de automoci\u00f3n desde el desarrollo hasta el despliegue en volumen.<\/div>\n\t\t\t\n\t\t\t\n\t\t<\/div>\n\t\t\n\t\t<\/div><\/div><\/div><\/div>\n<\/div>","protected":false},"excerpt":{"rendered":"Semiconductors for Transportation &amp; Automotive Systems Trusted Electronic Components and Supply Chain Support for Connected Systems. The rapid evolution of","protected":false},"author":1,"featured_media":0,"parent":0,"menu_order":0,"comment_status":"closed","ping_status":"closed","template":"","meta":{"_acf_changed":false,"footnotes":""},"class_list":["post-8562","page","type-page","status-publish","hentry"],"acf":[],"aioseo_notices":[],"_links":{"self":[{"href":"https:\/\/www.lxbchip.com\/es\/wp-json\/wp\/v2\/pages\/8562","targetHints":{"allow":["GET"]}}],"collection":[{"href":"https:\/\/www.lxbchip.com\/es\/wp-json\/wp\/v2\/pages"}],"about":[{"href":"https:\/\/www.lxbchip.com\/es\/wp-json\/wp\/v2\/types\/page"}],"author":[{"embeddable":true,"href":"https:\/\/www.lxbchip.com\/es\/wp-json\/wp\/v2\/users\/1"}],"replies":[{"embeddable":true,"href":"https:\/\/www.lxbchip.com\/es\/wp-json\/wp\/v2\/comments?post=8562"}],"version-history":[{"count":10,"href":"https:\/\/www.lxbchip.com\/es\/wp-json\/wp\/v2\/pages\/8562\/revisions"}],"predecessor-version":[{"id":8803,"href":"https:\/\/www.lxbchip.com\/es\/wp-json\/wp\/v2\/pages\/8562\/revisions\/8803"}],"wp:attachment":[{"href":"https:\/\/www.lxbchip.com\/es\/wp-json\/wp\/v2\/media?parent=8562"}],"curies":[{"name":"wp","href":"https:\/\/api.w.org\/{rel}","templated":true}]}}