{"id":8559,"date":"2025-12-15T21:11:46","date_gmt":"2025-12-15T13:11:46","guid":{"rendered":"https:\/\/www.lxbchip.com\/?page_id=8559"},"modified":"2025-12-20T16:13:21","modified_gmt":"2025-12-20T08:13:21","slug":"sensors-for-transportation","status":"publish","type":"page","link":"https:\/\/www.lxbchip.com\/es\/sensors-for-transportation\/","title":{"rendered":"Sensores para el transporte"},"content":{"rendered":"<div class=\"wpb-content-wrapper\"><div class=\"vc_row wpb_row vc_row-fluid vc_custom_1765779186129 wd-rs-693fa6ea5c73f\"><div class=\"wpb_column vc_column_container vc_col-sm-12 wd-rs-63514c8260958\"><div class=\"vc_column-inner vc_custom_1666272391679\"><div class=\"wpb_wrapper\">\n\t\t<div id=\"wd-69465a7d8bec2\" class=\"title-wrapper wd-wpb wd-set-mb reset-last-child  wd-rs-69465a7d8bec2 wd-title-color-default wd-title-style-default text-center  wd-underline-colored\">\n\t\t\t\n\t\t\t<div class=\"liner-continer\">\n\t\t\t\t<h4 class=\"woodmart-title-container title  wd-font-weight- wd-fontsize-m\" >Sensores para el transporte<\/h4>\n\t\t\t\t\t\t\t<\/div>\n\t\t\t\n\t\t\t\t\t\t\t<div class=\"title-after_title reset-last-child  wd-fontsize-xs\">Componentes electr\u00f3nicos de confianza y apoyo a la cadena de suministro para sistemas conectados.<\/div>\n\t\t\t\n\t\t\t\n\t\t<\/div>\n\t\t\n\t\t\t\t<div id=\"wd-6940e04c6fbb5\" class=\"wd-image wd-wpb wd-rs-6940e04c6fbb5 text-center\">\n\t\t\t\n\t\t\t<img loading=\"lazy\" decoding=\"async\" width=\"600\" height=\"343\" src=\"https:\/\/www.lxbchip.com\/wp-content\/uploads\/2025\/12\/speeding-carsi.jpg\" class=\"attachment-600x343 size-600x343\" alt=\"\" srcset=\"https:\/\/www.lxbchip.com\/wp-content\/uploads\/2025\/12\/speeding-carsi.jpg 600w, https:\/\/www.lxbchip.com\/wp-content\/uploads\/2025\/12\/speeding-carsi-150x86.jpg 150w, https:\/\/www.lxbchip.com\/wp-content\/uploads\/2025\/12\/speeding-carsi-300x172.jpg 300w, https:\/\/www.lxbchip.com\/wp-content\/uploads\/2025\/12\/speeding-carsi-18x10.jpg 18w\" sizes=\"auto, (max-width: 600px) 100vw, 600px\" \/>\n\t\t\t\t\t<\/div>\n\t\t\t\t<div id=\"wd-69465a97724e3\" class=\"wd-text-block wd-wpb reset-last-child wd-rs-69465a97724e3 text-center vc_custom_1766218398378\">\n\t\t\t<div class=\"flex flex-col text-sm @w-xl\/main:pt-header-height pb-25\">\n<article class=\"text-token-text-primary w-full focus:outline-none &#091;--shadow-height:45px&#093; has-data-writing-block:pointer-events-none has-data-writing-block:-mt-(--shadow-height) has-data-writing-block:pt-(--shadow-height) &#091;&amp;:has(&#091;data-writing-block&#093;)&gt;*&#093;:pointer-events-auto scroll-mt-&#091;calc(var(--header-height)+min(200px,max(70px,20svh)))&#093;\" dir=\"auto\" tabindex=\"-1\" data-turn-id=\"request-WEB:4df86dff-3bf5-4179-906a-0ffa94fce0a2-4\" data-testid=\"conversation-turn-10\" data-scroll-anchor=\"true\" data-turn=\"assistant\">\n<div class=\"text-base my-auto mx-auto pb-10 &#091;--thread-content-margin:--spacing(4)&#093; @w-sm\/main:&#091;--thread-content-margin:--spacing(6)&#093; @w-lg\/main:&#091;--thread-content-margin:--spacing(16)&#093; px-(--thread-content-margin)\">\n<div class=\"&#091;--thread-content-max-width:40rem&#093; @w-lg\/main:&#091;--thread-content-max-width:48rem&#093; mx-auto max-w-(--thread-content-max-width) flex-1 group\/turn-messages focus-visible:outline-hidden relative flex w-full min-w-0 flex-col agent-turn\" tabindex=\"-1\">\n<div class=\"flex max-w-full flex-col grow\">\n<div class=\"min-h-8 text-message relative flex w-full flex-col items-end gap-2 text-start break-words whitespace-normal &#091;.text-message+&amp;&#093;:mt-1\" dir=\"auto\" data-message-author-role=\"assistant\" data-message-id=\"27b267f3-ab48-4550-8cfe-e692a4c37bff\" data-message-model-slug=\"gpt-5-2\">\n<div class=\"flex w-full flex-col gap-1 empty:hidden first:pt-&#091;1px&#093;\">\n<div class=\"markdown prose dark:prose-invert w-full break-words light markdown-new-styling\">\n<p data-start=\"345\" data-end=\"772\">A medida que maduran los sistemas avanzados de asistencia al conductor (ADAS) y las tecnolog\u00edas de conducci\u00f3n aut\u00f3noma, los veh\u00edculos modernos dependen cada vez m\u00e1s de arquitecturas de sensores precisas y fiables para garantizar la seguridad, la navegaci\u00f3n y la toma de decisiones en tiempo real. Desde la detecci\u00f3n de obst\u00e1culos a corta distancia hasta el conocimiento del entorno a larga distancia, el rendimiento de los sensores repercute directamente en la fiabilidad del sistema y la seguridad del veh\u00edculo.<\/p>\n<p data-start=\"345\" data-end=\"772\">Fundada en 2008, <span style=\"color: #000000;\"><strong>Shenzhen Lianxinbang (LXB Semicon) Technology Co., Ltd.<\/strong><\/span> ha acumulado una larga experiencia en el apoyo a plataformas de sensores de automoci\u00f3n y transporte con soluciones de semiconductores de alta fiabilidad y capacidades de suministro global estables. Nuestro equipo colabora estrechamente con proveedores de primer nivel, integradores de sistemas y fabricantes de equipos originales para garantizar la continuidad de los componentes desde la validaci\u00f3n del dise\u00f1o hasta la producci\u00f3n en serie.<\/p>\n<\/div>\n<\/div>\n<\/div>\n<\/div>\n<div class=\"mt-3 w-full empty:hidden\">\n<div class=\"text-center\"><\/div>\n<\/div>\n<\/div>\n<\/div>\n<\/article>\n<\/div>\n<div class=\"pointer-events-none h-px w-px absolute bottom-0\" aria-hidden=\"true\" data-edge=\"true\"><\/div>\n\t\t<\/div>\n\t\t<\/div><\/div><\/div><\/div><div class=\"vc_row wpb_row vc_row-fluid vc_custom_1666272691679 wd-rs-63514da96d73a\"><div class=\"wpb_column vc_column_container vc_col-sm-12 wd-rs-6940e086d597f\"><div class=\"vc_column-inner vc_custom_1765859512858\"><div class=\"wpb_wrapper\">\n\t\t<div id=\"wd-6940e07c1512c\" class=\"title-wrapper wd-wpb wd-set-mb reset-last-child  wd-rs-6940e07c1512c wd-title-color-default wd-title-style-default text-left vc_custom_1765859567734 wd-underline-colored\">\n\t\t\t\n\t\t\t<div class=\"liner-continer\">\n\t\t\t\t<h4 class=\"woodmart-title-container title  wd-font-weight- wd-fontsize-m\" >Aplicaciones de los sensores de distancia y posicionamiento<\/h4>\n\t\t\t\t\t\t\t<\/div>\n\t\t\t\n\t\t\t\n\t\t\t\n\t\t<\/div>\n\t\t\n\t\t\t\t<div id=\"wd-6940e0dcb6159\" class=\"wd-text-block wd-wpb reset-last-child wd-rs-6940e0dcb6159 text-left vc_custom_1765859586844\">\n\t\t\t<p>En los sistemas de transporte, suelen desplegarse conjuntamente m\u00faltiples tecnolog\u00edas de sensores para lograr redundancia y precisi\u00f3n:<\/p>\n\t\t<\/div>\n\t\t\t\t\t<div id=\"carousel-729\" class=\"wd-carousel-container info-box-carousel-wrapper wd-wpb  vc_custom_1765778087335 wd-rs-693fa295581c3\">\n\t\t\t\t<div class=\"wd-carousel-inner\">\n\t\t\t\t\t<div class=\"wd-carousel wd-grid info-box-carousel\" data-scroll_per_page=\"yes\" style=\"--wd-col-lg:4;--wd-col-md:4;--wd-col-sm:1;--wd-gap-lg:10px;\">\n\t\t\t\t\t\t<div class=\"wd-carousel-wrap\">\n\t\t\t\t\t\t\t\t\t\t<div class=\"info-box-wrapper wd-carousel-item\">\n\t\t\t\t<div id=\"wd-6940e10ff3e44\" class=\"wd-rs-6940e10ff3e44 wd-info-box wd-wpb text-center box-icon-align-top box-style- color-scheme- wd-bg-none vc_custom_1765859621156\">\n\t\t\t\t\t\t\t\t\t\t\t<div class=\"box-icon-wrapper  box-with-icon box-icon-simple\">\n\t\t\t\t\t\t\t<div class=\"info-box-icon\">\n\n\t\t\t\t\t\t\t\n\t\t\t\t\t\t\t\t\t\t\t\t\t\t\t\t\t<div class=\"info-svg-wrapper\" style=\"width: 64px;height: 64px;\"><img decoding=\"async\"  src=\"https:\/\/www.lxbchip.com\/wp-content\/themes\/woodmart\/images\/lazy.svg\" data-src=\"https:\/\/www.lxbchip.com\/wp-content\/uploads\/2025\/12\/logitech-g735-icon-1-1.svg\" loading=\"lazy\" width=\"64\" height=\"64\"><\/div>\t\t\t\t\t\t\t\t\t\t\t\t\t\t\t\n\t\t\t\t\t\t\t<\/div>\n\t\t\t\t\t\t<\/div>\n\t\t\t\t\t\t\t\t\t\t<div class=\"info-box-content\">\n\t\t\t\t\t\t<h4 class=\"info-box-title title box-title-style-default wd-fontsize-m\">Sensores de radar<\/h4>\t\t\t\t\t\t<div class=\"info-box-inner reset-last-child\"><p>Los m\u00f3dulos de radar utilizan se\u00f1ales de radiofrecuencia para detectar veh\u00edculos, peatones y obst\u00e1culos delante y alrededor del veh\u00edculo. Se utilizan mucho en el control de crucero adaptativo, la detecci\u00f3n de \u00e1ngulos muertos y los sistemas de advertencia de colisi\u00f3n por su gran rendimiento en condiciones meteorol\u00f3gicas adversas.<\/p>\n<\/div>\n\n\t\t\t\t\t\t\t\t\t\t\t<\/div>\n\n\t\t\t\t\t\n\t\t\t\t\t\t\t\t\t<\/div>\n\t\t\t<\/div>\n\t\t\t\t\t<div class=\"info-box-wrapper wd-carousel-item\">\n\t\t\t\t<div id=\"wd-6940e12a0dd30\" class=\"wd-rs-6940e12a0dd30 wd-info-box wd-wpb text-center box-icon-align-top box-style- color-scheme- wd-bg-none vc_custom_1765859642858\">\n\t\t\t\t\t\t\t\t\t\t\t<div class=\"box-icon-wrapper  box-with-icon box-icon-simple\">\n\t\t\t\t\t\t\t<div class=\"info-box-icon\">\n\n\t\t\t\t\t\t\t\n\t\t\t\t\t\t\t\t\t\t\t\t\t\t\t\t\t<div class=\"info-svg-wrapper\" style=\"width: 64px;height: 64px;\"><img decoding=\"async\"  src=\"https:\/\/www.lxbchip.com\/wp-content\/themes\/woodmart\/images\/lazy.svg\" data-src=\"https:\/\/www.lxbchip.com\/wp-content\/uploads\/2025\/12\/logitech-g735-icon-2-1.svg\" loading=\"lazy\" width=\"64\" height=\"64\"><\/div>\t\t\t\t\t\t\t\t\t\t\t\t\t\t\t\n\t\t\t\t\t\t\t<\/div>\n\t\t\t\t\t\t<\/div>\n\t\t\t\t\t\t\t\t\t\t<div class=\"info-box-content\">\n\t\t\t\t\t\t<h4 class=\"info-box-title title box-title-style-default wd-fontsize-m\">Sensores LiDAR<\/h4>\t\t\t\t\t\t<div class=\"info-box-inner reset-last-child\"><p>Los sistemas LiDAR miden la distancia transmitiendo pulsos l\u00e1ser y analizando la luz reflejada. Permiten elaborar mapas 3D de alta resoluci\u00f3n y son esenciales en las plataformas de conducci\u00f3n aut\u00f3noma para el reconocimiento de objetos y el modelado preciso del entorno.<\/p>\n<\/div>\n\n\t\t\t\t\t\t\t\t\t\t\t<\/div>\n\n\t\t\t\t\t\n\t\t\t\t\t\t\t\t\t<\/div>\n\t\t\t<\/div>\n\t\t\t\t\t<div class=\"info-box-wrapper wd-carousel-item\">\n\t\t\t\t<div id=\"wd-6940e140d5e59\" class=\"wd-rs-6940e140d5e59 wd-info-box wd-wpb text-center box-icon-align-top box-style- color-scheme- wd-bg-none vc_custom_1765859668797\">\n\t\t\t\t\t\t\t\t\t\t\t<div class=\"box-icon-wrapper  box-with-icon box-icon-simple\">\n\t\t\t\t\t\t\t<div class=\"info-box-icon\">\n\n\t\t\t\t\t\t\t\n\t\t\t\t\t\t\t\t\t\t\t\t\t\t\t\t\t<div class=\"info-svg-wrapper\" style=\"width: 64px;height: 64px;\"><img decoding=\"async\"  src=\"https:\/\/www.lxbchip.com\/wp-content\/themes\/woodmart\/images\/lazy.svg\" data-src=\"https:\/\/www.lxbchip.com\/wp-content\/uploads\/2025\/12\/logitech-g735-icon-3-1.svg\" loading=\"lazy\" width=\"64\" height=\"64\"><\/div>\t\t\t\t\t\t\t\t\t\t\t\t\t\t\t\n\t\t\t\t\t\t\t<\/div>\n\t\t\t\t\t\t<\/div>\n\t\t\t\t\t\t\t\t\t\t<div class=\"info-box-content\">\n\t\t\t\t\t\t<h4 class=\"info-box-title title box-title-style-default wd-fontsize-m\">Sensores ultras\u00f3nicos<\/h4>\t\t\t\t\t\t<div class=\"info-box-inner reset-last-child\"><p>Los sensores ultras\u00f3nicos se aplican habitualmente en escenarios de detecci\u00f3n de corto alcance, como la asistencia al aparcamiento, la evitaci\u00f3n de colisiones a baja velocidad y los sistemas de aparcamiento automatizado. Su fiabilidad y rentabilidad los convierten en una soluci\u00f3n est\u00e1ndar para la detecci\u00f3n de campo cercano.<\/p>\n<\/div>\n\n\t\t\t\t\t\t\t\t\t\t\t<\/div>\n\n\t\t\t\t\t\n\t\t\t\t\t\t\t\t\t<\/div>\n\t\t\t<\/div>\n\t\t\t\t\t<div class=\"info-box-wrapper wd-carousel-item\">\n\t\t\t\t<div id=\"wd-6940e158e2704\" class=\"wd-rs-6940e158e2704 wd-info-box wd-wpb text-center box-icon-align-top box-style- color-scheme- wd-bg-none vc_custom_1765859687413\">\n\t\t\t\t\t\t\t\t\t\t\t<div class=\"box-icon-wrapper  box-with-icon box-icon-simple\">\n\t\t\t\t\t\t\t<div class=\"info-box-icon\">\n\n\t\t\t\t\t\t\t\n\t\t\t\t\t\t\t\t\t\t\t\t\t\t\t\t\t<div class=\"info-svg-wrapper\" style=\"width: 64px;height: 64px;\"><img decoding=\"async\"  src=\"https:\/\/www.lxbchip.com\/wp-content\/themes\/woodmart\/images\/lazy.svg\" data-src=\"https:\/\/www.lxbchip.com\/wp-content\/uploads\/2025\/12\/logitech-g735-icon-3-1.svg\" loading=\"lazy\" width=\"64\" height=\"64\"><\/div>\t\t\t\t\t\t\t\t\t\t\t\t\t\t\t\n\t\t\t\t\t\t\t<\/div>\n\t\t\t\t\t\t<\/div>\n\t\t\t\t\t\t\t\t\t\t<div class=\"info-box-content\">\n\t\t\t\t\t\t<h4 class=\"info-box-title title box-title-style-default wd-fontsize-m\">M\u00f3dulos GPS y de posicionamiento<\/h4>\t\t\t\t\t\t<div class=\"info-box-inner reset-last-child\"><p>La tecnolog\u00eda GPS proporciona un posicionamiento preciso del veh\u00edculo y es compatible con la navegaci\u00f3n, la gesti\u00f3n de flotas y las funciones avanzadas de asistencia al conductor. Cuando se combina con sensores inerciales, mejora la precisi\u00f3n de posicionamiento en entornos urbanos y din\u00e1micos.<\/p>\n<\/div>\n\n\t\t\t\t\t\t\t\t\t\t\t<\/div>\n\n\t\t\t\t\t\n\t\t\t\t\t\t\t\t\t<\/div>\n\t\t\t<\/div>\n\t\t\t\t\t\t\t\t<\/div>\n\t\t\t\t\t<\/div>\n\n\t\t\t\t\t\t\t\t\t\t\t\t\t<div class=\"wd-nav-arrows wd-pos-sep wd-hover-1 wd-icon-1\">\n\t\t\t<div class=\"wd-btn-arrow wd-prev wd-disabled\">\n\t\t\t\t<div class=\"wd-arrow-inner\"><\/div>\n\t\t\t<\/div>\n\t\t\t<div class=\"wd-btn-arrow wd-next\">\n\t\t\t\t<div class=\"wd-arrow-inner\"><\/div>\n\t\t\t<\/div>\n\t\t<\/div>\n\t\t\t\t\t\t\t\t\t\t\t<\/div>\n\n\t\t\t\t\t\t\t\t\t\t\t<\/div>\n\t\t<\/div><\/div><\/div><\/div><div class=\"vc_row wpb_row vc_row-fluid wd-rs-6377819b27d07\"><div class=\"wpb_column vc_column_container vc_col-sm-12 wd-rs-63514db6c5d19\"><div class=\"vc_column-inner vc_custom_1666272699823\"><div class=\"wpb_wrapper\">\n\t\t<div id=\"wd-6940e183a0c82\" class=\"title-wrapper wd-wpb wd-set-mb reset-last-child  wd-rs-6940e183a0c82 wd-title-color-default wd-title-style-default text-left vc_custom_1765859727085 wd-underline-colored\">\n\t\t\t\n\t\t\t<div class=\"liner-continer\">\n\t\t\t\t<h4 class=\"woodmart-title-container title  wd-font-weight- wd-fontsize-m\" >Soporte de semiconductores para plataformas de sensores<\/h4>\n\t\t\t\t\t\t\t<\/div>\n\t\t\t\n\t\t\t\n\t\t\t\n\t\t<\/div>\n\t\t\n\t\t\t\t<div id=\"wd-6940e1be112a5\" class=\"wd-text-block wd-wpb reset-last-child wd-rs-6940e1be112a5 text-left\">\n\t\t\t<article class=\"text-token-text-primary w-full focus:outline-none &#091;--shadow-height:45px&#093; has-data-writing-block:pointer-events-none has-data-writing-block:-mt-(--shadow-height) has-data-writing-block:pt-(--shadow-height) &#091;&amp;:has(&#091;data-writing-block&#093;)&gt;*&#093;:pointer-events-auto scroll-mt-&#091;calc(var(--header-height)+min(200px,max(70px,20svh)))&#093;\" dir=\"auto\" tabindex=\"-1\" data-turn-id=\"ef837c3d-8107-4690-90a2-851d8ff66c7a\" data-testid=\"conversation-turn-2\" data-scroll-anchor=\"false\" data-turn=\"assistant\">\n<div class=\"text-base my-auto mx-auto &#091;--thread-content-margin:--spacing(4)&#093; @w-sm\/main:&#091;--thread-content-margin:--spacing(6)&#093; @w-lg\/main:&#091;--thread-content-margin:--spacing(16)&#093; px-(--thread-content-margin)\">\n<div class=\"&#091;--thread-content-max-width:40rem&#093; @w-lg\/main:&#091;--thread-content-max-width:48rem&#093; mx-auto max-w-(--thread-content-max-width) flex-1 group\/turn-messages focus-visible:outline-hidden relative flex w-full min-w-0 flex-col agent-turn\" tabindex=\"-1\">\n<div class=\"flex max-w-full flex-col grow\">\n<div class=\"min-h-8 text-message relative flex w-full flex-col items-end gap-2 text-start break-words whitespace-normal &#091;.text-message+&amp;&#093;:mt-1\" dir=\"auto\" data-message-author-role=\"assistant\" data-message-id=\"0d859a0e-b370-4790-8c61-0426cb3e22ec\" data-message-model-slug=\"gpt-5-2\">\n<div class=\"flex w-full flex-col gap-1 empty:hidden first:pt-&#091;1px&#093;\">\n<div class=\"markdown prose dark:prose-invert w-full break-words light markdown-new-styling\">\n<p data-start=\"0\" data-end=\"463\" data-is-last-node=\"\" data-is-only-node=\"\">LXB Semicon suministra una amplia gama de circuitos integrados para automoci\u00f3n y componentes de apoyo para el procesamiento de se\u00f1ales de sensores, la gesti\u00f3n de la energ\u00eda y la comunicaci\u00f3n, incluidas marcas como <strong>Xilinx, ADI, Intel (Altera), TI, NXP, Infineon, Microchip, ON Semiconductor, Nexperia y Vishay.<\/strong>. Todos los componentes se obtienen a trav\u00e9s de canales controlados con trazabilidad, documentaci\u00f3n de conformidad y verificaci\u00f3n del estado del ciclo de vida.<\/p>\n<p class=\"isSelectedEnd\">Nuestros servicios incluyen:<\/p>\n<ul data-spread=\"false\">\n<li>\n<p class=\"isSelectedEnd\">Selecci\u00f3n de componentes de automoci\u00f3n e industriales<\/p>\n<\/li>\n<li>\n<p class=\"isSelectedEnd\">Dise\u00f1o y evaluaci\u00f3n de riesgos de la lista de materiales<\/p>\n<\/li>\n<li>\n<p class=\"isSelectedEnd\">Planificaci\u00f3n del abastecimiento a largo plazo y gesti\u00f3n de EOL<\/p>\n<\/li>\n<li>Apoyo para prototipos, series piloto y producci\u00f3n en serie<\/li>\n<\/ul>\n<\/div>\n<\/div>\n<\/div>\n<\/div>\n<\/div>\n<\/div>\n<\/article>\n<article class=\"text-token-text-primary w-full focus:outline-none &#091;--shadow-height:45px&#093; has-data-writing-block:pointer-events-none has-data-writing-block:-mt-(--shadow-height) has-data-writing-block:pt-(--shadow-height) &#091;&amp;:has(&#091;data-writing-block&#093;)&gt;*&#093;:pointer-events-auto scroll-mt-(--header-height)\" dir=\"auto\" tabindex=\"-1\" data-turn-id=\"667e5748-dcd9-406a-8a29-e58d6677d5ab\" data-testid=\"conversation-turn-3\" data-scroll-anchor=\"false\" data-turn=\"user\"><\/article>\n<p>\u00a0<\/p>\n\t\t<\/div>\n\t\t\t\t<div id=\"wd-6940e45c60e55\" class=\"wd-image wd-wpb wd-rs-6940e45c60e55 text-center vc_custom_1765860456204\">\n\t\t\t\n\t\t\t<img loading=\"lazy\" decoding=\"async\" width=\"600\" height=\"480\" src=\"https:\/\/www.lxbchip.com\/wp-content\/uploads\/2025\/12\/chip-circuit.jpg\" class=\"attachment-600x480 size-600x480\" alt=\"\" srcset=\"https:\/\/www.lxbchip.com\/wp-content\/uploads\/2025\/12\/chip-circuit.jpg 600w, https:\/\/www.lxbchip.com\/wp-content\/uploads\/2025\/12\/chip-circuit-150x120.jpg 150w, https:\/\/www.lxbchip.com\/wp-content\/uploads\/2025\/12\/chip-circuit-300x240.jpg 300w, https:\/\/www.lxbchip.com\/wp-content\/uploads\/2025\/12\/chip-circuit-15x12.jpg 15w\" sizes=\"auto, (max-width: 600px) 100vw, 600px\" \/>\n\t\t\t\t\t<\/div>\n\t\t\n\t\t<div id=\"wd-6940e1b30be17\" class=\"title-wrapper wd-wpb wd-set-mb reset-last-child  wd-rs-6940e1b30be17 wd-title-color-default wd-title-style-default text-left vc_custom_1765859807468 wd-underline-colored\">\n\t\t\t\n\t\t\t<div class=\"liner-continer\">\n\t\t\t\t<h4 class=\"woodmart-title-container title  wd-font-weight- wd-fontsize-m\" >Socio de confianza para la electr\u00f3nica del transporte<\/h4>\n\t\t\t\t\t\t\t<\/div>\n\t\t\t\n\t\t\t\n\t\t\t\n\t\t<\/div>\n\t\t\n\t\t\t\t<div id=\"wd-6940e21cf1184\" class=\"wd-text-block wd-wpb reset-last-child wd-rs-6940e21cf1184 text-left vc_custom_1765860365793\">\n\t\t\t<p>Con m\u00e1s de 15 a\u00f1os de experiencia en el sector, un proceso de inspecci\u00f3n de calidad espec\u00edfico y un equipo profesional de ventas y adquisiciones, LXB Semicon ayuda a los clientes a reducir los riesgos de abastecimiento y a mantener una producci\u00f3n estable en mercados de transporte en r\u00e1pida evoluci\u00f3n. Tanto si se trata de m\u00f3dulos de sensores ADAS como de plataformas aut\u00f3nomas de nueva generaci\u00f3n, nos centramos en la fiabilidad, la continuidad y la confianza en la ingenier\u00eda, para que nuestros clientes puedan comercializar veh\u00edculos m\u00e1s seguros e inteligentes.<\/p>\n\t\t<\/div>\n\t\t<\/div><\/div><\/div><\/div>\n<\/div>","protected":false},"excerpt":{"rendered":"Sensors for Transportation Trusted Electronic Components and Supply Chain Support for Connected Systems. As Advanced Driver Assistance Systems (ADAS) and","protected":false},"author":1,"featured_media":0,"parent":0,"menu_order":0,"comment_status":"closed","ping_status":"closed","template":"","meta":{"_acf_changed":false,"footnotes":""},"class_list":["post-8559","page","type-page","status-publish","hentry"],"acf":[],"aioseo_notices":[],"_links":{"self":[{"href":"https:\/\/www.lxbchip.com\/es\/wp-json\/wp\/v2\/pages\/8559","targetHints":{"allow":["GET"]}}],"collection":[{"href":"https:\/\/www.lxbchip.com\/es\/wp-json\/wp\/v2\/pages"}],"about":[{"href":"https:\/\/www.lxbchip.com\/es\/wp-json\/wp\/v2\/types\/page"}],"author":[{"embeddable":true,"href":"https:\/\/www.lxbchip.com\/es\/wp-json\/wp\/v2\/users\/1"}],"replies":[{"embeddable":true,"href":"https:\/\/www.lxbchip.com\/es\/wp-json\/wp\/v2\/comments?post=8559"}],"version-history":[{"count":15,"href":"https:\/\/www.lxbchip.com\/es\/wp-json\/wp\/v2\/pages\/8559\/revisions"}],"predecessor-version":[{"id":8805,"href":"https:\/\/www.lxbchip.com\/es\/wp-json\/wp\/v2\/pages\/8559\/revisions\/8805"}],"wp:attachment":[{"href":"https:\/\/www.lxbchip.com\/es\/wp-json\/wp\/v2\/media?parent=8559"}],"curies":[{"name":"wp","href":"https:\/\/api.w.org\/{rel}","templated":true}]}}