{"id":8557,"date":"2025-12-15T21:10:08","date_gmt":"2025-12-15T13:10:08","guid":{"rendered":"https:\/\/www.lxbchip.com\/?page_id=8557"},"modified":"2025-12-20T16:05:03","modified_gmt":"2025-12-20T08:05:03","slug":"automotive-subsystems","status":"publish","type":"page","link":"https:\/\/www.lxbchip.com\/es\/automotive-subsystems\/","title":{"rendered":"Subsistemas de automoci\u00f3n"},"content":{"rendered":"<div class=\"wpb-content-wrapper\"><div class=\"vc_row wpb_row vc_row-fluid vc_custom_1765779186129 wd-rs-693fa6ea5c73f\"><div class=\"wpb_column vc_column_container vc_col-sm-12 wd-rs-63514c8260958\"><div class=\"vc_column-inner vc_custom_1666272391679\"><div class=\"wpb_wrapper\">\n\t\t<div id=\"wd-6946501a4f111\" class=\"title-wrapper wd-wpb wd-set-mb reset-last-child  wd-rs-6946501a4f111 wd-title-color-default wd-title-style-default text-center  wd-underline-colored\">\n\t\t\t\n\t\t\t<div class=\"liner-continer\">\n\t\t\t\t<h4 class=\"woodmart-title-container title  wd-font-weight- wd-fontsize-m\" >Subsistemas de automoci\u00f3n<\/h4>\n\t\t\t\t\t\t\t<\/div>\n\t\t\t\n\t\t\t\t\t\t\t<div class=\"title-after_title reset-last-child  wd-fontsize-xs\">Componentes electr\u00f3nicos probados para aplicaciones de transporte<\/div>\n\t\t\t\n\t\t\t\n\t\t<\/div>\n\t\t\n\t\t\t\t<div id=\"wd-6940d46871d1a\" class=\"wd-image wd-wpb wd-rs-6940d46871d1a text-center\">\n\t\t\t\n\t\t\t<img loading=\"lazy\" decoding=\"async\" width=\"600\" height=\"239\" src=\"https:\/\/www.lxbchip.com\/wp-content\/uploads\/2025\/12\/142_90.jpg\" class=\"attachment-600x239 size-600x239\" alt=\"\" srcset=\"https:\/\/www.lxbchip.com\/wp-content\/uploads\/2025\/12\/142_90.jpg 600w, https:\/\/www.lxbchip.com\/wp-content\/uploads\/2025\/12\/142_90-150x60.jpg 150w, https:\/\/www.lxbchip.com\/wp-content\/uploads\/2025\/12\/142_90-300x120.jpg 300w, https:\/\/www.lxbchip.com\/wp-content\/uploads\/2025\/12\/142_90-18x7.jpg 18w\" sizes=\"auto, (max-width: 600px) 100vw, 600px\" \/>\n\t\t\t\t\t<\/div>\n\t\t\t\t<div id=\"wd-6940ce6605e0a\" class=\"wd-text-block wd-wpb reset-last-child wd-rs-6940ce6605e0a text-center vc_custom_1765854846458\">\n\t\t\t<div class=\"flex flex-col text-sm @w-xl\/main:pt-header-height pb-25\">\n<article class=\"text-token-text-primary w-full focus:outline-none &#091;--shadow-height:45px&#093; has-data-writing-block:pointer-events-none has-data-writing-block:-mt-(--shadow-height) has-data-writing-block:pt-(--shadow-height) &#091;&amp;:has(&#091;data-writing-block&#093;)&gt;*&#093;:pointer-events-auto scroll-mt-&#091;calc(var(--header-height)+min(200px,max(70px,20svh)))&#093;\" dir=\"auto\" tabindex=\"-1\" data-turn-id=\"request-WEB:4df86dff-3bf5-4179-906a-0ffa94fce0a2-4\" data-testid=\"conversation-turn-10\" data-scroll-anchor=\"true\" data-turn=\"assistant\">\n<div class=\"text-base my-auto mx-auto pb-10 &#091;--thread-content-margin:--spacing(4)&#093; @w-sm\/main:&#091;--thread-content-margin:--spacing(6)&#093; @w-lg\/main:&#091;--thread-content-margin:--spacing(16)&#093; px-(--thread-content-margin)\">\n<div class=\"&#091;--thread-content-max-width:40rem&#093; @w-lg\/main:&#091;--thread-content-max-width:48rem&#093; mx-auto max-w-(--thread-content-max-width) flex-1 group\/turn-messages focus-visible:outline-hidden relative flex w-full min-w-0 flex-col agent-turn\" tabindex=\"-1\">\n<div class=\"flex max-w-full flex-col grow\">\n<div class=\"min-h-8 text-message relative flex w-full flex-col items-end gap-2 text-start break-words whitespace-normal &#091;.text-message+&amp;&#093;:mt-1\" dir=\"auto\" data-message-author-role=\"assistant\" data-message-id=\"27b267f3-ab48-4550-8cfe-e692a4c37bff\" data-message-model-slug=\"gpt-5-2\">\n<div class=\"flex w-full flex-col gap-1 empty:hidden first:pt-&#091;1px&#093;\">\n<div class=\"markdown prose dark:prose-invert w-full break-words light markdown-new-styling\">\n<p>Shenzhen Lianxinbang (LXB Semicon) Technology Co., Ltd., fundada en 2008, apoya a los OEM de automoci\u00f3n, Tier 1 y proveedores de soluciones con un abastecimiento fiable de componentes para una amplia gama de subsistemas de automoci\u00f3n.<\/p>\n<p>Aprovechando m\u00e1s de 15 a\u00f1os de experiencia en el sector, un equipo profesional de control de calidad y una cadena de suministro bien establecida, ayudamos a los clientes a cumplir los requisitos de cualificaci\u00f3n de AEC al tiempo que reducimos el riesgo de adquisici\u00f3n y garantizamos la continuidad del suministro.<\/p>\n<\/div>\n<\/div>\n<\/div>\n<\/div>\n<div class=\"z-0 flex min-h-&#091;46px&#093; justify-start\"><\/div>\n<div class=\"mt-3 w-full empty:hidden\">\n<div class=\"text-center\"><\/div>\n<\/div>\n<\/div>\n<\/div>\n<\/article>\n<\/div>\n<div class=\"pointer-events-none h-px w-px absolute bottom-0\" aria-hidden=\"true\" data-edge=\"true\"><\/div>\n\t\t<\/div>\n\t\t<\/div><\/div><\/div><\/div><div class=\"vc_row wpb_row vc_row-fluid vc_custom_1766217852812 wd-rs-6946584a49208\"><div class=\"wpb_column vc_column_container vc_col-sm-12 wd-rs-63514c870daab\"><div class=\"vc_column-inner vc_custom_1666272395956\"><div class=\"wpb_wrapper\">\n\t\t<div id=\"wd-6940cea73e2b3\" class=\"title-wrapper wd-wpb wd-set-mb reset-last-child  wd-rs-6940cea73e2b3 wd-title-color-default wd-title-style-default text-left vc_custom_1765854890431 wd-underline-colored\">\n\t\t\t\n\t\t\t<div class=\"liner-continer\">\n\t\t\t\t<h4 class=\"woodmart-title-container title  wd-font-weight- wd-fontsize-m\" >Subsistemas clave del autom\u00f3vil<\/h4>\n\t\t\t\t\t\t\t<\/div>\n\t\t\t\n\t\t\t\n\t\t\t\n\t\t<\/div>\n\t\t\n\t\t\t\t<div id=\"wd-6940ce9fe2ecc\" class=\"wd-text-block wd-wpb reset-last-child wd-rs-6940ce9fe2ecc text-left vc_custom_1765854961924\">\n\t\t\t<p>Con la r\u00e1pida electrificaci\u00f3n e inteligencia de los veh\u00edculos, los sistemas de automoci\u00f3n modernos dependen de componentes electr\u00f3nicos estables, cualificados y con un ciclo de vida largo.<\/p>\n\t\t<\/div>\n\t\t\t\t\t<div id=\"carousel-222\" class=\"wd-carousel-container info-box-carousel-wrapper wd-wpb  vc_custom_1765778087335 wd-rs-693fa295581c3\">\n\t\t\t\t<div class=\"wd-carousel-inner\">\n\t\t\t\t\t<div class=\"wd-carousel wd-grid info-box-carousel\" data-scroll_per_page=\"yes\" style=\"--wd-col-lg:4;--wd-col-md:4;--wd-col-sm:1;--wd-gap-lg:10px;\">\n\t\t\t\t\t\t<div class=\"wd-carousel-wrap\">\n\t\t\t\t\t\t\t\t\t\t<div class=\"info-box-wrapper wd-carousel-item\">\n\t\t\t\t<div id=\"wd-6940cef634a80\" class=\"wd-rs-6940cef634a80 wd-info-box wd-wpb text-center box-icon-align-top box-style- color-scheme- wd-bg-none vc_custom_1765854987234\">\n\t\t\t\t\t\t\t\t\t\t\t<div class=\"box-icon-wrapper  box-with-icon box-icon-simple\">\n\t\t\t\t\t\t\t<div class=\"info-box-icon\">\n\n\t\t\t\t\t\t\t\n\t\t\t\t\t\t\t\t\t\t\t\t\t\t\t\t\t<div class=\"info-svg-wrapper\" style=\"width: 64px;height: 64px;\"><img decoding=\"async\"  src=\"https:\/\/www.lxbchip.com\/wp-content\/themes\/woodmart\/images\/lazy.svg\" data-src=\"https:\/\/www.lxbchip.com\/wp-content\/uploads\/2025\/12\/logitech-g735-icon-1-1.svg\" loading=\"lazy\" width=\"64\" height=\"64\"><\/div>\t\t\t\t\t\t\t\t\t\t\t\t\t\t\t\n\t\t\t\t\t\t\t<\/div>\n\t\t\t\t\t\t<\/div>\n\t\t\t\t\t\t\t\t\t\t<div class=\"info-box-content\">\n\t\t\t\t\t\t<h4 class=\"info-box-title title box-title-style-default wd-fontsize-m\">Sistemas de frenado (ABS \/ ESC)<\/h4>\t\t\t\t\t\t<div class=\"info-box-inner reset-last-child\"><p>LXB Semicon suministra componentes cualificados AEC-Q100\/Q101 utilizados en unidades de control de frenado, incluidos MCU, dispositivos de alimentaci\u00f3n e IC de interfaz que ayudan a mantener el control del veh\u00edculo en condiciones de emergencia.<\/p>\n<\/div>\n\n\t\t\t\t\t\t\t\t\t\t\t<\/div>\n\n\t\t\t\t\t\n\t\t\t\t\t\t\t\t\t<\/div>\n\t\t\t<\/div>\n\t\t\t\t\t<div class=\"info-box-wrapper wd-carousel-item\">\n\t\t\t\t<div id=\"wd-6940cf0f5c15f\" class=\"wd-rs-6940cf0f5c15f wd-info-box wd-wpb text-center box-icon-align-top box-style- color-scheme- wd-bg-none vc_custom_1765855017122\">\n\t\t\t\t\t\t\t\t\t\t\t<div class=\"box-icon-wrapper  box-with-icon box-icon-simple\">\n\t\t\t\t\t\t\t<div class=\"info-box-icon\">\n\n\t\t\t\t\t\t\t\n\t\t\t\t\t\t\t\t\t\t\t\t\t\t\t\t\t<div class=\"info-svg-wrapper\" style=\"width: 64px;height: 64px;\"><img decoding=\"async\"  src=\"https:\/\/www.lxbchip.com\/wp-content\/themes\/woodmart\/images\/lazy.svg\" data-src=\"https:\/\/www.lxbchip.com\/wp-content\/uploads\/2025\/12\/logitech-g735-icon-2-1.svg\" loading=\"lazy\" width=\"64\" height=\"64\"><\/div>\t\t\t\t\t\t\t\t\t\t\t\t\t\t\t\n\t\t\t\t\t\t\t<\/div>\n\t\t\t\t\t\t<\/div>\n\t\t\t\t\t\t\t\t\t\t<div class=\"info-box-content\">\n\t\t\t\t\t\t<h4 class=\"info-box-title title box-title-style-default wd-fontsize-m\">Control centralizado de la carrocer\u00eda (CBC \/ BCM)<\/h4>\t\t\t\t\t\t<div class=\"info-box-inner reset-last-child\"><p>Respaldamos los dise\u00f1os CBC con MCU de calidad automovil\u00edstica, circuitos integrados de gesti\u00f3n de potencia, transceptores CAN\/LIN y dispositivos de protecci\u00f3n, garantizando un funcionamiento estable a trav\u00e9s del bus de datos del veh\u00edculo.<\/p>\n<\/div>\n\n\t\t\t\t\t\t\t\t\t\t\t<\/div>\n\n\t\t\t\t\t\n\t\t\t\t\t\t\t\t\t<\/div>\n\t\t\t<\/div>\n\t\t\t\t\t<div class=\"info-box-wrapper wd-carousel-item\">\n\t\t\t\t<div id=\"wd-6940cf3304b67\" class=\"wd-rs-6940cf3304b67 wd-info-box wd-wpb text-center box-icon-align-top box-style- color-scheme- wd-bg-none vc_custom_1765855064102\">\n\t\t\t\t\t\t\t\t\t\t\t<div class=\"box-icon-wrapper  box-with-icon box-icon-simple\">\n\t\t\t\t\t\t\t<div class=\"info-box-icon\">\n\n\t\t\t\t\t\t\t\n\t\t\t\t\t\t\t\t\t\t\t\t\t\t\t\t\t<div class=\"info-svg-wrapper\" style=\"width: 64px;height: 64px;\"><img decoding=\"async\"  src=\"https:\/\/www.lxbchip.com\/wp-content\/themes\/woodmart\/images\/lazy.svg\" data-src=\"https:\/\/www.lxbchip.com\/wp-content\/uploads\/2025\/12\/logitech-g735-icon-3-1.svg\" loading=\"lazy\" width=\"64\" height=\"64\"><\/div>\t\t\t\t\t\t\t\t\t\t\t\t\t\t\t\n\t\t\t\t\t\t\t<\/div>\n\t\t\t\t\t\t<\/div>\n\t\t\t\t\t\t\t\t\t\t<div class=\"info-box-content\">\n\t\t\t\t\t\t<h4 class=\"info-box-title title box-title-style-default wd-fontsize-m\">Radio digital y sistemas de infoentretenimiento<\/h4>\t\t\t\t\t\t<div class=\"info-box-inner reset-last-child\"><p>Nuestra cartera abarca circuitos integrados de procesamiento de se\u00f1ales, memoria, dispositivos de interfaz y soluciones de alimentaci\u00f3n que se utilizan habitualmente en las unidades principales de radio digital e infoentretenimiento.<\/p>\n<\/div>\n\n\t\t\t\t\t\t\t\t\t\t\t<\/div>\n\n\t\t\t\t\t\n\t\t\t\t\t\t\t\t\t<\/div>\n\t\t\t<\/div>\n\t\t\t\t\t<div class=\"info-box-wrapper wd-carousel-item\">\n\t\t\t\t<div id=\"wd-6940cf5e9222c\" class=\"wd-rs-6940cf5e9222c wd-info-box wd-wpb text-center box-icon-align-top box-style- color-scheme- wd-bg-none vc_custom_1765855089395\">\n\t\t\t\t\t\t\t\t\t\t\t<div class=\"box-icon-wrapper  box-with-icon box-icon-simple\">\n\t\t\t\t\t\t\t<div class=\"info-box-icon\">\n\n\t\t\t\t\t\t\t\n\t\t\t\t\t\t\t\t\t\t\t\t\t\t\t\t\t<div class=\"info-svg-wrapper\" style=\"width: 64px;height: 64px;\"><img decoding=\"async\"  src=\"https:\/\/www.lxbchip.com\/wp-content\/themes\/woodmart\/images\/lazy.svg\" data-src=\"https:\/\/www.lxbchip.com\/wp-content\/uploads\/2025\/12\/logitech-g735-icon-3-1.svg\" loading=\"lazy\" width=\"64\" height=\"64\"><\/div>\t\t\t\t\t\t\t\t\t\t\t\t\t\t\t\n\t\t\t\t\t\t\t<\/div>\n\t\t\t\t\t\t<\/div>\n\t\t\t\t\t\t\t\t\t\t<div class=\"info-box-content\">\n\t\t\t\t\t\t<h4 class=\"info-box-title title box-title-style-default wd-fontsize-m\">Direcci\u00f3n asistida el\u00e9ctrica (EPS)<\/h4>\t\t\t\t\t\t<div class=\"info-box-inner reset-last-child\"><p>Suministramos semiconductores de potencia, controladores de puerta, MCU y componentes de detecci\u00f3n calificados para automoci\u00f3n, dise\u00f1ados para la asistencia a la direcci\u00f3n y la precisi\u00f3n del control.<\/p>\n<\/div>\n\n\t\t\t\t\t\t\t\t\t\t\t<\/div>\n\n\t\t\t\t\t\n\t\t\t\t\t\t\t\t\t<\/div>\n\t\t\t<\/div>\n\t\t\t\t\t\t\t\t<\/div>\n\t\t\t\t\t<\/div>\n\n\t\t\t\t\t\t\t\t\t\t\t\t\t<div class=\"wd-nav-arrows wd-pos-sep wd-hover-1 wd-icon-1\">\n\t\t\t<div class=\"wd-btn-arrow wd-prev wd-disabled\">\n\t\t\t\t<div class=\"wd-arrow-inner\"><\/div>\n\t\t\t<\/div>\n\t\t\t<div class=\"wd-btn-arrow wd-next\">\n\t\t\t\t<div class=\"wd-arrow-inner\"><\/div>\n\t\t\t<\/div>\n\t\t<\/div>\n\t\t\t\t\t\t\t\t\t\t\t<\/div>\n\n\t\t\t\t\t\t\t\t\t\t\t<\/div>\n\t\t<\/div><\/div><\/div><\/div><div class=\"vc_row wpb_row vc_row-fluid wd-rs-694658a4d0b3e\"><div class=\"wpb_column vc_column_container vc_col-sm-12 wd-rs-63514db6c5d19\"><div class=\"vc_column-inner vc_custom_1666272699823\"><div class=\"wpb_wrapper\">\n\t\t<div id=\"wd-6940cf8a314e5\" class=\"title-wrapper wd-wpb wd-set-mb reset-last-child  wd-rs-6940cf8a314e5 wd-title-color-default wd-title-style-default text-left vc_custom_1765855118502 wd-underline-colored\">\n\t\t\t\n\t\t\t<div class=\"liner-continer\">\n\t\t\t\t<h4 class=\"woodmart-title-container title  wd-font-weight- wd-fontsize-m\" >Cuadro de instrumentos<\/h4>\n\t\t\t\t\t\t\t<\/div>\n\t\t\t\n\t\t\t\n\t\t\t\n\t\t<\/div>\n\t\t\n\t\t\t\t<div id=\"wd-6940cfbb8fb33\" class=\"wd-text-block wd-wpb reset-last-child wd-rs-6940cfbb8fb33 text-left vc_custom_1765855442552\">\n\t\t\t<article class=\"text-token-text-primary w-full focus:outline-none &#091;--shadow-height:45px&#093; has-data-writing-block:pointer-events-none has-data-writing-block:-mt-(--shadow-height) has-data-writing-block:pt-(--shadow-height) &#091;&amp;:has(&#091;data-writing-block&#093;)&gt;*&#093;:pointer-events-auto scroll-mt-&#091;calc(var(--header-height)+min(200px,max(70px,20svh)))&#093;\" dir=\"auto\" tabindex=\"-1\" data-turn-id=\"ef837c3d-8107-4690-90a2-851d8ff66c7a\" data-testid=\"conversation-turn-2\" data-scroll-anchor=\"false\" data-turn=\"assistant\">\n<div class=\"text-base my-auto mx-auto &#091;--thread-content-margin:--spacing(4)&#093; @w-sm\/main:&#091;--thread-content-margin:--spacing(6)&#093; @w-lg\/main:&#091;--thread-content-margin:--spacing(16)&#093; px-(--thread-content-margin)\">\n<div class=\"&#091;--thread-content-max-width:40rem&#093; @w-lg\/main:&#091;--thread-content-max-width:48rem&#093; mx-auto max-w-(--thread-content-max-width) flex-1 group\/turn-messages focus-visible:outline-hidden relative flex w-full min-w-0 flex-col agent-turn\" tabindex=\"-1\">\n<div class=\"flex max-w-full flex-col grow\">\n<div class=\"min-h-8 text-message relative flex w-full flex-col items-end gap-2 text-start break-words whitespace-normal &#091;.text-message+&amp;&#093;:mt-1\" dir=\"auto\" data-message-author-role=\"assistant\" data-message-id=\"0d859a0e-b370-4790-8c61-0426cb3e22ec\" data-message-model-slug=\"gpt-5-2\">\n<div class=\"flex w-full flex-col gap-1 empty:hidden first:pt-&#091;1px&#093;\">\n<div class=\"markdown prose dark:prose-invert w-full break-words light markdown-new-styling\">\n<p data-start=\"0\" data-end=\"463\" data-is-last-node=\"\" data-is-only-node=\"\">Los cuadros de instrumentos digitales integran la velocidad, los indicadores de advertencia y el estado del veh\u00edculo en pantallas de alta resoluci\u00f3n.<br \/>\nLXB Semicon respalda los dise\u00f1os de cl\u00fasteres con controladores de pantalla, MCU, circuitos integrados de memoria y soluciones de gesti\u00f3n de energ\u00eda, lo que permite una presentaci\u00f3n de datos estable y con gran capacidad de respuesta.<\/p>\n<\/div>\n<\/div>\n<\/div>\n<\/div>\n<\/div>\n<\/div>\n<\/article>\n<article class=\"text-token-text-primary w-full focus:outline-none &#091;--shadow-height:45px&#093; has-data-writing-block:pointer-events-none has-data-writing-block:-mt-(--shadow-height) has-data-writing-block:pt-(--shadow-height) &#091;&amp;:has(&#091;data-writing-block&#093;)&gt;*&#093;:pointer-events-auto scroll-mt-(--header-height)\" dir=\"auto\" tabindex=\"-1\" data-turn-id=\"667e5748-dcd9-406a-8a29-e58d6677d5ab\" data-testid=\"conversation-turn-3\" data-scroll-anchor=\"false\" data-turn=\"user\"><\/article>\n<p>\u00a0<\/p>\n\t\t<\/div>\n\t\t\n\t\t<div id=\"wd-6940d01dc4e44\" class=\"title-wrapper wd-wpb wd-set-mb reset-last-child  wd-rs-6940d01dc4e44 wd-title-color-default wd-title-style-default text-left  wd-underline-colored\">\n\t\t\t\n\t\t\t<div class=\"liner-continer\">\n\t\t\t\t<h4 class=\"woodmart-title-container title  wd-font-weight- wd-fontsize-m\" >Inversor principal y conversi\u00f3n de potencia<\/h4>\n\t\t\t\t\t\t\t<\/div>\n\t\t\t\n\t\t\t\t\t\t\t<div class=\"title-after_title reset-last-child  wd-fontsize-xs\">En los veh\u00edculos el\u00e9ctricos e h\u00edbridos, los inversores principales convierten la corriente continua de la bater\u00eda en corriente alterna para los motores de propulsi\u00f3n.<br \/>\nSuministramos dispositivos de alimentaci\u00f3n de alto voltaje, circuitos integrados de control y componentes auxiliares que cumplen los exigentes requisitos el\u00e9ctricos y medioambientales de la automoci\u00f3n.<\/div>\n\t\t\t\n\t\t\t\n\t\t<\/div>\n\t\t\n\t\t\n\t\t<div id=\"wd-6940d08d38df8\" class=\"title-wrapper wd-wpb wd-set-mb reset-last-child  wd-rs-6940d08d38df8 wd-title-color-default wd-title-style-default text-left  wd-underline-colored\">\n\t\t\t\n\t\t\t<div class=\"liner-continer\">\n\t\t\t\t<h4 class=\"woodmart-title-container title  wd-font-weight- wd-fontsize-m\" >Sistemas de visi\u00f3n trasera<\/h4>\n\t\t\t\t\t\t\t<\/div>\n\t\t\t\n\t\t\t\t\t\t\t<div class=\"title-after_title reset-last-child  wd-fontsize-xs\">La c\u00e1mara de marcha atr\u00e1s y los sistemas de visi\u00f3n trasera mejoran la seguridad de la conducci\u00f3n y ahora son de serie en muchos mercados.<br \/>\nNuestros componentes para automoci\u00f3n se utilizan ampliamente en m\u00f3dulos de c\u00e1mara, procesamiento de se\u00f1ales e interfaces de visualizaci\u00f3n, y permiten una transmisi\u00f3n de im\u00e1genes n\u00edtida y una fiabilidad a largo plazo.<\/div>\n\t\t\t\n\t\t\t\n\t\t<\/div>\n\t\t\n\t\t\n\t\t<div id=\"wd-6940d0f421c05\" class=\"title-wrapper wd-wpb wd-set-mb reset-last-child  wd-rs-6940d0f421c05 wd-title-color-default wd-title-style-default text-left  wd-underline-colored\">\n\t\t\t\n\t\t\t<div class=\"liner-continer\">\n\t\t\t\t<h4 class=\"woodmart-title-container title  wd-font-weight- wd-fontsize-m\" >Sistemas de control de asientos<\/h4>\n\t\t\t\t\t\t\t<\/div>\n\t\t\t\n\t\t\t\t\t\t\t<div class=\"title-after_title reset-last-child  wd-fontsize-xs\">El ajuste del asiento y las funciones de confort dependen del control del motor y de una distribuci\u00f3n fiable de la energ\u00eda.<br \/>\nRespaldamos las aplicaciones de control de asientos con controladores de motor, MCU, dispositivos de protecci\u00f3n y conectores, garantizando un funcionamiento sin problemas y una gran durabilidad.<\/div>\n\t\t\t\n\t\t\t\n\t\t<\/div>\n\t\t\n\t\t\n\t\t<div id=\"wd-6940d112442a2\" class=\"title-wrapper wd-wpb wd-set-mb reset-last-child  wd-rs-6940d112442a2 wd-title-color-default wd-title-style-default text-left  wd-underline-colored\">\n\t\t\t\n\t\t\t<div class=\"liner-continer\">\n\t\t\t\t<h4 class=\"woodmart-title-container title  wd-font-weight- wd-fontsize-m\" >Sistemas Start-Stop<\/h4>\n\t\t\t\t\t\t\t<\/div>\n\t\t\t\n\t\t\t\t\t\t\t<div class=\"title-after_title reset-last-child  wd-fontsize-xs\">La tecnolog\u00eda Start-Stop ayuda a reducir el consumo de combustible y las emisiones, pero somete a un mayor esfuerzo a los componentes electr\u00f3nicos.<br \/>\nLXB Semicon suministra circuitos integrados de control y alimentaci\u00f3n para automoci\u00f3n dise\u00f1ados para soportar ciclos frecuentes y condiciones de funcionamiento duras.<\/div>\n\t\t\t\n\t\t\t\n\t\t<\/div>\n\t\t\n\t\t\t\t<div id=\"wd-6940d4de2336a\" class=\"wd-image wd-wpb wd-rs-6940d4de2336a text-left vc_custom_1765856480095\">\n\t\t\t\n\t\t\t<img loading=\"lazy\" decoding=\"async\" width=\"600\" height=\"600\" src=\"https:\/\/www.lxbchip.com\/wp-content\/uploads\/2025\/12\/30607.jpg\" class=\"attachment-600x600 size-600x600\" alt=\"\" srcset=\"https:\/\/www.lxbchip.com\/wp-content\/uploads\/2025\/12\/30607.jpg 600w, https:\/\/www.lxbchip.com\/wp-content\/uploads\/2025\/12\/30607-150x150.jpg 150w, https:\/\/www.lxbchip.com\/wp-content\/uploads\/2025\/12\/30607-300x300.jpg 300w, https:\/\/www.lxbchip.com\/wp-content\/uploads\/2025\/12\/30607-12x12.jpg 12w\" sizes=\"auto, (max-width: 600px) 100vw, 600px\" \/>\n\t\t\t\t\t<\/div>\n\t\t\n\t\t<div id=\"wd-6940d14f6e922\" class=\"title-wrapper wd-wpb wd-set-mb reset-last-child  wd-rs-6940d14f6e922 wd-title-color-default wd-title-style-default text-left vc_custom_1765855571045 wd-underline-colored\">\n\t\t\t\n\t\t\t<div class=\"liner-continer\">\n\t\t\t\t<h4 class=\"woodmart-title-container title  wd-font-weight- wd-fontsize-m\" >Cualificaci\u00f3n y conformidad en automoci\u00f3n<\/h4>\n\t\t\t\t\t\t\t<\/div>\n\t\t\t\n\t\t\t\n\t\t\t\n\t\t<\/div>\n\t\t\n\t\t\t\t<div id=\"wd-6940d1484f1f7\" class=\"wd-text-block wd-wpb reset-last-child wd-rs-6940d1484f1f7 text-left\">\n\t\t\t<p>Todas las aplicaciones compatibles se ajustan a las normas de cualificaci\u00f3n de la AEC, incluidas:<\/p>\n<ul>\n<li>AEC-Q100 - Circuitos integrados<\/li>\n<li>AEC-Q101 - Semiconductores discretos<\/li>\n<li>AEC-Q102 - Dispositivos optoelectr\u00f3nicos<\/li>\n<li>AEC-Q103 - Sensores de automoci\u00f3n<\/li>\n<li>AEC-Q104 - M\u00f3dulos multichip<\/li>\n<li>AEC-Q200 - Componentes pasivos<\/li>\n<\/ul>\n<p>Estas normas cubren el rendimiento el\u00e9ctrico, el rango de temperaturas, los ciclos t\u00e9rmicos, la resistencia a la humedad, las vibraciones, el estr\u00e9s mec\u00e1nico y la soldabilidad, garantizando la idoneidad para entornos de automoci\u00f3n.<\/p>\n\t\t<\/div>\n\t\t<\/div><\/div><\/div><\/div><div class=\"vc_row wpb_row vc_row-fluid vc_custom_1765855773416 wd-rs-6940d219d4e0e\"><div class=\"wpb_column vc_column_container vc_col-sm-12\"><div class=\"vc_column-inner\"><div class=\"wpb_wrapper\">\n\t\t<div id=\"wd-6940d1f3b42d1\" class=\"title-wrapper wd-wpb wd-set-mb reset-last-child  wd-rs-6940d1f3b42d1 wd-title-color-default wd-title-style-underlined text-left  wd-underline-colored\">\n\t\t\t\t\t\t\t\n\t\t\t\t<div class=\"title-subtitle  subtitle-color-default font-default subtitle-style-default wd-font-weight- wd-fontsize-xs\">Fundada en 2008, con sede en el centro electr\u00f3nico de Shenzhen<\/div>\n\t\t\t\n\t\t\t<div class=\"liner-continer\">\n\t\t\t\t<h4 class=\"woodmart-title-container title  wd-font-weight-600 wd-fontsize-l\" >Por qu\u00e9 LXB Semicon<\/h4>\n\t\t\t\t\t\t\t<\/div>\n\t\t\t\n\t\t\t\t\t\t\t<div class=\"title-after_title reset-last-child  wd-fontsize-xs\">Departamento espec\u00edfico de inspecci\u00f3n de calidad para garantizar la autenticidad y la conformidad<\/p>\n<p>S\u00f3lida capacidad de aprovisionamiento en todas las marcas mundiales de CI<\/p>\n<p>Experiencia en proyectos de automoci\u00f3n y de ciclo de vida largo<\/p>\n<p>Centrarse en el control de riesgos, la trazabilidad y la continuidad del suministro<\/p>\n<p>Marcas de CI compatibles:<br \/>\nXILINX, ADI, ALTERA, ATMEL, TI, NEXPERIA, MAXIM\/DALLAS, IR\/VISHAY, MICROCHIP, NXP, ON, INFINEON, DIODES, FREESCALE, AVAGO, etc.<\/div>\n\t\t\t\n\t\t\t\n\t\t<\/div>\n\t\t\n\t\t<\/div><\/div><\/div><\/div>\n<\/div>","protected":false},"excerpt":{"rendered":"Automotive Subsystems Proven Electronic Components for Transportation Applications Shenzhen Lianxinbang (LXB Semicon) Technology Co., Ltd., founded in 2008, supports automotive","protected":false},"author":1,"featured_media":0,"parent":0,"menu_order":0,"comment_status":"closed","ping_status":"closed","template":"","meta":{"_acf_changed":false,"footnotes":""},"class_list":["post-8557","page","type-page","status-publish","hentry"],"acf":[],"aioseo_notices":[],"_links":{"self":[{"href":"https:\/\/www.lxbchip.com\/es\/wp-json\/wp\/v2\/pages\/8557","targetHints":{"allow":["GET"]}}],"collection":[{"href":"https:\/\/www.lxbchip.com\/es\/wp-json\/wp\/v2\/pages"}],"about":[{"href":"https:\/\/www.lxbchip.com\/es\/wp-json\/wp\/v2\/types\/page"}],"author":[{"embeddable":true,"href":"https:\/\/www.lxbchip.com\/es\/wp-json\/wp\/v2\/users\/1"}],"replies":[{"embeddable":true,"href":"https:\/\/www.lxbchip.com\/es\/wp-json\/wp\/v2\/comments?post=8557"}],"version-history":[{"count":18,"href":"https:\/\/www.lxbchip.com\/es\/wp-json\/wp\/v2\/pages\/8557\/revisions"}],"predecessor-version":[{"id":8799,"href":"https:\/\/www.lxbchip.com\/es\/wp-json\/wp\/v2\/pages\/8557\/revisions\/8799"}],"wp:attachment":[{"href":"https:\/\/www.lxbchip.com\/es\/wp-json\/wp\/v2\/media?parent=8557"}],"curies":[{"name":"wp","href":"https:\/\/api.w.org\/{rel}","templated":true}]}}