{"id":8552,"date":"2025-12-15T20:57:54","date_gmt":"2025-12-15T12:57:54","guid":{"rendered":"https:\/\/www.lxbchip.com\/?page_id=8552"},"modified":"2025-12-20T15:50:33","modified_gmt":"2025-12-20T07:50:33","slug":"ev-chargers","status":"publish","type":"page","link":"https:\/\/www.lxbchip.com\/es\/ev-chargers\/","title":{"rendered":"Cargadores de VE"},"content":{"rendered":"<div class=\"wpb-content-wrapper\"><div class=\"vc_row wpb_row vc_row-fluid vc_custom_1765779186129 wd-rs-693fa6ea5c73f\"><div class=\"wpb_column vc_column_container vc_col-sm-12 wd-rs-63514c8260958\"><div class=\"vc_column-inner vc_custom_1666272391679\"><div class=\"wpb_wrapper\">\n\t\t<div id=\"wd-69465527f0514\" class=\"title-wrapper wd-wpb wd-set-mb reset-last-child  wd-rs-69465527f0514 wd-title-color-default wd-title-style-default text-center  wd-underline-colored\">\n\t\t\t\n\t\t\t<div class=\"liner-continer\">\n\t\t\t\t<h4 class=\"woodmart-title-container title  wd-font-weight- wd-fontsize-m\" >Soluciones electr\u00f3nicas para cargadores de veh\u00edculos el\u00e9ctricos<\/h4>\n\t\t\t\t\t\t\t<\/div>\n\t\t\t\n\t\t\t\t\t\t\t<div class=\"title-after_title reset-last-child  wd-fontsize-xs\">La electr\u00f3nica de las infraestructuras de recarga de veh\u00edculos el\u00e9ctricos se ha convertido en uno de los principales objetivos de los desarrolladores de sistemas de automoci\u00f3n y transporte. Desde los cargadores de CA residenciales hasta las estaciones de carga r\u00e1pida de CC de alta potencia, los componentes electr\u00f3nicos fiables son fundamentales para garantizar la seguridad, la eficiencia y la estabilidad operativa a largo plazo.<\/div>\n\t\t\t\n\t\t\t\n\t\t<\/div>\n\t\t\n\t\t\t\t<div id=\"wd-6940cb76dc578\" class=\"wd-image wd-wpb wd-rs-6940cb76dc578 text-center\">\n\t\t\t\n\t\t\t<img loading=\"lazy\" decoding=\"async\" width=\"600\" height=\"338\" src=\"https:\/\/www.lxbchip.com\/wp-content\/uploads\/2025\/12\/electric-vehicle-charger.jpg\" class=\"attachment-600x338 size-600x338\" alt=\"\" srcset=\"https:\/\/www.lxbchip.com\/wp-content\/uploads\/2025\/12\/electric-vehicle-charger.jpg 600w, https:\/\/www.lxbchip.com\/wp-content\/uploads\/2025\/12\/electric-vehicle-charger-150x85.jpg 150w, https:\/\/www.lxbchip.com\/wp-content\/uploads\/2025\/12\/electric-vehicle-charger-300x169.jpg 300w, https:\/\/www.lxbchip.com\/wp-content\/uploads\/2025\/12\/electric-vehicle-charger-18x10.jpg 18w\" sizes=\"auto, (max-width: 600px) 100vw, 600px\" \/>\n\t\t\t\t\t<\/div>\n\t\t\t\t<div id=\"wd-6940b62286d7f\" class=\"wd-text-block wd-wpb reset-last-child wd-rs-6940b62286d7f text-center vc_custom_1765849251446\">\n\t\t\t<div class=\"flex flex-col text-sm @w-xl\/main:pt-header-height pb-25\">\n<article class=\"text-token-text-primary w-full focus:outline-none &#091;--shadow-height:45px&#093; has-data-writing-block:pointer-events-none has-data-writing-block:-mt-(--shadow-height) has-data-writing-block:pt-(--shadow-height) &#091;&amp;:has(&#091;data-writing-block&#093;)&gt;*&#093;:pointer-events-auto scroll-mt-&#091;calc(var(--header-height)+min(200px,max(70px,20svh)))&#093;\" dir=\"auto\" tabindex=\"-1\" data-turn-id=\"request-WEB:4df86dff-3bf5-4179-906a-0ffa94fce0a2-4\" data-testid=\"conversation-turn-10\" data-scroll-anchor=\"true\" data-turn=\"assistant\">\n<div class=\"text-base my-auto mx-auto pb-10 &#091;--thread-content-margin:--spacing(4)&#093; @w-sm\/main:&#091;--thread-content-margin:--spacing(6)&#093; @w-lg\/main:&#091;--thread-content-margin:--spacing(16)&#093; px-(--thread-content-margin)\">\n<div class=\"&#091;--thread-content-max-width:40rem&#093; @w-lg\/main:&#091;--thread-content-max-width:48rem&#093; mx-auto max-w-(--thread-content-max-width) flex-1 group\/turn-messages focus-visible:outline-hidden relative flex w-full min-w-0 flex-col agent-turn\" tabindex=\"-1\">\n<div class=\"flex max-w-full flex-col grow\">\n<div class=\"min-h-8 text-message relative flex w-full flex-col items-end gap-2 text-start break-words whitespace-normal &#091;.text-message+&amp;&#093;:mt-1\" dir=\"auto\" data-message-author-role=\"assistant\" data-message-id=\"27b267f3-ab48-4550-8cfe-e692a4c37bff\" data-message-model-slug=\"gpt-5-2\">\n<div class=\"flex w-full flex-col gap-1 empty:hidden first:pt-&#091;1px&#093;\">\n<div class=\"markdown prose dark:prose-invert w-full break-words light markdown-new-styling\">\n<p data-start=\"345\" data-end=\"772\">Shenzhen Lianxinbang (LXB Semicon) Technology Co., Ltd., fundada en 2008, ofrece soluciones profesionales de suministro de componentes electr\u00f3nicos para fabricantes de cargadores de veh\u00edculos el\u00e9ctricos, OEM de automoci\u00f3n y proveedores de EMS de todo el mundo. Con m\u00e1s de 15 a\u00f1os de experiencia en el sector, apoyamos el desarrollo de sistemas de carga de veh\u00edculos el\u00e9ctricos con un suministro estable, un estricto control de calidad y una trazabilidad completa.<\/p>\n<\/div>\n<\/div>\n<\/div>\n<\/div>\n<div class=\"mt-3 w-full empty:hidden\">\n<div class=\"text-center\"><\/div>\n<\/div>\n<\/div>\n<\/div>\n<\/article>\n<\/div>\n<div class=\"pointer-events-none h-px w-px absolute bottom-0\" aria-hidden=\"true\" data-edge=\"true\"><\/div>\n\t\t<\/div>\n\t\t<\/div><\/div><\/div><\/div><div class=\"vc_row wpb_row vc_row-fluid vc_custom_1666272691679 wd-rs-63514da96d73a\"><div class=\"wpb_column vc_column_container vc_col-sm-12 wd-rs-63514c870daab\"><div class=\"vc_column-inner vc_custom_1666272395956\"><div class=\"wpb_wrapper\">\n\t\t<div id=\"wd-6940b8cc4b8dd\" class=\"title-wrapper wd-wpb wd-set-mb reset-last-child  wd-rs-6940b8cc4b8dd wd-title-color-default wd-title-style-default text-left vc_custom_1765849296058 wd-underline-colored\">\n\t\t\t\n\t\t\t<div class=\"liner-continer\">\n\t\t\t\t<h4 class=\"woodmart-title-container title  wd-font-weight- wd-fontsize-m\" >Tipos de cargadores y requisitos electr\u00f3nicos<\/h4>\n\t\t\t\t\t\t\t<\/div>\n\t\t\t\n\t\t\t\n\t\t\t\n\t\t<\/div>\n\t\t\n\t\t\t\t<div id=\"wd-6940b8fec56fc\" class=\"wd-text-block wd-wpb reset-last-child wd-rs-6940b8fec56fc text-left vc_custom_1765849442276\">\n\t\t\t<p>Las estaciones de carga de veh\u00edculos el\u00e9ctricos se suelen clasificar en Nivel 1, Nivel 2 y Carga r\u00e1pida de CC. Cada categor\u00eda requiere diferentes arquitecturas electr\u00f3nicas y niveles de rendimiento de los componentes.<\/p>\n<p>Los cargadores de nivel 1 para veh\u00edculos el\u00e9ctricos funcionan con una entrada est\u00e1ndar de 110 V-120 V CA y suelen instalarse en entornos residenciales. La carga se basa en el sistema de conversi\u00f3n CA-CC del veh\u00edculo.<\/p>\n<p>Los cargadores de veh\u00edculos el\u00e9ctricos de nivel 2 utilizan una entrada de 220 V-240 V CA y reducen significativamente el tiempo de carga. Estos sistemas est\u00e1n muy extendidos en edificios comerciales, lugares de trabajo, aparcamientos y redes p\u00fablicas de recarga.<\/p>\n<p>Los cargadores r\u00e1pidos de CC suministran corriente continua de alto voltaje directamente a la bater\u00eda del veh\u00edculo, lo que permite una carga r\u00e1pida en entornos de infraestructuras p\u00fablicas. Estos sistemas exigen el m\u00e1ximo rendimiento de la electr\u00f3nica de potencia y los sistemas de control. Para las aplicaciones de carga r\u00e1pida de CC, la autenticidad de los componentes, el rendimiento el\u00e9ctrico y la continuidad del suministro son especialmente cr\u00edticos.<\/p>\n\t\t<\/div>\n\t\t\t\t\t<div id=\"carousel-934\" class=\"wd-carousel-container info-box-carousel-wrapper wd-wpb  vc_custom_1765850888273 wd-rs-6940bf00c31c8\">\n\t\t\t\t<div class=\"wd-carousel-inner\">\n\t\t\t\t\t<div class=\"wd-carousel wd-grid info-box-carousel\" data-scroll_per_page=\"yes\" style=\"--wd-col-lg:3;--wd-col-md:3;--wd-col-sm:1;--wd-gap-lg:20px;--wd-gap-sm:10px;\">\n\t\t\t\t\t\t<div class=\"wd-carousel-wrap\">\n\t\t\t\t\t\t\t\t\t\t<div class=\"info-box-wrapper wd-carousel-item\">\n\t\t\t\t<div id=\"wd-6940b96c74544\" class=\"wd-rs-6940b96c74544 wd-info-box wd-wpb text-center box-icon-align-top box-style- color-scheme- wd-bg-none vc_custom_1765849533737\">\n\t\t\t\t\t\t\t\t\t\t\t<div class=\"box-icon-wrapper  box-with-icon box-icon-simple\">\n\t\t\t\t\t\t\t<div class=\"info-box-icon\">\n\n\t\t\t\t\t\t\t\n\t\t\t\t\t\t\t\t\t\t\t\t\t\t\t\t\t<div class=\"info-svg-wrapper\" style=\"width: 64px;height: 64px;\"><img decoding=\"async\"  src=\"https:\/\/www.lxbchip.com\/wp-content\/themes\/woodmart\/images\/lazy.svg\" data-src=\"https:\/\/www.lxbchip.com\/wp-content\/uploads\/2025\/12\/logitech-g735-icon-1-1.svg\" loading=\"lazy\" width=\"64\" height=\"64\"><\/div>\t\t\t\t\t\t\t\t\t\t\t\t\t\t\t\n\t\t\t\t\t\t\t<\/div>\n\t\t\t\t\t\t<\/div>\n\t\t\t\t\t\t\t\t\t\t<div class=\"info-box-content\">\n\t\t\t\t\t\t<h4 class=\"info-box-title title box-title-style-default wd-fontsize-m\">Cargadores de veh\u00edculos el\u00e9ctricos de nivel 1<\/h4>\t\t\t\t\t\t<div class=\"info-box-inner reset-last-child\"><p>Microcontroladores (MCU) para control b\u00e1sico. Circuitos integrados de gesti\u00f3n de la alimentaci\u00f3n CA-CC. Interfaz de se\u00f1al y circuitos integrados de comunicaci\u00f3n. Dispositivos de protecci\u00f3n y aislamiento.<\/p>\n<\/div>\n\n\t\t\t\t\t\t\t\t\t\t\t<\/div>\n\n\t\t\t\t\t\n\t\t\t\t\t\t\t\t\t<\/div>\n\t\t\t<\/div>\n\t\t\t\t\t<div class=\"info-box-wrapper wd-carousel-item\">\n\t\t\t\t<div id=\"wd-6940b9c241a91\" class=\"wd-rs-6940b9c241a91 wd-info-box wd-wpb text-center box-icon-align-top box-style- color-scheme- wd-bg-none vc_custom_1765849617040\">\n\t\t\t\t\t\t\t\t\t\t\t<div class=\"box-icon-wrapper  box-with-icon box-icon-simple\">\n\t\t\t\t\t\t\t<div class=\"info-box-icon\">\n\n\t\t\t\t\t\t\t\n\t\t\t\t\t\t\t\t\t\t\t\t\t\t\t\t\t<div class=\"info-svg-wrapper\" style=\"width: 64px;height: 64px;\"><img decoding=\"async\"  src=\"https:\/\/www.lxbchip.com\/wp-content\/themes\/woodmart\/images\/lazy.svg\" data-src=\"https:\/\/www.lxbchip.com\/wp-content\/uploads\/2025\/12\/logitech-g735-icon-2-1.svg\" loading=\"lazy\" width=\"64\" height=\"64\"><\/div>\t\t\t\t\t\t\t\t\t\t\t\t\t\t\t\n\t\t\t\t\t\t\t<\/div>\n\t\t\t\t\t\t<\/div>\n\t\t\t\t\t\t\t\t\t\t<div class=\"info-box-content\">\n\t\t\t\t\t\t<h4 class=\"info-box-title title box-title-style-default wd-fontsize-m\">Cargadores de veh\u00edculos el\u00e9ctricos de nivel 2<\/h4>\t\t\t\t\t\t<div class=\"info-box-inner reset-last-child\"><p>Circuitos integrados de gesti\u00f3n de energ\u00eda y control de corriente, MCU e interfaces industriales, soluciones de comunicaci\u00f3n para carga inteligente, componentes de protecci\u00f3n, aislamiento y supervisi\u00f3n.<\/p>\n<\/div>\n\n\t\t\t\t\t\t\t\t\t\t\t<\/div>\n\n\t\t\t\t\t\n\t\t\t\t\t\t\t\t\t<\/div>\n\t\t\t<\/div>\n\t\t\t\t\t<div class=\"info-box-wrapper wd-carousel-item\">\n\t\t\t\t<div id=\"wd-6940ba417b0c4\" class=\"wd-rs-6940ba417b0c4 wd-info-box wd-wpb text-center box-icon-align-top box-style- color-scheme- wd-bg-none vc_custom_1765849701069\">\n\t\t\t\t\t\t\t\t\t\t\t<div class=\"box-icon-wrapper  box-with-icon box-icon-simple\">\n\t\t\t\t\t\t\t<div class=\"info-box-icon\">\n\n\t\t\t\t\t\t\t\n\t\t\t\t\t\t\t\t\t\t\t\t\t\t\t\t\t<div class=\"info-svg-wrapper\" style=\"width: 64px;height: 64px;\"><img decoding=\"async\"  src=\"https:\/\/www.lxbchip.com\/wp-content\/themes\/woodmart\/images\/lazy.svg\" data-src=\"https:\/\/www.lxbchip.com\/wp-content\/uploads\/2025\/12\/logitech-g735-icon-3-1.svg\" loading=\"lazy\" width=\"64\" height=\"64\"><\/div>\t\t\t\t\t\t\t\t\t\t\t\t\t\t\t\n\t\t\t\t\t\t\t<\/div>\n\t\t\t\t\t\t<\/div>\n\t\t\t\t\t\t\t\t\t\t<div class=\"info-box-content\">\n\t\t\t\t\t\t<h4 class=\"info-box-title title box-title-style-default wd-fontsize-m\">Estaciones de carga r\u00e1pida de CC<\/h4>\t\t\t\t\t\t<div class=\"info-box-inner reset-last-child\"><p>Semiconductores de potencia de alto voltaje, circuitos integrados anal\u00f3gicos y de detecci\u00f3n de precisi\u00f3n, controladores digitales, DSP y FPGA, dispositivos de aislamiento y protecci\u00f3n de alta velocidad.<\/p>\n<\/div>\n\n\t\t\t\t\t\t\t\t\t\t\t<\/div>\n\n\t\t\t\t\t\n\t\t\t\t\t\t\t\t\t<\/div>\n\t\t\t<\/div>\n\t\t\t\t\t\t\t\t<\/div>\n\t\t\t\t\t<\/div>\n\n\t\t\t\t\t\t\t\t\t\t\t\t\t<div class=\"wd-nav-arrows wd-pos-sep wd-hover-1 wd-icon-1\">\n\t\t\t<div class=\"wd-btn-arrow wd-prev wd-disabled\">\n\t\t\t\t<div class=\"wd-arrow-inner\"><\/div>\n\t\t\t<\/div>\n\t\t\t<div class=\"wd-btn-arrow wd-next\">\n\t\t\t\t<div class=\"wd-arrow-inner\"><\/div>\n\t\t\t<\/div>\n\t\t<\/div>\n\t\t\t\t\t\t\t\t\t\t\t<\/div>\n\n\t\t\t\t\t\t\t\t\t\t\t<\/div>\n\t\t<\/div><\/div><\/div><\/div><div class=\"vc_row wpb_row vc_row-fluid wd-rs-6377819b27d07\"><div class=\"wpb_column vc_column_container vc_col-sm-12 wd-rs-63514db6c5d19\"><div class=\"vc_column-inner vc_custom_1666272699823\"><div class=\"wpb_wrapper\">\n\t\t<div id=\"wd-6940bb32be08b\" class=\"title-wrapper wd-wpb wd-set-mb reset-last-child  wd-rs-6940bb32be08b wd-title-color-default wd-title-style-default text-left vc_custom_1765849930170 wd-underline-colored\">\n\t\t\t\n\t\t\t<div class=\"liner-continer\">\n\t\t\t\t<h4 class=\"woodmart-title-container title  wd-font-weight- wd-fontsize-m\" >Componentes electr\u00f3nicos para cargadores de veh\u00edculos el\u00e9ctricos<\/h4>\n\t\t\t\t\t\t\t<\/div>\n\t\t\t\n\t\t\t\n\t\t\t\n\t\t<\/div>\n\t\t\n\t\t\t\t<div id=\"wd-6940bb142d2e6\" class=\"wd-text-block wd-wpb reset-last-child wd-rs-6940bb142d2e6 text-left\">\n\t\t\t<article class=\"text-token-text-primary w-full focus:outline-none &#091;--shadow-height:45px&#093; has-data-writing-block:pointer-events-none has-data-writing-block:-mt-(--shadow-height) has-data-writing-block:pt-(--shadow-height) &#091;&amp;:has(&#091;data-writing-block&#093;)&gt;*&#093;:pointer-events-auto scroll-mt-&#091;calc(var(--header-height)+min(200px,max(70px,20svh)))&#093;\" dir=\"auto\" tabindex=\"-1\" data-turn-id=\"ef837c3d-8107-4690-90a2-851d8ff66c7a\" data-testid=\"conversation-turn-2\" data-scroll-anchor=\"false\" data-turn=\"assistant\">\n<div class=\"text-base my-auto mx-auto &#091;--thread-content-margin:--spacing(4)&#093; @w-sm\/main:&#091;--thread-content-margin:--spacing(6)&#093; @w-lg\/main:&#091;--thread-content-margin:--spacing(16)&#093; px-(--thread-content-margin)\">\n<div class=\"&#091;--thread-content-max-width:40rem&#093; @w-lg\/main:&#091;--thread-content-max-width:48rem&#093; mx-auto max-w-(--thread-content-max-width) flex-1 group\/turn-messages focus-visible:outline-hidden relative flex w-full min-w-0 flex-col agent-turn\" tabindex=\"-1\">\n<div class=\"flex max-w-full flex-col grow\">\n<div class=\"min-h-8 text-message relative flex w-full flex-col items-end gap-2 text-start break-words whitespace-normal &#091;.text-message+&amp;&#093;:mt-1\" dir=\"auto\" data-message-author-role=\"assistant\" data-message-id=\"0d859a0e-b370-4790-8c61-0426cb3e22ec\" data-message-model-slug=\"gpt-5-2\">\n<div class=\"flex w-full flex-col gap-1 empty:hidden first:pt-&#091;1px&#093;\">\n<div class=\"markdown prose dark:prose-invert w-full break-words light markdown-new-styling\">\n<p data-start=\"3051\" data-end=\"3205\">LXB Semicon suministra una amplia gama de <strong><span style=\"color: #ff6600;\">componentes electr\u00f3nicos industriales y de automoci\u00f3n<\/span><\/strong> utilizados en los sistemas de carga de veh\u00edculos el\u00e9ctricos, incluidos los productos de:<\/p>\n<p data-start=\"3207\" data-end=\"3321\"><strong>XILINX, ADI, TI, NXP, INFINEON, MICROCHIP, ON, MAXIM\/DALLAS, NEXPERIA, VISHAY, DIODOS, AVAGO, FREESCALE<\/strong>, y mucho m\u00e1s.<\/p>\n<p data-start=\"3323\" data-end=\"3356\">Nuestra cartera de componentes es compatible:<\/p>\n<ul data-start=\"3357\" data-end=\"3498\">\n<li data-start=\"3357\" data-end=\"3392\">\n<p data-start=\"3359\" data-end=\"3392\">Conversi\u00f3n y gesti\u00f3n de la energ\u00eda<\/p>\n<\/li>\n<li data-start=\"3393\" data-end=\"3422\">\n<p data-start=\"3395\" data-end=\"3422\">Control y comunicaci\u00f3n<\/p>\n<\/li>\n<li data-start=\"3423\" data-end=\"3460\">\n<p data-start=\"3425\" data-end=\"3460\">Seguridad, protecci\u00f3n y aislamiento<\/p>\n<\/li>\n<li data-start=\"3461\" data-end=\"3498\">\n<p data-start=\"3463\" data-end=\"3498\">Supervisi\u00f3n y diagn\u00f3stico del sistema<\/p>\n<\/li>\n<\/ul>\n<\/div>\n<\/div>\n<\/div>\n<\/div>\n<\/div>\n<\/div>\n<\/article>\n<article class=\"text-token-text-primary w-full focus:outline-none &#091;--shadow-height:45px&#093; has-data-writing-block:pointer-events-none has-data-writing-block:-mt-(--shadow-height) has-data-writing-block:pt-(--shadow-height) &#091;&amp;:has(&#091;data-writing-block&#093;)&gt;*&#093;:pointer-events-auto scroll-mt-(--header-height)\" dir=\"auto\" tabindex=\"-1\" data-turn-id=\"667e5748-dcd9-406a-8a29-e58d6677d5ab\" data-testid=\"conversation-turn-3\" data-scroll-anchor=\"false\" data-turn=\"user\"><\/article>\n<p>\u00a0<\/p>\n\t\t<\/div>\n\t\t\t\t<div id=\"wd-6940cc750e30b\" class=\"wd-image wd-wpb wd-rs-6940cc750e30b text-center vc_custom_1765854350372\">\n\t\t\t\n\t\t\t<img loading=\"lazy\" decoding=\"async\" width=\"600\" height=\"338\" src=\"https:\/\/www.lxbchip.com\/wp-content\/uploads\/2025\/12\/electric-vehicle.jpg\" class=\"attachment-600x338 size-600x338\" alt=\"\" srcset=\"https:\/\/www.lxbchip.com\/wp-content\/uploads\/2025\/12\/electric-vehicle.jpg 600w, https:\/\/www.lxbchip.com\/wp-content\/uploads\/2025\/12\/electric-vehicle-150x85.jpg 150w, https:\/\/www.lxbchip.com\/wp-content\/uploads\/2025\/12\/electric-vehicle-300x169.jpg 300w, https:\/\/www.lxbchip.com\/wp-content\/uploads\/2025\/12\/electric-vehicle-18x10.jpg 18w\" sizes=\"auto, (max-width: 600px) 100vw, 600px\" \/>\n\t\t\t\t\t<\/div>\n\t\t\n\t\t<div id=\"wd-6940bdc85739d\" class=\"title-wrapper wd-wpb wd-set-mb reset-last-child  wd-rs-6940bdc85739d wd-title-color-default wd-title-style-default text-left vc_custom_1765850654928 wd-underline-colored\">\n\t\t\t\n\t\t\t<div class=\"liner-continer\">\n\t\t\t\t<h4 class=\"woodmart-title-container title  wd-font-weight- wd-fontsize-m\" >Por qu\u00e9 los fabricantes de cargadores para veh\u00edculos el\u00e9ctricos trabajan con LXB Semicon<\/h4>\n\t\t\t\t\t\t\t<\/div>\n\t\t\t\n\t\t\t\n\t\t\t\n\t\t<\/div>\n\t\t\n\t\t\t\t<div id=\"wd-6940bdc1846a9\" class=\"wd-text-block wd-wpb reset-last-child wd-rs-6940bdc1846a9 text-left\">\n\t\t\t<p>Nuestro equipo interno de inspecci\u00f3n de calidad comprueba los componentes para reducir riesgos.<\/p>\n\t\t<\/div>\n\t\t\t\t<div id=\"gallery_479\" class=\"wd-images-gallery wd-wpb wd-rs-693fb75d8471e vc_custom_1765783391617 photoswipe-images\" style=\"--wd-justify-content:center;--wd-align-items:center;\">\n\t\t\t\n\t\t\t<div class=\"wd-grid-g\" style=\"--wd-col-lg:3;--wd-col-md:3;--wd-col-sm:1;--wd-gap-lg:20px;--wd-gap-sm:10px;\">\n\t\t\t\t\n\t\t\t\t\t\t\t\t\t\t\t\t\t\n\t\t\t\t\t\t\t<\/div>\n\n\t\t\t\t\t<\/div>\n\t\t<\/div><\/div><\/div><\/div><div class=\"vc_row wpb_row vc_row-fluid vc_custom_1628576405426 wd-rs-61121a910fc4f\"><div class=\"wpb_column vc_column_container vc_col-sm-4 vc_col-lg-4 vc_col-md-4 vc_col-xs-12 wd-rs-61121a8376dee\"><div class=\"vc_column-inner vc_custom_1628576391085\"><div class=\"wpb_wrapper\">\t\t<div class=\"promo-banner-wrapper  wd-rs-6940ccb8a3dbb  wd-width-custom\">\n\t\t\t<div id=\"wd-6940ccb8a3dbb\" class=\"promo-banner  banner-background banner-hover-parallax color-scheme-dark banner-btn-size-small banner-btn-style-link  wd-with-link wd-underline-colored\">\n\t\t\t\t<div class=\"main-wrapp-img\">\n\t\t\t\t\t<div class=\"banner-image wd-bg-position-center\" >\n\t\t\t\t\t\t<img loading=\"lazy\" decoding=\"async\" width=\"300\" height=\"300\" src=\"https:\/\/www.lxbchip.com\/wp-content\/uploads\/2025\/12\/90-1-300x300.jpg\" class=\"attachment-300x300 size-300x300\" alt=\"\" \/>\t\t\t\t\t<\/div>\n\t\t\t\t<\/div>\n\n\t\t\t\t<div class=\"wrapper-content-banner wd-fill  wd-items-middle wd-justify-center\">\n\t\t\t\t\t<div class=\"content-banner  text-center\">\n\t\t\t\t\t\t<h4 class=\"banner-title wd-font-weight-400 wd-fontsize-l\">Experiencia en automoci\u00f3n y electr\u00f3nica de potencia<\/h4>\t\t\t\t\t\t\t\t\t\t\t\t\t<div class=\"banner-inner reset-last-child wd-fontsize-xs\">\n\t\t\t\t\t\t\t\t<p><span style=\"color: #000000;\">LXB Semicon se centra en las aplicaciones de carga de autom\u00f3viles y veh\u00edculos el\u00e9ctricos, apoyando proyectos de cargadores del mundo real con experiencia demostrada en componentes en lugar de soluciones gen\u00e9ricas de electr\u00f3nica de consumo.<\/span><\/p>\n\t\t\t\t\t\t\t<\/div>\n\t\t\t\t\t\t\n\t\t\t\t\t\t\n\t\t\t\t\t\t\t\t\t\t\t<\/div>\n\t\t\t\t<\/div>\n\n\t\t\t\t\t\t\t\t\t<a class=\"wd-promo-banner-link wd-fill\" aria-label=\"Banner link\" href=\"#\" title=\"\"><\/a>\n\t\t\t\t\n\t\t\t\t\t\t\t<\/div>\n\t\t<\/div>\n\n\t\t<\/div><\/div><\/div><div class=\"wpb_column vc_column_container vc_col-sm-4 vc_col-lg-4 vc_col-md-4 vc_col-xs-12 wd-rs-61121a88c3793\"><div class=\"vc_column-inner vc_custom_1628576395208\"><div class=\"wpb_wrapper\">\t\t<div class=\"promo-banner-wrapper  wd-rs-6940ccc559942  wd-width-custom\">\n\t\t\t<div id=\"wd-6940ccc559942\" class=\"promo-banner  banner-background banner-hover-parallax color-scheme-dark banner-btn-size-small banner-btn-style-link  wd-with-link wd-underline-colored\">\n\t\t\t\t<div class=\"main-wrapp-img\">\n\t\t\t\t\t<div class=\"banner-image wd-bg-position-center\" >\n\t\t\t\t\t\t<img loading=\"lazy\" decoding=\"async\" width=\"300\" height=\"300\" src=\"https:\/\/www.lxbchip.com\/wp-content\/uploads\/2025\/12\/electronic--300x300.jpg\" class=\"attachment-300x300 size-300x300\" alt=\"\" \/>\t\t\t\t\t<\/div>\n\t\t\t\t<\/div>\n\n\t\t\t\t<div class=\"wrapper-content-banner wd-fill  wd-items-middle wd-justify-center\">\n\t\t\t\t\t<div class=\"content-banner  text-center\">\n\t\t\t\t\t\t<h4 class=\"banner-title wd-font-weight-400 wd-fontsize-l\">Calidad, trazabilidad y fiabilidad del suministro<\/h4>\t\t\t\t\t\t\t\t\t\t\t\t\t<div class=\"banner-inner reset-last-child wd-fontsize-xs\">\n\t\t\t\t\t\t\t\t<p><span style=\"color: #000000;\">Todos los componentes se someten a una estricta inspecci\u00f3n de calidad interna y a procesos de suministro trazables, lo que ayuda a los clientes a cumplir los requisitos de conformidad, certificaci\u00f3n y estabilidad de los proyectos a largo plazo.<\/span><\/p>\n\t\t\t\t\t\t\t<\/div>\n\t\t\t\t\t\t\n\t\t\t\t\t\t\n\t\t\t\t\t\t\t\t\t\t\t<\/div>\n\t\t\t\t<\/div>\n\n\t\t\t\t\t\t\t\t\t<a class=\"wd-promo-banner-link wd-fill\" aria-label=\"Banner link\" href=\"#\" title=\"\"><\/a>\n\t\t\t\t\n\t\t\t\t\t\t\t<\/div>\n\t\t<\/div>\n\n\t\t<\/div><\/div><\/div><div class=\"wpb_column vc_column_container vc_col-sm-4 vc_col-lg-4 vc_col-md-4 vc_col-xs-12 wd-rs-61121a8ce65d4\"><div class=\"vc_column-inner vc_custom_1628576399193\"><div class=\"wpb_wrapper\">\t\t<div class=\"promo-banner-wrapper  wd-rs-6940ccd1ad2c5  wd-width-custom\">\n\t\t\t<div id=\"wd-6940ccd1ad2c5\" class=\"promo-banner  banner-background banner-hover-parallax color-scheme-dark banner-btn-size-small banner-btn-style-link  wd-with-link wd-underline-colored\">\n\t\t\t\t<div class=\"main-wrapp-img\">\n\t\t\t\t\t<div class=\"banner-image wd-bg-position-center\" >\n\t\t\t\t\t\t<img loading=\"lazy\" decoding=\"async\" width=\"300\" height=\"300\" src=\"https:\/\/www.lxbchip.com\/wp-content\/uploads\/2025\/12\/around-city-300x300.jpg\" class=\"attachment-300x300 size-300x300\" alt=\"\" \/>\t\t\t\t\t<\/div>\n\t\t\t\t<\/div>\n\n\t\t\t\t<div class=\"wrapper-content-banner wd-fill  wd-items-middle wd-justify-center\">\n\t\t\t\t\t<div class=\"content-banner  text-center\">\n\t\t\t\t\t\t<h4 class=\"banner-title wd-font-weight-400 wd-fontsize-l\">Apoyo a la cadena de suministro dirigido por ingenieros<\/h4>\t\t\t\t\t\t\t\t\t\t\t\t\t<div class=\"banner-inner reset-last-child wd-fontsize-xs\">\n\t\t\t\t\t\t\t\t<p><span style=\"color: #000000;\">Desde la validaci\u00f3n de muestras hasta la producci\u00f3n en serie, nuestro equipo trabaja directamente con los ingenieros y los equipos de compras para resolver los problemas de selecci\u00f3n, disponibilidad y ciclo de vida de los componentes.<\/span><\/p>\n\t\t\t\t\t\t\t<\/div>\n\t\t\t\t\t\t\n\t\t\t\t\t\t\n\t\t\t\t\t\t\t\t\t\t\t<\/div>\n\t\t\t\t<\/div>\n\n\t\t\t\t\t\t\t\t\t<a class=\"wd-promo-banner-link wd-fill\" aria-label=\"Banner link\" href=\"#\" title=\"\"><\/a>\n\t\t\t\t\n\t\t\t\t\t\t\t<\/div>\n\t\t<\/div>\n\n\t\t<\/div><\/div><\/div><\/div><div class=\"vc_row wpb_row vc_row-fluid vc_custom_1765796077325 wd-rs-693fe8d77ff97\"><div class=\"wpb_column vc_column_container vc_col-sm-12\"><div class=\"vc_column-inner\"><div class=\"wpb_wrapper\">\n\t\t<div id=\"wd-6940bf44331c0\" class=\"title-wrapper wd-wpb wd-set-mb reset-last-child  wd-rs-6940bf44331c0 wd-title-color-default wd-title-style-underlined text-center  wd-underline-colored\">\n\t\t\t\t\t\t\t\n\t\t\t\t<div class=\"title-subtitle  subtitle-color-default font-default subtitle-style-default wd-font-weight- wd-fontsize-xs\">LXB Semicon<\/div>\n\t\t\t\n\t\t\t<div class=\"liner-continer\">\n\t\t\t\t<h4 class=\"woodmart-title-container title  wd-font-weight-600 wd-fontsize-l\" >Apoyar el futuro de la infraestructura de recarga de veh\u00edculos el\u00e9ctricos<\/h4>\n\t\t\t\t\t\t\t<\/div>\n\t\t\t\n\t\t\t\t\t\t\t<div class=\"title-after_title reset-last-child  wd-fontsize-xs\">A medida que la adopci\u00f3n de veh\u00edculos el\u00e9ctricos se extiende por todo el mundo, los sistemas de carga deben cumplir normas m\u00e1s estrictas de eficiencia, seguridad y fiabilidad. LXB Semicon ayuda a los fabricantes de cargadores de veh\u00edculos el\u00e9ctricos a reducir el riesgo de la cadena de suministro y a acelerar el desarrollo de productos mediante el suministro de componentes electr\u00f3nicos de confianza y la asistencia profesional.<\/p>\n<p>Si est\u00e1 desarrollando o fabricando cargadores para veh\u00edculos el\u00e9ctricos o infraestructuras de carga para autom\u00f3viles, nuestro equipo est\u00e1 preparado para ayudarle en su proyecto.<\/div>\n\t\t\t\n\t\t\t\n\t\t<\/div>\n\t\t\n\t\t<\/div><\/div><\/div><\/div>\n<\/div>","protected":false},"excerpt":{"rendered":"EV Charger Electronics Solutions for Transportation &amp; Automotive EV charging infrastructure electronics have become a core focus for automotive and","protected":false},"author":1,"featured_media":0,"parent":0,"menu_order":0,"comment_status":"closed","ping_status":"closed","template":"","meta":{"_acf_changed":false,"footnotes":""},"class_list":["post-8552","page","type-page","status-publish","hentry"],"acf":[],"aioseo_notices":[],"_links":{"self":[{"href":"https:\/\/www.lxbchip.com\/es\/wp-json\/wp\/v2\/pages\/8552","targetHints":{"allow":["GET"]}}],"collection":[{"href":"https:\/\/www.lxbchip.com\/es\/wp-json\/wp\/v2\/pages"}],"about":[{"href":"https:\/\/www.lxbchip.com\/es\/wp-json\/wp\/v2\/types\/page"}],"author":[{"embeddable":true,"href":"https:\/\/www.lxbchip.com\/es\/wp-json\/wp\/v2\/users\/1"}],"replies":[{"embeddable":true,"href":"https:\/\/www.lxbchip.com\/es\/wp-json\/wp\/v2\/comments?post=8552"}],"version-history":[{"count":13,"href":"https:\/\/www.lxbchip.com\/es\/wp-json\/wp\/v2\/pages\/8552\/revisions"}],"predecessor-version":[{"id":8790,"href":"https:\/\/www.lxbchip.com\/es\/wp-json\/wp\/v2\/pages\/8552\/revisions\/8790"}],"wp:attachment":[{"href":"https:\/\/www.lxbchip.com\/es\/wp-json\/wp\/v2\/media?parent=8552"}],"curies":[{"name":"wp","href":"https:\/\/api.w.org\/{rel}","templated":true}]}}