{"id":7982,"date":"2025-12-10T09:27:04","date_gmt":"2025-12-10T01:27:04","guid":{"rendered":"https:\/\/www.lxbchip.com\/?page_id=7982"},"modified":"2025-12-20T16:50:23","modified_gmt":"2025-12-20T08:50:23","slug":"request-a-quote","status":"publish","type":"page","link":"https:\/\/www.lxbchip.com\/es\/request-a-quote\/","title":{"rendered":"Solicitar presupuesto"},"content":{"rendered":"<div class=\"wpb-content-wrapper\"><div class=\"vc_row wpb_row vc_row-fluid vc_custom_1765348825122 vc_row-o-content-middle vc_row-flex wd-rs-693915c310c82\"><div class=\"wpb_column vc_column_container vc_col-sm-6 vc_col-md-6 wd-rs-694659b312013\"><div class=\"vc_column-inner vc_custom_1766218183915\"><div class=\"wpb_wrapper\">\n\t\t<div id=\"wd-694659c94dc69\" class=\"title-wrapper wd-wpb wd-set-mb reset-last-child  wd-rs-694659c94dc69 wd-title-color-default wd-title-style-default text-left vc_custom_1766218204611 wd-underline-colored\">\n\t\t\t\n\t\t\t<div class=\"liner-continer\">\n\t\t\t\t<h4 class=\"woodmart-title-container title  wd-font-weight-300 wd-fontsize-m\" >Qu\u00e9 suministramos<\/h4>\n\t\t\t\t\t\t\t<\/div>\n\t\t\t\n\t\t\t\n\t\t\t\n\t\t<\/div>\n\t\t\n\t\t\t\t<div id=\"wd-6938f275dee35\" class=\"wd-text-block wd-wpb reset-last-child wd-rs-6938f275dee35 text-left wd-fontsize-custom vc_custom_1765340289968\">\n\t\t\t<p>Suministramos una gama completa de componentes electr\u00f3nicos, incluidos circuitos integrados, MCU, FPGA, ASIC, diodos, transistores, MOSFET, circuitos integrados de gesti\u00f3n de la energ\u00eda, sensores, conectores, m\u00f3dulos, componentes pasivos y mucho m\u00e1s.<\/p>\n\t\t<\/div>\n\t\t<div class=\"vc_row wpb_row vc_inner vc_row-fluid\"><div class=\"wpb_column vc_column_container vc_col-sm-4\"><div class=\"vc_column-inner\"><div class=\"wpb_wrapper\">\t\t\t<div class=\"info-box-wrapper\">\n\t\t\t\t<div id=\"wd-69391461d2326\" class=\"wd-rs-69391461d2326 wd-info-box wd-wpb text-center box-icon-align-top box-style- color-scheme- wd-bg-none\">\n\t\t\t\t\t\t\t\t\t\t\t<div class=\"box-icon-wrapper  box-with-icon box-icon-simple\">\n\t\t\t\t\t\t\t<div class=\"info-box-icon\">\n\n\t\t\t\t\t\t\t\n\t\t\t\t\t\t\t\t\t\t\t\t\t\t\t\t\t<div class=\"info-svg-wrapper\" style=\"width: 65px;height: 65px;\"><img decoding=\"async\"  src=\"https:\/\/www.lxbchip.com\/wp-content\/themes\/woodmart\/images\/lazy.svg\" data-src=\"https:\/\/www.lxbchip.com\/wp-content\/uploads\/2025\/12\/toys-shape-1.svg\" loading=\"lazy\" width=\"65\" height=\"65\"><\/div>\t\t\t\t\t\t\t\t\t\t\t\t\t\t\t\n\t\t\t\t\t\t\t<\/div>\n\t\t\t\t\t\t<\/div>\n\t\t\t\t\t\t\t\t\t\t<div class=\"info-box-content\">\n\t\t\t\t\t\t<h4 class=\"info-box-title title box-title-style-default wd-fontsize-m\">Componentes originales<\/h4>\t\t\t\t\t\t<div class=\"info-box-inner reset-last-child\"><p>100% piezas trazables y originales.<\/p>\n<\/div>\n\n\t\t\t\t\t\t\t\t\t\t\t<\/div>\n\n\t\t\t\t\t\n\t\t\t\t\t\t\t\t\t<\/div>\n\t\t\t<\/div>\n\t\t<\/div><\/div><\/div><div class=\"wpb_column vc_column_container vc_col-sm-4\"><div class=\"vc_column-inner\"><div class=\"wpb_wrapper\">\t\t\t<div class=\"info-box-wrapper\">\n\t\t\t\t<div id=\"wd-6938f498e298a\" class=\"wd-rs-6938f498e298a wd-info-box wd-wpb text-center box-icon-align-top box-style- color-scheme- wd-bg-none\">\n\t\t\t\t\t\t\t\t\t\t\t<div class=\"box-icon-wrapper  box-with-icon box-icon-simple\">\n\t\t\t\t\t\t\t<div class=\"info-box-icon\">\n\n\t\t\t\t\t\t\t\n\t\t\t\t\t\t\t\t\t\t\t\t\t\t\t\t\t<div class=\"info-svg-wrapper\" style=\"width: 65px;height: 65px;\"><img decoding=\"async\"  src=\"https:\/\/www.lxbchip.com\/wp-content\/themes\/woodmart\/images\/lazy.svg\" data-src=\"https:\/\/www.lxbchip.com\/wp-content\/uploads\/2025\/12\/toys-shape-2.svg\" loading=\"lazy\" width=\"65\" height=\"65\"><\/div>\t\t\t\t\t\t\t\t\t\t\t\t\t\t\t\n\t\t\t\t\t\t\t<\/div>\n\t\t\t\t\t\t<\/div>\n\t\t\t\t\t\t\t\t\t\t<div class=\"info-box-content\">\n\t\t\t\t\t\t<h4 class=\"info-box-title title box-title-style-default wd-fontsize-m\">Ayuda 24<\/h4>\t\t\t\t\t\t<div class=\"info-box-inner reset-last-child\"><p>Presupuesto r\u00e1pido en 24 horas. Soporte de env\u00edo global.<\/p>\n<\/div>\n\n\t\t\t\t\t\t\t\t\t\t\t<\/div>\n\n\t\t\t\t\t\n\t\t\t\t\t\t\t\t\t<\/div>\n\t\t\t<\/div>\n\t\t<\/div><\/div><\/div><div class=\"wpb_column vc_column_container vc_col-sm-4\"><div class=\"vc_column-inner\"><div class=\"wpb_wrapper\">\t\t\t<div class=\"info-box-wrapper\">\n\t\t\t\t<div id=\"wd-6939161860da5\" class=\"wd-rs-6939161860da5 wd-info-box wd-wpb text-center box-icon-align-top box-style- color-scheme- wd-bg-none\">\n\t\t\t\t\t\t\t\t\t\t\t<div class=\"box-icon-wrapper  box-with-icon box-icon-simple\">\n\t\t\t\t\t\t\t<div class=\"info-box-icon\">\n\n\t\t\t\t\t\t\t\n\t\t\t\t\t\t\t\t\t\t\t\t\t\t\t\t\t<div class=\"info-svg-wrapper\" style=\"width: 65px;height: 65px;\"><img decoding=\"async\"  src=\"https:\/\/www.lxbchip.com\/wp-content\/themes\/woodmart\/images\/lazy.svg\" data-src=\"https:\/\/www.lxbchip.com\/wp-content\/uploads\/2025\/12\/toys-shape-3.svg\" loading=\"lazy\" width=\"65\" height=\"65\"><\/div>\t\t\t\t\t\t\t\t\t\t\t\t\t\t\t\n\t\t\t\t\t\t\t<\/div>\n\t\t\t\t\t\t<\/div>\n\t\t\t\t\t\t\t\t\t\t<div class=\"info-box-content\">\n\t\t\t\t\t\t<h4 class=\"info-box-title title box-title-style-default wd-fontsize-m\">LXB Semicon<\/h4>\t\t\t\t\t\t<div class=\"info-box-inner reset-last-child\"><p>Amplia capacidad de abastecimiento de componentes.<\/p>\n<\/div>\n\n\t\t\t\t\t\t\t\t\t\t\t<\/div>\n\n\t\t\t\t\t\n\t\t\t\t\t\t\t\t\t<\/div>\n\t\t\t<\/div>\n\t\t<\/div><\/div><\/div><\/div><\/div><\/div><\/div><div class=\"wpb_column vc_column_container vc_col-sm-6 wd-rs-6938f8b17ecf9\"><div class=\"vc_column-inner\"><div class=\"wpb_wrapper\"><div class=\"wpb_gallery wpb_content_element vc_clearfix vc_custom_1766220621869\" ><div class=\"wpb_wrapper\"><div class=\"wpb_gallery_slides wpb_flexslider flexslider_fade flexslider\" data-interval=\"3\" data-flex_fx=\"fade\"><ul class=\"slides\"><li><img decoding=\"async\" class=\"\" src=\"https:\/\/www.lxbchip.com\/wp-content\/themes\/woodmart\/images\/lazy.svg\" data-src=\"https:\/\/www.lxbchip.com\/wp-content\/uploads\/2025\/12\/151-400x220.jpg\" width=\"400\" height=\"220\" alt=\"151\" title=\"151\" loading=\"lazy\" \/><\/li><li><img decoding=\"async\" class=\"\" src=\"https:\/\/www.lxbchip.com\/wp-content\/themes\/woodmart\/images\/lazy.svg\" data-src=\"https:\/\/www.lxbchip.com\/wp-content\/uploads\/2025\/12\/fF4TVSNVf-400x220.jpg\" width=\"400\" height=\"220\" alt=\"fF4TVSNVf\" title=\"fF4TVSNVf\" loading=\"lazy\" \/><\/li><\/ul><\/div><\/div><\/div><\/div><\/div><\/div><\/div><div class=\"vc_row wpb_row vc_row-fluid\"><div class=\"wpb_column vc_column_container vc_col-sm-12\"><div class=\"vc_column-inner\"><div class=\"wpb_wrapper\">\n\t\t<div id=\"wd-6938f035a3cd3\" class=\"title-wrapper wd-wpb wd-set-mb reset-last-child  wd-rs-6938f035a3cd3 wd-title-color-gradient wd-title-style-default text-center vc_custom_1765339201515 wd-underline-colored\">\n\t\t\t\t\t\t\t\n\t\t\t\t<div class=\"title-subtitle  subtitle-color-gradient font-alt subtitle-style-default wd-font-weight- wd-fontsize-xs\">Respuesta r\u00e1pida - Sin pedido m\u00ednimo<\/div>\n\t\t\t\n\t\t\t<div class=\"liner-continer\">\n\t\t\t\t<h4 class=\"woodmart-title-container title  wd-font-weight-600 wd-fontsize-l\" style=\"background-image:-webkit-linear-gradient(left , rgb(60, 27, 59) , rgb(90, 55, 105) 33% , rgb(46, 76, 130) 66% , rgb(29, 28, 44) 100%);background-image:linear-gradient(to right , rgb(60, 27, 59) , rgb(90, 55, 105) 33% , rgb(46, 76, 130) 66% , rgb(29, 28, 44) 100%);;\">Solicitud de presupuesto de componentes electr\u00f3nicos<\/h4>\n\t\t\t\t\t\t\t<\/div>\n\t\t\t\n\t\t\t\t\t\t\t<div class=\"title-after_title reset-last-child  wd-fontsize-xs\">Todas las piezas proceden de canales autorizados con calidad trazable.<\/div>\n\t\t\t\n\t\t\t\n\t\t<\/div>\n\t\t\n\t\t<\/div><\/div><\/div><\/div><div class=\"vc_row wpb_row vc_row-fluid vc_custom_1629893241850 vc_row-o-equal-height vc_row-flex wd-rs-6126327347fb2\"><div class=\"wpb_column vc_column_container vc_col-sm-6\"><div class=\"vc_column-inner vc_custom_1484657119633\"><div class=\"wpb_wrapper\">\t\t<div id=\"wd-69391169dfb9c\" class=\"wd-text-block wd-wpb reset-last-child wd-rs-69391169dfb9c text-left\">\n\t\t\t<h5>\u00bfC\u00f3mo puedo evaluar el consumo de energ\u00eda?<\/h5>\n<p>Xilinx proporciona <strong data-start=\"1947\" data-end=\"1972\">Herramientas Power Estimator<\/strong> (XPE) para una evaluaci\u00f3n precisa. Para los DSP ADSP, las hojas de datos proporcionan m\u00e9tricas de consumo de energ\u00eda t\u00edpico y m\u00e1ximo para diferentes modos de funcionamiento.<\/p>\n\t\t<\/div>\n\t\t\t\t<div id=\"wd-693911ad5165d\" class=\"wd-text-block wd-wpb reset-last-child wd-rs-693911ad5165d text-left\">\n\t\t\t<h5>\u00bfCu\u00e1l es el ciclo de vida y la asistencia previstos para estos dispositivos?<\/h5>\n<p>Estos productos cuentan con el apoyo a largo plazo de Xilinx y Analog Devices. Se proporcionan dise\u00f1os de referencia, notas de aplicaci\u00f3n y asistencia t\u00e9cnica para facilitar la integraci\u00f3n y optimizaci\u00f3n del sistema.<\/p>\n\t\t<\/div>\n\t\t\t\t<div id=\"wd-693911e0cd6e2\" class=\"wd-text-block wd-wpb reset-last-child wd-rs-693911e0cd6e2 text-left\">\n\t\t\t<h5>\u00bfPuedo solicitar muestras o fichas t\u00e9cnicas?<\/h5>\n<p>S\u00ed. Los distribuidores y proveedores autorizados proporcionan hojas de datos, tarjetas de evaluaci\u00f3n y pedidos de muestras. Podemos ayudarle con el suministro y el asesoramiento t\u00e9cnico para garantizar la compatibilidad con su sistema.<\/p>\n\t\t<\/div>\n\t\t<\/div><\/div><\/div><div class=\"wpb_column vc_column_container vc_col-sm-6\"><div class=\"vc_column-inner vc_custom_1484657123074\"><div class=\"wpb_wrapper\">\t\t<div id=\"wd-693911fabc211\" class=\"wd-text-block wd-wpb reset-last-child wd-rs-693911fabc211 text-left\">\n\t\t\t<h5>\u00bfCu\u00e1les son las principales diferencias entre las series XCKU, XCZU y XCVU?<\/h5>\n<p>Serie XCKU: FPGAs UltraScale con alta densidad l\u00f3gica, ideales para aplicaciones intensivas en datos.<\/p>\n<p>Serie XCZU: Dispositivos Zynq UltraScale+ que combinan la estructura FPGA con procesadores ARM para aplicaciones integradas.<\/p>\n<p>Serie XCVU: Serie Versal AI Core, que integra FPGA, CPU y motores de IA para aplicaciones de IA, 5G y centros de datos de gama alta.<\/p>\n\t\t<\/div>\n\t\t\t\t<div id=\"wd-6939125c32a7f\" class=\"wd-text-block wd-wpb reset-last-child wd-rs-6939125c32a7f text-left\">\n\t\t\t<h5>\u00bfPara qu\u00e9 sirven estos modelos de FPGA y DSP?<\/h5>\n<p>Estas FPGA de Xilinx (como las series XCKU, XCZU y XCVU) y los DSP de ADSP son dispositivos programables de alto rendimiento que se utilizan en aplicaciones como el procesamiento de se\u00f1ales, la adquisici\u00f3n de datos, las comunicaciones, la automatizaci\u00f3n industrial y la inform\u00e1tica avanzada. Permiten la aceleraci\u00f3n de hardware personalizada, el procesamiento paralelo y el dise\u00f1o flexible de sistemas.<\/p>\n\t\t<\/div>\n\t\t<\/div><\/div><\/div><\/div><div class=\"vc_row wpb_row vc_row-fluid vc_custom_1638891905007 vc_row-o-content-middle vc_row-flex wd-rs-61af817cd7ad1\"><div class=\"wpb_column vc_column_container vc_col-sm-6 wd-rs-60f82b0478de2\"><div class=\"vc_column-inner vc_custom_1626876678433\"><div class=\"wpb_wrapper\">\t\t<div id=\"wd-693919cff3458\" class=\"wd-image wd-wpb wd-rs-693919cff3458 text-left vc_custom_1765349873245\">\n\t\t\t\n\t\t\t<img loading=\"lazy\" decoding=\"async\" width=\"700\" height=\"325\" src=\"https:\/\/www.lxbchip.com\/wp-content\/uploads\/2025\/12\/work-1.jpg\" class=\"attachment-700x325 size-700x325\" alt=\"\" srcset=\"https:\/\/www.lxbchip.com\/wp-content\/uploads\/2025\/12\/work-1.jpg 700w, https:\/\/www.lxbchip.com\/wp-content\/uploads\/2025\/12\/work-1-150x70.jpg 150w, https:\/\/www.lxbchip.com\/wp-content\/uploads\/2025\/12\/work-1-300x139.jpg 300w, https:\/\/www.lxbchip.com\/wp-content\/uploads\/2025\/12\/work-1-18x8.jpg 18w\" sizes=\"auto, (max-width: 700px) 100vw, 700px\" \/>\n\t\t\t\t\t<\/div>\n\t\t<\/div><\/div><\/div><div class=\"wpb_column vc_column_container vc_col-sm-6 text-center wd-rs-69391a169df6b\"><div class=\"vc_column-inner\"><div class=\"wpb_wrapper\">\n\t\t<div id=\"wd-693972739e209\" class=\"title-wrapper wd-wpb wd-set-mb reset-last-child  wd-rs-693972739e209 wd-title-color-primary wd-title-style-default text-center vc_custom_1765372543861 wd-width-enabled wd-underline-colored\" style=\"--wd-max-width: 90%;\">\n\t\t\t\n\t\t\t<div class=\"liner-continer\">\n\t\t\t\t<h4 class=\"woodmart-title-container title  wd-font-weight- wd-fontsize-xxxl\" >Proveedor de componentes de gama alta de confianza<\/h4>\n\t\t\t\t\t\t\t<\/div>\n\t\t\t\n\t\t\t\t\t\t\t<div class=\"title-after_title reset-last-child  wd-fontsize-s\">Proporcionamos componentes electr\u00f3nicos aut\u00e9nticos y trazables de marcas l\u00edderes mundiales, respaldados por un abastecimiento claro, un suministro constante y un servicio fiable. P\u00f3ngase en contacto con nosotros en cualquier momento para obtener un presupuesto r\u00e1pido y fiable.<\/div>\n\t\t\t\n\t\t\t\n\t\t<\/div>\n\t\t\n\t\t<div class=\"vc_row wpb_row vc_inner vc_row-fluid\"><div class=\"wpb_column vc_column_container vc_col-sm-6\"><div class=\"vc_column-inner\"><div class=\"wpb_wrapper\"><div id=\"wd-69397507a7df1\" class=\"wd-rs-69397507a7df1 vc_custom_1765373196548 wd-button-wrapper text-right\"><a href=\"https:\/\/www.lxbchip.com\/es\/contact-us\/\" title=\"\" class=\"btn btn-style-bordered btn-shape-rectangle btn-size-default\">Solicitar presupuesto<\/a><\/div><\/div><\/div><\/div><div class=\"wpb_column vc_column_container vc_col-sm-6\"><div class=\"vc_column-inner\"><div class=\"wpb_wrapper\"><div id=\"wd-693974b72514c\" class=\"wd-rs-693974b72514c  wd-button-wrapper text-left\"><a href=\"https:\/\/www.lxbchip.com\/es\/company-overview\/\" title=\"\" class=\"btn btn-style-bordered btn-shape-rectangle btn-size-default\">Acerca de LXB Semicon<\/a><\/div><\/div><\/div><\/div><\/div><\/div><\/div><\/div><\/div>\n<\/div>","protected":false},"excerpt":{"rendered":"What We Supply We supply a full range of electronic components, including ICs, MCUs, FPGAs, ASICs, diodes, transistors, MOSFETs, power-management","protected":false},"author":1,"featured_media":0,"parent":0,"menu_order":0,"comment_status":"closed","ping_status":"closed","template":"","meta":{"_acf_changed":false,"footnotes":""},"class_list":["post-7982","page","type-page","status-publish","hentry"],"acf":[],"aioseo_notices":[],"_links":{"self":[{"href":"https:\/\/www.lxbchip.com\/es\/wp-json\/wp\/v2\/pages\/7982","targetHints":{"allow":["GET"]}}],"collection":[{"href":"https:\/\/www.lxbchip.com\/es\/wp-json\/wp\/v2\/pages"}],"about":[{"href":"https:\/\/www.lxbchip.com\/es\/wp-json\/wp\/v2\/types\/page"}],"author":[{"embeddable":true,"href":"https:\/\/www.lxbchip.com\/es\/wp-json\/wp\/v2\/users\/1"}],"replies":[{"embeddable":true,"href":"https:\/\/www.lxbchip.com\/es\/wp-json\/wp\/v2\/comments?post=7982"}],"version-history":[{"count":56,"href":"https:\/\/www.lxbchip.com\/es\/wp-json\/wp\/v2\/pages\/7982\/revisions"}],"predecessor-version":[{"id":8821,"href":"https:\/\/www.lxbchip.com\/es\/wp-json\/wp\/v2\/pages\/7982\/revisions\/8821"}],"wp:attachment":[{"href":"https:\/\/www.lxbchip.com\/es\/wp-json\/wp\/v2\/media?parent=7982"}],"curies":[{"name":"wp","href":"https:\/\/api.w.org\/{rel}","templated":true}]}}