{"id":10293,"date":"2026-01-15T15:06:41","date_gmt":"2026-01-15T07:06:41","guid":{"rendered":"https:\/\/www.lxbchip.com\/?page_id=10293"},"modified":"2026-04-09T02:05:53","modified_gmt":"2026-04-08T18:05:53","slug":"omron","status":"publish","type":"page","link":"https:\/\/www.lxbchip.com\/es\/manufacturers\/omron\/","title":{"rendered":"OMRON"},"content":{"rendered":"<div class=\"wpb-content-wrapper\"><div class=\"vc_row wpb_row vc_row-fluid vc_custom_1768800104178 wd-rs-696dbf566a791\"><div class=\"wpb_column vc_column_container vc_col-sm-12\"><div class=\"vc_column-inner\"><div class=\"wpb_wrapper\">\n\t\t<div id=\"wd-696dd3879507b\" class=\"title-wrapper wd-wpb wd-set-mb reset-last-child  wd-rs-696dd3879507b wd-title-color-default wd-title-style-default text-left  wd-underline-colored\">\n\t\t\t\n\t\t\t<div class=\"liner-continer\">\n\t\t\t\t<h2 class=\"woodmart-title-container title  wd-font-weight- wd-fontsize-xl\" >Componentes OMRON de confianza<\/h2>\n\t\t\t\t\t\t\t<\/div>\n\t\t\t\n\t\t\t\t\t\t\t<div class=\"title-after_title reset-last-child  wd-fontsize-s\">LXB Semicon ofrece distribuci\u00f3n profesional de sensores, rel\u00e9s y productos de automatizaci\u00f3n de alto rendimiento de OMRON, garantizando un suministro estable para aplicaciones industriales.<\/div>\n\t\t\t\n\t\t\t\n\t\t<\/div>\n\t\t\n\t\t<\/div><\/div><\/div><\/div>\n<p>&nbsp;<\/p>\n<table width=\"3202\">\n<tbody>\n<tr>\n<td width=\"180\">Referencia<\/td>\n<td width=\"85\">Ficha de datos<\/td>\n<td width=\"113\">Fabricante<\/td>\n<td width=\"94\">Serie<\/td>\n<td width=\"151\">Tipo de rel\u00e9<\/td>\n<td width=\"142\">Formulario de contacto<\/td>\n<td width=\"180\">Tipo de bobina<\/td>\n<td width=\"170\">Tensi\u00f3n nominal de la bobina<\/td>\n<td width=\"142\">Resistencia de la bobina<\/td>\n<td width=\"113\">Corriente de la bobina<\/td>\n<td width=\"208\">Consumo de energ\u00eda de la bobina<\/td>\n<td width=\"227\">Capacidad de contacto (corriente)<\/td>\n<td width=\"227\">Capacidad de contacto (tensi\u00f3n)<\/td>\n<td width=\"198\">Tensi\u00f3n de conmutaci\u00f3n m\u00e1xima<\/td>\n<td width=\"236\">Material de contacto<\/td>\n<td width=\"170\">Tipo de montaje<\/td>\n<td width=\"104\">Terminaci\u00f3n<\/td>\n<td width=\"132\">N\u00famero de clavijas<\/td>\n<td width=\"198\">Temperatura de funcionamiento<\/td>\n<td width=\"132\">Certificaciones<\/td>\n<\/tr>\n<tr>\n<td><\/td>\n<td><\/td>\n<td><\/td>\n<td><\/td>\n<td><\/td>\n<td><\/td>\n<td><\/td>\n<td><\/td>\n<td><\/td>\n<td><\/td>\n<td><\/td>\n<td><\/td>\n<td><\/td>\n<td><\/td>\n<td><\/td>\n<td><\/td>\n<td><\/td>\n<td><\/td>\n<td><\/td>\n<td><\/td>\n<\/tr>\n<tr>\n<td>G6AK-274P-ST-US-DC5<\/td>\n<td><\/td>\n<td>OMRON<\/td>\n<td>Serie G6A<\/td>\n<td>Rel\u00e9 de se\u00f1al baja<\/td>\n<td>DPDT (2 Forma C)<\/td>\n<td>Enclavamiento, doble bobina<\/td>\n<td>5 VDC<\/td>\n<td>139 \u03a9<\/td>\n<td>36 mA (t\u00edp.)<\/td>\n<td>180 mW<\/td>\n<td>2 A m\u00e1x.<\/td>\n<td>125 VCA \/ 30 VCC<\/td>\n<td>250 VCA \/ 220 VCC<\/td>\n<td>Aleaci\u00f3n de plata chapada en oro<\/td>\n<td>Agujero pasante (PCB)<\/td>\n<td>PC Pin \/ So<\/td>\n<td><\/td>\n<td><\/td>\n<td><\/td>\n<\/tr>\n<\/tbody>\n<\/table>\n<\/div>","protected":false},"excerpt":{"rendered":"<p>&nbsp; Mfr Part Datasheet Manufacturer Series Relay Type Contact Form Coil Type Rated Coil Voltage Coil Resistance Coil Current Coil<\/p>","protected":false},"author":1,"featured_media":0,"parent":388,"menu_order":0,"comment_status":"closed","ping_status":"closed","template":"","meta":{"_acf_changed":false,"footnotes":""},"class_list":["post-10293","page","type-page","status-publish","hentry"],"acf":[],"aioseo_notices":[],"_links":{"self":[{"href":"https:\/\/www.lxbchip.com\/es\/wp-json\/wp\/v2\/pages\/10293","targetHints":{"allow":["GET"]}}],"collection":[{"href":"https:\/\/www.lxbchip.com\/es\/wp-json\/wp\/v2\/pages"}],"about":[{"href":"https:\/\/www.lxbchip.com\/es\/wp-json\/wp\/v2\/types\/page"}],"author":[{"embeddable":true,"href":"https:\/\/www.lxbchip.com\/es\/wp-json\/wp\/v2\/users\/1"}],"replies":[{"embeddable":true,"href":"https:\/\/www.lxbchip.com\/es\/wp-json\/wp\/v2\/comments?post=10293"}],"version-history":[{"count":0,"href":"https:\/\/www.lxbchip.com\/es\/wp-json\/wp\/v2\/pages\/10293\/revisions"}],"up":[{"embeddable":true,"href":"https:\/\/www.lxbchip.com\/es\/wp-json\/wp\/v2\/pages\/388"}],"wp:attachment":[{"href":"https:\/\/www.lxbchip.com\/es\/wp-json\/wp\/v2\/media?parent=10293"}],"curies":[{"name":"wp","href":"https:\/\/api.w.org\/{rel}","templated":true}]}}