{"id":10258,"date":"2026-01-15T14:52:22","date_gmt":"2026-01-15T06:52:22","guid":{"rendered":"https:\/\/www.lxbchip.com\/?page_id=10258"},"modified":"2026-04-09T01:38:30","modified_gmt":"2026-04-08T17:38:30","slug":"everspin","status":"publish","type":"page","link":"https:\/\/www.lxbchip.com\/es\/manufacturers\/everspin\/","title":{"rendered":"EVERSPIN"},"content":{"rendered":"<div class=\"wpb-content-wrapper\"><div class=\"vc_row wpb_row vc_row-fluid vc_custom_1768800104178 wd-rs-696dbf566a791\"><div class=\"wpb_column vc_column_container vc_col-sm-12\"><div class=\"vc_column-inner\"><div class=\"wpb_wrapper\">\n\t\t<div id=\"wd-696dcdb945d2d\" class=\"title-wrapper wd-wpb wd-set-mb reset-last-child  wd-rs-696dcdb945d2d wd-title-color-default wd-title-style-default text-left  wd-underline-colored\">\n\t\t\t\n\t\t\t<div class=\"liner-continer\">\n\t\t\t\t<h2 class=\"woodmart-title-container title  wd-font-weight- wd-fontsize-xl\" >EVERSPIN - Soluciones MRAM de alta fiabilidad<\/h2>\n\t\t\t\t\t\t\t<\/div>\n\t\t\t\n\t\t\t\t\t\t\t<div class=\"title-after_title reset-last-child  wd-fontsize-s\">LXB Semicon distribuye los productos MRAM de EVERSPIN para aplicaciones automotrices, industriales y embebidas. \u00danicamente abastecimiento de marca original - distribuci\u00f3n trazable, conforme y no de productos b\u00e1sicos.<\/div>\n\t\t\t\n\t\t\t\n\t\t<\/div>\n\t\t\n\t\t<\/div><\/div><\/div><\/div>\n<p>&nbsp;<\/p>\n<table width=\"3679\">\n<tbody>\n<tr>\n<td width=\"142\">Referencia<\/td>\n<td width=\"85\">Ficha de datos<\/td>\n<td width=\"113\">Fabricante<\/td>\n<td width=\"255\">Tipo<\/td>\n<td width=\"132\">Tama\u00f1o de la memoria<\/td>\n<td width=\"113\">Organizaci\u00f3n<\/td>\n<td width=\"104\">Tiempo de acceso<\/td>\n<td width=\"312\">Interfaz<\/td>\n<td width=\"161\">Tensi\u00f3n de funcionamiento<\/td>\n<td width=\"161\">Temperatura<\/td>\n<td width=\"113\">Tipo de envase<\/td>\n<td width=\"142\">Frecuencia de reloj<\/td>\n<td width=\"217\">Resistencia<\/td>\n<td width=\"151\">Duraci\u00f3n del ciclo de escritura<\/td>\n<td width=\"151\">Conservaci\u00f3n de datos<\/td>\n<td width=\"161\">Corriente de funcionamiento<\/td>\n<td width=\"142\">Corriente de espera<\/td>\n<td width=\"142\">Leer la actualidad<\/td>\n<td width=\"180\">Embalaje<\/td>\n<td width=\"132\">Conformidad<\/td>\n<td width=\"42\">I2C<\/td>\n<td width=\"42\">UART<\/td>\n<td width=\"42\">SDIO<\/td>\n<td width=\"274\">Seguridad<\/td>\n<td width=\"66\">Paquete<\/td>\n<td width=\"104\">Dimensiones<\/td>\n<\/tr>\n<tr>\n<td><\/td>\n<td><\/td>\n<td><\/td>\n<td><\/td>\n<td><\/td>\n<td><\/td>\n<td><\/td>\n<td><\/td>\n<td><\/td>\n<td><\/td>\n<td><\/td>\n<td><\/td>\n<td><\/td>\n<td><\/td>\n<td><\/td>\n<td><\/td>\n<td><\/td>\n<td><\/td>\n<td><\/td>\n<td><\/td>\n<td><\/td>\n<td><\/td>\n<td><\/td>\n<td><\/td>\n<td><\/td>\n<td><\/td>\n<\/tr>\n<tr>\n<td>ESP32-WROOM-32D<\/td>\n<td><\/td>\n<td>EVERSPIN<\/td>\n<td>MRAM (RAM magnetorresistiva)<\/td>\n<td>256 Mb (32 MB)<\/td>\n<td>32 Meg x 8<\/td>\n<td>35 ns (m\u00e1x.)<\/td>\n<td>SPI (Interfaz perif\u00e9rica serie)<\/td>\n<td>1,8 V a 3,6 V<\/td>\n<td>-40\u00b0C a 125\u00b0C<\/td>\n<td>TFBGA-48<\/td>\n<td>100 MHz (m\u00e1x.)<\/td>\n<td>10^14 ciclos de lectura\/escritura<\/td>\n<td>50 ns (t\u00edpico)<\/td>\n<td>20 a\u00f1os a 85\u00b0C<\/td>\n<td>25 mA (t\u00edpico)<\/td>\n<td>10 \u00b5A (t\u00edpico)<\/td>\n<td>25 mA (t\u00edpico)<\/td>\n<td>Cinta y carrete, bandeja<\/td>\n<td>Conforme a RoHS<\/td>\n<td>S\u00ed<\/td>\n<td>S\u00ed<\/td>\n<td>S\u00ed<\/td>\n<td>Arranque seguro, cifrado flash<\/td>\n<td>QFN48<\/td>\n<td>18 mm x 18 mm<\/td>\n<\/tr>\n<\/tbody>\n<\/table>\n<\/div>","protected":false},"excerpt":{"rendered":"<p>&nbsp; Mfr Part Datasheet Manufacturer Type Memory Size Organization Access Time Interface Operating Voltage Temperature Range Package Type Clock Frequency<\/p>","protected":false},"author":1,"featured_media":0,"parent":388,"menu_order":0,"comment_status":"closed","ping_status":"closed","template":"","meta":{"_acf_changed":false,"footnotes":""},"class_list":["post-10258","page","type-page","status-publish","hentry"],"acf":[],"aioseo_notices":[],"_links":{"self":[{"href":"https:\/\/www.lxbchip.com\/es\/wp-json\/wp\/v2\/pages\/10258","targetHints":{"allow":["GET"]}}],"collection":[{"href":"https:\/\/www.lxbchip.com\/es\/wp-json\/wp\/v2\/pages"}],"about":[{"href":"https:\/\/www.lxbchip.com\/es\/wp-json\/wp\/v2\/types\/page"}],"author":[{"embeddable":true,"href":"https:\/\/www.lxbchip.com\/es\/wp-json\/wp\/v2\/users\/1"}],"replies":[{"embeddable":true,"href":"https:\/\/www.lxbchip.com\/es\/wp-json\/wp\/v2\/comments?post=10258"}],"version-history":[{"count":0,"href":"https:\/\/www.lxbchip.com\/es\/wp-json\/wp\/v2\/pages\/10258\/revisions"}],"up":[{"embeddable":true,"href":"https:\/\/www.lxbchip.com\/es\/wp-json\/wp\/v2\/pages\/388"}],"wp:attachment":[{"href":"https:\/\/www.lxbchip.com\/es\/wp-json\/wp\/v2\/media?parent=10258"}],"curies":[{"name":"wp","href":"https:\/\/api.w.org\/{rel}","templated":true}]}}