{"id":71,"date":"2025-11-10T16:26:52","date_gmt":"2025-11-10T08:26:52","guid":{"rendered":"https:\/\/www.lxbchip.com\/?post_type=product&#038;p=71"},"modified":"2026-01-28T11:01:00","modified_gmt":"2026-01-28T03:01:00","slug":"xc4vfx100-11ffg1517c","status":"publish","type":"product","link":"https:\/\/www.lxbchip.com\/de\/products\/xc4vfx100-11ffg1517c\/","title":{"rendered":"XC4VFX100-11FFG1517C"},"content":{"rendered":"<table id=\"table_1\" class=\"scroll display nowrap data-t data-t wpDataTable wpDataTableID-8 dataTable\" data-described-by=\"table_1_desc\" data-wpdatatable_id=\"8\" aria-describedby=\"table_1_info\">\n<thead>\n<tr>\n<th class=\"wdtheader sort expand column-modelpn sorting\" tabindex=\"0\" colspan=\"1\" rowspan=\"1\" data-class=\"expand\" aria-controls=\"table_1\" aria-label=\" Modell P\/Nundefined\">MODELL P\/N<\/th>\n<th class=\"wdtheader sort column-series sorting\" tabindex=\"0\" colspan=\"1\" rowspan=\"1\" aria-controls=\"table_1\" aria-label=\" Serieundefined\">SERIE<\/th>\n<th class=\"wdtheader sort numdata float column-numberoflabsclbs sorting\" tabindex=\"0\" colspan=\"1\" rowspan=\"1\" aria-controls=\"table_1\" aria-label=\" Anzahl der LABs\/CLBsundefined\">ANZAHL DER LABORE\/KLINIKEN<\/th>\n<th class=\"wdtheader sort numdata float column-speedgrade sorting\" tabindex=\"0\" colspan=\"1\" rowspan=\"1\" aria-controls=\"table_1\" aria-label=\" GeschwindigkeitsgradDefiniert\">GESCHWINDIGKEITSSTUFE<\/th>\n<th class=\"wdtheader sort column-numberoflogicelementscells sorting sorting_asc\" tabindex=\"0\" colspan=\"1\" rowspan=\"1\" aria-controls=\"table_1\" aria-label=\" Anzahl der Logikelemente \/ Zellenundefined\" aria-sort=\"ascending\">ANZAHL DER LOGIKELEMENTE \/ ZELLEN<\/th>\n<th class=\"wdtheader sort column-totalrambits sorting\" tabindex=\"0\" colspan=\"1\" rowspan=\"1\" aria-controls=\"table_1\" aria-label=\" Total RAM Bitsundefined\">RAM-BITS INSGESAMT<\/th>\n<th class=\"wdtheader sort numdata integer column-numberofio sorting\" tabindex=\"0\" colspan=\"1\" rowspan=\"1\" aria-controls=\"table_1\" aria-label=\" Anzahl der E\/A unbestimmt\">ANZAHL DER E\/A<\/th>\n<th class=\"wdtheader sort column-voltagesupply sorting\" tabindex=\"0\" colspan=\"1\" rowspan=\"1\" aria-controls=\"table_1\" aria-label=\" Spannung - Versorgungundefiniert\">SPANNUNG - VERSORGUNG<\/th>\n<th class=\"wdtheader sort column-mountingtype sorting\" tabindex=\"0\" colspan=\"1\" rowspan=\"1\" aria-controls=\"table_1\" aria-label=\" Montageartundefined\">BEFESTIGUNGSTYP<\/th>\n<th class=\"wdtheader sort column-operatingtemperature sorting\" tabindex=\"0\" colspan=\"1\" rowspan=\"1\" aria-controls=\"table_1\" aria-label=\" BetriebstemperaturUndefiniert\">BETRIEBSTEMPERATUR<\/th>\n<th class=\"wdtheader sort column-packagecase sorting\" tabindex=\"0\" colspan=\"1\" rowspan=\"1\" aria-controls=\"table_1\" aria-label=\" Paket \/ Koffer definiert\">VERPACKUNG \/ KASSE<\/th>\n<th class=\"wdtheader sort column-supplierdevicepackage sorting\" tabindex=\"0\" colspan=\"1\" rowspan=\"1\" aria-controls=\"table_1\" aria-label=\" Lieferant Ger\u00e4tepaketundefiniert\">LIEFERANT GER\u00c4TEPAKET<\/th>\n<\/tr>\n<\/thead>\n<tbody>\n<tr class=\"odd\">\n<td class=\"expand column-modelpn\"><a href=\"https:\/\/www.lxbchip.com\/de\/products\/xc4vfx100-11ffg1517c\/\" target=\"_blank\" rel=\"noopener\">XC4VFX100-11FFG1517C<\/a><\/td>\n<td class=\"column-series\">Virtex-4 FX<\/td>\n<td class=\"numdata float column-numberoflabsclbs\">11,81<\/td>\n<td class=\"numdata float column-speedgrade\">-11,00<\/td>\n<td class=\"column-numberoflogicelementscells sorting_1\">47.232 Logik-Zellen<\/td>\n<td class=\"column-totalrambits\">6.048 Kbits<\/td>\n<td class=\"numdata integer column-numberofio\">768<\/td>\n<td class=\"column-voltagesupply\">1,14V ~ 1,26V<\/td>\n<td class=\"column-mountingtype\">SMD<\/td>\n<td class=\"column-operatingtemperature\">Handels\u00fcblich (0\u00b0C ~ +85\u00b0C)<\/td>\n<td class=\"column-packagecase\">1517-BGA<\/td>\n<td class=\"column-supplierdevicepackage\">FFG1517<\/td>\n<\/tr>\n<\/tbody>\n<\/table>\n<p><span style=\"color: #000080;\"><strong>XC4VFX100-11FFG1517C FPGA | Xilinx Virtex-4 FX100 PowerPC | Industrielle FPGA Lieferanten<\/strong><\/span><\/p>\n<p><span style=\"color: #000080;\"><strong>XC4VFX100-11FFG1517C<\/strong> <\/span>ist ein hochleistungsf\u00e4higes Xilinx Virtex-4 FPGA mit eingebauten PowerPC-Prozessoren - entwickelt f\u00fcr Anwendungen, die eine umfangreiche Datenverarbeitung, Hochgeschwindigkeitsschnittstellen und eine zuverl\u00e4ssige Leistung ben\u00f6tigen.<\/p>\n<p>\ud83d\udc49 Es handelt sich nicht um ein \u201ckleines Steuerungs-FPGA\u201d.<br \/>\n\ud83d\udc49 Es handelt sich um ein FPGA-Arbeitspferd f\u00fcr Telekommunikation, industrielle Netzwerke und Embedded Computing.<\/p>\n<p data-start=\"1177\" data-end=\"1221\"><strong><span style=\"color: #000080;\">Hauptmerkmale des XC4VFX100 Industrial FPGA<\/span><\/strong><\/p>\n<p data-start=\"1223\" data-end=\"1324\">Ingenieure und Systementwickler w\u00e4hlen die <a href=\"https:\/\/www.lxbchip.com\/de\/?s=XC4VFX100&amp;post_type=product\"><strong data-start=\"1265\" data-end=\"1294\">XC4VFX100<\/strong><\/a> Industrie<strong data-start=\"1265\" data-end=\"1294\"> FPGA<\/strong> f\u00fcr die folgenden Vorteile:<\/p>\n<ul data-start=\"1326\" data-end=\"1654\">\n<li data-start=\"1326\" data-end=\"1371\">\n<p data-start=\"1328\" data-end=\"1371\">Zwei eingebettete PowerPC 405-Prozessorkerne<\/p>\n<\/li>\n<li data-start=\"1372\" data-end=\"1420\">\n<p data-start=\"1374\" data-end=\"1420\">Hohe Logikdichte f\u00fcr komplexe FPGA-Designs<\/p>\n<\/li>\n<li data-start=\"1421\" data-end=\"1478\">\n<p data-start=\"1423\" data-end=\"1478\">Serielle Hochgeschwindigkeits-Transceiver f\u00fcr die Datenkommunikation<\/p>\n<\/li>\n<li data-start=\"1479\" data-end=\"1530\">\n<p data-start=\"1481\" data-end=\"1530\">-11 Geschwindigkeitsstufe f\u00fcr verbesserte Zeitmessungsleistung<\/p>\n<\/li>\n<li data-start=\"1531\" data-end=\"1584\">\n<p data-start=\"1533\" data-end=\"1584\">FFG1517 Flip-Chip-BGA-Geh\u00e4use mit hoher E\/A-Zahl<\/p>\n<\/li>\n<li data-start=\"1585\" data-end=\"1654\">\n<p data-start=\"1587\" data-end=\"1654\">Stabile, langlebige Unterst\u00fctzung f\u00fcr industrielle und \u00e4ltere Plattformen<\/p>\n<\/li>\n<\/ul>\n<p><strong><span style=\"color: #000080;\">Typische Anwendungen<\/span><\/strong><\/p>\n<ul>\n<li data-start=\"1433\" data-end=\"1480\">\n<p data-start=\"1435\" data-end=\"1480\">Telekommunikations-Basisstationen und Netzausr\u00fcstung<\/p>\n<\/li>\n<li data-start=\"1481\" data-end=\"1529\">\n<p data-start=\"1483\" data-end=\"1529\">Industrielle Ethernet-Switches und -Steuerungen<\/p>\n<\/li>\n<li data-start=\"1530\" data-end=\"1563\">\n<p data-start=\"1532\" data-end=\"1563\">Radar und Verteidigungselektronik<\/p>\n<\/li>\n<li data-start=\"1564\" data-end=\"1605\">\n<p data-start=\"1566\" data-end=\"1605\">Eingebettete High-End-Computerplattformen<\/p>\n<\/li>\n<li data-start=\"1606\" data-end=\"1656\">\n<p data-start=\"1608\" data-end=\"1656\">Systeme zur Datenerfassung und Signalverarbeitung<\/p>\n<\/li>\n<\/ul>\n<p><a href=\"https:\/\/www.lxbchip.com\/de\/company-overview\/\">LXB Halbleiter<\/a> liefert Original <strong data-start=\"3094\" data-end=\"3123\">XC4VFX100-11FFG1517C FPGA<\/strong><\/p>","protected":false},"excerpt":{"rendered":"<p><strong>Hersteller:<\/strong> Xilinx<br \/>\n<strong>Logische Zellen:<\/strong> 100,176<br \/>\n<strong>Logische Schnitte:<\/strong> 44,160<br \/>\n<strong>Eingebettetes RAM (eRAM):<\/strong> 3.312 Kb (184 \u00d7 18Kb Block RAM)<br \/>\n<strong>Paket:<\/strong> FFG1517 (Flip-Chip BGA)<br \/>\n<strong>Betriebstemperatur:<\/strong> Handels\u00fcblich (0\u00b0C bis +85\u00b0C)<\/p>","protected":false},"featured_media":5486,"template":"","meta":{"_acf_changed":false,"jetpack_publicize_message":"","jetpack_publicize_feature_enabled":true,"jetpack_social_post_already_shared":false,"jetpack_social_options":{"image_generator_settings":{"template":"highway","default_image_id":0,"font":"","enabled":false},"version":2}},"product_brand":[68],"product_cat":[21],"product_tag":[],"class_list":{"0":"post-71","1":"product","2":"type-product","3":"status-publish","4":"has-post-thumbnail","6":"product_brand-xilinx","7":"product_cat-xilinx","9":"first","10":"instock","11":"shipping-taxable","12":"product-type-simple"},"acf":[],"aioseo_notices":[],"jetpack_publicize_connections":[],"_links":{"self":[{"href":"https:\/\/www.lxbchip.com\/de\/wp-json\/wp\/v2\/product\/71","targetHints":{"allow":["GET"]}}],"collection":[{"href":"https:\/\/www.lxbchip.com\/de\/wp-json\/wp\/v2\/product"}],"about":[{"href":"https:\/\/www.lxbchip.com\/de\/wp-json\/wp\/v2\/types\/product"}],"wp:featuredmedia":[{"embeddable":true,"href":"https:\/\/www.lxbchip.com\/de\/wp-json\/wp\/v2\/media\/5486"}],"wp:attachment":[{"href":"https:\/\/www.lxbchip.com\/de\/wp-json\/wp\/v2\/media?parent=71"}],"wp:term":[{"taxonomy":"product_brand","embeddable":true,"href":"https:\/\/www.lxbchip.com\/de\/wp-json\/wp\/v2\/product_brand?post=71"},{"taxonomy":"product_cat","embeddable":true,"href":"https:\/\/www.lxbchip.com\/de\/wp-json\/wp\/v2\/product_cat?post=71"},{"taxonomy":"product_tag","embeddable":true,"href":"https:\/\/www.lxbchip.com\/de\/wp-json\/wp\/v2\/product_tag?post=71"}],"curies":[{"name":"wp","href":"https:\/\/api.w.org\/{rel}","templated":true}]}}