{"id":8559,"date":"2025-12-15T21:11:46","date_gmt":"2025-12-15T13:11:46","guid":{"rendered":"https:\/\/www.lxbchip.com\/?page_id=8559"},"modified":"2025-12-20T16:13:21","modified_gmt":"2025-12-20T08:13:21","slug":"sensors-for-transportation","status":"publish","type":"page","link":"https:\/\/www.lxbchip.com\/de\/sensors-for-transportation\/","title":{"rendered":"Sensoren f\u00fcr den Transport"},"content":{"rendered":"<div class=\"wpb-content-wrapper\"><div class=\"vc_row wpb_row vc_row-fluid vc_custom_1765779186129 wd-rs-693fa6ea5c73f\"><div class=\"wpb_column vc_column_container vc_col-sm-12 wd-rs-63514c8260958\"><div class=\"vc_column-inner vc_custom_1666272391679\"><div class=\"wpb_wrapper\">\n\t\t<div id=\"wd-69465a7d8bec2\" class=\"title-wrapper wd-wpb wd-set-mb reset-last-child  wd-rs-69465a7d8bec2 wd-title-color-default wd-title-style-default text-center  wd-underline-colored\">\n\t\t\t\n\t\t\t<div class=\"liner-continer\">\n\t\t\t\t<h4 class=\"woodmart-title-container title  wd-font-weight- wd-fontsize-m\" >Sensoren f\u00fcr den Transport<\/h4>\n\t\t\t\t\t\t\t<\/div>\n\t\t\t\n\t\t\t\t\t\t\t<div class=\"title-after_title reset-last-child  wd-fontsize-xs\">Vertrauensw\u00fcrdige elektronische Komponenten und Unterst\u00fctzung der Lieferkette f\u00fcr vernetzte Systeme.<\/div>\n\t\t\t\n\t\t\t\n\t\t<\/div>\n\t\t\n\t\t\t\t<div id=\"wd-6940e04c6fbb5\" class=\"wd-image wd-wpb wd-rs-6940e04c6fbb5 text-center\">\n\t\t\t\n\t\t\t<img loading=\"lazy\" decoding=\"async\" width=\"600\" height=\"343\" src=\"https:\/\/www.lxbchip.com\/wp-content\/uploads\/2025\/12\/speeding-carsi.jpg\" class=\"attachment-600x343 size-600x343\" alt=\"\" srcset=\"https:\/\/www.lxbchip.com\/wp-content\/uploads\/2025\/12\/speeding-carsi.jpg 600w, https:\/\/www.lxbchip.com\/wp-content\/uploads\/2025\/12\/speeding-carsi-150x86.jpg 150w, https:\/\/www.lxbchip.com\/wp-content\/uploads\/2025\/12\/speeding-carsi-300x172.jpg 300w, https:\/\/www.lxbchip.com\/wp-content\/uploads\/2025\/12\/speeding-carsi-18x10.jpg 18w\" sizes=\"auto, (max-width: 600px) 100vw, 600px\" \/>\n\t\t\t\t\t<\/div>\n\t\t\t\t<div id=\"wd-69465a97724e3\" class=\"wd-text-block wd-wpb reset-last-child wd-rs-69465a97724e3 text-center vc_custom_1766218398378\">\n\t\t\t<div class=\"flex flex-col text-sm @w-xl\/main:pt-header-height pb-25\">\n<article class=\"text-token-text-primary w-full focus:outline-none &#091;--shadow-height:45px&#093; has-data-writing-block:pointer-events-none has-data-writing-block:-mt-(--shadow-height) has-data-writing-block:pt-(--shadow-height) &#091;&amp;:has(&#091;data-writing-block&#093;)&gt;*&#093;:pointer-events-auto scroll-mt-&#091;calc(var(--header-height)+min(200px,max(70px,20svh)))&#093;\" dir=\"auto\" tabindex=\"-1\" data-turn-id=\"request-WEB:4df86dff-3bf5-4179-906a-0ffa94fce0a2-4\" data-testid=\"conversation-turn-10\" data-scroll-anchor=\"true\" data-turn=\"assistant\">\n<div class=\"text-base my-auto mx-auto pb-10 &#091;--thread-content-margin:--spacing(4)&#093; @w-sm\/main:&#091;--thread-content-margin:--spacing(6)&#093; @w-lg\/main:&#091;--thread-content-margin:--spacing(16)&#093; px-(--thread-content-margin)\">\n<div class=\"&#091;--thread-content-max-width:40rem&#093; @w-lg\/main:&#091;--thread-content-max-width:48rem&#093; mx-auto max-w-(--thread-content-max-width) flex-1 group\/turn-messages focus-visible:outline-hidden relative flex w-full min-w-0 flex-col agent-turn\" tabindex=\"-1\">\n<div class=\"flex max-w-full flex-col grow\">\n<div class=\"min-h-8 text-message relative flex w-full flex-col items-end gap-2 text-start break-words whitespace-normal &#091;.text-message+&amp;&#093;:mt-1\" dir=\"auto\" data-message-author-role=\"assistant\" data-message-id=\"27b267f3-ab48-4550-8cfe-e692a4c37bff\" data-message-model-slug=\"gpt-5-2\">\n<div class=\"flex w-full flex-col gap-1 empty:hidden first:pt-&#091;1px&#093;\">\n<div class=\"markdown prose dark:prose-invert w-full break-words light markdown-new-styling\">\n<p data-start=\"345\" data-end=\"772\">Mit der Weiterentwicklung von Fahrerassistenzsystemen (ADAS) und autonomen Fahrtechnologien sind moderne Fahrzeuge zunehmend auf pr\u00e4zise und zuverl\u00e4ssige Sensorarchitekturen angewiesen, um Sicherheit, Navigation und Entscheidungsfindung in Echtzeit zu unterst\u00fctzen. Von der Erkennung von Hindernissen im Nahbereich bis hin zur Wahrnehmung der Umgebung \u00fcber gro\u00dfe Entfernungen wirkt sich die Sensorleistung direkt auf die Zuverl\u00e4ssigkeit des Systems und die Fahrzeugsicherheit aus.<\/p>\n<p data-start=\"345\" data-end=\"772\">Gegr\u00fcndet im Jahr 2008, <span style=\"color: #000000;\"><strong>Shenzhen Lianxinbang (LXB Semicon) Technology Co, Ltd.<\/strong><\/span> hat eine langj\u00e4hrige Erfahrung in der Unterst\u00fctzung von Sensorplattformen f\u00fcr die Automobil- und Transportindustrie mit hochzuverl\u00e4ssigen Halbleiterl\u00f6sungen und stabilen globalen Lieferkapazit\u00e4ten aufgebaut. Unser Team arbeitet eng mit Tier-1-Lieferanten, Systemintegratoren und OEM-Partnern zusammen, um die Kontinuit\u00e4t der Komponenten von der fr\u00fchen Designvalidierung bis zur Massenproduktion sicherzustellen.<\/p>\n<\/div>\n<\/div>\n<\/div>\n<\/div>\n<div class=\"mt-3 w-full empty:hidden\">\n<div class=\"text-center\"><\/div>\n<\/div>\n<\/div>\n<\/div>\n<\/article>\n<\/div>\n<div class=\"pointer-events-none h-px w-px absolute bottom-0\" aria-hidden=\"true\" data-edge=\"true\"><\/div>\n\t\t<\/div>\n\t\t<\/div><\/div><\/div><\/div><div class=\"vc_row wpb_row vc_row-fluid vc_custom_1666272691679 wd-rs-63514da96d73a\"><div class=\"wpb_column vc_column_container vc_col-sm-12 wd-rs-6940e086d597f\"><div class=\"vc_column-inner vc_custom_1765859512858\"><div class=\"wpb_wrapper\">\n\t\t<div id=\"wd-6940e07c1512c\" class=\"title-wrapper wd-wpb wd-set-mb reset-last-child  wd-rs-6940e07c1512c wd-title-color-default wd-title-style-default text-left vc_custom_1765859567734 wd-underline-colored\">\n\t\t\t\n\t\t\t<div class=\"liner-continer\">\n\t\t\t\t<h4 class=\"woodmart-title-container title  wd-font-weight- wd-fontsize-m\" >Anwendungen f\u00fcr Abstands- und Positionierungssensoren<\/h4>\n\t\t\t\t\t\t\t<\/div>\n\t\t\t\n\t\t\t\n\t\t\t\n\t\t<\/div>\n\t\t\n\t\t\t\t<div id=\"wd-6940e0dcb6159\" class=\"wd-text-block wd-wpb reset-last-child wd-rs-6940e0dcb6159 text-left vc_custom_1765859586844\">\n\t\t\t<p>In Verkehrssystemen werden in der Regel mehrere Sensortechnologien zusammen eingesetzt, um Redundanz und Genauigkeit zu erreichen:<\/p>\n\t\t<\/div>\n\t\t\t\t\t<div id=\"carousel-302\" class=\"wd-carousel-container info-box-carousel-wrapper wd-wpb  vc_custom_1765778087335 wd-rs-693fa295581c3\">\n\t\t\t\t<div class=\"wd-carousel-inner\">\n\t\t\t\t\t<div class=\"wd-carousel wd-grid info-box-carousel\" data-scroll_per_page=\"yes\" style=\"--wd-col-lg:4;--wd-col-md:4;--wd-col-sm:1;--wd-gap-lg:10px;\">\n\t\t\t\t\t\t<div class=\"wd-carousel-wrap\">\n\t\t\t\t\t\t\t\t\t\t<div class=\"info-box-wrapper wd-carousel-item\">\n\t\t\t\t<div id=\"wd-6940e10ff3e44\" class=\"wd-rs-6940e10ff3e44 wd-info-box wd-wpb text-center box-icon-align-top box-style- color-scheme- wd-bg-none vc_custom_1765859621156\">\n\t\t\t\t\t\t\t\t\t\t\t<div class=\"box-icon-wrapper  box-with-icon box-icon-simple\">\n\t\t\t\t\t\t\t<div class=\"info-box-icon\">\n\n\t\t\t\t\t\t\t\n\t\t\t\t\t\t\t\t\t\t\t\t\t\t\t\t\t<div class=\"info-svg-wrapper\" style=\"width: 64px;height: 64px;\"><img decoding=\"async\"  src=\"https:\/\/www.lxbchip.com\/wp-content\/themes\/woodmart\/images\/lazy.svg\" data-src=\"https:\/\/www.lxbchip.com\/wp-content\/uploads\/2025\/12\/logitech-g735-icon-1-1.svg\" loading=\"lazy\" width=\"64\" height=\"64\"><\/div>\t\t\t\t\t\t\t\t\t\t\t\t\t\t\t\n\t\t\t\t\t\t\t<\/div>\n\t\t\t\t\t\t<\/div>\n\t\t\t\t\t\t\t\t\t\t<div class=\"info-box-content\">\n\t\t\t\t\t\t<h4 class=\"info-box-title title box-title-style-default wd-fontsize-m\">Radar-Sensoren<\/h4>\t\t\t\t\t\t<div class=\"info-box-inner reset-last-child\"><p>Radarmodule nutzen Hochfrequenzsignale, um Fahrzeuge, Fu\u00dfg\u00e4nger und Hindernisse vor und um das Fahrzeug zu erkennen. Aufgrund ihrer hohen Leistungsf\u00e4higkeit bei ung\u00fcnstigen Witterungsbedingungen werden sie h\u00e4ufig f\u00fcr adaptive Geschwindigkeitsregelungen, Toter-Winkel-Erkennung und Kollisionswarnsysteme eingesetzt.<\/p>\n<\/div>\n\n\t\t\t\t\t\t\t\t\t\t\t<\/div>\n\n\t\t\t\t\t\n\t\t\t\t\t\t\t\t\t<\/div>\n\t\t\t<\/div>\n\t\t\t\t\t<div class=\"info-box-wrapper wd-carousel-item\">\n\t\t\t\t<div id=\"wd-6940e12a0dd30\" class=\"wd-rs-6940e12a0dd30 wd-info-box wd-wpb text-center box-icon-align-top box-style- color-scheme- wd-bg-none vc_custom_1765859642858\">\n\t\t\t\t\t\t\t\t\t\t\t<div class=\"box-icon-wrapper  box-with-icon box-icon-simple\">\n\t\t\t\t\t\t\t<div class=\"info-box-icon\">\n\n\t\t\t\t\t\t\t\n\t\t\t\t\t\t\t\t\t\t\t\t\t\t\t\t\t<div class=\"info-svg-wrapper\" style=\"width: 64px;height: 64px;\"><img decoding=\"async\"  src=\"https:\/\/www.lxbchip.com\/wp-content\/themes\/woodmart\/images\/lazy.svg\" data-src=\"https:\/\/www.lxbchip.com\/wp-content\/uploads\/2025\/12\/logitech-g735-icon-2-1.svg\" loading=\"lazy\" width=\"64\" height=\"64\"><\/div>\t\t\t\t\t\t\t\t\t\t\t\t\t\t\t\n\t\t\t\t\t\t\t<\/div>\n\t\t\t\t\t\t<\/div>\n\t\t\t\t\t\t\t\t\t\t<div class=\"info-box-content\">\n\t\t\t\t\t\t<h4 class=\"info-box-title title box-title-style-default wd-fontsize-m\">LiDAR-Sensoren<\/h4>\t\t\t\t\t\t<div class=\"info-box-inner reset-last-child\"><p>LiDAR-Systeme messen Entfernungen, indem sie Laserpulse aussenden und das reflektierte Licht analysieren. Sie erm\u00f6glichen eine hochaufl\u00f6sende 3D-Kartierung und sind f\u00fcr autonome Fahrplattformen zur Objekterkennung und pr\u00e4zisen Umgebungsmodellierung unerl\u00e4sslich.<\/p>\n<\/div>\n\n\t\t\t\t\t\t\t\t\t\t\t<\/div>\n\n\t\t\t\t\t\n\t\t\t\t\t\t\t\t\t<\/div>\n\t\t\t<\/div>\n\t\t\t\t\t<div class=\"info-box-wrapper wd-carousel-item\">\n\t\t\t\t<div id=\"wd-6940e140d5e59\" class=\"wd-rs-6940e140d5e59 wd-info-box wd-wpb text-center box-icon-align-top box-style- color-scheme- wd-bg-none vc_custom_1765859668797\">\n\t\t\t\t\t\t\t\t\t\t\t<div class=\"box-icon-wrapper  box-with-icon box-icon-simple\">\n\t\t\t\t\t\t\t<div class=\"info-box-icon\">\n\n\t\t\t\t\t\t\t\n\t\t\t\t\t\t\t\t\t\t\t\t\t\t\t\t\t<div class=\"info-svg-wrapper\" style=\"width: 64px;height: 64px;\"><img decoding=\"async\"  src=\"https:\/\/www.lxbchip.com\/wp-content\/themes\/woodmart\/images\/lazy.svg\" data-src=\"https:\/\/www.lxbchip.com\/wp-content\/uploads\/2025\/12\/logitech-g735-icon-3-1.svg\" loading=\"lazy\" width=\"64\" height=\"64\"><\/div>\t\t\t\t\t\t\t\t\t\t\t\t\t\t\t\n\t\t\t\t\t\t\t<\/div>\n\t\t\t\t\t\t<\/div>\n\t\t\t\t\t\t\t\t\t\t<div class=\"info-box-content\">\n\t\t\t\t\t\t<h4 class=\"info-box-title title box-title-style-default wd-fontsize-m\">Ultraschall-Sensoren<\/h4>\t\t\t\t\t\t<div class=\"info-box-inner reset-last-child\"><p>Ultraschallsensoren werden h\u00e4ufig f\u00fcr die Erkennung im Nahbereich eingesetzt, z. B. bei der Einparkhilfe, der Kollisionsvermeidung bei geringer Geschwindigkeit und bei automatischen Parksystemen. Ihre Zuverl\u00e4ssigkeit und Kosteneffizienz machen sie zu einer Standardl\u00f6sung f\u00fcr die Nahbereichserfassung.<\/p>\n<\/div>\n\n\t\t\t\t\t\t\t\t\t\t\t<\/div>\n\n\t\t\t\t\t\n\t\t\t\t\t\t\t\t\t<\/div>\n\t\t\t<\/div>\n\t\t\t\t\t<div class=\"info-box-wrapper wd-carousel-item\">\n\t\t\t\t<div id=\"wd-6940e158e2704\" class=\"wd-rs-6940e158e2704 wd-info-box wd-wpb text-center box-icon-align-top box-style- color-scheme- wd-bg-none vc_custom_1765859687413\">\n\t\t\t\t\t\t\t\t\t\t\t<div class=\"box-icon-wrapper  box-with-icon box-icon-simple\">\n\t\t\t\t\t\t\t<div class=\"info-box-icon\">\n\n\t\t\t\t\t\t\t\n\t\t\t\t\t\t\t\t\t\t\t\t\t\t\t\t\t<div class=\"info-svg-wrapper\" style=\"width: 64px;height: 64px;\"><img decoding=\"async\"  src=\"https:\/\/www.lxbchip.com\/wp-content\/themes\/woodmart\/images\/lazy.svg\" data-src=\"https:\/\/www.lxbchip.com\/wp-content\/uploads\/2025\/12\/logitech-g735-icon-3-1.svg\" loading=\"lazy\" width=\"64\" height=\"64\"><\/div>\t\t\t\t\t\t\t\t\t\t\t\t\t\t\t\n\t\t\t\t\t\t\t<\/div>\n\t\t\t\t\t\t<\/div>\n\t\t\t\t\t\t\t\t\t\t<div class=\"info-box-content\">\n\t\t\t\t\t\t<h4 class=\"info-box-title title box-title-style-default wd-fontsize-m\">GPS- und Ortungsmodule<\/h4>\t\t\t\t\t\t<div class=\"info-box-inner reset-last-child\"><p>Die GPS-Technologie erm\u00f6glicht eine genaue Fahrzeugpositionierung und unterst\u00fctzt Navigation, Flottenmanagement und erweiterte Fahrerassistenzfunktionen. In Kombination mit Inertialsensoren wird die Positionsgenauigkeit in st\u00e4dtischen und dynamischen Umgebungen verbessert.<\/p>\n<\/div>\n\n\t\t\t\t\t\t\t\t\t\t\t<\/div>\n\n\t\t\t\t\t\n\t\t\t\t\t\t\t\t\t<\/div>\n\t\t\t<\/div>\n\t\t\t\t\t\t\t\t<\/div>\n\t\t\t\t\t<\/div>\n\n\t\t\t\t\t\t\t\t\t\t\t\t\t<div class=\"wd-nav-arrows wd-pos-sep wd-hover-1 wd-icon-1\">\n\t\t\t<div class=\"wd-btn-arrow wd-prev wd-disabled\">\n\t\t\t\t<div class=\"wd-arrow-inner\"><\/div>\n\t\t\t<\/div>\n\t\t\t<div class=\"wd-btn-arrow wd-next\">\n\t\t\t\t<div class=\"wd-arrow-inner\"><\/div>\n\t\t\t<\/div>\n\t\t<\/div>\n\t\t\t\t\t\t\t\t\t\t\t<\/div>\n\n\t\t\t\t\t\t\t\t\t\t\t<\/div>\n\t\t<\/div><\/div><\/div><\/div><div class=\"vc_row wpb_row vc_row-fluid wd-rs-6377819b27d07\"><div class=\"wpb_column vc_column_container vc_col-sm-12 wd-rs-63514db6c5d19\"><div class=\"vc_column-inner vc_custom_1666272699823\"><div class=\"wpb_wrapper\">\n\t\t<div id=\"wd-6940e183a0c82\" class=\"title-wrapper wd-wpb wd-set-mb reset-last-child  wd-rs-6940e183a0c82 wd-title-color-default wd-title-style-default text-left vc_custom_1765859727085 wd-underline-colored\">\n\t\t\t\n\t\t\t<div class=\"liner-continer\">\n\t\t\t\t<h4 class=\"woodmart-title-container title  wd-font-weight- wd-fontsize-m\" >Halbleiterunterst\u00fctzung f\u00fcr Sensorplattformen<\/h4>\n\t\t\t\t\t\t\t<\/div>\n\t\t\t\n\t\t\t\n\t\t\t\n\t\t<\/div>\n\t\t\n\t\t\t\t<div id=\"wd-6940e1be112a5\" class=\"wd-text-block wd-wpb reset-last-child wd-rs-6940e1be112a5 text-left\">\n\t\t\t<article class=\"text-token-text-primary w-full focus:outline-none &#091;--shadow-height:45px&#093; has-data-writing-block:pointer-events-none has-data-writing-block:-mt-(--shadow-height) has-data-writing-block:pt-(--shadow-height) &#091;&amp;:has(&#091;data-writing-block&#093;)&gt;*&#093;:pointer-events-auto scroll-mt-&#091;calc(var(--header-height)+min(200px,max(70px,20svh)))&#093;\" dir=\"auto\" tabindex=\"-1\" data-turn-id=\"ef837c3d-8107-4690-90a2-851d8ff66c7a\" data-testid=\"conversation-turn-2\" data-scroll-anchor=\"false\" data-turn=\"assistant\">\n<div class=\"text-base my-auto mx-auto &#091;--thread-content-margin:--spacing(4)&#093; @w-sm\/main:&#091;--thread-content-margin:--spacing(6)&#093; @w-lg\/main:&#091;--thread-content-margin:--spacing(16)&#093; px-(--thread-content-margin)\">\n<div class=\"&#091;--thread-content-max-width:40rem&#093; @w-lg\/main:&#091;--thread-content-max-width:48rem&#093; mx-auto max-w-(--thread-content-max-width) flex-1 group\/turn-messages focus-visible:outline-hidden relative flex w-full min-w-0 flex-col agent-turn\" tabindex=\"-1\">\n<div class=\"flex max-w-full flex-col grow\">\n<div class=\"min-h-8 text-message relative flex w-full flex-col items-end gap-2 text-start break-words whitespace-normal &#091;.text-message+&amp;&#093;:mt-1\" dir=\"auto\" data-message-author-role=\"assistant\" data-message-id=\"0d859a0e-b370-4790-8c61-0426cb3e22ec\" data-message-model-slug=\"gpt-5-2\">\n<div class=\"flex w-full flex-col gap-1 empty:hidden first:pt-&#091;1px&#093;\">\n<div class=\"markdown prose dark:prose-invert w-full break-words light markdown-new-styling\">\n<p data-start=\"0\" data-end=\"463\" data-is-last-node=\"\" data-is-only-node=\"\">LXB Semicon liefert eine breite Palette von ICs f\u00fcr die Automobilindustrie und unterst\u00fctzende Komponenten f\u00fcr die Sensorsignalverarbeitung, das Power Management und die Kommunikation, darunter Marken wie <strong>Xilinx, ADI, Intel (Altera), TI, NXP, Infineon, Microchip, ON Semiconductor, Nexperia, und Vishay<\/strong>. Alle Komponenten werden \u00fcber kontrollierte Kan\u00e4le mit R\u00fcckverfolgbarkeit, Konformit\u00e4tsdokumentation und \u00dcberpr\u00fcfung des Lebenszyklusstatus beschafft.<\/p>\n<p class=\"isSelectedEnd\">Unsere Dienstleistungen umfassen:<\/p>\n<ul data-spread=\"false\">\n<li>\n<p class=\"isSelectedEnd\">Auswahl von Automobil- und Industriekomponenten<\/p>\n<\/li>\n<li>\n<p class=\"isSelectedEnd\">Design-in und BOM-Risikobewertung<\/p>\n<\/li>\n<li>\n<p class=\"isSelectedEnd\">Langfristige Versorgungsplanung und EOL-Management<\/p>\n<\/li>\n<li>Unterst\u00fctzung f\u00fcr Prototypen, Nullserien und Serienproduktion<\/li>\n<\/ul>\n<\/div>\n<\/div>\n<\/div>\n<\/div>\n<\/div>\n<\/div>\n<\/article>\n<article class=\"text-token-text-primary w-full focus:outline-none &#091;--shadow-height:45px&#093; has-data-writing-block:pointer-events-none has-data-writing-block:-mt-(--shadow-height) has-data-writing-block:pt-(--shadow-height) &#091;&amp;:has(&#091;data-writing-block&#093;)&gt;*&#093;:pointer-events-auto scroll-mt-(--header-height)\" dir=\"auto\" tabindex=\"-1\" data-turn-id=\"667e5748-dcd9-406a-8a29-e58d6677d5ab\" data-testid=\"conversation-turn-3\" data-scroll-anchor=\"false\" data-turn=\"user\"><\/article>\n<p>\u00a0<\/p>\n\t\t<\/div>\n\t\t\t\t<div id=\"wd-6940e45c60e55\" class=\"wd-image wd-wpb wd-rs-6940e45c60e55 text-center vc_custom_1765860456204\">\n\t\t\t\n\t\t\t<img loading=\"lazy\" decoding=\"async\" width=\"600\" height=\"480\" src=\"https:\/\/www.lxbchip.com\/wp-content\/uploads\/2025\/12\/chip-circuit.jpg\" class=\"attachment-600x480 size-600x480\" alt=\"\" srcset=\"https:\/\/www.lxbchip.com\/wp-content\/uploads\/2025\/12\/chip-circuit.jpg 600w, https:\/\/www.lxbchip.com\/wp-content\/uploads\/2025\/12\/chip-circuit-150x120.jpg 150w, https:\/\/www.lxbchip.com\/wp-content\/uploads\/2025\/12\/chip-circuit-300x240.jpg 300w, https:\/\/www.lxbchip.com\/wp-content\/uploads\/2025\/12\/chip-circuit-15x12.jpg 15w\" sizes=\"auto, (max-width: 600px) 100vw, 600px\" \/>\n\t\t\t\t\t<\/div>\n\t\t\n\t\t<div id=\"wd-6940e1b30be17\" class=\"title-wrapper wd-wpb wd-set-mb reset-last-child  wd-rs-6940e1b30be17 wd-title-color-default wd-title-style-default text-left vc_custom_1765859807468 wd-underline-colored\">\n\t\t\t\n\t\t\t<div class=\"liner-continer\">\n\t\t\t\t<h4 class=\"woodmart-title-container title  wd-font-weight- wd-fontsize-m\" >Zuverl\u00e4ssiger Partner f\u00fcr Transportelektronik<\/h4>\n\t\t\t\t\t\t\t<\/div>\n\t\t\t\n\t\t\t\n\t\t\t\n\t\t<\/div>\n\t\t\n\t\t\t\t<div id=\"wd-6940e21cf1184\" class=\"wd-text-block wd-wpb reset-last-child wd-rs-6940e21cf1184 text-left vc_custom_1765860365793\">\n\t\t\t<p>Mit \u00fcber 15 Jahren Branchenerfahrung, einem speziellen Qualit\u00e4tspr\u00fcfungsprozess und einem professionellen Vertriebs- und Beschaffungsteam hilft LXB Semicon seinen Kunden, Beschaffungsrisiken zu reduzieren und eine stabile Produktion in sich schnell entwickelnden Verkehrsm\u00e4rkten aufrechtzuerhalten. Ob bei der Unterst\u00fctzung von ADAS-Sensormodulen oder autonomen Plattformen der n\u00e4chsten Generation - wir konzentrieren uns auf Zuverl\u00e4ssigkeit, Kontinuit\u00e4t und technisches Vertrauen, damit unsere Kunden sicherere und intelligentere Fahrzeuge auf den Markt bringen k\u00f6nnen.<\/p>\n\t\t<\/div>\n\t\t<\/div><\/div><\/div><\/div>\n<\/div>","protected":false},"excerpt":{"rendered":"Sensors for Transportation Trusted Electronic Components and Supply Chain Support for Connected Systems. As Advanced Driver Assistance Systems (ADAS) and","protected":false},"author":1,"featured_media":0,"parent":0,"menu_order":0,"comment_status":"closed","ping_status":"closed","template":"","meta":{"_acf_changed":false,"footnotes":""},"class_list":["post-8559","page","type-page","status-publish","hentry"],"acf":[],"aioseo_notices":[],"_links":{"self":[{"href":"https:\/\/www.lxbchip.com\/de\/wp-json\/wp\/v2\/pages\/8559","targetHints":{"allow":["GET"]}}],"collection":[{"href":"https:\/\/www.lxbchip.com\/de\/wp-json\/wp\/v2\/pages"}],"about":[{"href":"https:\/\/www.lxbchip.com\/de\/wp-json\/wp\/v2\/types\/page"}],"author":[{"embeddable":true,"href":"https:\/\/www.lxbchip.com\/de\/wp-json\/wp\/v2\/users\/1"}],"replies":[{"embeddable":true,"href":"https:\/\/www.lxbchip.com\/de\/wp-json\/wp\/v2\/comments?post=8559"}],"version-history":[{"count":15,"href":"https:\/\/www.lxbchip.com\/de\/wp-json\/wp\/v2\/pages\/8559\/revisions"}],"predecessor-version":[{"id":8805,"href":"https:\/\/www.lxbchip.com\/de\/wp-json\/wp\/v2\/pages\/8559\/revisions\/8805"}],"wp:attachment":[{"href":"https:\/\/www.lxbchip.com\/de\/wp-json\/wp\/v2\/media?parent=8559"}],"curies":[{"name":"wp","href":"https:\/\/api.w.org\/{rel}","templated":true}]}}