{"id":8557,"date":"2025-12-15T21:10:08","date_gmt":"2025-12-15T13:10:08","guid":{"rendered":"https:\/\/www.lxbchip.com\/?page_id=8557"},"modified":"2025-12-20T16:05:03","modified_gmt":"2025-12-20T08:05:03","slug":"automotive-subsystems","status":"publish","type":"page","link":"https:\/\/www.lxbchip.com\/de\/automotive-subsystems\/","title":{"rendered":"Automobil-Subsysteme"},"content":{"rendered":"<div class=\"wpb-content-wrapper\"><div class=\"vc_row wpb_row vc_row-fluid vc_custom_1765779186129 wd-rs-693fa6ea5c73f\"><div class=\"wpb_column vc_column_container vc_col-sm-12 wd-rs-63514c8260958\"><div class=\"vc_column-inner vc_custom_1666272391679\"><div class=\"wpb_wrapper\">\n\t\t<div id=\"wd-6946501a4f111\" class=\"title-wrapper wd-wpb wd-set-mb reset-last-child  wd-rs-6946501a4f111 wd-title-color-default wd-title-style-default text-center  wd-underline-colored\">\n\t\t\t\n\t\t\t<div class=\"liner-continer\">\n\t\t\t\t<h4 class=\"woodmart-title-container title  wd-font-weight- wd-fontsize-m\" >Automobil-Subsysteme<\/h4>\n\t\t\t\t\t\t\t<\/div>\n\t\t\t\n\t\t\t\t\t\t\t<div class=\"title-after_title reset-last-child  wd-fontsize-xs\">Bew\u00e4hrte elektronische Komponenten f\u00fcr Transportanwendungen<\/div>\n\t\t\t\n\t\t\t\n\t\t<\/div>\n\t\t\n\t\t\t\t<div id=\"wd-6940d46871d1a\" class=\"wd-image wd-wpb wd-rs-6940d46871d1a text-center\">\n\t\t\t\n\t\t\t<img loading=\"lazy\" decoding=\"async\" width=\"600\" height=\"239\" src=\"https:\/\/www.lxbchip.com\/wp-content\/uploads\/2025\/12\/142_90.jpg\" class=\"attachment-600x239 size-600x239\" alt=\"\" srcset=\"https:\/\/www.lxbchip.com\/wp-content\/uploads\/2025\/12\/142_90.jpg 600w, https:\/\/www.lxbchip.com\/wp-content\/uploads\/2025\/12\/142_90-150x60.jpg 150w, https:\/\/www.lxbchip.com\/wp-content\/uploads\/2025\/12\/142_90-300x120.jpg 300w, https:\/\/www.lxbchip.com\/wp-content\/uploads\/2025\/12\/142_90-18x7.jpg 18w\" sizes=\"auto, (max-width: 600px) 100vw, 600px\" \/>\n\t\t\t\t\t<\/div>\n\t\t\t\t<div id=\"wd-6940ce6605e0a\" class=\"wd-text-block wd-wpb reset-last-child wd-rs-6940ce6605e0a text-center vc_custom_1765854846458\">\n\t\t\t<div class=\"flex flex-col text-sm @w-xl\/main:pt-header-height pb-25\">\n<article class=\"text-token-text-primary w-full focus:outline-none &#091;--shadow-height:45px&#093; has-data-writing-block:pointer-events-none has-data-writing-block:-mt-(--shadow-height) has-data-writing-block:pt-(--shadow-height) &#091;&amp;:has(&#091;data-writing-block&#093;)&gt;*&#093;:pointer-events-auto scroll-mt-&#091;calc(var(--header-height)+min(200px,max(70px,20svh)))&#093;\" dir=\"auto\" tabindex=\"-1\" data-turn-id=\"request-WEB:4df86dff-3bf5-4179-906a-0ffa94fce0a2-4\" data-testid=\"conversation-turn-10\" data-scroll-anchor=\"true\" data-turn=\"assistant\">\n<div class=\"text-base my-auto mx-auto pb-10 &#091;--thread-content-margin:--spacing(4)&#093; @w-sm\/main:&#091;--thread-content-margin:--spacing(6)&#093; @w-lg\/main:&#091;--thread-content-margin:--spacing(16)&#093; px-(--thread-content-margin)\">\n<div class=\"&#091;--thread-content-max-width:40rem&#093; @w-lg\/main:&#091;--thread-content-max-width:48rem&#093; mx-auto max-w-(--thread-content-max-width) flex-1 group\/turn-messages focus-visible:outline-hidden relative flex w-full min-w-0 flex-col agent-turn\" tabindex=\"-1\">\n<div class=\"flex max-w-full flex-col grow\">\n<div class=\"min-h-8 text-message relative flex w-full flex-col items-end gap-2 text-start break-words whitespace-normal &#091;.text-message+&amp;&#093;:mt-1\" dir=\"auto\" data-message-author-role=\"assistant\" data-message-id=\"27b267f3-ab48-4550-8cfe-e692a4c37bff\" data-message-model-slug=\"gpt-5-2\">\n<div class=\"flex w-full flex-col gap-1 empty:hidden first:pt-&#091;1px&#093;\">\n<div class=\"markdown prose dark:prose-invert w-full break-words light markdown-new-styling\">\n<p>Die 2008 gegr\u00fcndete Shenzhen Lianxinbang (LXB Semicon) Technology Co., Ltd. unterst\u00fctzt Automobil-OEMs, Tier 1 und L\u00f6sungsanbieter mit zuverl\u00e4ssiger Komponentenbeschaffung f\u00fcr eine breite Palette von Automobil-Subsystemen.<\/p>\n<p>Mit mehr als 15 Jahren Branchenerfahrung, einem professionellen QC-Team und einer gut etablierten Lieferkette helfen wir unseren Kunden, die AEC-Qualifikationsanforderungen zu erf\u00fcllen und gleichzeitig das Beschaffungsrisiko zu verringern und die Kontinuit\u00e4t der Lieferung sicherzustellen.<\/p>\n<\/div>\n<\/div>\n<\/div>\n<\/div>\n<div class=\"z-0 flex min-h-&#091;46px&#093; justify-start\"><\/div>\n<div class=\"mt-3 w-full empty:hidden\">\n<div class=\"text-center\"><\/div>\n<\/div>\n<\/div>\n<\/div>\n<\/article>\n<\/div>\n<div class=\"pointer-events-none h-px w-px absolute bottom-0\" aria-hidden=\"true\" data-edge=\"true\"><\/div>\n\t\t<\/div>\n\t\t<\/div><\/div><\/div><\/div><div class=\"vc_row wpb_row vc_row-fluid vc_custom_1766217852812 wd-rs-6946584a49208\"><div class=\"wpb_column vc_column_container vc_col-sm-12 wd-rs-63514c870daab\"><div class=\"vc_column-inner vc_custom_1666272395956\"><div class=\"wpb_wrapper\">\n\t\t<div id=\"wd-6940cea73e2b3\" class=\"title-wrapper wd-wpb wd-set-mb reset-last-child  wd-rs-6940cea73e2b3 wd-title-color-default wd-title-style-default text-left vc_custom_1765854890431 wd-underline-colored\">\n\t\t\t\n\t\t\t<div class=\"liner-continer\">\n\t\t\t\t<h4 class=\"woodmart-title-container title  wd-font-weight- wd-fontsize-m\" >Wichtige Automobil-Subsysteme<\/h4>\n\t\t\t\t\t\t\t<\/div>\n\t\t\t\n\t\t\t\n\t\t\t\n\t\t<\/div>\n\t\t\n\t\t\t\t<div id=\"wd-6940ce9fe2ecc\" class=\"wd-text-block wd-wpb reset-last-child wd-rs-6940ce9fe2ecc text-left vc_custom_1765854961924\">\n\t\t\t<p>Mit der rasanten Elektrifizierung und Intelligenz der Fahrzeuge sind moderne Automobilsysteme auf stabile, qualifizierte und langlebige elektronische Komponenten angewiesen.<\/p>\n\t\t<\/div>\n\t\t\t\t\t<div id=\"carousel-282\" class=\"wd-carousel-container info-box-carousel-wrapper wd-wpb  vc_custom_1765778087335 wd-rs-693fa295581c3\">\n\t\t\t\t<div class=\"wd-carousel-inner\">\n\t\t\t\t\t<div class=\"wd-carousel wd-grid info-box-carousel\" data-scroll_per_page=\"yes\" style=\"--wd-col-lg:4;--wd-col-md:4;--wd-col-sm:1;--wd-gap-lg:10px;\">\n\t\t\t\t\t\t<div class=\"wd-carousel-wrap\">\n\t\t\t\t\t\t\t\t\t\t<div class=\"info-box-wrapper wd-carousel-item\">\n\t\t\t\t<div id=\"wd-6940cef634a80\" class=\"wd-rs-6940cef634a80 wd-info-box wd-wpb text-center box-icon-align-top box-style- color-scheme- wd-bg-none vc_custom_1765854987234\">\n\t\t\t\t\t\t\t\t\t\t\t<div class=\"box-icon-wrapper  box-with-icon box-icon-simple\">\n\t\t\t\t\t\t\t<div class=\"info-box-icon\">\n\n\t\t\t\t\t\t\t\n\t\t\t\t\t\t\t\t\t\t\t\t\t\t\t\t\t<div class=\"info-svg-wrapper\" style=\"width: 64px;height: 64px;\"><img decoding=\"async\"  src=\"https:\/\/www.lxbchip.com\/wp-content\/themes\/woodmart\/images\/lazy.svg\" data-src=\"https:\/\/www.lxbchip.com\/wp-content\/uploads\/2025\/12\/logitech-g735-icon-1-1.svg\" loading=\"lazy\" width=\"64\" height=\"64\"><\/div>\t\t\t\t\t\t\t\t\t\t\t\t\t\t\t\n\t\t\t\t\t\t\t<\/div>\n\t\t\t\t\t\t<\/div>\n\t\t\t\t\t\t\t\t\t\t<div class=\"info-box-content\">\n\t\t\t\t\t\t<h4 class=\"info-box-title title box-title-style-default wd-fontsize-m\">Bremssysteme (ABS \/ ESC)<\/h4>\t\t\t\t\t\t<div class=\"info-box-inner reset-last-child\"><p>LXB Semicon liefert AEC-Q100\/Q101-qualifizierte Komponenten, die in Bremssteuerger\u00e4ten verwendet werden, einschlie\u00dflich MCUs, Leistungsbauelemente und Schnittstellen-ICs, die dazu beitragen, die Fahrzeugkontrolle in Notf\u00e4llen aufrechtzuerhalten.<\/p>\n<\/div>\n\n\t\t\t\t\t\t\t\t\t\t\t<\/div>\n\n\t\t\t\t\t\n\t\t\t\t\t\t\t\t\t<\/div>\n\t\t\t<\/div>\n\t\t\t\t\t<div class=\"info-box-wrapper wd-carousel-item\">\n\t\t\t\t<div id=\"wd-6940cf0f5c15f\" class=\"wd-rs-6940cf0f5c15f wd-info-box wd-wpb text-center box-icon-align-top box-style- color-scheme- wd-bg-none vc_custom_1765855017122\">\n\t\t\t\t\t\t\t\t\t\t\t<div class=\"box-icon-wrapper  box-with-icon box-icon-simple\">\n\t\t\t\t\t\t\t<div class=\"info-box-icon\">\n\n\t\t\t\t\t\t\t\n\t\t\t\t\t\t\t\t\t\t\t\t\t\t\t\t\t<div class=\"info-svg-wrapper\" style=\"width: 64px;height: 64px;\"><img decoding=\"async\"  src=\"https:\/\/www.lxbchip.com\/wp-content\/themes\/woodmart\/images\/lazy.svg\" data-src=\"https:\/\/www.lxbchip.com\/wp-content\/uploads\/2025\/12\/logitech-g735-icon-2-1.svg\" loading=\"lazy\" width=\"64\" height=\"64\"><\/div>\t\t\t\t\t\t\t\t\t\t\t\t\t\t\t\n\t\t\t\t\t\t\t<\/div>\n\t\t\t\t\t\t<\/div>\n\t\t\t\t\t\t\t\t\t\t<div class=\"info-box-content\">\n\t\t\t\t\t\t<h4 class=\"info-box-title title box-title-style-default wd-fontsize-m\">Zentrale Karosseriesteuerung (CBC \/ BCM)<\/h4>\t\t\t\t\t\t<div class=\"info-box-inner reset-last-child\"><p>Wir unterst\u00fctzen CBC-Designs mit MCUs in Automobilqualit\u00e4t, Power-Management-ICs, CAN\/LIN-Transceivern und Schutzvorrichtungen, die einen stabilen Betrieb \u00fcber den Fahrzeugdatenbus gew\u00e4hrleisten.<\/p>\n<\/div>\n\n\t\t\t\t\t\t\t\t\t\t\t<\/div>\n\n\t\t\t\t\t\n\t\t\t\t\t\t\t\t\t<\/div>\n\t\t\t<\/div>\n\t\t\t\t\t<div class=\"info-box-wrapper wd-carousel-item\">\n\t\t\t\t<div id=\"wd-6940cf3304b67\" class=\"wd-rs-6940cf3304b67 wd-info-box wd-wpb text-center box-icon-align-top box-style- color-scheme- wd-bg-none vc_custom_1765855064102\">\n\t\t\t\t\t\t\t\t\t\t\t<div class=\"box-icon-wrapper  box-with-icon box-icon-simple\">\n\t\t\t\t\t\t\t<div class=\"info-box-icon\">\n\n\t\t\t\t\t\t\t\n\t\t\t\t\t\t\t\t\t\t\t\t\t\t\t\t\t<div class=\"info-svg-wrapper\" style=\"width: 64px;height: 64px;\"><img decoding=\"async\"  src=\"https:\/\/www.lxbchip.com\/wp-content\/themes\/woodmart\/images\/lazy.svg\" data-src=\"https:\/\/www.lxbchip.com\/wp-content\/uploads\/2025\/12\/logitech-g735-icon-3-1.svg\" loading=\"lazy\" width=\"64\" height=\"64\"><\/div>\t\t\t\t\t\t\t\t\t\t\t\t\t\t\t\n\t\t\t\t\t\t\t<\/div>\n\t\t\t\t\t\t<\/div>\n\t\t\t\t\t\t\t\t\t\t<div class=\"info-box-content\">\n\t\t\t\t\t\t<h4 class=\"info-box-title title box-title-style-default wd-fontsize-m\">Digitales Radio und Infotainment-Systeme<\/h4>\t\t\t\t\t\t<div class=\"info-box-inner reset-last-child\"><p>Unser Portfolio umfasst Signalverarbeitungs-ICs, Speicher, Schnittstellenbausteine und Stromversorgungsl\u00f6sungen, die h\u00e4ufig in digitalen Radio- und Infotainment-Hauptger\u00e4ten verwendet werden.<\/p>\n<\/div>\n\n\t\t\t\t\t\t\t\t\t\t\t<\/div>\n\n\t\t\t\t\t\n\t\t\t\t\t\t\t\t\t<\/div>\n\t\t\t<\/div>\n\t\t\t\t\t<div class=\"info-box-wrapper wd-carousel-item\">\n\t\t\t\t<div id=\"wd-6940cf5e9222c\" class=\"wd-rs-6940cf5e9222c wd-info-box wd-wpb text-center box-icon-align-top box-style- color-scheme- wd-bg-none vc_custom_1765855089395\">\n\t\t\t\t\t\t\t\t\t\t\t<div class=\"box-icon-wrapper  box-with-icon box-icon-simple\">\n\t\t\t\t\t\t\t<div class=\"info-box-icon\">\n\n\t\t\t\t\t\t\t\n\t\t\t\t\t\t\t\t\t\t\t\t\t\t\t\t\t<div class=\"info-svg-wrapper\" style=\"width: 64px;height: 64px;\"><img decoding=\"async\"  src=\"https:\/\/www.lxbchip.com\/wp-content\/themes\/woodmart\/images\/lazy.svg\" data-src=\"https:\/\/www.lxbchip.com\/wp-content\/uploads\/2025\/12\/logitech-g735-icon-3-1.svg\" loading=\"lazy\" width=\"64\" height=\"64\"><\/div>\t\t\t\t\t\t\t\t\t\t\t\t\t\t\t\n\t\t\t\t\t\t\t<\/div>\n\t\t\t\t\t\t<\/div>\n\t\t\t\t\t\t\t\t\t\t<div class=\"info-box-content\">\n\t\t\t\t\t\t<h4 class=\"info-box-title title box-title-style-default wd-fontsize-m\">Elektrische Servolenkung (EPS)<\/h4>\t\t\t\t\t\t<div class=\"info-box-inner reset-last-child\"><p>Wir liefern f\u00fcr die Automobilindustrie qualifizierte Leistungshalbleiter, Gatetreiber, MCUs und Sensorkomponenten, die f\u00fcr die Lenkunterst\u00fctzung und Steuerungsgenauigkeit entwickelt wurden.<\/p>\n<\/div>\n\n\t\t\t\t\t\t\t\t\t\t\t<\/div>\n\n\t\t\t\t\t\n\t\t\t\t\t\t\t\t\t<\/div>\n\t\t\t<\/div>\n\t\t\t\t\t\t\t\t<\/div>\n\t\t\t\t\t<\/div>\n\n\t\t\t\t\t\t\t\t\t\t\t\t\t<div class=\"wd-nav-arrows wd-pos-sep wd-hover-1 wd-icon-1\">\n\t\t\t<div class=\"wd-btn-arrow wd-prev wd-disabled\">\n\t\t\t\t<div class=\"wd-arrow-inner\"><\/div>\n\t\t\t<\/div>\n\t\t\t<div class=\"wd-btn-arrow wd-next\">\n\t\t\t\t<div class=\"wd-arrow-inner\"><\/div>\n\t\t\t<\/div>\n\t\t<\/div>\n\t\t\t\t\t\t\t\t\t\t\t<\/div>\n\n\t\t\t\t\t\t\t\t\t\t\t<\/div>\n\t\t<\/div><\/div><\/div><\/div><div class=\"vc_row wpb_row vc_row-fluid wd-rs-694658a4d0b3e\"><div class=\"wpb_column vc_column_container vc_col-sm-12 wd-rs-63514db6c5d19\"><div class=\"vc_column-inner vc_custom_1666272699823\"><div class=\"wpb_wrapper\">\n\t\t<div id=\"wd-6940cf8a314e5\" class=\"title-wrapper wd-wpb wd-set-mb reset-last-child  wd-rs-6940cf8a314e5 wd-title-color-default wd-title-style-default text-left vc_custom_1765855118502 wd-underline-colored\">\n\t\t\t\n\t\t\t<div class=\"liner-continer\">\n\t\t\t\t<h4 class=\"woodmart-title-container title  wd-font-weight- wd-fontsize-m\" >Kombiinstrument<\/h4>\n\t\t\t\t\t\t\t<\/div>\n\t\t\t\n\t\t\t\n\t\t\t\n\t\t<\/div>\n\t\t\n\t\t\t\t<div id=\"wd-6940cfbb8fb33\" class=\"wd-text-block wd-wpb reset-last-child wd-rs-6940cfbb8fb33 text-left vc_custom_1765855442552\">\n\t\t\t<article class=\"text-token-text-primary w-full focus:outline-none &#091;--shadow-height:45px&#093; has-data-writing-block:pointer-events-none has-data-writing-block:-mt-(--shadow-height) has-data-writing-block:pt-(--shadow-height) &#091;&amp;:has(&#091;data-writing-block&#093;)&gt;*&#093;:pointer-events-auto scroll-mt-&#091;calc(var(--header-height)+min(200px,max(70px,20svh)))&#093;\" dir=\"auto\" tabindex=\"-1\" data-turn-id=\"ef837c3d-8107-4690-90a2-851d8ff66c7a\" data-testid=\"conversation-turn-2\" data-scroll-anchor=\"false\" data-turn=\"assistant\">\n<div class=\"text-base my-auto mx-auto &#091;--thread-content-margin:--spacing(4)&#093; @w-sm\/main:&#091;--thread-content-margin:--spacing(6)&#093; @w-lg\/main:&#091;--thread-content-margin:--spacing(16)&#093; px-(--thread-content-margin)\">\n<div class=\"&#091;--thread-content-max-width:40rem&#093; @w-lg\/main:&#091;--thread-content-max-width:48rem&#093; mx-auto max-w-(--thread-content-max-width) flex-1 group\/turn-messages focus-visible:outline-hidden relative flex w-full min-w-0 flex-col agent-turn\" tabindex=\"-1\">\n<div class=\"flex max-w-full flex-col grow\">\n<div class=\"min-h-8 text-message relative flex w-full flex-col items-end gap-2 text-start break-words whitespace-normal &#091;.text-message+&amp;&#093;:mt-1\" dir=\"auto\" data-message-author-role=\"assistant\" data-message-id=\"0d859a0e-b370-4790-8c61-0426cb3e22ec\" data-message-model-slug=\"gpt-5-2\">\n<div class=\"flex w-full flex-col gap-1 empty:hidden first:pt-&#091;1px&#093;\">\n<div class=\"markdown prose dark:prose-invert w-full break-words light markdown-new-styling\">\n<p data-start=\"0\" data-end=\"463\" data-is-last-node=\"\" data-is-only-node=\"\">Digitale Kombi-Instrumente integrieren Geschwindigkeit, Warnanzeigen und Fahrzeugstatus in hochaufl\u00f6senden Displays.<br \/>\nLXB Semicon unterst\u00fctzt Cluster-Designs mit Display-Treibern, MCUs, Speicher-ICs und Power-Management-L\u00f6sungen, die eine reaktionsschnelle und stabile Datendarstellung erm\u00f6glichen.<\/p>\n<\/div>\n<\/div>\n<\/div>\n<\/div>\n<\/div>\n<\/div>\n<\/article>\n<article class=\"text-token-text-primary w-full focus:outline-none &#091;--shadow-height:45px&#093; has-data-writing-block:pointer-events-none has-data-writing-block:-mt-(--shadow-height) has-data-writing-block:pt-(--shadow-height) &#091;&amp;:has(&#091;data-writing-block&#093;)&gt;*&#093;:pointer-events-auto scroll-mt-(--header-height)\" dir=\"auto\" tabindex=\"-1\" data-turn-id=\"667e5748-dcd9-406a-8a29-e58d6677d5ab\" data-testid=\"conversation-turn-3\" data-scroll-anchor=\"false\" data-turn=\"user\"><\/article>\n<p>\u00a0<\/p>\n\t\t<\/div>\n\t\t\n\t\t<div id=\"wd-6940d01dc4e44\" class=\"title-wrapper wd-wpb wd-set-mb reset-last-child  wd-rs-6940d01dc4e44 wd-title-color-default wd-title-style-default text-left  wd-underline-colored\">\n\t\t\t\n\t\t\t<div class=\"liner-continer\">\n\t\t\t\t<h4 class=\"woodmart-title-container title  wd-font-weight- wd-fontsize-m\" >Hauptwechselrichter &amp; Leistungsumwandlung<\/h4>\n\t\t\t\t\t\t\t<\/div>\n\t\t\t\n\t\t\t\t\t\t\t<div class=\"title-after_title reset-last-child  wd-fontsize-xs\">In Elektro- und Hybridfahrzeugen wandeln Hauptwechselrichter den Gleichstrom aus der Batterie in Wechselstrom f\u00fcr die Motoren des Antriebsstrangs um.<br \/>\nWir bieten Unterst\u00fctzung bei der Beschaffung von Hochspannungs-Leistungsbauteilen, Steuer-ICs und Zusatzkomponenten, die den anspruchsvollen elektrischen und umwelttechnischen Anforderungen der Automobilindustrie entsprechen.<\/div>\n\t\t\t\n\t\t\t\n\t\t<\/div>\n\t\t\n\t\t\n\t\t<div id=\"wd-6940d08d38df8\" class=\"title-wrapper wd-wpb wd-set-mb reset-last-child  wd-rs-6940d08d38df8 wd-title-color-default wd-title-style-default text-left  wd-underline-colored\">\n\t\t\t\n\t\t\t<div class=\"liner-continer\">\n\t\t\t\t<h4 class=\"woodmart-title-container title  wd-font-weight- wd-fontsize-m\" >R\u00fcckw\u00e4rtige Sichtsysteme<\/h4>\n\t\t\t\t\t\t\t<\/div>\n\t\t\t\n\t\t\t\t\t\t\t<div class=\"title-after_title reset-last-child  wd-fontsize-xs\">R\u00fcckfahrkameras und R\u00fcckfahrsysteme erh\u00f6hen die Fahrsicherheit und sind heute auf vielen M\u00e4rkten Standard.<br \/>\nUnsere Komponenten in Automobilqualit\u00e4t werden h\u00e4ufig in Kameramodulen, in der Signalverarbeitung und in Display-Schnittstellen eingesetzt und unterst\u00fctzen eine klare Bild\u00fcbertragung und langfristige Zuverl\u00e4ssigkeit.<\/div>\n\t\t\t\n\t\t\t\n\t\t<\/div>\n\t\t\n\t\t\n\t\t<div id=\"wd-6940d0f421c05\" class=\"title-wrapper wd-wpb wd-set-mb reset-last-child  wd-rs-6940d0f421c05 wd-title-color-default wd-title-style-default text-left  wd-underline-colored\">\n\t\t\t\n\t\t\t<div class=\"liner-continer\">\n\t\t\t\t<h4 class=\"woodmart-title-container title  wd-font-weight- wd-fontsize-m\" >Sitzkontrollsysteme<\/h4>\n\t\t\t\t\t\t\t<\/div>\n\t\t\t\n\t\t\t\t\t\t\t<div class=\"title-after_title reset-last-child  wd-fontsize-xs\">Sitzverstellung und Komfortfunktionen h\u00e4ngen von der Motorsteuerung und der zuverl\u00e4ssigen Kraftverteilung ab.<br \/>\nWir unterst\u00fctzen Sitzsteuerungsanwendungen mit Motortreibern, MCUs, Schutzvorrichtungen und Steckverbindern, die einen reibungslosen Betrieb und eine lange Lebensdauer gew\u00e4hrleisten.<\/div>\n\t\t\t\n\t\t\t\n\t\t<\/div>\n\t\t\n\t\t\n\t\t<div id=\"wd-6940d112442a2\" class=\"title-wrapper wd-wpb wd-set-mb reset-last-child  wd-rs-6940d112442a2 wd-title-color-default wd-title-style-default text-left  wd-underline-colored\">\n\t\t\t\n\t\t\t<div class=\"liner-continer\">\n\t\t\t\t<h4 class=\"woodmart-title-container title  wd-font-weight- wd-fontsize-m\" >Start-Stopp-Systeme<\/h4>\n\t\t\t\t\t\t\t<\/div>\n\t\t\t\n\t\t\t\t\t\t\t<div class=\"title-after_title reset-last-child  wd-fontsize-xs\">Die Start-Stopp-Technologie tr\u00e4gt zur Senkung des Kraftstoffverbrauchs und der Emissionen bei, belastet aber die elektronischen Komponenten st\u00e4rker.<br \/>\nLXB Semicon liefert Leistungs- und Steuer-ICs f\u00fcr die Automobilindustrie, die f\u00fcr h\u00e4ufige Schaltzyklen und raue Betriebsbedingungen ausgelegt sind.<\/div>\n\t\t\t\n\t\t\t\n\t\t<\/div>\n\t\t\n\t\t\t\t<div id=\"wd-6940d4de2336a\" class=\"wd-image wd-wpb wd-rs-6940d4de2336a text-left vc_custom_1765856480095\">\n\t\t\t\n\t\t\t<img loading=\"lazy\" decoding=\"async\" width=\"600\" height=\"600\" src=\"https:\/\/www.lxbchip.com\/wp-content\/uploads\/2025\/12\/30607.jpg\" class=\"attachment-600x600 size-600x600\" alt=\"\" srcset=\"https:\/\/www.lxbchip.com\/wp-content\/uploads\/2025\/12\/30607.jpg 600w, https:\/\/www.lxbchip.com\/wp-content\/uploads\/2025\/12\/30607-150x150.jpg 150w, https:\/\/www.lxbchip.com\/wp-content\/uploads\/2025\/12\/30607-300x300.jpg 300w, https:\/\/www.lxbchip.com\/wp-content\/uploads\/2025\/12\/30607-12x12.jpg 12w\" sizes=\"auto, (max-width: 600px) 100vw, 600px\" \/>\n\t\t\t\t\t<\/div>\n\t\t\n\t\t<div id=\"wd-6940d14f6e922\" class=\"title-wrapper wd-wpb wd-set-mb reset-last-child  wd-rs-6940d14f6e922 wd-title-color-default wd-title-style-default text-left vc_custom_1765855571045 wd-underline-colored\">\n\t\t\t\n\t\t\t<div class=\"liner-continer\">\n\t\t\t\t<h4 class=\"woodmart-title-container title  wd-font-weight- wd-fontsize-m\" >Qualifizierung und Einhaltung von Vorschriften in der Automobilindustrie<\/h4>\n\t\t\t\t\t\t\t<\/div>\n\t\t\t\n\t\t\t\n\t\t\t\n\t\t<\/div>\n\t\t\n\t\t\t\t<div id=\"wd-6940d1484f1f7\" class=\"wd-text-block wd-wpb reset-last-child wd-rs-6940d1484f1f7 text-left\">\n\t\t\t<p>Alle unterst\u00fctzten Anwendungen entsprechen den AEC-Qualifikationsstandards, einschlie\u00dflich:<\/p>\n<ul>\n<li>AEC-Q100 - Integrierte Schaltungen<\/li>\n<li>AEC-Q101 - Diskrete Halbleiter<\/li>\n<li>AEC-Q102 - Optoelektronische Bauelemente<\/li>\n<li>AEC-Q103 - Kfz-Sensoren<\/li>\n<li>AEC-Q104 - Multi-Chip-Module<\/li>\n<li>AEC-Q200 - Passive Komponenten<\/li>\n<\/ul>\n<p>Diese Normen umfassen elektrische Leistung, Temperaturbereich, Temperaturwechsel, Feuchtigkeitsbest\u00e4ndigkeit, Vibration, mechanische Beanspruchung und L\u00f6tbarkeit - und gew\u00e4hrleisten so die Eignung f\u00fcr Automobilumgebungen.<\/p>\n\t\t<\/div>\n\t\t<\/div><\/div><\/div><\/div><div class=\"vc_row wpb_row vc_row-fluid vc_custom_1765855773416 wd-rs-6940d219d4e0e\"><div class=\"wpb_column vc_column_container vc_col-sm-12\"><div class=\"vc_column-inner\"><div class=\"wpb_wrapper\">\n\t\t<div id=\"wd-6940d1f3b42d1\" class=\"title-wrapper wd-wpb wd-set-mb reset-last-child  wd-rs-6940d1f3b42d1 wd-title-color-default wd-title-style-underlined text-left  wd-underline-colored\">\n\t\t\t\t\t\t\t\n\t\t\t\t<div class=\"title-subtitle  subtitle-color-default font-default subtitle-style-default wd-font-weight- wd-fontsize-xs\">Gegr\u00fcndet 2008, mit Sitz im Elektronikzentrum von Shenzhen<\/div>\n\t\t\t\n\t\t\t<div class=\"liner-continer\">\n\t\t\t\t<h4 class=\"woodmart-title-container title  wd-font-weight-600 wd-fontsize-l\" >Warum LXB Semicon<\/h4>\n\t\t\t\t\t\t\t<\/div>\n\t\t\t\n\t\t\t\t\t\t\t<div class=\"title-after_title reset-last-child  wd-fontsize-xs\">Engagierte Qualit\u00e4tspr\u00fcfungsabteilung f\u00fcr Authentizit\u00e4t und Konformit\u00e4t<\/p>\n<p>Starke Beschaffungskapazit\u00e4ten bei globalen IC-Marken<\/p>\n<p>Erfahrung in der Unterst\u00fctzung von Projekten f\u00fcr die Automobilindustrie und von Projekten mit langen Lebenszyklen<\/p>\n<p>Fokus auf Risikokontrolle, R\u00fcckverfolgbarkeit und Lieferkontinuit\u00e4t<\/p>\n<p>Unterst\u00fctzte IC-Marken:<br \/>\nXILINX, ADI, ALTERA, ATMEL, TI, NEXPERIA, MAXIM\/DALLAS, IR\/VISHAY, MICROCHIP, NXP, ON, INFINEON, DIODES, FREESCALE, AVAGO, und andere.<\/div>\n\t\t\t\n\t\t\t\n\t\t<\/div>\n\t\t\n\t\t<\/div><\/div><\/div><\/div>\n<\/div>","protected":false},"excerpt":{"rendered":"Automotive Subsystems Proven Electronic Components for Transportation Applications Shenzhen Lianxinbang (LXB Semicon) Technology Co., Ltd., founded in 2008, supports automotive","protected":false},"author":1,"featured_media":0,"parent":0,"menu_order":0,"comment_status":"closed","ping_status":"closed","template":"","meta":{"_acf_changed":false,"footnotes":""},"class_list":["post-8557","page","type-page","status-publish","hentry"],"acf":[],"aioseo_notices":[],"_links":{"self":[{"href":"https:\/\/www.lxbchip.com\/de\/wp-json\/wp\/v2\/pages\/8557","targetHints":{"allow":["GET"]}}],"collection":[{"href":"https:\/\/www.lxbchip.com\/de\/wp-json\/wp\/v2\/pages"}],"about":[{"href":"https:\/\/www.lxbchip.com\/de\/wp-json\/wp\/v2\/types\/page"}],"author":[{"embeddable":true,"href":"https:\/\/www.lxbchip.com\/de\/wp-json\/wp\/v2\/users\/1"}],"replies":[{"embeddable":true,"href":"https:\/\/www.lxbchip.com\/de\/wp-json\/wp\/v2\/comments?post=8557"}],"version-history":[{"count":18,"href":"https:\/\/www.lxbchip.com\/de\/wp-json\/wp\/v2\/pages\/8557\/revisions"}],"predecessor-version":[{"id":8799,"href":"https:\/\/www.lxbchip.com\/de\/wp-json\/wp\/v2\/pages\/8557\/revisions\/8799"}],"wp:attachment":[{"href":"https:\/\/www.lxbchip.com\/de\/wp-json\/wp\/v2\/media?parent=8557"}],"curies":[{"name":"wp","href":"https:\/\/api.w.org\/{rel}","templated":true}]}}