{"id":8552,"date":"2025-12-15T20:57:54","date_gmt":"2025-12-15T12:57:54","guid":{"rendered":"https:\/\/www.lxbchip.com\/?page_id=8552"},"modified":"2025-12-20T15:50:33","modified_gmt":"2025-12-20T07:50:33","slug":"ev-chargers","status":"publish","type":"page","link":"https:\/\/www.lxbchip.com\/de\/ev-chargers\/","title":{"rendered":"EV-Ladeger\u00e4te"},"content":{"rendered":"<div class=\"wpb-content-wrapper\"><div class=\"vc_row wpb_row vc_row-fluid vc_custom_1765779186129 wd-rs-693fa6ea5c73f\"><div class=\"wpb_column vc_column_container vc_col-sm-12 wd-rs-63514c8260958\"><div class=\"vc_column-inner vc_custom_1666272391679\"><div class=\"wpb_wrapper\">\n\t\t<div id=\"wd-69465527f0514\" class=\"title-wrapper wd-wpb wd-set-mb reset-last-child  wd-rs-69465527f0514 wd-title-color-default wd-title-style-default text-center  wd-underline-colored\">\n\t\t\t\n\t\t\t<div class=\"liner-continer\">\n\t\t\t\t<h4 class=\"woodmart-title-container title  wd-font-weight- wd-fontsize-m\" >Elektronische L\u00f6sungen f\u00fcr EV-Ladeger\u00e4te f\u00fcr Transport und Automotive<\/h4>\n\t\t\t\t\t\t\t<\/div>\n\t\t\t\n\t\t\t\t\t\t\t<div class=\"title-after_title reset-last-child  wd-fontsize-xs\">Die Elektronik f\u00fcr die Ladeinfrastruktur von Elektrofahrzeugen ist f\u00fcr die Entwickler von Automobil- und Verkehrssystemen zu einem zentralen Thema geworden. Von AC-Ladeger\u00e4ten f\u00fcr Privathaushalte bis hin zu Hochleistungs-Gleichstrom-Schnellladestationen sind zuverl\u00e4ssige elektronische Komponenten entscheidend, um Sicherheit, Effizienz und langfristige Betriebsstabilit\u00e4t zu gew\u00e4hrleisten.<\/div>\n\t\t\t\n\t\t\t\n\t\t<\/div>\n\t\t\n\t\t\t\t<div id=\"wd-6940cb76dc578\" class=\"wd-image wd-wpb wd-rs-6940cb76dc578 text-center\">\n\t\t\t\n\t\t\t<img loading=\"lazy\" decoding=\"async\" width=\"600\" height=\"338\" src=\"https:\/\/www.lxbchip.com\/wp-content\/uploads\/2025\/12\/electric-vehicle-charger.jpg\" class=\"attachment-600x338 size-600x338\" alt=\"\" srcset=\"https:\/\/www.lxbchip.com\/wp-content\/uploads\/2025\/12\/electric-vehicle-charger.jpg 600w, https:\/\/www.lxbchip.com\/wp-content\/uploads\/2025\/12\/electric-vehicle-charger-150x85.jpg 150w, https:\/\/www.lxbchip.com\/wp-content\/uploads\/2025\/12\/electric-vehicle-charger-300x169.jpg 300w, https:\/\/www.lxbchip.com\/wp-content\/uploads\/2025\/12\/electric-vehicle-charger-18x10.jpg 18w\" sizes=\"auto, (max-width: 600px) 100vw, 600px\" \/>\n\t\t\t\t\t<\/div>\n\t\t\t\t<div id=\"wd-6940b62286d7f\" class=\"wd-text-block wd-wpb reset-last-child wd-rs-6940b62286d7f text-center vc_custom_1765849251446\">\n\t\t\t<div class=\"flex flex-col text-sm @w-xl\/main:pt-header-height pb-25\">\n<article class=\"text-token-text-primary w-full focus:outline-none &#091;--shadow-height:45px&#093; has-data-writing-block:pointer-events-none has-data-writing-block:-mt-(--shadow-height) has-data-writing-block:pt-(--shadow-height) &#091;&amp;:has(&#091;data-writing-block&#093;)&gt;*&#093;:pointer-events-auto scroll-mt-&#091;calc(var(--header-height)+min(200px,max(70px,20svh)))&#093;\" dir=\"auto\" tabindex=\"-1\" data-turn-id=\"request-WEB:4df86dff-3bf5-4179-906a-0ffa94fce0a2-4\" data-testid=\"conversation-turn-10\" data-scroll-anchor=\"true\" data-turn=\"assistant\">\n<div class=\"text-base my-auto mx-auto pb-10 &#091;--thread-content-margin:--spacing(4)&#093; @w-sm\/main:&#091;--thread-content-margin:--spacing(6)&#093; @w-lg\/main:&#091;--thread-content-margin:--spacing(16)&#093; px-(--thread-content-margin)\">\n<div class=\"&#091;--thread-content-max-width:40rem&#093; @w-lg\/main:&#091;--thread-content-max-width:48rem&#093; mx-auto max-w-(--thread-content-max-width) flex-1 group\/turn-messages focus-visible:outline-hidden relative flex w-full min-w-0 flex-col agent-turn\" tabindex=\"-1\">\n<div class=\"flex max-w-full flex-col grow\">\n<div class=\"min-h-8 text-message relative flex w-full flex-col items-end gap-2 text-start break-words whitespace-normal &#091;.text-message+&amp;&#093;:mt-1\" dir=\"auto\" data-message-author-role=\"assistant\" data-message-id=\"27b267f3-ab48-4550-8cfe-e692a4c37bff\" data-message-model-slug=\"gpt-5-2\">\n<div class=\"flex w-full flex-col gap-1 empty:hidden first:pt-&#091;1px&#093;\">\n<div class=\"markdown prose dark:prose-invert w-full break-words light markdown-new-styling\">\n<p data-start=\"345\" data-end=\"772\">Die 2008 gegr\u00fcndete Shenzhen Lianxinbang (LXB Semicon) Technology Co. Ltd. bietet professionelle L\u00f6sungen f\u00fcr die Lieferung elektronischer Komponenten f\u00fcr Hersteller von EV-Ladeger\u00e4ten, Automobil-OEMs und EMS-Anbieter weltweit. Mit \u00fcber 15 Jahren Branchenerfahrung unterst\u00fctzen wir die Entwicklung von EV-Ladesystemen mit stabilen Lieferungen, strenger Qualit\u00e4tskontrolle und vollst\u00e4ndiger R\u00fcckverfolgbarkeit.<\/p>\n<\/div>\n<\/div>\n<\/div>\n<\/div>\n<div class=\"mt-3 w-full empty:hidden\">\n<div class=\"text-center\"><\/div>\n<\/div>\n<\/div>\n<\/div>\n<\/article>\n<\/div>\n<div class=\"pointer-events-none h-px w-px absolute bottom-0\" aria-hidden=\"true\" data-edge=\"true\"><\/div>\n\t\t<\/div>\n\t\t<\/div><\/div><\/div><\/div><div class=\"vc_row wpb_row vc_row-fluid vc_custom_1666272691679 wd-rs-63514da96d73a\"><div class=\"wpb_column vc_column_container vc_col-sm-12 wd-rs-63514c870daab\"><div class=\"vc_column-inner vc_custom_1666272395956\"><div class=\"wpb_wrapper\">\n\t\t<div id=\"wd-6940b8cc4b8dd\" class=\"title-wrapper wd-wpb wd-set-mb reset-last-child  wd-rs-6940b8cc4b8dd wd-title-color-default wd-title-style-default text-left vc_custom_1765849296058 wd-underline-colored\">\n\t\t\t\n\t\t\t<div class=\"liner-continer\">\n\t\t\t\t<h4 class=\"woodmart-title-container title  wd-font-weight- wd-fontsize-m\" >EV-Ladeger\u00e4te-Typen und Anforderungen an die Elektronik<\/h4>\n\t\t\t\t\t\t\t<\/div>\n\t\t\t\n\t\t\t\n\t\t\t\n\t\t<\/div>\n\t\t\n\t\t\t\t<div id=\"wd-6940b8fec56fc\" class=\"wd-text-block wd-wpb reset-last-child wd-rs-6940b8fec56fc text-left vc_custom_1765849442276\">\n\t\t\t<p>Ladestationen f\u00fcr Elektrofahrzeuge werden im Allgemeinen in die Kategorien Level 1, Level 2 und DC Fast Charging unterteilt. Jede Kategorie erfordert unterschiedliche elektronische Architekturen und Leistungsstufen der Komponenten.<\/p>\n<p>EV-Ladeger\u00e4te der Stufe 1 arbeiten mit einem standardm\u00e4\u00dfigen 110V-120V-Wechselstromeingang und werden in der Regel in Wohngebieten installiert. Die Ladung erfolgt \u00fcber das im Fahrzeug eingebaute AC-DC-Umwandlungssystem.<\/p>\n<p>EV-Ladeger\u00e4te der Stufe 2 verwenden einen 220V-240V-Wechselstromeingang und verk\u00fcrzen die Ladezeit erheblich. Diese Systeme sind in kommerziellen Geb\u00e4uden, an Arbeitspl\u00e4tzen, in Parkh\u00e4usern und in \u00f6ffentlichen Ladenetzen weit verbreitet.<\/p>\n<p>DC-Schnellladeger\u00e4te liefern Hochspannungs-Gleichstrom direkt an die Fahrzeugbatterie und erm\u00f6glichen so ein schnelles Aufladen in \u00f6ffentlichen Infrastrukturumgebungen. F\u00fcr DC-Schnellladeanwendungen sind die Authentizit\u00e4t der Komponenten, die elektrische Leistung und die Kontinuit\u00e4t der Stromversorgung besonders wichtig.<\/p>\n\t\t<\/div>\n\t\t\t\t\t<div id=\"carousel-355\" class=\"wd-carousel-container info-box-carousel-wrapper wd-wpb  vc_custom_1765850888273 wd-rs-6940bf00c31c8\">\n\t\t\t\t<div class=\"wd-carousel-inner\">\n\t\t\t\t\t<div class=\"wd-carousel wd-grid info-box-carousel\" data-scroll_per_page=\"yes\" style=\"--wd-col-lg:3;--wd-col-md:3;--wd-col-sm:1;--wd-gap-lg:20px;--wd-gap-sm:10px;\">\n\t\t\t\t\t\t<div class=\"wd-carousel-wrap\">\n\t\t\t\t\t\t\t\t\t\t<div class=\"info-box-wrapper wd-carousel-item\">\n\t\t\t\t<div id=\"wd-6940b96c74544\" class=\"wd-rs-6940b96c74544 wd-info-box wd-wpb text-center box-icon-align-top box-style- color-scheme- wd-bg-none vc_custom_1765849533737\">\n\t\t\t\t\t\t\t\t\t\t\t<div class=\"box-icon-wrapper  box-with-icon box-icon-simple\">\n\t\t\t\t\t\t\t<div class=\"info-box-icon\">\n\n\t\t\t\t\t\t\t\n\t\t\t\t\t\t\t\t\t\t\t\t\t\t\t\t\t<div class=\"info-svg-wrapper\" style=\"width: 64px;height: 64px;\"><img decoding=\"async\"  src=\"https:\/\/www.lxbchip.com\/wp-content\/themes\/woodmart\/images\/lazy.svg\" data-src=\"https:\/\/www.lxbchip.com\/wp-content\/uploads\/2025\/12\/logitech-g735-icon-1-1.svg\" loading=\"lazy\" width=\"64\" height=\"64\"><\/div>\t\t\t\t\t\t\t\t\t\t\t\t\t\t\t\n\t\t\t\t\t\t\t<\/div>\n\t\t\t\t\t\t<\/div>\n\t\t\t\t\t\t\t\t\t\t<div class=\"info-box-content\">\n\t\t\t\t\t\t<h4 class=\"info-box-title title box-title-style-default wd-fontsize-m\">Level 1 EV-Ladeger\u00e4te<\/h4>\t\t\t\t\t\t<div class=\"info-box-inner reset-last-child\"><p>Mikrocontroller (MCUs) f\u00fcr die Grundsteuerung. AC-DC-Leistungsmanagement-ICs. Signalschnittstellen- und Kommunikations-ICs. Schutz- und Isolationsger\u00e4te.<\/p>\n<\/div>\n\n\t\t\t\t\t\t\t\t\t\t\t<\/div>\n\n\t\t\t\t\t\n\t\t\t\t\t\t\t\t\t<\/div>\n\t\t\t<\/div>\n\t\t\t\t\t<div class=\"info-box-wrapper wd-carousel-item\">\n\t\t\t\t<div id=\"wd-6940b9c241a91\" class=\"wd-rs-6940b9c241a91 wd-info-box wd-wpb text-center box-icon-align-top box-style- color-scheme- wd-bg-none vc_custom_1765849617040\">\n\t\t\t\t\t\t\t\t\t\t\t<div class=\"box-icon-wrapper  box-with-icon box-icon-simple\">\n\t\t\t\t\t\t\t<div class=\"info-box-icon\">\n\n\t\t\t\t\t\t\t\n\t\t\t\t\t\t\t\t\t\t\t\t\t\t\t\t\t<div class=\"info-svg-wrapper\" style=\"width: 64px;height: 64px;\"><img decoding=\"async\"  src=\"https:\/\/www.lxbchip.com\/wp-content\/themes\/woodmart\/images\/lazy.svg\" data-src=\"https:\/\/www.lxbchip.com\/wp-content\/uploads\/2025\/12\/logitech-g735-icon-2-1.svg\" loading=\"lazy\" width=\"64\" height=\"64\"><\/div>\t\t\t\t\t\t\t\t\t\t\t\t\t\t\t\n\t\t\t\t\t\t\t<\/div>\n\t\t\t\t\t\t<\/div>\n\t\t\t\t\t\t\t\t\t\t<div class=\"info-box-content\">\n\t\t\t\t\t\t<h4 class=\"info-box-title title box-title-style-default wd-fontsize-m\">Level 2 EV-Ladeger\u00e4te<\/h4>\t\t\t\t\t\t<div class=\"info-box-inner reset-last-child\"><p>Stromverwaltungs- und Stromsteuerungs-ICs, MCUs und Schnittstellen-ICs in Industriequalit\u00e4t, Kommunikationsl\u00f6sungen f\u00fcr intelligentes Laden, Schutz-, Isolierungs- und \u00dcberwachungskomponenten.<\/p>\n<\/div>\n\n\t\t\t\t\t\t\t\t\t\t\t<\/div>\n\n\t\t\t\t\t\n\t\t\t\t\t\t\t\t\t<\/div>\n\t\t\t<\/div>\n\t\t\t\t\t<div class=\"info-box-wrapper wd-carousel-item\">\n\t\t\t\t<div id=\"wd-6940ba417b0c4\" class=\"wd-rs-6940ba417b0c4 wd-info-box wd-wpb text-center box-icon-align-top box-style- color-scheme- wd-bg-none vc_custom_1765849701069\">\n\t\t\t\t\t\t\t\t\t\t\t<div class=\"box-icon-wrapper  box-with-icon box-icon-simple\">\n\t\t\t\t\t\t\t<div class=\"info-box-icon\">\n\n\t\t\t\t\t\t\t\n\t\t\t\t\t\t\t\t\t\t\t\t\t\t\t\t\t<div class=\"info-svg-wrapper\" style=\"width: 64px;height: 64px;\"><img decoding=\"async\"  src=\"https:\/\/www.lxbchip.com\/wp-content\/themes\/woodmart\/images\/lazy.svg\" data-src=\"https:\/\/www.lxbchip.com\/wp-content\/uploads\/2025\/12\/logitech-g735-icon-3-1.svg\" loading=\"lazy\" width=\"64\" height=\"64\"><\/div>\t\t\t\t\t\t\t\t\t\t\t\t\t\t\t\n\t\t\t\t\t\t\t<\/div>\n\t\t\t\t\t\t<\/div>\n\t\t\t\t\t\t\t\t\t\t<div class=\"info-box-content\">\n\t\t\t\t\t\t<h4 class=\"info-box-title title box-title-style-default wd-fontsize-m\">DC-Schnellladestationen<\/h4>\t\t\t\t\t\t<div class=\"info-box-inner reset-last-child\"><p>Hochspannungs-Leistungshalbleiter, analoge Pr\u00e4zisions- und Mess-ICs, digitale Steuerungen, DSPs und FPGAs, Hochgeschwindigkeits-Isolations- und Schutzger\u00e4te<\/p>\n<\/div>\n\n\t\t\t\t\t\t\t\t\t\t\t<\/div>\n\n\t\t\t\t\t\n\t\t\t\t\t\t\t\t\t<\/div>\n\t\t\t<\/div>\n\t\t\t\t\t\t\t\t<\/div>\n\t\t\t\t\t<\/div>\n\n\t\t\t\t\t\t\t\t\t\t\t\t\t<div class=\"wd-nav-arrows wd-pos-sep wd-hover-1 wd-icon-1\">\n\t\t\t<div class=\"wd-btn-arrow wd-prev wd-disabled\">\n\t\t\t\t<div class=\"wd-arrow-inner\"><\/div>\n\t\t\t<\/div>\n\t\t\t<div class=\"wd-btn-arrow wd-next\">\n\t\t\t\t<div class=\"wd-arrow-inner\"><\/div>\n\t\t\t<\/div>\n\t\t<\/div>\n\t\t\t\t\t\t\t\t\t\t\t<\/div>\n\n\t\t\t\t\t\t\t\t\t\t\t<\/div>\n\t\t<\/div><\/div><\/div><\/div><div class=\"vc_row wpb_row vc_row-fluid wd-rs-6377819b27d07\"><div class=\"wpb_column vc_column_container vc_col-sm-12 wd-rs-63514db6c5d19\"><div class=\"vc_column-inner vc_custom_1666272699823\"><div class=\"wpb_wrapper\">\n\t\t<div id=\"wd-6940bb32be08b\" class=\"title-wrapper wd-wpb wd-set-mb reset-last-child  wd-rs-6940bb32be08b wd-title-color-default wd-title-style-default text-left vc_custom_1765849930170 wd-underline-colored\">\n\t\t\t\n\t\t\t<div class=\"liner-continer\">\n\t\t\t\t<h4 class=\"woodmart-title-container title  wd-font-weight- wd-fontsize-m\" >Elektronische Komponenten f\u00fcr EV-Ladeger\u00e4teanwendungen<\/h4>\n\t\t\t\t\t\t\t<\/div>\n\t\t\t\n\t\t\t\n\t\t\t\n\t\t<\/div>\n\t\t\n\t\t\t\t<div id=\"wd-6940bb142d2e6\" class=\"wd-text-block wd-wpb reset-last-child wd-rs-6940bb142d2e6 text-left\">\n\t\t\t<article class=\"text-token-text-primary w-full focus:outline-none &#091;--shadow-height:45px&#093; has-data-writing-block:pointer-events-none has-data-writing-block:-mt-(--shadow-height) has-data-writing-block:pt-(--shadow-height) &#091;&amp;:has(&#091;data-writing-block&#093;)&gt;*&#093;:pointer-events-auto scroll-mt-&#091;calc(var(--header-height)+min(200px,max(70px,20svh)))&#093;\" dir=\"auto\" tabindex=\"-1\" data-turn-id=\"ef837c3d-8107-4690-90a2-851d8ff66c7a\" data-testid=\"conversation-turn-2\" data-scroll-anchor=\"false\" data-turn=\"assistant\">\n<div class=\"text-base my-auto mx-auto &#091;--thread-content-margin:--spacing(4)&#093; @w-sm\/main:&#091;--thread-content-margin:--spacing(6)&#093; @w-lg\/main:&#091;--thread-content-margin:--spacing(16)&#093; px-(--thread-content-margin)\">\n<div class=\"&#091;--thread-content-max-width:40rem&#093; @w-lg\/main:&#091;--thread-content-max-width:48rem&#093; mx-auto max-w-(--thread-content-max-width) flex-1 group\/turn-messages focus-visible:outline-hidden relative flex w-full min-w-0 flex-col agent-turn\" tabindex=\"-1\">\n<div class=\"flex max-w-full flex-col grow\">\n<div class=\"min-h-8 text-message relative flex w-full flex-col items-end gap-2 text-start break-words whitespace-normal &#091;.text-message+&amp;&#093;:mt-1\" dir=\"auto\" data-message-author-role=\"assistant\" data-message-id=\"0d859a0e-b370-4790-8c61-0426cb3e22ec\" data-message-model-slug=\"gpt-5-2\">\n<div class=\"flex w-full flex-col gap-1 empty:hidden first:pt-&#091;1px&#093;\">\n<div class=\"markdown prose dark:prose-invert w-full break-words light markdown-new-styling\">\n<p data-start=\"3051\" data-end=\"3205\">LXB Semicon liefert eine breite Palette von <strong><span style=\"color: #ff6600;\">elektronische Komponenten f\u00fcr die Automobilindustrie und die Industrie<\/span><\/strong> die in EV-Ladesystemen verwendet werden, darunter Produkte von:<\/p>\n<p data-start=\"3207\" data-end=\"3321\"><strong>XILINX, ADI, TI, NXP, INFINEON, MICROCHIP, ON, MAXIM\/DALLAS, NEXPERIA, VISHAY, DIODEN, AVAGO, FREESCALE<\/strong>, und mehr.<\/p>\n<p data-start=\"3323\" data-end=\"3356\">Unser Komponentenportfolio unterst\u00fctzt:<\/p>\n<ul data-start=\"3357\" data-end=\"3498\">\n<li data-start=\"3357\" data-end=\"3392\">\n<p data-start=\"3359\" data-end=\"3392\">Energieumwandlung und -verwaltung<\/p>\n<\/li>\n<li data-start=\"3393\" data-end=\"3422\">\n<p data-start=\"3395\" data-end=\"3422\">Kontrolle und Kommunikation<\/p>\n<\/li>\n<li data-start=\"3423\" data-end=\"3460\">\n<p data-start=\"3425\" data-end=\"3460\">Sicherheit, Schutz und Isolierung<\/p>\n<\/li>\n<li data-start=\"3461\" data-end=\"3498\">\n<p data-start=\"3463\" data-end=\"3498\">System\u00fcberwachung und -diagnose<\/p>\n<\/li>\n<\/ul>\n<\/div>\n<\/div>\n<\/div>\n<\/div>\n<\/div>\n<\/div>\n<\/article>\n<article class=\"text-token-text-primary w-full focus:outline-none &#091;--shadow-height:45px&#093; has-data-writing-block:pointer-events-none has-data-writing-block:-mt-(--shadow-height) has-data-writing-block:pt-(--shadow-height) &#091;&amp;:has(&#091;data-writing-block&#093;)&gt;*&#093;:pointer-events-auto scroll-mt-(--header-height)\" dir=\"auto\" tabindex=\"-1\" data-turn-id=\"667e5748-dcd9-406a-8a29-e58d6677d5ab\" data-testid=\"conversation-turn-3\" data-scroll-anchor=\"false\" data-turn=\"user\"><\/article>\n<p>\u00a0<\/p>\n\t\t<\/div>\n\t\t\t\t<div id=\"wd-6940cc750e30b\" class=\"wd-image wd-wpb wd-rs-6940cc750e30b text-center vc_custom_1765854350372\">\n\t\t\t\n\t\t\t<img loading=\"lazy\" decoding=\"async\" width=\"600\" height=\"338\" src=\"https:\/\/www.lxbchip.com\/wp-content\/uploads\/2025\/12\/electric-vehicle.jpg\" class=\"attachment-600x338 size-600x338\" alt=\"\" srcset=\"https:\/\/www.lxbchip.com\/wp-content\/uploads\/2025\/12\/electric-vehicle.jpg 600w, https:\/\/www.lxbchip.com\/wp-content\/uploads\/2025\/12\/electric-vehicle-150x85.jpg 150w, https:\/\/www.lxbchip.com\/wp-content\/uploads\/2025\/12\/electric-vehicle-300x169.jpg 300w, https:\/\/www.lxbchip.com\/wp-content\/uploads\/2025\/12\/electric-vehicle-18x10.jpg 18w\" sizes=\"auto, (max-width: 600px) 100vw, 600px\" \/>\n\t\t\t\t\t<\/div>\n\t\t\n\t\t<div id=\"wd-6940bdc85739d\" class=\"title-wrapper wd-wpb wd-set-mb reset-last-child  wd-rs-6940bdc85739d wd-title-color-default wd-title-style-default text-left vc_custom_1765850654928 wd-underline-colored\">\n\t\t\t\n\t\t\t<div class=\"liner-continer\">\n\t\t\t\t<h4 class=\"woodmart-title-container title  wd-font-weight- wd-fontsize-m\" >Warum EV-Ladeger\u00e4tehersteller mit LXB Semicon zusammenarbeiten<\/h4>\n\t\t\t\t\t\t\t<\/div>\n\t\t\t\n\t\t\t\n\t\t\t\n\t\t<\/div>\n\t\t\n\t\t\t\t<div id=\"wd-6940bdc1846a9\" class=\"wd-text-block wd-wpb reset-last-child wd-rs-6940bdc1846a9 text-left\">\n\t\t\t<p>Die Komponenten werden von unserem internen Qualit\u00e4tskontrollteam gepr\u00fcft, um das Risiko zu verringern.<\/p>\n\t\t<\/div>\n\t\t\t\t<div id=\"gallery_779\" class=\"wd-images-gallery wd-wpb wd-rs-693fb75d8471e vc_custom_1765783391617 photoswipe-images\" style=\"--wd-justify-content:center;--wd-align-items:center;\">\n\t\t\t\n\t\t\t<div class=\"wd-grid-g\" style=\"--wd-col-lg:3;--wd-col-md:3;--wd-col-sm:1;--wd-gap-lg:20px;--wd-gap-sm:10px;\">\n\t\t\t\t\n\t\t\t\t\t\t\t\t\t\t\t\t\t\n\t\t\t\t\t\t\t<\/div>\n\n\t\t\t\t\t<\/div>\n\t\t<\/div><\/div><\/div><\/div><div class=\"vc_row wpb_row vc_row-fluid vc_custom_1628576405426 wd-rs-61121a910fc4f\"><div class=\"wpb_column vc_column_container vc_col-sm-4 vc_col-lg-4 vc_col-md-4 vc_col-xs-12 wd-rs-61121a8376dee\"><div class=\"vc_column-inner vc_custom_1628576391085\"><div class=\"wpb_wrapper\">\t\t<div class=\"promo-banner-wrapper  wd-rs-6940ccb8a3dbb  wd-width-custom\">\n\t\t\t<div id=\"wd-6940ccb8a3dbb\" class=\"promo-banner  banner-background banner-hover-parallax color-scheme-dark banner-btn-size-small banner-btn-style-link  wd-with-link wd-underline-colored\">\n\t\t\t\t<div class=\"main-wrapp-img\">\n\t\t\t\t\t<div class=\"banner-image wd-bg-position-center\" >\n\t\t\t\t\t\t<img loading=\"lazy\" decoding=\"async\" width=\"300\" height=\"300\" src=\"https:\/\/www.lxbchip.com\/wp-content\/uploads\/2025\/12\/90-1-300x300.jpg\" class=\"attachment-300x300 size-300x300\" alt=\"\" \/>\t\t\t\t\t<\/div>\n\t\t\t\t<\/div>\n\n\t\t\t\t<div class=\"wrapper-content-banner wd-fill  wd-items-middle wd-justify-center\">\n\t\t\t\t\t<div class=\"content-banner  text-center\">\n\t\t\t\t\t\t<h4 class=\"banner-title wd-font-weight-400 wd-fontsize-l\">Kompetenz in der Automobil- und Leistungselektronik<\/h4>\t\t\t\t\t\t\t\t\t\t\t\t\t<div class=\"banner-inner reset-last-child wd-fontsize-xs\">\n\t\t\t\t\t\t\t\t<p><span style=\"color: #000000;\">LXB Semicon konzentriert sich auf Ladeanwendungen f\u00fcr Kraftfahrzeuge und Elektrofahrzeuge und unterst\u00fctzt reale Ladeger\u00e4teprojekte mit bew\u00e4hrten Komponenten und nicht mit generischen Unterhaltungselektronikl\u00f6sungen.<\/span><\/p>\n\t\t\t\t\t\t\t<\/div>\n\t\t\t\t\t\t\n\t\t\t\t\t\t\n\t\t\t\t\t\t\t\t\t\t\t<\/div>\n\t\t\t\t<\/div>\n\n\t\t\t\t\t\t\t\t\t<a class=\"wd-promo-banner-link wd-fill\" aria-label=\"Banner-Link\" href=\"#\" title=\"\"><\/a>\n\t\t\t\t\n\t\t\t\t\t\t\t<\/div>\n\t\t<\/div>\n\n\t\t<\/div><\/div><\/div><div class=\"wpb_column vc_column_container vc_col-sm-4 vc_col-lg-4 vc_col-md-4 vc_col-xs-12 wd-rs-61121a88c3793\"><div class=\"vc_column-inner vc_custom_1628576395208\"><div class=\"wpb_wrapper\">\t\t<div class=\"promo-banner-wrapper  wd-rs-6940ccc559942  wd-width-custom\">\n\t\t\t<div id=\"wd-6940ccc559942\" class=\"promo-banner  banner-background banner-hover-parallax color-scheme-dark banner-btn-size-small banner-btn-style-link  wd-with-link wd-underline-colored\">\n\t\t\t\t<div class=\"main-wrapp-img\">\n\t\t\t\t\t<div class=\"banner-image wd-bg-position-center\" >\n\t\t\t\t\t\t<img loading=\"lazy\" decoding=\"async\" width=\"300\" height=\"300\" src=\"https:\/\/www.lxbchip.com\/wp-content\/uploads\/2025\/12\/electronic--300x300.jpg\" class=\"attachment-300x300 size-300x300\" alt=\"\" \/>\t\t\t\t\t<\/div>\n\t\t\t\t<\/div>\n\n\t\t\t\t<div class=\"wrapper-content-banner wd-fill  wd-items-middle wd-justify-center\">\n\t\t\t\t\t<div class=\"content-banner  text-center\">\n\t\t\t\t\t\t<h4 class=\"banner-title wd-font-weight-400 wd-fontsize-l\">Qualit\u00e4t, R\u00fcckverfolgbarkeit und Lieferzuverl\u00e4ssigkeit<\/h4>\t\t\t\t\t\t\t\t\t\t\t\t\t<div class=\"banner-inner reset-last-child wd-fontsize-xs\">\n\t\t\t\t\t\t\t\t<p><span style=\"color: #000000;\">Alle Komponenten werden durch strenge interne Qualit\u00e4tskontrollen und r\u00fcckverfolgbare Lieferprozesse gehandhabt, was den Kunden hilft, die Anforderungen an Compliance, Zertifizierung und langfristige Projektstabilit\u00e4t zu erf\u00fcllen.<\/span><\/p>\n\t\t\t\t\t\t\t<\/div>\n\t\t\t\t\t\t\n\t\t\t\t\t\t\n\t\t\t\t\t\t\t\t\t\t\t<\/div>\n\t\t\t\t<\/div>\n\n\t\t\t\t\t\t\t\t\t<a class=\"wd-promo-banner-link wd-fill\" aria-label=\"Banner-Link\" href=\"#\" title=\"\"><\/a>\n\t\t\t\t\n\t\t\t\t\t\t\t<\/div>\n\t\t<\/div>\n\n\t\t<\/div><\/div><\/div><div class=\"wpb_column vc_column_container vc_col-sm-4 vc_col-lg-4 vc_col-md-4 vc_col-xs-12 wd-rs-61121a8ce65d4\"><div class=\"vc_column-inner vc_custom_1628576399193\"><div class=\"wpb_wrapper\">\t\t<div class=\"promo-banner-wrapper  wd-rs-6940ccd1ad2c5  wd-width-custom\">\n\t\t\t<div id=\"wd-6940ccd1ad2c5\" class=\"promo-banner  banner-background banner-hover-parallax color-scheme-dark banner-btn-size-small banner-btn-style-link  wd-with-link wd-underline-colored\">\n\t\t\t\t<div class=\"main-wrapp-img\">\n\t\t\t\t\t<div class=\"banner-image wd-bg-position-center\" >\n\t\t\t\t\t\t<img loading=\"lazy\" decoding=\"async\" width=\"300\" height=\"300\" src=\"https:\/\/www.lxbchip.com\/wp-content\/uploads\/2025\/12\/around-city-300x300.jpg\" class=\"attachment-300x300 size-300x300\" alt=\"\" \/>\t\t\t\t\t<\/div>\n\t\t\t\t<\/div>\n\n\t\t\t\t<div class=\"wrapper-content-banner wd-fill  wd-items-middle wd-justify-center\">\n\t\t\t\t\t<div class=\"content-banner  text-center\">\n\t\t\t\t\t\t<h4 class=\"banner-title wd-font-weight-400 wd-fontsize-l\">Engineering-gef\u00fchrte Unterst\u00fctzung der Lieferkette<\/h4>\t\t\t\t\t\t\t\t\t\t\t\t\t<div class=\"banner-inner reset-last-child wd-fontsize-xs\">\n\t\t\t\t\t\t\t\t<p><span style=\"color: #000000;\">Von der Mustervalidierung bis zur Serienproduktion arbeitet unser Team direkt mit Ingenieuren und Einkaufsteams zusammen, um Herausforderungen bei der Komponentenauswahl, der Verf\u00fcgbarkeit und dem Lebenszyklus zu bew\u00e4ltigen.<\/span><\/p>\n\t\t\t\t\t\t\t<\/div>\n\t\t\t\t\t\t\n\t\t\t\t\t\t\n\t\t\t\t\t\t\t\t\t\t\t<\/div>\n\t\t\t\t<\/div>\n\n\t\t\t\t\t\t\t\t\t<a class=\"wd-promo-banner-link wd-fill\" aria-label=\"Banner-Link\" href=\"#\" title=\"\"><\/a>\n\t\t\t\t\n\t\t\t\t\t\t\t<\/div>\n\t\t<\/div>\n\n\t\t<\/div><\/div><\/div><\/div><div class=\"vc_row wpb_row vc_row-fluid vc_custom_1765796077325 wd-rs-693fe8d77ff97\"><div class=\"wpb_column vc_column_container vc_col-sm-12\"><div class=\"vc_column-inner\"><div class=\"wpb_wrapper\">\n\t\t<div id=\"wd-6940bf44331c0\" class=\"title-wrapper wd-wpb wd-set-mb reset-last-child  wd-rs-6940bf44331c0 wd-title-color-default wd-title-style-underlined text-center  wd-underline-colored\">\n\t\t\t\t\t\t\t\n\t\t\t\t<div class=\"title-subtitle  subtitle-color-default font-default subtitle-style-default wd-font-weight- wd-fontsize-xs\">LXB Halbleiter<\/div>\n\t\t\t\n\t\t\t<div class=\"liner-continer\">\n\t\t\t\t<h4 class=\"woodmart-title-container title  wd-font-weight-600 wd-fontsize-l\" >Unterst\u00fctzung f\u00fcr die Zukunft der Ladeinfrastruktur f\u00fcr Elektrofahrzeuge<\/h4>\n\t\t\t\t\t\t\t<\/div>\n\t\t\t\n\t\t\t\t\t\t\t<div class=\"title-after_title reset-last-child  wd-fontsize-xs\">Mit der zunehmenden Verbreitung von Elektrofahrzeugen auf der ganzen Welt m\u00fcssen die Ladesysteme h\u00f6here Anforderungen an Effizienz, Sicherheit und Zuverl\u00e4ssigkeit erf\u00fcllen. LXB Semicon hilft den Herstellern von EV-Ladeger\u00e4ten, das Risiko in der Lieferkette zu reduzieren und die Produktentwicklung durch zuverl\u00e4ssige Beschaffung von elektronischen Komponenten und professionelle Unterst\u00fctzung zu beschleunigen.<\/p>\n<p>Wenn Sie EV-Ladeger\u00e4te oder Ladeinfrastruktur f\u00fcr Kraftfahrzeuge entwickeln oder herstellen, ist unser Team bereit, Ihr Projekt zu unterst\u00fctzen.<\/div>\n\t\t\t\n\t\t\t\n\t\t<\/div>\n\t\t\n\t\t<\/div><\/div><\/div><\/div>\n<\/div>","protected":false},"excerpt":{"rendered":"EV Charger Electronics Solutions for Transportation &amp; Automotive EV charging infrastructure electronics have become a core focus for automotive and","protected":false},"author":1,"featured_media":0,"parent":0,"menu_order":0,"comment_status":"closed","ping_status":"closed","template":"","meta":{"_acf_changed":false,"footnotes":""},"class_list":["post-8552","page","type-page","status-publish","hentry"],"acf":[],"aioseo_notices":[],"_links":{"self":[{"href":"https:\/\/www.lxbchip.com\/de\/wp-json\/wp\/v2\/pages\/8552","targetHints":{"allow":["GET"]}}],"collection":[{"href":"https:\/\/www.lxbchip.com\/de\/wp-json\/wp\/v2\/pages"}],"about":[{"href":"https:\/\/www.lxbchip.com\/de\/wp-json\/wp\/v2\/types\/page"}],"author":[{"embeddable":true,"href":"https:\/\/www.lxbchip.com\/de\/wp-json\/wp\/v2\/users\/1"}],"replies":[{"embeddable":true,"href":"https:\/\/www.lxbchip.com\/de\/wp-json\/wp\/v2\/comments?post=8552"}],"version-history":[{"count":13,"href":"https:\/\/www.lxbchip.com\/de\/wp-json\/wp\/v2\/pages\/8552\/revisions"}],"predecessor-version":[{"id":8790,"href":"https:\/\/www.lxbchip.com\/de\/wp-json\/wp\/v2\/pages\/8552\/revisions\/8790"}],"wp:attachment":[{"href":"https:\/\/www.lxbchip.com\/de\/wp-json\/wp\/v2\/media?parent=8552"}],"curies":[{"name":"wp","href":"https:\/\/api.w.org\/{rel}","templated":true}]}}