{"id":8539,"date":"2025-12-15T19:37:14","date_gmt":"2025-12-15T11:37:14","guid":{"rendered":"https:\/\/www.lxbchip.com\/?page_id=8539"},"modified":"2025-12-20T15:57:29","modified_gmt":"2025-12-20T07:57:29","slug":"lot-resource-center-overview","status":"publish","type":"page","link":"https:\/\/www.lxbchip.com\/de\/lot-resource-center-overview\/","title":{"rendered":"loT Resource Center \u00dcberblick"},"content":{"rendered":"<div class=\"wpb-content-wrapper\"><div class=\"vc_row wpb_row vc_row-fluid vc_custom_1765779186129 wd-rs-693fa6ea5c73f\"><div class=\"wpb_column vc_column_container vc_col-sm-12 wd-rs-63514c8260958\"><div class=\"vc_column-inner vc_custom_1666272391679\"><div class=\"wpb_wrapper\">\n\t\t<div id=\"wd-694656d1d9f5b\" class=\"title-wrapper wd-wpb wd-set-mb reset-last-child  wd-rs-694656d1d9f5b wd-title-color-default wd-title-style-default text-center  wd-underline-colored\">\n\t\t\t\n\t\t\t<div class=\"liner-continer\">\n\t\t\t\t<h4 class=\"woodmart-title-container title  wd-font-weight- wd-fontsize-m\" >IoT-Ressourcenl\u00f6sungen<\/h4>\n\t\t\t\t\t\t\t<\/div>\n\t\t\t\n\t\t\t\t\t\t\t<div class=\"title-after_title reset-last-child  wd-fontsize-xs\">Vertrauensw\u00fcrdige elektronische Komponenten und Unterst\u00fctzung der Lieferkette f\u00fcr vernetzte Systeme.<\/div>\n\t\t\t\n\t\t\t\n\t\t<\/div>\n\t\t\n\t\t\t\t<div id=\"wd-693ff5042a8d3\" class=\"wd-image wd-wpb wd-rs-693ff5042a8d3 text-center\">\n\t\t\t\n\t\t\t<img loading=\"lazy\" decoding=\"async\" width=\"600\" height=\"329\" src=\"https:\/\/www.lxbchip.com\/wp-content\/uploads\/2025\/12\/iot_text_1.jpg\" class=\"attachment-600x343 size-600x343\" alt=\"\" srcset=\"https:\/\/www.lxbchip.com\/wp-content\/uploads\/2025\/12\/iot_text_1.jpg 600w, https:\/\/www.lxbchip.com\/wp-content\/uploads\/2025\/12\/iot_text_1-150x82.jpg 150w, https:\/\/www.lxbchip.com\/wp-content\/uploads\/2025\/12\/iot_text_1-300x165.jpg 300w, https:\/\/www.lxbchip.com\/wp-content\/uploads\/2025\/12\/iot_text_1-18x10.jpg 18w\" sizes=\"auto, (max-width: 600px) 100vw, 600px\" \/>\n\t\t\t\t\t<\/div>\n\t\t\t\t<div id=\"wd-693ff54082dec\" class=\"wd-text-block wd-wpb reset-last-child wd-rs-693ff54082dec text-center vc_custom_1765799633131\">\n\t\t\t<div class=\"flex flex-col text-sm @w-xl\/main:pt-header-height pb-25\">\n<article class=\"text-token-text-primary w-full focus:outline-none &#091;--shadow-height:45px&#093; has-data-writing-block:pointer-events-none has-data-writing-block:-mt-(--shadow-height) has-data-writing-block:pt-(--shadow-height) &#091;&amp;:has(&#091;data-writing-block&#093;)&gt;*&#093;:pointer-events-auto scroll-mt-&#091;calc(var(--header-height)+min(200px,max(70px,20svh)))&#093;\" dir=\"auto\" tabindex=\"-1\" data-turn-id=\"request-WEB:4df86dff-3bf5-4179-906a-0ffa94fce0a2-4\" data-testid=\"conversation-turn-10\" data-scroll-anchor=\"true\" data-turn=\"assistant\">\n<div class=\"text-base my-auto mx-auto pb-10 &#091;--thread-content-margin:--spacing(4)&#093; @w-sm\/main:&#091;--thread-content-margin:--spacing(6)&#093; @w-lg\/main:&#091;--thread-content-margin:--spacing(16)&#093; px-(--thread-content-margin)\">\n<div class=\"&#091;--thread-content-max-width:40rem&#093; @w-lg\/main:&#091;--thread-content-max-width:48rem&#093; mx-auto max-w-(--thread-content-max-width) flex-1 group\/turn-messages focus-visible:outline-hidden relative flex w-full min-w-0 flex-col agent-turn\" tabindex=\"-1\">\n<div class=\"flex max-w-full flex-col grow\">\n<div class=\"min-h-8 text-message relative flex w-full flex-col items-end gap-2 text-start break-words whitespace-normal &#091;.text-message+&amp;&#093;:mt-1\" dir=\"auto\" data-message-author-role=\"assistant\" data-message-id=\"27b267f3-ab48-4550-8cfe-e692a4c37bff\" data-message-model-slug=\"gpt-5-2\">\n<div class=\"flex w-full flex-col gap-1 empty:hidden first:pt-&#091;1px&#093;\">\n<div class=\"markdown prose dark:prose-invert w-full break-words light markdown-new-styling\">\n<p data-start=\"345\" data-end=\"772\">Shenzhen Lianxinbang (LXB Semicon) Technology Co., Ltd. unterst\u00fctzt Hersteller von IoT-Ger\u00e4ten, L\u00f6sungsanbieter und Ingenieurteams mit zuverl\u00e4ssigen elektronischen Komponenten und stabilen Versorgungsl\u00f6sungen f\u00fcr den gesamten IoT-Technologiebereich. Mit mehr als 30 erfahrenen Fachleuten und einer Niederlassung im Elektronikzentrum von Shenzhen bieten wir praktische Unterst\u00fctzung f\u00fcr vernetzte Produkte vom fr\u00fchen Design bis zur Serienproduktion.<\/p>\n<p data-start=\"774\" data-end=\"999\">Unser Komponentenportfolio und unsere Beschaffungskapazit\u00e4ten decken die wichtigsten IoT-Konnektivit\u00e4ts-, Verarbeitungs-, Sensor- und Stromversorgungsanforderungen ab und unterst\u00fctzen unsere Kunden beim Management von Leistung, Compliance und Kontinuit\u00e4t im Lebenszyklus in den sich schnell entwickelnden IoT-M\u00e4rkten.<\/p>\n<\/div>\n<\/div>\n<\/div>\n<\/div>\n<div class=\"z-0 flex min-h-&#091;46px&#093; justify-start\"><\/div>\n<div class=\"mt-3 w-full empty:hidden\">\n<div class=\"text-center\"><\/div>\n<\/div>\n<\/div>\n<\/div>\n<\/article>\n<\/div>\n<div class=\"pointer-events-none h-px w-px absolute bottom-0\" aria-hidden=\"true\" data-edge=\"true\"><\/div>\n\t\t<\/div>\n\t\t<\/div><\/div><\/div><\/div><div class=\"vc_row wpb_row vc_row-fluid vc_custom_1666272691679 wd-rs-63514da96d73a\"><div class=\"wpb_column vc_column_container vc_col-sm-12 wd-rs-63514c870daab\"><div class=\"vc_column-inner vc_custom_1666272395956\"><div class=\"wpb_wrapper\">\n\t\t<div id=\"wd-693ff794d23a6\" class=\"title-wrapper wd-wpb wd-set-mb reset-last-child  wd-rs-693ff794d23a6 wd-title-color-default wd-title-style-default text-left vc_custom_1765799834596 wd-underline-colored\">\n\t\t\t\n\t\t\t<div class=\"liner-continer\">\n\t\t\t\t<h4 class=\"woodmart-title-container title  wd-font-weight- wd-fontsize-m\" >Konnektivit\u00e4tstechnologien<\/h4>\n\t\t\t\t\t\t\t<\/div>\n\t\t\t\n\t\t\t\n\t\t\t\n\t\t<\/div>\n\t\t\n\t\t\t\t<div id=\"wd-693ffc19794da\" class=\"wd-text-block wd-wpb reset-last-child wd-rs-693ffc19794da text-left vc_custom_1765801175260\">\n\t\t\t<p>Moderne IoT-Systeme basieren auf mehreren drahtlosen Technologien, abh\u00e4ngig von Reichweite, Bandbreite, Stromverbrauch und Einsatzumgebung. Die von uns gelieferten Komponenten werden h\u00e4ufig in Modulen, Gateways, Edge Devices und eingebetteten Kommunikationssystemen eingesetzt.<\/p>\n\t\t<\/div>\n\t\t\t\t\t<div id=\"carousel-149\" class=\"wd-carousel-container info-box-carousel-wrapper wd-wpb  vc_custom_1765778087335 wd-rs-693fa295581c3\">\n\t\t\t\t<div class=\"wd-carousel-inner\">\n\t\t\t\t\t<div class=\"wd-carousel wd-grid info-box-carousel\" data-scroll_per_page=\"yes\" style=\"--wd-col-lg:4;--wd-col-md:4;--wd-col-sm:1;--wd-gap-lg:10px;\">\n\t\t\t\t\t\t<div class=\"wd-carousel-wrap\">\n\t\t\t\t\t\t\t\t\t\t<div class=\"info-box-wrapper wd-carousel-item\">\n\t\t\t\t<div id=\"wd-693ffba0e19be\" class=\"wd-rs-693ffba0e19be wd-info-box wd-wpb text-center box-icon-align-top box-style- color-scheme- wd-bg-none vc_custom_1765800911608\">\n\t\t\t\t\t\t\t\t\t\t\t<div class=\"box-icon-wrapper  box-with-icon box-icon-simple\">\n\t\t\t\t\t\t\t<div class=\"info-box-icon\">\n\n\t\t\t\t\t\t\t\n\t\t\t\t\t\t\t\t\t\t\t\t\t\t\t\t\t<div class=\"info-svg-wrapper\" style=\"width: 64px;height: 64px;\"><img decoding=\"async\"  src=\"https:\/\/www.lxbchip.com\/wp-content\/themes\/woodmart\/images\/lazy.svg\" data-src=\"https:\/\/www.lxbchip.com\/wp-content\/uploads\/2025\/12\/logitech-g735-icon-1-1.svg\" loading=\"lazy\" width=\"64\" height=\"64\"><\/div>\t\t\t\t\t\t\t\t\t\t\t\t\t\t\t\n\t\t\t\t\t\t\t<\/div>\n\t\t\t\t\t\t<\/div>\n\t\t\t\t\t\t\t\t\t\t<div class=\"info-box-content\">\n\t\t\t\t\t\t\t\t\t\t\t\t<div class=\"info-box-inner reset-last-child\"><p>Matter-\u00d6kosystem-Ger\u00e4te f\u00fcr die Interoperabilit\u00e4t von Smart Home<\/p>\n<\/div>\n\n\t\t\t\t\t\t\t\t\t\t\t<\/div>\n\n\t\t\t\t\t\n\t\t\t\t\t\t\t\t\t<\/div>\n\t\t\t<\/div>\n\t\t\t\t\t<div class=\"info-box-wrapper wd-carousel-item\">\n\t\t\t\t<div id=\"wd-693ffbe1422da\" class=\"wd-rs-693ffbe1422da wd-info-box wd-wpb text-center box-icon-align-top box-style- color-scheme- wd-bg-none vc_custom_1765800963439\">\n\t\t\t\t\t\t\t\t\t\t\t<div class=\"box-icon-wrapper  box-with-icon box-icon-simple\">\n\t\t\t\t\t\t\t<div class=\"info-box-icon\">\n\n\t\t\t\t\t\t\t\n\t\t\t\t\t\t\t\t\t\t\t\t\t\t\t\t\t<div class=\"info-svg-wrapper\" style=\"width: 64px;height: 64px;\"><img decoding=\"async\"  src=\"https:\/\/www.lxbchip.com\/wp-content\/themes\/woodmart\/images\/lazy.svg\" data-src=\"https:\/\/www.lxbchip.com\/wp-content\/uploads\/2025\/12\/logitech-g735-icon-2-1.svg\" loading=\"lazy\" width=\"64\" height=\"64\"><\/div>\t\t\t\t\t\t\t\t\t\t\t\t\t\t\t\n\t\t\t\t\t\t\t<\/div>\n\t\t\t\t\t\t<\/div>\n\t\t\t\t\t\t\t\t\t\t<div class=\"info-box-content\">\n\t\t\t\t\t\t\t\t\t\t\t\t<div class=\"info-box-inner reset-last-child\"><p>5G und zellulares IoT f\u00fcr Anwendungen mit hoher Datenrate und niedriger Latenz<\/p>\n<\/div>\n\n\t\t\t\t\t\t\t\t\t\t\t<\/div>\n\n\t\t\t\t\t\n\t\t\t\t\t\t\t\t\t<\/div>\n\t\t\t<\/div>\n\t\t\t\t\t<div class=\"info-box-wrapper wd-carousel-item\">\n\t\t\t\t<div id=\"wd-693ffbb793a6b\" class=\"wd-rs-693ffbb793a6b wd-info-box wd-wpb text-center box-icon-align-top box-style- color-scheme- wd-bg-none vc_custom_1765800894209\">\n\t\t\t\t\t\t\t\t\t\t\t<div class=\"box-icon-wrapper  box-with-icon box-icon-simple\">\n\t\t\t\t\t\t\t<div class=\"info-box-icon\">\n\n\t\t\t\t\t\t\t\n\t\t\t\t\t\t\t\t\t\t\t\t\t\t\t\t\t<div class=\"info-svg-wrapper\" style=\"width: 64px;height: 64px;\"><img decoding=\"async\"  src=\"https:\/\/www.lxbchip.com\/wp-content\/themes\/woodmart\/images\/lazy.svg\" data-src=\"https:\/\/www.lxbchip.com\/wp-content\/uploads\/2025\/12\/logitech-g735-icon-3-1.svg\" loading=\"lazy\" width=\"64\" height=\"64\"><\/div>\t\t\t\t\t\t\t\t\t\t\t\t\t\t\t\n\t\t\t\t\t\t\t<\/div>\n\t\t\t\t\t\t<\/div>\n\t\t\t\t\t\t\t\t\t\t<div class=\"info-box-content\">\n\t\t\t\t\t\t\t\t\t\t\t\t<div class=\"info-box-inner reset-last-child\"><p>Wi-Fi und Bluetooth f\u00fcr Gateways f\u00fcr Verbraucher, intelligente Geb\u00e4ude und Industrie<\/p>\n<\/div>\n\n\t\t\t\t\t\t\t\t\t\t\t<\/div>\n\n\t\t\t\t\t\n\t\t\t\t\t\t\t\t\t<\/div>\n\t\t\t<\/div>\n\t\t\t\t\t<div class=\"info-box-wrapper wd-carousel-item\">\n\t\t\t\t<div id=\"wd-693ffc0716dd5\" class=\"wd-rs-693ffc0716dd5 wd-info-box wd-wpb text-center box-icon-align-top box-style- color-scheme- wd-bg-none vc_custom_1765800981566\">\n\t\t\t\t\t\t\t\t\t\t\t<div class=\"box-icon-wrapper  box-with-icon box-icon-simple\">\n\t\t\t\t\t\t\t<div class=\"info-box-icon\">\n\n\t\t\t\t\t\t\t\n\t\t\t\t\t\t\t\t\t\t\t\t\t\t\t\t\t<div class=\"info-svg-wrapper\" style=\"width: 64px;height: 64px;\"><img decoding=\"async\"  src=\"https:\/\/www.lxbchip.com\/wp-content\/themes\/woodmart\/images\/lazy.svg\" data-src=\"https:\/\/www.lxbchip.com\/wp-content\/uploads\/2025\/12\/logitech-g735-icon-3-1.svg\" loading=\"lazy\" width=\"64\" height=\"64\"><\/div>\t\t\t\t\t\t\t\t\t\t\t\t\t\t\t\n\t\t\t\t\t\t\t<\/div>\n\t\t\t\t\t\t<\/div>\n\t\t\t\t\t\t\t\t\t\t<div class=\"info-box-content\">\n\t\t\t\t\t\t\t\t\t\t\t\t<div class=\"info-box-inner reset-last-child\"><p>LoRa und LPWAN f\u00fcr Industrie- und Umwelt\u00fcberwachung mit gro\u00dfer Reichweite und geringem Stromverbrauch<\/p>\n<\/div>\n\n\t\t\t\t\t\t\t\t\t\t\t<\/div>\n\n\t\t\t\t\t\n\t\t\t\t\t\t\t\t\t<\/div>\n\t\t\t<\/div>\n\t\t\t\t\t\t\t\t<\/div>\n\t\t\t\t\t<\/div>\n\n\t\t\t\t\t\t\t\t\t\t\t\t\t<div class=\"wd-nav-arrows wd-pos-sep wd-hover-1 wd-icon-1\">\n\t\t\t<div class=\"wd-btn-arrow wd-prev wd-disabled\">\n\t\t\t\t<div class=\"wd-arrow-inner\"><\/div>\n\t\t\t<\/div>\n\t\t\t<div class=\"wd-btn-arrow wd-next\">\n\t\t\t\t<div class=\"wd-arrow-inner\"><\/div>\n\t\t\t<\/div>\n\t\t<\/div>\n\t\t\t\t\t\t\t\t\t\t\t<\/div>\n\n\t\t\t\t\t\t\t\t\t\t\t<\/div>\n\t\t<\/div><\/div><\/div><\/div><div class=\"vc_row wpb_row vc_row-fluid wd-rs-6377819b27d07\"><div class=\"wpb_column vc_column_container vc_col-sm-12 wd-rs-63514db6c5d19\"><div class=\"vc_column-inner vc_custom_1666272699823\"><div class=\"wpb_wrapper\">\n\t\t<div id=\"wd-693ffceb10b67\" class=\"title-wrapper wd-wpb wd-set-mb reset-last-child  wd-rs-693ffceb10b67 wd-title-color-default wd-title-style-default text-left vc_custom_1765801199842 wd-underline-colored\">\n\t\t\t\n\t\t\t<div class=\"liner-continer\">\n\t\t\t\t<h4 class=\"woodmart-title-container title  wd-font-weight- wd-fontsize-m\" >Drahtlose und RF-L\u00f6sungen<\/h4>\n\t\t\t\t\t\t\t<\/div>\n\t\t\t\n\t\t\t\n\t\t\t\n\t\t<\/div>\n\t\t\n\t\t\t\t<div id=\"wd-693ffce5aa9b5\" class=\"wd-text-block wd-wpb reset-last-child wd-rs-693ffce5aa9b5 text-left\">\n\t\t\t<article class=\"text-token-text-primary w-full focus:outline-none &#091;--shadow-height:45px&#093; has-data-writing-block:pointer-events-none has-data-writing-block:-mt-(--shadow-height) has-data-writing-block:pt-(--shadow-height) &#091;&amp;:has(&#091;data-writing-block&#093;)&gt;*&#093;:pointer-events-auto scroll-mt-&#091;calc(var(--header-height)+min(200px,max(70px,20svh)))&#093;\" dir=\"auto\" tabindex=\"-1\" data-turn-id=\"ef837c3d-8107-4690-90a2-851d8ff66c7a\" data-testid=\"conversation-turn-2\" data-scroll-anchor=\"false\" data-turn=\"assistant\">\n<div class=\"text-base my-auto mx-auto &#091;--thread-content-margin:--spacing(4)&#093; @w-sm\/main:&#091;--thread-content-margin:--spacing(6)&#093; @w-lg\/main:&#091;--thread-content-margin:--spacing(16)&#093; px-(--thread-content-margin)\">\n<div class=\"&#091;--thread-content-max-width:40rem&#093; @w-lg\/main:&#091;--thread-content-max-width:48rem&#093; mx-auto max-w-(--thread-content-max-width) flex-1 group\/turn-messages focus-visible:outline-hidden relative flex w-full min-w-0 flex-col agent-turn\" tabindex=\"-1\">\n<div class=\"flex max-w-full flex-col grow\">\n<div class=\"min-h-8 text-message relative flex w-full flex-col items-end gap-2 text-start break-words whitespace-normal &#091;.text-message+&amp;&#093;:mt-1\" dir=\"auto\" data-message-author-role=\"assistant\" data-message-id=\"0d859a0e-b370-4790-8c61-0426cb3e22ec\" data-message-model-slug=\"gpt-5-2\">\n<div class=\"flex w-full flex-col gap-1 empty:hidden first:pt-&#091;1px&#093;\">\n<div class=\"markdown prose dark:prose-invert w-full break-words light markdown-new-styling\">\n<p data-start=\"0\" data-end=\"463\" data-is-last-node=\"\" data-is-only-node=\"\">Wir bieten Komponenten zur Unterst\u00fctzung von RF- und Mikrowellen-Designherausforderungen, einschlie\u00dflich Signalintegrit\u00e4t, Rauschkontrolle und Leistungseffizienz. Zu den typischen Anwendungen geh\u00f6ren Antennen, RF-Frontends, Filter, Transceiver und unterst\u00fctzende passive und sch\u00fctzende Ger\u00e4te, die in IoT-Kommunikationshardware verwendet werden.<\/p>\n<\/div>\n<\/div>\n<\/div>\n<\/div>\n<\/div>\n<\/div>\n<\/article>\n<article class=\"text-token-text-primary w-full focus:outline-none &#091;--shadow-height:45px&#093; has-data-writing-block:pointer-events-none has-data-writing-block:-mt-(--shadow-height) has-data-writing-block:pt-(--shadow-height) &#091;&amp;:has(&#091;data-writing-block&#093;)&gt;*&#093;:pointer-events-auto scroll-mt-(--header-height)\" dir=\"auto\" tabindex=\"-1\" data-turn-id=\"667e5748-dcd9-406a-8a29-e58d6677d5ab\" data-testid=\"conversation-turn-3\" data-scroll-anchor=\"false\" data-turn=\"user\"><\/article>\n<p>\u00a0<\/p>\n\t\t<\/div>\n\t\t\t\t<div id=\"wd-694002bcdea1b\" class=\"wd-image wd-wpb wd-rs-694002bcdea1b text-center vc_custom_1765802758590\">\n\t\t\t\n\t\t\t<img loading=\"lazy\" decoding=\"async\" width=\"600\" height=\"444\" src=\"https:\/\/www.lxbchip.com\/wp-content\/uploads\/2025\/12\/5G-high-.jpg\" class=\"attachment-600x444 size-600x444\" alt=\"\" srcset=\"https:\/\/www.lxbchip.com\/wp-content\/uploads\/2025\/12\/5G-high-.jpg 600w, https:\/\/www.lxbchip.com\/wp-content\/uploads\/2025\/12\/5G-high--150x111.jpg 150w, https:\/\/www.lxbchip.com\/wp-content\/uploads\/2025\/12\/5G-high--300x222.jpg 300w, https:\/\/www.lxbchip.com\/wp-content\/uploads\/2025\/12\/5G-high--16x12.jpg 16w\" sizes=\"auto, (max-width: 600px) 100vw, 600px\" \/>\n\t\t\t\t\t<\/div>\n\t\t\n\t\t<div id=\"wd-693ffd671754e\" class=\"title-wrapper wd-wpb wd-set-mb reset-last-child  wd-rs-693ffd671754e wd-title-color-default wd-title-style-default text-left vc_custom_1765801337153 wd-underline-colored\">\n\t\t\t\n\t\t\t<div class=\"liner-continer\">\n\t\t\t\t<h4 class=\"woodmart-title-container title  wd-font-weight- wd-fontsize-m\" >Software, Dienstleistungen, KI und Edge Intelligence<\/h4>\n\t\t\t\t\t\t\t<\/div>\n\t\t\t\n\t\t\t\n\t\t\t\n\t\t<\/div>\n\t\t\n\t\t\t\t<div id=\"wd-693ffd604f490\" class=\"wd-text-block wd-wpb reset-last-child wd-rs-693ffd604f490 text-left\">\n\t\t\t<p>IoT-Systeme integrieren zunehmend eingebettete Verarbeitung und intelligente Steuerung. Wir unterst\u00fctzen Hardware-Plattformen f\u00fcr Edge-Computing, Ger\u00e4temanagement und Datenerfassungssysteme, die einen stabilen Betrieb f\u00fcr KI-gest\u00fctzte \u00dcberwachung, Automatisierung und Entscheidungsfindung auf Ger\u00e4teebene erm\u00f6glichen.<\/p>\n\t\t<\/div>\n\t\t\t\t<div id=\"gallery_724\" class=\"wd-images-gallery wd-wpb wd-rs-693fb75d8471e vc_custom_1765783391617 photoswipe-images\" style=\"--wd-justify-content:center;--wd-align-items:center;\">\n\t\t\t\n\t\t\t<div class=\"wd-grid-g\" style=\"--wd-col-lg:3;--wd-col-md:3;--wd-col-sm:1;--wd-gap-lg:20px;--wd-gap-sm:10px;\">\n\t\t\t\t\n\t\t\t\t\t\t\t\t\t\t\t\t\t\n\t\t\t\t\t\t\t<\/div>\n\n\t\t\t\t\t<\/div>\n\t\t<\/div><\/div><\/div><\/div><div class=\"vc_row wpb_row vc_row-fluid vc_custom_1628576405426 wd-rs-61121a910fc4f\"><div class=\"wpb_column vc_column_container vc_col-sm-4 vc_col-lg-4 vc_col-md-4 vc_col-xs-12 wd-rs-61121a8376dee\"><div class=\"vc_column-inner vc_custom_1628576391085\"><div class=\"wpb_wrapper\">\t\t<div class=\"promo-banner-wrapper  wd-rs-69400367be2af  wd-width-custom\">\n\t\t\t<div id=\"wd-69400367be2af\" class=\"promo-banner  banner-background banner-hover-parallax color-scheme-dark banner-btn-size-small banner-btn-style-link  wd-with-link wd-underline-colored\">\n\t\t\t\t<div class=\"main-wrapp-img\">\n\t\t\t\t\t<div class=\"banner-image wd-bg-position-center\" >\n\t\t\t\t\t\t<img loading=\"lazy\" decoding=\"async\" width=\"300\" height=\"300\" src=\"https:\/\/www.lxbchip.com\/wp-content\/uploads\/2025\/12\/90-1-300x300.jpg\" class=\"attachment-300x300 size-300x300\" alt=\"\" \/>\t\t\t\t\t<\/div>\n\t\t\t\t<\/div>\n\n\t\t\t\t<div class=\"wrapper-content-banner wd-fill  wd-items-middle wd-justify-center\">\n\t\t\t\t\t<div class=\"content-banner  text-center\">\n\t\t\t\t\t\t<h4 class=\"banner-title wd-font-weight-400 wd-fontsize-l\">Qualit\u00e4tssicherung<\/h4>\t\t\t\t\t\t\t\t\t\t\t\t\t<div class=\"banner-inner reset-last-child wd-fontsize-xs\">\n\t\t\t\t\t\t\t\t<p><span style=\"color: #000000;\">Wir liefern authentische Komponenten von f\u00fchrenden Herstellern wie Xilinx, ADI, TI, NXP, Infineon, Microchip, ON, Vishay, Maxim\/Dallas, AVAGO und anderen. Jede Lieferung wird durch Qualit\u00e4tskontrollen und auf die Einhaltung von Vorschriften ausgerichtete Prozesse unterst\u00fctzt, um das Risiko bei der Beschaffung und Produktion zu verringern.<\/span><\/p>\n\t\t\t\t\t\t\t<\/div>\n\t\t\t\t\t\t\n\t\t\t\t\t\t\n\t\t\t\t\t\t\t\t\t\t\t<\/div>\n\t\t\t\t<\/div>\n\n\t\t\t\t\t\t\t\t\t<a class=\"wd-promo-banner-link wd-fill\" aria-label=\"Banner-Link\" href=\"#\" title=\"\"><\/a>\n\t\t\t\t\n\t\t\t\t\t\t\t<\/div>\n\t\t<\/div>\n\n\t\t<\/div><\/div><\/div><div class=\"wpb_column vc_column_container vc_col-sm-4 vc_col-lg-4 vc_col-md-4 vc_col-xs-12 wd-rs-61121a88c3793\"><div class=\"vc_column-inner vc_custom_1628576395208\"><div class=\"wpb_wrapper\">\t\t<div class=\"promo-banner-wrapper  wd-rs-694003842ed8e  wd-width-custom\">\n\t\t\t<div id=\"wd-694003842ed8e\" class=\"promo-banner  banner-background banner-hover-parallax color-scheme-dark banner-btn-size-small banner-btn-style-link  wd-with-link wd-underline-colored\">\n\t\t\t\t<div class=\"main-wrapp-img\">\n\t\t\t\t\t<div class=\"banner-image wd-bg-position-center\" >\n\t\t\t\t\t\t<img loading=\"lazy\" decoding=\"async\" width=\"300\" height=\"300\" src=\"https:\/\/www.lxbchip.com\/wp-content\/uploads\/2025\/12\/electronic--300x300.jpg\" class=\"attachment-300x300 size-300x300\" alt=\"\" \/>\t\t\t\t\t<\/div>\n\t\t\t\t<\/div>\n\n\t\t\t\t<div class=\"wrapper-content-banner wd-fill  wd-items-middle wd-justify-center\">\n\t\t\t\t\t<div class=\"content-banner  text-center\">\n\t\t\t\t\t\t<h4 class=\"banner-title wd-font-weight-400 wd-fontsize-l\">Technologien<\/h4>\t\t\t\t\t\t\t\t\t\t\t\t\t<div class=\"banner-inner reset-last-child wd-fontsize-xs\">\n\t\t\t\t\t\t\t\t<p><span style=\"color: #000000;\">LoRa, 5G, RF, KI-gest\u00fctzte Systeme<\/span><br \/>\n<span style=\"color: #000000;\">Smart Home Gateways und Sensoren<\/span><br \/>\n<span style=\"color: #000000;\">Drahtlose industrielle \u00dcberwachungssysteme<\/span><br \/>\n<span style=\"color: #000000;\">Wearables und tragbare Ger\u00e4te<\/span><br \/>\n<span style=\"color: #000000;\">Low-Power-Wide-Area-IoT-L\u00f6sungen (LPWAN)<\/span><br \/>\n<span style=\"color: #000000;\">Industrielles &amp; Edge IoT<\/span><\/p>\n\t\t\t\t\t\t\t<\/div>\n\t\t\t\t\t\t\n\t\t\t\t\t\t\n\t\t\t\t\t\t\t\t\t\t\t<\/div>\n\t\t\t\t<\/div>\n\n\t\t\t\t\t\t\t\t\t<a class=\"wd-promo-banner-link wd-fill\" aria-label=\"Banner-Link\" href=\"#\" title=\"\"><\/a>\n\t\t\t\t\n\t\t\t\t\t\t\t<\/div>\n\t\t<\/div>\n\n\t\t<\/div><\/div><\/div><div class=\"wpb_column vc_column_container vc_col-sm-4 vc_col-lg-4 vc_col-md-4 vc_col-xs-12 wd-rs-61121a8ce65d4\"><div class=\"vc_column-inner vc_custom_1628576399193\"><div class=\"wpb_wrapper\">\t\t<div class=\"promo-banner-wrapper  wd-rs-694003966e49f  wd-width-custom\">\n\t\t\t<div id=\"wd-694003966e49f\" class=\"promo-banner  banner-background banner-hover-parallax color-scheme-dark banner-btn-size-small banner-btn-style-link  wd-with-link wd-underline-colored\">\n\t\t\t\t<div class=\"main-wrapp-img\">\n\t\t\t\t\t<div class=\"banner-image wd-bg-position-center\" >\n\t\t\t\t\t\t<img loading=\"lazy\" decoding=\"async\" width=\"300\" height=\"300\" src=\"https:\/\/www.lxbchip.com\/wp-content\/uploads\/2025\/12\/around-city-300x300.jpg\" class=\"attachment-300x300 size-300x300\" alt=\"\" \/>\t\t\t\t\t<\/div>\n\t\t\t\t<\/div>\n\n\t\t\t\t<div class=\"wrapper-content-banner wd-fill  wd-items-middle wd-justify-center\">\n\t\t\t\t\t<div class=\"content-banner  text-center\">\n\t\t\t\t\t\t<h4 class=\"banner-title wd-font-weight-400 wd-fontsize-l\">Intelligente Konnektivit\u00e4t<\/h4>\t\t\t\t\t\t\t\t\t\t\t\t\t<div class=\"banner-inner reset-last-child wd-fontsize-xs\">\n\t\t\t\t\t\t\t\t<p><span style=\"color: #000000;\">Technologien: Wi-Fi, Bluetooth, LoRa, 5G, Matter<\/span><br \/>\n<span style=\"color: #000000;\">LXB Semicon unterst\u00fctzt IoT-Konnektivit\u00e4tsdesigns f\u00fcr Smart Homes, Industrieautomation, Asset Tracking und Unterhaltungselektronik. Wir helfen unseren Kunden bei der Auswahl geeigneter drahtloser Module, MCUs, RF-Komponenten und Stromversorgungsger\u00e4te, um eine stabile Leistung, einen niedrigen Stromverbrauch und eine langfristige Verf\u00fcgbarkeit zu gew\u00e4hrleisten.<\/span><\/p>\n\t\t\t\t\t\t\t<\/div>\n\t\t\t\t\t\t\n\t\t\t\t\t\t\n\t\t\t\t\t\t\t\t\t\t\t<\/div>\n\t\t\t\t<\/div>\n\n\t\t\t\t\t\t\t\t\t<a class=\"wd-promo-banner-link wd-fill\" aria-label=\"Banner-Link\" href=\"#\" title=\"\"><\/a>\n\t\t\t\t\n\t\t\t\t\t\t\t<\/div>\n\t\t<\/div>\n\n\t\t<\/div><\/div><\/div><\/div><div class=\"vc_row wpb_row vc_row-fluid vc_custom_1765796077325 wd-rs-693fe8d77ff97\"><div class=\"wpb_column vc_column_container vc_col-sm-12\"><div class=\"vc_column-inner\"><div class=\"wpb_wrapper\">\n\t\t<div id=\"wd-693fff74822a0\" class=\"title-wrapper wd-wpb wd-set-mb reset-last-child  wd-rs-693fff74822a0 wd-title-color-default wd-title-style-underlined text-center  wd-underline-colored\">\n\t\t\t\t\t\t\t\n\t\t\t\t<div class=\"title-subtitle  subtitle-color-default font-default subtitle-style-default wd-font-weight- wd-fontsize-xs\">LXB Halbleiter<\/div>\n\t\t\t\n\t\t\t<div class=\"liner-continer\">\n\t\t\t\t<h4 class=\"woodmart-title-container title  wd-font-weight-600 wd-fontsize-l\" >Warum Ingenieure und Eink\u00e4ufer LXB Semicon w\u00e4hlen<\/h4>\n\t\t\t\t\t\t\t<\/div>\n\t\t\t\n\t\t\t\t\t\t\t<div class=\"title-after_title reset-last-child  wd-fontsize-xs\">* Autorisierte Qualit\u00e4tsbeschaffung von globalen IC-Marken<\/p>\n<p>* Erfahrene Qualit\u00e4tskontrolleure, die die Authentizit\u00e4t und R\u00fcckverfolgbarkeit sicherstellen<\/p>\n<p>* Flexible Unterst\u00fctzung der Lieferkette f\u00fcr Muster, Kleinserien und Massenproduktion<\/p>\n<p>* Engineering-orientierter Service, nicht nur Teilelieferung<\/p>\n<p>* Globale Kundenbetreuung im Einklang mit internationalen Compliance-Standards<\/p>\n<p>Mit einem professionellen Team im Elektronikzentrum von Shenzhen und einer strukturierten internen Organisation, die Vertrieb, Einkauf, Qualit\u00e4tskontrolle und Logistik abdeckt, ist LXB Semicon ein zuverl\u00e4ssiger Partner f\u00fcr Unternehmen, die IoT-Produkte f\u00fcr globale M\u00e4rkte entwickeln.<\/div>\n\t\t\t\n\t\t\t\n\t\t<\/div>\n\t\t\n\t\t<\/div><\/div><\/div><\/div>\n<\/div>","protected":false},"excerpt":{"rendered":"IoT Resource Solutions Trusted Electronic Components and Supply Chain Support for Connected Systems. Shenzhen Lianxinbang (LXB Semicon) Technology Co., Ltd.","protected":false},"author":1,"featured_media":0,"parent":0,"menu_order":0,"comment_status":"closed","ping_status":"closed","template":"","meta":{"_acf_changed":false,"footnotes":""},"class_list":["post-8539","page","type-page","status-publish","hentry"],"acf":[],"aioseo_notices":[],"_links":{"self":[{"href":"https:\/\/www.lxbchip.com\/de\/wp-json\/wp\/v2\/pages\/8539","targetHints":{"allow":["GET"]}}],"collection":[{"href":"https:\/\/www.lxbchip.com\/de\/wp-json\/wp\/v2\/pages"}],"about":[{"href":"https:\/\/www.lxbchip.com\/de\/wp-json\/wp\/v2\/types\/page"}],"author":[{"embeddable":true,"href":"https:\/\/www.lxbchip.com\/de\/wp-json\/wp\/v2\/users\/1"}],"replies":[{"embeddable":true,"href":"https:\/\/www.lxbchip.com\/de\/wp-json\/wp\/v2\/comments?post=8539"}],"version-history":[{"count":13,"href":"https:\/\/www.lxbchip.com\/de\/wp-json\/wp\/v2\/pages\/8539\/revisions"}],"predecessor-version":[{"id":8795,"href":"https:\/\/www.lxbchip.com\/de\/wp-json\/wp\/v2\/pages\/8539\/revisions\/8795"}],"wp:attachment":[{"href":"https:\/\/www.lxbchip.com\/de\/wp-json\/wp\/v2\/media?parent=8539"}],"curies":[{"name":"wp","href":"https:\/\/api.w.org\/{rel}","templated":true}]}}